{"id":8973,"date":"2025-06-24T13:26:58","date_gmt":"2025-06-24T11:26:58","guid":{"rendered":"https:\/\/motorcycle-audio.eu\/?post_type=product&#038;p=8973"},"modified":"2025-08-21T09:25:20","modified_gmt":"2025-08-21T07:25:20","slug":"radio-soundstream-reserve-whd14-con-kit-de-desbloqueo-whd-unloc-para-harley-davidson-road-glide-street-glide-electra-glide-2014","status":"publish","type":"product","link":"https:\/\/ha.dkonto.pl\/es\/tienda\/radios\/radio-soundstream-reserve-whd14-con-kit-de-desbloqueo-whd-unloc-para-harley-davidson-road-glide-street-glide-electra-glide-2014\/","title":{"rendered":"Radio Soundstream Reserve WHD14+ con kit de desbloqueo WHD.UNLOC para Harley Davidson Road Glide, Street Glide y Electra Glide (modelos 2014 en adelante)."},"content":{"rendered":"<h2>Radio Soundstream Reserve WHD14+: una radio moderna para motocicletas Harley-Davidson Road Glide, Street Glide y Electra Glide (modelos 2014 en adelante) con funci\u00f3n WHD.UNLOC.<\/h2>\n<h3>Kit completo con m\u00f3dulo Maestro Rr2: listo para su instalaci\u00f3n inmediata.<\/h3>\n<p>Al adquirir la radio Soundstream Reserve WHD14+, recibir\u00e1 un kit listo para instalar, dise\u00f1ado para motocicletas Harley-Davidson Touring a partir del modelo 2014. El dispositivo incorpora un m\u00f3dulo Maestro RR2 de alta calidad, que permite un control avanzado desde el manillar y la adquisici\u00f3n de datos de la unidad de control del motor (ECU) del veh\u00edculo. El uso de los conectores y puertos originales facilita la instalaci\u00f3n, sin necesidad de adaptadores adicionales ni modificaciones en el sistema el\u00e9ctrico.<\/p>\n<p>Si lo necesita, le proporcionamos asistencia t\u00e9cnica y ayuda con la instalaci\u00f3n para que pueda empezar a disfrutar de un sistema de audio moderno en su motocicleta de forma r\u00e1pida y sencilla.<\/p>\n<h3>Radio dedicada Soundstream Reserve WHD14+ para motocicletas Harley-Davidson Road Glide, Street Glide y Electra Glide<\/h3>\n<p>La radio Soundstream Reserve WHD14+ est\u00e1 dise\u00f1ada espec\u00edficamente para los motociclistas m\u00e1s exigentes. Totalmente compatible con los modelos Road Glide, Street Glide y Electra Glide de 2014 en adelante, ofrece el m\u00e1ximo nivel de integraci\u00f3n y funcionalidad. El sistema utiliza los puntos de montaje, conectores USB y antenas originales, lo que facilita y agiliza considerablemente la instalaci\u00f3n.<\/p>\n<h3>Calidad de imagen y sonido avanzada: pantalla t\u00e1ctil de 7 pulgadas y amplificador de 50 W<\/h3>\n<p>Equipada con una pantalla LCD capacitiva de 7 pulgadas, la radio ofrece im\u00e1genes n\u00edtidas y un acceso r\u00e1pido e intuitivo a todas las funciones. Un amplificador integrado de 50 W por canal y una impedancia estable de 2 ohmios proporciona un sonido claro y din\u00e1mico que mejorar\u00e1 la comodidad de cada viaje.<\/p>\n<h3>Integraci\u00f3n con smartphones y conectividad inal\u00e1mbrica Bluetooth<\/h3>\n<p>La radio Soundstream Reserve WHD14+ admite conexiones inal\u00e1mbricas con la computadora de a bordo, lo que permite la navegaci\u00f3n, el control de la m\u00fasica y el acceso a asistentes de voz (Siri y Google Assistant). Bluetooth permite reproducir m\u00fasica y controlar el audio c\u00f3modamente sin necesidad de cables, lo que aumenta la seguridad al volante.<\/p>\n<h3>Personalizaci\u00f3n y ajustes de sonido avanzados<\/h3>\n<p>Gracias a la posibilidad de cambiar el fondo de pantalla mediante archivos .jpg y .jpeg cargados por USB, puedes personalizar el dispositivo a tu gusto. Un ecualizador gr\u00e1fico de diez bandas con preajustes y opciones de personalizaci\u00f3n te permite ajustar el sonido con precisi\u00f3n seg\u00fan tus preferencias, mientras que la interfaz intuitiva facilita el uso de las funciones de audio.<\/p>\n<h3>Resistente a la intemperie: la radio soporta cualquier clima.<\/h3>\n<p>La radio Soundstream Reserve WHD14+ es resistente al agua, lo que garantiza un funcionamiento fiable incluso durante fuertes lluvias o al lavar la motocicleta. Su dise\u00f1o cumple con altos est\u00e1ndares de durabilidad sin sacrificar la est\u00e9tica ni la funcionalidad.<\/p>\n<h3>Instalaci\u00f3n sencilla en la ubicaci\u00f3n original con la opci\u00f3n de conservar los conectores de f\u00e1brica.<\/h3>\n<p>Utilizar la ubicaci\u00f3n de montaje de la radio de f\u00e1brica en tu motocicleta Harley elimina la necesidad de adaptadores adicionales. Tambi\u00e9n puedes conservar los conectores USB y las antenas de radio AM\/FM originales, lo que aumenta la comodidad y reduce el tiempo de instalaci\u00f3n.<\/p>\n<h3>Funciones avanzadas para usuarios exigentes<\/h3>\n<ul>\n<li>M\u00f3dulo Maestro Rr2 con integraci\u00f3n completa del sistema del veh\u00edculo y controles del volante.<\/li>\n<li>Lectura de par\u00e1metros como la temperatura, el nivel de combustible y otros datos del ECM<\/li>\n<li>Procesador DSP integrado y ecualizador de 13 bandas para un control de sonido preciso<\/li>\n<li>Compatibilidad con aplicaciones de streaming como YouTube Music y Spotify.<\/li>\n<li>La interfaz intuitiva te permite usar f\u00e1cilmente las funciones multimedia mientras conduces.<\/li>\n<\/ul>\n<h3>Invertir en una radio de alta gama para motocicletas Harley-Davidson<\/h3>\n<p>La radio Soundstream Reserve WHD14+ con el kit WHD.ULOCK es la soluci\u00f3n perfecta para los amantes de la m\u00fasica que desean escucharla en sus motocicletas Harley-Davidson Road Glide, Street Glide y Electra Glide (modelos 2014 en adelante) y que, adem\u00e1s, buscan una excelente calidad de sonido, una moderna integraci\u00f3n con smartphones y una instalaci\u00f3n sencilla. Fabricada por la marca estadounidense Soundstream, esta radio est\u00e1 dise\u00f1ada para tu motocicleta y mejora la comodidad de conducci\u00f3n gracias a sus funciones seguras y avanzadas.<\/p>\n<p><strong>Invierte en el sistema de audio Soundstream Reserve WHD14+ y disfruta de cada kil\u00f3metro de la ruta con el mejor sonido y comodidad.<\/strong><\/p>\n<p><strong>\u00a1C\u00f3mpralo ahora! \u00a1No esperes a que desaparezca!<\/strong><\/p>","protected":false},"excerpt":{"rendered":"<p>Radio Soundstream Reserve WHD14+ &#8211; nowoczesne radio do motocykli Harley-Davidson Road Glide, Street Glide, Electra Glide 2014+ z funkcj\u0105 WHD.UNLOC Kompletny zestaw z modu\u0142em Maestro Rr2 &#8211; gotowy do monta\u017cu od r\u0119ki Decyduj\u0105c si\u0119 na zakup Radia Soundstream Reserve WHD14+, otrzymujesz gotowy do natychmiastowego monta\u017cu zestaw dedykowany do motocykli Harley-Davidson Touring od rocznika 2014+. Urz\u0105dzenie&hellip; <\/p>\n<p class=\"link-more\"><a href=\"https:\/\/ha.dkonto.pl\/es\/tienda\/radios\/radio-soundstream-reserve-whd14-con-kit-de-desbloqueo-whd-unloc-para-harley-davidson-road-glide-street-glide-electra-glide-2014\/\" class=\"more-link\">Read More <span class=\"screen-reader-text\"> &#8222;Radio Soundstream Reserve WHD14+ z zestawem odblokowuj\u0105cym funkcje WHD.UNLOC do motocykli Harley Davidson Road Glide, Street Glide, Electra Glide 2014+&#8221;<\/span><\/a><\/p>","protected":false},"featured_media":8075,"comment_status":"closed","ping_status":"closed","template":"","meta":{"_acf_changed":false},"product_cat":[49],"product_tag":[92,91],"class_list":{"0":"post-8973","1":"product","2":"type-product","3":"status-publish","4":"has-post-thumbnail","6":"product_cat-radia","7":"product_tag-whd","8":"product_tag-whd14-unlock","10":"first","11":"instock","12":"taxable","13":"shipping-taxable","14":"purchasable","15":"product-type-simple"},"acf":[],"yoast_head":"<!-- This site is optimized with the Yoast SEO Premium plugin v25.1 (Yoast SEO v26.0) - https:\/\/yoast.com\/wordpress\/plugins\/seo\/ -->\n<title>Radio Soundstream Reserve WHD14+ do motocykli Harley<\/title>\n<meta name=\"description\" content=\"Soundstream Reserve WHD14+ To radio do Motocykli Harley-Davidson od 2014 roku w g\u00f3r\u0119. Idealny zamiennik dla oryginalnego radia.\" \/>\n<meta name=\"robots\" content=\"noindex, follow, max-snippet:-1, max-image-preview:large, max-video-preview:-1\" \/>\n<meta property=\"og:locale\" content=\"es_ES\" \/>\n<meta property=\"og:type\" content=\"article\" \/>\n<meta property=\"og:title\" content=\"Radio Soundstream Reserve WHD14+ z zestawem odblokowuj\u0105cym funkcje WHD.UNLOC do motocykli Harley Davidson Road Glide, Street Glide, Electra Glide 2014+\" \/>\n<meta property=\"og:description\" content=\"Soundstream Reserve WHD14+ To radio do Motocykli Harley-Davidson od 2014 roku w g\u00f3r\u0119. Idealny zamiennik dla oryginalnego radia.\" \/>\n<meta property=\"og:url\" content=\"https:\/\/motorcycle-audio.eu\/sklep\/radia\/radio-soundstream-reserve-whd14-z-zestawem-odblokowujacym-funkcje-whd-ulock-do-motocykli-harley-davidson-road-glide-street-glide-electra-glide-2014\/\" \/>\n<meta property=\"og:site_name\" content=\"Mefiu Motorcycle Audio\" \/>\n<meta property=\"article:publisher\" content=\"https:\/\/www.facebook.com\/HarleyDavidsonAudio\" \/>\n<meta property=\"article:modified_time\" content=\"2025-08-21T07:25:20+00:00\" \/>\n<meta property=\"og:image\" content=\"https:\/\/motorcycle-audio.eu\/wp-content\/uploads\/2024\/10\/WHD14_03-900x900-1.jpg\" \/>\n\t<meta property=\"og:image:width\" content=\"900\" \/>\n\t<meta property=\"og:image:height\" content=\"900\" \/>\n\t<meta property=\"og:image:type\" content=\"image\/jpeg\" \/>\n<meta name=\"twitter:card\" content=\"summary_large_image\" \/>\n<meta name=\"twitter:label1\" content=\"Est. reading time\" \/>\n\t<meta name=\"twitter:data1\" content=\"4 minutos\" \/>\n<script type=\"application\/ld+json\" class=\"yoast-schema-graph\">{\"@context\":\"https:\/\/schema.org\",\"@graph\":[{\"@type\":\"WebPage\",\"@id\":\"https:\/\/motorcycle-audio.eu\/sklep\/radia\/radio-soundstream-reserve-whd14-z-zestawem-odblokowujacym-funkcje-whd-ulock-do-motocykli-harley-davidson-road-glide-street-glide-electra-glide-2014\/\",\"url\":\"https:\/\/motorcycle-audio.eu\/sklep\/radia\/radio-soundstream-reserve-whd14-z-zestawem-odblokowujacym-funkcje-whd-ulock-do-motocykli-harley-davidson-road-glide-street-glide-electra-glide-2014\/\",\"name\":\"Radio Soundstream Reserve WHD14+ do motocykli Harley\",\"isPartOf\":{\"@id\":\"https:\/\/ha.dkonto.pl\/#website\"},\"primaryImageOfPage\":{\"@id\":\"https:\/\/motorcycle-audio.eu\/sklep\/radia\/radio-soundstream-reserve-whd14-z-zestawem-odblokowujacym-funkcje-whd-ulock-do-motocykli-harley-davidson-road-glide-street-glide-electra-glide-2014\/#primaryimage\"},\"image\":{\"@id\":\"https:\/\/motorcycle-audio.eu\/sklep\/radia\/radio-soundstream-reserve-whd14-z-zestawem-odblokowujacym-funkcje-whd-ulock-do-motocykli-harley-davidson-road-glide-street-glide-electra-glide-2014\/#primaryimage\"},\"thumbnailUrl\":\"https:\/\/ha.dkonto.pl\/wp-content\/uploads\/2024\/10\/WHD14_03-900x900-1.jpg\",\"datePublished\":\"2025-06-24T11:26:58+00:00\",\"dateModified\":\"2025-08-21T07:25:20+00:00\",\"description\":\"Soundstream Reserve WHD14+ To radio do Motocykli Harley-Davidson od 2014 roku w g\u00f3r\u0119. Idealny zamiennik dla oryginalnego radia.\",\"breadcrumb\":{\"@id\":\"https:\/\/motorcycle-audio.eu\/sklep\/radia\/radio-soundstream-reserve-whd14-z-zestawem-odblokowujacym-funkcje-whd-ulock-do-motocykli-harley-davidson-road-glide-street-glide-electra-glide-2014\/#breadcrumb\"},\"inLanguage\":\"es\",\"potentialAction\":[{\"@type\":\"ReadAction\",\"target\":[\"https:\/\/motorcycle-audio.eu\/sklep\/radia\/radio-soundstream-reserve-whd14-z-zestawem-odblokowujacym-funkcje-whd-ulock-do-motocykli-harley-davidson-road-glide-street-glide-electra-glide-2014\/\"]}]},{\"@type\":\"ImageObject\",\"inLanguage\":\"es\",\"@id\":\"https:\/\/motorcycle-audio.eu\/sklep\/radia\/radio-soundstream-reserve-whd14-z-zestawem-odblokowujacym-funkcje-whd-ulock-do-motocykli-harley-davidson-road-glide-street-glide-electra-glide-2014\/#primaryimage\",\"url\":\"https:\/\/ha.dkonto.pl\/wp-content\/uploads\/2024\/10\/WHD14_03-900x900-1.jpg\",\"contentUrl\":\"https:\/\/ha.dkonto.pl\/wp-content\/uploads\/2024\/10\/WHD14_03-900x900-1.jpg\",\"width\":900,\"height\":900},{\"@type\":\"BreadcrumbList\",\"@id\":\"https:\/\/motorcycle-audio.eu\/sklep\/radia\/radio-soundstream-reserve-whd14-z-zestawem-odblokowujacym-funkcje-whd-ulock-do-motocykli-harley-davidson-road-glide-street-glide-electra-glide-2014\/#breadcrumb\",\"itemListElement\":[{\"@type\":\"ListItem\",\"position\":1,\"name\":\"Strona g\u0142\u00f3wna\",\"item\":\"https:\/\/motorcycle-audio.eu\/\"},{\"@type\":\"ListItem\",\"position\":2,\"name\":\"Sklep\",\"item\":\"https:\/\/motorcycle-audio.eu\/sklep\/\"},{\"@type\":\"ListItem\",\"position\":3,\"name\":\"Radio Soundstream Reserve WHD14+ z zestawem odblokowuj\u0105cym funkcje WHD.UNLOC do motocykli Harley Davidson Road Glide, Street Glide, Electra Glide 2014+\"}]},{\"@type\":\"WebSite\",\"@id\":\"https:\/\/ha.dkonto.pl\/#website\",\"url\":\"https:\/\/ha.dkonto.pl\/\",\"name\":\"Mefiu Motorcycle Audio\",\"description\":\"Play it loud!\",\"publisher\":{\"@id\":\"https:\/\/ha.dkonto.pl\/#organization\"},\"potentialAction\":[{\"@type\":\"SearchAction\",\"target\":{\"@type\":\"EntryPoint\",\"urlTemplate\":\"https:\/\/ha.dkonto.pl\/?s={search_term_string}\"},\"query-input\":{\"@type\":\"PropertyValueSpecification\",\"valueRequired\":true,\"valueName\":\"search_term_string\"}}],\"inLanguage\":\"es\"},{\"@type\":\"Organization\",\"@id\":\"https:\/\/ha.dkonto.pl\/#organization\",\"name\":\"Mefiu Motorcycle Audio\",\"url\":\"https:\/\/ha.dkonto.pl\/\",\"logo\":{\"@type\":\"ImageObject\",\"inLanguage\":\"es\",\"@id\":\"https:\/\/ha.dkonto.pl\/#\/schema\/logo\/image\/\",\"url\":\"https:\/\/ha.dkonto.pl\/wp-content\/uploads\/2025\/05\/mefiu_logo.png\",\"contentUrl\":\"https:\/\/ha.dkonto.pl\/wp-content\/uploads\/2025\/05\/mefiu_logo.png\",\"width\":150,\"height\":150,\"caption\":\"Mefiu Motorcycle Audio\"},\"image\":{\"@id\":\"https:\/\/ha.dkonto.pl\/#\/schema\/logo\/image\/\"},\"sameAs\":[\"https:\/\/www.facebook.com\/HarleyDavidsonAudio\"]}]}<\/script>\n<!-- \/ Yoast SEO Premium plugin. -->","yoast_head_json":{"title":"Radio Soundstream Reserve WHD14+ para motocicletas Harley","description":"La Soundstream Reserve WHD14+ es una radio para motocicletas Harley-Davidson a partir de 2014. Es el reemplazo perfecto para la radio original.","robots":{"index":"noindex","follow":"follow","max-snippet":"max-snippet:-1","max-image-preview":"max-image-preview:large","max-video-preview":"max-video-preview:-1"},"og_locale":"es_ES","og_type":"article","og_title":"Radio Soundstream Reserve WHD14+ z zestawem odblokowuj\u0105cym funkcje WHD.UNLOC do motocykli Harley Davidson Road Glide, Street Glide, Electra Glide 2014+","og_description":"Soundstream Reserve WHD14+ To radio do Motocykli Harley-Davidson od 2014 roku w g\u00f3r\u0119. Idealny zamiennik dla oryginalnego radia.","og_url":"https:\/\/motorcycle-audio.eu\/sklep\/radia\/radio-soundstream-reserve-whd14-z-zestawem-odblokowujacym-funkcje-whd-ulock-do-motocykli-harley-davidson-road-glide-street-glide-electra-glide-2014\/","og_site_name":"Mefiu Motorcycle Audio","article_publisher":"https:\/\/www.facebook.com\/HarleyDavidsonAudio","article_modified_time":"2025-08-21T07:25:20+00:00","og_image":[{"width":900,"height":900,"url":"https:\/\/motorcycle-audio.eu\/wp-content\/uploads\/2024\/10\/WHD14_03-900x900-1.jpg","type":"image\/jpeg"}],"twitter_card":"summary_large_image","twitter_misc":{"Est. reading time":"4 minutos"},"schema":{"@context":"https:\/\/schema.org","@graph":[{"@type":"WebPage","@id":"https:\/\/motorcycle-audio.eu\/sklep\/radia\/radio-soundstream-reserve-whd14-z-zestawem-odblokowujacym-funkcje-whd-ulock-do-motocykli-harley-davidson-road-glide-street-glide-electra-glide-2014\/","url":"https:\/\/motorcycle-audio.eu\/sklep\/radia\/radio-soundstream-reserve-whd14-z-zestawem-odblokowujacym-funkcje-whd-ulock-do-motocykli-harley-davidson-road-glide-street-glide-electra-glide-2014\/","name":"Radio Soundstream Reserve WHD14+ para motocicletas Harley","isPartOf":{"@id":"https:\/\/ha.dkonto.pl\/#website"},"primaryImageOfPage":{"@id":"https:\/\/motorcycle-audio.eu\/sklep\/radia\/radio-soundstream-reserve-whd14-z-zestawem-odblokowujacym-funkcje-whd-ulock-do-motocykli-harley-davidson-road-glide-street-glide-electra-glide-2014\/#primaryimage"},"image":{"@id":"https:\/\/motorcycle-audio.eu\/sklep\/radia\/radio-soundstream-reserve-whd14-z-zestawem-odblokowujacym-funkcje-whd-ulock-do-motocykli-harley-davidson-road-glide-street-glide-electra-glide-2014\/#primaryimage"},"thumbnailUrl":"https:\/\/ha.dkonto.pl\/wp-content\/uploads\/2024\/10\/WHD14_03-900x900-1.jpg","datePublished":"2025-06-24T11:26:58+00:00","dateModified":"2025-08-21T07:25:20+00:00","description":"La Soundstream Reserve WHD14+ es una radio para motocicletas Harley-Davidson a partir de 2014. Es el reemplazo perfecto para la radio original.","breadcrumb":{"@id":"https:\/\/motorcycle-audio.eu\/sklep\/radia\/radio-soundstream-reserve-whd14-z-zestawem-odblokowujacym-funkcje-whd-ulock-do-motocykli-harley-davidson-road-glide-street-glide-electra-glide-2014\/#breadcrumb"},"inLanguage":"es","potentialAction":[{"@type":"ReadAction","target":["https:\/\/motorcycle-audio.eu\/sklep\/radia\/radio-soundstream-reserve-whd14-z-zestawem-odblokowujacym-funkcje-whd-ulock-do-motocykli-harley-davidson-road-glide-street-glide-electra-glide-2014\/"]}]},{"@type":"ImageObject","inLanguage":"es","@id":"https:\/\/motorcycle-audio.eu\/sklep\/radia\/radio-soundstream-reserve-whd14-z-zestawem-odblokowujacym-funkcje-whd-ulock-do-motocykli-harley-davidson-road-glide-street-glide-electra-glide-2014\/#primaryimage","url":"https:\/\/ha.dkonto.pl\/wp-content\/uploads\/2024\/10\/WHD14_03-900x900-1.jpg","contentUrl":"https:\/\/ha.dkonto.pl\/wp-content\/uploads\/2024\/10\/WHD14_03-900x900-1.jpg","width":900,"height":900},{"@type":"BreadcrumbList","@id":"https:\/\/motorcycle-audio.eu\/sklep\/radia\/radio-soundstream-reserve-whd14-z-zestawem-odblokowujacym-funkcje-whd-ulock-do-motocykli-harley-davidson-road-glide-street-glide-electra-glide-2014\/#breadcrumb","itemListElement":[{"@type":"ListItem","position":1,"name":"Strona g\u0142\u00f3wna","item":"https:\/\/motorcycle-audio.eu\/"},{"@type":"ListItem","position":2,"name":"Sklep","item":"https:\/\/motorcycle-audio.eu\/sklep\/"},{"@type":"ListItem","position":3,"name":"Radio Soundstream Reserve WHD14+ z zestawem odblokowuj\u0105cym funkcje WHD.UNLOC do motocykli Harley Davidson Road Glide, Street Glide, Electra Glide 2014+"}]},{"@type":"WebSite","@id":"https:\/\/ha.dkonto.pl\/#website","url":"https:\/\/ha.dkonto.pl\/","name":"Mefiu Motorcycle Audio","description":"Play it loud!","publisher":{"@id":"https:\/\/ha.dkonto.pl\/#organization"},"potentialAction":[{"@type":"SearchAction","target":{"@type":"EntryPoint","urlTemplate":"https:\/\/ha.dkonto.pl\/?s={search_term_string}"},"query-input":{"@type":"PropertyValueSpecification","valueRequired":true,"valueName":"search_term_string"}}],"inLanguage":"es"},{"@type":"Organization","@id":"https:\/\/ha.dkonto.pl\/#organization","name":"Mefiu Motorcycle Audio","url":"https:\/\/ha.dkonto.pl\/","logo":{"@type":"ImageObject","inLanguage":"es","@id":"https:\/\/ha.dkonto.pl\/#\/schema\/logo\/image\/","url":"https:\/\/ha.dkonto.pl\/wp-content\/uploads\/2025\/05\/mefiu_logo.png","contentUrl":"https:\/\/ha.dkonto.pl\/wp-content\/uploads\/2025\/05\/mefiu_logo.png","width":150,"height":150,"caption":"Mefiu Motorcycle Audio"},"image":{"@id":"https:\/\/ha.dkonto.pl\/#\/schema\/logo\/image\/"},"sameAs":["https:\/\/www.facebook.com\/HarleyDavidsonAudio"]}]}},"jetpack_sharing_enabled":true,"_links":{"self":[{"href":"https:\/\/ha.dkonto.pl\/es\/wp-json\/wp\/v2\/product\/8973","targetHints":{"allow":["GET"]}}],"collection":[{"href":"https:\/\/ha.dkonto.pl\/es\/wp-json\/wp\/v2\/product"}],"about":[{"href":"https:\/\/ha.dkonto.pl\/es\/wp-json\/wp\/v2\/types\/product"}],"replies":[{"embeddable":true,"href":"https:\/\/ha.dkonto.pl\/es\/wp-json\/wp\/v2\/comments?post=8973"}],"version-history":[{"count":3,"href":"https:\/\/ha.dkonto.pl\/es\/wp-json\/wp\/v2\/product\/8973\/revisions"}],"predecessor-version":[{"id":9403,"href":"https:\/\/ha.dkonto.pl\/es\/wp-json\/wp\/v2\/product\/8973\/revisions\/9403"}],"wp:featuredmedia":[{"embeddable":true,"href":"https:\/\/ha.dkonto.pl\/es\/wp-json\/wp\/v2\/media\/8075"}],"wp:attachment":[{"href":"https:\/\/ha.dkonto.pl\/es\/wp-json\/wp\/v2\/media?parent=8973"}],"wp:term":[{"taxonomy":"product_cat","embeddable":true,"href":"https:\/\/ha.dkonto.pl\/es\/wp-json\/wp\/v2\/product_cat?post=8973"},{"taxonomy":"product_tag","embeddable":true,"href":"https:\/\/ha.dkonto.pl\/es\/wp-json\/wp\/v2\/product_tag?post=8973"}],"curies":[{"name":"wp","href":"https:\/\/api.w.org\/{rel}","templated":true}]}}