{"id":8665,"date":"2025-05-20T10:46:52","date_gmt":"2025-05-20T08:46:52","guid":{"rendered":"https:\/\/motorcycle-audio.eu\/?post_type=product&#038;p=8665"},"modified":"2025-05-20T10:56:04","modified_gmt":"2025-05-20T08:56:04","slug":"intercom-cardo-packtalk-edge-single","status":"publish","type":"product","link":"https:\/\/ha.dkonto.pl\/es\/tienda\/intercoms\/intercom-cardo-packtalk-edge-single\/","title":{"rendered":"Intercom Cardo Packtalk Edge Single"},"content":{"rendered":"<p class=\"translation-block\"><strong>Descubre el Packtalk Edge<\/strong>: el intercomunicador de motocicleta m\u00e1s avanzado del mundo, equipado con la segunda generaci\u00f3n de la tecnolog\u00eda Dynamic Mesh Communication (DMC), que permite una comunicaci\u00f3n fluida entre <strong>hasta 15 motoristas a una distancia de hasta 8 km<\/strong>. Con funciones como creaci\u00f3n r\u00e1pida de grupos, conversaciones privadas y conexiones autorreparables, el intercomunicador se adapta a tu conducci\u00f3n, no al rev\u00e9s. El soporte magn\u00e9tico Air Mount permite una instalaci\u00f3n r\u00e1pida y segura de la unidad central, y gracias a su resistencia al agua con certificaci\u00f3n IP67, ning\u00fan clima le supone un desaf\u00edo.<\/p>\n<p class=\"translation-block\">Las <strong>potentes bocinas JBL de 40 mm<\/strong>, calibradas por expertos y respaldadas por un procesador de sonido mejorado y tres perfiles de audio, son las responsables de una experiencia sonora excepcional. El <strong>control por voz \u201cHey Cardo\u201d<\/strong> te permite manejar todas las funciones sin soltar el manillar. El ajuste autom\u00e1tico de volumen, la conectividad universal con otros dispositivos Bluetooth, la transmisi\u00f3n de m\u00fasica en streaming y la <strong>radio FM integrada<\/strong> garantizan el m\u00e1ximo confort y entretenimiento dondequiera que est\u00e9s.<\/p>\n<p class=\"translation-block\"><strong>Packtalk Edge<\/strong> tambi\u00e9n ofrece soluciones pr\u00e1cticas: carga r\u00e1pida mediante USB-C (20 minutos de carga = hasta 2 horas de conversaci\u00f3n), posibilidad de actualizar el software a trav\u00e9s de la aplicaci\u00f3n Cardo Connect y un c\u00f3modo dial de control. Todo ello en una construcci\u00f3n duradera y resistente al agua con una garant\u00eda de 3 a\u00f1os. Si buscas un equipo de clase premium, lo acabas de encontrar.<\/p>\n<table class=\"dn-product-specs-table\">\n<tbody>\n<tr>\n<td class=\"text-bold\" colspan=\"2\">General<\/td>\n<\/tr>\n<tr>\n<td>Compatibilidad<\/td>\n<td>compatible con la mayor\u00eda de los cascos del mercado<\/td>\n<\/tr>\n<tr>\n<td>Rango de temperatura de funcionamiento<\/td>\n<td>de -20\u00baC a 55\u00baC<\/td>\n<\/tr>\n<tr>\n<td>Radio FM<\/td>\n<td>\n<ul>\n<li>frecuencia 76-108 MHz<\/li>\n<li>RDS \u2013 Radio Data System<\/li>\n<li>Capacidad de programar 6 estaciones<\/li>\n<\/ul>\n<\/td>\n<\/tr>\n<tr>\n<td>Actualizaciones de software<\/td>\n<td>\n<ul>\n<li>actualizaci\u00f3n Over-the-Air<\/li>\n<li>Cable USB para actualizaci\u00f3n<\/li>\n<\/ul>\n<\/td>\n<\/tr>\n<tr>\n<td>Personalizaci\u00f3n del dispositivo<\/td>\n<td>Aplicaci\u00f3n Cardo Connect<\/td>\n<\/tr>\n<tr>\n<td class=\"text-bold\" colspan=\"2\">Intercom<\/td>\n<\/tr>\n<tr>\n<td>Alcance<\/td>\n<td>\n<ul>\n<li>Intercomunicador Bluetooth: de piloto a piloto hasta 1200 m<\/li>\n<li>tama\u00f1o del grupo: hasta 4 motoristas<\/li>\n<\/ul>\n<\/td>\n<\/tr>\n<tr>\n<td>Comunicaci\u00f3n<\/td>\n<td>\n<ul>\n<li>2 canales para conexi\u00f3n de tel\u00e9fono m\u00f3vil y GPS<\/li>\n<li>Tecnolog\u00eda DMC de segunda generaci\u00f3n<\/li>\n<li>Bluetooth 5.2<\/li>\n<li>Conectividad universal<\/li>\n<li>Compatible con la mayor\u00eda de las pantallas TFT<\/li>\n<\/ul>\n<\/td>\n<\/tr>\n<tr>\n<td>Intercom<\/td>\n<td>\n<ul class=\"m-0\">\n<li>Intercomunicador DMC de segunda generaci\u00f3n<\/li>\n<li>Funci\u00f3n de reconexi\u00f3n<\/li>\n<li>Intercomunicador Bluetooth con audio HD<\/li>\n<li>Intercomunicador Bluetooth universal<\/li>\n<li>Tama\u00f1o del grupo: hasta 15 motoristas<\/li>\n<li>Alcance piloto a piloto: hasta 1,6 km<\/li>\n<li>Alcance del grupo DMC: hasta 8 km<\/li>\n<\/ul>\n<\/td>\n<\/tr>\n<tr>\n<td>Interfaz<\/td>\n<td>\n<ul>\n<li>Control por voz<\/li>\n<li>Anuncios en varios idiomas<\/li>\n<\/ul>\n<\/td>\n<\/tr>\n<tr>\n<td>Unidad central<\/td>\n<td>\n<ul class=\"m-0\">\n<li>altura: 46 mm<\/li>\n<li>longitud: 84 mm<\/li>\n<li>anchura: 23 mm<\/li>\n<li>peso: 47 g<\/li>\n<\/ul>\n<\/td>\n<\/tr>\n<tr>\n<td>Audio<\/td>\n<td>\n<ul class=\"m-0\">\n<li>altavoces JBL: di\u00e1metro: 40 mm | ancho: 10 mm<\/li>\n<li>control autom\u00e1tico de volumen<\/li>\n<li>perfiles de audio JBL<\/li>\n<\/ul>\n<\/td>\n<\/tr>\n<tr>\n<td>Resistencia al agua<\/td>\n<td>totalmente impermeable<\/td>\n<\/tr>\n<tr>\n<td>Bater\u00eda<\/td>\n<td>\n<ul class=\"m-0\">\n<li>tiempo de conversaci\u00f3n: 13 horas<\/li>\n<li>tiempo de espera: 10 d\u00edas<\/li>\n<li>tiempo de carga: 2 horas<\/li>\n<li>velocidad de carga: 2 horas de tiempo de conversaci\u00f3n despu\u00e9s de 20 minutos de carga.<\/li>\n<\/ul>\n<\/td>\n<\/tr>\n<tr>\n<td>Certificados<\/td>\n<td>\n<ul class=\"m-0\">\n<li>CE<\/li>\n<li>FCC \/ IC<\/li>\n<li>SIG BT<\/li>\n<li>TELEC<\/li>\n<li>UKCA<\/li>\n<\/ul>\n<\/td>\n<\/tr>\n<\/tbody>\n<\/table>","protected":false},"excerpt":{"rendered":"<p class=\"translation-block\"><strong>Packtalk Edge<\/strong>: el intercomunicador de motocicleta m\u00e1s avanzado del mundo, equipado con la segunda generaci\u00f3n de la tecnolog\u00eda Dynamic Mesh Communication (DMC), que permite una comunicaci\u00f3n fluida entre hasta 15 motoristas a una distancia de hasta 8 km.<\/p>","protected":false},"featured_media":8679,"comment_status":"closed","ping_status":"closed","template":"","meta":{"_acf_changed":false},"product_cat":[84],"product_tag":[],"class_list":{"0":"post-8665","1":"product","2":"type-product","3":"status-publish","4":"has-post-thumbnail","6":"product_brand-cardo","7":"product_cat-interkomy","9":"first","10":"instock","11":"taxable","12":"shipping-taxable","13":"purchasable","14":"product-type-simple"},"acf":[],"yoast_head":"<!-- This site is optimized with the Yoast SEO Premium plugin v25.1 (Yoast SEO v26.0) - https:\/\/yoast.com\/wordpress\/plugins\/seo\/ -->\n<title>Interkom Cardo Packtalk Edge Single - Mefiu Motorcycle Audio<\/title>\n<meta name=\"robots\" content=\"noindex, follow, max-snippet:-1, max-image-preview:large, max-video-preview:-1\" \/>\n<meta property=\"og:locale\" content=\"es_ES\" \/>\n<meta property=\"og:type\" content=\"article\" \/>\n<meta property=\"og:title\" content=\"Interkom Cardo Packtalk Edge Single\" \/>\n<meta property=\"og:description\" content=\"Packtalk Edge \u2013 najnowocze\u015bniejszy interkom motocyklowy na \u015bwiecie, wyposa\u017cony w drug\u0105 generacj\u0119 technologii Dynamic Mesh Communication (DMC), kt\u00f3ra umo\u017cliwia p\u0142ynn\u0105 komunikacj\u0119 nawet 15 motocyklist\u00f3w na dystansie do 8 km.\" \/>\n<meta property=\"og:url\" content=\"https:\/\/motorcycle-audio.eu\/sklep\/interkomy\/interkom-cardo-packtalk-edge-single\/\" \/>\n<meta property=\"og:site_name\" content=\"Mefiu Motorcycle Audio\" \/>\n<meta property=\"article:publisher\" content=\"https:\/\/www.facebook.com\/HarleyDavidsonAudio\" \/>\n<meta property=\"article:modified_time\" content=\"2025-05-20T08:56:04+00:00\" \/>\n<meta property=\"og:image\" content=\"https:\/\/motorcycle-audio.eu\/wp-content\/uploads\/2025\/05\/edge_1.png\" \/>\n\t<meta property=\"og:image:width\" content=\"500\" \/>\n\t<meta property=\"og:image:height\" content=\"500\" \/>\n\t<meta property=\"og:image:type\" content=\"image\/png\" \/>\n<meta name=\"twitter:card\" content=\"summary_large_image\" \/>\n<meta name=\"twitter:label1\" content=\"Est. reading time\" \/>\n\t<meta name=\"twitter:data1\" content=\"3 minutos\" \/>\n<script type=\"application\/ld+json\" class=\"yoast-schema-graph\">{\"@context\":\"https:\/\/schema.org\",\"@graph\":[{\"@type\":\"WebPage\",\"@id\":\"https:\/\/motorcycle-audio.eu\/sklep\/interkomy\/interkom-cardo-packtalk-edge-single\/\",\"url\":\"https:\/\/motorcycle-audio.eu\/sklep\/interkomy\/interkom-cardo-packtalk-edge-single\/\",\"name\":\"Interkom Cardo Packtalk Edge Single - Mefiu Motorcycle Audio\",\"isPartOf\":{\"@id\":\"https:\/\/ha.dkonto.pl\/#website\"},\"primaryImageOfPage\":{\"@id\":\"https:\/\/motorcycle-audio.eu\/sklep\/interkomy\/interkom-cardo-packtalk-edge-single\/#primaryimage\"},\"image\":{\"@id\":\"https:\/\/motorcycle-audio.eu\/sklep\/interkomy\/interkom-cardo-packtalk-edge-single\/#primaryimage\"},\"thumbnailUrl\":\"https:\/\/ha.dkonto.pl\/wp-content\/uploads\/2025\/05\/edge_1.png\",\"datePublished\":\"2025-05-20T08:46:52+00:00\",\"dateModified\":\"2025-05-20T08:56:04+00:00\",\"breadcrumb\":{\"@id\":\"https:\/\/motorcycle-audio.eu\/sklep\/interkomy\/interkom-cardo-packtalk-edge-single\/#breadcrumb\"},\"inLanguage\":\"es\",\"potentialAction\":[{\"@type\":\"ReadAction\",\"target\":[\"https:\/\/motorcycle-audio.eu\/sklep\/interkomy\/interkom-cardo-packtalk-edge-single\/\"]}]},{\"@type\":\"ImageObject\",\"inLanguage\":\"es\",\"@id\":\"https:\/\/motorcycle-audio.eu\/sklep\/interkomy\/interkom-cardo-packtalk-edge-single\/#primaryimage\",\"url\":\"https:\/\/ha.dkonto.pl\/wp-content\/uploads\/2025\/05\/edge_1.png\",\"contentUrl\":\"https:\/\/ha.dkonto.pl\/wp-content\/uploads\/2025\/05\/edge_1.png\",\"width\":500,\"height\":500,\"caption\":\"Interkom Cardo Packtalk Edge Single\"},{\"@type\":\"BreadcrumbList\",\"@id\":\"https:\/\/motorcycle-audio.eu\/sklep\/interkomy\/interkom-cardo-packtalk-edge-single\/#breadcrumb\",\"itemListElement\":[{\"@type\":\"ListItem\",\"position\":1,\"name\":\"Strona g\u0142\u00f3wna\",\"item\":\"https:\/\/motorcycle-audio.eu\/\"},{\"@type\":\"ListItem\",\"position\":2,\"name\":\"Sklep\",\"item\":\"https:\/\/motorcycle-audio.eu\/sklep\/\"},{\"@type\":\"ListItem\",\"position\":3,\"name\":\"Interkom Cardo Packtalk Edge Single\"}]},{\"@type\":\"WebSite\",\"@id\":\"https:\/\/ha.dkonto.pl\/#website\",\"url\":\"https:\/\/ha.dkonto.pl\/\",\"name\":\"Mefiu Motorcycle Audio\",\"description\":\"Play it loud!\",\"publisher\":{\"@id\":\"https:\/\/ha.dkonto.pl\/#organization\"},\"potentialAction\":[{\"@type\":\"SearchAction\",\"target\":{\"@type\":\"EntryPoint\",\"urlTemplate\":\"https:\/\/ha.dkonto.pl\/?s={search_term_string}\"},\"query-input\":{\"@type\":\"PropertyValueSpecification\",\"valueRequired\":true,\"valueName\":\"search_term_string\"}}],\"inLanguage\":\"es\"},{\"@type\":\"Organization\",\"@id\":\"https:\/\/ha.dkonto.pl\/#organization\",\"name\":\"Mefiu Motorcycle Audio\",\"url\":\"https:\/\/ha.dkonto.pl\/\",\"logo\":{\"@type\":\"ImageObject\",\"inLanguage\":\"es\",\"@id\":\"https:\/\/ha.dkonto.pl\/#\/schema\/logo\/image\/\",\"url\":\"https:\/\/ha.dkonto.pl\/wp-content\/uploads\/2025\/05\/mefiu_logo.png\",\"contentUrl\":\"https:\/\/ha.dkonto.pl\/wp-content\/uploads\/2025\/05\/mefiu_logo.png\",\"width\":150,\"height\":150,\"caption\":\"Mefiu Motorcycle Audio\"},\"image\":{\"@id\":\"https:\/\/ha.dkonto.pl\/#\/schema\/logo\/image\/\"},\"sameAs\":[\"https:\/\/www.facebook.com\/HarleyDavidsonAudio\"]}]}<\/script>\n<!-- \/ Yoast SEO Premium plugin. -->","yoast_head_json":{"title":"Intercom Cardo Packtalk Edge Single - Mefiu Motorcycle Audio","robots":{"index":"noindex","follow":"follow","max-snippet":"max-snippet:-1","max-image-preview":"max-image-preview:large","max-video-preview":"max-video-preview:-1"},"og_locale":"es_ES","og_type":"article","og_title":"Interkom Cardo Packtalk Edge Single","og_description":"Packtalk Edge \u2013 najnowocze\u015bniejszy interkom motocyklowy na \u015bwiecie, wyposa\u017cony w drug\u0105 generacj\u0119 technologii Dynamic Mesh Communication (DMC), kt\u00f3ra umo\u017cliwia p\u0142ynn\u0105 komunikacj\u0119 nawet 15 motocyklist\u00f3w na dystansie do 8 km.","og_url":"https:\/\/motorcycle-audio.eu\/sklep\/interkomy\/interkom-cardo-packtalk-edge-single\/","og_site_name":"Mefiu Motorcycle Audio","article_publisher":"https:\/\/www.facebook.com\/HarleyDavidsonAudio","article_modified_time":"2025-05-20T08:56:04+00:00","og_image":[{"width":500,"height":500,"url":"https:\/\/motorcycle-audio.eu\/wp-content\/uploads\/2025\/05\/edge_1.png","type":"image\/png"}],"twitter_card":"summary_large_image","twitter_misc":{"Est. reading time":"3 minutos"},"schema":{"@context":"https:\/\/schema.org","@graph":[{"@type":"WebPage","@id":"https:\/\/motorcycle-audio.eu\/sklep\/interkomy\/interkom-cardo-packtalk-edge-single\/","url":"https:\/\/motorcycle-audio.eu\/sklep\/interkomy\/interkom-cardo-packtalk-edge-single\/","name":"Intercom Cardo Packtalk Edge Single - Mefiu Motorcycle Audio","isPartOf":{"@id":"https:\/\/ha.dkonto.pl\/#website"},"primaryImageOfPage":{"@id":"https:\/\/motorcycle-audio.eu\/sklep\/interkomy\/interkom-cardo-packtalk-edge-single\/#primaryimage"},"image":{"@id":"https:\/\/motorcycle-audio.eu\/sklep\/interkomy\/interkom-cardo-packtalk-edge-single\/#primaryimage"},"thumbnailUrl":"https:\/\/ha.dkonto.pl\/wp-content\/uploads\/2025\/05\/edge_1.png","datePublished":"2025-05-20T08:46:52+00:00","dateModified":"2025-05-20T08:56:04+00:00","breadcrumb":{"@id":"https:\/\/motorcycle-audio.eu\/sklep\/interkomy\/interkom-cardo-packtalk-edge-single\/#breadcrumb"},"inLanguage":"es","potentialAction":[{"@type":"ReadAction","target":["https:\/\/motorcycle-audio.eu\/sklep\/interkomy\/interkom-cardo-packtalk-edge-single\/"]}]},{"@type":"ImageObject","inLanguage":"es","@id":"https:\/\/motorcycle-audio.eu\/sklep\/interkomy\/interkom-cardo-packtalk-edge-single\/#primaryimage","url":"https:\/\/ha.dkonto.pl\/wp-content\/uploads\/2025\/05\/edge_1.png","contentUrl":"https:\/\/ha.dkonto.pl\/wp-content\/uploads\/2025\/05\/edge_1.png","width":500,"height":500,"caption":"Interkom Cardo Packtalk Edge Single"},{"@type":"BreadcrumbList","@id":"https:\/\/motorcycle-audio.eu\/sklep\/interkomy\/interkom-cardo-packtalk-edge-single\/#breadcrumb","itemListElement":[{"@type":"ListItem","position":1,"name":"Strona g\u0142\u00f3wna","item":"https:\/\/motorcycle-audio.eu\/"},{"@type":"ListItem","position":2,"name":"Sklep","item":"https:\/\/motorcycle-audio.eu\/sklep\/"},{"@type":"ListItem","position":3,"name":"Interkom Cardo Packtalk Edge Single"}]},{"@type":"WebSite","@id":"https:\/\/ha.dkonto.pl\/#website","url":"https:\/\/ha.dkonto.pl\/","name":"Mefiu Motorcycle Audio","description":"Play it loud!","publisher":{"@id":"https:\/\/ha.dkonto.pl\/#organization"},"potentialAction":[{"@type":"SearchAction","target":{"@type":"EntryPoint","urlTemplate":"https:\/\/ha.dkonto.pl\/?s={search_term_string}"},"query-input":{"@type":"PropertyValueSpecification","valueRequired":true,"valueName":"search_term_string"}}],"inLanguage":"es"},{"@type":"Organization","@id":"https:\/\/ha.dkonto.pl\/#organization","name":"Mefiu Motorcycle Audio","url":"https:\/\/ha.dkonto.pl\/","logo":{"@type":"ImageObject","inLanguage":"es","@id":"https:\/\/ha.dkonto.pl\/#\/schema\/logo\/image\/","url":"https:\/\/ha.dkonto.pl\/wp-content\/uploads\/2025\/05\/mefiu_logo.png","contentUrl":"https:\/\/ha.dkonto.pl\/wp-content\/uploads\/2025\/05\/mefiu_logo.png","width":150,"height":150,"caption":"Mefiu Motorcycle Audio"},"image":{"@id":"https:\/\/ha.dkonto.pl\/#\/schema\/logo\/image\/"},"sameAs":["https:\/\/www.facebook.com\/HarleyDavidsonAudio"]}]}},"jetpack_sharing_enabled":true,"_links":{"self":[{"href":"https:\/\/ha.dkonto.pl\/es\/wp-json\/wp\/v2\/product\/8665","targetHints":{"allow":["GET"]}}],"collection":[{"href":"https:\/\/ha.dkonto.pl\/es\/wp-json\/wp\/v2\/product"}],"about":[{"href":"https:\/\/ha.dkonto.pl\/es\/wp-json\/wp\/v2\/types\/product"}],"replies":[{"embeddable":true,"href":"https:\/\/ha.dkonto.pl\/es\/wp-json\/wp\/v2\/comments?post=8665"}],"version-history":[{"count":2,"href":"https:\/\/ha.dkonto.pl\/es\/wp-json\/wp\/v2\/product\/8665\/revisions"}],"predecessor-version":[{"id":8725,"href":"https:\/\/ha.dkonto.pl\/es\/wp-json\/wp\/v2\/product\/8665\/revisions\/8725"}],"wp:featuredmedia":[{"embeddable":true,"href":"https:\/\/ha.dkonto.pl\/es\/wp-json\/wp\/v2\/media\/8679"}],"wp:attachment":[{"href":"https:\/\/ha.dkonto.pl\/es\/wp-json\/wp\/v2\/media?parent=8665"}],"wp:term":[{"taxonomy":"product_cat","embeddable":true,"href":"https:\/\/ha.dkonto.pl\/es\/wp-json\/wp\/v2\/product_cat?post=8665"},{"taxonomy":"product_tag","embeddable":true,"href":"https:\/\/ha.dkonto.pl\/es\/wp-json\/wp\/v2\/product_tag?post=8665"}],"curies":[{"name":"wp","href":"https:\/\/api.w.org\/{rel}","templated":true}]}}