{"id":8640,"date":"2025-05-20T10:40:56","date_gmt":"2025-05-20T08:40:56","guid":{"rendered":"https:\/\/motorcycle-audio.eu\/?post_type=product&#038;p=8640"},"modified":"2025-05-20T10:56:56","modified_gmt":"2025-05-20T08:56:56","slug":"intercom-cardo-spirit-hd-duo","status":"publish","type":"product","link":"https:\/\/ha.dkonto.pl\/es\/tienda\/intercoms\/intercom-cardo-spirit-hd-duo\/","title":{"rendered":"Intercom Cardo Spirit HD Duo"},"content":{"rendered":"<p class=\"translation-block\"><strong>Cardo Spirit HD<\/strong> es el sistema de comunicaci\u00f3n ideal para dos motoristas. El <strong>intercomunicador bidireccional con un alcance de hasta 600 m<\/strong> permite mantener conversaciones entre motociclistas, reproducir m\u00fasica, recibir indicaciones del GPS o escuchar la radio. <strong>Cardo Spirit HD<\/strong> puede conectarse con intercomunicadores de otras marcas. Est\u00e1 equipado con una funci\u00f3n de ajuste autom\u00e1tico del volumen seg\u00fan las condiciones del entorno. El intercomunicador es <strong>completamente resistente al agua<\/strong>.<\/p>\n<p class=\"translation-block\">Los <strong>altavoces HD de gran tama\u00f1o, de 40 mm de di\u00e1metro<\/strong>, junto con un procesador avanzado y tres perfiles de sonido, har\u00e1n que tu viaje est\u00e9 acompa\u00f1ado de una m\u00fasica de excelente calidad. Tambi\u00e9n puedes compartir la m\u00fasica con otros usuarios y convertir cualquier llamada telef\u00f3nica en una conversaci\u00f3n por intercomunicador. La <strong>radio integrada con soporte RDS<\/strong> encuentra la se\u00f1al m\u00e1s fuerte sin importar tu ubicaci\u00f3n.<\/p>\n<p>El intercomunicador se puede cargar mientras conduces. Solo necesitas utilizar un cargador de 12 V y encender el intercomunicador. Tras solo 20 minutos, podr\u00e1s mantener conversaciones de hasta 2 horas. Para obtener un control total, dispones de una aplicaci\u00f3n sencilla e intuitiva: \u2013 Cardo Connect.<\/p>\n<table class=\"dn-product-specs-table\">\n<tbody>\n<tr>\n<td class=\"text-bold\" colspan=\"2\">General<\/td>\n<\/tr>\n<tr>\n<td>Compatibilidad<\/td>\n<td>Universal<\/td>\n<\/tr>\n<tr>\n<td>Rango de temperatura de funcionamiento<\/td>\n<td>de -20\u00baC a 55\u00baC<\/td>\n<\/tr>\n<tr>\n<td>Radio FM<\/td>\n<td>\n<ul>\n<li>frecuencia 76-108 MHz<\/li>\n<li>RDS \u2013 Radio Data System<\/li>\n<li>Capacidad de programar 6 estaciones<\/li>\n<\/ul>\n<\/td>\n<\/tr>\n<tr>\n<td>Actualizaciones de software<\/td>\n<td>\n<ul>\n<li>actualizaci\u00f3n Over-the-Air<\/li>\n<li>Cable USB para actualizaci\u00f3n<\/li>\n<\/ul>\n<\/td>\n<\/tr>\n<tr>\n<td>Personalizaci\u00f3n del dispositivo<\/td>\n<td>Aplicaci\u00f3n Cardo Connect<\/td>\n<\/tr>\n<tr>\n<td class=\"text-bold\" colspan=\"2\">Intercom<\/td>\n<\/tr>\n<tr>\n<td>Comunicaci\u00f3n<\/td>\n<td>\n<ul>\n<li>2 canales para conexi\u00f3n de tel\u00e9fono m\u00f3vil y GPS<\/li>\n<li>Bluetooth 5.2<\/li>\n<li>conectividad universal<\/li>\n<li>Conectividad TFT<\/li>\n<\/ul>\n<\/td>\n<\/tr>\n<tr>\n<td>Intercom Live Bluetooth<\/td>\n<td>\n<ul class=\"m-0\">\n<li>intercom universal Bluetooth<\/li>\n<li>tama\u00f1o del grupo: hasta 2 motociclistas<\/li>\n<li>alcance conductor-conductor: hasta 600 m<\/li>\n<\/ul>\n<\/td>\n<\/tr>\n<tr>\n<td>Interfaz<\/td>\n<td>mensajes en muchos idiomas<\/td>\n<\/tr>\n<tr>\n<td>Unidad central<\/td>\n<td>\n<ul class=\"m-0\">\n<li>altura: 47 mm<\/li>\n<li>longitud: 78 mm<\/li>\n<li>ancho: 19 mm<\/li>\n<li>peso: 35 g<\/li>\n<\/ul>\n<\/td>\n<\/tr>\n<tr>\n<td>Audio<\/td>\n<td>\n<ul class=\"m-0\">\n<li>altavoces: di\u00e1metro: 40 mm | ancho: 10 mm<\/li>\n<li>control autom\u00e1tico de volumen<\/li>\n<li>Perfiles de audio HD<\/li>\n<\/ul>\n<\/td>\n<\/tr>\n<tr>\n<td>Resistencia al agua<\/td>\n<td>totalmente impermeable<\/td>\n<\/tr>\n<tr>\n<td>Bater\u00eda<\/td>\n<td>\n<ul class=\"m-0\">\n<li>tiempo de conversaci\u00f3n: 13 horas<\/li>\n<li>tiempo de espera: 10 d\u00edas<\/li>\n<li>tiempo de carga: 2 horas<\/li>\n<li>velocidad de carga: 2 horas de tiempo de conversaci\u00f3n despu\u00e9s de 20 minutos de carga.<\/li>\n<\/ul>\n<\/td>\n<\/tr>\n<tr>\n<td>Certificados<\/td>\n<td>\n<ul class=\"m-0\">\n<li>CE<\/li>\n<li>FCC \/ IC<\/li>\n<li>SIG BT<\/li>\n<li>TELEC<\/li>\n<li>UKCA<\/li>\n<\/ul>\n<\/td>\n<\/tr>\n<tr>\n<td>CARDO CONNECT<\/td>\n<td>La aplicaci\u00f3n Cardo Connect aprovecha al m\u00e1ximo el potencial de los dispositivos Cardo y permite un manejo intuitivo desde tu smartphone. Esto te permite realizar cambios cuando los necesites.<\/td>\n<\/tr>\n<\/tbody>\n<\/table>","protected":false},"excerpt":{"rendered":"<p>El sistema de comunicaci\u00f3n ideal para dos motoristas. Intercomunicador bidireccional con un alcance de hasta 600 m, equipado con altavoces de 40 mm, procesador de audio y tres perfiles de sonido. Juego de dos intercomunicadores.<\/p>","protected":false},"featured_media":8638,"comment_status":"closed","ping_status":"closed","template":"","meta":{"_acf_changed":false},"product_cat":[84],"product_tag":[],"class_list":{"0":"post-8640","1":"product","2":"type-product","3":"status-publish","4":"has-post-thumbnail","6":"product_brand-cardo","7":"product_cat-interkomy","9":"first","10":"instock","11":"taxable","12":"shipping-taxable","13":"purchasable","14":"product-type-simple"},"acf":[],"yoast_head":"<!-- This site is optimized with the Yoast SEO Premium plugin v25.1 (Yoast SEO v26.0) - https:\/\/yoast.com\/wordpress\/plugins\/seo\/ -->\n<title>Interkom Cardo Spirit HD Duo - Mefiu Motorcycle Audio<\/title>\n<meta name=\"robots\" content=\"noindex, follow, max-snippet:-1, max-image-preview:large, max-video-preview:-1\" \/>\n<meta property=\"og:locale\" content=\"es_ES\" \/>\n<meta property=\"og:type\" content=\"article\" \/>\n<meta property=\"og:title\" content=\"Interkom Cardo Spirit HD Duo\" \/>\n<meta property=\"og:description\" content=\"Idealny system komunikacji dla dw\u00f3ch motocyklist\u00f3w. Dwukierunkowy interkom o zasi\u0119gu do 600m, wyposa\u017cony w g\u0142o\u015bniki 40mm, procesor audio oraz 3 profile d\u017awi\u0119kowe. Zestaw dw\u00f3ch interkom\u00f3w.\" \/>\n<meta property=\"og:url\" content=\"https:\/\/motorcycle-audio.eu\/sklep\/interkomy\/interkom-cardo-spirit-hd-duo\/\" \/>\n<meta property=\"og:site_name\" content=\"Mefiu Motorcycle Audio\" \/>\n<meta property=\"article:publisher\" content=\"https:\/\/www.facebook.com\/HarleyDavidsonAudio\" \/>\n<meta property=\"article:modified_time\" content=\"2025-05-20T08:56:56+00:00\" \/>\n<meta property=\"og:image\" content=\"https:\/\/motorcycle-audio.eu\/wp-content\/uploads\/2025\/05\/cardo_spirit_hd_duo.png\" \/>\n\t<meta property=\"og:image:width\" content=\"500\" \/>\n\t<meta property=\"og:image:height\" content=\"500\" \/>\n\t<meta property=\"og:image:type\" content=\"image\/png\" \/>\n<meta name=\"twitter:card\" content=\"summary_large_image\" \/>\n<meta name=\"twitter:label1\" content=\"Est. reading time\" \/>\n\t<meta name=\"twitter:data1\" content=\"2 minutos\" \/>\n<script type=\"application\/ld+json\" class=\"yoast-schema-graph\">{\"@context\":\"https:\/\/schema.org\",\"@graph\":[{\"@type\":\"WebPage\",\"@id\":\"https:\/\/motorcycle-audio.eu\/sklep\/interkomy\/interkom-cardo-spirit-hd-duo\/\",\"url\":\"https:\/\/motorcycle-audio.eu\/sklep\/interkomy\/interkom-cardo-spirit-hd-duo\/\",\"name\":\"Interkom Cardo Spirit HD Duo - Mefiu Motorcycle Audio\",\"isPartOf\":{\"@id\":\"https:\/\/ha.dkonto.pl\/#website\"},\"primaryImageOfPage\":{\"@id\":\"https:\/\/motorcycle-audio.eu\/sklep\/interkomy\/interkom-cardo-spirit-hd-duo\/#primaryimage\"},\"image\":{\"@id\":\"https:\/\/motorcycle-audio.eu\/sklep\/interkomy\/interkom-cardo-spirit-hd-duo\/#primaryimage\"},\"thumbnailUrl\":\"https:\/\/ha.dkonto.pl\/wp-content\/uploads\/2025\/05\/cardo_spirit_hd_duo.png\",\"datePublished\":\"2025-05-20T08:40:56+00:00\",\"dateModified\":\"2025-05-20T08:56:56+00:00\",\"breadcrumb\":{\"@id\":\"https:\/\/motorcycle-audio.eu\/sklep\/interkomy\/interkom-cardo-spirit-hd-duo\/#breadcrumb\"},\"inLanguage\":\"es\",\"potentialAction\":[{\"@type\":\"ReadAction\",\"target\":[\"https:\/\/motorcycle-audio.eu\/sklep\/interkomy\/interkom-cardo-spirit-hd-duo\/\"]}]},{\"@type\":\"ImageObject\",\"inLanguage\":\"es\",\"@id\":\"https:\/\/motorcycle-audio.eu\/sklep\/interkomy\/interkom-cardo-spirit-hd-duo\/#primaryimage\",\"url\":\"https:\/\/ha.dkonto.pl\/wp-content\/uploads\/2025\/05\/cardo_spirit_hd_duo.png\",\"contentUrl\":\"https:\/\/ha.dkonto.pl\/wp-content\/uploads\/2025\/05\/cardo_spirit_hd_duo.png\",\"width\":500,\"height\":500,\"caption\":\"Interkom Cardo Spirit HD DUO\"},{\"@type\":\"BreadcrumbList\",\"@id\":\"https:\/\/motorcycle-audio.eu\/sklep\/interkomy\/interkom-cardo-spirit-hd-duo\/#breadcrumb\",\"itemListElement\":[{\"@type\":\"ListItem\",\"position\":1,\"name\":\"Strona g\u0142\u00f3wna\",\"item\":\"https:\/\/motorcycle-audio.eu\/\"},{\"@type\":\"ListItem\",\"position\":2,\"name\":\"Sklep\",\"item\":\"https:\/\/motorcycle-audio.eu\/sklep\/\"},{\"@type\":\"ListItem\",\"position\":3,\"name\":\"Interkom Cardo Spirit HD Duo\"}]},{\"@type\":\"WebSite\",\"@id\":\"https:\/\/ha.dkonto.pl\/#website\",\"url\":\"https:\/\/ha.dkonto.pl\/\",\"name\":\"Mefiu Motorcycle Audio\",\"description\":\"Play it loud!\",\"publisher\":{\"@id\":\"https:\/\/ha.dkonto.pl\/#organization\"},\"potentialAction\":[{\"@type\":\"SearchAction\",\"target\":{\"@type\":\"EntryPoint\",\"urlTemplate\":\"https:\/\/ha.dkonto.pl\/?s={search_term_string}\"},\"query-input\":{\"@type\":\"PropertyValueSpecification\",\"valueRequired\":true,\"valueName\":\"search_term_string\"}}],\"inLanguage\":\"es\"},{\"@type\":\"Organization\",\"@id\":\"https:\/\/ha.dkonto.pl\/#organization\",\"name\":\"Mefiu Motorcycle Audio\",\"url\":\"https:\/\/ha.dkonto.pl\/\",\"logo\":{\"@type\":\"ImageObject\",\"inLanguage\":\"es\",\"@id\":\"https:\/\/ha.dkonto.pl\/#\/schema\/logo\/image\/\",\"url\":\"https:\/\/ha.dkonto.pl\/wp-content\/uploads\/2025\/05\/mefiu_logo.png\",\"contentUrl\":\"https:\/\/ha.dkonto.pl\/wp-content\/uploads\/2025\/05\/mefiu_logo.png\",\"width\":150,\"height\":150,\"caption\":\"Mefiu Motorcycle Audio\"},\"image\":{\"@id\":\"https:\/\/ha.dkonto.pl\/#\/schema\/logo\/image\/\"},\"sameAs\":[\"https:\/\/www.facebook.com\/HarleyDavidsonAudio\"]}]}<\/script>\n<!-- \/ Yoast SEO Premium plugin. -->","yoast_head_json":{"title":"Intercom Cardo Spirit HD Duo - Mefiu Motorcycle Audio","robots":{"index":"noindex","follow":"follow","max-snippet":"max-snippet:-1","max-image-preview":"max-image-preview:large","max-video-preview":"max-video-preview:-1"},"og_locale":"es_ES","og_type":"article","og_title":"Interkom Cardo Spirit HD Duo","og_description":"Idealny system komunikacji dla dw\u00f3ch motocyklist\u00f3w. Dwukierunkowy interkom o zasi\u0119gu do 600m, wyposa\u017cony w g\u0142o\u015bniki 40mm, procesor audio oraz 3 profile d\u017awi\u0119kowe. Zestaw dw\u00f3ch interkom\u00f3w.","og_url":"https:\/\/motorcycle-audio.eu\/sklep\/interkomy\/interkom-cardo-spirit-hd-duo\/","og_site_name":"Mefiu Motorcycle Audio","article_publisher":"https:\/\/www.facebook.com\/HarleyDavidsonAudio","article_modified_time":"2025-05-20T08:56:56+00:00","og_image":[{"width":500,"height":500,"url":"https:\/\/motorcycle-audio.eu\/wp-content\/uploads\/2025\/05\/cardo_spirit_hd_duo.png","type":"image\/png"}],"twitter_card":"summary_large_image","twitter_misc":{"Est. reading time":"2 minutos"},"schema":{"@context":"https:\/\/schema.org","@graph":[{"@type":"WebPage","@id":"https:\/\/motorcycle-audio.eu\/sklep\/interkomy\/interkom-cardo-spirit-hd-duo\/","url":"https:\/\/motorcycle-audio.eu\/sklep\/interkomy\/interkom-cardo-spirit-hd-duo\/","name":"Intercom Cardo Spirit HD Duo - Mefiu Motorcycle Audio","isPartOf":{"@id":"https:\/\/ha.dkonto.pl\/#website"},"primaryImageOfPage":{"@id":"https:\/\/motorcycle-audio.eu\/sklep\/interkomy\/interkom-cardo-spirit-hd-duo\/#primaryimage"},"image":{"@id":"https:\/\/motorcycle-audio.eu\/sklep\/interkomy\/interkom-cardo-spirit-hd-duo\/#primaryimage"},"thumbnailUrl":"https:\/\/ha.dkonto.pl\/wp-content\/uploads\/2025\/05\/cardo_spirit_hd_duo.png","datePublished":"2025-05-20T08:40:56+00:00","dateModified":"2025-05-20T08:56:56+00:00","breadcrumb":{"@id":"https:\/\/motorcycle-audio.eu\/sklep\/interkomy\/interkom-cardo-spirit-hd-duo\/#breadcrumb"},"inLanguage":"es","potentialAction":[{"@type":"ReadAction","target":["https:\/\/motorcycle-audio.eu\/sklep\/interkomy\/interkom-cardo-spirit-hd-duo\/"]}]},{"@type":"ImageObject","inLanguage":"es","@id":"https:\/\/motorcycle-audio.eu\/sklep\/interkomy\/interkom-cardo-spirit-hd-duo\/#primaryimage","url":"https:\/\/ha.dkonto.pl\/wp-content\/uploads\/2025\/05\/cardo_spirit_hd_duo.png","contentUrl":"https:\/\/ha.dkonto.pl\/wp-content\/uploads\/2025\/05\/cardo_spirit_hd_duo.png","width":500,"height":500,"caption":"Interkom Cardo Spirit HD DUO"},{"@type":"BreadcrumbList","@id":"https:\/\/motorcycle-audio.eu\/sklep\/interkomy\/interkom-cardo-spirit-hd-duo\/#breadcrumb","itemListElement":[{"@type":"ListItem","position":1,"name":"Strona g\u0142\u00f3wna","item":"https:\/\/motorcycle-audio.eu\/"},{"@type":"ListItem","position":2,"name":"Sklep","item":"https:\/\/motorcycle-audio.eu\/sklep\/"},{"@type":"ListItem","position":3,"name":"Interkom Cardo Spirit HD Duo"}]},{"@type":"WebSite","@id":"https:\/\/ha.dkonto.pl\/#website","url":"https:\/\/ha.dkonto.pl\/","name":"Mefiu Motorcycle Audio","description":"Play it loud!","publisher":{"@id":"https:\/\/ha.dkonto.pl\/#organization"},"potentialAction":[{"@type":"SearchAction","target":{"@type":"EntryPoint","urlTemplate":"https:\/\/ha.dkonto.pl\/?s={search_term_string}"},"query-input":{"@type":"PropertyValueSpecification","valueRequired":true,"valueName":"search_term_string"}}],"inLanguage":"es"},{"@type":"Organization","@id":"https:\/\/ha.dkonto.pl\/#organization","name":"Mefiu Motorcycle Audio","url":"https:\/\/ha.dkonto.pl\/","logo":{"@type":"ImageObject","inLanguage":"es","@id":"https:\/\/ha.dkonto.pl\/#\/schema\/logo\/image\/","url":"https:\/\/ha.dkonto.pl\/wp-content\/uploads\/2025\/05\/mefiu_logo.png","contentUrl":"https:\/\/ha.dkonto.pl\/wp-content\/uploads\/2025\/05\/mefiu_logo.png","width":150,"height":150,"caption":"Mefiu Motorcycle Audio"},"image":{"@id":"https:\/\/ha.dkonto.pl\/#\/schema\/logo\/image\/"},"sameAs":["https:\/\/www.facebook.com\/HarleyDavidsonAudio"]}]}},"jetpack_sharing_enabled":true,"_links":{"self":[{"href":"https:\/\/ha.dkonto.pl\/es\/wp-json\/wp\/v2\/product\/8640","targetHints":{"allow":["GET"]}}],"collection":[{"href":"https:\/\/ha.dkonto.pl\/es\/wp-json\/wp\/v2\/product"}],"about":[{"href":"https:\/\/ha.dkonto.pl\/es\/wp-json\/wp\/v2\/types\/product"}],"replies":[{"embeddable":true,"href":"https:\/\/ha.dkonto.pl\/es\/wp-json\/wp\/v2\/comments?post=8640"}],"version-history":[{"count":3,"href":"https:\/\/ha.dkonto.pl\/es\/wp-json\/wp\/v2\/product\/8640\/revisions"}],"predecessor-version":[{"id":8735,"href":"https:\/\/ha.dkonto.pl\/es\/wp-json\/wp\/v2\/product\/8640\/revisions\/8735"}],"wp:featuredmedia":[{"embeddable":true,"href":"https:\/\/ha.dkonto.pl\/es\/wp-json\/wp\/v2\/media\/8638"}],"wp:attachment":[{"href":"https:\/\/ha.dkonto.pl\/es\/wp-json\/wp\/v2\/media?parent=8640"}],"wp:term":[{"taxonomy":"product_cat","embeddable":true,"href":"https:\/\/ha.dkonto.pl\/es\/wp-json\/wp\/v2\/product_cat?post=8640"},{"taxonomy":"product_tag","embeddable":true,"href":"https:\/\/ha.dkonto.pl\/es\/wp-json\/wp\/v2\/product_tag?post=8640"}],"curies":[{"name":"wp","href":"https:\/\/api.w.org\/{rel}","templated":true}]}}