{"id":8474,"date":"2025-03-03T12:10:11","date_gmt":"2025-03-03T11:10:11","guid":{"rendered":"https:\/\/motorcycle-audio.eu\/?post_type=product&#038;p=8474"},"modified":"2025-03-22T09:54:07","modified_gmt":"2025-03-22T08:54:07","slug":"kit-de-montaje-de-altavoces-6x9-hertz-hd14h-para-alforjas-oem-harley-davidson-touring-2014","status":"publish","type":"product","link":"https:\/\/ha.dkonto.pl\/es\/tienda\/accesorios\/kits-de-recortes-para-alforjas\/kit-de-montaje-de-altavoces-6x9-hertz-hd14h-para-alforjas-oem-harley-davidson-touring-2014\/","title":{"rendered":"Kit de montaje de altavoces de 6\" y 9 Hz para alforjas originales Harley\u00ae Davidson\u00ae Touring 2014+"},"content":{"rendered":"<p>El kit de montaje de altavoces de 6\" de Hertz para maletas r\u00edgidas originales de Harley-Davidson Touring (modelos 2014 en adelante) permite instalar pr\u00e1cticamente cualquier altavoz en las tapas de las alforjas de f\u00e1brica. Dise\u00f1ado para motocicletas Harley-Davidson\u00ae seleccionadas de 2014 en adelante con tapas para maletas r\u00edgidas.<\/p>\n<p>Instalaci\u00f3n sin complicaciones<\/p>\n<p>La gu\u00eda de corte y el sistema de montaje, f\u00e1ciles de usar, permiten disfrutar de un sonido m\u00e1s potente sin necesidad de cambiar las alforjas ni pintar. El kit incluye toda la torniller\u00eda, las rejillas Hertz integradas y el cableado completo.<\/p>","protected":false},"excerpt":{"rendered":"<p>Zestaw do monta\u017cu g\u0142o\u015bnik\u00f3w 6&#215;9 w oryginalnych kufrach Harley Davidson Touring 2014+ Od firmy Hertz, umo\u017cliwia dodanie niemal dowolnych g\u0142o\u015bnik\u00f3w do fabrycznych pokryw kufr\u00f3w bocznych. Zaprojektowany dla wybranych motocykli Harley-Davidson\u00ae z roku 2014 i nowszych z twardymi kuframi. BEZPROBLEMOWA INSTALACJA Przyjazna dla instalatora prowadnica ci\u0119cia i uk\u0142ad mocowania pozwol\u0105 Ci cieszy\u0107 si\u0119 mocniejszym d\u017awi\u0119kiem bez&hellip; <\/p>\n<p class=\"link-more\"><a href=\"https:\/\/ha.dkonto.pl\/es\/tienda\/accesorios\/kits-de-recortes-para-alforjas\/kit-de-montaje-de-altavoces-6x9-hertz-hd14h-para-alforjas-oem-harley-davidson-touring-2014\/\" class=\"more-link\">Read More <span class=\"screen-reader-text\"> &#8222;Zestaw do monta\u017cu g\u0142o\u015bnik\u00f3w 6&#215;9 Hertz w oryginalnych kufrach Harley\u00ae Davidson\u00ae Touring 2014+&#8221;<\/span><\/a><\/p>","protected":false},"featured_media":8005,"comment_status":"closed","ping_status":"closed","template":"","meta":{"_acf_changed":false},"product_cat":[53,83],"product_tag":[],"class_list":{"0":"post-8474","1":"product","2":"type-product","3":"status-publish","4":"has-post-thumbnail","6":"product_brand-hertz","7":"product_cat-akcesoria","8":"product_cat-zestawy-do-wyciecia-w-kufrach","10":"first","11":"instock","12":"taxable","13":"shipping-taxable","14":"purchasable","15":"product-type-simple"},"acf":[],"yoast_head":"<!-- This site is optimized with the Yoast SEO Premium plugin v25.1 (Yoast SEO v26.0) - https:\/\/yoast.com\/wordpress\/plugins\/seo\/ -->\n<title>Zestaw do monta\u017cu g\u0142o\u015bnik\u00f3w 6x9 Hertz w oryginalnych kufrach Harley\u00ae Davidson\u00ae Touring 2014+ - Mefiu Motorcycle Audio<\/title>\n<meta name=\"robots\" content=\"noindex, follow, max-snippet:-1, max-image-preview:large, max-video-preview:-1\" \/>\n<meta property=\"og:locale\" content=\"es_ES\" \/>\n<meta property=\"og:type\" content=\"article\" \/>\n<meta property=\"og:title\" content=\"Zestaw do monta\u017cu g\u0142o\u015bnik\u00f3w 6x9 Hertz w oryginalnych kufrach Harley\u00ae Davidson\u00ae Touring 2014+\" \/>\n<meta property=\"og:description\" content=\"Zestaw do monta\u017cu g\u0142o\u015bnik\u00f3w 6&#215;9 w oryginalnych kufrach Harley Davidson Touring 2014+ Od firmy Hertz, umo\u017cliwia dodanie niemal dowolnych g\u0142o\u015bnik\u00f3w do fabrycznych pokryw kufr\u00f3w bocznych. Zaprojektowany dla wybranych motocykli Harley-Davidson\u00ae z roku 2014 i nowszych z twardymi kuframi. BEZPROBLEMOWA INSTALACJA Przyjazna dla instalatora prowadnica ci\u0119cia i uk\u0142ad mocowania pozwol\u0105 Ci cieszy\u0107 si\u0119 mocniejszym d\u017awi\u0119kiem bez&hellip; Read More &quot;Zestaw do monta\u017cu g\u0142o\u015bnik\u00f3w 6&#215;9 Hertz w oryginalnych kufrach Harley\u00ae Davidson\u00ae Touring 2014+&quot;\" \/>\n<meta property=\"og:url\" content=\"https:\/\/motorcycle-audio.eu\/sklep\/akcesoria\/zestawy-do-wyciecia-w-kufrach\/zestaw-do-montazu-glosnikow-6x9-hertz-hd14h-w-oryginalnych-kufrach-harley-davidson-touring-2014\/\" \/>\n<meta property=\"og:site_name\" content=\"Mefiu Motorcycle Audio\" \/>\n<meta property=\"article:publisher\" content=\"https:\/\/www.facebook.com\/HarleyDavidsonAudio\" \/>\n<meta property=\"article:modified_time\" content=\"2025-03-22T08:54:07+00:00\" \/>\n<meta property=\"og:image\" content=\"https:\/\/motorcycle-audio.eu\/wp-content\/uploads\/2024\/08\/Hertz-Lid-Kit.webp\" \/>\n\t<meta property=\"og:image:width\" content=\"1000\" \/>\n\t<meta property=\"og:image:height\" content=\"778\" \/>\n\t<meta property=\"og:image:type\" content=\"image\/webp\" \/>\n<meta name=\"twitter:card\" content=\"summary_large_image\" \/>\n<meta name=\"twitter:label1\" content=\"Est. reading time\" \/>\n\t<meta name=\"twitter:data1\" content=\"1 minuto\" \/>\n<script type=\"application\/ld+json\" class=\"yoast-schema-graph\">{\"@context\":\"https:\/\/schema.org\",\"@graph\":[{\"@type\":\"WebPage\",\"@id\":\"https:\/\/motorcycle-audio.eu\/sklep\/akcesoria\/zestawy-do-wyciecia-w-kufrach\/zestaw-do-montazu-glosnikow-6x9-hertz-hd14h-w-oryginalnych-kufrach-harley-davidson-touring-2014\/\",\"url\":\"https:\/\/motorcycle-audio.eu\/sklep\/akcesoria\/zestawy-do-wyciecia-w-kufrach\/zestaw-do-montazu-glosnikow-6x9-hertz-hd14h-w-oryginalnych-kufrach-harley-davidson-touring-2014\/\",\"name\":\"Zestaw do monta\u017cu g\u0142o\u015bnik\u00f3w 6x9 Hertz w oryginalnych kufrach Harley\u00ae Davidson\u00ae Touring 2014+ - Mefiu Motorcycle Audio\",\"isPartOf\":{\"@id\":\"https:\/\/ha.dkonto.pl\/#website\"},\"primaryImageOfPage\":{\"@id\":\"https:\/\/motorcycle-audio.eu\/sklep\/akcesoria\/zestawy-do-wyciecia-w-kufrach\/zestaw-do-montazu-glosnikow-6x9-hertz-hd14h-w-oryginalnych-kufrach-harley-davidson-touring-2014\/#primaryimage\"},\"image\":{\"@id\":\"https:\/\/motorcycle-audio.eu\/sklep\/akcesoria\/zestawy-do-wyciecia-w-kufrach\/zestaw-do-montazu-glosnikow-6x9-hertz-hd14h-w-oryginalnych-kufrach-harley-davidson-touring-2014\/#primaryimage\"},\"thumbnailUrl\":\"https:\/\/ha.dkonto.pl\/wp-content\/uploads\/2024\/08\/Hertz-Lid-Kit.webp\",\"datePublished\":\"2025-03-03T11:10:11+00:00\",\"dateModified\":\"2025-03-22T08:54:07+00:00\",\"breadcrumb\":{\"@id\":\"https:\/\/motorcycle-audio.eu\/sklep\/akcesoria\/zestawy-do-wyciecia-w-kufrach\/zestaw-do-montazu-glosnikow-6x9-hertz-hd14h-w-oryginalnych-kufrach-harley-davidson-touring-2014\/#breadcrumb\"},\"inLanguage\":\"es\",\"potentialAction\":[{\"@type\":\"ReadAction\",\"target\":[\"https:\/\/motorcycle-audio.eu\/sklep\/akcesoria\/zestawy-do-wyciecia-w-kufrach\/zestaw-do-montazu-glosnikow-6x9-hertz-hd14h-w-oryginalnych-kufrach-harley-davidson-touring-2014\/\"]}]},{\"@type\":\"ImageObject\",\"inLanguage\":\"es\",\"@id\":\"https:\/\/motorcycle-audio.eu\/sklep\/akcesoria\/zestawy-do-wyciecia-w-kufrach\/zestaw-do-montazu-glosnikow-6x9-hertz-hd14h-w-oryginalnych-kufrach-harley-davidson-touring-2014\/#primaryimage\",\"url\":\"https:\/\/ha.dkonto.pl\/wp-content\/uploads\/2024\/08\/Hertz-Lid-Kit.webp\",\"contentUrl\":\"https:\/\/ha.dkonto.pl\/wp-content\/uploads\/2024\/08\/Hertz-Lid-Kit.webp\",\"width\":1000,\"height\":778},{\"@type\":\"BreadcrumbList\",\"@id\":\"https:\/\/motorcycle-audio.eu\/sklep\/akcesoria\/zestawy-do-wyciecia-w-kufrach\/zestaw-do-montazu-glosnikow-6x9-hertz-hd14h-w-oryginalnych-kufrach-harley-davidson-touring-2014\/#breadcrumb\",\"itemListElement\":[{\"@type\":\"ListItem\",\"position\":1,\"name\":\"Strona g\u0142\u00f3wna\",\"item\":\"https:\/\/motorcycle-audio.eu\/\"},{\"@type\":\"ListItem\",\"position\":2,\"name\":\"Sklep\",\"item\":\"https:\/\/motorcycle-audio.eu\/sklep\/\"},{\"@type\":\"ListItem\",\"position\":3,\"name\":\"Zestaw do monta\u017cu g\u0142o\u015bnik\u00f3w 6&#215;9 Hertz w oryginalnych kufrach Harley\u00ae Davidson\u00ae Touring 2014+\"}]},{\"@type\":\"WebSite\",\"@id\":\"https:\/\/ha.dkonto.pl\/#website\",\"url\":\"https:\/\/ha.dkonto.pl\/\",\"name\":\"Mefiu Motorcycle Audio\",\"description\":\"Play it loud!\",\"publisher\":{\"@id\":\"https:\/\/ha.dkonto.pl\/#organization\"},\"potentialAction\":[{\"@type\":\"SearchAction\",\"target\":{\"@type\":\"EntryPoint\",\"urlTemplate\":\"https:\/\/ha.dkonto.pl\/?s={search_term_string}\"},\"query-input\":{\"@type\":\"PropertyValueSpecification\",\"valueRequired\":true,\"valueName\":\"search_term_string\"}}],\"inLanguage\":\"es\"},{\"@type\":\"Organization\",\"@id\":\"https:\/\/ha.dkonto.pl\/#organization\",\"name\":\"Mefiu Motorcycle Audio\",\"url\":\"https:\/\/ha.dkonto.pl\/\",\"logo\":{\"@type\":\"ImageObject\",\"inLanguage\":\"es\",\"@id\":\"https:\/\/ha.dkonto.pl\/#\/schema\/logo\/image\/\",\"url\":\"https:\/\/ha.dkonto.pl\/wp-content\/uploads\/2025\/05\/mefiu_logo.png\",\"contentUrl\":\"https:\/\/ha.dkonto.pl\/wp-content\/uploads\/2025\/05\/mefiu_logo.png\",\"width\":150,\"height\":150,\"caption\":\"Mefiu Motorcycle Audio\"},\"image\":{\"@id\":\"https:\/\/ha.dkonto.pl\/#\/schema\/logo\/image\/\"},\"sameAs\":[\"https:\/\/www.facebook.com\/HarleyDavidsonAudio\"]}]}<\/script>\n<!-- \/ Yoast SEO Premium plugin. -->","yoast_head_json":{"title":"Kit de montaje de altavoces Hertz 6x9 para maletas originales Harley\u00ae Davidson\u00ae Touring 2014+ - Mefiu Motorcycle Audio","robots":{"index":"noindex","follow":"follow","max-snippet":"max-snippet:-1","max-image-preview":"max-image-preview:large","max-video-preview":"max-video-preview:-1"},"og_locale":"es_ES","og_type":"article","og_title":"Zestaw do monta\u017cu g\u0142o\u015bnik\u00f3w 6x9 Hertz w oryginalnych kufrach Harley\u00ae Davidson\u00ae Touring 2014+","og_description":"Zestaw do monta\u017cu g\u0142o\u015bnik\u00f3w 6&#215;9 w oryginalnych kufrach Harley Davidson Touring 2014+ Od firmy Hertz, umo\u017cliwia dodanie niemal dowolnych g\u0142o\u015bnik\u00f3w do fabrycznych pokryw kufr\u00f3w bocznych. Zaprojektowany dla wybranych motocykli Harley-Davidson\u00ae z roku 2014 i nowszych z twardymi kuframi. BEZPROBLEMOWA INSTALACJA Przyjazna dla instalatora prowadnica ci\u0119cia i uk\u0142ad mocowania pozwol\u0105 Ci cieszy\u0107 si\u0119 mocniejszym d\u017awi\u0119kiem bez&hellip; Read More \"Zestaw do monta\u017cu g\u0142o\u015bnik\u00f3w 6&#215;9 Hertz w oryginalnych kufrach Harley\u00ae Davidson\u00ae Touring 2014+\"","og_url":"https:\/\/motorcycle-audio.eu\/sklep\/akcesoria\/zestawy-do-wyciecia-w-kufrach\/zestaw-do-montazu-glosnikow-6x9-hertz-hd14h-w-oryginalnych-kufrach-harley-davidson-touring-2014\/","og_site_name":"Mefiu Motorcycle Audio","article_publisher":"https:\/\/www.facebook.com\/HarleyDavidsonAudio","article_modified_time":"2025-03-22T08:54:07+00:00","og_image":[{"width":1000,"height":778,"url":"https:\/\/motorcycle-audio.eu\/wp-content\/uploads\/2024\/08\/Hertz-Lid-Kit.webp","type":"image\/webp"}],"twitter_card":"summary_large_image","twitter_misc":{"Est. reading time":"1 minuto"},"schema":{"@context":"https:\/\/schema.org","@graph":[{"@type":"WebPage","@id":"https:\/\/motorcycle-audio.eu\/sklep\/akcesoria\/zestawy-do-wyciecia-w-kufrach\/zestaw-do-montazu-glosnikow-6x9-hertz-hd14h-w-oryginalnych-kufrach-harley-davidson-touring-2014\/","url":"https:\/\/motorcycle-audio.eu\/sklep\/akcesoria\/zestawy-do-wyciecia-w-kufrach\/zestaw-do-montazu-glosnikow-6x9-hertz-hd14h-w-oryginalnych-kufrach-harley-davidson-touring-2014\/","name":"Kit de montaje de altavoces Hertz 6x9 para maletas originales Harley\u00ae Davidson\u00ae Touring 2014+ - Mefiu Motorcycle Audio","isPartOf":{"@id":"https:\/\/ha.dkonto.pl\/#website"},"primaryImageOfPage":{"@id":"https:\/\/motorcycle-audio.eu\/sklep\/akcesoria\/zestawy-do-wyciecia-w-kufrach\/zestaw-do-montazu-glosnikow-6x9-hertz-hd14h-w-oryginalnych-kufrach-harley-davidson-touring-2014\/#primaryimage"},"image":{"@id":"https:\/\/motorcycle-audio.eu\/sklep\/akcesoria\/zestawy-do-wyciecia-w-kufrach\/zestaw-do-montazu-glosnikow-6x9-hertz-hd14h-w-oryginalnych-kufrach-harley-davidson-touring-2014\/#primaryimage"},"thumbnailUrl":"https:\/\/ha.dkonto.pl\/wp-content\/uploads\/2024\/08\/Hertz-Lid-Kit.webp","datePublished":"2025-03-03T11:10:11+00:00","dateModified":"2025-03-22T08:54:07+00:00","breadcrumb":{"@id":"https:\/\/motorcycle-audio.eu\/sklep\/akcesoria\/zestawy-do-wyciecia-w-kufrach\/zestaw-do-montazu-glosnikow-6x9-hertz-hd14h-w-oryginalnych-kufrach-harley-davidson-touring-2014\/#breadcrumb"},"inLanguage":"es","potentialAction":[{"@type":"ReadAction","target":["https:\/\/motorcycle-audio.eu\/sklep\/akcesoria\/zestawy-do-wyciecia-w-kufrach\/zestaw-do-montazu-glosnikow-6x9-hertz-hd14h-w-oryginalnych-kufrach-harley-davidson-touring-2014\/"]}]},{"@type":"ImageObject","inLanguage":"es","@id":"https:\/\/motorcycle-audio.eu\/sklep\/akcesoria\/zestawy-do-wyciecia-w-kufrach\/zestaw-do-montazu-glosnikow-6x9-hertz-hd14h-w-oryginalnych-kufrach-harley-davidson-touring-2014\/#primaryimage","url":"https:\/\/ha.dkonto.pl\/wp-content\/uploads\/2024\/08\/Hertz-Lid-Kit.webp","contentUrl":"https:\/\/ha.dkonto.pl\/wp-content\/uploads\/2024\/08\/Hertz-Lid-Kit.webp","width":1000,"height":778},{"@type":"BreadcrumbList","@id":"https:\/\/motorcycle-audio.eu\/sklep\/akcesoria\/zestawy-do-wyciecia-w-kufrach\/zestaw-do-montazu-glosnikow-6x9-hertz-hd14h-w-oryginalnych-kufrach-harley-davidson-touring-2014\/#breadcrumb","itemListElement":[{"@type":"ListItem","position":1,"name":"Strona g\u0142\u00f3wna","item":"https:\/\/motorcycle-audio.eu\/"},{"@type":"ListItem","position":2,"name":"Sklep","item":"https:\/\/motorcycle-audio.eu\/sklep\/"},{"@type":"ListItem","position":3,"name":"Zestaw do monta\u017cu g\u0142o\u015bnik\u00f3w 6&#215;9 Hertz w oryginalnych kufrach Harley\u00ae Davidson\u00ae Touring 2014+"}]},{"@type":"WebSite","@id":"https:\/\/ha.dkonto.pl\/#website","url":"https:\/\/ha.dkonto.pl\/","name":"Mefiu Motorcycle Audio","description":"Play it loud!","publisher":{"@id":"https:\/\/ha.dkonto.pl\/#organization"},"potentialAction":[{"@type":"SearchAction","target":{"@type":"EntryPoint","urlTemplate":"https:\/\/ha.dkonto.pl\/?s={search_term_string}"},"query-input":{"@type":"PropertyValueSpecification","valueRequired":true,"valueName":"search_term_string"}}],"inLanguage":"es"},{"@type":"Organization","@id":"https:\/\/ha.dkonto.pl\/#organization","name":"Mefiu Motorcycle Audio","url":"https:\/\/ha.dkonto.pl\/","logo":{"@type":"ImageObject","inLanguage":"es","@id":"https:\/\/ha.dkonto.pl\/#\/schema\/logo\/image\/","url":"https:\/\/ha.dkonto.pl\/wp-content\/uploads\/2025\/05\/mefiu_logo.png","contentUrl":"https:\/\/ha.dkonto.pl\/wp-content\/uploads\/2025\/05\/mefiu_logo.png","width":150,"height":150,"caption":"Mefiu Motorcycle Audio"},"image":{"@id":"https:\/\/ha.dkonto.pl\/#\/schema\/logo\/image\/"},"sameAs":["https:\/\/www.facebook.com\/HarleyDavidsonAudio"]}]}},"jetpack_sharing_enabled":true,"_links":{"self":[{"href":"https:\/\/ha.dkonto.pl\/es\/wp-json\/wp\/v2\/product\/8474","targetHints":{"allow":["GET"]}}],"collection":[{"href":"https:\/\/ha.dkonto.pl\/es\/wp-json\/wp\/v2\/product"}],"about":[{"href":"https:\/\/ha.dkonto.pl\/es\/wp-json\/wp\/v2\/types\/product"}],"replies":[{"embeddable":true,"href":"https:\/\/ha.dkonto.pl\/es\/wp-json\/wp\/v2\/comments?post=8474"}],"version-history":[{"count":2,"href":"https:\/\/ha.dkonto.pl\/es\/wp-json\/wp\/v2\/product\/8474\/revisions"}],"predecessor-version":[{"id":8532,"href":"https:\/\/ha.dkonto.pl\/es\/wp-json\/wp\/v2\/product\/8474\/revisions\/8532"}],"wp:featuredmedia":[{"embeddable":true,"href":"https:\/\/ha.dkonto.pl\/es\/wp-json\/wp\/v2\/media\/8005"}],"wp:attachment":[{"href":"https:\/\/ha.dkonto.pl\/es\/wp-json\/wp\/v2\/media?parent=8474"}],"wp:term":[{"taxonomy":"product_cat","embeddable":true,"href":"https:\/\/ha.dkonto.pl\/es\/wp-json\/wp\/v2\/product_cat?post=8474"},{"taxonomy":"product_tag","embeddable":true,"href":"https:\/\/ha.dkonto.pl\/es\/wp-json\/wp\/v2\/product_tag?post=8474"}],"curies":[{"name":"wp","href":"https:\/\/api.w.org\/{rel}","templated":true}]}}