{"id":8171,"date":"2025-01-09T12:05:01","date_gmt":"2025-01-09T11:05:01","guid":{"rendered":"https:\/\/motorcycle-audio.eu\/?post_type=product&#038;p=8171"},"modified":"2025-01-09T12:12:49","modified_gmt":"2025-01-09T11:12:49","slug":"hertz-s8-dsp-para-motocicletas-harley-davidson","status":"publish","type":"product","link":"https:\/\/ha.dkonto.pl\/es\/tienda\/accesorios\/procesadores-dsp\/hertz-s8-dsp-para-motocicletas-harley-davidson\/","title":{"rendered":"Procesador digital DSP Hertz S8 para motocicletas Harley Davidson"},"content":{"rendered":"<p class=\"translation-block\"><strong>S8 DSP<\/strong> es una soluci\u00f3n innovadora para integrar fuentes de sonido de f\u00e1brica en proyectos de audio para autom\u00f3viles, motocicletas y embarcaciones. Este procesador de sonido ultracompacto es la esencia de la tecnolog\u00eda m\u00e1s avanzada, encerrada en una carcasa resistente a las condiciones meteorol\u00f3gicas, fabricada en metal y materiales compuestos.<\/p>\n<p><strong>Caracter\u00edsticas principales:<\/strong><\/p>\n<ul>\n<li class=\"translation-block\"><strong>Hi-Res Audio:<\/strong> certificaci\u00f3n JAS (Japan Audio Society) que confirma una calidad de sonido excepcional gracias al procesamiento de se\u00f1al en resoluci\u00f3n de 96 kHz \/ 24 bits.<\/li>\n<li class=\"translation-block\"><strong>Configuraci\u00f3n avanzada:<\/strong> 6 canales de entrada (de alto y bajo nivel), entrada digital SPDIF (coaxial) y 8 canales de salida.<\/li>\n<li class=\"translation-block\"><strong>Ajuste preciso:<\/strong> cada uno de los 8 canales de salida ofrece control de nivel, ecualizador param\u00e9trico de 15 bandas, retardos temporales y filtros de cruce.<\/li>\n<li class=\"translation-block\"><strong>Correcci\u00f3n OEM:<\/strong> el ecualizador param\u00e9trico de 7 bandas para la se\u00f1al de entrada permite obtener una respuesta de sonido plana, eliminando el exceso de realce en las frecuencias bajas t\u00edpico de las fuentes de audio de f\u00e1brica.<\/li>\n<li class=\"translation-block\"><strong>Versatilidad:<\/strong> ideal para conexiones digitales con reproductores Hi-Res, garantizando la m\u00e1xima calidad de sonido.<\/li>\n<\/ul>\n<p class=\"translation-block\"><strong>S8 DSP<\/strong> es la elecci\u00f3n perfecta para especialistas y entusiastas del audio que desean alcanzar la m\u00e1xima calidad de sonido en su motocicleta Harley-Davidson. \u00a1Combina tecnolog\u00eda y pasi\u00f3n, y disfruta de la m\u00fasica en un nivel completamente nuevo!<\/p>\n<p>P\u00f3ngase en contacto con nosotros para obtener m\u00e1s informaci\u00f3n sobre las capacidades de este dispositivo \u00fanico.<\/p>\n<p>&nbsp;<\/p>","protected":false},"excerpt":{"rendered":"<ul>\n<li class=\"translation-block\"><strong>Flexibilidad:<\/strong> ideal para motocicletas Harley-Davidson<\/li>\n<li class=\"translation-block\"><strong>Dise\u00f1o compacto:<\/strong> carcasa resistente a la corrosi\u00f3n<\/li>\n<li class=\"translation-block\"><strong>Hi-Res Audio:<\/strong> compatibilidad con se\u00f1al de 96 kHz \/ 24 bits con certificaci\u00f3n JAS.<\/li>\n<li class=\"translation-block\"><strong>DSP avanzado:<\/strong> procesador de 32 bits con configuraci\u00f3n de sonido precisa.<\/li>\n<li class=\"translation-block\"><strong>Multicanal:<\/strong> 6 entradas anal\u00f3gicas y 8 salidas con control total de los par\u00e1metros.<\/li>\n<\/ul>","protected":false},"featured_media":8180,"comment_status":"closed","ping_status":"closed","template":"","meta":{"_acf_changed":false},"product_cat":[64],"product_tag":[],"class_list":{"0":"post-8171","1":"product","2":"type-product","3":"status-publish","4":"has-post-thumbnail","6":"product_brand-hertz","7":"product_cat-procesory-dsp","9":"first","10":"instock","11":"taxable","12":"shipping-taxable","13":"purchasable","14":"product-type-simple"},"acf":[],"yoast_head":"<!-- This site is optimized with the Yoast SEO Premium plugin v25.1 (Yoast SEO v26.0) - https:\/\/yoast.com\/wordpress\/plugins\/seo\/ -->\n<title>DSP Procesor cyfrowy Hertz S8 do motocykli Harley Davidson - Mefiu Motorcycle Audio<\/title>\n<meta name=\"description\" content=\"Profesjonalne systemy audio dla motocykli Harley-Davidson \u2013 ulepsz swoje brzmienie dzi\u0119ki najwy\u017cszej jako\u015bci procesorowi d\u017awi\u0119ku S8 DSP. Hi-Res Audio, precyzyjna konfiguracja i kompaktowa, odporna konstrukcja. Sprawd\u017a nasze rozwi\u0105zania audio dla motocykli!\" \/>\n<meta name=\"robots\" content=\"noindex, follow, max-snippet:-1, max-image-preview:large, max-video-preview:-1\" \/>\n<meta property=\"og:locale\" content=\"es_ES\" \/>\n<meta property=\"og:type\" content=\"article\" \/>\n<meta property=\"og:title\" content=\"DSP Procesor cyfrowy Hertz S8 do motocykli Harley Davidson\" \/>\n<meta property=\"og:description\" content=\"Profesjonalne systemy audio dla motocykli Harley-Davidson \u2013 ulepsz swoje brzmienie dzi\u0119ki najwy\u017cszej jako\u015bci procesorowi d\u017awi\u0119ku S8 DSP. Hi-Res Audio, precyzyjna konfiguracja i kompaktowa, odporna konstrukcja. Sprawd\u017a nasze rozwi\u0105zania audio dla motocykli!\" \/>\n<meta property=\"og:url\" content=\"https:\/\/motorcycle-audio.eu\/sklep\/akcesoria\/procesory-dsp\/dsp-hertz-s8-do-motocykli-harley-davidson\/\" \/>\n<meta property=\"og:site_name\" content=\"Mefiu Motorcycle Audio\" \/>\n<meta property=\"article:publisher\" content=\"https:\/\/www.facebook.com\/HarleyDavidsonAudio\" \/>\n<meta property=\"article:modified_time\" content=\"2025-01-09T11:12:49+00:00\" \/>\n<meta property=\"og:image\" content=\"https:\/\/motorcycle-audio.eu\/wp-content\/uploads\/2025\/01\/Hertz-S8-DSP.webp\" \/>\n\t<meta property=\"og:image:width\" content=\"1200\" \/>\n\t<meta property=\"og:image:height\" content=\"1200\" \/>\n\t<meta property=\"og:image:type\" content=\"image\/webp\" \/>\n<meta name=\"twitter:card\" content=\"summary_large_image\" \/>\n<meta name=\"twitter:label1\" content=\"Est. reading time\" \/>\n\t<meta name=\"twitter:data1\" content=\"2 minutos\" \/>\n<script type=\"application\/ld+json\" class=\"yoast-schema-graph\">{\"@context\":\"https:\/\/schema.org\",\"@graph\":[{\"@type\":\"WebPage\",\"@id\":\"https:\/\/motorcycle-audio.eu\/sklep\/akcesoria\/procesory-dsp\/dsp-hertz-s8-do-motocykli-harley-davidson\/\",\"url\":\"https:\/\/motorcycle-audio.eu\/sklep\/akcesoria\/procesory-dsp\/dsp-hertz-s8-do-motocykli-harley-davidson\/\",\"name\":\"DSP Procesor cyfrowy Hertz S8 do motocykli Harley Davidson - Mefiu Motorcycle Audio\",\"isPartOf\":{\"@id\":\"https:\/\/ha.dkonto.pl\/#website\"},\"primaryImageOfPage\":{\"@id\":\"https:\/\/motorcycle-audio.eu\/sklep\/akcesoria\/procesory-dsp\/dsp-hertz-s8-do-motocykli-harley-davidson\/#primaryimage\"},\"image\":{\"@id\":\"https:\/\/motorcycle-audio.eu\/sklep\/akcesoria\/procesory-dsp\/dsp-hertz-s8-do-motocykli-harley-davidson\/#primaryimage\"},\"thumbnailUrl\":\"https:\/\/ha.dkonto.pl\/wp-content\/uploads\/2025\/01\/Hertz-S8-DSP.webp\",\"datePublished\":\"2025-01-09T11:05:01+00:00\",\"dateModified\":\"2025-01-09T11:12:49+00:00\",\"description\":\"Profesjonalne systemy audio dla motocykli Harley-Davidson \u2013 ulepsz swoje brzmienie dzi\u0119ki najwy\u017cszej jako\u015bci procesorowi d\u017awi\u0119ku S8 DSP. Hi-Res Audio, precyzyjna konfiguracja i kompaktowa, odporna konstrukcja. Sprawd\u017a nasze rozwi\u0105zania audio dla motocykli!\",\"breadcrumb\":{\"@id\":\"https:\/\/motorcycle-audio.eu\/sklep\/akcesoria\/procesory-dsp\/dsp-hertz-s8-do-motocykli-harley-davidson\/#breadcrumb\"},\"inLanguage\":\"es\",\"potentialAction\":[{\"@type\":\"ReadAction\",\"target\":[\"https:\/\/motorcycle-audio.eu\/sklep\/akcesoria\/procesory-dsp\/dsp-hertz-s8-do-motocykli-harley-davidson\/\"]}]},{\"@type\":\"ImageObject\",\"inLanguage\":\"es\",\"@id\":\"https:\/\/motorcycle-audio.eu\/sklep\/akcesoria\/procesory-dsp\/dsp-hertz-s8-do-motocykli-harley-davidson\/#primaryimage\",\"url\":\"https:\/\/ha.dkonto.pl\/wp-content\/uploads\/2025\/01\/Hertz-S8-DSP.webp\",\"contentUrl\":\"https:\/\/ha.dkonto.pl\/wp-content\/uploads\/2025\/01\/Hertz-S8-DSP.webp\",\"width\":1200,\"height\":1200},{\"@type\":\"BreadcrumbList\",\"@id\":\"https:\/\/motorcycle-audio.eu\/sklep\/akcesoria\/procesory-dsp\/dsp-hertz-s8-do-motocykli-harley-davidson\/#breadcrumb\",\"itemListElement\":[{\"@type\":\"ListItem\",\"position\":1,\"name\":\"Strona g\u0142\u00f3wna\",\"item\":\"https:\/\/motorcycle-audio.eu\/\"},{\"@type\":\"ListItem\",\"position\":2,\"name\":\"Sklep\",\"item\":\"https:\/\/motorcycle-audio.eu\/sklep\/\"},{\"@type\":\"ListItem\",\"position\":3,\"name\":\"DSP Procesor cyfrowy Hertz S8 do motocykli Harley Davidson\"}]},{\"@type\":\"WebSite\",\"@id\":\"https:\/\/ha.dkonto.pl\/#website\",\"url\":\"https:\/\/ha.dkonto.pl\/\",\"name\":\"Mefiu Motorcycle Audio\",\"description\":\"Play it loud!\",\"publisher\":{\"@id\":\"https:\/\/ha.dkonto.pl\/#organization\"},\"potentialAction\":[{\"@type\":\"SearchAction\",\"target\":{\"@type\":\"EntryPoint\",\"urlTemplate\":\"https:\/\/ha.dkonto.pl\/?s={search_term_string}\"},\"query-input\":{\"@type\":\"PropertyValueSpecification\",\"valueRequired\":true,\"valueName\":\"search_term_string\"}}],\"inLanguage\":\"es\"},{\"@type\":\"Organization\",\"@id\":\"https:\/\/ha.dkonto.pl\/#organization\",\"name\":\"Mefiu Motorcycle Audio\",\"url\":\"https:\/\/ha.dkonto.pl\/\",\"logo\":{\"@type\":\"ImageObject\",\"inLanguage\":\"es\",\"@id\":\"https:\/\/ha.dkonto.pl\/#\/schema\/logo\/image\/\",\"url\":\"https:\/\/ha.dkonto.pl\/wp-content\/uploads\/2025\/05\/mefiu_logo.png\",\"contentUrl\":\"https:\/\/ha.dkonto.pl\/wp-content\/uploads\/2025\/05\/mefiu_logo.png\",\"width\":150,\"height\":150,\"caption\":\"Mefiu Motorcycle Audio\"},\"image\":{\"@id\":\"https:\/\/ha.dkonto.pl\/#\/schema\/logo\/image\/\"},\"sameAs\":[\"https:\/\/www.facebook.com\/HarleyDavidsonAudio\"]}]}<\/script>\n<!-- \/ Yoast SEO Premium plugin. -->","yoast_head_json":{"title":"Procesador digital DSP Hertz S8 para motocicletas Harley Davidson - Mefiu Motorcycle Audio","description":"Sistemas de audio profesionales para motocicletas Harley-Davidson: mejora tu sonido con el procesador de audio DSP S8 de alta gama. Audio de alta resoluci\u00f3n, ajuste preciso y un dise\u00f1o compacto y resistente. \u00a1Descubre nuestras soluciones de audio para motocicletas!","robots":{"index":"noindex","follow":"follow","max-snippet":"max-snippet:-1","max-image-preview":"max-image-preview:large","max-video-preview":"max-video-preview:-1"},"og_locale":"es_ES","og_type":"article","og_title":"DSP Procesor cyfrowy Hertz S8 do motocykli Harley Davidson","og_description":"Profesjonalne systemy audio dla motocykli Harley-Davidson \u2013 ulepsz swoje brzmienie dzi\u0119ki najwy\u017cszej jako\u015bci procesorowi d\u017awi\u0119ku S8 DSP. Hi-Res Audio, precyzyjna konfiguracja i kompaktowa, odporna konstrukcja. Sprawd\u017a nasze rozwi\u0105zania audio dla motocykli!","og_url":"https:\/\/motorcycle-audio.eu\/sklep\/akcesoria\/procesory-dsp\/dsp-hertz-s8-do-motocykli-harley-davidson\/","og_site_name":"Mefiu Motorcycle Audio","article_publisher":"https:\/\/www.facebook.com\/HarleyDavidsonAudio","article_modified_time":"2025-01-09T11:12:49+00:00","og_image":[{"width":1200,"height":1200,"url":"https:\/\/motorcycle-audio.eu\/wp-content\/uploads\/2025\/01\/Hertz-S8-DSP.webp","type":"image\/webp"}],"twitter_card":"summary_large_image","twitter_misc":{"Est. reading time":"2 minutos"},"schema":{"@context":"https:\/\/schema.org","@graph":[{"@type":"WebPage","@id":"https:\/\/motorcycle-audio.eu\/sklep\/akcesoria\/procesory-dsp\/dsp-hertz-s8-do-motocykli-harley-davidson\/","url":"https:\/\/motorcycle-audio.eu\/sklep\/akcesoria\/procesory-dsp\/dsp-hertz-s8-do-motocykli-harley-davidson\/","name":"Procesador digital DSP Hertz S8 para motocicletas Harley Davidson - Mefiu Motorcycle Audio","isPartOf":{"@id":"https:\/\/ha.dkonto.pl\/#website"},"primaryImageOfPage":{"@id":"https:\/\/motorcycle-audio.eu\/sklep\/akcesoria\/procesory-dsp\/dsp-hertz-s8-do-motocykli-harley-davidson\/#primaryimage"},"image":{"@id":"https:\/\/motorcycle-audio.eu\/sklep\/akcesoria\/procesory-dsp\/dsp-hertz-s8-do-motocykli-harley-davidson\/#primaryimage"},"thumbnailUrl":"https:\/\/ha.dkonto.pl\/wp-content\/uploads\/2025\/01\/Hertz-S8-DSP.webp","datePublished":"2025-01-09T11:05:01+00:00","dateModified":"2025-01-09T11:12:49+00:00","description":"Sistemas de audio profesionales para motocicletas Harley-Davidson: mejora tu sonido con el procesador de audio DSP S8 de alta gama. Audio de alta resoluci\u00f3n, ajuste preciso y un dise\u00f1o compacto y resistente. \u00a1Descubre nuestras soluciones de audio para motocicletas!","breadcrumb":{"@id":"https:\/\/motorcycle-audio.eu\/sklep\/akcesoria\/procesory-dsp\/dsp-hertz-s8-do-motocykli-harley-davidson\/#breadcrumb"},"inLanguage":"es","potentialAction":[{"@type":"ReadAction","target":["https:\/\/motorcycle-audio.eu\/sklep\/akcesoria\/procesory-dsp\/dsp-hertz-s8-do-motocykli-harley-davidson\/"]}]},{"@type":"ImageObject","inLanguage":"es","@id":"https:\/\/motorcycle-audio.eu\/sklep\/akcesoria\/procesory-dsp\/dsp-hertz-s8-do-motocykli-harley-davidson\/#primaryimage","url":"https:\/\/ha.dkonto.pl\/wp-content\/uploads\/2025\/01\/Hertz-S8-DSP.webp","contentUrl":"https:\/\/ha.dkonto.pl\/wp-content\/uploads\/2025\/01\/Hertz-S8-DSP.webp","width":1200,"height":1200},{"@type":"BreadcrumbList","@id":"https:\/\/motorcycle-audio.eu\/sklep\/akcesoria\/procesory-dsp\/dsp-hertz-s8-do-motocykli-harley-davidson\/#breadcrumb","itemListElement":[{"@type":"ListItem","position":1,"name":"Strona g\u0142\u00f3wna","item":"https:\/\/motorcycle-audio.eu\/"},{"@type":"ListItem","position":2,"name":"Sklep","item":"https:\/\/motorcycle-audio.eu\/sklep\/"},{"@type":"ListItem","position":3,"name":"DSP Procesor cyfrowy Hertz S8 do motocykli Harley Davidson"}]},{"@type":"WebSite","@id":"https:\/\/ha.dkonto.pl\/#website","url":"https:\/\/ha.dkonto.pl\/","name":"Mefiu Motorcycle Audio","description":"Play it loud!","publisher":{"@id":"https:\/\/ha.dkonto.pl\/#organization"},"potentialAction":[{"@type":"SearchAction","target":{"@type":"EntryPoint","urlTemplate":"https:\/\/ha.dkonto.pl\/?s={search_term_string}"},"query-input":{"@type":"PropertyValueSpecification","valueRequired":true,"valueName":"search_term_string"}}],"inLanguage":"es"},{"@type":"Organization","@id":"https:\/\/ha.dkonto.pl\/#organization","name":"Mefiu Motorcycle Audio","url":"https:\/\/ha.dkonto.pl\/","logo":{"@type":"ImageObject","inLanguage":"es","@id":"https:\/\/ha.dkonto.pl\/#\/schema\/logo\/image\/","url":"https:\/\/ha.dkonto.pl\/wp-content\/uploads\/2025\/05\/mefiu_logo.png","contentUrl":"https:\/\/ha.dkonto.pl\/wp-content\/uploads\/2025\/05\/mefiu_logo.png","width":150,"height":150,"caption":"Mefiu Motorcycle Audio"},"image":{"@id":"https:\/\/ha.dkonto.pl\/#\/schema\/logo\/image\/"},"sameAs":["https:\/\/www.facebook.com\/HarleyDavidsonAudio"]}]}},"jetpack_sharing_enabled":true,"_links":{"self":[{"href":"https:\/\/ha.dkonto.pl\/es\/wp-json\/wp\/v2\/product\/8171","targetHints":{"allow":["GET"]}}],"collection":[{"href":"https:\/\/ha.dkonto.pl\/es\/wp-json\/wp\/v2\/product"}],"about":[{"href":"https:\/\/ha.dkonto.pl\/es\/wp-json\/wp\/v2\/types\/product"}],"replies":[{"embeddable":true,"href":"https:\/\/ha.dkonto.pl\/es\/wp-json\/wp\/v2\/comments?post=8171"}],"version-history":[{"count":0,"href":"https:\/\/ha.dkonto.pl\/es\/wp-json\/wp\/v2\/product\/8171\/revisions"}],"wp:featuredmedia":[{"embeddable":true,"href":"https:\/\/ha.dkonto.pl\/es\/wp-json\/wp\/v2\/media\/8180"}],"wp:attachment":[{"href":"https:\/\/ha.dkonto.pl\/es\/wp-json\/wp\/v2\/media?parent=8171"}],"wp:term":[{"taxonomy":"product_cat","embeddable":true,"href":"https:\/\/ha.dkonto.pl\/es\/wp-json\/wp\/v2\/product_cat?post=8171"},{"taxonomy":"product_tag","embeddable":true,"href":"https:\/\/ha.dkonto.pl\/es\/wp-json\/wp\/v2\/product_tag?post=8171"}],"curies":[{"name":"wp","href":"https:\/\/api.w.org\/{rel}","templated":true}]}}