{"id":8135,"date":"2025-01-07T15:24:56","date_gmt":"2025-01-07T14:24:56","guid":{"rendered":"https:\/\/motorcycle-audio.eu\/?post_type=product&#038;p=8135"},"modified":"2025-10-07T23:15:45","modified_gmt":"2025-10-07T21:15:45","slug":"bateria-agm-xspower-psx30l-para-motocicletas-harley-davidson-touring","status":"publish","type":"product","link":"https:\/\/ha.dkonto.pl\/es\/tienda\/accesorios\/baterias-para-harley-touring\/bateria-agm-xspower-psx30l-para-motocicletas-harley-davidson-touring\/","title":{"rendered":"Bater\u00eda AGM XS Power PSX30L para motocicletas Harley Davidson Touring"},"content":{"rendered":"<p class=\"translation-block\">La bater\u00eda <strong>XS Power PSX30L<\/strong> es un producto vers\u00e1til y fiable que <strong>funciona perfectamente en las motocicletas Harley-Davidson de la serie Touring<\/strong>. Gracias a sus par\u00e1metros y su dise\u00f1o, es un excelente sustituto de las bater\u00edas originales, ofreciendo un mejor rendimiento y una mayor durabilidad. Adem\u00e1s de las motocicletas, tambi\u00e9n puede utilizarse en veh\u00edculos recreativos como UTV, motos acu\u00e1ticas o motos de nieve.<\/p>\n<p>Gracias a la tecnolog\u00eda AGM (Absorbent Glass Mat), esta bater\u00eda proporciona energ\u00eda estable, ideal tambi\u00e9n para alimentar accesorios como sistemas de audio, iluminaci\u00f3n y otros dispositivos electr\u00f3nicos.<\/p>\n<p><strong>Caracter\u00edsticas clave del producto:<\/strong><\/p>\n<ul>\n<li class=\"translation-block\"><strong>Dedicada a las motocicletas Harley-Davidson Touring:<\/strong> encaja en el lugar de la bater\u00eda est\u00e1ndar, ofreciendo una mayor potencia de arranque y una fiabilidad superior.<\/li>\n<li class=\"translation-block\"><strong>Alta eficiencia energ\u00e9tica:<\/strong> una corriente m\u00e1xima de 2.000 A y una corriente de arranque de 500 A garantizan un arranque r\u00e1pido del motor incluso en condiciones clim\u00e1ticas extremas.<\/li>\n<li class=\"translation-block\"><strong>Seguridad y durabilidad:<\/strong> su dise\u00f1o sellado protege contra fugas y humedad, permitiendo un uso seguro incluso en condiciones exigentes.<\/li>\n<li class=\"translation-block\"><strong>Larga duraci\u00f3n:<\/strong> una reserva de capacidad de 57 minutos a plena carga garantiza una potencia estable en cualquier situaci\u00f3n.<\/li>\n<li class=\"translation-block\"><strong>F\u00e1cil instalaci\u00f3n:<\/strong> el conjunto incluye tornillos terminales M6 que permiten un montaje r\u00e1pido.<\/li>\n<\/ul>\n<p><strong>Especificaciones t\u00e9cnicas (m\u00e9tricas):<\/strong><\/p>\n<ul>\n<li class=\"translation-block\"><strong>Voltaje:<\/strong> 12 V<\/li>\n<li class=\"translation-block\"><strong>Grupo de tama\u00f1o:<\/strong> BCI Group 30L<\/li>\n<li class=\"translation-block\"><strong>Peso:<\/strong> 9,53 kg<\/li>\n<li><strong>Dimensiones:<\/strong>\n<ul>\n<li>Longitud: 16,69 cm<\/li>\n<li>Altura: 16,71 cm<\/li>\n<li>Ancho: 12,62 cm<\/li>\n<\/ul>\n<\/li>\n<li class=\"translation-block\"><strong>Corriente m\u00e1xima:<\/strong> 2.000 A<\/li>\n<li class=\"translation-block\"><strong>Corriente de arranque (CA):<\/strong> 500 A<\/li>\n<li class=\"translation-block\"><strong>Corriente de arranque en fr\u00edo (CCA):<\/strong> 440 A<\/li>\n<li class=\"translation-block\"><strong>Capacidad:<\/strong> 32 Ah<\/li>\n<li class=\"translation-block\"><strong>Reserva de capacidad (RC):<\/strong> 57 minutos<\/li>\n<li class=\"translation-block\"><strong>Rango de temperatura de carga:<\/strong> de -15 \u00b0C a 50 \u00b0C<\/li>\n<\/ul>\n<p><strong>Informaci\u00f3n adicional:<\/strong><\/p>\n<p class=\"translation-block\"><strong>XS Power PSX30L<\/strong> es una <strong>excelente elecci\u00f3n para los propietarios de motocicletas Harley-Davidson Touring<\/strong> que buscan la m\u00e1xima calidad y fiabilidad. Sus par\u00e1metros t\u00e9cnicos superiores en comparaci\u00f3n con las bater\u00edas est\u00e1ndar se traducen en un mejor rendimiento y mayor comodidad de uso, tanto en rutas diarias como en trayectos exigentes. Gracias a su garant\u00eda de dos a\u00f1os, puedes estar seguro de su durabilidad y fiabilidad.<\/p>\n<p><img fetchpriority=\"high\" decoding=\"async\" class=\"alignnone size-medium wp-image-8146\" src=\"https:\/\/motorcycle-audio.eu\/wp-content\/uploads\/2025\/01\/XS_Power_logo-300x186.webp\" alt=\"\" width=\"300\" height=\"186\" srcset=\"https:\/\/ha.dkonto.pl\/wp-content\/uploads\/2025\/01\/XS_Power_logo-300x186.webp 300w, https:\/\/ha.dkonto.pl\/wp-content\/uploads\/2025\/01\/XS_Power_logo-400x248.webp 400w, https:\/\/ha.dkonto.pl\/wp-content\/uploads\/2025\/01\/XS_Power_logo.webp 600w\" sizes=\"(max-width: 300px) 100vw, 300px\" \/><\/p>\n<p>XS Power es una empresa estadounidense fundada en 2005, especializada en la producci\u00f3n de bater\u00edas AGM y de litio de \u00faltima generaci\u00f3n. Sus productos son reconocidos mundialmente por su fiabilidad, durabilidad y soluciones innovadoras.<\/p>\n<h3><strong>Caracter\u00edsticas principales de XS Power:<\/strong><\/h3>\n<ul>\n<li class=\"translation-block\"><strong>Bater\u00edas de alto rendimiento:<\/strong> dedicadas a veh\u00edculos de alto rendimiento, motocicletas, sistemas de car audio y almacenamiento de energ\u00eda.<\/li>\n<li class=\"translation-block\"><strong>Tecnolog\u00eda moderna:<\/strong> resistencia a las vibraciones, dise\u00f1o sellado, carga r\u00e1pida y alta potencia de arranque.<\/li>\n<li class=\"translation-block\"><strong>Reconocimiento global:<\/strong> productos utilizados en deportes de motor, competiciones y por entusiastas del car audio en todo el mundo.<\/li>\n<li class=\"translation-block\"><strong>Aplicaci\u00f3n vers\u00e1til:<\/strong> bater\u00edas para motocicletas Harley-Davidson, veh\u00edculos el\u00e9ctricos, sistemas de audio y sistemas industriales de almacenamiento de energ\u00eda.<\/li>\n<\/ul>\n<p>XS Power es una opci\u00f3n de confianza para los usuarios que buscan la m\u00e1xima calidad y fiabilidad tanto en condiciones cotidianas como extremas. \u26a1<\/p>\n<p>&nbsp;<\/p>","protected":false},"excerpt":{"rendered":"<ul>\n<li>Reemplazo perfecto para motocicletas Harley-Davidson Touring.<\/li>\n<li>La tecnolog\u00eda AGM garantiza durabilidad y resistencia a las vibraciones.<\/li>\n<li>Alta potencia de arranque: 500 A (CA) y 440 A (CCA).<\/li>\n<li>Corriente m\u00e1xima de 2000 A para alimentar los accesorios.<\/li>\n<li>Su construcci\u00f3n sellada resiste fugas y humedad.<\/li>\n<li>Funcionamiento en un amplio rango de temperaturas: de -15\u00b0C a 50\u00b0C.<\/li>\n<\/ul>","protected":false},"featured_media":8139,"comment_status":"closed","ping_status":"closed","template":"","meta":{"_acf_changed":false},"product_cat":[66],"product_tag":[],"class_list":{"0":"post-8135","1":"product","2":"type-product","3":"status-publish","4":"has-post-thumbnail","6":"product_brand-xspower","7":"product_cat-akumulator-harley-touring","9":"first","10":"instock","11":"taxable","12":"shipping-taxable","13":"purchasable","14":"product-type-simple"},"acf":[],"yoast_head":"<!-- This site is optimized with the Yoast SEO Premium plugin v25.1 (Yoast SEO v26.0) - https:\/\/yoast.com\/wordpress\/plugins\/seo\/ -->\n<title>Akumulator AGM XSPower PSX30L do Motocykli Harley Davidson Touring - Mefiu Motorcycle Audio<\/title>\n<meta name=\"description\" content=\"&quot;Akumulator XS Power PSX30L \u2013 zaawansowany AGM o wysokiej wydajno\u015bci, idealny do motocykli Harley-Davidson Touring. Oferuje du\u017c\u0105 moc rozruchow\u0105, nisk\u0105 wag\u0119, szybkie \u0142adowanie i trwa\u0142o\u015b\u0107 w ka\u017cdych warunkach.\" \/>\n<meta name=\"robots\" content=\"noindex, follow, max-snippet:-1, max-image-preview:large, max-video-preview:-1\" \/>\n<meta property=\"og:locale\" content=\"es_ES\" \/>\n<meta property=\"og:type\" content=\"article\" \/>\n<meta property=\"og:title\" content=\"Akumulator AGM XSPower PSX30L do Motocykli Harley Davidson Touring\" \/>\n<meta property=\"og:description\" content=\"&quot;Akumulator XS Power PSX30L \u2013 zaawansowany AGM o wysokiej wydajno\u015bci, idealny do motocykli Harley-Davidson Touring. Oferuje du\u017c\u0105 moc rozruchow\u0105, nisk\u0105 wag\u0119, szybkie \u0142adowanie i trwa\u0142o\u015b\u0107 w ka\u017cdych warunkach.\" \/>\n<meta property=\"og:url\" content=\"https:\/\/motorcycle-audio.eu\/sklep\/akcesoria\/akumulator-harley-touring\/akumulator-agm-xspower-psx30l-do-motocykli-harley-davidson-touring\/\" \/>\n<meta property=\"og:site_name\" content=\"Mefiu Motorcycle Audio\" \/>\n<meta property=\"article:publisher\" content=\"https:\/\/www.facebook.com\/HarleyDavidsonAudio\" \/>\n<meta property=\"article:modified_time\" content=\"2025-10-07T21:15:45+00:00\" \/>\n<meta property=\"og:image\" content=\"https:\/\/motorcycle-audio.eu\/wp-content\/uploads\/2025\/01\/PSX30L-turn.webp\" \/>\n\t<meta property=\"og:image:width\" content=\"550\" \/>\n\t<meta property=\"og:image:height\" content=\"550\" \/>\n\t<meta property=\"og:image:type\" content=\"image\/webp\" \/>\n<meta name=\"twitter:card\" content=\"summary_large_image\" \/>\n<meta name=\"twitter:label1\" content=\"Est. reading time\" \/>\n\t<meta name=\"twitter:data1\" content=\"3 minutos\" \/>\n<script type=\"application\/ld+json\" class=\"yoast-schema-graph\">{\"@context\":\"https:\/\/schema.org\",\"@graph\":[{\"@type\":\"WebPage\",\"@id\":\"https:\/\/motorcycle-audio.eu\/sklep\/akcesoria\/akumulator-harley-touring\/akumulator-agm-xspower-psx30l-do-motocykli-harley-davidson-touring\/\",\"url\":\"https:\/\/motorcycle-audio.eu\/sklep\/akcesoria\/akumulator-harley-touring\/akumulator-agm-xspower-psx30l-do-motocykli-harley-davidson-touring\/\",\"name\":\"Akumulator AGM XSPower PSX30L do Motocykli Harley Davidson Touring - Mefiu Motorcycle Audio\",\"isPartOf\":{\"@id\":\"https:\/\/ha.dkonto.pl\/#website\"},\"primaryImageOfPage\":{\"@id\":\"https:\/\/motorcycle-audio.eu\/sklep\/akcesoria\/akumulator-harley-touring\/akumulator-agm-xspower-psx30l-do-motocykli-harley-davidson-touring\/#primaryimage\"},\"image\":{\"@id\":\"https:\/\/motorcycle-audio.eu\/sklep\/akcesoria\/akumulator-harley-touring\/akumulator-agm-xspower-psx30l-do-motocykli-harley-davidson-touring\/#primaryimage\"},\"thumbnailUrl\":\"https:\/\/ha.dkonto.pl\/wp-content\/uploads\/2025\/01\/PSX30L-turn.webp\",\"datePublished\":\"2025-01-07T14:24:56+00:00\",\"dateModified\":\"2025-10-07T21:15:45+00:00\",\"description\":\"\\\"Akumulator XS Power PSX30L \u2013 zaawansowany AGM o wysokiej wydajno\u015bci, idealny do motocykli Harley-Davidson Touring. Oferuje du\u017c\u0105 moc rozruchow\u0105, nisk\u0105 wag\u0119, szybkie \u0142adowanie i trwa\u0142o\u015b\u0107 w ka\u017cdych warunkach.\",\"breadcrumb\":{\"@id\":\"https:\/\/motorcycle-audio.eu\/sklep\/akcesoria\/akumulator-harley-touring\/akumulator-agm-xspower-psx30l-do-motocykli-harley-davidson-touring\/#breadcrumb\"},\"inLanguage\":\"es\",\"potentialAction\":[{\"@type\":\"ReadAction\",\"target\":[\"https:\/\/motorcycle-audio.eu\/sklep\/akcesoria\/akumulator-harley-touring\/akumulator-agm-xspower-psx30l-do-motocykli-harley-davidson-touring\/\"]}]},{\"@type\":\"ImageObject\",\"inLanguage\":\"es\",\"@id\":\"https:\/\/motorcycle-audio.eu\/sklep\/akcesoria\/akumulator-harley-touring\/akumulator-agm-xspower-psx30l-do-motocykli-harley-davidson-touring\/#primaryimage\",\"url\":\"https:\/\/ha.dkonto.pl\/wp-content\/uploads\/2025\/01\/PSX30L-turn.webp\",\"contentUrl\":\"https:\/\/ha.dkonto.pl\/wp-content\/uploads\/2025\/01\/PSX30L-turn.webp\",\"width\":550,\"height\":550},{\"@type\":\"BreadcrumbList\",\"@id\":\"https:\/\/motorcycle-audio.eu\/sklep\/akcesoria\/akumulator-harley-touring\/akumulator-agm-xspower-psx30l-do-motocykli-harley-davidson-touring\/#breadcrumb\",\"itemListElement\":[{\"@type\":\"ListItem\",\"position\":1,\"name\":\"Strona g\u0142\u00f3wna\",\"item\":\"https:\/\/motorcycle-audio.eu\/\"},{\"@type\":\"ListItem\",\"position\":2,\"name\":\"Sklep\",\"item\":\"https:\/\/motorcycle-audio.eu\/sklep\/\"},{\"@type\":\"ListItem\",\"position\":3,\"name\":\"Akumulator AGM XSPower PSX30L do Motocykli Harley Davidson Touring\"}]},{\"@type\":\"WebSite\",\"@id\":\"https:\/\/ha.dkonto.pl\/#website\",\"url\":\"https:\/\/ha.dkonto.pl\/\",\"name\":\"Mefiu Motorcycle Audio\",\"description\":\"Play it loud!\",\"publisher\":{\"@id\":\"https:\/\/ha.dkonto.pl\/#organization\"},\"potentialAction\":[{\"@type\":\"SearchAction\",\"target\":{\"@type\":\"EntryPoint\",\"urlTemplate\":\"https:\/\/ha.dkonto.pl\/?s={search_term_string}\"},\"query-input\":{\"@type\":\"PropertyValueSpecification\",\"valueRequired\":true,\"valueName\":\"search_term_string\"}}],\"inLanguage\":\"es\"},{\"@type\":\"Organization\",\"@id\":\"https:\/\/ha.dkonto.pl\/#organization\",\"name\":\"Mefiu Motorcycle Audio\",\"url\":\"https:\/\/ha.dkonto.pl\/\",\"logo\":{\"@type\":\"ImageObject\",\"inLanguage\":\"es\",\"@id\":\"https:\/\/ha.dkonto.pl\/#\/schema\/logo\/image\/\",\"url\":\"https:\/\/ha.dkonto.pl\/wp-content\/uploads\/2025\/05\/mefiu_logo.png\",\"contentUrl\":\"https:\/\/ha.dkonto.pl\/wp-content\/uploads\/2025\/05\/mefiu_logo.png\",\"width\":150,\"height\":150,\"caption\":\"Mefiu Motorcycle Audio\"},\"image\":{\"@id\":\"https:\/\/ha.dkonto.pl\/#\/schema\/logo\/image\/\"},\"sameAs\":[\"https:\/\/www.facebook.com\/HarleyDavidsonAudio\"]}]}<\/script>\n<!-- \/ Yoast SEO Premium plugin. -->","yoast_head_json":{"title":"Bater\u00eda AGM XSPower PSX30L para motocicletas Harley Davidson Touring - Mefiu Motorcycle Audio","description":"Bater\u00eda XS Power PSX30L: una bater\u00eda AGM avanzada de alto rendimiento, ideal para motocicletas Harley-Davidson Touring. Ofrece gran potencia de arranque, bajo peso, carga r\u00e1pida y durabilidad en todas las condiciones.","robots":{"index":"noindex","follow":"follow","max-snippet":"max-snippet:-1","max-image-preview":"max-image-preview:large","max-video-preview":"max-video-preview:-1"},"og_locale":"es_ES","og_type":"article","og_title":"Akumulator AGM XSPower PSX30L do Motocykli Harley Davidson Touring","og_description":"\"Akumulator XS Power PSX30L \u2013 zaawansowany AGM o wysokiej wydajno\u015bci, idealny do motocykli Harley-Davidson Touring. Oferuje du\u017c\u0105 moc rozruchow\u0105, nisk\u0105 wag\u0119, szybkie \u0142adowanie i trwa\u0142o\u015b\u0107 w ka\u017cdych warunkach.","og_url":"https:\/\/motorcycle-audio.eu\/sklep\/akcesoria\/akumulator-harley-touring\/akumulator-agm-xspower-psx30l-do-motocykli-harley-davidson-touring\/","og_site_name":"Mefiu Motorcycle Audio","article_publisher":"https:\/\/www.facebook.com\/HarleyDavidsonAudio","article_modified_time":"2025-10-07T21:15:45+00:00","og_image":[{"width":550,"height":550,"url":"https:\/\/motorcycle-audio.eu\/wp-content\/uploads\/2025\/01\/PSX30L-turn.webp","type":"image\/webp"}],"twitter_card":"summary_large_image","twitter_misc":{"Est. reading time":"3 minutos"},"schema":{"@context":"https:\/\/schema.org","@graph":[{"@type":"WebPage","@id":"https:\/\/motorcycle-audio.eu\/sklep\/akcesoria\/akumulator-harley-touring\/akumulator-agm-xspower-psx30l-do-motocykli-harley-davidson-touring\/","url":"https:\/\/motorcycle-audio.eu\/sklep\/akcesoria\/akumulator-harley-touring\/akumulator-agm-xspower-psx30l-do-motocykli-harley-davidson-touring\/","name":"Bater\u00eda AGM XSPower PSX30L para motocicletas Harley Davidson Touring - Mefiu Motorcycle Audio","isPartOf":{"@id":"https:\/\/ha.dkonto.pl\/#website"},"primaryImageOfPage":{"@id":"https:\/\/motorcycle-audio.eu\/sklep\/akcesoria\/akumulator-harley-touring\/akumulator-agm-xspower-psx30l-do-motocykli-harley-davidson-touring\/#primaryimage"},"image":{"@id":"https:\/\/motorcycle-audio.eu\/sklep\/akcesoria\/akumulator-harley-touring\/akumulator-agm-xspower-psx30l-do-motocykli-harley-davidson-touring\/#primaryimage"},"thumbnailUrl":"https:\/\/ha.dkonto.pl\/wp-content\/uploads\/2025\/01\/PSX30L-turn.webp","datePublished":"2025-01-07T14:24:56+00:00","dateModified":"2025-10-07T21:15:45+00:00","description":"Bater\u00eda XS Power PSX30L: una bater\u00eda AGM avanzada de alto rendimiento, ideal para motocicletas Harley-Davidson Touring. Ofrece gran potencia de arranque, bajo peso, carga r\u00e1pida y durabilidad en todas las condiciones.","breadcrumb":{"@id":"https:\/\/motorcycle-audio.eu\/sklep\/akcesoria\/akumulator-harley-touring\/akumulator-agm-xspower-psx30l-do-motocykli-harley-davidson-touring\/#breadcrumb"},"inLanguage":"es","potentialAction":[{"@type":"ReadAction","target":["https:\/\/motorcycle-audio.eu\/sklep\/akcesoria\/akumulator-harley-touring\/akumulator-agm-xspower-psx30l-do-motocykli-harley-davidson-touring\/"]}]},{"@type":"ImageObject","inLanguage":"es","@id":"https:\/\/motorcycle-audio.eu\/sklep\/akcesoria\/akumulator-harley-touring\/akumulator-agm-xspower-psx30l-do-motocykli-harley-davidson-touring\/#primaryimage","url":"https:\/\/ha.dkonto.pl\/wp-content\/uploads\/2025\/01\/PSX30L-turn.webp","contentUrl":"https:\/\/ha.dkonto.pl\/wp-content\/uploads\/2025\/01\/PSX30L-turn.webp","width":550,"height":550},{"@type":"BreadcrumbList","@id":"https:\/\/motorcycle-audio.eu\/sklep\/akcesoria\/akumulator-harley-touring\/akumulator-agm-xspower-psx30l-do-motocykli-harley-davidson-touring\/#breadcrumb","itemListElement":[{"@type":"ListItem","position":1,"name":"Strona g\u0142\u00f3wna","item":"https:\/\/motorcycle-audio.eu\/"},{"@type":"ListItem","position":2,"name":"Sklep","item":"https:\/\/motorcycle-audio.eu\/sklep\/"},{"@type":"ListItem","position":3,"name":"Akumulator AGM XSPower PSX30L do Motocykli Harley Davidson Touring"}]},{"@type":"WebSite","@id":"https:\/\/ha.dkonto.pl\/#website","url":"https:\/\/ha.dkonto.pl\/","name":"Mefiu Motorcycle Audio","description":"Play it loud!","publisher":{"@id":"https:\/\/ha.dkonto.pl\/#organization"},"potentialAction":[{"@type":"SearchAction","target":{"@type":"EntryPoint","urlTemplate":"https:\/\/ha.dkonto.pl\/?s={search_term_string}"},"query-input":{"@type":"PropertyValueSpecification","valueRequired":true,"valueName":"search_term_string"}}],"inLanguage":"es"},{"@type":"Organization","@id":"https:\/\/ha.dkonto.pl\/#organization","name":"Mefiu Motorcycle Audio","url":"https:\/\/ha.dkonto.pl\/","logo":{"@type":"ImageObject","inLanguage":"es","@id":"https:\/\/ha.dkonto.pl\/#\/schema\/logo\/image\/","url":"https:\/\/ha.dkonto.pl\/wp-content\/uploads\/2025\/05\/mefiu_logo.png","contentUrl":"https:\/\/ha.dkonto.pl\/wp-content\/uploads\/2025\/05\/mefiu_logo.png","width":150,"height":150,"caption":"Mefiu Motorcycle Audio"},"image":{"@id":"https:\/\/ha.dkonto.pl\/#\/schema\/logo\/image\/"},"sameAs":["https:\/\/www.facebook.com\/HarleyDavidsonAudio"]}]}},"jetpack_sharing_enabled":true,"_links":{"self":[{"href":"https:\/\/ha.dkonto.pl\/es\/wp-json\/wp\/v2\/product\/8135","targetHints":{"allow":["GET"]}}],"collection":[{"href":"https:\/\/ha.dkonto.pl\/es\/wp-json\/wp\/v2\/product"}],"about":[{"href":"https:\/\/ha.dkonto.pl\/es\/wp-json\/wp\/v2\/types\/product"}],"replies":[{"embeddable":true,"href":"https:\/\/ha.dkonto.pl\/es\/wp-json\/wp\/v2\/comments?post=8135"}],"version-history":[{"count":0,"href":"https:\/\/ha.dkonto.pl\/es\/wp-json\/wp\/v2\/product\/8135\/revisions"}],"wp:featuredmedia":[{"embeddable":true,"href":"https:\/\/ha.dkonto.pl\/es\/wp-json\/wp\/v2\/media\/8139"}],"wp:attachment":[{"href":"https:\/\/ha.dkonto.pl\/es\/wp-json\/wp\/v2\/media?parent=8135"}],"wp:term":[{"taxonomy":"product_cat","embeddable":true,"href":"https:\/\/ha.dkonto.pl\/es\/wp-json\/wp\/v2\/product_cat?post=8135"},{"taxonomy":"product_tag","embeddable":true,"href":"https:\/\/ha.dkonto.pl\/es\/wp-json\/wp\/v2\/product_tag?post=8135"}],"curies":[{"name":"wp","href":"https:\/\/api.w.org\/{rel}","templated":true}]}}