{"id":8121,"date":"2025-01-07T15:10:58","date_gmt":"2025-01-07T14:10:58","guid":{"rendered":"https:\/\/motorcycle-audio.eu\/?post_type=product&#038;p=8121"},"modified":"2025-01-08T11:29:14","modified_gmt":"2025-01-08T10:29:14","slug":"bateria-de-titanato-de-litio-xspower-pwr-s5-30q-para-motocicletas-harley-davidson-touring","status":"publish","type":"product","link":"https:\/\/ha.dkonto.pl\/es\/tienda\/accesorios\/baterias-para-harley-touring\/bateria-de-titanato-de-litio-xspower-pwr-s5-30q-para-motocicletas-harley-davidson-touring\/","title":{"rendered":"Bater\u00eda de litio-titanio XS Power PWR-S5-30Q para motocicletas Harley\u2011Davidson Touring"},"content":{"rendered":"<p class=\"translation-block\"><strong>XS Power PWR-S5-30Q<\/strong> es una innovadora bater\u00eda de la serie Titan8, basada en la tecnolog\u00eda de litio-titanato (LTO), dise\u00f1ada para ofrecer la m\u00e1xima capacidad y la posibilidad de una carga c\u00edclica profunda. <strong>Funciona perfectamente en motocicletas Harley-Davidson Touring<\/strong>, ofreciendo un rendimiento excepcional, ligereza y fiabilidad, as\u00ed como una alimentaci\u00f3n \u00f3ptima para sistemas de audio avanzados de hasta 5000 W.<\/p>\n<h3><strong>Caracter\u00edsticas clave del producto:<\/strong><\/h3>\n<ul>\n<li class=\"translation-block\"><strong>Tecnolog\u00eda LTO:<\/strong> m\u00e1xima durabilidad y rendimiento gracias a las modernas celdas de litio-titanato.<\/li>\n<li class=\"translation-block\"><strong>Alta capacidad y potencia:<\/strong> dise\u00f1ado para una carga c\u00edclica profunda y para soportar sistemas de audio avanzados de hasta <strong>5000 W<\/strong>, garantizando un suministro de energ\u00eda estable durante el funcionamiento de los dispositivos.<\/li>\n<li class=\"translation-block\"><strong>Ideal para motocicletas Harley-Davidson Touring:<\/strong> su dise\u00f1o ligero y compacto (3,63 kg, dimensiones 18,8 x 12,7 x 12,3 cm) garantiza una instalaci\u00f3n sencilla y una mejora en el rendimiento de la motocicleta.<\/li>\n<li class=\"translation-block\"><strong>Dise\u00f1o modular:<\/strong> los conectores integrados 2\/0 permiten configurar f\u00e1cilmente varios m\u00f3dulos en sistemas de 12 V, 24 V, 36 V u otros.<\/li>\n<li class=\"translation-block\"><strong>Conexiones seguras:<\/strong> los conectores ocultos garantizan la seguridad y la est\u00e9tica de la instalaci\u00f3n, al tiempo que mantienen un acceso f\u00e1cil a los terminales M6.<\/li>\n<li class=\"translation-block\"><strong>Versatilidad:<\/strong> adecuado tanto para motocicletas como para sistemas de audio de alta potencia y veh\u00edculos utilitarios.<\/li>\n<\/ul>\n<h3><strong>Especificaciones t\u00e9cnicas:<\/strong><\/h3>\n<ul>\n<li class=\"translation-block\"><strong>Tecnolog\u00eda:<\/strong> litio-titanato (LTO)<\/li>\n<li class=\"translation-block\"><strong>Voltaje:<\/strong> 12 V (con posibilidad de configuraci\u00f3n a 24 V o 36 V)<\/li>\n<li class=\"translation-block\"><strong>Peso:<\/strong> 3,63 kg<\/li>\n<li><strong>Dimensiones:<\/strong>\n<ul>\n<li>Longitud: 18,8 cm<\/li>\n<li>Altura: 12,7 cm<\/li>\n<li>Ancho: 12,3 cm<\/li>\n<\/ul>\n<\/li>\n<li class=\"translation-block\"><strong>Capacidad:<\/strong> 30 Ah* (equivalente en tecnolog\u00eda est\u00e1ndar)<\/li>\n<li class=\"translation-block\"><strong>Corriente de arranque (CA):<\/strong> 1500 Ah* (equivalente en tecnolog\u00eda est\u00e1ndar)<\/li>\n<li class=\"translation-block\"><strong>Carga m\u00e1xima:<\/strong> 5000 W<\/li>\n<li class=\"translation-block\"><strong>Conectores:<\/strong> terminales M6 incluidos en el conjunto<\/li>\n<\/ul>\n<h3><strong>Solicitud:<\/strong><\/h3>\n<p>XS Power PWR-S5-30Q es la opci\u00f3n perfecta para:<\/p>\n<ul>\n<li class=\"translation-block\"><strong>Motocicletas Harley-Davidson Touring<\/strong>, donde el bajo peso y el alto rendimiento garantizan fiabilidad en cualquier condici\u00f3n.<\/li>\n<li class=\"translation-block\"><strong>Sistemas de audio avanzados<\/strong>, incluso de hasta <strong>5000 W<\/strong>, garantizando una alimentaci\u00f3n estable para altavoces, amplificadores y otros dispositivos.<\/li>\n<li>Veh\u00edculos comerciales y sistemas de almacenamiento de energ\u00eda donde se requiere una configuraci\u00f3n flexible y una alta capacidad.<\/li>\n<\/ul>\n<p>\u00a1Elige rendimiento y versatilidad con la XS Power PWR-S5-30Q: la bater\u00eda perfecta para motociclistas exigentes y audi\u00f3filos! \u26a1??\ufe0f<\/p>\n<div>\n<p><img fetchpriority=\"high\" decoding=\"async\" class=\"alignnone size-medium wp-image-8146\" src=\"https:\/\/motorcycle-audio.eu\/wp-content\/uploads\/2025\/01\/XS_Power_logo-300x186.webp\" alt=\"\" width=\"300\" height=\"186\" srcset=\"https:\/\/ha.dkonto.pl\/wp-content\/uploads\/2025\/01\/XS_Power_logo-300x186.webp 300w, https:\/\/ha.dkonto.pl\/wp-content\/uploads\/2025\/01\/XS_Power_logo-400x248.webp 400w, https:\/\/ha.dkonto.pl\/wp-content\/uploads\/2025\/01\/XS_Power_logo.webp 600w\" sizes=\"(max-width: 300px) 100vw, 300px\" \/><\/p>\n<p>XS Power es una empresa estadounidense fundada en 2005, especializada en la producci\u00f3n de bater\u00edas AGM y de litio de \u00faltima generaci\u00f3n. Sus productos son reconocidos mundialmente por su fiabilidad, durabilidad y soluciones innovadoras.<\/p>\n<h3><strong>Caracter\u00edsticas principales de XS Power:<\/strong><\/h3>\n<ul>\n<li class=\"translation-block\"><strong>Bater\u00edas de alto rendimiento:<\/strong> dedicadas a veh\u00edculos de alto rendimiento, motocicletas, sistemas de car audio y almacenamiento de energ\u00eda.<\/li>\n<li class=\"translation-block\"><strong>Tecnolog\u00eda moderna:<\/strong> resistencia a las vibraciones, dise\u00f1o sellado, carga r\u00e1pida y alta potencia de arranque.<\/li>\n<li class=\"translation-block\"><strong>Reconocimiento global:<\/strong> productos utilizados en deportes de motor, competiciones y por entusiastas del car audio en todo el mundo.<\/li>\n<li class=\"translation-block\"><strong>Aplicaci\u00f3n vers\u00e1til:<\/strong> bater\u00edas para motocicletas Harley-Davidson, veh\u00edculos el\u00e9ctricos, sistemas de audio y sistemas industriales de almacenamiento de energ\u00eda.<\/li>\n<\/ul>\n<p>XS Power es una opci\u00f3n de confianza para los usuarios que buscan la m\u00e1xima calidad y fiabilidad tanto en condiciones cotidianas como extremas. \u26a1<\/p>\n<p>&nbsp;<\/p>\n<\/div>","protected":false},"excerpt":{"rendered":"<ul>\n<li class=\"translation-block\"><strong>Aplicaci\u00f3n en motocicletas Harley-Davidson Touring:<\/strong> ligero (3,63 kg)<\/li>\n<li class=\"translation-block\"><strong>Alimentaci\u00f3n estable:<\/strong> para sistemas de audio de hasta <strong>5000 W<\/strong>.<\/li>\n<li class=\"translation-block\"><strong>Alta corriente de arranque:<\/strong> 1500 CA<\/li>\n<li class=\"translation-block\"><strong>Alta capacidad:<\/strong> tiempo de funcionamiento prolongado sin recarga, 30 Ah.<\/li>\n<li class=\"translation-block\"><strong>Carga r\u00e1pida:<\/strong> carga completa en un m\u00e1ximo de 15 minutos.<\/li>\n<li class=\"translation-block\"><strong>Dimensiones compactas:<\/strong> 18,8 x 12,7 x 12,3 cm.<\/li>\n<\/ul>","protected":false},"featured_media":8125,"comment_status":"closed","ping_status":"closed","template":"","meta":{"_acf_changed":false},"product_cat":[53,66],"product_tag":[],"class_list":{"0":"post-8121","1":"product","2":"type-product","3":"status-publish","4":"has-post-thumbnail","6":"product_brand-xspower","7":"product_cat-akcesoria","8":"product_cat-akumulator-harley-touring","10":"first","11":"instock","12":"taxable","13":"shipping-taxable","14":"purchasable","15":"product-type-simple"},"acf":[],"yoast_head":"<!-- This site is optimized with the Yoast SEO Premium plugin v25.1 (Yoast SEO v26.0) - https:\/\/yoast.com\/wordpress\/plugins\/seo\/ -->\n<title>Akumulator Litowo Tytanowy XSPower PWR-S5-30Q do Motocykli Harley Davidson Touring - Mefiu Motorcycle Audio<\/title>\n<meta name=\"description\" content=\"Akumulator XS Power PWR-S5-30Q \u2013 lekki, litowo-tytanowy akumulator idealny do motocykli Harley-Davidson Touring oraz system\u00f3w audio do 5000 W. Wysoka pojemno\u015b\u0107, modu\u0142owa konstrukcja i niezawodno\u015b\u0107 w ka\u017cdej sytuacji.&quot;\" \/>\n<meta name=\"robots\" content=\"noindex, follow, max-snippet:-1, max-image-preview:large, max-video-preview:-1\" \/>\n<meta property=\"og:locale\" content=\"es_ES\" \/>\n<meta property=\"og:type\" content=\"article\" \/>\n<meta property=\"og:title\" content=\"Akumulator Litowo Tytanowy XSPower PWR-S5-30Q do Motocykli Harley Davidson Touring\" \/>\n<meta property=\"og:description\" content=\"Akumulator XS Power PWR-S5-30Q \u2013 lekki, litowo-tytanowy akumulator idealny do motocykli Harley-Davidson Touring oraz system\u00f3w audio do 5000 W. Wysoka pojemno\u015b\u0107, modu\u0142owa konstrukcja i niezawodno\u015b\u0107 w ka\u017cdej sytuacji.&quot;\" \/>\n<meta property=\"og:url\" content=\"https:\/\/motorcycle-audio.eu\/sklep\/akcesoria\/akumulator-harley-touring\/akumulator-litowo-tytanowy-xspower-pwr-s5-30q-do-motocykli-harley-davidson-touring\/\" \/>\n<meta property=\"og:site_name\" content=\"Mefiu Motorcycle Audio\" \/>\n<meta property=\"article:publisher\" content=\"https:\/\/www.facebook.com\/HarleyDavidsonAudio\" \/>\n<meta property=\"article:modified_time\" content=\"2025-01-08T10:29:14+00:00\" \/>\n<meta property=\"og:image\" content=\"https:\/\/motorcycle-audio.eu\/wp-content\/uploads\/2025\/01\/RSV-S5-30Q-top.webp\" \/>\n\t<meta property=\"og:image:width\" content=\"550\" \/>\n\t<meta property=\"og:image:height\" content=\"550\" \/>\n\t<meta property=\"og:image:type\" content=\"image\/webp\" \/>\n<meta name=\"twitter:card\" content=\"summary_large_image\" \/>\n<meta name=\"twitter:label1\" content=\"Est. reading time\" \/>\n\t<meta name=\"twitter:data1\" content=\"3 minutos\" \/>\n<script type=\"application\/ld+json\" class=\"yoast-schema-graph\">{\"@context\":\"https:\/\/schema.org\",\"@graph\":[{\"@type\":\"WebPage\",\"@id\":\"https:\/\/motorcycle-audio.eu\/sklep\/akcesoria\/akumulator-harley-touring\/akumulator-litowo-tytanowy-xspower-pwr-s5-30q-do-motocykli-harley-davidson-touring\/\",\"url\":\"https:\/\/motorcycle-audio.eu\/sklep\/akcesoria\/akumulator-harley-touring\/akumulator-litowo-tytanowy-xspower-pwr-s5-30q-do-motocykli-harley-davidson-touring\/\",\"name\":\"Akumulator Litowo Tytanowy XSPower PWR-S5-30Q do Motocykli Harley Davidson Touring - Mefiu Motorcycle Audio\",\"isPartOf\":{\"@id\":\"https:\/\/ha.dkonto.pl\/#website\"},\"primaryImageOfPage\":{\"@id\":\"https:\/\/motorcycle-audio.eu\/sklep\/akcesoria\/akumulator-harley-touring\/akumulator-litowo-tytanowy-xspower-pwr-s5-30q-do-motocykli-harley-davidson-touring\/#primaryimage\"},\"image\":{\"@id\":\"https:\/\/motorcycle-audio.eu\/sklep\/akcesoria\/akumulator-harley-touring\/akumulator-litowo-tytanowy-xspower-pwr-s5-30q-do-motocykli-harley-davidson-touring\/#primaryimage\"},\"thumbnailUrl\":\"https:\/\/ha.dkonto.pl\/wp-content\/uploads\/2025\/01\/RSV-S5-30Q-top.webp\",\"datePublished\":\"2025-01-07T14:10:58+00:00\",\"dateModified\":\"2025-01-08T10:29:14+00:00\",\"description\":\"Akumulator XS Power PWR-S5-30Q \u2013 lekki, litowo-tytanowy akumulator idealny do motocykli Harley-Davidson Touring oraz system\u00f3w audio do 5000 W. Wysoka pojemno\u015b\u0107, modu\u0142owa konstrukcja i niezawodno\u015b\u0107 w ka\u017cdej sytuacji.\\\"\",\"breadcrumb\":{\"@id\":\"https:\/\/motorcycle-audio.eu\/sklep\/akcesoria\/akumulator-harley-touring\/akumulator-litowo-tytanowy-xspower-pwr-s5-30q-do-motocykli-harley-davidson-touring\/#breadcrumb\"},\"inLanguage\":\"es\",\"potentialAction\":[{\"@type\":\"ReadAction\",\"target\":[\"https:\/\/motorcycle-audio.eu\/sklep\/akcesoria\/akumulator-harley-touring\/akumulator-litowo-tytanowy-xspower-pwr-s5-30q-do-motocykli-harley-davidson-touring\/\"]}]},{\"@type\":\"ImageObject\",\"inLanguage\":\"es\",\"@id\":\"https:\/\/motorcycle-audio.eu\/sklep\/akcesoria\/akumulator-harley-touring\/akumulator-litowo-tytanowy-xspower-pwr-s5-30q-do-motocykli-harley-davidson-touring\/#primaryimage\",\"url\":\"https:\/\/ha.dkonto.pl\/wp-content\/uploads\/2025\/01\/RSV-S5-30Q-top.webp\",\"contentUrl\":\"https:\/\/ha.dkonto.pl\/wp-content\/uploads\/2025\/01\/RSV-S5-30Q-top.webp\",\"width\":550,\"height\":550},{\"@type\":\"BreadcrumbList\",\"@id\":\"https:\/\/motorcycle-audio.eu\/sklep\/akcesoria\/akumulator-harley-touring\/akumulator-litowo-tytanowy-xspower-pwr-s5-30q-do-motocykli-harley-davidson-touring\/#breadcrumb\",\"itemListElement\":[{\"@type\":\"ListItem\",\"position\":1,\"name\":\"Strona g\u0142\u00f3wna\",\"item\":\"https:\/\/motorcycle-audio.eu\/\"},{\"@type\":\"ListItem\",\"position\":2,\"name\":\"Sklep\",\"item\":\"https:\/\/motorcycle-audio.eu\/sklep\/\"},{\"@type\":\"ListItem\",\"position\":3,\"name\":\"Akumulator Litowo Tytanowy XSPower PWR-S5-30Q do Motocykli Harley Davidson Touring\"}]},{\"@type\":\"WebSite\",\"@id\":\"https:\/\/ha.dkonto.pl\/#website\",\"url\":\"https:\/\/ha.dkonto.pl\/\",\"name\":\"Mefiu Motorcycle Audio\",\"description\":\"Play it loud!\",\"publisher\":{\"@id\":\"https:\/\/ha.dkonto.pl\/#organization\"},\"potentialAction\":[{\"@type\":\"SearchAction\",\"target\":{\"@type\":\"EntryPoint\",\"urlTemplate\":\"https:\/\/ha.dkonto.pl\/?s={search_term_string}\"},\"query-input\":{\"@type\":\"PropertyValueSpecification\",\"valueRequired\":true,\"valueName\":\"search_term_string\"}}],\"inLanguage\":\"es\"},{\"@type\":\"Organization\",\"@id\":\"https:\/\/ha.dkonto.pl\/#organization\",\"name\":\"Mefiu Motorcycle Audio\",\"url\":\"https:\/\/ha.dkonto.pl\/\",\"logo\":{\"@type\":\"ImageObject\",\"inLanguage\":\"es\",\"@id\":\"https:\/\/ha.dkonto.pl\/#\/schema\/logo\/image\/\",\"url\":\"https:\/\/ha.dkonto.pl\/wp-content\/uploads\/2025\/05\/mefiu_logo.png\",\"contentUrl\":\"https:\/\/ha.dkonto.pl\/wp-content\/uploads\/2025\/05\/mefiu_logo.png\",\"width\":150,\"height\":150,\"caption\":\"Mefiu Motorcycle Audio\"},\"image\":{\"@id\":\"https:\/\/ha.dkonto.pl\/#\/schema\/logo\/image\/\"},\"sameAs\":[\"https:\/\/www.facebook.com\/HarleyDavidsonAudio\"]}]}<\/script>\n<!-- \/ Yoast SEO Premium plugin. -->","yoast_head_json":{"title":"Bater\u00eda de litio y titanio XSPower PWR-S5-30Q para motocicletas Harley Davidson Touring - Mefiu Motorcycle Audio","description":"Bater\u00eda XS Power PWR-S5-30Q: una bater\u00eda de titanato de litio ligera ideal para motocicletas Harley-Davidson Touring y sistemas de audio de hasta 5000 W. Alta capacidad, dise\u00f1o modular y fiabilidad en cualquier situaci\u00f3n.","robots":{"index":"noindex","follow":"follow","max-snippet":"max-snippet:-1","max-image-preview":"max-image-preview:large","max-video-preview":"max-video-preview:-1"},"og_locale":"es_ES","og_type":"article","og_title":"Akumulator Litowo Tytanowy XSPower PWR-S5-30Q do Motocykli Harley Davidson Touring","og_description":"Akumulator XS Power PWR-S5-30Q \u2013 lekki, litowo-tytanowy akumulator idealny do motocykli Harley-Davidson Touring oraz system\u00f3w audio do 5000 W. Wysoka pojemno\u015b\u0107, modu\u0142owa konstrukcja i niezawodno\u015b\u0107 w ka\u017cdej sytuacji.\"","og_url":"https:\/\/motorcycle-audio.eu\/sklep\/akcesoria\/akumulator-harley-touring\/akumulator-litowo-tytanowy-xspower-pwr-s5-30q-do-motocykli-harley-davidson-touring\/","og_site_name":"Mefiu Motorcycle Audio","article_publisher":"https:\/\/www.facebook.com\/HarleyDavidsonAudio","article_modified_time":"2025-01-08T10:29:14+00:00","og_image":[{"width":550,"height":550,"url":"https:\/\/motorcycle-audio.eu\/wp-content\/uploads\/2025\/01\/RSV-S5-30Q-top.webp","type":"image\/webp"}],"twitter_card":"summary_large_image","twitter_misc":{"Est. reading time":"3 minutos"},"schema":{"@context":"https:\/\/schema.org","@graph":[{"@type":"WebPage","@id":"https:\/\/motorcycle-audio.eu\/sklep\/akcesoria\/akumulator-harley-touring\/akumulator-litowo-tytanowy-xspower-pwr-s5-30q-do-motocykli-harley-davidson-touring\/","url":"https:\/\/motorcycle-audio.eu\/sklep\/akcesoria\/akumulator-harley-touring\/akumulator-litowo-tytanowy-xspower-pwr-s5-30q-do-motocykli-harley-davidson-touring\/","name":"Bater\u00eda de litio y titanio XSPower PWR-S5-30Q para motocicletas Harley Davidson Touring - Mefiu Motorcycle Audio","isPartOf":{"@id":"https:\/\/ha.dkonto.pl\/#website"},"primaryImageOfPage":{"@id":"https:\/\/motorcycle-audio.eu\/sklep\/akcesoria\/akumulator-harley-touring\/akumulator-litowo-tytanowy-xspower-pwr-s5-30q-do-motocykli-harley-davidson-touring\/#primaryimage"},"image":{"@id":"https:\/\/motorcycle-audio.eu\/sklep\/akcesoria\/akumulator-harley-touring\/akumulator-litowo-tytanowy-xspower-pwr-s5-30q-do-motocykli-harley-davidson-touring\/#primaryimage"},"thumbnailUrl":"https:\/\/ha.dkonto.pl\/wp-content\/uploads\/2025\/01\/RSV-S5-30Q-top.webp","datePublished":"2025-01-07T14:10:58+00:00","dateModified":"2025-01-08T10:29:14+00:00","description":"Bater\u00eda XS Power PWR-S5-30Q: una bater\u00eda de titanato de litio ligera ideal para motocicletas Harley-Davidson Touring y sistemas de audio de hasta 5000 W. Alta capacidad, dise\u00f1o modular y fiabilidad en cualquier situaci\u00f3n.","breadcrumb":{"@id":"https:\/\/motorcycle-audio.eu\/sklep\/akcesoria\/akumulator-harley-touring\/akumulator-litowo-tytanowy-xspower-pwr-s5-30q-do-motocykli-harley-davidson-touring\/#breadcrumb"},"inLanguage":"es","potentialAction":[{"@type":"ReadAction","target":["https:\/\/motorcycle-audio.eu\/sklep\/akcesoria\/akumulator-harley-touring\/akumulator-litowo-tytanowy-xspower-pwr-s5-30q-do-motocykli-harley-davidson-touring\/"]}]},{"@type":"ImageObject","inLanguage":"es","@id":"https:\/\/motorcycle-audio.eu\/sklep\/akcesoria\/akumulator-harley-touring\/akumulator-litowo-tytanowy-xspower-pwr-s5-30q-do-motocykli-harley-davidson-touring\/#primaryimage","url":"https:\/\/ha.dkonto.pl\/wp-content\/uploads\/2025\/01\/RSV-S5-30Q-top.webp","contentUrl":"https:\/\/ha.dkonto.pl\/wp-content\/uploads\/2025\/01\/RSV-S5-30Q-top.webp","width":550,"height":550},{"@type":"BreadcrumbList","@id":"https:\/\/motorcycle-audio.eu\/sklep\/akcesoria\/akumulator-harley-touring\/akumulator-litowo-tytanowy-xspower-pwr-s5-30q-do-motocykli-harley-davidson-touring\/#breadcrumb","itemListElement":[{"@type":"ListItem","position":1,"name":"Strona g\u0142\u00f3wna","item":"https:\/\/motorcycle-audio.eu\/"},{"@type":"ListItem","position":2,"name":"Sklep","item":"https:\/\/motorcycle-audio.eu\/sklep\/"},{"@type":"ListItem","position":3,"name":"Akumulator Litowo Tytanowy XSPower PWR-S5-30Q do Motocykli Harley Davidson Touring"}]},{"@type":"WebSite","@id":"https:\/\/ha.dkonto.pl\/#website","url":"https:\/\/ha.dkonto.pl\/","name":"Mefiu Motorcycle Audio","description":"Play it loud!","publisher":{"@id":"https:\/\/ha.dkonto.pl\/#organization"},"potentialAction":[{"@type":"SearchAction","target":{"@type":"EntryPoint","urlTemplate":"https:\/\/ha.dkonto.pl\/?s={search_term_string}"},"query-input":{"@type":"PropertyValueSpecification","valueRequired":true,"valueName":"search_term_string"}}],"inLanguage":"es"},{"@type":"Organization","@id":"https:\/\/ha.dkonto.pl\/#organization","name":"Mefiu Motorcycle Audio","url":"https:\/\/ha.dkonto.pl\/","logo":{"@type":"ImageObject","inLanguage":"es","@id":"https:\/\/ha.dkonto.pl\/#\/schema\/logo\/image\/","url":"https:\/\/ha.dkonto.pl\/wp-content\/uploads\/2025\/05\/mefiu_logo.png","contentUrl":"https:\/\/ha.dkonto.pl\/wp-content\/uploads\/2025\/05\/mefiu_logo.png","width":150,"height":150,"caption":"Mefiu Motorcycle Audio"},"image":{"@id":"https:\/\/ha.dkonto.pl\/#\/schema\/logo\/image\/"},"sameAs":["https:\/\/www.facebook.com\/HarleyDavidsonAudio"]}]}},"jetpack_sharing_enabled":true,"_links":{"self":[{"href":"https:\/\/ha.dkonto.pl\/es\/wp-json\/wp\/v2\/product\/8121","targetHints":{"allow":["GET"]}}],"collection":[{"href":"https:\/\/ha.dkonto.pl\/es\/wp-json\/wp\/v2\/product"}],"about":[{"href":"https:\/\/ha.dkonto.pl\/es\/wp-json\/wp\/v2\/types\/product"}],"replies":[{"embeddable":true,"href":"https:\/\/ha.dkonto.pl\/es\/wp-json\/wp\/v2\/comments?post=8121"}],"version-history":[{"count":0,"href":"https:\/\/ha.dkonto.pl\/es\/wp-json\/wp\/v2\/product\/8121\/revisions"}],"wp:featuredmedia":[{"embeddable":true,"href":"https:\/\/ha.dkonto.pl\/es\/wp-json\/wp\/v2\/media\/8125"}],"wp:attachment":[{"href":"https:\/\/ha.dkonto.pl\/es\/wp-json\/wp\/v2\/media?parent=8121"}],"wp:term":[{"taxonomy":"product_cat","embeddable":true,"href":"https:\/\/ha.dkonto.pl\/es\/wp-json\/wp\/v2\/product_cat?post=8121"},{"taxonomy":"product_tag","embeddable":true,"href":"https:\/\/ha.dkonto.pl\/es\/wp-json\/wp\/v2\/product_tag?post=8121"}],"curies":[{"name":"wp","href":"https:\/\/api.w.org\/{rel}","templated":true}]}}