{"id":8054,"date":"2024-09-30T12:20:49","date_gmt":"2024-09-30T10:20:49","guid":{"rendered":"https:\/\/motorcycle-audio.eu\/?post_type=product&#038;p=8054"},"modified":"2024-12-17T19:43:57","modified_gmt":"2024-12-17T18:43:57","slug":"caja-de-altavoces-metra-bc-hdlfp-para-carena-inferior-65-675-para-modelos-touring","status":"publish","type":"product","link":"https:\/\/ha.dkonto.pl\/es\/tienda\/accesorios\/carcasas\/caja-de-altavoces-metra-bc-hdlfp-para-carena-inferior-65-675-para-modelos-touring\/","title":{"rendered":"Carcasa de altavoces Lower Fairing 6,5 - 6,75\u201d Metra BC-HDLFPP para modelos Touring"},"content":{"rendered":"<ul>\n<li>Compatible con altavoces de 6,5\" a 6,75\" en modelos Harley-Davidson\u00ae a partir de 2014.<\/li>\n<li>Compatible con carenados inferiores OEM y Saddle Tramp<\/li>\n<li>El dise\u00f1o incluye un puerto de graves para mejorar los bajos.<\/li>\n<li>Pintado de negro mate<\/li>\n<li>Se venden por pares.<\/li>\n<\/ul>","protected":false},"excerpt":{"rendered":"<ul>\n<li>Compatible con altavoces de 6,5\" a 6,75\" en modelos Harley-Davidson\u00ae a partir de 2014.<\/li>\n<li>Compatible con carenados inferiores OEM y Saddle Tramp<\/li>\n<li>El dise\u00f1o incluye un puerto de graves para mejorar los bajos.<\/li>\n<li>Pintado de negro mate<\/li>\n<li>Se venden por pares.<\/li>\n<\/ul>","protected":false},"featured_media":8055,"comment_status":"closed","ping_status":"closed","template":"","meta":{"_acf_changed":false},"product_cat":[53,61],"product_tag":[],"class_list":{"0":"post-8054","1":"product","2":"type-product","3":"status-publish","4":"has-post-thumbnail","6":"product_brand-metra","7":"product_cat-akcesoria","8":"product_cat-obudowy","10":"first","11":"instock","12":"taxable","13":"shipping-taxable","14":"purchasable","15":"product-type-simple"},"acf":[],"yoast_head":"<!-- This site is optimized with the Yoast SEO Premium plugin v25.1 (Yoast SEO v26.0) - https:\/\/yoast.com\/wordpress\/plugins\/seo\/ -->\n<title>Obudowa g\u0142o\u015bnik\u00f3w lower Fairing 6,5 -6,75 \u201d Metra BC-HDLFPPdo modeli Touring - Mefiu Motorcycle Audio<\/title>\n<meta name=\"robots\" content=\"noindex, follow, max-snippet:-1, max-image-preview:large, max-video-preview:-1\" \/>\n<meta property=\"og:locale\" content=\"es_ES\" \/>\n<meta property=\"og:type\" content=\"article\" \/>\n<meta property=\"og:title\" content=\"Obudowa g\u0142o\u015bnik\u00f3w lower Fairing 6,5 -6,75 \u201d Metra BC-HDLFPPdo modeli Touring\" \/>\n<meta property=\"og:description\" content=\"Pasuje do g\u0142o\u015bnik\u00f3w od 6,5\u201d do 6,75\u201d w modelach Harley-Davidson\u00ae 2014-up  Pasuje do dolnych owiewek OEM i Saddle Tramp  Konstrukcja zawiera port basowy dla uzyskania lepszego basu  Pomalowane na czarny mat  Sprzedawane jako para\" \/>\n<meta property=\"og:url\" content=\"https:\/\/motorcycle-audio.eu\/sklep\/akcesoria\/obudowy\/obudowa-glosnikow-lower-fairing-65-675-metra-bc-hdlfppdo-modeli-touring\/\" \/>\n<meta property=\"og:site_name\" content=\"Mefiu Motorcycle Audio\" \/>\n<meta property=\"article:publisher\" content=\"https:\/\/www.facebook.com\/HarleyDavidsonAudio\" \/>\n<meta property=\"article:modified_time\" content=\"2024-12-17T18:43:57+00:00\" \/>\n<meta property=\"og:image\" content=\"https:\/\/motorcycle-audio.eu\/wp-content\/uploads\/2024\/09\/BC-HDLFPP_angle_left.jpg\" \/>\n\t<meta property=\"og:image:width\" content=\"2500\" \/>\n\t<meta property=\"og:image:height\" content=\"2500\" \/>\n\t<meta property=\"og:image:type\" content=\"image\/jpeg\" \/>\n<meta name=\"twitter:card\" content=\"summary_large_image\" \/>\n<meta name=\"twitter:label1\" content=\"Est. reading time\" \/>\n\t<meta name=\"twitter:data1\" content=\"1 minuto\" \/>\n<script type=\"application\/ld+json\" class=\"yoast-schema-graph\">{\"@context\":\"https:\/\/schema.org\",\"@graph\":[{\"@type\":\"WebPage\",\"@id\":\"https:\/\/motorcycle-audio.eu\/sklep\/akcesoria\/obudowy\/obudowa-glosnikow-lower-fairing-65-675-metra-bc-hdlfppdo-modeli-touring\/\",\"url\":\"https:\/\/motorcycle-audio.eu\/sklep\/akcesoria\/obudowy\/obudowa-glosnikow-lower-fairing-65-675-metra-bc-hdlfppdo-modeli-touring\/\",\"name\":\"Obudowa g\u0142o\u015bnik\u00f3w lower Fairing 6,5 -6,75 \u201d Metra BC-HDLFPPdo modeli Touring - Mefiu Motorcycle Audio\",\"isPartOf\":{\"@id\":\"https:\/\/ha.dkonto.pl\/#website\"},\"primaryImageOfPage\":{\"@id\":\"https:\/\/motorcycle-audio.eu\/sklep\/akcesoria\/obudowy\/obudowa-glosnikow-lower-fairing-65-675-metra-bc-hdlfppdo-modeli-touring\/#primaryimage\"},\"image\":{\"@id\":\"https:\/\/motorcycle-audio.eu\/sklep\/akcesoria\/obudowy\/obudowa-glosnikow-lower-fairing-65-675-metra-bc-hdlfppdo-modeli-touring\/#primaryimage\"},\"thumbnailUrl\":\"https:\/\/ha.dkonto.pl\/wp-content\/uploads\/2024\/09\/BC-HDLFPP_angle_left.jpg\",\"datePublished\":\"2024-09-30T10:20:49+00:00\",\"dateModified\":\"2024-12-17T18:43:57+00:00\",\"breadcrumb\":{\"@id\":\"https:\/\/motorcycle-audio.eu\/sklep\/akcesoria\/obudowy\/obudowa-glosnikow-lower-fairing-65-675-metra-bc-hdlfppdo-modeli-touring\/#breadcrumb\"},\"inLanguage\":\"es\",\"potentialAction\":[{\"@type\":\"ReadAction\",\"target\":[\"https:\/\/motorcycle-audio.eu\/sklep\/akcesoria\/obudowy\/obudowa-glosnikow-lower-fairing-65-675-metra-bc-hdlfppdo-modeli-touring\/\"]}]},{\"@type\":\"ImageObject\",\"inLanguage\":\"es\",\"@id\":\"https:\/\/motorcycle-audio.eu\/sklep\/akcesoria\/obudowy\/obudowa-glosnikow-lower-fairing-65-675-metra-bc-hdlfppdo-modeli-touring\/#primaryimage\",\"url\":\"https:\/\/ha.dkonto.pl\/wp-content\/uploads\/2024\/09\/BC-HDLFPP_angle_left.jpg\",\"contentUrl\":\"https:\/\/ha.dkonto.pl\/wp-content\/uploads\/2024\/09\/BC-HDLFPP_angle_left.jpg\",\"width\":2500,\"height\":2500},{\"@type\":\"BreadcrumbList\",\"@id\":\"https:\/\/motorcycle-audio.eu\/sklep\/akcesoria\/obudowy\/obudowa-glosnikow-lower-fairing-65-675-metra-bc-hdlfppdo-modeli-touring\/#breadcrumb\",\"itemListElement\":[{\"@type\":\"ListItem\",\"position\":1,\"name\":\"Strona g\u0142\u00f3wna\",\"item\":\"https:\/\/motorcycle-audio.eu\/\"},{\"@type\":\"ListItem\",\"position\":2,\"name\":\"Sklep\",\"item\":\"https:\/\/motorcycle-audio.eu\/sklep\/\"},{\"@type\":\"ListItem\",\"position\":3,\"name\":\"Obudowa g\u0142o\u015bnik\u00f3w lower Fairing 6,5 -6,75 \u201d Metra BC-HDLFPPdo modeli Touring\"}]},{\"@type\":\"WebSite\",\"@id\":\"https:\/\/ha.dkonto.pl\/#website\",\"url\":\"https:\/\/ha.dkonto.pl\/\",\"name\":\"Mefiu Motorcycle Audio\",\"description\":\"Play it loud!\",\"publisher\":{\"@id\":\"https:\/\/ha.dkonto.pl\/#organization\"},\"potentialAction\":[{\"@type\":\"SearchAction\",\"target\":{\"@type\":\"EntryPoint\",\"urlTemplate\":\"https:\/\/ha.dkonto.pl\/?s={search_term_string}\"},\"query-input\":{\"@type\":\"PropertyValueSpecification\",\"valueRequired\":true,\"valueName\":\"search_term_string\"}}],\"inLanguage\":\"es\"},{\"@type\":\"Organization\",\"@id\":\"https:\/\/ha.dkonto.pl\/#organization\",\"name\":\"Mefiu Motorcycle Audio\",\"url\":\"https:\/\/ha.dkonto.pl\/\",\"logo\":{\"@type\":\"ImageObject\",\"inLanguage\":\"es\",\"@id\":\"https:\/\/ha.dkonto.pl\/#\/schema\/logo\/image\/\",\"url\":\"https:\/\/ha.dkonto.pl\/wp-content\/uploads\/2025\/05\/mefiu_logo.png\",\"contentUrl\":\"https:\/\/ha.dkonto.pl\/wp-content\/uploads\/2025\/05\/mefiu_logo.png\",\"width\":150,\"height\":150,\"caption\":\"Mefiu Motorcycle Audio\"},\"image\":{\"@id\":\"https:\/\/ha.dkonto.pl\/#\/schema\/logo\/image\/\"},\"sameAs\":[\"https:\/\/www.facebook.com\/HarleyDavidsonAudio\"]}]}<\/script>\n<!-- \/ Yoast SEO Premium plugin. -->","yoast_head_json":{"title":"Caja ac\u00fastica para carenado inferior de 6,5 a 6,75 pulgadas Metra BC-HDLFPP para modelos Touring - Mefiu Motorcycle Audio","robots":{"index":"noindex","follow":"follow","max-snippet":"max-snippet:-1","max-image-preview":"max-image-preview:large","max-video-preview":"max-video-preview:-1"},"og_locale":"es_ES","og_type":"article","og_title":"Obudowa g\u0142o\u015bnik\u00f3w lower Fairing 6,5 -6,75 \u201d Metra BC-HDLFPPdo modeli Touring","og_description":"Pasuje do g\u0142o\u015bnik\u00f3w od 6,5\u201d do 6,75\u201d w modelach Harley-Davidson\u00ae 2014-up  Pasuje do dolnych owiewek OEM i Saddle Tramp  Konstrukcja zawiera port basowy dla uzyskania lepszego basu  Pomalowane na czarny mat  Sprzedawane jako para","og_url":"https:\/\/motorcycle-audio.eu\/sklep\/akcesoria\/obudowy\/obudowa-glosnikow-lower-fairing-65-675-metra-bc-hdlfppdo-modeli-touring\/","og_site_name":"Mefiu Motorcycle Audio","article_publisher":"https:\/\/www.facebook.com\/HarleyDavidsonAudio","article_modified_time":"2024-12-17T18:43:57+00:00","og_image":[{"width":2500,"height":2500,"url":"https:\/\/motorcycle-audio.eu\/wp-content\/uploads\/2024\/09\/BC-HDLFPP_angle_left.jpg","type":"image\/jpeg"}],"twitter_card":"summary_large_image","twitter_misc":{"Est. reading time":"1 minuto"},"schema":{"@context":"https:\/\/schema.org","@graph":[{"@type":"WebPage","@id":"https:\/\/motorcycle-audio.eu\/sklep\/akcesoria\/obudowy\/obudowa-glosnikow-lower-fairing-65-675-metra-bc-hdlfppdo-modeli-touring\/","url":"https:\/\/motorcycle-audio.eu\/sklep\/akcesoria\/obudowy\/obudowa-glosnikow-lower-fairing-65-675-metra-bc-hdlfppdo-modeli-touring\/","name":"Caja ac\u00fastica para carenado inferior de 6,5 a 6,75 pulgadas Metra BC-HDLFPP para modelos Touring - Mefiu Motorcycle Audio","isPartOf":{"@id":"https:\/\/ha.dkonto.pl\/#website"},"primaryImageOfPage":{"@id":"https:\/\/motorcycle-audio.eu\/sklep\/akcesoria\/obudowy\/obudowa-glosnikow-lower-fairing-65-675-metra-bc-hdlfppdo-modeli-touring\/#primaryimage"},"image":{"@id":"https:\/\/motorcycle-audio.eu\/sklep\/akcesoria\/obudowy\/obudowa-glosnikow-lower-fairing-65-675-metra-bc-hdlfppdo-modeli-touring\/#primaryimage"},"thumbnailUrl":"https:\/\/ha.dkonto.pl\/wp-content\/uploads\/2024\/09\/BC-HDLFPP_angle_left.jpg","datePublished":"2024-09-30T10:20:49+00:00","dateModified":"2024-12-17T18:43:57+00:00","breadcrumb":{"@id":"https:\/\/motorcycle-audio.eu\/sklep\/akcesoria\/obudowy\/obudowa-glosnikow-lower-fairing-65-675-metra-bc-hdlfppdo-modeli-touring\/#breadcrumb"},"inLanguage":"es","potentialAction":[{"@type":"ReadAction","target":["https:\/\/motorcycle-audio.eu\/sklep\/akcesoria\/obudowy\/obudowa-glosnikow-lower-fairing-65-675-metra-bc-hdlfppdo-modeli-touring\/"]}]},{"@type":"ImageObject","inLanguage":"es","@id":"https:\/\/motorcycle-audio.eu\/sklep\/akcesoria\/obudowy\/obudowa-glosnikow-lower-fairing-65-675-metra-bc-hdlfppdo-modeli-touring\/#primaryimage","url":"https:\/\/ha.dkonto.pl\/wp-content\/uploads\/2024\/09\/BC-HDLFPP_angle_left.jpg","contentUrl":"https:\/\/ha.dkonto.pl\/wp-content\/uploads\/2024\/09\/BC-HDLFPP_angle_left.jpg","width":2500,"height":2500},{"@type":"BreadcrumbList","@id":"https:\/\/motorcycle-audio.eu\/sklep\/akcesoria\/obudowy\/obudowa-glosnikow-lower-fairing-65-675-metra-bc-hdlfppdo-modeli-touring\/#breadcrumb","itemListElement":[{"@type":"ListItem","position":1,"name":"Strona g\u0142\u00f3wna","item":"https:\/\/motorcycle-audio.eu\/"},{"@type":"ListItem","position":2,"name":"Sklep","item":"https:\/\/motorcycle-audio.eu\/sklep\/"},{"@type":"ListItem","position":3,"name":"Obudowa g\u0142o\u015bnik\u00f3w lower Fairing 6,5 -6,75 \u201d Metra BC-HDLFPPdo modeli Touring"}]},{"@type":"WebSite","@id":"https:\/\/ha.dkonto.pl\/#website","url":"https:\/\/ha.dkonto.pl\/","name":"Mefiu Motorcycle Audio","description":"Play it loud!","publisher":{"@id":"https:\/\/ha.dkonto.pl\/#organization"},"potentialAction":[{"@type":"SearchAction","target":{"@type":"EntryPoint","urlTemplate":"https:\/\/ha.dkonto.pl\/?s={search_term_string}"},"query-input":{"@type":"PropertyValueSpecification","valueRequired":true,"valueName":"search_term_string"}}],"inLanguage":"es"},{"@type":"Organization","@id":"https:\/\/ha.dkonto.pl\/#organization","name":"Mefiu Motorcycle Audio","url":"https:\/\/ha.dkonto.pl\/","logo":{"@type":"ImageObject","inLanguage":"es","@id":"https:\/\/ha.dkonto.pl\/#\/schema\/logo\/image\/","url":"https:\/\/ha.dkonto.pl\/wp-content\/uploads\/2025\/05\/mefiu_logo.png","contentUrl":"https:\/\/ha.dkonto.pl\/wp-content\/uploads\/2025\/05\/mefiu_logo.png","width":150,"height":150,"caption":"Mefiu Motorcycle Audio"},"image":{"@id":"https:\/\/ha.dkonto.pl\/#\/schema\/logo\/image\/"},"sameAs":["https:\/\/www.facebook.com\/HarleyDavidsonAudio"]}]}},"jetpack_sharing_enabled":true,"_links":{"self":[{"href":"https:\/\/ha.dkonto.pl\/es\/wp-json\/wp\/v2\/product\/8054","targetHints":{"allow":["GET"]}}],"collection":[{"href":"https:\/\/ha.dkonto.pl\/es\/wp-json\/wp\/v2\/product"}],"about":[{"href":"https:\/\/ha.dkonto.pl\/es\/wp-json\/wp\/v2\/types\/product"}],"replies":[{"embeddable":true,"href":"https:\/\/ha.dkonto.pl\/es\/wp-json\/wp\/v2\/comments?post=8054"}],"version-history":[{"count":0,"href":"https:\/\/ha.dkonto.pl\/es\/wp-json\/wp\/v2\/product\/8054\/revisions"}],"wp:featuredmedia":[{"embeddable":true,"href":"https:\/\/ha.dkonto.pl\/es\/wp-json\/wp\/v2\/media\/8055"}],"wp:attachment":[{"href":"https:\/\/ha.dkonto.pl\/es\/wp-json\/wp\/v2\/media?parent=8054"}],"wp:term":[{"taxonomy":"product_cat","embeddable":true,"href":"https:\/\/ha.dkonto.pl\/es\/wp-json\/wp\/v2\/product_cat?post=8054"},{"taxonomy":"product_tag","embeddable":true,"href":"https:\/\/ha.dkonto.pl\/es\/wp-json\/wp\/v2\/product_tag?post=8054"}],"curies":[{"name":"wp","href":"https:\/\/api.w.org\/{rel}","templated":true}]}}