{"id":7838,"date":"2024-03-05T16:17:50","date_gmt":"2024-03-05T15:17:50","guid":{"rendered":"https:\/\/motorcycle-audio.eu\/?post_type=product&#038;p=7838"},"modified":"2024-12-02T14:16:30","modified_gmt":"2024-12-02T13:16:30","slug":"radio-rockford-fosgate-pmx-hd14-para-harley-davidson-street-glide-road-glide-electra","status":"publish","type":"product","link":"https:\/\/ha.dkonto.pl\/es\/tienda\/radios\/radio-rockford-fosgate-pmx-hd14-para-harley-davidson-street-glide-road-glide-electra\/","title":{"rendered":"Radio Rockford Fosgate PMX-HD14 para Harley Davidson Street Glide, Road Glide, Electra Glide 2014+"},"content":{"rendered":"<p>La radio Rockford Fosgate PMX-HD14 ha sido especialmente dise\u00f1ada para ofrecer el m\u00e1ximo rendimiento. Equipada con funciones modernas como Apple Car Play\u00ae, instalaci\u00f3n plug-and-play, compatibilidad con auriculares inal\u00e1mbricos CB y el modo Street Party Mode\u2122, que permite emparejar y transmitir la misma canci\u00f3n a varios receptores de radio simult\u00e1neamente.<\/p>\n<p>Pantalla a todo color: Equipada con una pantalla TFT de 7 pulgadas, la radio Rockford Fosgate para motocicletas Harley Davidson no solo tiene un aspecto incre\u00edble, sino que tambi\u00e9n ofrece funcionalidad t\u00e1ctil completa, que funciona incluso con guantes de moto.<\/p>\n<p>Control total: Contr\u00f3lalo seg\u00fan tus preferencias. La radio PMX-HD14 conserva todos los botones originales del manillar y la conexi\u00f3n CB con auriculares inal\u00e1mbricos, sin necesidad de instalar el m\u00f3dulo WHIM, y gracias al Apple CarPlay\u00ae integrado, gestionar listas de reproducci\u00f3n y aplicaciones nunca ha sido tan f\u00e1cil.<\/p>\n<p>Optimizaci\u00f3n del sonido: La radio Rockford Fosgate PMX-HD14 ha sido dise\u00f1ada espec\u00edficamente para el sistema de audio actual de tu motocicleta, por lo que, sin importar la configuraci\u00f3n que tengas, obtendr\u00e1s un sonido de calidad premium.<\/p>\n<p>Modo Street Party Mode\u2122: Lleva la fiesta a las calles. El modo Street Party permite conectar hasta 8 receptores de radio y transmitir la misma canci\u00f3n desde una unidad PMX-HD14 emisora.<\/p>","protected":false},"excerpt":{"rendered":"<div class=\"product description product-item-description\">\n<ul>\n<li>Pantalla t\u00e1ctil de 7\u2033<\/li>\n<li>Posibilidad de conexi\u00f3n por Bluetooth<\/li>\n<li>CarPlay mediante USB<\/li>\n<li>La radio es compatible con el sistema WHIM de Harley y con los intercomunicadores Sena<strong><br \/>\n<\/strong><\/li>\n<li>Street Party Mode\u2122 \u2013 Posibilidad de conectar hasta 8 motocicletas (una transmite \u2013 todas reproducen)<\/li>\n<li>Ecualizador gr\u00e1fico de 14 bandas<\/li>\n<li>Ajustes preestablecidos dedicados a los distintos Stage de Harley<\/li>\n<\/ul>\n<\/div>","protected":false},"featured_media":7952,"comment_status":"closed","ping_status":"closed","template":"","meta":{"_acf_changed":false},"product_cat":[49],"product_tag":[],"class_list":{"0":"post-7838","1":"product","2":"type-product","3":"status-publish","4":"has-post-thumbnail","6":"product_brand-rockford-fosgate","7":"product_cat-radia","9":"first","10":"instock","11":"taxable","12":"shipping-taxable","13":"purchasable","14":"product-type-simple"},"acf":[],"yoast_head":"<!-- This site is optimized with the Yoast SEO Premium plugin v25.1 (Yoast SEO v26.0) - https:\/\/yoast.com\/wordpress\/plugins\/seo\/ -->\n<title>Radio Rockford Fosgate PMX-HD14 Do motocykli Harley Davidson Street Glide, Road Glide, Electra Glide 2014+ - Mefiu Motorcycle Audio<\/title>\n<meta name=\"robots\" content=\"noindex, follow, max-snippet:-1, max-image-preview:large, max-video-preview:-1\" \/>\n<meta property=\"og:locale\" content=\"es_ES\" \/>\n<meta property=\"og:type\" content=\"article\" \/>\n<meta property=\"og:title\" content=\"Radio Rockford Fosgate PMX-HD14 Do motocykli Harley Davidson Street Glide, Road Glide, Electra Glide 2014+\" \/>\n<meta property=\"og:description\" content=\"7&quot; Dotykowy ekran  Mo\u017cliwo\u015b\u0107 po\u0142\u0105czenia po Bluetooth  Car Play przez USB  Radio wsp\u00f3\u0142pracuje z WHIM Harleya i zestawami s\u0142uchawkowymi Seny   Street Party Mode\u2122 - MO\u017cliwo\u015b\u0107 pod\u0142\u0105czenia do 8 motocykli ( jeden nadaje - Wszystkie odtwarzaj\u0105)  14 suwakowy graficzny equalizer  Presety dedykowane poszczeg\u00f3lnym Stage Harleya\" \/>\n<meta property=\"og:url\" content=\"https:\/\/motorcycle-audio.eu\/sklep\/radia\/radio-rockford-fosgate-pmx-hd14-do-motocykli-harley-davidson-street-glide-road-glide-electra\/\" \/>\n<meta property=\"og:site_name\" content=\"Mefiu Motorcycle Audio\" \/>\n<meta property=\"article:publisher\" content=\"https:\/\/www.facebook.com\/HarleyDavidsonAudio\" \/>\n<meta property=\"article:modified_time\" content=\"2024-12-02T13:16:30+00:00\" \/>\n<meta property=\"og:image\" content=\"https:\/\/motorcycle-audio.eu\/wp-content\/uploads\/2024\/03\/Radio-Do-motocykla-harley-davidson-pmx-hd14_0.png\" \/>\n\t<meta property=\"og:image:width\" content=\"575\" \/>\n\t<meta property=\"og:image:height\" content=\"575\" \/>\n\t<meta property=\"og:image:type\" content=\"image\/png\" \/>\n<meta name=\"twitter:card\" content=\"summary_large_image\" \/>\n<meta name=\"twitter:label1\" content=\"Est. reading time\" \/>\n\t<meta name=\"twitter:data1\" content=\"2 minutos\" \/>\n<script type=\"application\/ld+json\" class=\"yoast-schema-graph\">{\"@context\":\"https:\/\/schema.org\",\"@graph\":[{\"@type\":\"WebPage\",\"@id\":\"https:\/\/motorcycle-audio.eu\/sklep\/radia\/radio-rockford-fosgate-pmx-hd14-do-motocykli-harley-davidson-street-glide-road-glide-electra\/\",\"url\":\"https:\/\/motorcycle-audio.eu\/sklep\/radia\/radio-rockford-fosgate-pmx-hd14-do-motocykli-harley-davidson-street-glide-road-glide-electra\/\",\"name\":\"Radio Rockford Fosgate PMX-HD14 Do motocykli Harley Davidson Street Glide, Road Glide, Electra Glide 2014+ - Mefiu Motorcycle Audio\",\"isPartOf\":{\"@id\":\"https:\/\/ha.dkonto.pl\/#website\"},\"primaryImageOfPage\":{\"@id\":\"https:\/\/motorcycle-audio.eu\/sklep\/radia\/radio-rockford-fosgate-pmx-hd14-do-motocykli-harley-davidson-street-glide-road-glide-electra\/#primaryimage\"},\"image\":{\"@id\":\"https:\/\/motorcycle-audio.eu\/sklep\/radia\/radio-rockford-fosgate-pmx-hd14-do-motocykli-harley-davidson-street-glide-road-glide-electra\/#primaryimage\"},\"thumbnailUrl\":\"https:\/\/ha.dkonto.pl\/wp-content\/uploads\/2024\/03\/Radio-Do-motocykla-harley-davidson-pmx-hd14_0.png\",\"datePublished\":\"2024-03-05T15:17:50+00:00\",\"dateModified\":\"2024-12-02T13:16:30+00:00\",\"breadcrumb\":{\"@id\":\"https:\/\/motorcycle-audio.eu\/sklep\/radia\/radio-rockford-fosgate-pmx-hd14-do-motocykli-harley-davidson-street-glide-road-glide-electra\/#breadcrumb\"},\"inLanguage\":\"es\",\"potentialAction\":[{\"@type\":\"ReadAction\",\"target\":[\"https:\/\/motorcycle-audio.eu\/sklep\/radia\/radio-rockford-fosgate-pmx-hd14-do-motocykli-harley-davidson-street-glide-road-glide-electra\/\"]}]},{\"@type\":\"ImageObject\",\"inLanguage\":\"es\",\"@id\":\"https:\/\/motorcycle-audio.eu\/sklep\/radia\/radio-rockford-fosgate-pmx-hd14-do-motocykli-harley-davidson-street-glide-road-glide-electra\/#primaryimage\",\"url\":\"https:\/\/ha.dkonto.pl\/wp-content\/uploads\/2024\/03\/Radio-Do-motocykla-harley-davidson-pmx-hd14_0.png\",\"contentUrl\":\"https:\/\/ha.dkonto.pl\/wp-content\/uploads\/2024\/03\/Radio-Do-motocykla-harley-davidson-pmx-hd14_0.png\",\"width\":575,\"height\":575},{\"@type\":\"BreadcrumbList\",\"@id\":\"https:\/\/motorcycle-audio.eu\/sklep\/radia\/radio-rockford-fosgate-pmx-hd14-do-motocykli-harley-davidson-street-glide-road-glide-electra\/#breadcrumb\",\"itemListElement\":[{\"@type\":\"ListItem\",\"position\":1,\"name\":\"Strona g\u0142\u00f3wna\",\"item\":\"https:\/\/motorcycle-audio.eu\/\"},{\"@type\":\"ListItem\",\"position\":2,\"name\":\"Sklep\",\"item\":\"https:\/\/motorcycle-audio.eu\/sklep\/\"},{\"@type\":\"ListItem\",\"position\":3,\"name\":\"Radio Rockford Fosgate PMX-HD14 Do motocykli Harley Davidson Street Glide, Road Glide, Electra Glide 2014+\"}]},{\"@type\":\"WebSite\",\"@id\":\"https:\/\/ha.dkonto.pl\/#website\",\"url\":\"https:\/\/ha.dkonto.pl\/\",\"name\":\"Mefiu Motorcycle Audio\",\"description\":\"Play it loud!\",\"publisher\":{\"@id\":\"https:\/\/ha.dkonto.pl\/#organization\"},\"potentialAction\":[{\"@type\":\"SearchAction\",\"target\":{\"@type\":\"EntryPoint\",\"urlTemplate\":\"https:\/\/ha.dkonto.pl\/?s={search_term_string}\"},\"query-input\":{\"@type\":\"PropertyValueSpecification\",\"valueRequired\":true,\"valueName\":\"search_term_string\"}}],\"inLanguage\":\"es\"},{\"@type\":\"Organization\",\"@id\":\"https:\/\/ha.dkonto.pl\/#organization\",\"name\":\"Mefiu Motorcycle Audio\",\"url\":\"https:\/\/ha.dkonto.pl\/\",\"logo\":{\"@type\":\"ImageObject\",\"inLanguage\":\"es\",\"@id\":\"https:\/\/ha.dkonto.pl\/#\/schema\/logo\/image\/\",\"url\":\"https:\/\/ha.dkonto.pl\/wp-content\/uploads\/2025\/05\/mefiu_logo.png\",\"contentUrl\":\"https:\/\/ha.dkonto.pl\/wp-content\/uploads\/2025\/05\/mefiu_logo.png\",\"width\":150,\"height\":150,\"caption\":\"Mefiu Motorcycle Audio\"},\"image\":{\"@id\":\"https:\/\/ha.dkonto.pl\/#\/schema\/logo\/image\/\"},\"sameAs\":[\"https:\/\/www.facebook.com\/HarleyDavidsonAudio\"]}]}<\/script>\n<!-- \/ Yoast SEO Premium plugin. -->","yoast_head_json":{"title":"Radio Rockford Fosgate PMX-HD14 para motocicletas Harley Davidson Street Glide, Road Glide, Electra Glide 2014+ - Mefiu Motorcycle Audio","robots":{"index":"noindex","follow":"follow","max-snippet":"max-snippet:-1","max-image-preview":"max-image-preview:large","max-video-preview":"max-video-preview:-1"},"og_locale":"es_ES","og_type":"article","og_title":"Radio Rockford Fosgate PMX-HD14 Do motocykli Harley Davidson Street Glide, Road Glide, Electra Glide 2014+","og_description":"7\" Dotykowy ekran  Mo\u017cliwo\u015b\u0107 po\u0142\u0105czenia po Bluetooth  Car Play przez USB  Radio wsp\u00f3\u0142pracuje z WHIM Harleya i zestawami s\u0142uchawkowymi Seny   Street Party Mode\u2122 - MO\u017cliwo\u015b\u0107 pod\u0142\u0105czenia do 8 motocykli ( jeden nadaje - Wszystkie odtwarzaj\u0105)  14 suwakowy graficzny equalizer  Presety dedykowane poszczeg\u00f3lnym Stage Harleya","og_url":"https:\/\/motorcycle-audio.eu\/sklep\/radia\/radio-rockford-fosgate-pmx-hd14-do-motocykli-harley-davidson-street-glide-road-glide-electra\/","og_site_name":"Mefiu Motorcycle Audio","article_publisher":"https:\/\/www.facebook.com\/HarleyDavidsonAudio","article_modified_time":"2024-12-02T13:16:30+00:00","og_image":[{"width":575,"height":575,"url":"https:\/\/motorcycle-audio.eu\/wp-content\/uploads\/2024\/03\/Radio-Do-motocykla-harley-davidson-pmx-hd14_0.png","type":"image\/png"}],"twitter_card":"summary_large_image","twitter_misc":{"Est. reading time":"2 minutos"},"schema":{"@context":"https:\/\/schema.org","@graph":[{"@type":"WebPage","@id":"https:\/\/motorcycle-audio.eu\/sklep\/radia\/radio-rockford-fosgate-pmx-hd14-do-motocykli-harley-davidson-street-glide-road-glide-electra\/","url":"https:\/\/motorcycle-audio.eu\/sklep\/radia\/radio-rockford-fosgate-pmx-hd14-do-motocykli-harley-davidson-street-glide-road-glide-electra\/","name":"Radio Rockford Fosgate PMX-HD14 para motocicletas Harley Davidson Street Glide, Road Glide, Electra Glide 2014+ - Mefiu Motorcycle Audio","isPartOf":{"@id":"https:\/\/ha.dkonto.pl\/#website"},"primaryImageOfPage":{"@id":"https:\/\/motorcycle-audio.eu\/sklep\/radia\/radio-rockford-fosgate-pmx-hd14-do-motocykli-harley-davidson-street-glide-road-glide-electra\/#primaryimage"},"image":{"@id":"https:\/\/motorcycle-audio.eu\/sklep\/radia\/radio-rockford-fosgate-pmx-hd14-do-motocykli-harley-davidson-street-glide-road-glide-electra\/#primaryimage"},"thumbnailUrl":"https:\/\/ha.dkonto.pl\/wp-content\/uploads\/2024\/03\/Radio-Do-motocykla-harley-davidson-pmx-hd14_0.png","datePublished":"2024-03-05T15:17:50+00:00","dateModified":"2024-12-02T13:16:30+00:00","breadcrumb":{"@id":"https:\/\/motorcycle-audio.eu\/sklep\/radia\/radio-rockford-fosgate-pmx-hd14-do-motocykli-harley-davidson-street-glide-road-glide-electra\/#breadcrumb"},"inLanguage":"es","potentialAction":[{"@type":"ReadAction","target":["https:\/\/motorcycle-audio.eu\/sklep\/radia\/radio-rockford-fosgate-pmx-hd14-do-motocykli-harley-davidson-street-glide-road-glide-electra\/"]}]},{"@type":"ImageObject","inLanguage":"es","@id":"https:\/\/motorcycle-audio.eu\/sklep\/radia\/radio-rockford-fosgate-pmx-hd14-do-motocykli-harley-davidson-street-glide-road-glide-electra\/#primaryimage","url":"https:\/\/ha.dkonto.pl\/wp-content\/uploads\/2024\/03\/Radio-Do-motocykla-harley-davidson-pmx-hd14_0.png","contentUrl":"https:\/\/ha.dkonto.pl\/wp-content\/uploads\/2024\/03\/Radio-Do-motocykla-harley-davidson-pmx-hd14_0.png","width":575,"height":575},{"@type":"BreadcrumbList","@id":"https:\/\/motorcycle-audio.eu\/sklep\/radia\/radio-rockford-fosgate-pmx-hd14-do-motocykli-harley-davidson-street-glide-road-glide-electra\/#breadcrumb","itemListElement":[{"@type":"ListItem","position":1,"name":"Strona g\u0142\u00f3wna","item":"https:\/\/motorcycle-audio.eu\/"},{"@type":"ListItem","position":2,"name":"Sklep","item":"https:\/\/motorcycle-audio.eu\/sklep\/"},{"@type":"ListItem","position":3,"name":"Radio Rockford Fosgate PMX-HD14 Do motocykli Harley Davidson Street Glide, Road Glide, Electra Glide 2014+"}]},{"@type":"WebSite","@id":"https:\/\/ha.dkonto.pl\/#website","url":"https:\/\/ha.dkonto.pl\/","name":"Mefiu Motorcycle Audio","description":"Play it loud!","publisher":{"@id":"https:\/\/ha.dkonto.pl\/#organization"},"potentialAction":[{"@type":"SearchAction","target":{"@type":"EntryPoint","urlTemplate":"https:\/\/ha.dkonto.pl\/?s={search_term_string}"},"query-input":{"@type":"PropertyValueSpecification","valueRequired":true,"valueName":"search_term_string"}}],"inLanguage":"es"},{"@type":"Organization","@id":"https:\/\/ha.dkonto.pl\/#organization","name":"Mefiu Motorcycle Audio","url":"https:\/\/ha.dkonto.pl\/","logo":{"@type":"ImageObject","inLanguage":"es","@id":"https:\/\/ha.dkonto.pl\/#\/schema\/logo\/image\/","url":"https:\/\/ha.dkonto.pl\/wp-content\/uploads\/2025\/05\/mefiu_logo.png","contentUrl":"https:\/\/ha.dkonto.pl\/wp-content\/uploads\/2025\/05\/mefiu_logo.png","width":150,"height":150,"caption":"Mefiu Motorcycle Audio"},"image":{"@id":"https:\/\/ha.dkonto.pl\/#\/schema\/logo\/image\/"},"sameAs":["https:\/\/www.facebook.com\/HarleyDavidsonAudio"]}]}},"jetpack_sharing_enabled":true,"_links":{"self":[{"href":"https:\/\/ha.dkonto.pl\/es\/wp-json\/wp\/v2\/product\/7838","targetHints":{"allow":["GET"]}}],"collection":[{"href":"https:\/\/ha.dkonto.pl\/es\/wp-json\/wp\/v2\/product"}],"about":[{"href":"https:\/\/ha.dkonto.pl\/es\/wp-json\/wp\/v2\/types\/product"}],"replies":[{"embeddable":true,"href":"https:\/\/ha.dkonto.pl\/es\/wp-json\/wp\/v2\/comments?post=7838"}],"version-history":[{"count":0,"href":"https:\/\/ha.dkonto.pl\/es\/wp-json\/wp\/v2\/product\/7838\/revisions"}],"wp:featuredmedia":[{"embeddable":true,"href":"https:\/\/ha.dkonto.pl\/es\/wp-json\/wp\/v2\/media\/7952"}],"wp:attachment":[{"href":"https:\/\/ha.dkonto.pl\/es\/wp-json\/wp\/v2\/media?parent=7838"}],"wp:term":[{"taxonomy":"product_cat","embeddable":true,"href":"https:\/\/ha.dkonto.pl\/es\/wp-json\/wp\/v2\/product_cat?post=7838"},{"taxonomy":"product_tag","embeddable":true,"href":"https:\/\/ha.dkonto.pl\/es\/wp-json\/wp\/v2\/product_tag?post=7838"}],"curies":[{"name":"wp","href":"https:\/\/api.w.org\/{rel}","templated":true}]}}