{"id":7824,"date":"2024-03-05T15:28:31","date_gmt":"2024-03-05T14:28:31","guid":{"rendered":"https:\/\/motorcycle-audio.eu\/?post_type=product&#038;p=7824"},"modified":"2025-08-21T09:22:48","modified_gmt":"2025-08-21T07:22:48","slug":"radio-soundstream-reserve-v2","status":"publish","type":"product","link":"https:\/\/ha.dkonto.pl\/es\/tienda\/radios\/radio-soundstream-reserve-v2\/","title":{"rendered":"Radio Soundstream Reserve V2 para motocicletas Harley-Davidson Road Glide, Street Glide y Electra Glide 2014+"},"content":{"rendered":"<h2>Radio Soundstream Reserve V2 \u203a najwy\u017cszy standard audio \u203a radio do motocykla Harley-Davidson Road Glide, Street Glide, Electra Glide 2014+<\/h2>\n<h3>Kit Plug &amp; Play listo para usar para instalaci\u00f3n inmediata<\/h3>\n<p class=\"translation-block\">Al comprar el Soundstream Reserve V2 en <strong>motorcycle-audio.eu<\/strong>, recibir\u00e1 una soluci\u00f3n completa, lista para conectar f\u00e1cilmente a su motocicleta. Instalaremos el software de radio m\u00e1s reciente y programaremos con precisi\u00f3n el m\u00f3dulo Maestro RR para garantizar una compatibilidad total y un funcionamiento \u00f3ptimo. Si lo necesita, estamos a su disposici\u00f3n para ofrecerle asistencia t\u00e9cnica y de instalaci\u00f3n a trav\u00e9s de nuestra l\u00ednea directa.<\/p>\n<h3>Soundstream Reserve V2: modernidad y compatibilidad<\/h3>\n<p>La radio Soundstream Reserve V2 es una radio moderna y totalmente compatible, dise\u00f1ada espec\u00edficamente para motocicletas Harley-Davidson Touring de 2014 en adelante. Ofrecemos un kit Plug &amp; Play completo, que incluye el software m\u00e1s reciente. Esto hace que la instalaci\u00f3n sea r\u00e1pida e intuitiva, sin necesidad de adaptadores adicionales ni modificaciones en el cableado del veh\u00edculo. Brindamos asistencia t\u00e9cnica en cada etapa de la instalaci\u00f3n, si fuera necesario.<\/p>\n<h3>Funciones de vanguardia: CarPlay inal\u00e1mbrico y Android Auto<\/h3>\n<p>La radio Soundstream Reserve V2 ofrece integraci\u00f3n completa con sistemas de navegaci\u00f3n inal\u00e1mbricos y ordenadores de a bordo, proporcionando acceso r\u00e1pido y c\u00f3modo a la navegaci\u00f3n, la m\u00fasica, los contactos y los asistentes de voz sin cables. Su pantalla LCD de 8 pulgadas y 1000 nits de brillo ofrece una excelente visibilidad incluso a plena luz del sol.<\/p>\n<h3>Integraci\u00f3n perfecta con tu motocicleta Harley-Davidson<\/h3>\n<p>El dispositivo se instala en la ubicaci\u00f3n original de f\u00e1brica y utiliza los soportes de montaje, el puerto USB y la antena de radio originales. El sistema es totalmente impermeable (IPx5), resistente a todas las condiciones clim\u00e1ticas y seguro incluso al lavar la motocicleta.<\/p>\n<h3>Amplias capacidades de control e integraci\u00f3n<\/h3>\n<ul>\n<li>Compatibilidad con controles del volante: configuraci\u00f3n individual de botones<\/li>\n<li>Compatibilidad y soporte para los amplificadores originales Boom 1, Boom 2 y HD Audio.<\/li>\n<li>Integraci\u00f3n con CANBUS a trav\u00e9s de iDataLink Maestro RR: presentaci\u00f3n de par\u00e1metros como temperatura del aire, consumo de combustible, presi\u00f3n de aceite, nivel de combustible y temperatura del motor.<\/li>\n<li>Admite hasta 10 par\u00e1metros simult\u00e1neamente de un total de 50 disponibles.<\/li>\n<\/ul>\n<h3>Navegaci\u00f3n GPS profesional con mapas iGo Primo<\/h3>\n<p>Navegador iGo Primo integrado con mapas de EE. UU. y Canad\u00e1, con opci\u00f3n a incluir mapas de Europa. Actualizaciones anuales de mapas y puntos de inter\u00e9s disponibles en Naviextras.com. La radio utiliza la antena GPS de f\u00e1brica, pero tambi\u00e9n ofrece la opci\u00f3n de una antena de repuesto.<\/p>\n<h3>Conectividad inal\u00e1mbrica con auriculares<\/h3>\n<p>Empareja cualquier auricular para el conductor y el pasajero y controla el audio de forma independiente. Elige escuchar solo las indicaciones de navegaci\u00f3n, solo la m\u00fasica o ambas a la vez. Con la radio de la Harley-Davidson Road Glide, todo es posible: escucha como quieras.<\/p>\n<h3>Modo Rally: disfruta de la m\u00fasica en grupo<\/h3>\n<p>La exclusiva funci\u00f3n Modo Rally permite reproducir m\u00fasica en streaming entre motocicletas equipadas con la radio Soundstream Reserve V2 para Harley-Davidson Street Glide. La unidad principal transmite la se\u00f1al, mientras que las dem\u00e1s la reciben, reproduciendo la misma m\u00fasica simult\u00e1neamente, sin l\u00edmite en el n\u00famero de participantes.<\/p>\n<h3>Compatibilidad con radio digital SiriusXM<\/h3>\n<p>La radio es compatible con SiriusXM\u00ae (requiere el sintonizador SXV300 opcional), lo que te da acceso a cientos de canales de m\u00fasica, noticias y deportes. Controla todo f\u00e1cilmente desde el volante. Tambi\u00e9n tendr\u00e1s conexi\u00f3n inal\u00e1mbrica Bluetooth\u00ae para la reproducci\u00f3n y el control de audio.<\/p>\n<h3>Descubre las funciones adicionales:<\/h3>\n<ul>\n<li>Entrada de videoc\u00e1mara RCA con disparador de 12 V y acceso r\u00e1pido en pantalla.<\/li>\n<li>Ecualizador digital de 15 bandas con numerosos preajustes y opciones de personalizaci\u00f3n<\/li>\n<li>Amplificador integrado de 4 canales Clase A\/B con salida de 200 W, estable a 2 \u03a9<\/li>\n<li>Salidas de audio RCA de 4 V para altavoces delanteros, traseros y subwoofer.<\/li>\n<li>Filtro de paso alto independiente para los altavoces delanteros y traseros, filtro de paso bajo y filtro subs\u00f3nico para la salida del subwoofer.<\/li>\n<\/ul>\n<p>Con funciones de audio avanzadas, la radio Soundstream Reserve V2 para motocicletas Harley-Davidson Electra Glide establece un nuevo est\u00e1ndar en calidad de sonido y comodidad para el uso diario.<\/p>\n<h3>\u00a1Invierte en el poder del sonido! \u00a1Haz tu pedido hoy!<\/h3>\n<p>\u00a1No esperes m\u00e1s! Mejora tu motocicleta Harley-Davidson y disfruta del mejor sistema de audio del mercado.<\/p>\n<p class=\"translation-block\">Haz clic en \"A\u00f1adir al carrito\" y selecciona la radio Soundstream Reserve V2.\nInstala, conduce y experimenta un control total y una calidad de sonido superior, \u00a1incluso en la carretera!<\/p>","protected":false},"excerpt":{"rendered":"<div class=\"value\">\n<ul>\n<li>El m\u00f3dulo Maestro RR estaba incluido.<\/li>\n<li>Cuando nos compres, recibir\u00e1s una radio lista para conectar a tu motocicleta.<\/li>\n<li>Siempre instalamos la \u00faltima actualizaci\u00f3n de software en su radio y m\u00f3dulos Maestro RR.<\/li>\n<li>Pantalla de 8,3 pulgadas con alta resoluci\u00f3n y brillo<\/li>\n<li>El sistema de navegaci\u00f3n iGo Primo incluye una antena GPS<\/li>\n<li>Posibilidad de conectar cualquier auricular mediante Bluetooth<\/li>\n<li>Rally mode: Se pueden conectar hasta 300 unidades.<\/li>\n<li>Ecualizador gr\u00e1fico de 15 controles deslizantes con modo de sonido 3D<\/li>\n<li>2 entradas USB (USB-A y USB-C)<strong><br \/>\n<\/strong><\/li>\n<\/ul>\n<\/div>","protected":false},"featured_media":7825,"comment_status":"closed","ping_status":"closed","template":"","meta":{"_acf_changed":false},"product_cat":[49],"product_tag":[],"class_list":{"0":"post-7824","1":"product","2":"type-product","3":"status-publish","4":"has-post-thumbnail","6":"product_brand-soundstream-reserve","7":"product_cat-radia","9":"first","10":"instock","11":"taxable","12":"shipping-taxable","13":"purchasable","14":"product-type-simple"},"acf":[],"yoast_head":"<!-- This site is optimized with the Yoast SEO Premium plugin v25.1 (Yoast SEO v26.0) - https:\/\/yoast.com\/wordpress\/plugins\/seo\/ -->\n<title>Radio Soundstream Reserve V2 do motocykli Harley Davidson<\/title>\n<meta name=\"description\" content=\"Nowo\u015b\u0107 ju\u017c dost\u0119pna w HD audio. Radio Soundstream Reserve V2 do motocykli Harley Davidson Zestaw s\u0142uchawkowy, Party Mode. Dost\u0119pne w HD-Audio\" \/>\n<meta name=\"robots\" content=\"noindex, follow, max-snippet:-1, max-image-preview:large, max-video-preview:-1\" \/>\n<meta property=\"og:locale\" content=\"es_ES\" \/>\n<meta property=\"og:type\" content=\"article\" \/>\n<meta property=\"og:title\" content=\"Radio Soundstream Reserve V2 do motocykla Harley Davidson Road Glide, Street Glide, Electra Glide 2014+\" \/>\n<meta property=\"og:description\" content=\"Nowo\u015b\u0107 ju\u017c dost\u0119pna w HD audio. Radio Soundstream Reserve V2 do motocykli Harley Davidson Zestaw s\u0142uchawkowy, Party Mode. Dost\u0119pne w HD-Audio\" \/>\n<meta property=\"og:url\" content=\"https:\/\/motorcycle-audio.eu\/sklep\/radia\/radio-soundstream-reserve-v2\/\" \/>\n<meta property=\"og:site_name\" content=\"Mefiu Motorcycle Audio\" \/>\n<meta property=\"article:publisher\" content=\"https:\/\/www.facebook.com\/HarleyDavidsonAudio\" \/>\n<meta property=\"article:modified_time\" content=\"2025-08-21T07:22:48+00:00\" \/>\n<meta property=\"og:image\" content=\"https:\/\/motorcycle-audio.eu\/wp-content\/uploads\/2024\/03\/Radio-do-motocykla-Harley-Davidson-Soundstream-Reserve-V2.jpg\" \/>\n\t<meta property=\"og:image:width\" content=\"900\" \/>\n\t<meta property=\"og:image:height\" content=\"900\" \/>\n\t<meta property=\"og:image:type\" content=\"image\/jpeg\" \/>\n<meta name=\"twitter:card\" content=\"summary_large_image\" \/>\n<meta name=\"twitter:label1\" content=\"Est. reading time\" \/>\n\t<meta name=\"twitter:data1\" content=\"4 minutos\" \/>\n<script type=\"application\/ld+json\" class=\"yoast-schema-graph\">{\"@context\":\"https:\/\/schema.org\",\"@graph\":[{\"@type\":\"WebPage\",\"@id\":\"https:\/\/motorcycle-audio.eu\/sklep\/radia\/radio-soundstream-reserve-v2\/\",\"url\":\"https:\/\/motorcycle-audio.eu\/sklep\/radia\/radio-soundstream-reserve-v2\/\",\"name\":\"Radio Soundstream Reserve V2 do motocykli Harley Davidson\",\"isPartOf\":{\"@id\":\"https:\/\/ha.dkonto.pl\/#website\"},\"primaryImageOfPage\":{\"@id\":\"https:\/\/motorcycle-audio.eu\/sklep\/radia\/radio-soundstream-reserve-v2\/#primaryimage\"},\"image\":{\"@id\":\"https:\/\/motorcycle-audio.eu\/sklep\/radia\/radio-soundstream-reserve-v2\/#primaryimage\"},\"thumbnailUrl\":\"https:\/\/ha.dkonto.pl\/wp-content\/uploads\/2024\/03\/Radio-do-motocykla-Harley-Davidson-Soundstream-Reserve-V2.jpg\",\"datePublished\":\"2024-03-05T14:28:31+00:00\",\"dateModified\":\"2025-08-21T07:22:48+00:00\",\"description\":\"Nowo\u015b\u0107 ju\u017c dost\u0119pna w HD audio. Radio Soundstream Reserve V2 do motocykli Harley Davidson Zestaw s\u0142uchawkowy, Party Mode. Dost\u0119pne w HD-Audio\",\"breadcrumb\":{\"@id\":\"https:\/\/motorcycle-audio.eu\/sklep\/radia\/radio-soundstream-reserve-v2\/#breadcrumb\"},\"inLanguage\":\"es\",\"potentialAction\":[{\"@type\":\"ReadAction\",\"target\":[\"https:\/\/motorcycle-audio.eu\/sklep\/radia\/radio-soundstream-reserve-v2\/\"]}]},{\"@type\":\"ImageObject\",\"inLanguage\":\"es\",\"@id\":\"https:\/\/motorcycle-audio.eu\/sklep\/radia\/radio-soundstream-reserve-v2\/#primaryimage\",\"url\":\"https:\/\/ha.dkonto.pl\/wp-content\/uploads\/2024\/03\/Radio-do-motocykla-Harley-Davidson-Soundstream-Reserve-V2.jpg\",\"contentUrl\":\"https:\/\/ha.dkonto.pl\/wp-content\/uploads\/2024\/03\/Radio-do-motocykla-Harley-Davidson-Soundstream-Reserve-V2.jpg\",\"width\":900,\"height\":900,\"caption\":\"Radio Soundstream Reserve V2 do motocykli Harley Davidson\"},{\"@type\":\"BreadcrumbList\",\"@id\":\"https:\/\/motorcycle-audio.eu\/sklep\/radia\/radio-soundstream-reserve-v2\/#breadcrumb\",\"itemListElement\":[{\"@type\":\"ListItem\",\"position\":1,\"name\":\"Strona g\u0142\u00f3wna\",\"item\":\"https:\/\/motorcycle-audio.eu\/\"},{\"@type\":\"ListItem\",\"position\":2,\"name\":\"Sklep\",\"item\":\"https:\/\/motorcycle-audio.eu\/sklep\/\"},{\"@type\":\"ListItem\",\"position\":3,\"name\":\"Radio Soundstream Reserve V2 do motocykla Harley Davidson Road Glide, Street Glide, Electra Glide 2014+\"}]},{\"@type\":\"WebSite\",\"@id\":\"https:\/\/ha.dkonto.pl\/#website\",\"url\":\"https:\/\/ha.dkonto.pl\/\",\"name\":\"Mefiu Motorcycle Audio\",\"description\":\"Play it loud!\",\"publisher\":{\"@id\":\"https:\/\/ha.dkonto.pl\/#organization\"},\"potentialAction\":[{\"@type\":\"SearchAction\",\"target\":{\"@type\":\"EntryPoint\",\"urlTemplate\":\"https:\/\/ha.dkonto.pl\/?s={search_term_string}\"},\"query-input\":{\"@type\":\"PropertyValueSpecification\",\"valueRequired\":true,\"valueName\":\"search_term_string\"}}],\"inLanguage\":\"es\"},{\"@type\":\"Organization\",\"@id\":\"https:\/\/ha.dkonto.pl\/#organization\",\"name\":\"Mefiu Motorcycle Audio\",\"url\":\"https:\/\/ha.dkonto.pl\/\",\"logo\":{\"@type\":\"ImageObject\",\"inLanguage\":\"es\",\"@id\":\"https:\/\/ha.dkonto.pl\/#\/schema\/logo\/image\/\",\"url\":\"https:\/\/ha.dkonto.pl\/wp-content\/uploads\/2025\/05\/mefiu_logo.png\",\"contentUrl\":\"https:\/\/ha.dkonto.pl\/wp-content\/uploads\/2025\/05\/mefiu_logo.png\",\"width\":150,\"height\":150,\"caption\":\"Mefiu Motorcycle Audio\"},\"image\":{\"@id\":\"https:\/\/ha.dkonto.pl\/#\/schema\/logo\/image\/\"},\"sameAs\":[\"https:\/\/www.facebook.com\/HarleyDavidsonAudio\"]}]}<\/script>\n<!-- \/ Yoast SEO Premium plugin. -->","yoast_head_json":{"title":"Radio Soundstream Reserve V2 para motocicletas Harley-Davidson","description":"Ahora disponible con audio HD. Radio Soundstream Reserve V2 para motocicletas Harley Davidson. Auriculares, modo fiesta. Disponible con audio HD.","robots":{"index":"noindex","follow":"follow","max-snippet":"max-snippet:-1","max-image-preview":"max-image-preview:large","max-video-preview":"max-video-preview:-1"},"og_locale":"es_ES","og_type":"article","og_title":"Radio Soundstream Reserve V2 do motocykla Harley Davidson Road Glide, Street Glide, Electra Glide 2014+","og_description":"Nowo\u015b\u0107 ju\u017c dost\u0119pna w HD audio. Radio Soundstream Reserve V2 do motocykli Harley Davidson Zestaw s\u0142uchawkowy, Party Mode. Dost\u0119pne w HD-Audio","og_url":"https:\/\/motorcycle-audio.eu\/sklep\/radia\/radio-soundstream-reserve-v2\/","og_site_name":"Mefiu Motorcycle Audio","article_publisher":"https:\/\/www.facebook.com\/HarleyDavidsonAudio","article_modified_time":"2025-08-21T07:22:48+00:00","og_image":[{"width":900,"height":900,"url":"https:\/\/motorcycle-audio.eu\/wp-content\/uploads\/2024\/03\/Radio-do-motocykla-Harley-Davidson-Soundstream-Reserve-V2.jpg","type":"image\/jpeg"}],"twitter_card":"summary_large_image","twitter_misc":{"Est. reading time":"4 minutos"},"schema":{"@context":"https:\/\/schema.org","@graph":[{"@type":"WebPage","@id":"https:\/\/motorcycle-audio.eu\/sklep\/radia\/radio-soundstream-reserve-v2\/","url":"https:\/\/motorcycle-audio.eu\/sklep\/radia\/radio-soundstream-reserve-v2\/","name":"Radio Soundstream Reserve V2 para motocicletas Harley-Davidson","isPartOf":{"@id":"https:\/\/ha.dkonto.pl\/#website"},"primaryImageOfPage":{"@id":"https:\/\/motorcycle-audio.eu\/sklep\/radia\/radio-soundstream-reserve-v2\/#primaryimage"},"image":{"@id":"https:\/\/motorcycle-audio.eu\/sklep\/radia\/radio-soundstream-reserve-v2\/#primaryimage"},"thumbnailUrl":"https:\/\/ha.dkonto.pl\/wp-content\/uploads\/2024\/03\/Radio-do-motocykla-Harley-Davidson-Soundstream-Reserve-V2.jpg","datePublished":"2024-03-05T14:28:31+00:00","dateModified":"2025-08-21T07:22:48+00:00","description":"Ahora disponible con audio HD. Radio Soundstream Reserve V2 para motocicletas Harley Davidson. Auriculares, modo fiesta. Disponible con audio HD.","breadcrumb":{"@id":"https:\/\/motorcycle-audio.eu\/sklep\/radia\/radio-soundstream-reserve-v2\/#breadcrumb"},"inLanguage":"es","potentialAction":[{"@type":"ReadAction","target":["https:\/\/motorcycle-audio.eu\/sklep\/radia\/radio-soundstream-reserve-v2\/"]}]},{"@type":"ImageObject","inLanguage":"es","@id":"https:\/\/motorcycle-audio.eu\/sklep\/radia\/radio-soundstream-reserve-v2\/#primaryimage","url":"https:\/\/ha.dkonto.pl\/wp-content\/uploads\/2024\/03\/Radio-do-motocykla-Harley-Davidson-Soundstream-Reserve-V2.jpg","contentUrl":"https:\/\/ha.dkonto.pl\/wp-content\/uploads\/2024\/03\/Radio-do-motocykla-Harley-Davidson-Soundstream-Reserve-V2.jpg","width":900,"height":900,"caption":"Radio Soundstream Reserve V2 do motocykli Harley Davidson"},{"@type":"BreadcrumbList","@id":"https:\/\/motorcycle-audio.eu\/sklep\/radia\/radio-soundstream-reserve-v2\/#breadcrumb","itemListElement":[{"@type":"ListItem","position":1,"name":"Strona g\u0142\u00f3wna","item":"https:\/\/motorcycle-audio.eu\/"},{"@type":"ListItem","position":2,"name":"Sklep","item":"https:\/\/motorcycle-audio.eu\/sklep\/"},{"@type":"ListItem","position":3,"name":"Radio Soundstream Reserve V2 do motocykla Harley Davidson Road Glide, Street Glide, Electra Glide 2014+"}]},{"@type":"WebSite","@id":"https:\/\/ha.dkonto.pl\/#website","url":"https:\/\/ha.dkonto.pl\/","name":"Mefiu Motorcycle Audio","description":"Play it loud!","publisher":{"@id":"https:\/\/ha.dkonto.pl\/#organization"},"potentialAction":[{"@type":"SearchAction","target":{"@type":"EntryPoint","urlTemplate":"https:\/\/ha.dkonto.pl\/?s={search_term_string}"},"query-input":{"@type":"PropertyValueSpecification","valueRequired":true,"valueName":"search_term_string"}}],"inLanguage":"es"},{"@type":"Organization","@id":"https:\/\/ha.dkonto.pl\/#organization","name":"Mefiu Motorcycle Audio","url":"https:\/\/ha.dkonto.pl\/","logo":{"@type":"ImageObject","inLanguage":"es","@id":"https:\/\/ha.dkonto.pl\/#\/schema\/logo\/image\/","url":"https:\/\/ha.dkonto.pl\/wp-content\/uploads\/2025\/05\/mefiu_logo.png","contentUrl":"https:\/\/ha.dkonto.pl\/wp-content\/uploads\/2025\/05\/mefiu_logo.png","width":150,"height":150,"caption":"Mefiu Motorcycle Audio"},"image":{"@id":"https:\/\/ha.dkonto.pl\/#\/schema\/logo\/image\/"},"sameAs":["https:\/\/www.facebook.com\/HarleyDavidsonAudio"]}]}},"jetpack_sharing_enabled":true,"_links":{"self":[{"href":"https:\/\/ha.dkonto.pl\/es\/wp-json\/wp\/v2\/product\/7824","targetHints":{"allow":["GET"]}}],"collection":[{"href":"https:\/\/ha.dkonto.pl\/es\/wp-json\/wp\/v2\/product"}],"about":[{"href":"https:\/\/ha.dkonto.pl\/es\/wp-json\/wp\/v2\/types\/product"}],"replies":[{"embeddable":true,"href":"https:\/\/ha.dkonto.pl\/es\/wp-json\/wp\/v2\/comments?post=7824"}],"version-history":[{"count":10,"href":"https:\/\/ha.dkonto.pl\/es\/wp-json\/wp\/v2\/product\/7824\/revisions"}],"predecessor-version":[{"id":8559,"href":"https:\/\/ha.dkonto.pl\/es\/wp-json\/wp\/v2\/product\/7824\/revisions\/8559"}],"wp:featuredmedia":[{"embeddable":true,"href":"https:\/\/ha.dkonto.pl\/es\/wp-json\/wp\/v2\/media\/7825"}],"wp:attachment":[{"href":"https:\/\/ha.dkonto.pl\/es\/wp-json\/wp\/v2\/media?parent=7824"}],"wp:term":[{"taxonomy":"product_cat","embeddable":true,"href":"https:\/\/ha.dkonto.pl\/es\/wp-json\/wp\/v2\/product_cat?post=7824"},{"taxonomy":"product_tag","embeddable":true,"href":"https:\/\/ha.dkonto.pl\/es\/wp-json\/wp\/v2\/product_tag?post=7824"}],"curies":[{"name":"wp","href":"https:\/\/api.w.org\/{rel}","templated":true}]}}