{"id":7807,"date":"2024-01-05T18:41:05","date_gmt":"2024-01-05T17:41:05","guid":{"rendered":"https:\/\/motorcycle-audio.eu\/?post_type=product&#038;p=7807"},"modified":"2025-10-28T13:10:55","modified_gmt":"2025-10-28T12:10:55","slug":"altavoz-cicada-audio-ch65-4-para-motocicletas-harley-davidson","status":"publish","type":"product","link":"https:\/\/ha.dkonto.pl\/es\/tienda\/altavoces\/altavoz-cicada-audio-ch65-4-para-motocicletas-harley-davidson\/","title":{"rendered":"Altavoz Cicada Audio CH65.4 para motocicletas Harley-Davidson"},"content":{"rendered":"<p><strong>Altavoces coaxiales de alta calidad Cicada Audio para motocicletas Harley-Davidson: perfectos para Street Glide, Road Glide, Electra Glide y Ultra<\/strong><\/p>\n<p>Descubre una calidad de sonido revolucionaria con nuestros altavoces coaxiales de 6,5 pulgadas y 4 ohmios de Cicada Audio, perfectos para los modelos Harley de 2014 en adelante. Estos altavoces para motocicleta no solo est\u00e1n dise\u00f1ados para satisfacer las necesidades de los entusiastas de Harley, sino que tambi\u00e9n resisten las exigencias de la carretera gracias a su construcci\u00f3n robusta.<\/p>\n<p><strong>Caracter\u00edsticas principales del altavoz:<\/strong><\/p>\n<ul>\n<li class=\"translation-block\"><strong>Potencia<\/strong>: 250W RMS\/500W m\u00e1ximo, proporcionando un sonido potente y claro.<\/li>\n<li class=\"translation-block\"><strong>Im\u00e1n de neodimio N35<\/strong>: ligero pero resistente, ofrece un rendimiento \u00f3ptimo.<\/li>\n<li class=\"translation-block\"><strong>Alta sensibilidad<\/strong>: 99dB 1W\/1M, garantizando una claridad de sonido excepcional.<\/li>\n<li class=\"translation-block\"><strong>Tecnolog\u00eda avanzada de enfriamiento de bobina m\u00f3vil<\/strong>: para una mejor disipaci\u00f3n del calor y una vida \u00fatil m\u00e1s larga.<\/li>\n<li class=\"translation-block\"><strong>Respuesta de frecuencia<\/strong>: 75 Hz - 20 KHz +\/- 5 dB, que proporciona un amplio rango de sonido.<\/li>\n<li class=\"translation-block\">Crossover personalizado de 12 dB: dise\u00f1ado para un rendimiento \u00f3ptimo del altavoz.<\/li>\n<li class=\"translation-block\"><strong>Dimensiones de montaje<\/strong>: Ajuste perfecto para los carenados Harley m\u00e1s nuevos.<\/li>\n<\/ul>\n<p class=\"translation-block\"><strong>Dise\u00f1ados pensando en los entusiastas de Harley-Davidson<\/strong> Cicada Audio\u00ae es una empresa fundada por un experto en audio de 12 V con m\u00e1s de 30 a\u00f1os de experiencia. Nuestros <strong>altavoces coaxiales<\/strong> son el resultado de a\u00f1os de investigaci\u00f3n e innovaci\u00f3n, creados espec\u00edficamente para motocicletas Harley-Davidson. Ofrecen no solo una calidad de sonido excepcional, sino tambi\u00e9n la durabilidad y fiabilidad que esperan los propietarios de Harley.<\/p>\n<p class=\"translation-block\"><strong>Perfecto para personalizar tu Harley<\/strong> Ya sea que tengas una Street Glide, Road Glide, Electra Glide o Ultra, nuestros altavoces est\u00e1n dise\u00f1ados para satisfacer tus expectativas. Tambi\u00e9n son compatibles con otras marcas de motocicletas, con la ayuda de los expertos de Cicada Audio.<\/p>\n<p><strong>\u00bfPor qu\u00e9 elegir Cicada Audio?<\/strong><\/p>\n<ul>\n<li class=\"translation-block\"><strong>Dedicado a las motocicletas Harley<\/strong>: Nos especializamos \u00fanicamente en audio para motocicletas.<\/li>\n<li class=\"translation-block\"><strong>Rendimiento inigualable<\/strong>: Nuestros altavoces ofrecen una potencia y una calidad de sonido incomparables.<\/li>\n<li class=\"translation-block\"><strong>Dise\u00f1o innovador<\/strong>: Tecnolog\u00eda patentada y muchos a\u00f1os de experiencia.<\/li>\n<li class=\"translation-block\"><strong>Durabilidad y resistencia<\/strong>: probado para resistencia a los rayos UV y a las condiciones de la carretera.<\/li>\n<\/ul>\n<p class=\"translation-block\"><strong>Invierte en el mejor audio para tu Harley<\/strong> Crea una experiencia de conducci\u00f3n inolvidable con los altavoces Cicada Audio.<\/p>","protected":false},"excerpt":{"rendered":"<p>Wysokiej Jako\u015bci G\u0142o\u015bniki Koaksjalne Cicada Audio dla Motocykli Harley-Davidson \u2013 Idealne dla Street Glide, Road Glide, Electra Glide i Ultra Odkryj rewolucyjn\u0105 jako\u015b\u0107 d\u017awi\u0119ku z naszymi 6,5-calowymi g\u0142o\u015bnikami koaksjalnymi 4 Ohm od Cicada Audio, idealnymi dla modeli Harley z 2014 roku i nowszych. Te g\u0142o\u015bniki motocyklowe s\u0105 nie tylko skrojone na miar\u0119 potrzeb pasjonat\u00f3w Harleya,&hellip; <\/p>\n<p class=\"link-more\"><a href=\"https:\/\/ha.dkonto.pl\/es\/tienda\/altavoces\/altavoz-cicada-audio-ch65-4-para-motocicletas-harley-davidson\/\" class=\"more-link\">Read More <span class=\"screen-reader-text\"> &#8222;G\u0142o\u015bnik Cicada Audio CH65.4 do motocykli Harley Davidson&#8221;<\/span><\/a><\/p>","protected":false},"featured_media":7812,"comment_status":"closed","ping_status":"closed","template":"","meta":{"_acf_changed":false},"product_cat":[50],"product_tag":[],"class_list":{"0":"post-7807","1":"product","2":"type-product","3":"status-publish","4":"has-post-thumbnail","6":"product_brand-cicada-audio","7":"product_cat-glosniki","9":"first","10":"instock","11":"taxable","12":"shipping-taxable","13":"purchasable","14":"product-type-simple"},"acf":[],"yoast_head":"<!-- This site is optimized with the Yoast SEO Premium plugin v25.1 (Yoast SEO v26.0) - https:\/\/yoast.com\/wordpress\/plugins\/seo\/ -->\n<title>G\u0142o\u015bnik Cicada Audio CH65.4 do motocykli Harley Davidson - Mefiu Motorcycle Audio<\/title>\n<meta name=\"description\" content=\"Odkryj pot\u0119\u017cny d\u017awi\u0119k z g\u0142o\u015bnikami Cicada Audio 6.5\u201d 4\u03a9 do Harley-Davidson. Moc 500W, neodymowy magnes i trwa\u0142a konstrukcja stworzone dla pasjonat\u00f3w jazdy.\" \/>\n<meta name=\"robots\" content=\"noindex, follow, max-snippet:-1, max-image-preview:large, max-video-preview:-1\" \/>\n<meta property=\"og:locale\" content=\"es_ES\" \/>\n<meta property=\"og:type\" content=\"article\" \/>\n<meta property=\"og:title\" content=\"G\u0142o\u015bnik Cicada Audio CH65.4 do motocykli Harley Davidson\" \/>\n<meta property=\"og:description\" content=\"Odkryj pot\u0119\u017cny d\u017awi\u0119k z g\u0142o\u015bnikami Cicada Audio 6.5\u201d 4\u03a9 do Harley-Davidson. Moc 500W, neodymowy magnes i trwa\u0142a konstrukcja stworzone dla pasjonat\u00f3w jazdy.\" \/>\n<meta property=\"og:url\" content=\"https:\/\/motorcycle-audio.eu\/sklep\/glosniki\/glosnik-cicada-audio-ch65-4-do-motocykli-harley-davidson\/\" \/>\n<meta property=\"og:site_name\" content=\"Mefiu Motorcycle Audio\" \/>\n<meta property=\"article:publisher\" content=\"https:\/\/www.facebook.com\/HarleyDavidsonAudio\" \/>\n<meta property=\"article:modified_time\" content=\"2025-10-28T12:10:55+00:00\" \/>\n<meta property=\"og:image\" content=\"https:\/\/motorcycle-audio.eu\/wp-content\/uploads\/2024\/01\/glosnik_cicada_audio_ch65.4_do-motocykli_harley_davidson4.png\" \/>\n\t<meta property=\"og:image:width\" content=\"500\" \/>\n\t<meta property=\"og:image:height\" content=\"500\" \/>\n\t<meta property=\"og:image:type\" content=\"image\/png\" \/>\n<meta name=\"twitter:card\" content=\"summary_large_image\" \/>\n<meta name=\"twitter:label1\" content=\"Est. reading time\" \/>\n\t<meta name=\"twitter:data1\" content=\"2 minutos\" \/>\n<script type=\"application\/ld+json\" class=\"yoast-schema-graph\">{\"@context\":\"https:\/\/schema.org\",\"@graph\":[{\"@type\":\"WebPage\",\"@id\":\"https:\/\/motorcycle-audio.eu\/sklep\/glosniki\/glosnik-cicada-audio-ch65-4-do-motocykli-harley-davidson\/\",\"url\":\"https:\/\/motorcycle-audio.eu\/sklep\/glosniki\/glosnik-cicada-audio-ch65-4-do-motocykli-harley-davidson\/\",\"name\":\"G\u0142o\u015bnik Cicada Audio CH65.4 do motocykli Harley Davidson - Mefiu Motorcycle Audio\",\"isPartOf\":{\"@id\":\"https:\/\/ha.dkonto.pl\/#website\"},\"primaryImageOfPage\":{\"@id\":\"https:\/\/motorcycle-audio.eu\/sklep\/glosniki\/glosnik-cicada-audio-ch65-4-do-motocykli-harley-davidson\/#primaryimage\"},\"image\":{\"@id\":\"https:\/\/motorcycle-audio.eu\/sklep\/glosniki\/glosnik-cicada-audio-ch65-4-do-motocykli-harley-davidson\/#primaryimage\"},\"thumbnailUrl\":\"https:\/\/ha.dkonto.pl\/wp-content\/uploads\/2024\/01\/glosnik_cicada_audio_ch65.4_do-motocykli_harley_davidson4.png\",\"datePublished\":\"2024-01-05T17:41:05+00:00\",\"dateModified\":\"2025-10-28T12:10:55+00:00\",\"description\":\"Odkryj pot\u0119\u017cny d\u017awi\u0119k z g\u0142o\u015bnikami Cicada Audio 6.5\u201d 4\u03a9 do Harley-Davidson. Moc 500W, neodymowy magnes i trwa\u0142a konstrukcja stworzone dla pasjonat\u00f3w jazdy.\",\"breadcrumb\":{\"@id\":\"https:\/\/motorcycle-audio.eu\/sklep\/glosniki\/glosnik-cicada-audio-ch65-4-do-motocykli-harley-davidson\/#breadcrumb\"},\"inLanguage\":\"es\",\"potentialAction\":[{\"@type\":\"ReadAction\",\"target\":[\"https:\/\/motorcycle-audio.eu\/sklep\/glosniki\/glosnik-cicada-audio-ch65-4-do-motocykli-harley-davidson\/\"]}]},{\"@type\":\"ImageObject\",\"inLanguage\":\"es\",\"@id\":\"https:\/\/motorcycle-audio.eu\/sklep\/glosniki\/glosnik-cicada-audio-ch65-4-do-motocykli-harley-davidson\/#primaryimage\",\"url\":\"https:\/\/ha.dkonto.pl\/wp-content\/uploads\/2024\/01\/glosnik_cicada_audio_ch65.4_do-motocykli_harley_davidson4.png\",\"contentUrl\":\"https:\/\/ha.dkonto.pl\/wp-content\/uploads\/2024\/01\/glosnik_cicada_audio_ch65.4_do-motocykli_harley_davidson4.png\",\"width\":500,\"height\":500},{\"@type\":\"BreadcrumbList\",\"@id\":\"https:\/\/motorcycle-audio.eu\/sklep\/glosniki\/glosnik-cicada-audio-ch65-4-do-motocykli-harley-davidson\/#breadcrumb\",\"itemListElement\":[{\"@type\":\"ListItem\",\"position\":1,\"name\":\"Strona g\u0142\u00f3wna\",\"item\":\"https:\/\/motorcycle-audio.eu\/\"},{\"@type\":\"ListItem\",\"position\":2,\"name\":\"Sklep\",\"item\":\"https:\/\/motorcycle-audio.eu\/sklep\/\"},{\"@type\":\"ListItem\",\"position\":3,\"name\":\"G\u0142o\u015bnik Cicada Audio CH65.4 do motocykli Harley Davidson\"}]},{\"@type\":\"WebSite\",\"@id\":\"https:\/\/ha.dkonto.pl\/#website\",\"url\":\"https:\/\/ha.dkonto.pl\/\",\"name\":\"Mefiu Motorcycle Audio\",\"description\":\"Play it loud!\",\"publisher\":{\"@id\":\"https:\/\/ha.dkonto.pl\/#organization\"},\"potentialAction\":[{\"@type\":\"SearchAction\",\"target\":{\"@type\":\"EntryPoint\",\"urlTemplate\":\"https:\/\/ha.dkonto.pl\/?s={search_term_string}\"},\"query-input\":{\"@type\":\"PropertyValueSpecification\",\"valueRequired\":true,\"valueName\":\"search_term_string\"}}],\"inLanguage\":\"es\"},{\"@type\":\"Organization\",\"@id\":\"https:\/\/ha.dkonto.pl\/#organization\",\"name\":\"Mefiu Motorcycle Audio\",\"url\":\"https:\/\/ha.dkonto.pl\/\",\"logo\":{\"@type\":\"ImageObject\",\"inLanguage\":\"es\",\"@id\":\"https:\/\/ha.dkonto.pl\/#\/schema\/logo\/image\/\",\"url\":\"https:\/\/ha.dkonto.pl\/wp-content\/uploads\/2025\/05\/mefiu_logo.png\",\"contentUrl\":\"https:\/\/ha.dkonto.pl\/wp-content\/uploads\/2025\/05\/mefiu_logo.png\",\"width\":150,\"height\":150,\"caption\":\"Mefiu Motorcycle Audio\"},\"image\":{\"@id\":\"https:\/\/ha.dkonto.pl\/#\/schema\/logo\/image\/\"},\"sameAs\":[\"https:\/\/www.facebook.com\/HarleyDavidsonAudio\"]}]}<\/script>\n<!-- \/ Yoast SEO Premium plugin. -->","yoast_head_json":{"title":"Altavoz Cicada Audio CH65.4 para motocicletas Harley Davidson - Mefiu Motorcycle Audio","description":"Odkryj pot\u0119\u017cny d\u017awi\u0119k z g\u0142o\u015bnikami Cicada Audio 6.5\u201d 4\u03a9 do Harley-Davidson. Moc 500W, neodymowy magnes i trwa\u0142a konstrukcja stworzone dla pasjonat\u00f3w jazdy.","robots":{"index":"noindex","follow":"follow","max-snippet":"max-snippet:-1","max-image-preview":"max-image-preview:large","max-video-preview":"max-video-preview:-1"},"og_locale":"es_ES","og_type":"article","og_title":"G\u0142o\u015bnik Cicada Audio CH65.4 do motocykli Harley Davidson","og_description":"Odkryj pot\u0119\u017cny d\u017awi\u0119k z g\u0142o\u015bnikami Cicada Audio 6.5\u201d 4\u03a9 do Harley-Davidson. Moc 500W, neodymowy magnes i trwa\u0142a konstrukcja stworzone dla pasjonat\u00f3w jazdy.","og_url":"https:\/\/motorcycle-audio.eu\/sklep\/glosniki\/glosnik-cicada-audio-ch65-4-do-motocykli-harley-davidson\/","og_site_name":"Mefiu Motorcycle Audio","article_publisher":"https:\/\/www.facebook.com\/HarleyDavidsonAudio","article_modified_time":"2025-10-28T12:10:55+00:00","og_image":[{"width":500,"height":500,"url":"https:\/\/motorcycle-audio.eu\/wp-content\/uploads\/2024\/01\/glosnik_cicada_audio_ch65.4_do-motocykli_harley_davidson4.png","type":"image\/png"}],"twitter_card":"summary_large_image","twitter_misc":{"Est. reading time":"2 minutos"},"schema":{"@context":"https:\/\/schema.org","@graph":[{"@type":"WebPage","@id":"https:\/\/motorcycle-audio.eu\/sklep\/glosniki\/glosnik-cicada-audio-ch65-4-do-motocykli-harley-davidson\/","url":"https:\/\/motorcycle-audio.eu\/sklep\/glosniki\/glosnik-cicada-audio-ch65-4-do-motocykli-harley-davidson\/","name":"Altavoz Cicada Audio CH65.4 para motocicletas Harley Davidson - Mefiu Motorcycle Audio","isPartOf":{"@id":"https:\/\/ha.dkonto.pl\/#website"},"primaryImageOfPage":{"@id":"https:\/\/motorcycle-audio.eu\/sklep\/glosniki\/glosnik-cicada-audio-ch65-4-do-motocykli-harley-davidson\/#primaryimage"},"image":{"@id":"https:\/\/motorcycle-audio.eu\/sklep\/glosniki\/glosnik-cicada-audio-ch65-4-do-motocykli-harley-davidson\/#primaryimage"},"thumbnailUrl":"https:\/\/ha.dkonto.pl\/wp-content\/uploads\/2024\/01\/glosnik_cicada_audio_ch65.4_do-motocykli_harley_davidson4.png","datePublished":"2024-01-05T17:41:05+00:00","dateModified":"2025-10-28T12:10:55+00:00","description":"Odkryj pot\u0119\u017cny d\u017awi\u0119k z g\u0142o\u015bnikami Cicada Audio 6.5\u201d 4\u03a9 do Harley-Davidson. Moc 500W, neodymowy magnes i trwa\u0142a konstrukcja stworzone dla pasjonat\u00f3w jazdy.","breadcrumb":{"@id":"https:\/\/motorcycle-audio.eu\/sklep\/glosniki\/glosnik-cicada-audio-ch65-4-do-motocykli-harley-davidson\/#breadcrumb"},"inLanguage":"es","potentialAction":[{"@type":"ReadAction","target":["https:\/\/motorcycle-audio.eu\/sklep\/glosniki\/glosnik-cicada-audio-ch65-4-do-motocykli-harley-davidson\/"]}]},{"@type":"ImageObject","inLanguage":"es","@id":"https:\/\/motorcycle-audio.eu\/sklep\/glosniki\/glosnik-cicada-audio-ch65-4-do-motocykli-harley-davidson\/#primaryimage","url":"https:\/\/ha.dkonto.pl\/wp-content\/uploads\/2024\/01\/glosnik_cicada_audio_ch65.4_do-motocykli_harley_davidson4.png","contentUrl":"https:\/\/ha.dkonto.pl\/wp-content\/uploads\/2024\/01\/glosnik_cicada_audio_ch65.4_do-motocykli_harley_davidson4.png","width":500,"height":500},{"@type":"BreadcrumbList","@id":"https:\/\/motorcycle-audio.eu\/sklep\/glosniki\/glosnik-cicada-audio-ch65-4-do-motocykli-harley-davidson\/#breadcrumb","itemListElement":[{"@type":"ListItem","position":1,"name":"Strona g\u0142\u00f3wna","item":"https:\/\/motorcycle-audio.eu\/"},{"@type":"ListItem","position":2,"name":"Sklep","item":"https:\/\/motorcycle-audio.eu\/sklep\/"},{"@type":"ListItem","position":3,"name":"G\u0142o\u015bnik Cicada Audio CH65.4 do motocykli Harley Davidson"}]},{"@type":"WebSite","@id":"https:\/\/ha.dkonto.pl\/#website","url":"https:\/\/ha.dkonto.pl\/","name":"Mefiu Motorcycle Audio","description":"Play it loud!","publisher":{"@id":"https:\/\/ha.dkonto.pl\/#organization"},"potentialAction":[{"@type":"SearchAction","target":{"@type":"EntryPoint","urlTemplate":"https:\/\/ha.dkonto.pl\/?s={search_term_string}"},"query-input":{"@type":"PropertyValueSpecification","valueRequired":true,"valueName":"search_term_string"}}],"inLanguage":"es"},{"@type":"Organization","@id":"https:\/\/ha.dkonto.pl\/#organization","name":"Mefiu Motorcycle Audio","url":"https:\/\/ha.dkonto.pl\/","logo":{"@type":"ImageObject","inLanguage":"es","@id":"https:\/\/ha.dkonto.pl\/#\/schema\/logo\/image\/","url":"https:\/\/ha.dkonto.pl\/wp-content\/uploads\/2025\/05\/mefiu_logo.png","contentUrl":"https:\/\/ha.dkonto.pl\/wp-content\/uploads\/2025\/05\/mefiu_logo.png","width":150,"height":150,"caption":"Mefiu Motorcycle Audio"},"image":{"@id":"https:\/\/ha.dkonto.pl\/#\/schema\/logo\/image\/"},"sameAs":["https:\/\/www.facebook.com\/HarleyDavidsonAudio"]}]}},"jetpack_sharing_enabled":true,"_links":{"self":[{"href":"https:\/\/ha.dkonto.pl\/es\/wp-json\/wp\/v2\/product\/7807","targetHints":{"allow":["GET"]}}],"collection":[{"href":"https:\/\/ha.dkonto.pl\/es\/wp-json\/wp\/v2\/product"}],"about":[{"href":"https:\/\/ha.dkonto.pl\/es\/wp-json\/wp\/v2\/types\/product"}],"replies":[{"embeddable":true,"href":"https:\/\/ha.dkonto.pl\/es\/wp-json\/wp\/v2\/comments?post=7807"}],"version-history":[{"count":1,"href":"https:\/\/ha.dkonto.pl\/es\/wp-json\/wp\/v2\/product\/7807\/revisions"}],"predecessor-version":[{"id":9602,"href":"https:\/\/ha.dkonto.pl\/es\/wp-json\/wp\/v2\/product\/7807\/revisions\/9602"}],"wp:featuredmedia":[{"embeddable":true,"href":"https:\/\/ha.dkonto.pl\/es\/wp-json\/wp\/v2\/media\/7812"}],"wp:attachment":[{"href":"https:\/\/ha.dkonto.pl\/es\/wp-json\/wp\/v2\/media?parent=7807"}],"wp:term":[{"taxonomy":"product_cat","embeddable":true,"href":"https:\/\/ha.dkonto.pl\/es\/wp-json\/wp\/v2\/product_cat?post=7807"},{"taxonomy":"product_tag","embeddable":true,"href":"https:\/\/ha.dkonto.pl\/es\/wp-json\/wp\/v2\/product_tag?post=7807"}],"curies":[{"name":"wp","href":"https:\/\/api.w.org\/{rel}","templated":true}]}}