{"id":7756,"date":"2023-08-02T15:33:19","date_gmt":"2023-08-02T13:33:19","guid":{"rendered":"https:\/\/motorcycle-audio.eu\/?post_type=product&#038;p=7756"},"modified":"2025-11-03T12:53:50","modified_gmt":"2025-11-03T11:53:50","slug":"subwoofer-activo-para-motocicletas-harley-davidson-2014","status":"publish","type":"product","link":"https:\/\/ha.dkonto.pl\/es\/tienda\/altavoces\/subwoofer-activo-para-motocicletas-harley-davidson-2014\/","title":{"rendered":"Subwoofer activo para motocicletas Harley-Davidson 2014+"},"content":{"rendered":"<p><strong>Soluci\u00f3n integral.<\/strong><\/p>\n<p>\u00bfQuieres potenciar los graves de tu Harley-Davidson\u00ae sin la molestia de buscar un amplificador o, peor a\u00fan, modificar el maletero? Precision Power ha creado el subwoofer activo SBW para montaje en maletero, una combinaci\u00f3n perfecta de caja ac\u00fastica personalizada, subwoofer y amplificador digital integrado que elimina los c\u00e1lculos complicados. Te encantar\u00e1 la potencia de los graves que sentir\u00e1s incluso mientras conduces.<\/p>\n<p><strong>Duradero y resistente<\/strong><\/p>\n<p>El kit SBW incluye un subwoofer personalizado con un radiador pasivo que mejora los graves gracias a un amplificador digital integrado. Un motor con im\u00e1n de neodimio optimiza la potencia del subwoofer; adem\u00e1s, es excepcionalmente ligero, lo que se traduce en mayor eficiencia y menor peso. Su caja sellada garantiza una calidad de sonido \u00f3ptima, y \u200b\u200bel resistente pl\u00e1stico ABS moldeado por rotaci\u00f3n lo protege en cualquier terreno. Los controles de volumen alto y bajo permiten conectarlo a cualquier sistema, ya sea mediante plug-and-play a las unidades principales originales de Harley-Davidson o incluso a una unidad principal compatible con Apple CarPlay y Android Auto.<\/p>\n<p>Tecnolog\u00eda de membranas transferidas<\/p>\n<p>Con todos estos nuevos graves llega nueva tecnolog\u00eda\u2026 El equipo de desarrollo de producto ha encontrado una soluci\u00f3n para la salida de graves de la bicicleta sin da\u00f1ar la estructura de la carcasa. Cada kit de subwoofer incluye arandelas equipadas con un diafragma \u00fanico que permite el paso del sonido a la vez que impide la entrada de humedad. Esta tecnolog\u00eda espec\u00edfica, que ya habr\u00e1s visto y experimentado en auriculares deportivos intrauditivos, es la clave de este producto.<\/p>\n<p>El precio es por 1 unidad, izquierda o derecha.<\/p>","protected":false},"excerpt":{"rendered":"<p>\u00bfQuieres potenciar los graves de tu Harley-Davidson\u00ae sin la molestia de buscar un amplificador o, peor a\u00fan, modificar el maletero? Precision Power ha creado el subwoofer activo SBW para montaje en maletero, una combinaci\u00f3n perfecta de caja ac\u00fastica personalizada, subwoofer y amplificador digital integrado que elimina los c\u00e1lculos complicados. Te encantar\u00e1 la potencia de los graves que sentir\u00e1s incluso mientras conduces.<\/p>","protected":false},"featured_media":9081,"comment_status":"closed","ping_status":"closed","template":"","meta":{"_acf_changed":false},"product_cat":[50],"product_tag":[],"class_list":{"0":"post-7756","1":"product","2":"type-product","3":"status-publish","4":"has-post-thumbnail","6":"product_cat-glosniki","8":"first","9":"instock","10":"taxable","11":"shipping-taxable","12":"purchasable","13":"product-type-simple"},"acf":[],"yoast_head":"<!-- This site is optimized with the Yoast SEO Premium plugin v25.1 (Yoast SEO v26.0) - https:\/\/yoast.com\/wordpress\/plugins\/seo\/ -->\n<title>Aktywny subwoofer do motocykli Harley Davidson 2014+ - Mefiu Motorcycle Audio<\/title>\n<meta name=\"description\" content=\"Dodaj pot\u0119\u017cny bas do swojego Harley-Davidsona\u00ae bez przer\u00f3bek! Zasilany subwoofer Precision Power SBW to kompletne rozwi\u0105zanie \u201ewszystko w jednym\u201d\" \/>\n<meta name=\"robots\" content=\"noindex, follow, max-snippet:-1, max-image-preview:large, max-video-preview:-1\" \/>\n<meta property=\"og:locale\" content=\"es_ES\" \/>\n<meta property=\"og:type\" content=\"article\" \/>\n<meta property=\"og:title\" content=\"Aktywny subwoofer do motocykli Harley Davidson 2014+\" \/>\n<meta property=\"og:description\" content=\"Dodaj pot\u0119\u017cny bas do swojego Harley-Davidsona\u00ae bez przer\u00f3bek! Zasilany subwoofer Precision Power SBW to kompletne rozwi\u0105zanie \u201ewszystko w jednym\u201d\" \/>\n<meta property=\"og:url\" content=\"https:\/\/motorcycle-audio.eu\/sklep\/glosniki\/aktywny-subwoofer-do-motocykli-harley-davidson-2014\/\" \/>\n<meta property=\"og:site_name\" content=\"Mefiu Motorcycle Audio\" \/>\n<meta property=\"article:publisher\" content=\"https:\/\/www.facebook.com\/HarleyDavidsonAudio\" \/>\n<meta property=\"article:modified_time\" content=\"2025-11-03T11:53:50+00:00\" \/>\n<meta property=\"og:image\" content=\"https:\/\/motorcycle-audio.eu\/wp-content\/uploads\/2023\/08\/Aktywny-subwoofer-do-motocykli-Harley-Davidson-2014-1.webp\" \/>\n\t<meta property=\"og:image:width\" content=\"894\" \/>\n\t<meta property=\"og:image:height\" content=\"891\" \/>\n\t<meta property=\"og:image:type\" content=\"image\/webp\" \/>\n<meta name=\"twitter:card\" content=\"summary_large_image\" \/>\n<meta name=\"twitter:label1\" content=\"Est. reading time\" \/>\n\t<meta name=\"twitter:data1\" content=\"2 minutos\" \/>\n<script type=\"application\/ld+json\" class=\"yoast-schema-graph\">{\"@context\":\"https:\/\/schema.org\",\"@graph\":[{\"@type\":\"WebPage\",\"@id\":\"https:\/\/motorcycle-audio.eu\/sklep\/glosniki\/aktywny-subwoofer-do-motocykli-harley-davidson-2014\/\",\"url\":\"https:\/\/motorcycle-audio.eu\/sklep\/glosniki\/aktywny-subwoofer-do-motocykli-harley-davidson-2014\/\",\"name\":\"Aktywny subwoofer do motocykli Harley Davidson 2014+ - Mefiu Motorcycle Audio\",\"isPartOf\":{\"@id\":\"https:\/\/ha.dkonto.pl\/#website\"},\"primaryImageOfPage\":{\"@id\":\"https:\/\/motorcycle-audio.eu\/sklep\/glosniki\/aktywny-subwoofer-do-motocykli-harley-davidson-2014\/#primaryimage\"},\"image\":{\"@id\":\"https:\/\/motorcycle-audio.eu\/sklep\/glosniki\/aktywny-subwoofer-do-motocykli-harley-davidson-2014\/#primaryimage\"},\"thumbnailUrl\":\"https:\/\/ha.dkonto.pl\/wp-content\/uploads\/2023\/08\/Aktywny-subwoofer-do-motocykli-Harley-Davidson-2014-1.webp\",\"datePublished\":\"2023-08-02T13:33:19+00:00\",\"dateModified\":\"2025-11-03T11:53:50+00:00\",\"description\":\"Dodaj pot\u0119\u017cny bas do swojego Harley-Davidsona\u00ae bez przer\u00f3bek! Zasilany subwoofer Precision Power SBW to kompletne rozwi\u0105zanie \u201ewszystko w jednym\u201d\",\"breadcrumb\":{\"@id\":\"https:\/\/motorcycle-audio.eu\/sklep\/glosniki\/aktywny-subwoofer-do-motocykli-harley-davidson-2014\/#breadcrumb\"},\"inLanguage\":\"es\",\"potentialAction\":[{\"@type\":\"ReadAction\",\"target\":[\"https:\/\/motorcycle-audio.eu\/sklep\/glosniki\/aktywny-subwoofer-do-motocykli-harley-davidson-2014\/\"]}]},{\"@type\":\"ImageObject\",\"inLanguage\":\"es\",\"@id\":\"https:\/\/motorcycle-audio.eu\/sklep\/glosniki\/aktywny-subwoofer-do-motocykli-harley-davidson-2014\/#primaryimage\",\"url\":\"https:\/\/ha.dkonto.pl\/wp-content\/uploads\/2023\/08\/Aktywny-subwoofer-do-motocykli-Harley-Davidson-2014-1.webp\",\"contentUrl\":\"https:\/\/ha.dkonto.pl\/wp-content\/uploads\/2023\/08\/Aktywny-subwoofer-do-motocykli-Harley-Davidson-2014-1.webp\",\"width\":894,\"height\":891},{\"@type\":\"BreadcrumbList\",\"@id\":\"https:\/\/motorcycle-audio.eu\/sklep\/glosniki\/aktywny-subwoofer-do-motocykli-harley-davidson-2014\/#breadcrumb\",\"itemListElement\":[{\"@type\":\"ListItem\",\"position\":1,\"name\":\"Strona g\u0142\u00f3wna\",\"item\":\"https:\/\/motorcycle-audio.eu\/\"},{\"@type\":\"ListItem\",\"position\":2,\"name\":\"Sklep\",\"item\":\"https:\/\/motorcycle-audio.eu\/sklep\/\"},{\"@type\":\"ListItem\",\"position\":3,\"name\":\"Aktywny subwoofer do motocykli Harley Davidson 2014+\"}]},{\"@type\":\"WebSite\",\"@id\":\"https:\/\/ha.dkonto.pl\/#website\",\"url\":\"https:\/\/ha.dkonto.pl\/\",\"name\":\"Mefiu Motorcycle Audio\",\"description\":\"Play it loud!\",\"publisher\":{\"@id\":\"https:\/\/ha.dkonto.pl\/#organization\"},\"potentialAction\":[{\"@type\":\"SearchAction\",\"target\":{\"@type\":\"EntryPoint\",\"urlTemplate\":\"https:\/\/ha.dkonto.pl\/?s={search_term_string}\"},\"query-input\":{\"@type\":\"PropertyValueSpecification\",\"valueRequired\":true,\"valueName\":\"search_term_string\"}}],\"inLanguage\":\"es\"},{\"@type\":\"Organization\",\"@id\":\"https:\/\/ha.dkonto.pl\/#organization\",\"name\":\"Mefiu Motorcycle Audio\",\"url\":\"https:\/\/ha.dkonto.pl\/\",\"logo\":{\"@type\":\"ImageObject\",\"inLanguage\":\"es\",\"@id\":\"https:\/\/ha.dkonto.pl\/#\/schema\/logo\/image\/\",\"url\":\"https:\/\/ha.dkonto.pl\/wp-content\/uploads\/2025\/05\/mefiu_logo.png\",\"contentUrl\":\"https:\/\/ha.dkonto.pl\/wp-content\/uploads\/2025\/05\/mefiu_logo.png\",\"width\":150,\"height\":150,\"caption\":\"Mefiu Motorcycle Audio\"},\"image\":{\"@id\":\"https:\/\/ha.dkonto.pl\/#\/schema\/logo\/image\/\"},\"sameAs\":[\"https:\/\/www.facebook.com\/HarleyDavidsonAudio\"]}]}<\/script>\n<!-- \/ Yoast SEO Premium plugin. -->","yoast_head_json":{"title":"Subwoofer activo para motocicletas Harley Davidson 2014+ - Mefiu Motorcycle Audio","description":"Dodaj pot\u0119\u017cny bas do swojego Harley-Davidsona\u00ae bez przer\u00f3bek! Zasilany subwoofer Precision Power SBW to kompletne rozwi\u0105zanie \u201ewszystko w jednym\u201d","robots":{"index":"noindex","follow":"follow","max-snippet":"max-snippet:-1","max-image-preview":"max-image-preview:large","max-video-preview":"max-video-preview:-1"},"og_locale":"es_ES","og_type":"article","og_title":"Aktywny subwoofer do motocykli Harley Davidson 2014+","og_description":"Dodaj pot\u0119\u017cny bas do swojego Harley-Davidsona\u00ae bez przer\u00f3bek! Zasilany subwoofer Precision Power SBW to kompletne rozwi\u0105zanie \u201ewszystko w jednym\u201d","og_url":"https:\/\/motorcycle-audio.eu\/sklep\/glosniki\/aktywny-subwoofer-do-motocykli-harley-davidson-2014\/","og_site_name":"Mefiu Motorcycle Audio","article_publisher":"https:\/\/www.facebook.com\/HarleyDavidsonAudio","article_modified_time":"2025-11-03T11:53:50+00:00","og_image":[{"width":894,"height":891,"url":"https:\/\/motorcycle-audio.eu\/wp-content\/uploads\/2023\/08\/Aktywny-subwoofer-do-motocykli-Harley-Davidson-2014-1.webp","type":"image\/webp"}],"twitter_card":"summary_large_image","twitter_misc":{"Est. reading time":"2 minutos"},"schema":{"@context":"https:\/\/schema.org","@graph":[{"@type":"WebPage","@id":"https:\/\/motorcycle-audio.eu\/sklep\/glosniki\/aktywny-subwoofer-do-motocykli-harley-davidson-2014\/","url":"https:\/\/motorcycle-audio.eu\/sklep\/glosniki\/aktywny-subwoofer-do-motocykli-harley-davidson-2014\/","name":"Subwoofer activo para motocicletas Harley Davidson 2014+ - Mefiu Motorcycle Audio","isPartOf":{"@id":"https:\/\/ha.dkonto.pl\/#website"},"primaryImageOfPage":{"@id":"https:\/\/motorcycle-audio.eu\/sklep\/glosniki\/aktywny-subwoofer-do-motocykli-harley-davidson-2014\/#primaryimage"},"image":{"@id":"https:\/\/motorcycle-audio.eu\/sklep\/glosniki\/aktywny-subwoofer-do-motocykli-harley-davidson-2014\/#primaryimage"},"thumbnailUrl":"https:\/\/ha.dkonto.pl\/wp-content\/uploads\/2023\/08\/Aktywny-subwoofer-do-motocykli-Harley-Davidson-2014-1.webp","datePublished":"2023-08-02T13:33:19+00:00","dateModified":"2025-11-03T11:53:50+00:00","description":"Dodaj pot\u0119\u017cny bas do swojego Harley-Davidsona\u00ae bez przer\u00f3bek! Zasilany subwoofer Precision Power SBW to kompletne rozwi\u0105zanie \u201ewszystko w jednym\u201d","breadcrumb":{"@id":"https:\/\/motorcycle-audio.eu\/sklep\/glosniki\/aktywny-subwoofer-do-motocykli-harley-davidson-2014\/#breadcrumb"},"inLanguage":"es","potentialAction":[{"@type":"ReadAction","target":["https:\/\/motorcycle-audio.eu\/sklep\/glosniki\/aktywny-subwoofer-do-motocykli-harley-davidson-2014\/"]}]},{"@type":"ImageObject","inLanguage":"es","@id":"https:\/\/motorcycle-audio.eu\/sklep\/glosniki\/aktywny-subwoofer-do-motocykli-harley-davidson-2014\/#primaryimage","url":"https:\/\/ha.dkonto.pl\/wp-content\/uploads\/2023\/08\/Aktywny-subwoofer-do-motocykli-Harley-Davidson-2014-1.webp","contentUrl":"https:\/\/ha.dkonto.pl\/wp-content\/uploads\/2023\/08\/Aktywny-subwoofer-do-motocykli-Harley-Davidson-2014-1.webp","width":894,"height":891},{"@type":"BreadcrumbList","@id":"https:\/\/motorcycle-audio.eu\/sklep\/glosniki\/aktywny-subwoofer-do-motocykli-harley-davidson-2014\/#breadcrumb","itemListElement":[{"@type":"ListItem","position":1,"name":"Strona g\u0142\u00f3wna","item":"https:\/\/motorcycle-audio.eu\/"},{"@type":"ListItem","position":2,"name":"Sklep","item":"https:\/\/motorcycle-audio.eu\/sklep\/"},{"@type":"ListItem","position":3,"name":"Aktywny subwoofer do motocykli Harley Davidson 2014+"}]},{"@type":"WebSite","@id":"https:\/\/ha.dkonto.pl\/#website","url":"https:\/\/ha.dkonto.pl\/","name":"Mefiu Motorcycle Audio","description":"Play it loud!","publisher":{"@id":"https:\/\/ha.dkonto.pl\/#organization"},"potentialAction":[{"@type":"SearchAction","target":{"@type":"EntryPoint","urlTemplate":"https:\/\/ha.dkonto.pl\/?s={search_term_string}"},"query-input":{"@type":"PropertyValueSpecification","valueRequired":true,"valueName":"search_term_string"}}],"inLanguage":"es"},{"@type":"Organization","@id":"https:\/\/ha.dkonto.pl\/#organization","name":"Mefiu Motorcycle Audio","url":"https:\/\/ha.dkonto.pl\/","logo":{"@type":"ImageObject","inLanguage":"es","@id":"https:\/\/ha.dkonto.pl\/#\/schema\/logo\/image\/","url":"https:\/\/ha.dkonto.pl\/wp-content\/uploads\/2025\/05\/mefiu_logo.png","contentUrl":"https:\/\/ha.dkonto.pl\/wp-content\/uploads\/2025\/05\/mefiu_logo.png","width":150,"height":150,"caption":"Mefiu Motorcycle Audio"},"image":{"@id":"https:\/\/ha.dkonto.pl\/#\/schema\/logo\/image\/"},"sameAs":["https:\/\/www.facebook.com\/HarleyDavidsonAudio"]}]}},"jetpack_sharing_enabled":true,"_links":{"self":[{"href":"https:\/\/ha.dkonto.pl\/es\/wp-json\/wp\/v2\/product\/7756","targetHints":{"allow":["GET"]}}],"collection":[{"href":"https:\/\/ha.dkonto.pl\/es\/wp-json\/wp\/v2\/product"}],"about":[{"href":"https:\/\/ha.dkonto.pl\/es\/wp-json\/wp\/v2\/types\/product"}],"replies":[{"embeddable":true,"href":"https:\/\/ha.dkonto.pl\/es\/wp-json\/wp\/v2\/comments?post=7756"}],"version-history":[{"count":1,"href":"https:\/\/ha.dkonto.pl\/es\/wp-json\/wp\/v2\/product\/7756\/revisions"}],"predecessor-version":[{"id":9052,"href":"https:\/\/ha.dkonto.pl\/es\/wp-json\/wp\/v2\/product\/7756\/revisions\/9052"}],"wp:featuredmedia":[{"embeddable":true,"href":"https:\/\/ha.dkonto.pl\/es\/wp-json\/wp\/v2\/media\/9081"}],"wp:attachment":[{"href":"https:\/\/ha.dkonto.pl\/es\/wp-json\/wp\/v2\/media?parent=7756"}],"wp:term":[{"taxonomy":"product_cat","embeddable":true,"href":"https:\/\/ha.dkonto.pl\/es\/wp-json\/wp\/v2\/product_cat?post=7756"},{"taxonomy":"product_tag","embeddable":true,"href":"https:\/\/ha.dkonto.pl\/es\/wp-json\/wp\/v2\/product_tag?post=7756"}],"curies":[{"name":"wp","href":"https:\/\/api.w.org\/{rel}","templated":true}]}}