{"id":7720,"date":"2023-08-02T14:25:40","date_gmt":"2023-08-02T12:25:40","guid":{"rendered":"https:\/\/motorcycle-audio.eu\/?post_type=product&#038;p=7720"},"modified":"2024-12-18T10:13:13","modified_gmt":"2024-12-18T09:13:13","slug":"procesador-de-sonido-digital-rockford-fosgate-dsr-1-para-motocicletas-harley-davidson","status":"publish","type":"product","link":"https:\/\/ha.dkonto.pl\/es\/tienda\/accesorios\/procesadores-dsp\/procesador-de-sonido-digital-rockford-fosgate-dsr-1-para-motocicletas-harley-davidson\/","title":{"rendered":"Procesador digital DSP Rockford Fosgate DSR 1 para motocicletas Harley Davidson"},"content":{"rendered":"<p>&nbsp;<\/p>\n<p>El procesamiento digital de se\u00f1ales (DSP) es un tema complejo, y el DSR1 es uno de los dispositivos m\u00e1s sencillos y a la vez m\u00e1s eficaces de este tipo. Conecta f\u00e1cilmente varios amplificadores, lo que permite una optimizaci\u00f3n completa del sistema. Se recomienda para instalaciones con m\u00e1s de un amplificador y subwoofers.<\/p>\n<p>Esto nos permitir\u00e1 obtener f\u00e1cilmente un sonido \u00f3ptimo utilizando una aplicaci\u00f3n iOS o Android sin temor a da\u00f1ar los altavoces.<\/p>\n<p>&nbsp;<\/p>\n<p>Caracter\u00edsticas:<\/p>\n<p>&nbsp;<\/p>\n<p>Procesamiento de se\u00f1al digital con interfaz CAN Maestro integrada.<\/p>\n<p>Cuatro entradas RCA diferenciales balanceadas<\/p>\n<p>Entradas de alto nivel de cuatro canales con detecci\u00f3n de se\u00f1al habilitada<\/p>\n<p>arn\u00e9s de entrada anal\u00f3gica de 18 pines<\/p>\n<p>cable de salida anal\u00f3gica de 16 pines<\/p>\n<p>Puerto micro USB para configuraci\u00f3n\/actualizaciones<\/p>\n<p>Dise\u00f1ado para su uso con arneses en T para veh\u00edculos Select Maestro.<\/p>\n<p>Controlador de nivel PLC2 opcional con funciones asignables<\/p>\n<p>Entradas coaxiales RCA y SPDIF adicionales<\/p>\n<p>245 bandas de ecualizaci\u00f3n para ajuste posventa<\/p>\n<p>Manguetas de direcci\u00f3n ajustables con inclinaci\u00f3n seleccionable<\/p>\n<p>Retardo de hasta 10 ms en cada canal para la alineaci\u00f3n temporal<\/p>\n<p>Conectividad Bluetooth 4.0 para una configuraci\u00f3n sencilla<\/p>\n<p>Interfaz de ajuste interactiva controlada por una aplicaci\u00f3n Android\/iOS<\/p>\n<p>&nbsp;<\/p>\n<p>Presupuesto:<\/p>\n<p>&nbsp;<\/p>\n<ul>\n<li>\u00a0\u00a0\u00a0 Procesador digital de 4 canales con acondicionamiento de se\u00f1al de entrada<\/li>\n<li>\u00a0\u00a0\u00a0 Entrada de se\u00f1al: 4 entradas RCA diferenciales balanceadas<\/li>\n<li>\u00a0\u00a0\u00a0 4 entradas de alto nivel con detecci\u00f3n de se\u00f1al<\/li>\n<li>\u00a0\u00a0\u00a0 2 entradas RCA auxiliares<\/li>\n<li>\u00a0\u00a0\u00a0 entrada coaxial SPDIF<\/li>\n<li>\u00a0\u00a0\u00a0 Impedancia de entrada: 20 k\u03a9<\/li>\n<li>\u00a0\u00a0\u00a0 Tensi\u00f3n de funcionamiento: 9 \u00d7 16 V CC<\/li>\n<li>\u00a0\u00a0\u00a0 Impedancia de salida: 200 ohmios<\/li>\n<li>\u00a0\u00a0\u00a0 Respuesta en frecuencia: 20 Hz - 20 kHz \u00b1 0,5 dB<\/li>\n<li>\u00a0\u00a0\u00a0 Salida de se\u00f1al: 8 salidas RCA<\/li>\n<li>\u00a0\u00a0\u00a0 Tensi\u00f3n de entrada: nivel bajo (RCA): hasta 4 V<\/li>\n<li>\u00a0\u00a0\u00a0 Nivel alto: hasta 12,5 V<\/li>\n<li>\u00a0\u00a0\u00a0 Tensi\u00f3n de encendido alta: 4 V - 16 V<\/li>\n<li>\u00a0\u00a0\u00a0 AUX: hasta 2 V<\/li>\n<li>\u00a0\u00a0\u00a0 Tensi\u00f3n de salida: hasta 4 V RMS<\/li>\n<li>\u00a0\u00a0\u00a0 THD+N: &lt;1,0%<\/li>\n<li>\u00a0\u00a0\u00a0 Se\u00f1al-Rausch-Abstand: &gt;100 dBA (ponderaci\u00f3n A)<\/li>\n<li>\u00a0\u00a0\u00a0 Procesamiento digital de se\u00f1ales (DSP): Velocidad: 147 MIPS<\/li>\n<li>\u00a0\u00a0\u00a0 Precisi\u00f3n: 32 bits<\/li>\n<li>\u00a0\u00a0\u00a0 Tipo de filtro divisor de frecuencias: paso alto<\/li>\n<li>\u00a0\u00a0\u00a0 Paso bajo<\/li>\n<li>\u00a0\u00a0\u00a0 Paso de banda<\/li>\n<li>\u00a0\u00a0\u00a0 Filtro all-pass<\/li>\n<li>\u00a0\u00a0\u00a0 Fijo Linkwitz-Riley<\/li>\n<li>\u00a0\u00a0\u00a0 Frecuencia de corte: variable: de 20 Hz a 10 kHz<\/li>\n<li>\u00a0\u00a0\u00a0 Pendiente de intersecci\u00f3n: Pendiente seleccionable:<\/li>\n<li>\u00a0\u00a0\u00a0 6\/12\/18\/24\/30\/36\/48 dB\/octava<\/li>\n<li>\u00a0\u00a0\u00a0 Frecuencias centrales del ecualizador: Canales: Frontal\/Repuesto\/Trasero\/Subwoofer<\/li>\n<li>\u00a0\u00a0\u00a0 Bandas de frecuencia: 31 por canal<\/li>\n<li>\u00a0\u00a0\u00a0 Ajuste de frecuencia del ecualizador: Q seleccionable: de 0,01 a 10,0<\/li>\n<li>\u00a0\u00a0\u00a0 Dimensiones (alto x ancho x profundidad): 32 mm x 102,5 mm x 130 mm<\/li>\n<li>\u00a0\u00a0\u00a0 Peso del env\u00edo: 0,22 kg<\/li>\n<\/ul>","protected":false},"excerpt":{"rendered":"<p>&nbsp;<\/p>\n<p>El procesamiento digital de se\u00f1ales (DSP) es un tema complejo, y el DSR1 es uno de los dispositivos m\u00e1s sencillos y a la vez m\u00e1s eficaces de este tipo. Conecta f\u00e1cilmente varios amplificadores, lo que permite una optimizaci\u00f3n completa del sistema. Se recomienda para instalaciones con m\u00e1s de un amplificador y subwoofers.<\/p>\n<p>Esto nos permitir\u00e1 obtener f\u00e1cilmente un sonido \u00f3ptimo utilizando una aplicaci\u00f3n iOS o Android sin temor a da\u00f1ar los altavoces.<\/p>","protected":false},"featured_media":7728,"comment_status":"closed","ping_status":"closed","template":"","meta":{"_acf_changed":false},"product_cat":[53,64],"product_tag":[],"class_list":{"0":"post-7720","1":"product","2":"type-product","3":"status-publish","4":"has-post-thumbnail","6":"product_cat-akcesoria","7":"product_cat-procesory-dsp","9":"first","10":"instock","11":"taxable","12":"shipping-taxable","13":"purchasable","14":"product-type-simple"},"acf":[],"yoast_head":"<!-- This site is optimized with the Yoast SEO Premium plugin v25.1 (Yoast SEO v26.0) - https:\/\/yoast.com\/wordpress\/plugins\/seo\/ -->\n<title>DSP Procesor cyfrowy Rockford Fosgate DSR 1 do motocykli Harley Davidson - Mefiu Motorcycle Audio<\/title>\n<meta name=\"robots\" content=\"noindex, follow, max-snippet:-1, max-image-preview:large, max-video-preview:-1\" \/>\n<meta property=\"og:locale\" content=\"es_ES\" \/>\n<meta property=\"og:type\" content=\"article\" \/>\n<meta property=\"og:title\" content=\"DSP Procesor cyfrowy Rockford Fosgate DSR 1 do motocykli Harley Davidson\" \/>\n<meta property=\"og:description\" content=\"&nbsp;  DSP to temat rzeka, a DSR1 jest jednym z najprostszych tego tupu urz\u0105dze\u0144, lecz bardzo wydajnym. Bez problemu pod\u0142\u0105czymy do niego kilka wzmacniaczy i uzyskamy mo\u017cliwo\u015b\u0107 pe\u0142nego i kompleksowego strojenia systemu. POlecany jest do instalacji, gdzie stosujemy wi\u0119cej ni\u017c jeden wzmacniacz i subwoofery.  Pozwoli nam to w spos\u00f3b \u0142atwy, za pomoc\u0105 aplikacji na ios lub Android uzyska\u0107 optymalny d\u017awi\u0119k bez strachu o uszkodzenie g\u0142o\u015bnik\u00f3w.\" \/>\n<meta property=\"og:url\" content=\"https:\/\/motorcycle-audio.eu\/sklep\/akcesoria\/procesory-dsp\/dsp-procesor-cyfrowy-rockford-fosgate-dsr-1-do-motocykli-harley-davidson\/\" \/>\n<meta property=\"og:site_name\" content=\"Mefiu Motorcycle Audio\" \/>\n<meta property=\"article:publisher\" content=\"https:\/\/www.facebook.com\/HarleyDavidsonAudio\" \/>\n<meta property=\"article:modified_time\" content=\"2024-12-18T09:13:13+00:00\" \/>\n<meta property=\"og:image\" content=\"https:\/\/motorcycle-audio.eu\/wp-content\/uploads\/2023\/08\/DSP-Procesor-audio-do-motocykli-Harley-Davidson.webp\" \/>\n\t<meta property=\"og:image:width\" content=\"1200\" \/>\n\t<meta property=\"og:image:height\" content=\"1200\" \/>\n\t<meta property=\"og:image:type\" content=\"image\/webp\" \/>\n<meta name=\"twitter:card\" content=\"summary_large_image\" \/>\n<meta name=\"twitter:label1\" content=\"Est. reading time\" \/>\n\t<meta name=\"twitter:data1\" content=\"2 minutos\" \/>\n<script type=\"application\/ld+json\" class=\"yoast-schema-graph\">{\"@context\":\"https:\/\/schema.org\",\"@graph\":[{\"@type\":\"WebPage\",\"@id\":\"https:\/\/motorcycle-audio.eu\/sklep\/akcesoria\/procesory-dsp\/dsp-procesor-cyfrowy-rockford-fosgate-dsr-1-do-motocykli-harley-davidson\/\",\"url\":\"https:\/\/motorcycle-audio.eu\/sklep\/akcesoria\/procesory-dsp\/dsp-procesor-cyfrowy-rockford-fosgate-dsr-1-do-motocykli-harley-davidson\/\",\"name\":\"DSP Procesor cyfrowy Rockford Fosgate DSR 1 do motocykli Harley Davidson - Mefiu Motorcycle Audio\",\"isPartOf\":{\"@id\":\"https:\/\/ha.dkonto.pl\/#website\"},\"primaryImageOfPage\":{\"@id\":\"https:\/\/motorcycle-audio.eu\/sklep\/akcesoria\/procesory-dsp\/dsp-procesor-cyfrowy-rockford-fosgate-dsr-1-do-motocykli-harley-davidson\/#primaryimage\"},\"image\":{\"@id\":\"https:\/\/motorcycle-audio.eu\/sklep\/akcesoria\/procesory-dsp\/dsp-procesor-cyfrowy-rockford-fosgate-dsr-1-do-motocykli-harley-davidson\/#primaryimage\"},\"thumbnailUrl\":\"https:\/\/ha.dkonto.pl\/wp-content\/uploads\/2023\/08\/DSP-Procesor-audio-do-motocykli-Harley-Davidson.webp\",\"datePublished\":\"2023-08-02T12:25:40+00:00\",\"dateModified\":\"2024-12-18T09:13:13+00:00\",\"breadcrumb\":{\"@id\":\"https:\/\/motorcycle-audio.eu\/sklep\/akcesoria\/procesory-dsp\/dsp-procesor-cyfrowy-rockford-fosgate-dsr-1-do-motocykli-harley-davidson\/#breadcrumb\"},\"inLanguage\":\"es\",\"potentialAction\":[{\"@type\":\"ReadAction\",\"target\":[\"https:\/\/motorcycle-audio.eu\/sklep\/akcesoria\/procesory-dsp\/dsp-procesor-cyfrowy-rockford-fosgate-dsr-1-do-motocykli-harley-davidson\/\"]}]},{\"@type\":\"ImageObject\",\"inLanguage\":\"es\",\"@id\":\"https:\/\/motorcycle-audio.eu\/sklep\/akcesoria\/procesory-dsp\/dsp-procesor-cyfrowy-rockford-fosgate-dsr-1-do-motocykli-harley-davidson\/#primaryimage\",\"url\":\"https:\/\/ha.dkonto.pl\/wp-content\/uploads\/2023\/08\/DSP-Procesor-audio-do-motocykli-Harley-Davidson.webp\",\"contentUrl\":\"https:\/\/ha.dkonto.pl\/wp-content\/uploads\/2023\/08\/DSP-Procesor-audio-do-motocykli-Harley-Davidson.webp\",\"width\":1200,\"height\":1200,\"caption\":\"DSP Procesor audio do motocykli Harley Davidson\"},{\"@type\":\"BreadcrumbList\",\"@id\":\"https:\/\/motorcycle-audio.eu\/sklep\/akcesoria\/procesory-dsp\/dsp-procesor-cyfrowy-rockford-fosgate-dsr-1-do-motocykli-harley-davidson\/#breadcrumb\",\"itemListElement\":[{\"@type\":\"ListItem\",\"position\":1,\"name\":\"Strona g\u0142\u00f3wna\",\"item\":\"https:\/\/motorcycle-audio.eu\/\"},{\"@type\":\"ListItem\",\"position\":2,\"name\":\"Sklep\",\"item\":\"https:\/\/motorcycle-audio.eu\/sklep\/\"},{\"@type\":\"ListItem\",\"position\":3,\"name\":\"DSP Procesor cyfrowy Rockford Fosgate DSR 1 do motocykli Harley Davidson\"}]},{\"@type\":\"WebSite\",\"@id\":\"https:\/\/ha.dkonto.pl\/#website\",\"url\":\"https:\/\/ha.dkonto.pl\/\",\"name\":\"Mefiu Motorcycle Audio\",\"description\":\"Play it loud!\",\"publisher\":{\"@id\":\"https:\/\/ha.dkonto.pl\/#organization\"},\"potentialAction\":[{\"@type\":\"SearchAction\",\"target\":{\"@type\":\"EntryPoint\",\"urlTemplate\":\"https:\/\/ha.dkonto.pl\/?s={search_term_string}\"},\"query-input\":{\"@type\":\"PropertyValueSpecification\",\"valueRequired\":true,\"valueName\":\"search_term_string\"}}],\"inLanguage\":\"es\"},{\"@type\":\"Organization\",\"@id\":\"https:\/\/ha.dkonto.pl\/#organization\",\"name\":\"Mefiu Motorcycle Audio\",\"url\":\"https:\/\/ha.dkonto.pl\/\",\"logo\":{\"@type\":\"ImageObject\",\"inLanguage\":\"es\",\"@id\":\"https:\/\/ha.dkonto.pl\/#\/schema\/logo\/image\/\",\"url\":\"https:\/\/ha.dkonto.pl\/wp-content\/uploads\/2025\/05\/mefiu_logo.png\",\"contentUrl\":\"https:\/\/ha.dkonto.pl\/wp-content\/uploads\/2025\/05\/mefiu_logo.png\",\"width\":150,\"height\":150,\"caption\":\"Mefiu Motorcycle Audio\"},\"image\":{\"@id\":\"https:\/\/ha.dkonto.pl\/#\/schema\/logo\/image\/\"},\"sameAs\":[\"https:\/\/www.facebook.com\/HarleyDavidsonAudio\"]}]}<\/script>\n<!-- \/ Yoast SEO Premium plugin. -->","yoast_head_json":{"title":"Procesador digital DSP Rockford Fosgate DSR 1 para motocicletas Harley Davidson - Mefiu Motorcycle Audio","robots":{"index":"noindex","follow":"follow","max-snippet":"max-snippet:-1","max-image-preview":"max-image-preview:large","max-video-preview":"max-video-preview:-1"},"og_locale":"es_ES","og_type":"article","og_title":"DSP Procesor cyfrowy Rockford Fosgate DSR 1 do motocykli Harley Davidson","og_description":"&nbsp;  DSP to temat rzeka, a DSR1 jest jednym z najprostszych tego tupu urz\u0105dze\u0144, lecz bardzo wydajnym. Bez problemu pod\u0142\u0105czymy do niego kilka wzmacniaczy i uzyskamy mo\u017cliwo\u015b\u0107 pe\u0142nego i kompleksowego strojenia systemu. POlecany jest do instalacji, gdzie stosujemy wi\u0119cej ni\u017c jeden wzmacniacz i subwoofery.  Pozwoli nam to w spos\u00f3b \u0142atwy, za pomoc\u0105 aplikacji na ios lub Android uzyska\u0107 optymalny d\u017awi\u0119k bez strachu o uszkodzenie g\u0142o\u015bnik\u00f3w.","og_url":"https:\/\/motorcycle-audio.eu\/sklep\/akcesoria\/procesory-dsp\/dsp-procesor-cyfrowy-rockford-fosgate-dsr-1-do-motocykli-harley-davidson\/","og_site_name":"Mefiu Motorcycle Audio","article_publisher":"https:\/\/www.facebook.com\/HarleyDavidsonAudio","article_modified_time":"2024-12-18T09:13:13+00:00","og_image":[{"width":1200,"height":1200,"url":"https:\/\/motorcycle-audio.eu\/wp-content\/uploads\/2023\/08\/DSP-Procesor-audio-do-motocykli-Harley-Davidson.webp","type":"image\/webp"}],"twitter_card":"summary_large_image","twitter_misc":{"Est. reading time":"2 minutos"},"schema":{"@context":"https:\/\/schema.org","@graph":[{"@type":"WebPage","@id":"https:\/\/motorcycle-audio.eu\/sklep\/akcesoria\/procesory-dsp\/dsp-procesor-cyfrowy-rockford-fosgate-dsr-1-do-motocykli-harley-davidson\/","url":"https:\/\/motorcycle-audio.eu\/sklep\/akcesoria\/procesory-dsp\/dsp-procesor-cyfrowy-rockford-fosgate-dsr-1-do-motocykli-harley-davidson\/","name":"Procesador digital DSP Rockford Fosgate DSR 1 para motocicletas Harley Davidson - Mefiu Motorcycle Audio","isPartOf":{"@id":"https:\/\/ha.dkonto.pl\/#website"},"primaryImageOfPage":{"@id":"https:\/\/motorcycle-audio.eu\/sklep\/akcesoria\/procesory-dsp\/dsp-procesor-cyfrowy-rockford-fosgate-dsr-1-do-motocykli-harley-davidson\/#primaryimage"},"image":{"@id":"https:\/\/motorcycle-audio.eu\/sklep\/akcesoria\/procesory-dsp\/dsp-procesor-cyfrowy-rockford-fosgate-dsr-1-do-motocykli-harley-davidson\/#primaryimage"},"thumbnailUrl":"https:\/\/ha.dkonto.pl\/wp-content\/uploads\/2023\/08\/DSP-Procesor-audio-do-motocykli-Harley-Davidson.webp","datePublished":"2023-08-02T12:25:40+00:00","dateModified":"2024-12-18T09:13:13+00:00","breadcrumb":{"@id":"https:\/\/motorcycle-audio.eu\/sklep\/akcesoria\/procesory-dsp\/dsp-procesor-cyfrowy-rockford-fosgate-dsr-1-do-motocykli-harley-davidson\/#breadcrumb"},"inLanguage":"es","potentialAction":[{"@type":"ReadAction","target":["https:\/\/motorcycle-audio.eu\/sklep\/akcesoria\/procesory-dsp\/dsp-procesor-cyfrowy-rockford-fosgate-dsr-1-do-motocykli-harley-davidson\/"]}]},{"@type":"ImageObject","inLanguage":"es","@id":"https:\/\/motorcycle-audio.eu\/sklep\/akcesoria\/procesory-dsp\/dsp-procesor-cyfrowy-rockford-fosgate-dsr-1-do-motocykli-harley-davidson\/#primaryimage","url":"https:\/\/ha.dkonto.pl\/wp-content\/uploads\/2023\/08\/DSP-Procesor-audio-do-motocykli-Harley-Davidson.webp","contentUrl":"https:\/\/ha.dkonto.pl\/wp-content\/uploads\/2023\/08\/DSP-Procesor-audio-do-motocykli-Harley-Davidson.webp","width":1200,"height":1200,"caption":"DSP Procesor audio do motocykli Harley Davidson"},{"@type":"BreadcrumbList","@id":"https:\/\/motorcycle-audio.eu\/sklep\/akcesoria\/procesory-dsp\/dsp-procesor-cyfrowy-rockford-fosgate-dsr-1-do-motocykli-harley-davidson\/#breadcrumb","itemListElement":[{"@type":"ListItem","position":1,"name":"Strona g\u0142\u00f3wna","item":"https:\/\/motorcycle-audio.eu\/"},{"@type":"ListItem","position":2,"name":"Sklep","item":"https:\/\/motorcycle-audio.eu\/sklep\/"},{"@type":"ListItem","position":3,"name":"DSP Procesor cyfrowy Rockford Fosgate DSR 1 do motocykli Harley Davidson"}]},{"@type":"WebSite","@id":"https:\/\/ha.dkonto.pl\/#website","url":"https:\/\/ha.dkonto.pl\/","name":"Mefiu Motorcycle Audio","description":"Play it loud!","publisher":{"@id":"https:\/\/ha.dkonto.pl\/#organization"},"potentialAction":[{"@type":"SearchAction","target":{"@type":"EntryPoint","urlTemplate":"https:\/\/ha.dkonto.pl\/?s={search_term_string}"},"query-input":{"@type":"PropertyValueSpecification","valueRequired":true,"valueName":"search_term_string"}}],"inLanguage":"es"},{"@type":"Organization","@id":"https:\/\/ha.dkonto.pl\/#organization","name":"Mefiu Motorcycle Audio","url":"https:\/\/ha.dkonto.pl\/","logo":{"@type":"ImageObject","inLanguage":"es","@id":"https:\/\/ha.dkonto.pl\/#\/schema\/logo\/image\/","url":"https:\/\/ha.dkonto.pl\/wp-content\/uploads\/2025\/05\/mefiu_logo.png","contentUrl":"https:\/\/ha.dkonto.pl\/wp-content\/uploads\/2025\/05\/mefiu_logo.png","width":150,"height":150,"caption":"Mefiu Motorcycle Audio"},"image":{"@id":"https:\/\/ha.dkonto.pl\/#\/schema\/logo\/image\/"},"sameAs":["https:\/\/www.facebook.com\/HarleyDavidsonAudio"]}]}},"jetpack_sharing_enabled":true,"_links":{"self":[{"href":"https:\/\/ha.dkonto.pl\/es\/wp-json\/wp\/v2\/product\/7720","targetHints":{"allow":["GET"]}}],"collection":[{"href":"https:\/\/ha.dkonto.pl\/es\/wp-json\/wp\/v2\/product"}],"about":[{"href":"https:\/\/ha.dkonto.pl\/es\/wp-json\/wp\/v2\/types\/product"}],"replies":[{"embeddable":true,"href":"https:\/\/ha.dkonto.pl\/es\/wp-json\/wp\/v2\/comments?post=7720"}],"version-history":[{"count":0,"href":"https:\/\/ha.dkonto.pl\/es\/wp-json\/wp\/v2\/product\/7720\/revisions"}],"wp:featuredmedia":[{"embeddable":true,"href":"https:\/\/ha.dkonto.pl\/es\/wp-json\/wp\/v2\/media\/7728"}],"wp:attachment":[{"href":"https:\/\/ha.dkonto.pl\/es\/wp-json\/wp\/v2\/media?parent=7720"}],"wp:term":[{"taxonomy":"product_cat","embeddable":true,"href":"https:\/\/ha.dkonto.pl\/es\/wp-json\/wp\/v2\/product_cat?post=7720"},{"taxonomy":"product_tag","embeddable":true,"href":"https:\/\/ha.dkonto.pl\/es\/wp-json\/wp\/v2\/product_tag?post=7720"}],"curies":[{"name":"wp","href":"https:\/\/api.w.org\/{rel}","templated":true}]}}