{"id":7712,"date":"2023-08-02T14:11:31","date_gmt":"2023-08-02T12:11:31","guid":{"rendered":"https:\/\/motorcycle-audio.eu\/?post_type=product&#038;p=7712"},"modified":"2025-01-22T15:08:07","modified_gmt":"2025-01-22T14:08:07","slug":"amplificador-de-2-3-4-canales-600w-hertz-sp4-500-para-motocicletas-harley-davidson","status":"publish","type":"product","link":"https:\/\/ha.dkonto.pl\/es\/tienda\/amplificadores\/amplificador-de-2-3-4-canales-600w-hertz-sp4-500-para-motocicletas-harley-davidson\/","title":{"rendered":"Amplificador de 2, 3, 4 canales 600W Hertz SP4.500 para motocicletas Harley Davidson"},"content":{"rendered":"<p>El Hertz SP4.500 es una continuaci\u00f3n de la l\u00ednea SP de amplificadores fant\u00e1sticos y potentes que se adaptan a cualquier entorno. Se trata de un producto completamente nuevo.<\/p>\n<p>Ya aceptamos las primeras reservas. Disponible en septiembre.<\/p>\n<p>&nbsp;<\/p>\n<p>El SP 4.500 es el primer amplificador Hertz que incorpora la nueva etapa de salida Hertz ADC (Advanced D-Class), alcanzando una eficiencia de hasta el 85% y ofreciendo una impresionante potencia nominal de 160 W RMS a 4 \u03a9 o 500 W RMS a 2 \u03a9 en modo puente, todo ello en un tama\u00f1o ultracompacto de tan solo 211,6 x 130 mm. Gracias a su tama\u00f1o y su enorme potencia, el SP4.500 es la opci\u00f3n ideal para motocicletas.<\/p>\n<p>La tecnolog\u00eda ADC de Hertz garantiza que el SP 4.500 supere a los amplificadores ultracompactos comunes, ofreciendo una excepcional relaci\u00f3n se\u00f1al\/ruido de 105 dBA y un 0,02 % de THD, y eliminando casi por completo las interferencias EMI y RFI para una calidad de sonido inigualable.<\/p>\n<p>Esta versatilidad es perfecta para controlar altavoces frontales de alta potencia (4\u03a9) con un subwoofer puenteado (4\u03a9).<\/p>\n<p>El SP 4.500 est\u00e1 totalmente protegido contra el sobrecalentamiento y las salidas de CC, cambiando instant\u00e1neamente al modo de protecci\u00f3n (LED rojo encendido) para proteger su sistema de altavoces.<\/p>\n<p>La carcasa de aluminio con clasificaci\u00f3n IP55 ofrece m\u00e1xima protecci\u00f3n contra la humedad y factores externos, mientras que la ausencia de un ventilador interno evita la acumulaci\u00f3n de suciedad. La placa base SP 4.500 cuenta con un recubrimiento conformal para prevenir da\u00f1os por condensaci\u00f3n interna, que puede producirse cuando el aire c\u00e1lido y h\u00famedo entra en contacto con el chasis del amplificador, que se encuentra a menor temperatura.<\/p>\n<p>Todos los controles est\u00e1n protegidos por un panel de aluminio extra\u00edble para que el SP 4.500 cumpla con la norma IP55, evitando as\u00ed que entre humedad en los interruptores.<\/p>\n<p>El SP 4.500 incorpora un cable de alimentaci\u00f3n sellado, entradas de l\u00ednea y salidas de altavoz, lo que garantiza una alimentaci\u00f3n segura incluso en las condiciones clim\u00e1ticas m\u00e1s adversas. Un arn\u00e9s de alimentaci\u00f3n robusto proporciona una conexi\u00f3n a tierra y de alimentaci\u00f3n ultraestable, evitando la p\u00e9rdida de contacto por vibraciones. Gracias a su dise\u00f1o especializado, el SP 4.500 es la mejor opci\u00f3n para motocicletas.<\/p>\n<p>El SP 4.500 incorpora un USS (Simulador Universal de Altavoces), un circuito de carga din\u00e1mica en las entradas de alto nivel que inicialmente presenta al canal de salida original una carga lo suficientemente baja como para neutralizar el circuito de protecci\u00f3n contra silenciamiento de la salida de altavoces original. Una vez activado el circuito, se introduce una carga mayor, a\u00fan lo suficientemente baja como para atenuar las salidas de Clase D, pero no tan baja como para causar problemas de corriente o disipaci\u00f3n de calor.<\/p>\n<p>El SP 4.500 ofrece detecci\u00f3n de se\u00f1al de entrada remota y detecci\u00f3n de compensaci\u00f3n de CC en las entradas de los altavoces para el encendido autom\u00e1tico, lo que garantiza una integraci\u00f3n completa con cualquier veh\u00edculo.<\/p>\n<p>Los filtros de cruce universales y el mando de control est\u00e1n ubicados en un lateral para facilitar la calibraci\u00f3n una vez instalado el producto.<\/p>\n<p>La secci\u00f3n de filtros incorpora filtros de cruce de paso alto y paso bajo extremadamente flexibles, ajustables de 50 Hz a 5 kHz con una pendiente de 12 dB\/octava. Junto con un control de refuerzo de graves (45 Hz, 0-8 dB), permiten configurar ambos canales frontales para un funcionamiento de rango completo o para su uso con un subwoofer y altavoces compatibles.<\/p>\n<p>El filtro de paso alto tambi\u00e9n se puede utilizar para optimizar el rendimiento de los altavoces coaxiales de alto rendimiento SPL Show sx165neo, sx690neo y sv165neo.<\/p>\n<table class=\"table caption-top\">\n<tbody>\n<tr>\n<td><strong>Canales<\/strong><\/td>\n<td>4 &#8211; 3 &#8211; 2<\/td>\n<\/tr>\n<tr>\n<td><strong>Tensi\u00f3n nominal de la fuente de alimentaci\u00f3n<\/strong><\/td>\n<td>11 \u00f7 15 V CC<\/td>\n<\/tr>\n<tr>\n<td><strong>Tensi\u00f3n de funcionamiento de pulso<\/strong><\/td>\n<td>6 \u00f7 16 V CC<\/td>\n<\/tr>\n<tr>\n<td><strong>Corriente de ralent\u00ed<\/strong><\/td>\n<td>0.9 A<\/td>\n<\/tr>\n<tr>\n<td><strong>Corriente de ralent\u00ed cuando est\u00e1 apagado<\/strong><\/td>\n<td>0.03 mA<\/td>\n<\/tr>\n<tr>\n<td><strong>Consumo a 14,4 V CC, impedancia de carga m\u00ednima (potencia musical m\u00e1xima)<\/strong><\/td>\n<td>27 A<\/td>\n<\/tr>\n<tr>\n<td><strong>Remote IN<\/strong><\/td>\n<td>6 \u00f7 15 VCC (9 mA)<\/td>\n<\/tr>\n<tr>\n<td><strong>DC-REM: Encendido remoto mediante SPK DC desde los altavoces OUTPUT BTL<\/strong><\/td>\n<td>3,5 \u00f7 7 V CC<\/td>\n<\/tr>\n<tr>\n<td><strong>Distorsi\u00f3n THD a 1 kHz, 4 \u03a9, 70 % de la potencia nominal<\/strong><\/td>\n<td>&lt;0.02%<\/td>\n<\/tr>\n<tr>\n<td><strong>Factor de amortiguamiento a 1 kHz, 4 \u03a9, 2 VRMS<\/strong><\/td>\n<td>&gt;150<\/td>\n<\/tr>\n<tr>\n<td><strong>Ancho de banda a -3 dB<\/strong><\/td>\n<td>10 Hz \u00f7 35 kHz<\/td>\n<\/tr>\n<tr>\n<td><strong>Relaci\u00f3n se\u00f1al\/ruido (ponderaci\u00f3n A a 1 V de entrada)<\/strong><\/td>\n<td>100 dBA<\/td>\n<\/tr>\n<tr>\n<td><strong>Sensibilidad pre-in<\/strong><\/td>\n<td>0.6 \u00f7 6 VRMS<\/td>\n<\/tr>\n<tr>\n<td><strong>Sensibilidad del altavoz<\/strong><\/td>\n<td>2.2 \u00f7 22 VRMS<\/td>\n<\/tr>\n<tr>\n<td><strong>Impedancia de carga m\u00ednima:<\/strong><\/td>\n<td><\/td>\n<\/tr>\n<tr>\n<td>@ 4Ch<\/td>\n<td>2\u03a9<\/td>\n<\/tr>\n<tr>\n<td>@ 3Ch<\/td>\n<td>2\u03a9 + 2\u03a9 + 4\u03a9<\/td>\n<\/tr>\n<tr>\n<td>@ 2Ch<\/td>\n<td>4\u03a9<\/td>\n<\/tr>\n<tr>\n<td><strong>Clasificaci\u00f3n IP<\/strong><\/td>\n<td>IP55<\/td>\n<\/tr>\n<tr>\n<td><strong>Rango de temperatura de funcionamiento<\/strong><\/td>\n<td>0\u00b0C (32\u00b0F) to 55\u00b0C (131\u00b0F)<\/td>\n<\/tr>\n<tr>\n<td><strong>Tama\u00f1o m\u00e1ximo (mm\/pulgadas)<\/strong><\/td>\n<td>192.7 x 130 x 49 \/ 7.58 x 4.18 x 1.9<\/td>\n<\/tr>\n<tr>\n<td><strong>Peso (kg\/lbs)<\/strong><\/td>\n<td>2.15 \/ 4.74<\/td>\n<\/tr>\n<tr>\n<td><strong>Cruces ajustables<\/strong><\/td>\n<td>si<\/td>\n<\/tr>\n<\/tbody>\n<\/table>","protected":false},"excerpt":{"rendered":"<p>El Hertz SP4.500 es una continuaci\u00f3n de la l\u00ednea SP de amplificadores fant\u00e1sticos y potentes que se adaptan a cualquier entorno. Se trata de un producto completamente nuevo.<\/p>\n<p>Ya aceptamos las primeras reservas. Disponible en septiembre.<\/p>","protected":false},"featured_media":7713,"comment_status":"closed","ping_status":"closed","template":"","meta":{"_acf_changed":false},"product_cat":[51],"product_tag":[],"class_list":{"0":"post-7712","1":"product","2":"type-product","3":"status-publish","4":"has-post-thumbnail","6":"product_cat-wzmacniacze","8":"first","9":"instock","10":"taxable","11":"shipping-taxable","12":"purchasable","13":"product-type-simple"},"acf":[],"yoast_head":"<!-- This site is optimized with the Yoast SEO Premium plugin v25.1 (Yoast SEO v26.0) - https:\/\/yoast.com\/wordpress\/plugins\/seo\/ -->\n<title>Wzmacniacz 2,3,4 kana\u0142owy 600W Hertz SP4.500 do motocykli Harley Davidson - Mefiu Motorcycle Audio<\/title>\n<meta name=\"robots\" content=\"noindex, follow, max-snippet:-1, max-image-preview:large, max-video-preview:-1\" \/>\n<meta property=\"og:locale\" content=\"es_ES\" \/>\n<meta property=\"og:type\" content=\"article\" \/>\n<meta property=\"og:title\" content=\"Wzmacniacz 2,3,4 kana\u0142owy 600W Hertz SP4.500 do motocykli Harley Davidson\" \/>\n<meta property=\"og:description\" content=\"Hertz SP4.500 jest kontynuacj\u0105 linii SP czyli fantastycznych mocnych wzmacniaczy, kt\u00f3re radz\u0105 sobie w ka\u017cdych warunkach. Jest to totalna nowo\u015b\u0107.  Ju\u017c teraz przyjmujemy pierwsze zam\u00f3wienia w przedsprzeda\u017cy. Dostepne na we wrze\u015bniu.\" \/>\n<meta property=\"og:url\" content=\"https:\/\/motorcycle-audio.eu\/sklep\/wzmacniacze\/wzmacniacz-234-kanalowy-600w-hertz-sp4-500-do-motocykli-harley-davidson\/\" \/>\n<meta property=\"og:site_name\" content=\"Mefiu Motorcycle Audio\" \/>\n<meta property=\"article:publisher\" content=\"https:\/\/www.facebook.com\/HarleyDavidsonAudio\" \/>\n<meta property=\"article:modified_time\" content=\"2025-01-22T14:08:07+00:00\" \/>\n<meta property=\"og:image\" content=\"https:\/\/motorcycle-audio.eu\/wp-content\/uploads\/2023\/08\/Wzmacniacz-4-3-2-kanalowy-Hertz-SP4.900-do-motocykli-Harley-Davidson.jpg\" \/>\n\t<meta property=\"og:image:width\" content=\"1800\" \/>\n\t<meta property=\"og:image:height\" content=\"1800\" \/>\n\t<meta property=\"og:image:type\" content=\"image\/jpeg\" \/>\n<meta name=\"twitter:card\" content=\"summary_large_image\" \/>\n<meta name=\"twitter:label1\" content=\"Est. reading time\" \/>\n\t<meta name=\"twitter:data1\" content=\"4 minutos\" \/>\n<script type=\"application\/ld+json\" class=\"yoast-schema-graph\">{\"@context\":\"https:\/\/schema.org\",\"@graph\":[{\"@type\":\"WebPage\",\"@id\":\"https:\/\/motorcycle-audio.eu\/sklep\/wzmacniacze\/wzmacniacz-234-kanalowy-600w-hertz-sp4-500-do-motocykli-harley-davidson\/\",\"url\":\"https:\/\/motorcycle-audio.eu\/sklep\/wzmacniacze\/wzmacniacz-234-kanalowy-600w-hertz-sp4-500-do-motocykli-harley-davidson\/\",\"name\":\"Wzmacniacz 2,3,4 kana\u0142owy 600W Hertz SP4.500 do motocykli Harley Davidson - Mefiu Motorcycle Audio\",\"isPartOf\":{\"@id\":\"https:\/\/ha.dkonto.pl\/#website\"},\"primaryImageOfPage\":{\"@id\":\"https:\/\/motorcycle-audio.eu\/sklep\/wzmacniacze\/wzmacniacz-234-kanalowy-600w-hertz-sp4-500-do-motocykli-harley-davidson\/#primaryimage\"},\"image\":{\"@id\":\"https:\/\/motorcycle-audio.eu\/sklep\/wzmacniacze\/wzmacniacz-234-kanalowy-600w-hertz-sp4-500-do-motocykli-harley-davidson\/#primaryimage\"},\"thumbnailUrl\":\"https:\/\/ha.dkonto.pl\/wp-content\/uploads\/2023\/08\/Wzmacniacz-4-3-2-kanalowy-Hertz-SP4.900-do-motocykli-Harley-Davidson.jpg\",\"datePublished\":\"2023-08-02T12:11:31+00:00\",\"dateModified\":\"2025-01-22T14:08:07+00:00\",\"breadcrumb\":{\"@id\":\"https:\/\/motorcycle-audio.eu\/sklep\/wzmacniacze\/wzmacniacz-234-kanalowy-600w-hertz-sp4-500-do-motocykli-harley-davidson\/#breadcrumb\"},\"inLanguage\":\"es\",\"potentialAction\":[{\"@type\":\"ReadAction\",\"target\":[\"https:\/\/motorcycle-audio.eu\/sklep\/wzmacniacze\/wzmacniacz-234-kanalowy-600w-hertz-sp4-500-do-motocykli-harley-davidson\/\"]}]},{\"@type\":\"ImageObject\",\"inLanguage\":\"es\",\"@id\":\"https:\/\/motorcycle-audio.eu\/sklep\/wzmacniacze\/wzmacniacz-234-kanalowy-600w-hertz-sp4-500-do-motocykli-harley-davidson\/#primaryimage\",\"url\":\"https:\/\/ha.dkonto.pl\/wp-content\/uploads\/2023\/08\/Wzmacniacz-4-3-2-kanalowy-Hertz-SP4.900-do-motocykli-Harley-Davidson.jpg\",\"contentUrl\":\"https:\/\/ha.dkonto.pl\/wp-content\/uploads\/2023\/08\/Wzmacniacz-4-3-2-kanalowy-Hertz-SP4.900-do-motocykli-Harley-Davidson.jpg\",\"width\":1800,\"height\":1800,\"caption\":\"Wzmacniacz 4, 3, 2 kana\u0142owy Hertz SP4.900 do motocykli Harley Davidson\"},{\"@type\":\"BreadcrumbList\",\"@id\":\"https:\/\/motorcycle-audio.eu\/sklep\/wzmacniacze\/wzmacniacz-234-kanalowy-600w-hertz-sp4-500-do-motocykli-harley-davidson\/#breadcrumb\",\"itemListElement\":[{\"@type\":\"ListItem\",\"position\":1,\"name\":\"Strona g\u0142\u00f3wna\",\"item\":\"https:\/\/motorcycle-audio.eu\/\"},{\"@type\":\"ListItem\",\"position\":2,\"name\":\"Sklep\",\"item\":\"https:\/\/motorcycle-audio.eu\/sklep\/\"},{\"@type\":\"ListItem\",\"position\":3,\"name\":\"Wzmacniacz 2,3,4 kana\u0142owy 600W Hertz SP4.500 do motocykli Harley Davidson\"}]},{\"@type\":\"WebSite\",\"@id\":\"https:\/\/ha.dkonto.pl\/#website\",\"url\":\"https:\/\/ha.dkonto.pl\/\",\"name\":\"Mefiu Motorcycle Audio\",\"description\":\"Play it loud!\",\"publisher\":{\"@id\":\"https:\/\/ha.dkonto.pl\/#organization\"},\"potentialAction\":[{\"@type\":\"SearchAction\",\"target\":{\"@type\":\"EntryPoint\",\"urlTemplate\":\"https:\/\/ha.dkonto.pl\/?s={search_term_string}\"},\"query-input\":{\"@type\":\"PropertyValueSpecification\",\"valueRequired\":true,\"valueName\":\"search_term_string\"}}],\"inLanguage\":\"es\"},{\"@type\":\"Organization\",\"@id\":\"https:\/\/ha.dkonto.pl\/#organization\",\"name\":\"Mefiu Motorcycle Audio\",\"url\":\"https:\/\/ha.dkonto.pl\/\",\"logo\":{\"@type\":\"ImageObject\",\"inLanguage\":\"es\",\"@id\":\"https:\/\/ha.dkonto.pl\/#\/schema\/logo\/image\/\",\"url\":\"https:\/\/ha.dkonto.pl\/wp-content\/uploads\/2025\/05\/mefiu_logo.png\",\"contentUrl\":\"https:\/\/ha.dkonto.pl\/wp-content\/uploads\/2025\/05\/mefiu_logo.png\",\"width\":150,\"height\":150,\"caption\":\"Mefiu Motorcycle Audio\"},\"image\":{\"@id\":\"https:\/\/ha.dkonto.pl\/#\/schema\/logo\/image\/\"},\"sameAs\":[\"https:\/\/www.facebook.com\/HarleyDavidsonAudio\"]}]}<\/script>\n<!-- \/ Yoast SEO Premium plugin. -->","yoast_head_json":{"title":"Amplificador Hertz SP4.500 de 2, 3 y 4 canales y 600 W para motocicletas Harley Davidson - Mefiu Motorcycle Audio","robots":{"index":"noindex","follow":"follow","max-snippet":"max-snippet:-1","max-image-preview":"max-image-preview:large","max-video-preview":"max-video-preview:-1"},"og_locale":"es_ES","og_type":"article","og_title":"Wzmacniacz 2,3,4 kana\u0142owy 600W Hertz SP4.500 do motocykli Harley Davidson","og_description":"Hertz SP4.500 jest kontynuacj\u0105 linii SP czyli fantastycznych mocnych wzmacniaczy, kt\u00f3re radz\u0105 sobie w ka\u017cdych warunkach. Jest to totalna nowo\u015b\u0107.  Ju\u017c teraz przyjmujemy pierwsze zam\u00f3wienia w przedsprzeda\u017cy. Dostepne na we wrze\u015bniu.","og_url":"https:\/\/motorcycle-audio.eu\/sklep\/wzmacniacze\/wzmacniacz-234-kanalowy-600w-hertz-sp4-500-do-motocykli-harley-davidson\/","og_site_name":"Mefiu Motorcycle Audio","article_publisher":"https:\/\/www.facebook.com\/HarleyDavidsonAudio","article_modified_time":"2025-01-22T14:08:07+00:00","og_image":[{"width":1800,"height":1800,"url":"https:\/\/motorcycle-audio.eu\/wp-content\/uploads\/2023\/08\/Wzmacniacz-4-3-2-kanalowy-Hertz-SP4.900-do-motocykli-Harley-Davidson.jpg","type":"image\/jpeg"}],"twitter_card":"summary_large_image","twitter_misc":{"Est. reading time":"4 minutos"},"schema":{"@context":"https:\/\/schema.org","@graph":[{"@type":"WebPage","@id":"https:\/\/motorcycle-audio.eu\/sklep\/wzmacniacze\/wzmacniacz-234-kanalowy-600w-hertz-sp4-500-do-motocykli-harley-davidson\/","url":"https:\/\/motorcycle-audio.eu\/sklep\/wzmacniacze\/wzmacniacz-234-kanalowy-600w-hertz-sp4-500-do-motocykli-harley-davidson\/","name":"Amplificador Hertz SP4.500 de 2, 3 y 4 canales y 600 W para motocicletas Harley Davidson - Mefiu Motorcycle Audio","isPartOf":{"@id":"https:\/\/ha.dkonto.pl\/#website"},"primaryImageOfPage":{"@id":"https:\/\/motorcycle-audio.eu\/sklep\/wzmacniacze\/wzmacniacz-234-kanalowy-600w-hertz-sp4-500-do-motocykli-harley-davidson\/#primaryimage"},"image":{"@id":"https:\/\/motorcycle-audio.eu\/sklep\/wzmacniacze\/wzmacniacz-234-kanalowy-600w-hertz-sp4-500-do-motocykli-harley-davidson\/#primaryimage"},"thumbnailUrl":"https:\/\/ha.dkonto.pl\/wp-content\/uploads\/2023\/08\/Wzmacniacz-4-3-2-kanalowy-Hertz-SP4.900-do-motocykli-Harley-Davidson.jpg","datePublished":"2023-08-02T12:11:31+00:00","dateModified":"2025-01-22T14:08:07+00:00","breadcrumb":{"@id":"https:\/\/motorcycle-audio.eu\/sklep\/wzmacniacze\/wzmacniacz-234-kanalowy-600w-hertz-sp4-500-do-motocykli-harley-davidson\/#breadcrumb"},"inLanguage":"es","potentialAction":[{"@type":"ReadAction","target":["https:\/\/motorcycle-audio.eu\/sklep\/wzmacniacze\/wzmacniacz-234-kanalowy-600w-hertz-sp4-500-do-motocykli-harley-davidson\/"]}]},{"@type":"ImageObject","inLanguage":"es","@id":"https:\/\/motorcycle-audio.eu\/sklep\/wzmacniacze\/wzmacniacz-234-kanalowy-600w-hertz-sp4-500-do-motocykli-harley-davidson\/#primaryimage","url":"https:\/\/ha.dkonto.pl\/wp-content\/uploads\/2023\/08\/Wzmacniacz-4-3-2-kanalowy-Hertz-SP4.900-do-motocykli-Harley-Davidson.jpg","contentUrl":"https:\/\/ha.dkonto.pl\/wp-content\/uploads\/2023\/08\/Wzmacniacz-4-3-2-kanalowy-Hertz-SP4.900-do-motocykli-Harley-Davidson.jpg","width":1800,"height":1800,"caption":"Wzmacniacz 4, 3, 2 kana\u0142owy Hertz SP4.900 do motocykli Harley Davidson"},{"@type":"BreadcrumbList","@id":"https:\/\/motorcycle-audio.eu\/sklep\/wzmacniacze\/wzmacniacz-234-kanalowy-600w-hertz-sp4-500-do-motocykli-harley-davidson\/#breadcrumb","itemListElement":[{"@type":"ListItem","position":1,"name":"Strona g\u0142\u00f3wna","item":"https:\/\/motorcycle-audio.eu\/"},{"@type":"ListItem","position":2,"name":"Sklep","item":"https:\/\/motorcycle-audio.eu\/sklep\/"},{"@type":"ListItem","position":3,"name":"Wzmacniacz 2,3,4 kana\u0142owy 600W Hertz SP4.500 do motocykli Harley Davidson"}]},{"@type":"WebSite","@id":"https:\/\/ha.dkonto.pl\/#website","url":"https:\/\/ha.dkonto.pl\/","name":"Mefiu Motorcycle Audio","description":"Play it loud!","publisher":{"@id":"https:\/\/ha.dkonto.pl\/#organization"},"potentialAction":[{"@type":"SearchAction","target":{"@type":"EntryPoint","urlTemplate":"https:\/\/ha.dkonto.pl\/?s={search_term_string}"},"query-input":{"@type":"PropertyValueSpecification","valueRequired":true,"valueName":"search_term_string"}}],"inLanguage":"es"},{"@type":"Organization","@id":"https:\/\/ha.dkonto.pl\/#organization","name":"Mefiu Motorcycle Audio","url":"https:\/\/ha.dkonto.pl\/","logo":{"@type":"ImageObject","inLanguage":"es","@id":"https:\/\/ha.dkonto.pl\/#\/schema\/logo\/image\/","url":"https:\/\/ha.dkonto.pl\/wp-content\/uploads\/2025\/05\/mefiu_logo.png","contentUrl":"https:\/\/ha.dkonto.pl\/wp-content\/uploads\/2025\/05\/mefiu_logo.png","width":150,"height":150,"caption":"Mefiu Motorcycle Audio"},"image":{"@id":"https:\/\/ha.dkonto.pl\/#\/schema\/logo\/image\/"},"sameAs":["https:\/\/www.facebook.com\/HarleyDavidsonAudio"]}]}},"jetpack_sharing_enabled":true,"_links":{"self":[{"href":"https:\/\/ha.dkonto.pl\/es\/wp-json\/wp\/v2\/product\/7712","targetHints":{"allow":["GET"]}}],"collection":[{"href":"https:\/\/ha.dkonto.pl\/es\/wp-json\/wp\/v2\/product"}],"about":[{"href":"https:\/\/ha.dkonto.pl\/es\/wp-json\/wp\/v2\/types\/product"}],"replies":[{"embeddable":true,"href":"https:\/\/ha.dkonto.pl\/es\/wp-json\/wp\/v2\/comments?post=7712"}],"version-history":[{"count":0,"href":"https:\/\/ha.dkonto.pl\/es\/wp-json\/wp\/v2\/product\/7712\/revisions"}],"wp:featuredmedia":[{"embeddable":true,"href":"https:\/\/ha.dkonto.pl\/es\/wp-json\/wp\/v2\/media\/7713"}],"wp:attachment":[{"href":"https:\/\/ha.dkonto.pl\/es\/wp-json\/wp\/v2\/media?parent=7712"}],"wp:term":[{"taxonomy":"product_cat","embeddable":true,"href":"https:\/\/ha.dkonto.pl\/es\/wp-json\/wp\/v2\/product_cat?post=7712"},{"taxonomy":"product_tag","embeddable":true,"href":"https:\/\/ha.dkonto.pl\/es\/wp-json\/wp\/v2\/product_tag?post=7712"}],"curies":[{"name":"wp","href":"https:\/\/api.w.org\/{rel}","templated":true}]}}