{"id":7702,"date":"2023-08-02T13:24:50","date_gmt":"2023-08-02T11:24:50","guid":{"rendered":"https:\/\/motorcycle-audio.eu\/?post_type=product&#038;p=7702"},"modified":"2023-08-02T13:53:48","modified_gmt":"2023-08-02T11:53:48","slug":"amplificador-de-4-2-canales-600w-hertz-hmp4d-para-motocicletas-harley-davidson","status":"publish","type":"product","link":"https:\/\/ha.dkonto.pl\/es\/tienda\/amplificadores\/amplificador-de-4-2-canales-600w-hertz-hmp4d-para-motocicletas-harley-davidson\/","title":{"rendered":"Amplificador de 4\/2 canales 600W Hertz HMP4D para motocicletas Harley Davidson"},"content":{"rendered":"<p>Ligeramente m\u00e1s peque\u00f1o, pero igualmente potente, el amplificador Hertz HMP4D es nuestra elecci\u00f3n para sistemas de 2 y 4 altavoces. En configuraci\u00f3n puente, ofrece 150 W por canal a 4 ohmios y 300 W a 2 ohmios. Excelente y fiable.<\/p>\n<p>Con una carcasa de aluminio fundido a presi\u00f3n ultracompacta (clasificaci\u00f3n IP64), el amplificador HMP 4D es resistente a la intemperie, lo que lo convierte en la opci\u00f3n perfecta para instalaciones en UTV\/ATV\/Motocicletas.<\/p>\n<p>Cuenta con una incre\u00edble relaci\u00f3n potencia\/tama\u00f1o y es f\u00e1cil de configurar gracias a su filtro de cruce integrado. La secci\u00f3n de entrada incorpora un sistema de cruce completo y con opci\u00f3n de derivaci\u00f3n, lo que proporciona una flexibilidad total en el dise\u00f1o del sistema, con o sin procesadores externos, y ofrece al usuario opciones de conexi\u00f3n ilimitadas a cualquier fuente.<\/p>\n<p>Las entradas est\u00e1n equipadas con circuitos balanceados especiales que proporcionan un alto nivel de supresi\u00f3n de interferencias electromagn\u00e9ticas, lo que da como resultado una se\u00f1al libre de ruido.<\/p>\n<p>&nbsp;<\/p>\n<table class=\"table caption-top\">\n<tbody>\n<tr>\n<td><strong>Canales<\/strong><\/td>\n<td>4 &#8211; 2<\/td>\n<\/tr>\n<tr>\n<td>FUENTE DE ALIMENTACI\u00d3N<\/td>\n<td><\/td>\n<\/tr>\n<tr>\n<td><strong>Tensi\u00f3n de alimentaci\u00f3n \/ fusible:<\/strong><\/td>\n<td>11 \u00f7 15 VDC \/ 1 x 15 A<\/td>\n<\/tr>\n<tr>\n<td><strong>Corriente en reposo (encendido\/apagado)<\/strong><\/td>\n<td>1.2 A \/ 0.04 mA<\/td>\n<\/tr>\n<tr>\n<td><strong>Consumo a 2 \u03a9, 14,4 V CC (Potencia musical m\u00e1xima): <\/strong><\/td>\n<td>15 A<\/td>\n<\/tr>\n<tr>\n<td><strong>Remote In: <\/strong><\/td>\n<td>4 \u00f7 15 VDC &#8211; 1 mA<\/td>\n<\/tr>\n<tr>\n<td><strong>ART:<\/strong><\/td>\n<td>Encendido\/apagado remoto autom\u00e1tico<\/td>\n<\/tr>\n<tr>\n<td>ETAPA DE AMPLIFICACI\u00d3N<\/td>\n<td><\/td>\n<\/tr>\n<tr>\n<td><strong>Distorsi\u00f3n \u00b1 THD (100 Hz a 4 \u03a9)<\/strong><\/td>\n<td>0.2 %<\/td>\n<\/tr>\n<tr>\n<td><strong>Ancho de banda:<\/strong><\/td>\n<td>10 \u00f7 30K Hz<\/td>\n<\/tr>\n<tr>\n<td><strong>Relaci\u00f3n se\u00f1al\/ruido (ponderaci\u00f3n A a 1 V):<\/strong><\/td>\n<td>95 dB<\/td>\n<\/tr>\n<tr>\n<td><strong>Factor de amortiguamiento (100 Hz a 4 \u03a9)<\/strong><\/td>\n<td>45<\/td>\n<\/tr>\n<tr>\n<td><strong>Sensibilidad previa a la entrada:<\/strong><\/td>\n<td>LO: 0.2 \u00f7 5 V<br \/>\nHI: 0.8 \u00f7 20 V<\/td>\n<\/tr>\n<tr>\n<td><strong>Impedancia de carga (M\u00cdN)<\/strong><br \/>\n@ 4 Ch:<br \/>\n@ 2 Ch:<\/td>\n<td>\n2\u2126<br \/>\n4\u2126<\/td>\n<\/tr>\n<tr>\n<td><strong>Tama\u00f1o m\u00e1ximo (mm\/pulg):<\/strong><\/td>\n<td>223 x 100,5 x 43,6 \/ 8.77 x 3.95 x 1.71<\/td>\n<\/tr>\n<tr>\n<td><strong>Peso (kg\/lb): <\/strong><\/td>\n<td>1.35 \/ 2.97<\/td>\n<\/tr>\n<tr>\n<td><strong>Cruces ajustables<\/strong><\/td>\n<td>si<\/td>\n<\/tr>\n<\/tbody>\n<\/table>","protected":false},"excerpt":{"rendered":"<p>Ligeramente m\u00e1s peque\u00f1o, pero igualmente potente, el amplificador Hertz HMP4D es nuestra elecci\u00f3n para sistemas de 2 y 4 altavoces. En configuraci\u00f3n puente, ofrece 150 W por canal a 4 ohmios y 300 W a 2 ohmios. Excelente y fiable.<\/p>\n<p>&nbsp;<\/p>","protected":false},"featured_media":7706,"comment_status":"closed","ping_status":"closed","template":"","meta":{"_acf_changed":false},"product_cat":[51],"product_tag":[],"class_list":{"0":"post-7702","1":"product","2":"type-product","3":"status-publish","4":"has-post-thumbnail","6":"product_cat-wzmacniacze","8":"first","9":"instock","10":"taxable","11":"shipping-taxable","12":"purchasable","13":"product-type-simple"},"acf":[],"yoast_head":"<!-- This site is optimized with the Yoast SEO Premium plugin v25.1 (Yoast SEO v26.0) - https:\/\/yoast.com\/wordpress\/plugins\/seo\/ -->\n<title>Wzmacniacz 4\/2 kana\u0142owy 600W Hertz HMP4D do motocykli Harley Davidson - Mefiu Motorcycle Audio<\/title>\n<meta name=\"robots\" content=\"noindex, follow, max-snippet:-1, max-image-preview:large, max-video-preview:-1\" \/>\n<meta property=\"og:locale\" content=\"es_ES\" \/>\n<meta property=\"og:type\" content=\"article\" \/>\n<meta property=\"og:title\" content=\"Wzmacniacz 4\/2 kana\u0142owy 600W Hertz HMP4D do motocykli Harley Davidson\" \/>\n<meta property=\"og:description\" content=\"Troszk\u0119 mniejszy ale nadal Bardzo mocny wzmacniacz Hertz HMP4D, jest naszym wyborem do instalacji 2 i 4 g\u0142o\u015bnikowych. Przy zmostkowaniu daje po 150W na kana\u0142 przy 4 Omh i 300W przy 2 Ohm. Doskona\u0142y i niezawodny.  &nbsp;\" \/>\n<meta property=\"og:url\" content=\"https:\/\/motorcycle-audio.eu\/sklep\/wzmacniacze\/wzmacniacz-4-2-kanalowy-600w-hertz-hmp4d-do-motocykli-harley-davidson\/\" \/>\n<meta property=\"og:site_name\" content=\"Mefiu Motorcycle Audio\" \/>\n<meta property=\"article:publisher\" content=\"https:\/\/www.facebook.com\/HarleyDavidsonAudio\" \/>\n<meta property=\"article:modified_time\" content=\"2023-08-02T11:53:48+00:00\" \/>\n<meta property=\"og:image\" content=\"https:\/\/motorcycle-audio.eu\/wp-content\/uploads\/2023\/08\/Wzmacniacz-Hertz-HMP4D-do-motocykli-Harley-Davidson.jpg\" \/>\n\t<meta property=\"og:image:width\" content=\"1800\" \/>\n\t<meta property=\"og:image:height\" content=\"1800\" \/>\n\t<meta property=\"og:image:type\" content=\"image\/jpeg\" \/>\n<meta name=\"twitter:card\" content=\"summary_large_image\" \/>\n<meta name=\"twitter:label1\" content=\"Est. reading time\" \/>\n\t<meta name=\"twitter:data1\" content=\"1 minuto\" \/>\n<script type=\"application\/ld+json\" class=\"yoast-schema-graph\">{\"@context\":\"https:\/\/schema.org\",\"@graph\":[{\"@type\":\"WebPage\",\"@id\":\"https:\/\/motorcycle-audio.eu\/sklep\/wzmacniacze\/wzmacniacz-4-2-kanalowy-600w-hertz-hmp4d-do-motocykli-harley-davidson\/\",\"url\":\"https:\/\/motorcycle-audio.eu\/sklep\/wzmacniacze\/wzmacniacz-4-2-kanalowy-600w-hertz-hmp4d-do-motocykli-harley-davidson\/\",\"name\":\"Wzmacniacz 4\/2 kana\u0142owy 600W Hertz HMP4D do motocykli Harley Davidson - Mefiu Motorcycle Audio\",\"isPartOf\":{\"@id\":\"https:\/\/ha.dkonto.pl\/#website\"},\"primaryImageOfPage\":{\"@id\":\"https:\/\/motorcycle-audio.eu\/sklep\/wzmacniacze\/wzmacniacz-4-2-kanalowy-600w-hertz-hmp4d-do-motocykli-harley-davidson\/#primaryimage\"},\"image\":{\"@id\":\"https:\/\/motorcycle-audio.eu\/sklep\/wzmacniacze\/wzmacniacz-4-2-kanalowy-600w-hertz-hmp4d-do-motocykli-harley-davidson\/#primaryimage\"},\"thumbnailUrl\":\"https:\/\/ha.dkonto.pl\/wp-content\/uploads\/2023\/08\/Wzmacniacz-Hertz-HMP4D-do-motocykli-Harley-Davidson.jpg\",\"datePublished\":\"2023-08-02T11:24:50+00:00\",\"dateModified\":\"2023-08-02T11:53:48+00:00\",\"breadcrumb\":{\"@id\":\"https:\/\/motorcycle-audio.eu\/sklep\/wzmacniacze\/wzmacniacz-4-2-kanalowy-600w-hertz-hmp4d-do-motocykli-harley-davidson\/#breadcrumb\"},\"inLanguage\":\"es\",\"potentialAction\":[{\"@type\":\"ReadAction\",\"target\":[\"https:\/\/motorcycle-audio.eu\/sklep\/wzmacniacze\/wzmacniacz-4-2-kanalowy-600w-hertz-hmp4d-do-motocykli-harley-davidson\/\"]}]},{\"@type\":\"ImageObject\",\"inLanguage\":\"es\",\"@id\":\"https:\/\/motorcycle-audio.eu\/sklep\/wzmacniacze\/wzmacniacz-4-2-kanalowy-600w-hertz-hmp4d-do-motocykli-harley-davidson\/#primaryimage\",\"url\":\"https:\/\/ha.dkonto.pl\/wp-content\/uploads\/2023\/08\/Wzmacniacz-Hertz-HMP4D-do-motocykli-Harley-Davidson.jpg\",\"contentUrl\":\"https:\/\/ha.dkonto.pl\/wp-content\/uploads\/2023\/08\/Wzmacniacz-Hertz-HMP4D-do-motocykli-Harley-Davidson.jpg\",\"width\":1800,\"height\":1800,\"caption\":\"Wzmacniacz Hertz HMP4D do motocykli Harley Davidson\"},{\"@type\":\"BreadcrumbList\",\"@id\":\"https:\/\/motorcycle-audio.eu\/sklep\/wzmacniacze\/wzmacniacz-4-2-kanalowy-600w-hertz-hmp4d-do-motocykli-harley-davidson\/#breadcrumb\",\"itemListElement\":[{\"@type\":\"ListItem\",\"position\":1,\"name\":\"Strona g\u0142\u00f3wna\",\"item\":\"https:\/\/motorcycle-audio.eu\/\"},{\"@type\":\"ListItem\",\"position\":2,\"name\":\"Sklep\",\"item\":\"https:\/\/motorcycle-audio.eu\/sklep\/\"},{\"@type\":\"ListItem\",\"position\":3,\"name\":\"Wzmacniacz 4\/2 kana\u0142owy 600W Hertz HMP4D do motocykli Harley Davidson\"}]},{\"@type\":\"WebSite\",\"@id\":\"https:\/\/ha.dkonto.pl\/#website\",\"url\":\"https:\/\/ha.dkonto.pl\/\",\"name\":\"Mefiu Motorcycle Audio\",\"description\":\"Play it loud!\",\"publisher\":{\"@id\":\"https:\/\/ha.dkonto.pl\/#organization\"},\"potentialAction\":[{\"@type\":\"SearchAction\",\"target\":{\"@type\":\"EntryPoint\",\"urlTemplate\":\"https:\/\/ha.dkonto.pl\/?s={search_term_string}\"},\"query-input\":{\"@type\":\"PropertyValueSpecification\",\"valueRequired\":true,\"valueName\":\"search_term_string\"}}],\"inLanguage\":\"es\"},{\"@type\":\"Organization\",\"@id\":\"https:\/\/ha.dkonto.pl\/#organization\",\"name\":\"Mefiu Motorcycle Audio\",\"url\":\"https:\/\/ha.dkonto.pl\/\",\"logo\":{\"@type\":\"ImageObject\",\"inLanguage\":\"es\",\"@id\":\"https:\/\/ha.dkonto.pl\/#\/schema\/logo\/image\/\",\"url\":\"https:\/\/ha.dkonto.pl\/wp-content\/uploads\/2025\/05\/mefiu_logo.png\",\"contentUrl\":\"https:\/\/ha.dkonto.pl\/wp-content\/uploads\/2025\/05\/mefiu_logo.png\",\"width\":150,\"height\":150,\"caption\":\"Mefiu Motorcycle Audio\"},\"image\":{\"@id\":\"https:\/\/ha.dkonto.pl\/#\/schema\/logo\/image\/\"},\"sameAs\":[\"https:\/\/www.facebook.com\/HarleyDavidsonAudio\"]}]}<\/script>\n<!-- \/ Yoast SEO Premium plugin. -->","yoast_head_json":{"title":"Amplificador Hertz HMP4D de 4\/2 canales y 600 W para motocicletas Harley Davidson - Mefiu Motorcycle Audio","robots":{"index":"noindex","follow":"follow","max-snippet":"max-snippet:-1","max-image-preview":"max-image-preview:large","max-video-preview":"max-video-preview:-1"},"og_locale":"es_ES","og_type":"article","og_title":"Wzmacniacz 4\/2 kana\u0142owy 600W Hertz HMP4D do motocykli Harley Davidson","og_description":"Troszk\u0119 mniejszy ale nadal Bardzo mocny wzmacniacz Hertz HMP4D, jest naszym wyborem do instalacji 2 i 4 g\u0142o\u015bnikowych. Przy zmostkowaniu daje po 150W na kana\u0142 przy 4 Omh i 300W przy 2 Ohm. Doskona\u0142y i niezawodny.  &nbsp;","og_url":"https:\/\/motorcycle-audio.eu\/sklep\/wzmacniacze\/wzmacniacz-4-2-kanalowy-600w-hertz-hmp4d-do-motocykli-harley-davidson\/","og_site_name":"Mefiu Motorcycle Audio","article_publisher":"https:\/\/www.facebook.com\/HarleyDavidsonAudio","article_modified_time":"2023-08-02T11:53:48+00:00","og_image":[{"width":1800,"height":1800,"url":"https:\/\/motorcycle-audio.eu\/wp-content\/uploads\/2023\/08\/Wzmacniacz-Hertz-HMP4D-do-motocykli-Harley-Davidson.jpg","type":"image\/jpeg"}],"twitter_card":"summary_large_image","twitter_misc":{"Est. reading time":"1 minuto"},"schema":{"@context":"https:\/\/schema.org","@graph":[{"@type":"WebPage","@id":"https:\/\/motorcycle-audio.eu\/sklep\/wzmacniacze\/wzmacniacz-4-2-kanalowy-600w-hertz-hmp4d-do-motocykli-harley-davidson\/","url":"https:\/\/motorcycle-audio.eu\/sklep\/wzmacniacze\/wzmacniacz-4-2-kanalowy-600w-hertz-hmp4d-do-motocykli-harley-davidson\/","name":"Amplificador Hertz HMP4D de 4\/2 canales y 600 W para motocicletas Harley Davidson - Mefiu Motorcycle Audio","isPartOf":{"@id":"https:\/\/ha.dkonto.pl\/#website"},"primaryImageOfPage":{"@id":"https:\/\/motorcycle-audio.eu\/sklep\/wzmacniacze\/wzmacniacz-4-2-kanalowy-600w-hertz-hmp4d-do-motocykli-harley-davidson\/#primaryimage"},"image":{"@id":"https:\/\/motorcycle-audio.eu\/sklep\/wzmacniacze\/wzmacniacz-4-2-kanalowy-600w-hertz-hmp4d-do-motocykli-harley-davidson\/#primaryimage"},"thumbnailUrl":"https:\/\/ha.dkonto.pl\/wp-content\/uploads\/2023\/08\/Wzmacniacz-Hertz-HMP4D-do-motocykli-Harley-Davidson.jpg","datePublished":"2023-08-02T11:24:50+00:00","dateModified":"2023-08-02T11:53:48+00:00","breadcrumb":{"@id":"https:\/\/motorcycle-audio.eu\/sklep\/wzmacniacze\/wzmacniacz-4-2-kanalowy-600w-hertz-hmp4d-do-motocykli-harley-davidson\/#breadcrumb"},"inLanguage":"es","potentialAction":[{"@type":"ReadAction","target":["https:\/\/motorcycle-audio.eu\/sklep\/wzmacniacze\/wzmacniacz-4-2-kanalowy-600w-hertz-hmp4d-do-motocykli-harley-davidson\/"]}]},{"@type":"ImageObject","inLanguage":"es","@id":"https:\/\/motorcycle-audio.eu\/sklep\/wzmacniacze\/wzmacniacz-4-2-kanalowy-600w-hertz-hmp4d-do-motocykli-harley-davidson\/#primaryimage","url":"https:\/\/ha.dkonto.pl\/wp-content\/uploads\/2023\/08\/Wzmacniacz-Hertz-HMP4D-do-motocykli-Harley-Davidson.jpg","contentUrl":"https:\/\/ha.dkonto.pl\/wp-content\/uploads\/2023\/08\/Wzmacniacz-Hertz-HMP4D-do-motocykli-Harley-Davidson.jpg","width":1800,"height":1800,"caption":"Wzmacniacz Hertz HMP4D do motocykli Harley Davidson"},{"@type":"BreadcrumbList","@id":"https:\/\/motorcycle-audio.eu\/sklep\/wzmacniacze\/wzmacniacz-4-2-kanalowy-600w-hertz-hmp4d-do-motocykli-harley-davidson\/#breadcrumb","itemListElement":[{"@type":"ListItem","position":1,"name":"Strona g\u0142\u00f3wna","item":"https:\/\/motorcycle-audio.eu\/"},{"@type":"ListItem","position":2,"name":"Sklep","item":"https:\/\/motorcycle-audio.eu\/sklep\/"},{"@type":"ListItem","position":3,"name":"Wzmacniacz 4\/2 kana\u0142owy 600W Hertz HMP4D do motocykli Harley Davidson"}]},{"@type":"WebSite","@id":"https:\/\/ha.dkonto.pl\/#website","url":"https:\/\/ha.dkonto.pl\/","name":"Mefiu Motorcycle Audio","description":"Play it loud!","publisher":{"@id":"https:\/\/ha.dkonto.pl\/#organization"},"potentialAction":[{"@type":"SearchAction","target":{"@type":"EntryPoint","urlTemplate":"https:\/\/ha.dkonto.pl\/?s={search_term_string}"},"query-input":{"@type":"PropertyValueSpecification","valueRequired":true,"valueName":"search_term_string"}}],"inLanguage":"es"},{"@type":"Organization","@id":"https:\/\/ha.dkonto.pl\/#organization","name":"Mefiu Motorcycle Audio","url":"https:\/\/ha.dkonto.pl\/","logo":{"@type":"ImageObject","inLanguage":"es","@id":"https:\/\/ha.dkonto.pl\/#\/schema\/logo\/image\/","url":"https:\/\/ha.dkonto.pl\/wp-content\/uploads\/2025\/05\/mefiu_logo.png","contentUrl":"https:\/\/ha.dkonto.pl\/wp-content\/uploads\/2025\/05\/mefiu_logo.png","width":150,"height":150,"caption":"Mefiu Motorcycle Audio"},"image":{"@id":"https:\/\/ha.dkonto.pl\/#\/schema\/logo\/image\/"},"sameAs":["https:\/\/www.facebook.com\/HarleyDavidsonAudio"]}]}},"jetpack_sharing_enabled":true,"_links":{"self":[{"href":"https:\/\/ha.dkonto.pl\/es\/wp-json\/wp\/v2\/product\/7702","targetHints":{"allow":["GET"]}}],"collection":[{"href":"https:\/\/ha.dkonto.pl\/es\/wp-json\/wp\/v2\/product"}],"about":[{"href":"https:\/\/ha.dkonto.pl\/es\/wp-json\/wp\/v2\/types\/product"}],"replies":[{"embeddable":true,"href":"https:\/\/ha.dkonto.pl\/es\/wp-json\/wp\/v2\/comments?post=7702"}],"version-history":[{"count":0,"href":"https:\/\/ha.dkonto.pl\/es\/wp-json\/wp\/v2\/product\/7702\/revisions"}],"wp:featuredmedia":[{"embeddable":true,"href":"https:\/\/ha.dkonto.pl\/es\/wp-json\/wp\/v2\/media\/7706"}],"wp:attachment":[{"href":"https:\/\/ha.dkonto.pl\/es\/wp-json\/wp\/v2\/media?parent=7702"}],"wp:term":[{"taxonomy":"product_cat","embeddable":true,"href":"https:\/\/ha.dkonto.pl\/es\/wp-json\/wp\/v2\/product_cat?post=7702"},{"taxonomy":"product_tag","embeddable":true,"href":"https:\/\/ha.dkonto.pl\/es\/wp-json\/wp\/v2\/product_tag?post=7702"}],"curies":[{"name":"wp","href":"https:\/\/api.w.org\/{rel}","templated":true}]}}