{"id":7694,"date":"2023-08-01T15:58:05","date_gmt":"2023-08-01T13:58:05","guid":{"rendered":"https:\/\/motorcycle-audio.eu\/?post_type=product&#038;p=7694"},"modified":"2025-03-26T13:21:41","modified_gmt":"2025-03-26T12:21:41","slug":"amplificador-hertz-sp4-900-para-motocicletas-harley-davidson","status":"publish","type":"product","link":"https:\/\/ha.dkonto.pl\/es\/tienda\/amplificadores\/amplificador-hertz-sp4-900-para-motocicletas-harley-davidson\/","title":{"rendered":"Amplificador Hertz SP4.900 para motocicletas Harley Davidson"},"content":{"rendered":"<p>El SP 4.900 es el primer amplificador Hertz que incorpora la nueva etapa de salida Hertz ADC (Advanced D-Class), alcanzando una eficiencia de hasta el 85% y ofreciendo una impresionante potencia nominal de 160 W RMS a 4 \u03a9 o 500 W RMS a 2 \u03a9 en modo puente, todo ello en un tama\u00f1o ultracompacto de tan solo 211,6 x 130 mm. Gracias a su tama\u00f1o y su enorme potencia, el SP4.900 es la opci\u00f3n ideal para motocicletas.<\/p>\n<p>La tecnolog\u00eda ADC de Hertz garantiza que el SP 4.900 supere a los amplificadores ultracompactos comunes, ofreciendo una excepcional relaci\u00f3n se\u00f1al\/ruido de 105 dBA y un 0,02 % de THD, y eliminando casi por completo las interferencias EMI y RFI para una calidad de sonido inigualable.<\/p>\n<p>Esta versatilidad es perfecta para controlar altavoces frontales de alta potencia (4\u03a9) con un subwoofer puenteado (4\u03a9).<\/p>\n<p>El SP 4.900 est\u00e1 totalmente protegido contra el sobrecalentamiento y las salidas de CC, cambiando instant\u00e1neamente al modo de protecci\u00f3n (LED rojo encendido) para proteger su sistema de altavoces.<\/p>\n<p>La carcasa de aluminio con clasificaci\u00f3n IP55 ofrece m\u00e1xima protecci\u00f3n contra la humedad y los factores externos, mientras que la ausencia de un ventilador interno evita la acumulaci\u00f3n de suciedad. La placa base SP 4.900 cuenta con un recubrimiento conformal para prevenir da\u00f1os por condensaci\u00f3n interna, que puede producirse cuando el aire c\u00e1lido y h\u00famedo entra en contacto con el chasis del amplificador, que se encuentra a menor temperatura.<\/p>\n<p>Todos los controles est\u00e1n protegidos por un panel de aluminio extra\u00edble para que el SP 4.900 cumpla con la norma IP55, evitando as\u00ed que entre humedad en los interruptores.<\/p>\n<p>El SP 4.900 incorpora un cable de alimentaci\u00f3n sellado, entradas de l\u00ednea y salidas de altavoz, lo que garantiza una alimentaci\u00f3n segura incluso en las condiciones clim\u00e1ticas m\u00e1s adversas. Un arn\u00e9s de alimentaci\u00f3n robusto proporciona una conexi\u00f3n a tierra y de alimentaci\u00f3n ultraestable, evitando la p\u00e9rdida de contacto por vibraciones. Gracias a su dise\u00f1o especializado, el SP 4.900 es la mejor opci\u00f3n para motocicletas.<\/p>\n<p>El SP 4.900 incorpora un USS (Simulador Universal de Altavoces) integrado, un circuito de carga din\u00e1mica en las entradas de alto nivel que inicialmente presenta al canal de salida original una carga lo suficientemente baja como para neutralizar el circuito de protecci\u00f3n de silenciamiento de la salida de altavoces original. Una vez activado el circuito, se introduce una carga mayor, a\u00fan lo suficientemente baja como para atenuar las salidas de Clase D, pero no tan baja como para causar problemas de corriente o disipaci\u00f3n de calor.<\/p>\n<p>El SP 4.900 ofrece detecci\u00f3n de se\u00f1al de entrada remota y detecci\u00f3n de compensaci\u00f3n de CC en las entradas de los altavoces para el encendido autom\u00e1tico, lo que garantiza una integraci\u00f3n completa con cualquier veh\u00edculo.<\/p>\n<p>Los filtros de cruce universales y el mando de control est\u00e1n ubicados en un lateral para facilitar la calibraci\u00f3n una vez instalado el producto.<\/p>\n<p>La secci\u00f3n de filtros incorpora filtros de cruce de paso alto y paso bajo extremadamente flexibles, ajustables de 50 Hz a 5 kHz con una pendiente de 12 dB\/octava. Junto con un control de refuerzo de graves (45 Hz, 0-8 dB), permiten configurar ambos canales frontales para un funcionamiento de rango completo o para su uso con un subwoofer y altavoces compatibles.<\/p>\n<p>El filtro de paso alto tambi\u00e9n se puede utilizar para optimizar el rendimiento de los altavoces coaxiales de alto rendimiento SPL Show sx165neo, sx690neo y sv165neo.<\/p>","protected":false},"excerpt":{"rendered":"<p>El SP 4.900 es el primer amplificador Hertz que incorpora la nueva etapa de salida Hertz ADC (Advanced D-Class), alcanzando una eficiencia de hasta el 85% y ofreciendo una impresionante potencia nominal de 160 W RMS a 4 \u03a9 o 500 W RMS a 2 \u03a9 en modo puente, todo ello en un tama\u00f1o ultracompacto de tan solo 211,6 x 130 mm. Gracias a su tama\u00f1o y su enorme potencia, el SP4.900 es la opci\u00f3n ideal para motocicletas.<\/p>","protected":false},"featured_media":7695,"comment_status":"closed","ping_status":"closed","template":"","meta":{"_acf_changed":false},"product_cat":[51],"product_tag":[],"class_list":{"0":"post-7694","1":"product","2":"type-product","3":"status-publish","4":"has-post-thumbnail","6":"product_cat-wzmacniacze","8":"first","9":"instock","10":"taxable","11":"shipping-taxable","12":"purchasable","13":"product-type-simple"},"acf":[],"yoast_head":"<!-- This site is optimized with the Yoast SEO Premium plugin v25.1 (Yoast SEO v26.0) - https:\/\/yoast.com\/wordpress\/plugins\/seo\/ -->\n<title>Wzmacniacz Hertz SP4.900 do motocykli Harley Davidson - Mefiu Motorcycle Audio<\/title>\n<meta name=\"robots\" content=\"noindex, follow, max-snippet:-1, max-image-preview:large, max-video-preview:-1\" \/>\n<meta property=\"og:locale\" content=\"es_ES\" \/>\n<meta property=\"og:type\" content=\"article\" \/>\n<meta property=\"og:title\" content=\"Wzmacniacz Hertz SP4.900 do motocykli Harley Davidson\" \/>\n<meta property=\"og:description\" content=\"SP 4.900 to pierwszy wzmacniacz Hertz wyposa\u017cony w nowy stopie\u0144 wyj\u015bciowy Hertz ADC (Advanced D-Class), osi\u0105gaj\u0105cy sprawno\u015b\u0107 do 85% i zapewniaj\u0105cy imponuj\u0105c\u0105 moc znamionow\u0105 160 x 4 (4 \u03a9) W RMS lub 500 W x 2 (4 \u03a9) W RMS po zmostkowaniu, przy ultra kompaktowych wymiarach 211,6x130 mm. SP4.900 jest idealnym wyborem do zastosowa\u0144 motocyklowych dzi\u0119ki swoim wymiarom i ogromnej mocy.\" \/>\n<meta property=\"og:url\" content=\"https:\/\/motorcycle-audio.eu\/sklep\/wzmacniacze\/wzmacniacz-hertz-sp4-900-do-motocykli-harley-davidson\/\" \/>\n<meta property=\"og:site_name\" content=\"Mefiu Motorcycle Audio\" \/>\n<meta property=\"article:publisher\" content=\"https:\/\/www.facebook.com\/HarleyDavidsonAudio\" \/>\n<meta property=\"article:modified_time\" content=\"2025-03-26T12:21:41+00:00\" \/>\n<meta property=\"og:image\" content=\"https:\/\/motorcycle-audio.eu\/wp-content\/uploads\/2023\/08\/Wzmacniacz_Hertz_SP4900_Harley_Davidson.jpg\" \/>\n\t<meta property=\"og:image:width\" content=\"1800\" \/>\n\t<meta property=\"og:image:height\" content=\"1800\" \/>\n\t<meta property=\"og:image:type\" content=\"image\/jpeg\" \/>\n<meta name=\"twitter:card\" content=\"summary_large_image\" \/>\n<meta name=\"twitter:label1\" content=\"Est. reading time\" \/>\n\t<meta name=\"twitter:data1\" content=\"3 minutos\" \/>\n<script type=\"application\/ld+json\" class=\"yoast-schema-graph\">{\"@context\":\"https:\/\/schema.org\",\"@graph\":[{\"@type\":\"WebPage\",\"@id\":\"https:\/\/motorcycle-audio.eu\/sklep\/wzmacniacze\/wzmacniacz-hertz-sp4-900-do-motocykli-harley-davidson\/\",\"url\":\"https:\/\/motorcycle-audio.eu\/sklep\/wzmacniacze\/wzmacniacz-hertz-sp4-900-do-motocykli-harley-davidson\/\",\"name\":\"Wzmacniacz Hertz SP4.900 do motocykli Harley Davidson - Mefiu Motorcycle Audio\",\"isPartOf\":{\"@id\":\"https:\/\/ha.dkonto.pl\/#website\"},\"primaryImageOfPage\":{\"@id\":\"https:\/\/motorcycle-audio.eu\/sklep\/wzmacniacze\/wzmacniacz-hertz-sp4-900-do-motocykli-harley-davidson\/#primaryimage\"},\"image\":{\"@id\":\"https:\/\/motorcycle-audio.eu\/sklep\/wzmacniacze\/wzmacniacz-hertz-sp4-900-do-motocykli-harley-davidson\/#primaryimage\"},\"thumbnailUrl\":\"https:\/\/ha.dkonto.pl\/wp-content\/uploads\/2023\/08\/Wzmacniacz_Hertz_SP4900_Harley_Davidson.jpg\",\"datePublished\":\"2023-08-01T13:58:05+00:00\",\"dateModified\":\"2025-03-26T12:21:41+00:00\",\"breadcrumb\":{\"@id\":\"https:\/\/motorcycle-audio.eu\/sklep\/wzmacniacze\/wzmacniacz-hertz-sp4-900-do-motocykli-harley-davidson\/#breadcrumb\"},\"inLanguage\":\"es\",\"potentialAction\":[{\"@type\":\"ReadAction\",\"target\":[\"https:\/\/motorcycle-audio.eu\/sklep\/wzmacniacze\/wzmacniacz-hertz-sp4-900-do-motocykli-harley-davidson\/\"]}]},{\"@type\":\"ImageObject\",\"inLanguage\":\"es\",\"@id\":\"https:\/\/motorcycle-audio.eu\/sklep\/wzmacniacze\/wzmacniacz-hertz-sp4-900-do-motocykli-harley-davidson\/#primaryimage\",\"url\":\"https:\/\/ha.dkonto.pl\/wp-content\/uploads\/2023\/08\/Wzmacniacz_Hertz_SP4900_Harley_Davidson.jpg\",\"contentUrl\":\"https:\/\/ha.dkonto.pl\/wp-content\/uploads\/2023\/08\/Wzmacniacz_Hertz_SP4900_Harley_Davidson.jpg\",\"width\":1800,\"height\":1800,\"caption\":\"Wzmacniacz Hertz SP4900 Harley Davidson\"},{\"@type\":\"BreadcrumbList\",\"@id\":\"https:\/\/motorcycle-audio.eu\/sklep\/wzmacniacze\/wzmacniacz-hertz-sp4-900-do-motocykli-harley-davidson\/#breadcrumb\",\"itemListElement\":[{\"@type\":\"ListItem\",\"position\":1,\"name\":\"Strona g\u0142\u00f3wna\",\"item\":\"https:\/\/motorcycle-audio.eu\/\"},{\"@type\":\"ListItem\",\"position\":2,\"name\":\"Sklep\",\"item\":\"https:\/\/motorcycle-audio.eu\/sklep\/\"},{\"@type\":\"ListItem\",\"position\":3,\"name\":\"Wzmacniacz Hertz SP4.900 do motocykli Harley Davidson\"}]},{\"@type\":\"WebSite\",\"@id\":\"https:\/\/ha.dkonto.pl\/#website\",\"url\":\"https:\/\/ha.dkonto.pl\/\",\"name\":\"Mefiu Motorcycle Audio\",\"description\":\"Play it loud!\",\"publisher\":{\"@id\":\"https:\/\/ha.dkonto.pl\/#organization\"},\"potentialAction\":[{\"@type\":\"SearchAction\",\"target\":{\"@type\":\"EntryPoint\",\"urlTemplate\":\"https:\/\/ha.dkonto.pl\/?s={search_term_string}\"},\"query-input\":{\"@type\":\"PropertyValueSpecification\",\"valueRequired\":true,\"valueName\":\"search_term_string\"}}],\"inLanguage\":\"es\"},{\"@type\":\"Organization\",\"@id\":\"https:\/\/ha.dkonto.pl\/#organization\",\"name\":\"Mefiu Motorcycle Audio\",\"url\":\"https:\/\/ha.dkonto.pl\/\",\"logo\":{\"@type\":\"ImageObject\",\"inLanguage\":\"es\",\"@id\":\"https:\/\/ha.dkonto.pl\/#\/schema\/logo\/image\/\",\"url\":\"https:\/\/ha.dkonto.pl\/wp-content\/uploads\/2025\/05\/mefiu_logo.png\",\"contentUrl\":\"https:\/\/ha.dkonto.pl\/wp-content\/uploads\/2025\/05\/mefiu_logo.png\",\"width\":150,\"height\":150,\"caption\":\"Mefiu Motorcycle Audio\"},\"image\":{\"@id\":\"https:\/\/ha.dkonto.pl\/#\/schema\/logo\/image\/\"},\"sameAs\":[\"https:\/\/www.facebook.com\/HarleyDavidsonAudio\"]}]}<\/script>\n<!-- \/ Yoast SEO Premium plugin. -->","yoast_head_json":{"title":"Amplificador Hertz SP4.900 para motocicletas Harley Davidson - Mefiu Motorcycle Audio","robots":{"index":"noindex","follow":"follow","max-snippet":"max-snippet:-1","max-image-preview":"max-image-preview:large","max-video-preview":"max-video-preview:-1"},"og_locale":"es_ES","og_type":"article","og_title":"Wzmacniacz Hertz SP4.900 do motocykli Harley Davidson","og_description":"SP 4.900 to pierwszy wzmacniacz Hertz wyposa\u017cony w nowy stopie\u0144 wyj\u015bciowy Hertz ADC (Advanced D-Class), osi\u0105gaj\u0105cy sprawno\u015b\u0107 do 85% i zapewniaj\u0105cy imponuj\u0105c\u0105 moc znamionow\u0105 160 x 4 (4 \u03a9) W RMS lub 500 W x 2 (4 \u03a9) W RMS po zmostkowaniu, przy ultra kompaktowych wymiarach 211,6x130 mm. SP4.900 jest idealnym wyborem do zastosowa\u0144 motocyklowych dzi\u0119ki swoim wymiarom i ogromnej mocy.","og_url":"https:\/\/motorcycle-audio.eu\/sklep\/wzmacniacze\/wzmacniacz-hertz-sp4-900-do-motocykli-harley-davidson\/","og_site_name":"Mefiu Motorcycle Audio","article_publisher":"https:\/\/www.facebook.com\/HarleyDavidsonAudio","article_modified_time":"2025-03-26T12:21:41+00:00","og_image":[{"width":1800,"height":1800,"url":"https:\/\/motorcycle-audio.eu\/wp-content\/uploads\/2023\/08\/Wzmacniacz_Hertz_SP4900_Harley_Davidson.jpg","type":"image\/jpeg"}],"twitter_card":"summary_large_image","twitter_misc":{"Est. reading time":"3 minutos"},"schema":{"@context":"https:\/\/schema.org","@graph":[{"@type":"WebPage","@id":"https:\/\/motorcycle-audio.eu\/sklep\/wzmacniacze\/wzmacniacz-hertz-sp4-900-do-motocykli-harley-davidson\/","url":"https:\/\/motorcycle-audio.eu\/sklep\/wzmacniacze\/wzmacniacz-hertz-sp4-900-do-motocykli-harley-davidson\/","name":"Amplificador Hertz SP4.900 para motocicletas Harley Davidson - Mefiu Motorcycle Audio","isPartOf":{"@id":"https:\/\/ha.dkonto.pl\/#website"},"primaryImageOfPage":{"@id":"https:\/\/motorcycle-audio.eu\/sklep\/wzmacniacze\/wzmacniacz-hertz-sp4-900-do-motocykli-harley-davidson\/#primaryimage"},"image":{"@id":"https:\/\/motorcycle-audio.eu\/sklep\/wzmacniacze\/wzmacniacz-hertz-sp4-900-do-motocykli-harley-davidson\/#primaryimage"},"thumbnailUrl":"https:\/\/ha.dkonto.pl\/wp-content\/uploads\/2023\/08\/Wzmacniacz_Hertz_SP4900_Harley_Davidson.jpg","datePublished":"2023-08-01T13:58:05+00:00","dateModified":"2025-03-26T12:21:41+00:00","breadcrumb":{"@id":"https:\/\/motorcycle-audio.eu\/sklep\/wzmacniacze\/wzmacniacz-hertz-sp4-900-do-motocykli-harley-davidson\/#breadcrumb"},"inLanguage":"es","potentialAction":[{"@type":"ReadAction","target":["https:\/\/motorcycle-audio.eu\/sklep\/wzmacniacze\/wzmacniacz-hertz-sp4-900-do-motocykli-harley-davidson\/"]}]},{"@type":"ImageObject","inLanguage":"es","@id":"https:\/\/motorcycle-audio.eu\/sklep\/wzmacniacze\/wzmacniacz-hertz-sp4-900-do-motocykli-harley-davidson\/#primaryimage","url":"https:\/\/ha.dkonto.pl\/wp-content\/uploads\/2023\/08\/Wzmacniacz_Hertz_SP4900_Harley_Davidson.jpg","contentUrl":"https:\/\/ha.dkonto.pl\/wp-content\/uploads\/2023\/08\/Wzmacniacz_Hertz_SP4900_Harley_Davidson.jpg","width":1800,"height":1800,"caption":"Wzmacniacz Hertz SP4900 Harley Davidson"},{"@type":"BreadcrumbList","@id":"https:\/\/motorcycle-audio.eu\/sklep\/wzmacniacze\/wzmacniacz-hertz-sp4-900-do-motocykli-harley-davidson\/#breadcrumb","itemListElement":[{"@type":"ListItem","position":1,"name":"Strona g\u0142\u00f3wna","item":"https:\/\/motorcycle-audio.eu\/"},{"@type":"ListItem","position":2,"name":"Sklep","item":"https:\/\/motorcycle-audio.eu\/sklep\/"},{"@type":"ListItem","position":3,"name":"Wzmacniacz Hertz SP4.900 do motocykli Harley Davidson"}]},{"@type":"WebSite","@id":"https:\/\/ha.dkonto.pl\/#website","url":"https:\/\/ha.dkonto.pl\/","name":"Mefiu Motorcycle Audio","description":"Play it loud!","publisher":{"@id":"https:\/\/ha.dkonto.pl\/#organization"},"potentialAction":[{"@type":"SearchAction","target":{"@type":"EntryPoint","urlTemplate":"https:\/\/ha.dkonto.pl\/?s={search_term_string}"},"query-input":{"@type":"PropertyValueSpecification","valueRequired":true,"valueName":"search_term_string"}}],"inLanguage":"es"},{"@type":"Organization","@id":"https:\/\/ha.dkonto.pl\/#organization","name":"Mefiu Motorcycle Audio","url":"https:\/\/ha.dkonto.pl\/","logo":{"@type":"ImageObject","inLanguage":"es","@id":"https:\/\/ha.dkonto.pl\/#\/schema\/logo\/image\/","url":"https:\/\/ha.dkonto.pl\/wp-content\/uploads\/2025\/05\/mefiu_logo.png","contentUrl":"https:\/\/ha.dkonto.pl\/wp-content\/uploads\/2025\/05\/mefiu_logo.png","width":150,"height":150,"caption":"Mefiu Motorcycle Audio"},"image":{"@id":"https:\/\/ha.dkonto.pl\/#\/schema\/logo\/image\/"},"sameAs":["https:\/\/www.facebook.com\/HarleyDavidsonAudio"]}]}},"jetpack_sharing_enabled":true,"_links":{"self":[{"href":"https:\/\/ha.dkonto.pl\/es\/wp-json\/wp\/v2\/product\/7694","targetHints":{"allow":["GET"]}}],"collection":[{"href":"https:\/\/ha.dkonto.pl\/es\/wp-json\/wp\/v2\/product"}],"about":[{"href":"https:\/\/ha.dkonto.pl\/es\/wp-json\/wp\/v2\/types\/product"}],"replies":[{"embeddable":true,"href":"https:\/\/ha.dkonto.pl\/es\/wp-json\/wp\/v2\/comments?post=7694"}],"version-history":[{"count":1,"href":"https:\/\/ha.dkonto.pl\/es\/wp-json\/wp\/v2\/product\/7694\/revisions"}],"predecessor-version":[{"id":8549,"href":"https:\/\/ha.dkonto.pl\/es\/wp-json\/wp\/v2\/product\/7694\/revisions\/8549"}],"wp:featuredmedia":[{"embeddable":true,"href":"https:\/\/ha.dkonto.pl\/es\/wp-json\/wp\/v2\/media\/7695"}],"wp:attachment":[{"href":"https:\/\/ha.dkonto.pl\/es\/wp-json\/wp\/v2\/media?parent=7694"}],"wp:term":[{"taxonomy":"product_cat","embeddable":true,"href":"https:\/\/ha.dkonto.pl\/es\/wp-json\/wp\/v2\/product_cat?post=7694"},{"taxonomy":"product_tag","embeddable":true,"href":"https:\/\/ha.dkonto.pl\/es\/wp-json\/wp\/v2\/product_tag?post=7694"}],"curies":[{"name":"wp","href":"https:\/\/api.w.org\/{rel}","templated":true}]}}