{"id":7684,"date":"2023-08-01T12:33:53","date_gmt":"2023-08-01T10:33:53","guid":{"rendered":"https:\/\/motorcycle-audio.eu\/?post_type=product&#038;p=7684"},"modified":"2025-11-03T12:56:47","modified_gmt":"2025-11-03T11:56:47","slug":"altavoz-ground-zero-gzcf-6-5spl-neo-para-motocicletas-harley-davidson","status":"publish","type":"product","link":"https:\/\/ha.dkonto.pl\/es\/tienda\/altavoces\/altavoz-ground-zero-gzcf-6-5spl-neo-para-motocicletas-harley-davidson\/","title":{"rendered":"Altavoz Ground Zero GZCF 6.5SPL-NEO para motocicletas Harley Davidson."},"content":{"rendered":"<p>El altavoz Ground Zero Yellow Basket es conocido por su capacidad para reproducir sonidos muy graves y extremadamente fuertes. Lo usamos cuando un cliente no desea modificar las cajas traseras, por lo que podemos a\u00f1adir otro altavoz m\u00e1s grande y de tono m\u00e1s grave. Admite hasta 250 W de potencia y reproduce hasta 70 Hz.<\/p>\n<p>Este es un nuevo producto de Ground Zero. La Yellow Basket es una opci\u00f3n muy popular para las motos de competici\u00f3n. Anteriormente, solo estaba disponible con un im\u00e1n de ferrita, lo que imped\u00eda su montaje en un carenado Street o Road Glide sin modificar las carcasas debido a su tama\u00f1o. Ahora, gracias al uso de un im\u00e1n de neodimio, tenemos esa opci\u00f3n.<\/p>\n<p>Compatible \u00fanicamente con carenados Street\/Electra y Road Glide. Se requieren espaciadores para la instalaci\u00f3n del topcase.<\/p>\n<p>Sistema de altavoces coaxiales de 2 v\u00edas de 165 mm\/6,5\u2033 con cono de papel y tweeter de 28 mm\/1,1\u2033<\/p>\n<ul>\n<li>Sistema de altavoces coaxiales de dos v\u00edas<\/li>\n<li>Membrana de papel prensado<\/li>\n<li>Suspensi\u00f3n de espuma W-surround de gran recorrido<\/li>\n<li>Motor de neodimio<\/li>\n<li>Cesta de acero sin resonancia<\/li>\n<li>Dise\u00f1o de motor compacto<\/li>\n<li>Tweeter de 28 mm\/1,1\u2033<\/li>\n<li>Filtro de paso alto de 6 dB\/octava<\/li>\n<\/ul>","protected":false},"excerpt":{"rendered":"<p>El altavoz Ground Zero Yellow Basket es conocido por su capacidad para reproducir sonidos muy graves y extremadamente fuertes. Lo usamos cuando un cliente no desea modificar las cajas traseras, por lo que podemos a\u00f1adir otro altavoz m\u00e1s grande y de tono m\u00e1s grave. Admite hasta 250 W de potencia y reproduce hasta 70 Hz.<\/p>","protected":false},"featured_media":7688,"comment_status":"closed","ping_status":"closed","template":"","meta":{"_acf_changed":false},"product_cat":[50],"product_tag":[],"class_list":{"0":"post-7684","1":"product","2":"type-product","3":"status-publish","4":"has-post-thumbnail","6":"product_cat-glosniki","8":"first","9":"instock","10":"taxable","11":"shipping-taxable","12":"purchasable","13":"product-type-simple"},"acf":[],"yoast_head":"<!-- This site is optimized with the Yoast SEO Premium plugin v25.1 (Yoast SEO v26.0) - https:\/\/yoast.com\/wordpress\/plugins\/seo\/ -->\n<title>G\u0142o\u015bnik Ground Zero GZCF 6.5SPL-NEO do motocykli Harley Davidson. - Mefiu Motorcycle Audio<\/title>\n<meta name=\"description\" content=\"Ground Zero Yellow Basket \u2013 mocny, kompaktowy g\u0142o\u015bnik z basem od 70 Hz i moc\u0105 do 250 W. Idealny do owiewek Street\/Electra i Road Glide bez przer\u00f3bek.\" \/>\n<meta name=\"robots\" content=\"noindex, follow, max-snippet:-1, max-image-preview:large, max-video-preview:-1\" \/>\n<meta property=\"og:locale\" content=\"es_ES\" \/>\n<meta property=\"og:type\" content=\"article\" \/>\n<meta property=\"og:title\" content=\"G\u0142o\u015bnik Ground Zero GZCF 6.5SPL-NEO do motocykli Harley Davidson.\" \/>\n<meta property=\"og:description\" content=\"Ground Zero Yellow Basket \u2013 mocny, kompaktowy g\u0142o\u015bnik z basem od 70 Hz i moc\u0105 do 250 W. Idealny do owiewek Street\/Electra i Road Glide bez przer\u00f3bek.\" \/>\n<meta property=\"og:url\" content=\"https:\/\/motorcycle-audio.eu\/sklep\/glosniki\/glosnik-ground-zero-gzcf-6-5spl-neo-do-motocykli-harley-davidson\/\" \/>\n<meta property=\"og:site_name\" content=\"Mefiu Motorcycle Audio\" \/>\n<meta property=\"article:publisher\" content=\"https:\/\/www.facebook.com\/HarleyDavidsonAudio\" \/>\n<meta property=\"article:modified_time\" content=\"2025-11-03T11:56:47+00:00\" \/>\n<meta property=\"og:image\" content=\"https:\/\/motorcycle-audio.eu\/wp-content\/uploads\/2023\/08\/Glosnik-GZCF-6.5SPL-NEO_Do_Motocykli_Harley_Davidson-1024x1024.png\" \/>\n\t<meta property=\"og:image:width\" content=\"1024\" \/>\n\t<meta property=\"og:image:height\" content=\"1024\" \/>\n\t<meta property=\"og:image:type\" content=\"image\/png\" \/>\n<meta name=\"twitter:card\" content=\"summary_large_image\" \/>\n<meta name=\"twitter:label1\" content=\"Est. reading time\" \/>\n\t<meta name=\"twitter:data1\" content=\"2 minutos\" \/>\n<script type=\"application\/ld+json\" class=\"yoast-schema-graph\">{\"@context\":\"https:\/\/schema.org\",\"@graph\":[{\"@type\":\"WebPage\",\"@id\":\"https:\/\/motorcycle-audio.eu\/sklep\/glosniki\/glosnik-ground-zero-gzcf-6-5spl-neo-do-motocykli-harley-davidson\/\",\"url\":\"https:\/\/motorcycle-audio.eu\/sklep\/glosniki\/glosnik-ground-zero-gzcf-6-5spl-neo-do-motocykli-harley-davidson\/\",\"name\":\"G\u0142o\u015bnik Ground Zero GZCF 6.5SPL-NEO do motocykli Harley Davidson. - Mefiu Motorcycle Audio\",\"isPartOf\":{\"@id\":\"https:\/\/ha.dkonto.pl\/#website\"},\"primaryImageOfPage\":{\"@id\":\"https:\/\/motorcycle-audio.eu\/sklep\/glosniki\/glosnik-ground-zero-gzcf-6-5spl-neo-do-motocykli-harley-davidson\/#primaryimage\"},\"image\":{\"@id\":\"https:\/\/motorcycle-audio.eu\/sklep\/glosniki\/glosnik-ground-zero-gzcf-6-5spl-neo-do-motocykli-harley-davidson\/#primaryimage\"},\"thumbnailUrl\":\"https:\/\/ha.dkonto.pl\/wp-content\/uploads\/2023\/08\/Glosnik-GZCF-6.5SPL-NEO_Do_Motocykli_Harley_Davidson.png\",\"datePublished\":\"2023-08-01T10:33:53+00:00\",\"dateModified\":\"2025-11-03T11:56:47+00:00\",\"description\":\"Ground Zero Yellow Basket \u2013 mocny, kompaktowy g\u0142o\u015bnik z basem od 70 Hz i moc\u0105 do 250 W. Idealny do owiewek Street\/Electra i Road Glide bez przer\u00f3bek.\",\"breadcrumb\":{\"@id\":\"https:\/\/motorcycle-audio.eu\/sklep\/glosniki\/glosnik-ground-zero-gzcf-6-5spl-neo-do-motocykli-harley-davidson\/#breadcrumb\"},\"inLanguage\":\"es\",\"potentialAction\":[{\"@type\":\"ReadAction\",\"target\":[\"https:\/\/motorcycle-audio.eu\/sklep\/glosniki\/glosnik-ground-zero-gzcf-6-5spl-neo-do-motocykli-harley-davidson\/\"]}]},{\"@type\":\"ImageObject\",\"inLanguage\":\"es\",\"@id\":\"https:\/\/motorcycle-audio.eu\/sklep\/glosniki\/glosnik-ground-zero-gzcf-6-5spl-neo-do-motocykli-harley-davidson\/#primaryimage\",\"url\":\"https:\/\/ha.dkonto.pl\/wp-content\/uploads\/2023\/08\/Glosnik-GZCF-6.5SPL-NEO_Do_Motocykli_Harley_Davidson.png\",\"contentUrl\":\"https:\/\/ha.dkonto.pl\/wp-content\/uploads\/2023\/08\/Glosnik-GZCF-6.5SPL-NEO_Do_Motocykli_Harley_Davidson.png\",\"width\":1800,\"height\":1800,\"caption\":\"G\u0142o\u015bnik GZCF-6.5SPL-NEO Do Motocykli Harley Davidson\"},{\"@type\":\"BreadcrumbList\",\"@id\":\"https:\/\/motorcycle-audio.eu\/sklep\/glosniki\/glosnik-ground-zero-gzcf-6-5spl-neo-do-motocykli-harley-davidson\/#breadcrumb\",\"itemListElement\":[{\"@type\":\"ListItem\",\"position\":1,\"name\":\"Strona g\u0142\u00f3wna\",\"item\":\"https:\/\/motorcycle-audio.eu\/\"},{\"@type\":\"ListItem\",\"position\":2,\"name\":\"Sklep\",\"item\":\"https:\/\/motorcycle-audio.eu\/sklep\/\"},{\"@type\":\"ListItem\",\"position\":3,\"name\":\"G\u0142o\u015bnik Ground Zero GZCF 6.5SPL-NEO do motocykli Harley Davidson.\"}]},{\"@type\":\"WebSite\",\"@id\":\"https:\/\/ha.dkonto.pl\/#website\",\"url\":\"https:\/\/ha.dkonto.pl\/\",\"name\":\"Mefiu Motorcycle Audio\",\"description\":\"Play it loud!\",\"publisher\":{\"@id\":\"https:\/\/ha.dkonto.pl\/#organization\"},\"potentialAction\":[{\"@type\":\"SearchAction\",\"target\":{\"@type\":\"EntryPoint\",\"urlTemplate\":\"https:\/\/ha.dkonto.pl\/?s={search_term_string}\"},\"query-input\":{\"@type\":\"PropertyValueSpecification\",\"valueRequired\":true,\"valueName\":\"search_term_string\"}}],\"inLanguage\":\"es\"},{\"@type\":\"Organization\",\"@id\":\"https:\/\/ha.dkonto.pl\/#organization\",\"name\":\"Mefiu Motorcycle Audio\",\"url\":\"https:\/\/ha.dkonto.pl\/\",\"logo\":{\"@type\":\"ImageObject\",\"inLanguage\":\"es\",\"@id\":\"https:\/\/ha.dkonto.pl\/#\/schema\/logo\/image\/\",\"url\":\"https:\/\/ha.dkonto.pl\/wp-content\/uploads\/2025\/05\/mefiu_logo.png\",\"contentUrl\":\"https:\/\/ha.dkonto.pl\/wp-content\/uploads\/2025\/05\/mefiu_logo.png\",\"width\":150,\"height\":150,\"caption\":\"Mefiu Motorcycle Audio\"},\"image\":{\"@id\":\"https:\/\/ha.dkonto.pl\/#\/schema\/logo\/image\/\"},\"sameAs\":[\"https:\/\/www.facebook.com\/HarleyDavidsonAudio\"]}]}<\/script>\n<!-- \/ Yoast SEO Premium plugin. -->","yoast_head_json":{"title":"Altavoz Ground Zero GZCF 6.5SPL-NEO para motocicletas Harley-Davidson. - Audio para motocicletas Mefiu","description":"Ground Zero Yellow Basket \u2013 mocny, kompaktowy g\u0142o\u015bnik z basem od 70 Hz i moc\u0105 do 250 W. Idealny do owiewek Street\/Electra i Road Glide bez przer\u00f3bek.","robots":{"index":"noindex","follow":"follow","max-snippet":"max-snippet:-1","max-image-preview":"max-image-preview:large","max-video-preview":"max-video-preview:-1"},"og_locale":"es_ES","og_type":"article","og_title":"G\u0142o\u015bnik Ground Zero GZCF 6.5SPL-NEO do motocykli Harley Davidson.","og_description":"Ground Zero Yellow Basket \u2013 mocny, kompaktowy g\u0142o\u015bnik z basem od 70 Hz i moc\u0105 do 250 W. Idealny do owiewek Street\/Electra i Road Glide bez przer\u00f3bek.","og_url":"https:\/\/motorcycle-audio.eu\/sklep\/glosniki\/glosnik-ground-zero-gzcf-6-5spl-neo-do-motocykli-harley-davidson\/","og_site_name":"Mefiu Motorcycle Audio","article_publisher":"https:\/\/www.facebook.com\/HarleyDavidsonAudio","article_modified_time":"2025-11-03T11:56:47+00:00","og_image":[{"width":1024,"height":1024,"url":"https:\/\/motorcycle-audio.eu\/wp-content\/uploads\/2023\/08\/Glosnik-GZCF-6.5SPL-NEO_Do_Motocykli_Harley_Davidson-1024x1024.png","type":"image\/png"}],"twitter_card":"summary_large_image","twitter_misc":{"Est. reading time":"2 minutos"},"schema":{"@context":"https:\/\/schema.org","@graph":[{"@type":"WebPage","@id":"https:\/\/motorcycle-audio.eu\/sklep\/glosniki\/glosnik-ground-zero-gzcf-6-5spl-neo-do-motocykli-harley-davidson\/","url":"https:\/\/motorcycle-audio.eu\/sklep\/glosniki\/glosnik-ground-zero-gzcf-6-5spl-neo-do-motocykli-harley-davidson\/","name":"Altavoz Ground Zero GZCF 6.5SPL-NEO para motocicletas Harley-Davidson. - Audio para motocicletas Mefiu","isPartOf":{"@id":"https:\/\/ha.dkonto.pl\/#website"},"primaryImageOfPage":{"@id":"https:\/\/motorcycle-audio.eu\/sklep\/glosniki\/glosnik-ground-zero-gzcf-6-5spl-neo-do-motocykli-harley-davidson\/#primaryimage"},"image":{"@id":"https:\/\/motorcycle-audio.eu\/sklep\/glosniki\/glosnik-ground-zero-gzcf-6-5spl-neo-do-motocykli-harley-davidson\/#primaryimage"},"thumbnailUrl":"https:\/\/ha.dkonto.pl\/wp-content\/uploads\/2023\/08\/Glosnik-GZCF-6.5SPL-NEO_Do_Motocykli_Harley_Davidson.png","datePublished":"2023-08-01T10:33:53+00:00","dateModified":"2025-11-03T11:56:47+00:00","description":"Ground Zero Yellow Basket \u2013 mocny, kompaktowy g\u0142o\u015bnik z basem od 70 Hz i moc\u0105 do 250 W. Idealny do owiewek Street\/Electra i Road Glide bez przer\u00f3bek.","breadcrumb":{"@id":"https:\/\/motorcycle-audio.eu\/sklep\/glosniki\/glosnik-ground-zero-gzcf-6-5spl-neo-do-motocykli-harley-davidson\/#breadcrumb"},"inLanguage":"es","potentialAction":[{"@type":"ReadAction","target":["https:\/\/motorcycle-audio.eu\/sklep\/glosniki\/glosnik-ground-zero-gzcf-6-5spl-neo-do-motocykli-harley-davidson\/"]}]},{"@type":"ImageObject","inLanguage":"es","@id":"https:\/\/motorcycle-audio.eu\/sklep\/glosniki\/glosnik-ground-zero-gzcf-6-5spl-neo-do-motocykli-harley-davidson\/#primaryimage","url":"https:\/\/ha.dkonto.pl\/wp-content\/uploads\/2023\/08\/Glosnik-GZCF-6.5SPL-NEO_Do_Motocykli_Harley_Davidson.png","contentUrl":"https:\/\/ha.dkonto.pl\/wp-content\/uploads\/2023\/08\/Glosnik-GZCF-6.5SPL-NEO_Do_Motocykli_Harley_Davidson.png","width":1800,"height":1800,"caption":"G\u0142o\u015bnik GZCF-6.5SPL-NEO Do Motocykli Harley Davidson"},{"@type":"BreadcrumbList","@id":"https:\/\/motorcycle-audio.eu\/sklep\/glosniki\/glosnik-ground-zero-gzcf-6-5spl-neo-do-motocykli-harley-davidson\/#breadcrumb","itemListElement":[{"@type":"ListItem","position":1,"name":"Strona g\u0142\u00f3wna","item":"https:\/\/motorcycle-audio.eu\/"},{"@type":"ListItem","position":2,"name":"Sklep","item":"https:\/\/motorcycle-audio.eu\/sklep\/"},{"@type":"ListItem","position":3,"name":"G\u0142o\u015bnik Ground Zero GZCF 6.5SPL-NEO do motocykli Harley Davidson."}]},{"@type":"WebSite","@id":"https:\/\/ha.dkonto.pl\/#website","url":"https:\/\/ha.dkonto.pl\/","name":"Mefiu Motorcycle Audio","description":"Play it loud!","publisher":{"@id":"https:\/\/ha.dkonto.pl\/#organization"},"potentialAction":[{"@type":"SearchAction","target":{"@type":"EntryPoint","urlTemplate":"https:\/\/ha.dkonto.pl\/?s={search_term_string}"},"query-input":{"@type":"PropertyValueSpecification","valueRequired":true,"valueName":"search_term_string"}}],"inLanguage":"es"},{"@type":"Organization","@id":"https:\/\/ha.dkonto.pl\/#organization","name":"Mefiu Motorcycle Audio","url":"https:\/\/ha.dkonto.pl\/","logo":{"@type":"ImageObject","inLanguage":"es","@id":"https:\/\/ha.dkonto.pl\/#\/schema\/logo\/image\/","url":"https:\/\/ha.dkonto.pl\/wp-content\/uploads\/2025\/05\/mefiu_logo.png","contentUrl":"https:\/\/ha.dkonto.pl\/wp-content\/uploads\/2025\/05\/mefiu_logo.png","width":150,"height":150,"caption":"Mefiu Motorcycle Audio"},"image":{"@id":"https:\/\/ha.dkonto.pl\/#\/schema\/logo\/image\/"},"sameAs":["https:\/\/www.facebook.com\/HarleyDavidsonAudio"]}]}},"jetpack_sharing_enabled":true,"_links":{"self":[{"href":"https:\/\/ha.dkonto.pl\/es\/wp-json\/wp\/v2\/product\/7684","targetHints":{"allow":["GET"]}}],"collection":[{"href":"https:\/\/ha.dkonto.pl\/es\/wp-json\/wp\/v2\/product"}],"about":[{"href":"https:\/\/ha.dkonto.pl\/es\/wp-json\/wp\/v2\/types\/product"}],"replies":[{"embeddable":true,"href":"https:\/\/ha.dkonto.pl\/es\/wp-json\/wp\/v2\/comments?post=7684"}],"version-history":[{"count":1,"href":"https:\/\/ha.dkonto.pl\/es\/wp-json\/wp\/v2\/product\/7684\/revisions"}],"predecessor-version":[{"id":9604,"href":"https:\/\/ha.dkonto.pl\/es\/wp-json\/wp\/v2\/product\/7684\/revisions\/9604"}],"wp:featuredmedia":[{"embeddable":true,"href":"https:\/\/ha.dkonto.pl\/es\/wp-json\/wp\/v2\/media\/7688"}],"wp:attachment":[{"href":"https:\/\/ha.dkonto.pl\/es\/wp-json\/wp\/v2\/media?parent=7684"}],"wp:term":[{"taxonomy":"product_cat","embeddable":true,"href":"https:\/\/ha.dkonto.pl\/es\/wp-json\/wp\/v2\/product_cat?post=7684"},{"taxonomy":"product_tag","embeddable":true,"href":"https:\/\/ha.dkonto.pl\/es\/wp-json\/wp\/v2\/product_tag?post=7684"}],"curies":[{"name":"wp","href":"https:\/\/api.w.org\/{rel}","templated":true}]}}