{"id":7671,"date":"2023-08-01T11:44:42","date_gmt":"2023-08-01T09:44:42","guid":{"rendered":"https:\/\/motorcycle-audio.eu\/?post_type=product&#038;p=7671"},"modified":"2025-11-03T13:39:25","modified_gmt":"2025-11-03T12:39:25","slug":"altavoz-hertz-sx690neo-para-motocicletas-harley-davidson","status":"publish","type":"product","link":"https:\/\/ha.dkonto.pl\/es\/tienda\/altavoces\/altavoz-hertz-sx690neo-para-motocicletas-harley-davidson\/","title":{"rendered":"Altavoz Hertz sx690neo para motocicletas Harley Davidson."},"content":{"rendered":"<p>Un altavoz que transforma la percepci\u00f3n del audio HD. Potente, con un sonido n\u00edtido y, sobre todo, con unos graves excelentes. Un salto enorme de un sistema de 2 altavoces a uno de 4. Complementa el SX165neo, que ofrece medios y agudos. Se puede instalar en cualquier motocicleta HD sin necesidad de cambiar las tapas de las maletas laterales. La instalaci\u00f3n se realiza con nuestros kits de recorte en las maletas originales.<\/p>\n<p>SX 690 NEO to prawdziwa bestia z jednostk\u0105 Hi-SPL Mid-Hi opart\u0105 na 1,4-calowym kopu\u0142kowym g\u0142o\u015bniku wysokotonowym i 1-calowym kopu\u0142kowym superwysokotonowym z resetowalnym p\u00f3\u0142przewodnikowym obwodem ochronnym. Memebrana jest wykonana z odpornego na warunki atmosferyczne prasowanego papieru o wysokiej sztywno\u015bci, kt\u00f3ry charakteryzuje si\u0119 innowacyjn\u0105 odporno\u015bci\u0105 na wod\u0119\/wilgo\u0107 i ochron\u0105 przed promieniowaniem UV.<\/p>\n<p>Una bobina m\u00f3vil de cobre de doble capa, enrollada sobre un soporte de poliimida, proporciona una capacidad de manejo de potencia sin precedentes. Los nuevos altavoces est\u00e1n fabricados con neodimio N38H especial para lograr un volumen m\u00ednimo y una mayor eficiencia.<\/p>\n<p>Dimensiones:<\/p>\n<p><img fetchpriority=\"high\" decoding=\"async\" class=\"alignnone wp-image-7675\" src=\"https:\/\/motorcycle-audio.eu\/wp-content\/uploads\/2023\/08\/SX_690_NEO-300x124.png\" alt=\"\" width=\"426\" height=\"176\" srcset=\"https:\/\/ha.dkonto.pl\/wp-content\/uploads\/2023\/08\/SX_690_NEO-300x124.png 300w, https:\/\/ha.dkonto.pl\/wp-content\/uploads\/2023\/08\/SX_690_NEO-768x318.png 768w, https:\/\/ha.dkonto.pl\/wp-content\/uploads\/2023\/08\/SX_690_NEO-400x166.png 400w, https:\/\/ha.dkonto.pl\/wp-content\/uploads\/2023\/08\/SX_690_NEO-630x261.png 630w, https:\/\/ha.dkonto.pl\/wp-content\/uploads\/2023\/08\/SX_690_NEO.png 828w\" sizes=\"(max-width: 426px) 100vw, 426px\" \/><\/p>\n<table class=\"table caption-top\">\n<tbody>\n<tr>\n<td><strong>A<\/strong><\/td>\n<td>237,5 mm<\/td>\n<td><\/td>\n<\/tr>\n<tr>\n<td><strong>B<\/strong><\/td>\n<td>225 mm<\/td>\n<td><\/td>\n<\/tr>\n<tr>\n<td><strong>C<\/strong><\/td>\n<td>93 mm<\/td>\n<td><\/td>\n<\/tr>\n<tr>\n<td><strong>D<\/strong><\/td>\n<td>85 mm<\/td>\n<td><\/td>\n<\/tr>\n<tr>\n<td><strong>E<\/strong><\/td>\n<td>163 mm<\/td>\n<td><\/td>\n<\/tr>\n<tr>\n<td><strong>F<\/strong><\/td>\n<td>154 mm<\/td>\n<td><\/td>\n<\/tr>\n<\/tbody>\n<\/table>\n<p>Respuesta en frecuencia:<\/p>\n<p><img decoding=\"async\" class=\"alignnone wp-image-7676\" src=\"https:\/\/motorcycle-audio.eu\/wp-content\/uploads\/2023\/08\/Hertz_SX_690_NEO_Fc-300x177.png\" alt=\"\" width=\"354\" height=\"209\" srcset=\"https:\/\/ha.dkonto.pl\/wp-content\/uploads\/2023\/08\/Hertz_SX_690_NEO_Fc-300x177.png 300w, https:\/\/ha.dkonto.pl\/wp-content\/uploads\/2023\/08\/Hertz_SX_690_NEO_Fc-1024x604.png 1024w, https:\/\/ha.dkonto.pl\/wp-content\/uploads\/2023\/08\/Hertz_SX_690_NEO_Fc-768x453.png 768w, https:\/\/ha.dkonto.pl\/wp-content\/uploads\/2023\/08\/Hertz_SX_690_NEO_Fc-1536x906.png 1536w, https:\/\/ha.dkonto.pl\/wp-content\/uploads\/2023\/08\/Hertz_SX_690_NEO_Fc-2048x1209.png 2048w, https:\/\/ha.dkonto.pl\/wp-content\/uploads\/2023\/08\/Hertz_SX_690_NEO_Fc-400x236.png 400w, https:\/\/ha.dkonto.pl\/wp-content\/uploads\/2023\/08\/Hertz_SX_690_NEO_Fc-630x372.png 630w\" sizes=\"(max-width: 354px) 100vw, 354px\" \/><\/p>\n<table class=\"table caption-top\">\n<tbody>\n<tr>\n<td><strong>Componente<\/strong><\/td>\n<td>SPL COAXIAL<\/td>\n<\/tr>\n<tr>\n<td><strong>Tama\u00f1o<\/strong> mm (in.)<\/td>\n<td>in. 6 x 9<\/td>\n<\/tr>\n<tr>\n<td><strong>Manejo de potencia \u2265 Continuo<\/strong> W<\/td>\n<td>130<\/td>\n<\/tr>\n<tr>\n<td><strong>Potencia admisible \u00b1 Pico<\/strong> W<\/td>\n<td>260<\/td>\n<\/tr>\n<tr>\n<td><strong>Impedancia<\/strong> Ohm<\/td>\n<td>4<\/td>\n<\/tr>\n<tr>\n<td><strong>Tweeter diaphragm<\/strong> mm (in.)<\/td>\n<td>29 (1.14)<\/td>\n<\/tr>\n<tr>\n<td><strong>Bobina de voz del woofer \u00d8<\/strong> mm (in.)<\/td>\n<td>38 (1.5)<\/td>\n<\/tr>\n<tr>\n<td><strong>Bobina de voz del tweeter \u00d8<\/strong> mm (in.)<\/td>\n<td>25 (1)<\/td>\n<\/tr>\n<tr>\n<td><strong>Respuesta en frecuencia<\/strong> Hz<\/td>\n<td>65 \u00f7 24k<\/td>\n<\/tr>\n<tr>\n<td><strong>Dimensiones del im\u00e1n del woofer: di\u00e1metro x profundidad x altura<\/strong> mm (in.)<\/td>\n<td>110 x 45 x 20 (4.33 x 1.77 x 0.79)<\/td>\n<\/tr>\n<tr>\n<td><strong>Tama\u00f1o del im\u00e1n del tweeter D x h<\/strong> mm (in.)<\/td>\n<td>24,5 x 6 x 3,5 (0.96 x 0.24 x 0.14)<\/td>\n<\/tr>\n<tr>\n<td><strong>Peso de un altavoz<\/strong> kg (lb.)<\/td>\n<td>1,69 (3.73)<\/td>\n<\/tr>\n<tr>\n<td><strong>Im\u00e1n del woofer<\/strong><\/td>\n<td>Neodimio especial N38 H<\/td>\n<\/tr>\n<tr>\n<td><strong>Im\u00e1n de tweeter<\/strong><\/td>\n<td>Neodimio especial N38 H<\/td>\n<\/tr>\n<tr>\n<td><strong>Cono<\/strong><\/td>\n<td>Papel prensado repelente al agua<\/td>\n<\/tr>\n<tr>\n<td><strong>C\u00fapula<\/strong><\/td>\n<td>Tetol\u00f3n<\/td>\n<\/tr>\n<\/tbody>\n<\/table>","protected":false},"excerpt":{"rendered":"<p>Un altavoz que transforma la percepci\u00f3n del audio HD. Potente, con un sonido n\u00edtido y, sobre todo, con unos graves excelentes. Un salto enorme de un sistema de 2 altavoces a uno de 4. Complementa el SX165neo, que ofrece medios y agudos. Se puede instalar en cualquier motocicleta HD sin necesidad de cambiar las tapas de las maletas laterales. La instalaci\u00f3n se realiza con nuestros kits de recorte en las maletas originales.<\/p>","protected":false},"featured_media":7678,"comment_status":"closed","ping_status":"closed","template":"","meta":{"_acf_changed":false},"product_cat":[50],"product_tag":[],"class_list":{"0":"post-7671","1":"product","2":"type-product","3":"status-publish","4":"has-post-thumbnail","6":"product_cat-glosniki","8":"first","9":"instock","10":"taxable","11":"shipping-taxable","12":"purchasable","13":"product-type-simple"},"acf":[],"yoast_head":"<!-- This site is optimized with the Yoast SEO Premium plugin v25.1 (Yoast SEO v26.0) - https:\/\/yoast.com\/wordpress\/plugins\/seo\/ -->\n<title>G\u0142o\u015bnik Hertz sx690neo do motocykli Harley Davidson. - Mefiu Motorcycle Audio<\/title>\n<meta name=\"description\" content=\"Hertz SX690 NEO \u2013 pot\u0119\u017cny 6x9\u201d g\u0142o\u015bnik do Harley-Davidsona z g\u0142\u0119bokim basem, du\u017c\u0105 moc\u0105 i wodoodporn\u0105 membran\u0105. Monta\u017c bez wymiany pokryw kufr\u00f3w.\" \/>\n<meta name=\"robots\" content=\"noindex, follow, max-snippet:-1, max-image-preview:large, max-video-preview:-1\" \/>\n<meta property=\"og:locale\" content=\"es_ES\" \/>\n<meta property=\"og:type\" content=\"article\" \/>\n<meta property=\"og:title\" content=\"G\u0142o\u015bnik Hertz sx690neo do motocykli Harley Davidson.\" \/>\n<meta property=\"og:description\" content=\"Hertz SX690 NEO \u2013 pot\u0119\u017cny 6x9\u201d g\u0142o\u015bnik do Harley-Davidsona z g\u0142\u0119bokim basem, du\u017c\u0105 moc\u0105 i wodoodporn\u0105 membran\u0105. Monta\u017c bez wymiany pokryw kufr\u00f3w.\" \/>\n<meta property=\"og:url\" content=\"https:\/\/motorcycle-audio.eu\/sklep\/glosniki\/glosnik-hertz-sx690neo-do-motocykli-harley-davidson\/\" \/>\n<meta property=\"og:site_name\" content=\"Mefiu Motorcycle Audio\" \/>\n<meta property=\"article:publisher\" content=\"https:\/\/www.facebook.com\/HarleyDavidsonAudio\" \/>\n<meta property=\"article:modified_time\" content=\"2025-11-03T12:39:25+00:00\" \/>\n<meta property=\"og:image\" content=\"https:\/\/motorcycle-audio.eu\/wp-content\/uploads\/2023\/08\/Glosnik_Hertz_SPL_SHOW_SX690NEO.jpg\" \/>\n\t<meta property=\"og:image:width\" content=\"1800\" \/>\n\t<meta property=\"og:image:height\" content=\"1800\" \/>\n\t<meta property=\"og:image:type\" content=\"image\/jpeg\" \/>\n<meta name=\"twitter:card\" content=\"summary_large_image\" \/>\n<meta name=\"twitter:label1\" content=\"Est. reading time\" \/>\n\t<meta name=\"twitter:data1\" content=\"3 minutos\" \/>\n<script type=\"application\/ld+json\" class=\"yoast-schema-graph\">{\"@context\":\"https:\/\/schema.org\",\"@graph\":[{\"@type\":\"WebPage\",\"@id\":\"https:\/\/motorcycle-audio.eu\/sklep\/glosniki\/glosnik-hertz-sx690neo-do-motocykli-harley-davidson\/\",\"url\":\"https:\/\/motorcycle-audio.eu\/sklep\/glosniki\/glosnik-hertz-sx690neo-do-motocykli-harley-davidson\/\",\"name\":\"G\u0142o\u015bnik Hertz sx690neo do motocykli Harley Davidson. - Mefiu Motorcycle Audio\",\"isPartOf\":{\"@id\":\"https:\/\/ha.dkonto.pl\/#website\"},\"primaryImageOfPage\":{\"@id\":\"https:\/\/motorcycle-audio.eu\/sklep\/glosniki\/glosnik-hertz-sx690neo-do-motocykli-harley-davidson\/#primaryimage\"},\"image\":{\"@id\":\"https:\/\/motorcycle-audio.eu\/sklep\/glosniki\/glosnik-hertz-sx690neo-do-motocykli-harley-davidson\/#primaryimage\"},\"thumbnailUrl\":\"https:\/\/ha.dkonto.pl\/wp-content\/uploads\/2023\/08\/Glosnik_Hertz_SPL_SHOW_SX690NEO.jpg\",\"datePublished\":\"2023-08-01T09:44:42+00:00\",\"dateModified\":\"2025-11-03T12:39:25+00:00\",\"description\":\"Hertz SX690 NEO \u2013 pot\u0119\u017cny 6x9\u201d g\u0142o\u015bnik do Harley-Davidsona z g\u0142\u0119bokim basem, du\u017c\u0105 moc\u0105 i wodoodporn\u0105 membran\u0105. Monta\u017c bez wymiany pokryw kufr\u00f3w.\",\"breadcrumb\":{\"@id\":\"https:\/\/motorcycle-audio.eu\/sklep\/glosniki\/glosnik-hertz-sx690neo-do-motocykli-harley-davidson\/#breadcrumb\"},\"inLanguage\":\"es\",\"potentialAction\":[{\"@type\":\"ReadAction\",\"target\":[\"https:\/\/motorcycle-audio.eu\/sklep\/glosniki\/glosnik-hertz-sx690neo-do-motocykli-harley-davidson\/\"]}]},{\"@type\":\"ImageObject\",\"inLanguage\":\"es\",\"@id\":\"https:\/\/motorcycle-audio.eu\/sklep\/glosniki\/glosnik-hertz-sx690neo-do-motocykli-harley-davidson\/#primaryimage\",\"url\":\"https:\/\/ha.dkonto.pl\/wp-content\/uploads\/2023\/08\/Glosnik_Hertz_SPL_SHOW_SX690NEO.jpg\",\"contentUrl\":\"https:\/\/ha.dkonto.pl\/wp-content\/uploads\/2023\/08\/Glosnik_Hertz_SPL_SHOW_SX690NEO.jpg\",\"width\":1800,\"height\":1800,\"caption\":\"G\u0142o\u015bnik Hertz sx 690 neo do motocykli Harley Davidson.\"},{\"@type\":\"BreadcrumbList\",\"@id\":\"https:\/\/motorcycle-audio.eu\/sklep\/glosniki\/glosnik-hertz-sx690neo-do-motocykli-harley-davidson\/#breadcrumb\",\"itemListElement\":[{\"@type\":\"ListItem\",\"position\":1,\"name\":\"Strona g\u0142\u00f3wna\",\"item\":\"https:\/\/motorcycle-audio.eu\/\"},{\"@type\":\"ListItem\",\"position\":2,\"name\":\"Sklep\",\"item\":\"https:\/\/motorcycle-audio.eu\/sklep\/\"},{\"@type\":\"ListItem\",\"position\":3,\"name\":\"G\u0142o\u015bnik Hertz sx690neo do motocykli Harley Davidson.\"}]},{\"@type\":\"WebSite\",\"@id\":\"https:\/\/ha.dkonto.pl\/#website\",\"url\":\"https:\/\/ha.dkonto.pl\/\",\"name\":\"Mefiu Motorcycle Audio\",\"description\":\"Play it loud!\",\"publisher\":{\"@id\":\"https:\/\/ha.dkonto.pl\/#organization\"},\"potentialAction\":[{\"@type\":\"SearchAction\",\"target\":{\"@type\":\"EntryPoint\",\"urlTemplate\":\"https:\/\/ha.dkonto.pl\/?s={search_term_string}\"},\"query-input\":{\"@type\":\"PropertyValueSpecification\",\"valueRequired\":true,\"valueName\":\"search_term_string\"}}],\"inLanguage\":\"es\"},{\"@type\":\"Organization\",\"@id\":\"https:\/\/ha.dkonto.pl\/#organization\",\"name\":\"Mefiu Motorcycle Audio\",\"url\":\"https:\/\/ha.dkonto.pl\/\",\"logo\":{\"@type\":\"ImageObject\",\"inLanguage\":\"es\",\"@id\":\"https:\/\/ha.dkonto.pl\/#\/schema\/logo\/image\/\",\"url\":\"https:\/\/ha.dkonto.pl\/wp-content\/uploads\/2025\/05\/mefiu_logo.png\",\"contentUrl\":\"https:\/\/ha.dkonto.pl\/wp-content\/uploads\/2025\/05\/mefiu_logo.png\",\"width\":150,\"height\":150,\"caption\":\"Mefiu Motorcycle Audio\"},\"image\":{\"@id\":\"https:\/\/ha.dkonto.pl\/#\/schema\/logo\/image\/\"},\"sameAs\":[\"https:\/\/www.facebook.com\/HarleyDavidsonAudio\"]}]}<\/script>\n<!-- \/ Yoast SEO Premium plugin. -->","yoast_head_json":{"title":"Altavoz Hertz sx690neo para motocicletas Harley Davidson. - Mefiu Motorcycle Audio","description":"Hertz SX690 NEO \u2013 pot\u0119\u017cny 6x9\u201d g\u0142o\u015bnik do Harley-Davidsona z g\u0142\u0119bokim basem, du\u017c\u0105 moc\u0105 i wodoodporn\u0105 membran\u0105. Monta\u017c bez wymiany pokryw kufr\u00f3w.","robots":{"index":"noindex","follow":"follow","max-snippet":"max-snippet:-1","max-image-preview":"max-image-preview:large","max-video-preview":"max-video-preview:-1"},"og_locale":"es_ES","og_type":"article","og_title":"G\u0142o\u015bnik Hertz sx690neo do motocykli Harley Davidson.","og_description":"Hertz SX690 NEO \u2013 pot\u0119\u017cny 6x9\u201d g\u0142o\u015bnik do Harley-Davidsona z g\u0142\u0119bokim basem, du\u017c\u0105 moc\u0105 i wodoodporn\u0105 membran\u0105. Monta\u017c bez wymiany pokryw kufr\u00f3w.","og_url":"https:\/\/motorcycle-audio.eu\/sklep\/glosniki\/glosnik-hertz-sx690neo-do-motocykli-harley-davidson\/","og_site_name":"Mefiu Motorcycle Audio","article_publisher":"https:\/\/www.facebook.com\/HarleyDavidsonAudio","article_modified_time":"2025-11-03T12:39:25+00:00","og_image":[{"width":1800,"height":1800,"url":"https:\/\/motorcycle-audio.eu\/wp-content\/uploads\/2023\/08\/Glosnik_Hertz_SPL_SHOW_SX690NEO.jpg","type":"image\/jpeg"}],"twitter_card":"summary_large_image","twitter_misc":{"Est. reading time":"3 minutos"},"schema":{"@context":"https:\/\/schema.org","@graph":[{"@type":"WebPage","@id":"https:\/\/motorcycle-audio.eu\/sklep\/glosniki\/glosnik-hertz-sx690neo-do-motocykli-harley-davidson\/","url":"https:\/\/motorcycle-audio.eu\/sklep\/glosniki\/glosnik-hertz-sx690neo-do-motocykli-harley-davidson\/","name":"Altavoz Hertz sx690neo para motocicletas Harley Davidson. - Mefiu Motorcycle Audio","isPartOf":{"@id":"https:\/\/ha.dkonto.pl\/#website"},"primaryImageOfPage":{"@id":"https:\/\/motorcycle-audio.eu\/sklep\/glosniki\/glosnik-hertz-sx690neo-do-motocykli-harley-davidson\/#primaryimage"},"image":{"@id":"https:\/\/motorcycle-audio.eu\/sklep\/glosniki\/glosnik-hertz-sx690neo-do-motocykli-harley-davidson\/#primaryimage"},"thumbnailUrl":"https:\/\/ha.dkonto.pl\/wp-content\/uploads\/2023\/08\/Glosnik_Hertz_SPL_SHOW_SX690NEO.jpg","datePublished":"2023-08-01T09:44:42+00:00","dateModified":"2025-11-03T12:39:25+00:00","description":"Hertz SX690 NEO \u2013 pot\u0119\u017cny 6x9\u201d g\u0142o\u015bnik do Harley-Davidsona z g\u0142\u0119bokim basem, du\u017c\u0105 moc\u0105 i wodoodporn\u0105 membran\u0105. Monta\u017c bez wymiany pokryw kufr\u00f3w.","breadcrumb":{"@id":"https:\/\/motorcycle-audio.eu\/sklep\/glosniki\/glosnik-hertz-sx690neo-do-motocykli-harley-davidson\/#breadcrumb"},"inLanguage":"es","potentialAction":[{"@type":"ReadAction","target":["https:\/\/motorcycle-audio.eu\/sklep\/glosniki\/glosnik-hertz-sx690neo-do-motocykli-harley-davidson\/"]}]},{"@type":"ImageObject","inLanguage":"es","@id":"https:\/\/motorcycle-audio.eu\/sklep\/glosniki\/glosnik-hertz-sx690neo-do-motocykli-harley-davidson\/#primaryimage","url":"https:\/\/ha.dkonto.pl\/wp-content\/uploads\/2023\/08\/Glosnik_Hertz_SPL_SHOW_SX690NEO.jpg","contentUrl":"https:\/\/ha.dkonto.pl\/wp-content\/uploads\/2023\/08\/Glosnik_Hertz_SPL_SHOW_SX690NEO.jpg","width":1800,"height":1800,"caption":"G\u0142o\u015bnik Hertz sx 690 neo do motocykli Harley Davidson."},{"@type":"BreadcrumbList","@id":"https:\/\/motorcycle-audio.eu\/sklep\/glosniki\/glosnik-hertz-sx690neo-do-motocykli-harley-davidson\/#breadcrumb","itemListElement":[{"@type":"ListItem","position":1,"name":"Strona g\u0142\u00f3wna","item":"https:\/\/motorcycle-audio.eu\/"},{"@type":"ListItem","position":2,"name":"Sklep","item":"https:\/\/motorcycle-audio.eu\/sklep\/"},{"@type":"ListItem","position":3,"name":"G\u0142o\u015bnik Hertz sx690neo do motocykli Harley Davidson."}]},{"@type":"WebSite","@id":"https:\/\/ha.dkonto.pl\/#website","url":"https:\/\/ha.dkonto.pl\/","name":"Mefiu Motorcycle Audio","description":"Play it loud!","publisher":{"@id":"https:\/\/ha.dkonto.pl\/#organization"},"potentialAction":[{"@type":"SearchAction","target":{"@type":"EntryPoint","urlTemplate":"https:\/\/ha.dkonto.pl\/?s={search_term_string}"},"query-input":{"@type":"PropertyValueSpecification","valueRequired":true,"valueName":"search_term_string"}}],"inLanguage":"es"},{"@type":"Organization","@id":"https:\/\/ha.dkonto.pl\/#organization","name":"Mefiu Motorcycle Audio","url":"https:\/\/ha.dkonto.pl\/","logo":{"@type":"ImageObject","inLanguage":"es","@id":"https:\/\/ha.dkonto.pl\/#\/schema\/logo\/image\/","url":"https:\/\/ha.dkonto.pl\/wp-content\/uploads\/2025\/05\/mefiu_logo.png","contentUrl":"https:\/\/ha.dkonto.pl\/wp-content\/uploads\/2025\/05\/mefiu_logo.png","width":150,"height":150,"caption":"Mefiu Motorcycle Audio"},"image":{"@id":"https:\/\/ha.dkonto.pl\/#\/schema\/logo\/image\/"},"sameAs":["https:\/\/www.facebook.com\/HarleyDavidsonAudio"]}]}},"jetpack_sharing_enabled":true,"_links":{"self":[{"href":"https:\/\/ha.dkonto.pl\/es\/wp-json\/wp\/v2\/product\/7671","targetHints":{"allow":["GET"]}}],"collection":[{"href":"https:\/\/ha.dkonto.pl\/es\/wp-json\/wp\/v2\/product"}],"about":[{"href":"https:\/\/ha.dkonto.pl\/es\/wp-json\/wp\/v2\/types\/product"}],"replies":[{"embeddable":true,"href":"https:\/\/ha.dkonto.pl\/es\/wp-json\/wp\/v2\/comments?post=7671"}],"version-history":[{"count":1,"href":"https:\/\/ha.dkonto.pl\/es\/wp-json\/wp\/v2\/product\/7671\/revisions"}],"predecessor-version":[{"id":9607,"href":"https:\/\/ha.dkonto.pl\/es\/wp-json\/wp\/v2\/product\/7671\/revisions\/9607"}],"wp:featuredmedia":[{"embeddable":true,"href":"https:\/\/ha.dkonto.pl\/es\/wp-json\/wp\/v2\/media\/7678"}],"wp:attachment":[{"href":"https:\/\/ha.dkonto.pl\/es\/wp-json\/wp\/v2\/media?parent=7671"}],"wp:term":[{"taxonomy":"product_cat","embeddable":true,"href":"https:\/\/ha.dkonto.pl\/es\/wp-json\/wp\/v2\/product_cat?post=7671"},{"taxonomy":"product_tag","embeddable":true,"href":"https:\/\/ha.dkonto.pl\/es\/wp-json\/wp\/v2\/product_tag?post=7671"}],"curies":[{"name":"wp","href":"https:\/\/api.w.org\/{rel}","templated":true}]}}