{"id":7337,"date":"2023-07-05T08:23:53","date_gmt":"2023-07-05T06:23:53","guid":{"rendered":"http:\/\/motorcycle-audio.eu\/?post_type=product&#038;p=7337"},"modified":"2025-08-21T09:29:05","modified_gmt":"2025-08-21T07:29:05","slug":"radio-soundstream-reserve-hdhu-9813rg-para-harley-davidson-road-glide-98-13-con-android-auto-carplay","status":"publish","type":"product","link":"https:\/\/ha.dkonto.pl\/es\/tienda\/radios\/radio-soundstream-reserve-hdhu-9813rg-para-harley-davidson-road-glide-98-13-con-android-auto-carplay\/","title":{"rendered":"Radio Soundstream Reserve HDHU.9813RG para motocicletas Harley Davidson Road Glide 98-13 con Android Auto\/Car Play"},"content":{"rendered":"<p><img decoding=\"async\" class=\"alignnone wp-image-3122\" src=\"http:\/\/motorcycleaudio.com\/wp-content\/uploads\/2021\/06\/Asset-7@5x-min-500x181.png\" sizes=\"(max-width: 201px) 100vw, 201px\" srcset=\"https:\/\/motorcycleaudio.com\/wp-content\/uploads\/2021\/06\/Asset-7@5x-min-500x181.png 500w, https:\/\/motorcycleaudio.com\/wp-content\/uploads\/2021\/06\/Asset-7@5x-min-150x54.png 150w, https:\/\/motorcycleaudio.com\/wp-content\/uploads\/2021\/06\/Asset-7@5x-min-600x218.png 600w, https:\/\/motorcycleaudio.com\/wp-content\/uploads\/2021\/06\/Asset-7@5x-min.png 642w\" alt=\"\" width=\"201\" height=\"73\" \/><\/p>\n<p>Apple CarPlay es una forma m\u00e1s innovadora y segura de usar tu iPhone en tu Harley Davidson\u00ae. Apple CarPlay te permite acceder a las funciones de tu iPhone mientras conduces y las muestra en la pantalla de la unidad principal de tu motocicleta. Puedes obtener indicaciones de ruta, enviar y recibir mensajes, y escuchar o buscar m\u00fasica, todo de una manera que te permite mantener la atenci\u00f3n en el camino. Simplemente conecta tu iPhone y la unidad principal HDHU.9813RG con CarPlay funcionar\u00e1 tanto con la pantalla t\u00e1ctil como con los controles del manillar de la motocicleta. Adem\u00e1s, las aplicaciones se han redise\u00f1ado para una mejor visualizaci\u00f3n, para que puedas usarlas sin apartar la vista ni las manos de la carretera. <a href=\"https:\/\/www.apple.com\/ios\/carplay\/\" target=\"_blank\" rel=\"noopener\">Obt\u00e9n m\u00e1s informaci\u00f3n sobre Apple CarPlay<\/a><\/p>\n<hr \/>\n<p><img decoding=\"async\" class=\"wp-image-3121 alignnone\" src=\"http:\/\/motorcycleaudio.com\/wp-content\/uploads\/2021\/06\/Asset-6@5x-min-500x181.png\" sizes=\"(max-width: 200px) 100vw, 200px\" srcset=\"https:\/\/motorcycleaudio.com\/wp-content\/uploads\/2021\/06\/Asset-6@5x-min-500x181.png 500w, https:\/\/motorcycleaudio.com\/wp-content\/uploads\/2021\/06\/Asset-6@5x-min-150x54.png 150w, https:\/\/motorcycleaudio.com\/wp-content\/uploads\/2021\/06\/Asset-6@5x-min-600x218.png 600w, https:\/\/motorcycleaudio.com\/wp-content\/uploads\/2021\/06\/Asset-6@5x-min.png 642w\" alt=\"\" width=\"200\" height=\"73\" \/><\/p>\n<p>Conecta tu tel\u00e9fono Android a tu unidad principal HDHU.9813RG y tus aplicaciones de Android aparecer\u00e1n en la pantalla al instante. Toca para obtener indicaciones de ruta o habla para enviar un mensaje de texto. Incluso puedes llamar a tu madre con manos libres. Android Auto est\u00e1 dise\u00f1ado para ayudarte a concentrarte en la carretera y disfrutar del viaje. Solo conecta y listo.<\/p>\n<p>Con el Asistente de Google en Android Auto, mant\u00e9n la vista en la carretera y las manos en el volante. Usa tu voz para obtener ayuda durante el d\u00eda. Puedes encontrar rutas, reproducir tus canciones favoritas e incluso consultar el clima local. Recibe alertas en tiempo real con tus aplicaciones de mapas favoritas en Google Maps, Waze y m\u00e1s. Incluso puedes pedirle al Asistente de Google que encuentre gasolineras en tu camino. Puedes ver toda la informaci\u00f3n en la pantalla t\u00e1ctil de tu radio, lo que te ayudar\u00e1 a saber qu\u00e9 hay cerca.<\/p>\n<h6><a href=\"https:\/\/www.android.com\/auto\/\" target=\"_blank\" rel=\"noopener\">Obt\u00e9n m\u00e1s informaci\u00f3n sobre Android Auto<\/a><\/h6>\n<hr \/>\n<p><img decoding=\"async\" class=\"wp-image-3838 alignnone\" src=\"http:\/\/motorcycleaudio.com\/wp-content\/uploads\/2022\/07\/HDHU.14si-SiriusXM-Ready.jpg\" sizes=\"(max-width: 200px) 100vw, 200px\" srcset=\"https:\/\/motorcycleaudio.com\/wp-content\/uploads\/2022\/07\/HDHU.14si-SiriusXM-Ready.jpg 2083w, https:\/\/motorcycleaudio.com\/wp-content\/uploads\/2022\/07\/HDHU.14si-SiriusXM-Ready-500x182.jpg 500w, https:\/\/motorcycleaudio.com\/wp-content\/uploads\/2022\/07\/HDHU.14si-SiriusXM-Ready-1000x364.jpg 1000w, https:\/\/motorcycleaudio.com\/wp-content\/uploads\/2022\/07\/HDHU.14si-SiriusXM-Ready-768x279.jpg 768w, https:\/\/motorcycleaudio.com\/wp-content\/uploads\/2022\/07\/HDHU.14si-SiriusXM-Ready-1536x559.jpg 1536w, https:\/\/motorcycleaudio.com\/wp-content\/uploads\/2022\/07\/HDHU.14si-SiriusXM-Ready-2048x745.jpg 2048w, https:\/\/motorcycleaudio.com\/wp-content\/uploads\/2022\/07\/HDHU.14si-SiriusXM-Ready-150x55.jpg 150w, https:\/\/motorcycleaudio.com\/wp-content\/uploads\/2022\/07\/HDHU.14si-SiriusXM-Ready-600x218.jpg 600w, https:\/\/motorcycleaudio.com\/wp-content\/uploads\/2022\/07\/HDHU.14si-SiriusXM-Ready-900x328.jpg 900w\" alt=\"\" width=\"200\" height=\"73\" \/><\/p>\n<p>SiriusXM Tuner Ready te permite escuchar m\u00fasica mientras conduces por carreteras secundarias v\u00eda sat\u00e9lite. El sintonizador SXV300 opcional se vende por separado. SiriusXM te ofrece hoy: entrevistas en estudio, eventos especiales y conciertos exclusivos para suscriptores, transmisiones deportivas en vivo, canales seleccionados por artistas, m\u00fasica por g\u00e9nero y de casi todas las d\u00e9cadas, sin comerciales, adem\u00e1s de programas de entrevistas y entretenimiento sin censura, deportes e incluso #HowardStern.<\/p>\n<h6><a href=\"https:\/\/shop.siriusxm.com\/siriusxm-sxv300-connect-vehicle-tuner.html\" target=\"_blank\" rel=\"noopener\">Sintonizador y servicio SXV se venden por separado.<\/a><\/h6>\n<hr \/>\n<p><img loading=\"lazy\" decoding=\"async\" class=\"alignnone wp-image-3124\" src=\"http:\/\/motorcycleaudio.com\/wp-content\/uploads\/2021\/06\/Asset-9@5x-min-500x182.png\" sizes=\"(max-width: 200px) 100vw, 200px\" srcset=\"https:\/\/motorcycleaudio.com\/wp-content\/uploads\/2021\/06\/Asset-9@5x-min-500x182.png 500w, https:\/\/motorcycleaudio.com\/wp-content\/uploads\/2021\/06\/Asset-9@5x-min-150x55.png 150w, https:\/\/motorcycleaudio.com\/wp-content\/uploads\/2021\/06\/Asset-9@5x-min.png 551w\" alt=\"\" width=\"200\" height=\"73\" \/><\/p>\n<p>Esta unidad principal de reemplazo para motocicletas Road Glide Touring de 1998 a 2013 puede conservar los controles del manillar de f\u00e1brica y ya est\u00e1 preprogramada. Adem\u00e1s de actualizar su radio de f\u00e1brica al receptor HDHU.9813RG, esto es un punto de inflexi\u00f3n para la comunidad Road Glide.<\/p>\n<hr \/>\n<p><img loading=\"lazy\" decoding=\"async\" class=\"alignnone wp-image-3123\" src=\"http:\/\/motorcycleaudio.com\/wp-content\/uploads\/2021\/06\/Asset-8@5x-min-500x182.png\" sizes=\"(max-width: 200px) 100vw, 200px\" srcset=\"https:\/\/motorcycleaudio.com\/wp-content\/uploads\/2021\/06\/Asset-8@5x-min-500x182.png 500w, https:\/\/motorcycleaudio.com\/wp-content\/uploads\/2021\/06\/Asset-8@5x-min-150x55.png 150w, https:\/\/motorcycleaudio.com\/wp-content\/uploads\/2021\/06\/Asset-8@5x-min.png 551w\" alt=\"\" width=\"200\" height=\"73\" \/><\/p>\n<p>El HDHU.9813RG utiliza el cable de antena de radio original e incluye un puerto USB para conectividad musical. Mantiene un aspecto elegante, sin necesidad de molduras adicionales antiest\u00e9ticas. El HDHU.9813RG utiliza los tornillos y la torniller\u00eda originales de la unidad principal retirada. Superando las expectativas, el HDHU.9813RG ha superado los est\u00e1ndares de la industria en pruebas que demuestran su idoneidad para condiciones de conducci\u00f3n exigentes y un uso prolongado. Como resultado, el HDHU.9813RG obtuvo una clasificaci\u00f3n de resistencia al agua IPx5, protegi\u00e9ndolo de cualquier condici\u00f3n clim\u00e1tica, incluso despu\u00e9s de un breve viaje al ba\u00f1o. Factores importantes como la pantalla LCD con uni\u00f3n \u00f3ptica, los ensamblajes de sonido y las juntas de silicona garantizan un rendimiento fiable del HDHU.9813RG en cada viaje.<\/p>\n<hr \/>\n<p><img loading=\"lazy\" decoding=\"async\" class=\"wp-image-3116 alignnone\" src=\"http:\/\/motorcycleaudio.com\/wp-content\/uploads\/2021\/06\/Asset-1@5x-min-500x182.png\" sizes=\"(max-width: 200px) 100vw, 200px\" srcset=\"https:\/\/motorcycleaudio.com\/wp-content\/uploads\/2021\/06\/Asset-1@5x-min-500x182.png 500w, https:\/\/motorcycleaudio.com\/wp-content\/uploads\/2021\/06\/Asset-1@5x-min-150x55.png 150w, https:\/\/motorcycleaudio.com\/wp-content\/uploads\/2021\/06\/Asset-1@5x-min.png 551w\" alt=\"\" width=\"200\" height=\"73\" \/><\/p>\n<p>\u00bfQuieres sacarle el m\u00e1ximo partido a tu sistema de audio para motocicleta, ya sea nuevo o actual? Las salidas RCA de 4 voltios para los canales delanteros, traseros y de subwoofer son fundamentales para obtener el mejor rendimiento. Si a\u00fan no has configurado un sistema de audio, empieza por consultar: <a href=\"https:\/\/motorcycleaudio.com\/amplifiers\/\" target=\"_blank\" rel=\"noopener\">Amplificadores digitales<\/a><\/p>\n<p><span class=\"\">Harley-Davidson\u00ae es una marca registrada de Harley-Davidson Motor Company.<\/span><\/p>\n<h3 class=\"p1\">Caracter\u00edsticas destacadas de la unidad principal HDHU.9813RG:<\/h3>\n<h6>Actualizaci\u00f3n para Harley-Davidson\u00ae Road Glide de 1998-2013<\/h6>\n<h6>Arn\u00e9s Plug-n-Play precableado incluido<\/h6>\n<h6>No se requieren herramientas para la instalaci\u00f3n, tornillos de f\u00e1brica<\/h6>\n<h6>Panel frontal y cristal resistentes al agua para una protecci\u00f3n con clasificaci\u00f3n IPx5<\/h6>\n<h6>Pantalla t\u00e1ctil capacitiva de alta definici\u00f3n de 7 pulgadas e iluminaci\u00f3n RGB<\/h6>\n<h6>Entrada de c\u00e1mara de v\u00eddeo en directo RCA con disparador de 12 V<\/h6>\n<h6>Apple CarPlay y Android Auto con Asistente de Google integrado<\/h6>\n<h6>Conectividad inal\u00e1mbrica Bluetooth para reproducci\u00f3n de audio<\/h6>\n<h6>Fondo de pantalla personalizable (jpg y jpeg v\u00eda USB)<\/h6>\n<h6>Teclas frontales t\u00e1ctiles con color RGB ajustable<\/h6>\n<h6>Carga de smartphones mediante USB mientras est\u00e1 conectado (5V\/1.5A)<\/h6>\n<h6>Reproducci\u00f3n de audio MP3\/WMA\/AAC\/FLAC por USB (64 GB m\u00e1x.)<\/h6>\n<h6>Salidas RCA de preamplificaci\u00f3n de 4 voltios para altavoces delanteros, traseros y subwoofer<\/h6>\n<h6>Ecualizador integrado con ajustes preestablecidos y pantalla gr\u00e1fica<\/h6>\n<h6>Amplificador de 4 canales integrado, 50 W por canal, estable a 2 ohmios<\/h6>\n<p><span class=\"\">Harley-Davidson\u00ae es una marca registrada de Harley-Davidson Motor Company.<\/span><\/p>","protected":false},"excerpt":{"rendered":"<p>Apple CarPlay is a more innovative, safer way to use your iPhone on your Harley Davidson\u00ae. Apple CarPlay takes the things you want to do with your iPhone while driving and puts them on your motorcycle\u2019s headunit display. You can get riding directions, send and receive messages, and listen to\/browse music, all in a way&hellip; <\/p>\n<p class=\"link-more\"><a href=\"https:\/\/ha.dkonto.pl\/es\/tienda\/radios\/radio-soundstream-reserve-hdhu-9813rg-para-harley-davidson-road-glide-98-13-con-android-auto-carplay\/\" class=\"more-link\">Read More <span class=\"screen-reader-text\"> &#8222;Radio Soundstream Reserve HDHU.9813RG do motocykli Harley Davidson Road Glide 98-13 z Android Auto\/Car Play&#8221;<\/span><\/a><\/p>","protected":false},"featured_media":7338,"comment_status":"closed","ping_status":"closed","template":"","meta":{"_acf_changed":false},"product_cat":[49],"product_tag":[],"class_list":{"0":"post-7337","1":"product","2":"type-product","3":"status-publish","4":"has-post-thumbnail","6":"product_cat-radia","8":"first","9":"instock","10":"taxable","11":"shipping-taxable","12":"purchasable","13":"product-type-simple"},"acf":[],"yoast_head":"<!-- This site is optimized with the Yoast SEO Premium plugin v25.1 (Yoast SEO v26.0) - https:\/\/yoast.com\/wordpress\/plugins\/seo\/ -->\n<title>Radio Soundstream Reserve HDHU.9813RG do motocykli Harley Davidson Road Glide 98-13 z Android Auto\/Car Play - Mefiu Motorcycle Audio<\/title>\n<meta name=\"robots\" content=\"noindex, follow, max-snippet:-1, max-image-preview:large, max-video-preview:-1\" \/>\n<meta property=\"og:locale\" content=\"es_ES\" \/>\n<meta property=\"og:type\" content=\"article\" \/>\n<meta property=\"og:title\" content=\"Radio Soundstream Reserve HDHU.9813RG do motocykli Harley Davidson Road Glide 98-13 z Android Auto\/Car Play\" \/>\n<meta property=\"og:description\" content=\"Apple CarPlay is a more innovative, safer way to use your iPhone on your Harley Davidson\u00ae. Apple CarPlay takes the things you want to do with your iPhone while driving and puts them on your motorcycle\u2019s headunit display. You can get riding directions, send and receive messages, and listen to\/browse music, all in a way&hellip; Read More &quot;Radio Soundstream Reserve HDHU.9813RG do motocykli Harley Davidson Road Glide 98-13 z Android Auto\/Car Play&quot;\" \/>\n<meta property=\"og:url\" content=\"https:\/\/motorcycle-audio.eu\/sklep\/radia\/radio-soundstream-reserve-hdhu-9813rg-do-motocykli-harley-davidson-road-glide-98-13-z-android-auto-car-play\/\" \/>\n<meta property=\"og:site_name\" content=\"Mefiu Motorcycle Audio\" \/>\n<meta property=\"article:publisher\" content=\"https:\/\/www.facebook.com\/HarleyDavidsonAudio\" \/>\n<meta property=\"article:modified_time\" content=\"2025-08-21T07:29:05+00:00\" \/>\n<meta property=\"og:image\" content=\"https:\/\/motorcycle-audio.eu\/wp-content\/uploads\/2023\/07\/Motorcycle-Audio-HDHU.9813RG-Road-Glide-Replacement-Headunit-1536x1536-1.jpg\" \/>\n\t<meta property=\"og:image:width\" content=\"1536\" \/>\n\t<meta property=\"og:image:height\" content=\"1536\" \/>\n\t<meta property=\"og:image:type\" content=\"image\/jpeg\" \/>\n<meta name=\"twitter:card\" content=\"summary_large_image\" \/>\n<meta name=\"twitter:label1\" content=\"Est. reading time\" \/>\n\t<meta name=\"twitter:data1\" content=\"6 minutos\" \/>\n<script type=\"application\/ld+json\" class=\"yoast-schema-graph\">{\"@context\":\"https:\/\/schema.org\",\"@graph\":[{\"@type\":\"WebPage\",\"@id\":\"https:\/\/motorcycle-audio.eu\/sklep\/radia\/radio-soundstream-reserve-hdhu-9813rg-do-motocykli-harley-davidson-road-glide-98-13-z-android-auto-car-play\/\",\"url\":\"https:\/\/motorcycle-audio.eu\/sklep\/radia\/radio-soundstream-reserve-hdhu-9813rg-do-motocykli-harley-davidson-road-glide-98-13-z-android-auto-car-play\/\",\"name\":\"Radio Soundstream Reserve HDHU.9813RG do motocykli Harley Davidson Road Glide 98-13 z Android Auto\/Car Play - Mefiu Motorcycle Audio\",\"isPartOf\":{\"@id\":\"https:\/\/ha.dkonto.pl\/#website\"},\"primaryImageOfPage\":{\"@id\":\"https:\/\/motorcycle-audio.eu\/sklep\/radia\/radio-soundstream-reserve-hdhu-9813rg-do-motocykli-harley-davidson-road-glide-98-13-z-android-auto-car-play\/#primaryimage\"},\"image\":{\"@id\":\"https:\/\/motorcycle-audio.eu\/sklep\/radia\/radio-soundstream-reserve-hdhu-9813rg-do-motocykli-harley-davidson-road-glide-98-13-z-android-auto-car-play\/#primaryimage\"},\"thumbnailUrl\":\"https:\/\/ha.dkonto.pl\/wp-content\/uploads\/2023\/07\/Motorcycle-Audio-HDHU.9813RG-Road-Glide-Replacement-Headunit-1536x1536-1.jpg\",\"datePublished\":\"2023-07-05T06:23:53+00:00\",\"dateModified\":\"2025-08-21T07:29:05+00:00\",\"breadcrumb\":{\"@id\":\"https:\/\/motorcycle-audio.eu\/sklep\/radia\/radio-soundstream-reserve-hdhu-9813rg-do-motocykli-harley-davidson-road-glide-98-13-z-android-auto-car-play\/#breadcrumb\"},\"inLanguage\":\"es\",\"potentialAction\":[{\"@type\":\"ReadAction\",\"target\":[\"https:\/\/motorcycle-audio.eu\/sklep\/radia\/radio-soundstream-reserve-hdhu-9813rg-do-motocykli-harley-davidson-road-glide-98-13-z-android-auto-car-play\/\"]}]},{\"@type\":\"ImageObject\",\"inLanguage\":\"es\",\"@id\":\"https:\/\/motorcycle-audio.eu\/sklep\/radia\/radio-soundstream-reserve-hdhu-9813rg-do-motocykli-harley-davidson-road-glide-98-13-z-android-auto-car-play\/#primaryimage\",\"url\":\"https:\/\/ha.dkonto.pl\/wp-content\/uploads\/2023\/07\/Motorcycle-Audio-HDHU.9813RG-Road-Glide-Replacement-Headunit-1536x1536-1.jpg\",\"contentUrl\":\"https:\/\/ha.dkonto.pl\/wp-content\/uploads\/2023\/07\/Motorcycle-Audio-HDHU.9813RG-Road-Glide-Replacement-Headunit-1536x1536-1.jpg\",\"width\":1536,\"height\":1536,\"caption\":\"Radio Soundstream Reserve HDHU.9813RG\"},{\"@type\":\"BreadcrumbList\",\"@id\":\"https:\/\/motorcycle-audio.eu\/sklep\/radia\/radio-soundstream-reserve-hdhu-9813rg-do-motocykli-harley-davidson-road-glide-98-13-z-android-auto-car-play\/#breadcrumb\",\"itemListElement\":[{\"@type\":\"ListItem\",\"position\":1,\"name\":\"Strona g\u0142\u00f3wna\",\"item\":\"https:\/\/motorcycle-audio.eu\/\"},{\"@type\":\"ListItem\",\"position\":2,\"name\":\"Sklep\",\"item\":\"https:\/\/motorcycle-audio.eu\/sklep\/\"},{\"@type\":\"ListItem\",\"position\":3,\"name\":\"Radio Soundstream Reserve HDHU.9813RG do motocykli Harley Davidson Road Glide 98-13 z Android Auto\/Car Play\"}]},{\"@type\":\"WebSite\",\"@id\":\"https:\/\/ha.dkonto.pl\/#website\",\"url\":\"https:\/\/ha.dkonto.pl\/\",\"name\":\"Mefiu Motorcycle Audio\",\"description\":\"Play it loud!\",\"publisher\":{\"@id\":\"https:\/\/ha.dkonto.pl\/#organization\"},\"potentialAction\":[{\"@type\":\"SearchAction\",\"target\":{\"@type\":\"EntryPoint\",\"urlTemplate\":\"https:\/\/ha.dkonto.pl\/?s={search_term_string}\"},\"query-input\":{\"@type\":\"PropertyValueSpecification\",\"valueRequired\":true,\"valueName\":\"search_term_string\"}}],\"inLanguage\":\"es\"},{\"@type\":\"Organization\",\"@id\":\"https:\/\/ha.dkonto.pl\/#organization\",\"name\":\"Mefiu Motorcycle Audio\",\"url\":\"https:\/\/ha.dkonto.pl\/\",\"logo\":{\"@type\":\"ImageObject\",\"inLanguage\":\"es\",\"@id\":\"https:\/\/ha.dkonto.pl\/#\/schema\/logo\/image\/\",\"url\":\"https:\/\/ha.dkonto.pl\/wp-content\/uploads\/2025\/05\/mefiu_logo.png\",\"contentUrl\":\"https:\/\/ha.dkonto.pl\/wp-content\/uploads\/2025\/05\/mefiu_logo.png\",\"width\":150,\"height\":150,\"caption\":\"Mefiu Motorcycle Audio\"},\"image\":{\"@id\":\"https:\/\/ha.dkonto.pl\/#\/schema\/logo\/image\/\"},\"sameAs\":[\"https:\/\/www.facebook.com\/HarleyDavidsonAudio\"]}]}<\/script>\n<!-- \/ Yoast SEO Premium plugin. -->","yoast_head_json":{"title":"Radio Soundstream Reserve HDHU.9813RG para motocicletas Harley Davidson Road Glide 98-13 con Android Auto\/Car Play - Mefiu Motorcycle Audio","robots":{"index":"noindex","follow":"follow","max-snippet":"max-snippet:-1","max-image-preview":"max-image-preview:large","max-video-preview":"max-video-preview:-1"},"og_locale":"es_ES","og_type":"article","og_title":"Radio Soundstream Reserve HDHU.9813RG do motocykli Harley Davidson Road Glide 98-13 z Android Auto\/Car Play","og_description":"Apple CarPlay is a more innovative, safer way to use your iPhone on your Harley Davidson\u00ae. Apple CarPlay takes the things you want to do with your iPhone while driving and puts them on your motorcycle\u2019s headunit display. You can get riding directions, send and receive messages, and listen to\/browse music, all in a way&hellip; Read More \"Radio Soundstream Reserve HDHU.9813RG do motocykli Harley Davidson Road Glide 98-13 z Android Auto\/Car Play\"","og_url":"https:\/\/motorcycle-audio.eu\/sklep\/radia\/radio-soundstream-reserve-hdhu-9813rg-do-motocykli-harley-davidson-road-glide-98-13-z-android-auto-car-play\/","og_site_name":"Mefiu Motorcycle Audio","article_publisher":"https:\/\/www.facebook.com\/HarleyDavidsonAudio","article_modified_time":"2025-08-21T07:29:05+00:00","og_image":[{"width":1536,"height":1536,"url":"https:\/\/motorcycle-audio.eu\/wp-content\/uploads\/2023\/07\/Motorcycle-Audio-HDHU.9813RG-Road-Glide-Replacement-Headunit-1536x1536-1.jpg","type":"image\/jpeg"}],"twitter_card":"summary_large_image","twitter_misc":{"Est. reading time":"6 minutos"},"schema":{"@context":"https:\/\/schema.org","@graph":[{"@type":"WebPage","@id":"https:\/\/motorcycle-audio.eu\/sklep\/radia\/radio-soundstream-reserve-hdhu-9813rg-do-motocykli-harley-davidson-road-glide-98-13-z-android-auto-car-play\/","url":"https:\/\/motorcycle-audio.eu\/sklep\/radia\/radio-soundstream-reserve-hdhu-9813rg-do-motocykli-harley-davidson-road-glide-98-13-z-android-auto-car-play\/","name":"Radio Soundstream Reserve HDHU.9813RG para motocicletas Harley Davidson Road Glide 98-13 con Android Auto\/Car Play - Mefiu Motorcycle Audio","isPartOf":{"@id":"https:\/\/ha.dkonto.pl\/#website"},"primaryImageOfPage":{"@id":"https:\/\/motorcycle-audio.eu\/sklep\/radia\/radio-soundstream-reserve-hdhu-9813rg-do-motocykli-harley-davidson-road-glide-98-13-z-android-auto-car-play\/#primaryimage"},"image":{"@id":"https:\/\/motorcycle-audio.eu\/sklep\/radia\/radio-soundstream-reserve-hdhu-9813rg-do-motocykli-harley-davidson-road-glide-98-13-z-android-auto-car-play\/#primaryimage"},"thumbnailUrl":"https:\/\/ha.dkonto.pl\/wp-content\/uploads\/2023\/07\/Motorcycle-Audio-HDHU.9813RG-Road-Glide-Replacement-Headunit-1536x1536-1.jpg","datePublished":"2023-07-05T06:23:53+00:00","dateModified":"2025-08-21T07:29:05+00:00","breadcrumb":{"@id":"https:\/\/motorcycle-audio.eu\/sklep\/radia\/radio-soundstream-reserve-hdhu-9813rg-do-motocykli-harley-davidson-road-glide-98-13-z-android-auto-car-play\/#breadcrumb"},"inLanguage":"es","potentialAction":[{"@type":"ReadAction","target":["https:\/\/motorcycle-audio.eu\/sklep\/radia\/radio-soundstream-reserve-hdhu-9813rg-do-motocykli-harley-davidson-road-glide-98-13-z-android-auto-car-play\/"]}]},{"@type":"ImageObject","inLanguage":"es","@id":"https:\/\/motorcycle-audio.eu\/sklep\/radia\/radio-soundstream-reserve-hdhu-9813rg-do-motocykli-harley-davidson-road-glide-98-13-z-android-auto-car-play\/#primaryimage","url":"https:\/\/ha.dkonto.pl\/wp-content\/uploads\/2023\/07\/Motorcycle-Audio-HDHU.9813RG-Road-Glide-Replacement-Headunit-1536x1536-1.jpg","contentUrl":"https:\/\/ha.dkonto.pl\/wp-content\/uploads\/2023\/07\/Motorcycle-Audio-HDHU.9813RG-Road-Glide-Replacement-Headunit-1536x1536-1.jpg","width":1536,"height":1536,"caption":"Radio Soundstream Reserve HDHU.9813RG"},{"@type":"BreadcrumbList","@id":"https:\/\/motorcycle-audio.eu\/sklep\/radia\/radio-soundstream-reserve-hdhu-9813rg-do-motocykli-harley-davidson-road-glide-98-13-z-android-auto-car-play\/#breadcrumb","itemListElement":[{"@type":"ListItem","position":1,"name":"Strona g\u0142\u00f3wna","item":"https:\/\/motorcycle-audio.eu\/"},{"@type":"ListItem","position":2,"name":"Sklep","item":"https:\/\/motorcycle-audio.eu\/sklep\/"},{"@type":"ListItem","position":3,"name":"Radio Soundstream Reserve HDHU.9813RG do motocykli Harley Davidson Road Glide 98-13 z Android Auto\/Car Play"}]},{"@type":"WebSite","@id":"https:\/\/ha.dkonto.pl\/#website","url":"https:\/\/ha.dkonto.pl\/","name":"Mefiu Motorcycle Audio","description":"Play it loud!","publisher":{"@id":"https:\/\/ha.dkonto.pl\/#organization"},"potentialAction":[{"@type":"SearchAction","target":{"@type":"EntryPoint","urlTemplate":"https:\/\/ha.dkonto.pl\/?s={search_term_string}"},"query-input":{"@type":"PropertyValueSpecification","valueRequired":true,"valueName":"search_term_string"}}],"inLanguage":"es"},{"@type":"Organization","@id":"https:\/\/ha.dkonto.pl\/#organization","name":"Mefiu Motorcycle Audio","url":"https:\/\/ha.dkonto.pl\/","logo":{"@type":"ImageObject","inLanguage":"es","@id":"https:\/\/ha.dkonto.pl\/#\/schema\/logo\/image\/","url":"https:\/\/ha.dkonto.pl\/wp-content\/uploads\/2025\/05\/mefiu_logo.png","contentUrl":"https:\/\/ha.dkonto.pl\/wp-content\/uploads\/2025\/05\/mefiu_logo.png","width":150,"height":150,"caption":"Mefiu Motorcycle Audio"},"image":{"@id":"https:\/\/ha.dkonto.pl\/#\/schema\/logo\/image\/"},"sameAs":["https:\/\/www.facebook.com\/HarleyDavidsonAudio"]}]}},"jetpack_sharing_enabled":true,"_links":{"self":[{"href":"https:\/\/ha.dkonto.pl\/es\/wp-json\/wp\/v2\/product\/7337","targetHints":{"allow":["GET"]}}],"collection":[{"href":"https:\/\/ha.dkonto.pl\/es\/wp-json\/wp\/v2\/product"}],"about":[{"href":"https:\/\/ha.dkonto.pl\/es\/wp-json\/wp\/v2\/types\/product"}],"replies":[{"embeddable":true,"href":"https:\/\/ha.dkonto.pl\/es\/wp-json\/wp\/v2\/comments?post=7337"}],"version-history":[{"count":1,"href":"https:\/\/ha.dkonto.pl\/es\/wp-json\/wp\/v2\/product\/7337\/revisions"}],"predecessor-version":[{"id":9412,"href":"https:\/\/ha.dkonto.pl\/es\/wp-json\/wp\/v2\/product\/7337\/revisions\/9412"}],"wp:featuredmedia":[{"embeddable":true,"href":"https:\/\/ha.dkonto.pl\/es\/wp-json\/wp\/v2\/media\/7338"}],"wp:attachment":[{"href":"https:\/\/ha.dkonto.pl\/es\/wp-json\/wp\/v2\/media?parent=7337"}],"wp:term":[{"taxonomy":"product_cat","embeddable":true,"href":"https:\/\/ha.dkonto.pl\/es\/wp-json\/wp\/v2\/product_cat?post=7337"},{"taxonomy":"product_tag","embeddable":true,"href":"https:\/\/ha.dkonto.pl\/es\/wp-json\/wp\/v2\/product_tag?post=7337"}],"curies":[{"name":"wp","href":"https:\/\/api.w.org\/{rel}","templated":true}]}}