{"id":7320,"date":"2023-07-05T08:03:50","date_gmt":"2023-07-05T06:03:50","guid":{"rendered":"http:\/\/motorcycle-audio.eu\/?post_type=product&#038;p=7320"},"modified":"2024-10-16T10:21:12","modified_gmt":"2024-10-16T08:21:12","slug":"radio-soundstream-reserve-hdhu14si","status":"publish","type":"product","link":"https:\/\/ha.dkonto.pl\/es\/tienda\/radios\/radio-soundstream-reserve-hdhu14si\/","title":{"rendered":"Radio Soundstream Reserve HDHU.14si para motocicletas Harley Davidson Road Glide, Street Glide, Electra Glide y CVO 2014+"},"content":{"rendered":"<h3><strong>Reemplazo perfecto para motocicletas Harley-Davidson\u00ae Touring<\/strong><\/h3>\n<p>La radio Soundstream Reserve HDHU14si es una unidad principal avanzada dise\u00f1ada espec\u00edficamente para motocicletas Harley-Davidson\u00ae Touring. Ofrece una experiencia de audio superior, adem\u00e1s de modernas funciones multimedia y gran facilidad de uso. Compatible con modelos CVO equipados con amplificadores Boom Audio originales.<\/p>\n<h3><strong>Datos de conducci\u00f3n e inform\u00e1ticos.<br \/>\n<\/strong><\/h3>\n<p>Gracias al uso de un m\u00f3dulo de Rockford Fosgate, la radio muestra datos como el consumo de combustible, la presi\u00f3n de los neum\u00e1ticos, el estado de las luces y mucho m\u00e1s.<\/p>\n<h3><strong>Radio Soundstream Reserve HDHU14si: Imagen y sonido de alta calidad<br \/>\n<\/strong><\/h3>\n<ul>\n<li>La pantalla LCD de 7 pulgadas con tecnolog\u00eda t\u00e1ctil capacitiva ofrece una claridad de imagen excepcional y un funcionamiento intuitivo.<\/li>\n<li>El amplificador incorporado de 50 W por canal con una impedancia estable de 2 ohmios ofrece un sonido potente que mejorar\u00e1 cualquier viaje.<\/li>\n<\/ul>\n<h3><strong>Integraci\u00f3n con tel\u00e9fonos inteligentes:<\/strong><\/h3>\n<ul>\n<li>La radio Soundstream Reserve HDHU14si es compatible con Apple CarPlay, lo que le permite usar Siri Eyes Free sin problemas, y con Android Auto con el Asistente de Google integrado, lo que le permite usar de forma segura aplicaciones y navegaci\u00f3n en su tel\u00e9fono inteligente mientras conduce.<\/li>\n<li>La sencilla conexi\u00f3n Bluetooth te permite reproducir m\u00fasica y controlar el audio de forma inal\u00e1mbrica.<\/li>\n<\/ul>\n<h3><strong>Radio Soundstream Reserve HDHU14si personalizada seg\u00fan tus preferencias<br \/>\n<\/strong><\/h3>\n<ul>\n<li>Personaliza la apariencia de tu dispositivo cambiando el fondo de pantalla y el fondo de pantalla mediante archivos .jpg y .jpeg a trav\u00e9s de USB.<\/li>\n<li>La radio cuenta con un ecualizador de 10 bandas con ajustes personalizados disponibles y una pantalla gr\u00e1fica que permite adaptar el sonido a tus preferencias.<\/li>\n<\/ul>\n<p><strong>Radio resistente a la intemperie Soundstream Reserve HDHU 14si<\/strong><\/p>\n<ul>\n<li>La radio es impermeable<\/li>\n<\/ul>\n<p><strong>Instalaci\u00f3n sencilla:<\/strong><\/p>\n<ul>\n<li>Utiliza la ubicaci\u00f3n de montaje original de la radio, por lo que no requiere ning\u00fan hardware o adaptador adicional.<\/li>\n<li>Puedes conservar los conectores USB y las antenas AM\/FM originales, lo que facilita a\u00fan m\u00e1s la instalaci\u00f3n.<\/li>\n<\/ul>\n<h3><strong>Radio Soundstream Reserve HDHU14si - Resumen<br \/>\n<\/strong><\/h3>\n<p>Esta radio de \u00faltima generaci\u00f3n no solo mejorar\u00e1 la calidad del sonido durante la conducci\u00f3n, sino que tambi\u00e9n brindar\u00e1 acceso a modernas funciones multimedia. Tu viaje ser\u00e1 a\u00fan m\u00e1s placentero y c\u00f3modo. Es una excelente inversi\u00f3n para los entusiastas de las Harley-Davidson\u00ae Touring que valoran la excelente calidad de sonido y la tecnolog\u00eda moderna.<\/p>\n<p>Esta radio para motocicletas Harley-Davidson fue dise\u00f1ada y fabricada por una empresa estadounidense y est\u00e1 espec\u00edficamente dise\u00f1ada para Harley-Davidson. Cuenta con numerosas funciones esenciales en cualquier sistema de audio moderno. Incorpora un procesador DSP y un ecualizador de 13 posiciones, lo que permite realizar ajustes de sonido de forma sencilla e intuitiva gracias a su interfaz clara y f\u00e1cil de usar. Al conectarse con un smartphone, ofrece una excelente calidad de sonido digital y acceso a aplicaciones esenciales como YouTube Music, Spotify y Google Maps.<\/p>\n<p class=\"translation-block\">Encuentra m\u00e1s modelos aqu\u00ed &gt;&gt;&gt; <a href=\"https:\/\/motorcycle-audio.eu\/es\/tienda\/productos\/radios\/\" target=\"_self\">RADIOS DE RESERVA SOUNDSTREAM<\/a><\/p>\n<p class=\"translation-block\">M\u00e1s informaci\u00f3n en nuestro canal de YouTube &gt;&gt;&gt; <a href=\"https:\/\/www.youtube.com\/@HarleyAudioEu\" target=\"_self\">YOUTUBE<\/a><\/p>\n<p>&nbsp;<\/p>","protected":false},"excerpt":{"rendered":"<p>Doskona\u0142y Zamiennik dla Motocykli Harley-Davidson\u00ae Touring Radio Soundstream Reserve HDHU14si Zaawansowana jednostka g\u0142\u00f3wna stworzona specjalnie dla motocykli Harley-Davidson\u00ae Touring. Zapewnia nie tylko doskona\u0142e do\u015bwiadczenie d\u017awi\u0119kowe, ale r\u00f3wnie\u017c nowoczesne funkcje multimedialne i wygod\u0119 u\u017cytkowania. Radio pasuje do modeli CVO Wyposa\u017conych w oryginalne wzmacniacze Boom Audio. Dane z jazdy oraz komputera. Dzi\u0119ki zastosowaniu modu\u0142u od Rockford Fosgate,&hellip; <\/p>\n<p class=\"link-more\"><a href=\"https:\/\/ha.dkonto.pl\/es\/tienda\/radios\/radio-soundstream-reserve-hdhu14si\/\" class=\"more-link\">Read More <span class=\"screen-reader-text\"> &#8222;Radio Soundstream Reserve HDHU.14si do motocykli Harley Davidson Road Glide, Street Glide, Electra Glide oraz modeli CVO 2014+&#8221;<\/span><\/a><\/p>","protected":false},"featured_media":7322,"comment_status":"closed","ping_status":"closed","template":"","meta":{"_acf_changed":false},"product_cat":[49],"product_tag":[],"class_list":{"0":"post-7320","1":"product","2":"type-product","3":"status-publish","4":"has-post-thumbnail","6":"product_cat-radia","8":"first","9":"instock","10":"taxable","11":"shipping-taxable","12":"purchasable","13":"product-type-simple"},"acf":[],"yoast_head":"<!-- This site is optimized with the Yoast SEO Premium plugin v25.1 (Yoast SEO v26.0) - https:\/\/yoast.com\/wordpress\/plugins\/seo\/ -->\n<title>Radio Soundstream Reserve HDHU14si<\/title>\n<meta name=\"description\" content=\"Radio Soundstream Reserve HDHU14si od 2014 do 2023, sterowanie wzmacniaczami oraz wiele innych. Android Auto Car Play. Steruje OEM wzmacniaczami BOOM\" \/>\n<meta name=\"robots\" content=\"noindex, follow, max-snippet:-1, max-image-preview:large, max-video-preview:-1\" \/>\n<meta property=\"og:locale\" content=\"es_ES\" \/>\n<meta property=\"og:type\" content=\"article\" \/>\n<meta property=\"og:title\" content=\"Radio Soundstream Reserve HDHU.14si do motocykli Harley Davidson Road Glide, Street Glide, Electra Glide oraz modeli CVO 2014+\" \/>\n<meta property=\"og:description\" content=\"Radio Soundstream Reserve HDHU14si od 2014 do 2023, sterowanie wzmacniaczami oraz wiele innych. Android Auto Car Play. Steruje OEM wzmacniaczami BOOM\" \/>\n<meta property=\"og:url\" content=\"https:\/\/motorcycle-audio.eu\/sklep\/radia\/radio-soundstream-reserve-hdhu14si\/\" \/>\n<meta property=\"og:site_name\" content=\"Mefiu Motorcycle Audio\" \/>\n<meta property=\"article:publisher\" content=\"https:\/\/www.facebook.com\/HarleyDavidsonAudio\" \/>\n<meta property=\"article:modified_time\" content=\"2024-10-16T08:21:12+00:00\" \/>\n<meta property=\"og:image\" content=\"https:\/\/motorcycle-audio.eu\/wp-content\/uploads\/2023\/07\/HDHU.14si-Android-Auto-Screen-Motorcycle-Audio-1536x1536-1.jpg\" \/>\n\t<meta property=\"og:image:width\" content=\"1536\" \/>\n\t<meta property=\"og:image:height\" content=\"1536\" \/>\n\t<meta property=\"og:image:type\" content=\"image\/jpeg\" \/>\n<meta name=\"twitter:card\" content=\"summary_large_image\" \/>\n<meta name=\"twitter:label1\" content=\"Est. reading time\" \/>\n\t<meta name=\"twitter:data1\" content=\"3 minutos\" \/>\n<script type=\"application\/ld+json\" class=\"yoast-schema-graph\">{\"@context\":\"https:\/\/schema.org\",\"@graph\":[{\"@type\":\"WebPage\",\"@id\":\"https:\/\/motorcycle-audio.eu\/sklep\/radia\/radio-soundstream-reserve-hdhu14si\/\",\"url\":\"https:\/\/motorcycle-audio.eu\/sklep\/radia\/radio-soundstream-reserve-hdhu14si\/\",\"name\":\"Radio Soundstream Reserve HDHU14si\",\"isPartOf\":{\"@id\":\"https:\/\/ha.dkonto.pl\/#website\"},\"primaryImageOfPage\":{\"@id\":\"https:\/\/motorcycle-audio.eu\/sklep\/radia\/radio-soundstream-reserve-hdhu14si\/#primaryimage\"},\"image\":{\"@id\":\"https:\/\/motorcycle-audio.eu\/sklep\/radia\/radio-soundstream-reserve-hdhu14si\/#primaryimage\"},\"thumbnailUrl\":\"https:\/\/ha.dkonto.pl\/wp-content\/uploads\/2023\/07\/HDHU.14si-Android-Auto-Screen-Motorcycle-Audio-1536x1536-1.jpg\",\"datePublished\":\"2023-07-05T06:03:50+00:00\",\"dateModified\":\"2024-10-16T08:21:12+00:00\",\"description\":\"Radio Soundstream Reserve HDHU14si od 2014 do 2023, sterowanie wzmacniaczami oraz wiele innych. Android Auto Car Play. Steruje OEM wzmacniaczami BOOM\",\"breadcrumb\":{\"@id\":\"https:\/\/motorcycle-audio.eu\/sklep\/radia\/radio-soundstream-reserve-hdhu14si\/#breadcrumb\"},\"inLanguage\":\"es\",\"potentialAction\":[{\"@type\":\"ReadAction\",\"target\":[\"https:\/\/motorcycle-audio.eu\/sklep\/radia\/radio-soundstream-reserve-hdhu14si\/\"]}]},{\"@type\":\"ImageObject\",\"inLanguage\":\"es\",\"@id\":\"https:\/\/motorcycle-audio.eu\/sklep\/radia\/radio-soundstream-reserve-hdhu14si\/#primaryimage\",\"url\":\"https:\/\/ha.dkonto.pl\/wp-content\/uploads\/2023\/07\/HDHU.14si-Android-Auto-Screen-Motorcycle-Audio-1536x1536-1.jpg\",\"contentUrl\":\"https:\/\/ha.dkonto.pl\/wp-content\/uploads\/2023\/07\/HDHU.14si-Android-Auto-Screen-Motorcycle-Audio-1536x1536-1.jpg\",\"width\":1536,\"height\":1536},{\"@type\":\"BreadcrumbList\",\"@id\":\"https:\/\/motorcycle-audio.eu\/sklep\/radia\/radio-soundstream-reserve-hdhu14si\/#breadcrumb\",\"itemListElement\":[{\"@type\":\"ListItem\",\"position\":1,\"name\":\"Strona g\u0142\u00f3wna\",\"item\":\"https:\/\/motorcycle-audio.eu\/\"},{\"@type\":\"ListItem\",\"position\":2,\"name\":\"Sklep\",\"item\":\"https:\/\/motorcycle-audio.eu\/sklep\/\"},{\"@type\":\"ListItem\",\"position\":3,\"name\":\"Radio Soundstream Reserve HDHU.14si do motocykli Harley Davidson Road Glide, Street Glide, Electra Glide oraz modeli CVO 2014+\"}]},{\"@type\":\"WebSite\",\"@id\":\"https:\/\/ha.dkonto.pl\/#website\",\"url\":\"https:\/\/ha.dkonto.pl\/\",\"name\":\"Mefiu Motorcycle Audio\",\"description\":\"Play it loud!\",\"publisher\":{\"@id\":\"https:\/\/ha.dkonto.pl\/#organization\"},\"potentialAction\":[{\"@type\":\"SearchAction\",\"target\":{\"@type\":\"EntryPoint\",\"urlTemplate\":\"https:\/\/ha.dkonto.pl\/?s={search_term_string}\"},\"query-input\":{\"@type\":\"PropertyValueSpecification\",\"valueRequired\":true,\"valueName\":\"search_term_string\"}}],\"inLanguage\":\"es\"},{\"@type\":\"Organization\",\"@id\":\"https:\/\/ha.dkonto.pl\/#organization\",\"name\":\"Mefiu Motorcycle Audio\",\"url\":\"https:\/\/ha.dkonto.pl\/\",\"logo\":{\"@type\":\"ImageObject\",\"inLanguage\":\"es\",\"@id\":\"https:\/\/ha.dkonto.pl\/#\/schema\/logo\/image\/\",\"url\":\"https:\/\/ha.dkonto.pl\/wp-content\/uploads\/2025\/05\/mefiu_logo.png\",\"contentUrl\":\"https:\/\/ha.dkonto.pl\/wp-content\/uploads\/2025\/05\/mefiu_logo.png\",\"width\":150,\"height\":150,\"caption\":\"Mefiu Motorcycle Audio\"},\"image\":{\"@id\":\"https:\/\/ha.dkonto.pl\/#\/schema\/logo\/image\/\"},\"sameAs\":[\"https:\/\/www.facebook.com\/HarleyDavidsonAudio\"]}]}<\/script>\n<!-- \/ Yoast SEO Premium plugin. -->","yoast_head_json":{"title":"Radio Soundstream Reserve HDHU14si","description":"Radio Soundstream Reserve HDHU14si (modelos 2014-2023), control de amplificador y m\u00e1s. Compatible con Android Auto y CarPlay. Controla amplificadores BOOM originales.","robots":{"index":"noindex","follow":"follow","max-snippet":"max-snippet:-1","max-image-preview":"max-image-preview:large","max-video-preview":"max-video-preview:-1"},"og_locale":"es_ES","og_type":"article","og_title":"Radio Soundstream Reserve HDHU.14si do motocykli Harley Davidson Road Glide, Street Glide, Electra Glide oraz modeli CVO 2014+","og_description":"Radio Soundstream Reserve HDHU14si od 2014 do 2023, sterowanie wzmacniaczami oraz wiele innych. Android Auto Car Play. Steruje OEM wzmacniaczami BOOM","og_url":"https:\/\/motorcycle-audio.eu\/sklep\/radia\/radio-soundstream-reserve-hdhu14si\/","og_site_name":"Mefiu Motorcycle Audio","article_publisher":"https:\/\/www.facebook.com\/HarleyDavidsonAudio","article_modified_time":"2024-10-16T08:21:12+00:00","og_image":[{"width":1536,"height":1536,"url":"https:\/\/motorcycle-audio.eu\/wp-content\/uploads\/2023\/07\/HDHU.14si-Android-Auto-Screen-Motorcycle-Audio-1536x1536-1.jpg","type":"image\/jpeg"}],"twitter_card":"summary_large_image","twitter_misc":{"Est. reading time":"3 minutos"},"schema":{"@context":"https:\/\/schema.org","@graph":[{"@type":"WebPage","@id":"https:\/\/motorcycle-audio.eu\/sklep\/radia\/radio-soundstream-reserve-hdhu14si\/","url":"https:\/\/motorcycle-audio.eu\/sklep\/radia\/radio-soundstream-reserve-hdhu14si\/","name":"Radio Soundstream Reserve HDHU14si","isPartOf":{"@id":"https:\/\/ha.dkonto.pl\/#website"},"primaryImageOfPage":{"@id":"https:\/\/motorcycle-audio.eu\/sklep\/radia\/radio-soundstream-reserve-hdhu14si\/#primaryimage"},"image":{"@id":"https:\/\/motorcycle-audio.eu\/sklep\/radia\/radio-soundstream-reserve-hdhu14si\/#primaryimage"},"thumbnailUrl":"https:\/\/ha.dkonto.pl\/wp-content\/uploads\/2023\/07\/HDHU.14si-Android-Auto-Screen-Motorcycle-Audio-1536x1536-1.jpg","datePublished":"2023-07-05T06:03:50+00:00","dateModified":"2024-10-16T08:21:12+00:00","description":"Radio Soundstream Reserve HDHU14si (modelos 2014-2023), control de amplificador y m\u00e1s. Compatible con Android Auto y CarPlay. Controla amplificadores BOOM originales.","breadcrumb":{"@id":"https:\/\/motorcycle-audio.eu\/sklep\/radia\/radio-soundstream-reserve-hdhu14si\/#breadcrumb"},"inLanguage":"es","potentialAction":[{"@type":"ReadAction","target":["https:\/\/motorcycle-audio.eu\/sklep\/radia\/radio-soundstream-reserve-hdhu14si\/"]}]},{"@type":"ImageObject","inLanguage":"es","@id":"https:\/\/motorcycle-audio.eu\/sklep\/radia\/radio-soundstream-reserve-hdhu14si\/#primaryimage","url":"https:\/\/ha.dkonto.pl\/wp-content\/uploads\/2023\/07\/HDHU.14si-Android-Auto-Screen-Motorcycle-Audio-1536x1536-1.jpg","contentUrl":"https:\/\/ha.dkonto.pl\/wp-content\/uploads\/2023\/07\/HDHU.14si-Android-Auto-Screen-Motorcycle-Audio-1536x1536-1.jpg","width":1536,"height":1536},{"@type":"BreadcrumbList","@id":"https:\/\/motorcycle-audio.eu\/sklep\/radia\/radio-soundstream-reserve-hdhu14si\/#breadcrumb","itemListElement":[{"@type":"ListItem","position":1,"name":"Strona g\u0142\u00f3wna","item":"https:\/\/motorcycle-audio.eu\/"},{"@type":"ListItem","position":2,"name":"Sklep","item":"https:\/\/motorcycle-audio.eu\/sklep\/"},{"@type":"ListItem","position":3,"name":"Radio Soundstream Reserve HDHU.14si do motocykli Harley Davidson Road Glide, Street Glide, Electra Glide oraz modeli CVO 2014+"}]},{"@type":"WebSite","@id":"https:\/\/ha.dkonto.pl\/#website","url":"https:\/\/ha.dkonto.pl\/","name":"Mefiu Motorcycle Audio","description":"Play it loud!","publisher":{"@id":"https:\/\/ha.dkonto.pl\/#organization"},"potentialAction":[{"@type":"SearchAction","target":{"@type":"EntryPoint","urlTemplate":"https:\/\/ha.dkonto.pl\/?s={search_term_string}"},"query-input":{"@type":"PropertyValueSpecification","valueRequired":true,"valueName":"search_term_string"}}],"inLanguage":"es"},{"@type":"Organization","@id":"https:\/\/ha.dkonto.pl\/#organization","name":"Mefiu Motorcycle Audio","url":"https:\/\/ha.dkonto.pl\/","logo":{"@type":"ImageObject","inLanguage":"es","@id":"https:\/\/ha.dkonto.pl\/#\/schema\/logo\/image\/","url":"https:\/\/ha.dkonto.pl\/wp-content\/uploads\/2025\/05\/mefiu_logo.png","contentUrl":"https:\/\/ha.dkonto.pl\/wp-content\/uploads\/2025\/05\/mefiu_logo.png","width":150,"height":150,"caption":"Mefiu Motorcycle Audio"},"image":{"@id":"https:\/\/ha.dkonto.pl\/#\/schema\/logo\/image\/"},"sameAs":["https:\/\/www.facebook.com\/HarleyDavidsonAudio"]}]}},"jetpack_sharing_enabled":true,"_links":{"self":[{"href":"https:\/\/ha.dkonto.pl\/es\/wp-json\/wp\/v2\/product\/7320","targetHints":{"allow":["GET"]}}],"collection":[{"href":"https:\/\/ha.dkonto.pl\/es\/wp-json\/wp\/v2\/product"}],"about":[{"href":"https:\/\/ha.dkonto.pl\/es\/wp-json\/wp\/v2\/types\/product"}],"replies":[{"embeddable":true,"href":"https:\/\/ha.dkonto.pl\/es\/wp-json\/wp\/v2\/comments?post=7320"}],"version-history":[{"count":0,"href":"https:\/\/ha.dkonto.pl\/es\/wp-json\/wp\/v2\/product\/7320\/revisions"}],"wp:featuredmedia":[{"embeddable":true,"href":"https:\/\/ha.dkonto.pl\/es\/wp-json\/wp\/v2\/media\/7322"}],"wp:attachment":[{"href":"https:\/\/ha.dkonto.pl\/es\/wp-json\/wp\/v2\/media?parent=7320"}],"wp:term":[{"taxonomy":"product_cat","embeddable":true,"href":"https:\/\/ha.dkonto.pl\/es\/wp-json\/wp\/v2\/product_cat?post=7320"},{"taxonomy":"product_tag","embeddable":true,"href":"https:\/\/ha.dkonto.pl\/es\/wp-json\/wp\/v2\/product_tag?post=7320"}],"curies":[{"name":"wp","href":"https:\/\/api.w.org\/{rel}","templated":true}]}}