{"id":6974,"date":"2023-02-10T15:07:06","date_gmt":"2023-02-10T14:07:06","guid":{"rendered":"http:\/\/motorcycle-audio.eu\/?post_type=product&#038;p=6974"},"modified":"2024-05-13T11:18:24","modified_gmt":"2024-05-13T09:18:24","slug":"radio-soundstream-reserve-hdhu-14-para-motocicletas-harley-davidson","status":"publish","type":"product","link":"https:\/\/ha.dkonto.pl\/es\/tienda\/radios\/radio-soundstream-reserve-hdhu-14-para-motocicletas-harley-davidson\/","title":{"rendered":"Radio Soundstream Reserve HDHU.14+ para motocicletas Harley Davidson Road Glide, Street Glide y Electra Glide (modelos 2014+)."},"content":{"rendered":"<h3><strong>Reemplazo perfecto para motocicletas Harley-Davidson\u00ae Touring<\/strong><\/h3>\n<p>Radio Soundstream Reserve HDHU.14+ Unidad principal avanzada creada especialmente para motocicletas Harley-Davidson\u00ae Touring. Ofrece no solo una experiencia de sonido excepcional, sino tambi\u00e9n funciones multimedia modernas y una gran comodidad de uso.<\/p>\n<h3><strong>Radio Soundstream Reserve HDHU.14+ Alta calidad de imagen y sonido<br \/>\n<\/strong><\/h3>\n<ul>\n<li>La pantalla LCD de 7 pulgadas con tecnolog\u00eda t\u00e1ctil capacitiva ofrece una claridad de imagen excepcional y un funcionamiento intuitivo.<\/li>\n<li>El amplificador incorporado de 50 W por canal con una impedancia estable de 2 ohmios ofrece un sonido potente que mejorar\u00e1 cualquier viaje.<\/li>\n<\/ul>\n<h3><strong>Integraci\u00f3n con tel\u00e9fonos inteligentes:<\/strong><\/h3>\n<ul>\n<li>Radio Soundstream Reserve HDHU.14+ es compatible con Apple CarPlay, lo que permite un uso fluido de la funci\u00f3n Siri Eyes Free, y con Android Auto con el Asistente de Google integrado, lo que te permite utilizar aplicaciones y navegaci\u00f3n de forma segura en tu smartphone mientras conduces.<\/li>\n<li>La sencilla conexi\u00f3n Bluetooth te permite reproducir m\u00fasica y controlar el audio de forma inal\u00e1mbrica.<\/li>\n<\/ul>\n<h3><strong>Adaptado a tus preferencias<br \/>\n<\/strong><\/h3>\n<ul>\n<li>Personaliza la apariencia de tu dispositivo cambiando el fondo de pantalla y el fondo de pantalla mediante archivos .jpg y .jpeg a trav\u00e9s de USB.<\/li>\n<li>La radio Soundstream Reserve HDHU.14+ cuenta con un ecualizador de 10 bandas con configuraciones personalizables y una pantalla gr\u00e1fica que te permite ajustar el sonido seg\u00fan tus preferencias.<\/li>\n<\/ul>\n<h3><strong>Resistencia a las condiciones clim\u00e1ticas<\/strong><\/h3>\n<ul>\n<li>La radio Soundstream Reserve HDHU.14+ es resistente al agua<\/li>\n<\/ul>\n<p><strong>Instalaci\u00f3n sencilla:<\/strong><\/p>\n<ul>\n<li>Utiliza la ubicaci\u00f3n de montaje original de la radio, por lo que no requiere ning\u00fan hardware o adaptador adicional.<\/li>\n<li>Puedes conservar los conectores USB y las antenas AM\/FM originales, lo que facilita a\u00fan m\u00e1s la instalaci\u00f3n.<\/li>\n<\/ul>\n<p>&nbsp;<\/p>\n<h3><strong>Radio Soundstream Reserve HDHU14+ \u2013 Resumen<br \/>\n<\/strong><\/h3>\n<p>Esta radio de \u00faltima generaci\u00f3n no solo mejorar\u00e1 la calidad del sonido durante la conducci\u00f3n, sino que tambi\u00e9n brindar\u00e1 acceso a modernas funciones multimedia. Tu viaje ser\u00e1 a\u00fan m\u00e1s placentero y c\u00f3modo. Es una excelente inversi\u00f3n para los entusiastas de las Harley-Davidson\u00ae Touring que valoran la excelente calidad de sonido y la tecnolog\u00eda moderna.<\/p>\n<p>La radio para motocicletas Harley Davidson ha sido dise\u00f1ada y fabricada por una empresa estadounidense y est\u00e1 dedicada espec\u00edficamente a Harley. Cuenta con numerosas funciones esenciales en cualquier sistema de audio moderno. Dispone de un procesador DSP integrado y un ecualizador de 13 bandas, por lo que ajustar el sonido es muy sencillo e intuitivo gracias a una interfaz clara y f\u00e1cil de usar. Al conectarse con el tel\u00e9fono, ofrece una excelente calidad de sonido digital y acceso a aplicaciones esenciales como YouTube Music, Spotify o Google Maps.<\/p>\n<p class=\"translation-block\">Encuentra m\u00e1s modelos aqu\u00ed &gt;&gt;&gt; <a href=\"https:\/\/motorcycle-audio.eu\/es\/tienda\/productos\/radios\/\" target=\"_self\">RADIOS DE RESERVA SOUNDSTREAM<\/a><\/p>\n<p class=\"translation-block\">M\u00e1s informaci\u00f3n en nuestro canal de YouTube &gt;&gt;&gt; <a href=\"https:\/\/www.youtube.com\/@HarleyAudioEu\" target=\"_self\">YOUTUBE<\/a><\/p>\n<p>&nbsp;<\/p>","protected":false},"excerpt":{"rendered":"<p>Doskona\u0142y Zamiennik dla Motocykli Harley-Davidson\u00ae Touring Radio Soundstream Reserve HDHU.14+ Zaawansowana jednostka g\u0142\u00f3wna stworzona specjalnie dla motocykli Harley-Davidson\u00ae Touring. Zapewnia nie tylko doskona\u0142e do\u015bwiadczenie d\u017awi\u0119kowe, ale r\u00f3wnie\u017c nowoczesne funkcje multimedialne i wygod\u0119 u\u017cytkowania. Radio Soundstream Reserve HDHU.14+ Wysoka Jako\u015b\u0107 Obrazu i D\u017awi\u0119ku 7-calowy ekran LCD z technologi\u0105 pojemno\u015bciowego ekranu dotykowego zapewnia wyj\u0105tkow\u0105 klarowno\u015b\u0107 obrazu i&hellip; <\/p>\n<p class=\"link-more\"><a href=\"https:\/\/ha.dkonto.pl\/es\/tienda\/radios\/radio-soundstream-reserve-hdhu-14-para-motocicletas-harley-davidson\/\" class=\"more-link\">Read More <span class=\"screen-reader-text\"> &#8222;Radio Soundstream Reserve HDHU.14+ do motocykli Harley Davidson Road Glide, Street Glide, Electra Glide 2014+&#8221;<\/span><\/a><\/p>","protected":false},"featured_media":7327,"comment_status":"closed","ping_status":"closed","template":"","meta":{"_acf_changed":false},"product_cat":[49],"product_tag":[57,56],"class_list":{"0":"post-6974","1":"product","2":"type-product","3":"status-publish","4":"has-post-thumbnail","6":"product_brand-soundstream-reserve","7":"product_cat-radia","8":"product_tag-hdhu-14","9":"product_tag-hdhu14","11":"first","12":"outofstock","13":"taxable","14":"shipping-taxable","15":"purchasable","16":"product-type-simple"},"acf":[],"yoast_head":"<!-- This site is optimized with the Yoast SEO Premium plugin v25.1 (Yoast SEO v26.0) - https:\/\/yoast.com\/wordpress\/plugins\/seo\/ -->\n<title>Radio Soundstream Reserve HDHU.14+ do motocykli Harley<\/title>\n<meta name=\"description\" content=\"Soundstream Reserve HDHU.14+ To radio do Motocykli Harley-Davidson od 2014 roku w g\u00f3r\u0119. Idealny zamiennik dla oryginalnego radia.\" \/>\n<meta name=\"robots\" content=\"noindex, follow, max-snippet:-1, max-image-preview:large, max-video-preview:-1\" \/>\n<meta property=\"og:locale\" content=\"es_ES\" \/>\n<meta property=\"og:type\" content=\"article\" \/>\n<meta property=\"og:title\" content=\"Radio Soundstream Reserve HDHU.14+ do motocykli Harley Davidson Road Glide, Street Glide, Electra Glide 2014+\" \/>\n<meta property=\"og:description\" content=\"Soundstream Reserve HDHU.14+ To radio do Motocykli Harley-Davidson od 2014 roku w g\u00f3r\u0119. Idealny zamiennik dla oryginalnego radia.\" \/>\n<meta property=\"og:url\" content=\"https:\/\/motorcycle-audio.eu\/sklep\/radia\/radio-soundstream-reserve-hdhu-14-do-motocykli-harley-davidson\/\" \/>\n<meta property=\"og:site_name\" content=\"Mefiu Motorcycle Audio\" \/>\n<meta property=\"article:publisher\" content=\"https:\/\/www.facebook.com\/HarleyDavidsonAudio\" \/>\n<meta property=\"article:modified_time\" content=\"2024-05-13T09:18:24+00:00\" \/>\n<meta property=\"og:image\" content=\"https:\/\/motorcycle-audio.eu\/wp-content\/uploads\/2023\/02\/Motorcycle-Audio-HDHU-Headunit-Replacement-.jpeg\" \/>\n\t<meta property=\"og:image:width\" content=\"900\" \/>\n\t<meta property=\"og:image:height\" content=\"900\" \/>\n\t<meta property=\"og:image:type\" content=\"image\/jpeg\" \/>\n<meta name=\"twitter:card\" content=\"summary_large_image\" \/>\n<meta name=\"twitter:label1\" content=\"Est. reading time\" \/>\n\t<meta name=\"twitter:data1\" content=\"3 minutos\" \/>\n<script type=\"application\/ld+json\" class=\"yoast-schema-graph\">{\"@context\":\"https:\/\/schema.org\",\"@graph\":[{\"@type\":\"WebPage\",\"@id\":\"https:\/\/motorcycle-audio.eu\/sklep\/radia\/radio-soundstream-reserve-hdhu-14-do-motocykli-harley-davidson\/\",\"url\":\"https:\/\/motorcycle-audio.eu\/sklep\/radia\/radio-soundstream-reserve-hdhu-14-do-motocykli-harley-davidson\/\",\"name\":\"Radio Soundstream Reserve HDHU.14+ do motocykli Harley\",\"isPartOf\":{\"@id\":\"https:\/\/ha.dkonto.pl\/#website\"},\"primaryImageOfPage\":{\"@id\":\"https:\/\/motorcycle-audio.eu\/sklep\/radia\/radio-soundstream-reserve-hdhu-14-do-motocykli-harley-davidson\/#primaryimage\"},\"image\":{\"@id\":\"https:\/\/motorcycle-audio.eu\/sklep\/radia\/radio-soundstream-reserve-hdhu-14-do-motocykli-harley-davidson\/#primaryimage\"},\"thumbnailUrl\":\"https:\/\/ha.dkonto.pl\/wp-content\/uploads\/2023\/02\/Motorcycle-Audio-HDHU-Headunit-Replacement-.jpeg\",\"datePublished\":\"2023-02-10T14:07:06+00:00\",\"dateModified\":\"2024-05-13T09:18:24+00:00\",\"description\":\"Soundstream Reserve HDHU.14+ To radio do Motocykli Harley-Davidson od 2014 roku w g\u00f3r\u0119. Idealny zamiennik dla oryginalnego radia.\",\"breadcrumb\":{\"@id\":\"https:\/\/motorcycle-audio.eu\/sklep\/radia\/radio-soundstream-reserve-hdhu-14-do-motocykli-harley-davidson\/#breadcrumb\"},\"inLanguage\":\"es\",\"potentialAction\":[{\"@type\":\"ReadAction\",\"target\":[\"https:\/\/motorcycle-audio.eu\/sklep\/radia\/radio-soundstream-reserve-hdhu-14-do-motocykli-harley-davidson\/\"]}]},{\"@type\":\"ImageObject\",\"inLanguage\":\"es\",\"@id\":\"https:\/\/motorcycle-audio.eu\/sklep\/radia\/radio-soundstream-reserve-hdhu-14-do-motocykli-harley-davidson\/#primaryimage\",\"url\":\"https:\/\/ha.dkonto.pl\/wp-content\/uploads\/2023\/02\/Motorcycle-Audio-HDHU-Headunit-Replacement-.jpeg\",\"contentUrl\":\"https:\/\/ha.dkonto.pl\/wp-content\/uploads\/2023\/02\/Motorcycle-Audio-HDHU-Headunit-Replacement-.jpeg\",\"width\":900,\"height\":900},{\"@type\":\"BreadcrumbList\",\"@id\":\"https:\/\/motorcycle-audio.eu\/sklep\/radia\/radio-soundstream-reserve-hdhu-14-do-motocykli-harley-davidson\/#breadcrumb\",\"itemListElement\":[{\"@type\":\"ListItem\",\"position\":1,\"name\":\"Strona g\u0142\u00f3wna\",\"item\":\"https:\/\/motorcycle-audio.eu\/\"},{\"@type\":\"ListItem\",\"position\":2,\"name\":\"Sklep\",\"item\":\"https:\/\/motorcycle-audio.eu\/sklep\/\"},{\"@type\":\"ListItem\",\"position\":3,\"name\":\"Radio Soundstream Reserve HDHU.14+ do motocykli Harley Davidson Road Glide, Street Glide, Electra Glide 2014+\"}]},{\"@type\":\"WebSite\",\"@id\":\"https:\/\/ha.dkonto.pl\/#website\",\"url\":\"https:\/\/ha.dkonto.pl\/\",\"name\":\"Mefiu Motorcycle Audio\",\"description\":\"Play it loud!\",\"publisher\":{\"@id\":\"https:\/\/ha.dkonto.pl\/#organization\"},\"potentialAction\":[{\"@type\":\"SearchAction\",\"target\":{\"@type\":\"EntryPoint\",\"urlTemplate\":\"https:\/\/ha.dkonto.pl\/?s={search_term_string}\"},\"query-input\":{\"@type\":\"PropertyValueSpecification\",\"valueRequired\":true,\"valueName\":\"search_term_string\"}}],\"inLanguage\":\"es\"},{\"@type\":\"Organization\",\"@id\":\"https:\/\/ha.dkonto.pl\/#organization\",\"name\":\"Mefiu Motorcycle Audio\",\"url\":\"https:\/\/ha.dkonto.pl\/\",\"logo\":{\"@type\":\"ImageObject\",\"inLanguage\":\"es\",\"@id\":\"https:\/\/ha.dkonto.pl\/#\/schema\/logo\/image\/\",\"url\":\"https:\/\/ha.dkonto.pl\/wp-content\/uploads\/2025\/05\/mefiu_logo.png\",\"contentUrl\":\"https:\/\/ha.dkonto.pl\/wp-content\/uploads\/2025\/05\/mefiu_logo.png\",\"width\":150,\"height\":150,\"caption\":\"Mefiu Motorcycle Audio\"},\"image\":{\"@id\":\"https:\/\/ha.dkonto.pl\/#\/schema\/logo\/image\/\"},\"sameAs\":[\"https:\/\/www.facebook.com\/HarleyDavidsonAudio\"]}]}<\/script>\n<!-- \/ Yoast SEO Premium plugin. -->","yoast_head_json":{"title":"Radio Soundstream Reserve HDHU.14+ para motocicletas Harley","description":"Soundstream Reserve HDHU.14+ es una radio para motocicletas Harley-Davidson a partir del a\u00f1o 2014. El reemplazo ideal para la radio original.","robots":{"index":"noindex","follow":"follow","max-snippet":"max-snippet:-1","max-image-preview":"max-image-preview:large","max-video-preview":"max-video-preview:-1"},"og_locale":"es_ES","og_type":"article","og_title":"Radio Soundstream Reserve HDHU.14+ do motocykli Harley Davidson Road Glide, Street Glide, Electra Glide 2014+","og_description":"Soundstream Reserve HDHU.14+ To radio do Motocykli Harley-Davidson od 2014 roku w g\u00f3r\u0119. Idealny zamiennik dla oryginalnego radia.","og_url":"https:\/\/motorcycle-audio.eu\/sklep\/radia\/radio-soundstream-reserve-hdhu-14-do-motocykli-harley-davidson\/","og_site_name":"Mefiu Motorcycle Audio","article_publisher":"https:\/\/www.facebook.com\/HarleyDavidsonAudio","article_modified_time":"2024-05-13T09:18:24+00:00","og_image":[{"width":900,"height":900,"url":"https:\/\/motorcycle-audio.eu\/wp-content\/uploads\/2023\/02\/Motorcycle-Audio-HDHU-Headunit-Replacement-.jpeg","type":"image\/jpeg"}],"twitter_card":"summary_large_image","twitter_misc":{"Est. reading time":"3 minutos"},"schema":{"@context":"https:\/\/schema.org","@graph":[{"@type":"WebPage","@id":"https:\/\/motorcycle-audio.eu\/sklep\/radia\/radio-soundstream-reserve-hdhu-14-do-motocykli-harley-davidson\/","url":"https:\/\/motorcycle-audio.eu\/sklep\/radia\/radio-soundstream-reserve-hdhu-14-do-motocykli-harley-davidson\/","name":"Radio Soundstream Reserve HDHU.14+ para motocicletas Harley","isPartOf":{"@id":"https:\/\/ha.dkonto.pl\/#website"},"primaryImageOfPage":{"@id":"https:\/\/motorcycle-audio.eu\/sklep\/radia\/radio-soundstream-reserve-hdhu-14-do-motocykli-harley-davidson\/#primaryimage"},"image":{"@id":"https:\/\/motorcycle-audio.eu\/sklep\/radia\/radio-soundstream-reserve-hdhu-14-do-motocykli-harley-davidson\/#primaryimage"},"thumbnailUrl":"https:\/\/ha.dkonto.pl\/wp-content\/uploads\/2023\/02\/Motorcycle-Audio-HDHU-Headunit-Replacement-.jpeg","datePublished":"2023-02-10T14:07:06+00:00","dateModified":"2024-05-13T09:18:24+00:00","description":"Soundstream Reserve HDHU.14+ es una radio para motocicletas Harley-Davidson a partir del a\u00f1o 2014. El reemplazo ideal para la radio original.","breadcrumb":{"@id":"https:\/\/motorcycle-audio.eu\/sklep\/radia\/radio-soundstream-reserve-hdhu-14-do-motocykli-harley-davidson\/#breadcrumb"},"inLanguage":"es","potentialAction":[{"@type":"ReadAction","target":["https:\/\/motorcycle-audio.eu\/sklep\/radia\/radio-soundstream-reserve-hdhu-14-do-motocykli-harley-davidson\/"]}]},{"@type":"ImageObject","inLanguage":"es","@id":"https:\/\/motorcycle-audio.eu\/sklep\/radia\/radio-soundstream-reserve-hdhu-14-do-motocykli-harley-davidson\/#primaryimage","url":"https:\/\/ha.dkonto.pl\/wp-content\/uploads\/2023\/02\/Motorcycle-Audio-HDHU-Headunit-Replacement-.jpeg","contentUrl":"https:\/\/ha.dkonto.pl\/wp-content\/uploads\/2023\/02\/Motorcycle-Audio-HDHU-Headunit-Replacement-.jpeg","width":900,"height":900},{"@type":"BreadcrumbList","@id":"https:\/\/motorcycle-audio.eu\/sklep\/radia\/radio-soundstream-reserve-hdhu-14-do-motocykli-harley-davidson\/#breadcrumb","itemListElement":[{"@type":"ListItem","position":1,"name":"Strona g\u0142\u00f3wna","item":"https:\/\/motorcycle-audio.eu\/"},{"@type":"ListItem","position":2,"name":"Sklep","item":"https:\/\/motorcycle-audio.eu\/sklep\/"},{"@type":"ListItem","position":3,"name":"Radio Soundstream Reserve HDHU.14+ do motocykli Harley Davidson Road Glide, Street Glide, Electra Glide 2014+"}]},{"@type":"WebSite","@id":"https:\/\/ha.dkonto.pl\/#website","url":"https:\/\/ha.dkonto.pl\/","name":"Mefiu Motorcycle Audio","description":"Play it loud!","publisher":{"@id":"https:\/\/ha.dkonto.pl\/#organization"},"potentialAction":[{"@type":"SearchAction","target":{"@type":"EntryPoint","urlTemplate":"https:\/\/ha.dkonto.pl\/?s={search_term_string}"},"query-input":{"@type":"PropertyValueSpecification","valueRequired":true,"valueName":"search_term_string"}}],"inLanguage":"es"},{"@type":"Organization","@id":"https:\/\/ha.dkonto.pl\/#organization","name":"Mefiu Motorcycle Audio","url":"https:\/\/ha.dkonto.pl\/","logo":{"@type":"ImageObject","inLanguage":"es","@id":"https:\/\/ha.dkonto.pl\/#\/schema\/logo\/image\/","url":"https:\/\/ha.dkonto.pl\/wp-content\/uploads\/2025\/05\/mefiu_logo.png","contentUrl":"https:\/\/ha.dkonto.pl\/wp-content\/uploads\/2025\/05\/mefiu_logo.png","width":150,"height":150,"caption":"Mefiu Motorcycle Audio"},"image":{"@id":"https:\/\/ha.dkonto.pl\/#\/schema\/logo\/image\/"},"sameAs":["https:\/\/www.facebook.com\/HarleyDavidsonAudio"]}]}},"jetpack_sharing_enabled":true,"_links":{"self":[{"href":"https:\/\/ha.dkonto.pl\/es\/wp-json\/wp\/v2\/product\/6974","targetHints":{"allow":["GET"]}}],"collection":[{"href":"https:\/\/ha.dkonto.pl\/es\/wp-json\/wp\/v2\/product"}],"about":[{"href":"https:\/\/ha.dkonto.pl\/es\/wp-json\/wp\/v2\/types\/product"}],"replies":[{"embeddable":true,"href":"https:\/\/ha.dkonto.pl\/es\/wp-json\/wp\/v2\/comments?post=6974"}],"version-history":[{"count":0,"href":"https:\/\/ha.dkonto.pl\/es\/wp-json\/wp\/v2\/product\/6974\/revisions"}],"wp:featuredmedia":[{"embeddable":true,"href":"https:\/\/ha.dkonto.pl\/es\/wp-json\/wp\/v2\/media\/7327"}],"wp:attachment":[{"href":"https:\/\/ha.dkonto.pl\/es\/wp-json\/wp\/v2\/media?parent=6974"}],"wp:term":[{"taxonomy":"product_cat","embeddable":true,"href":"https:\/\/ha.dkonto.pl\/es\/wp-json\/wp\/v2\/product_cat?post=6974"},{"taxonomy":"product_tag","embeddable":true,"href":"https:\/\/ha.dkonto.pl\/es\/wp-json\/wp\/v2\/product_tag?post=6974"}],"curies":[{"name":"wp","href":"https:\/\/api.w.org\/{rel}","templated":true}]}}