{"id":6556,"date":"2019-04-09T09:09:30","date_gmt":"2019-04-09T09:09:30","guid":{"rendered":"https:\/\/demo2wpopal.b-cdn.net\/lexrider\/?page_id=3"},"modified":"2025-05-16T12:04:34","modified_gmt":"2025-05-16T10:04:34","slug":"politica-de-privacidad","status":"publish","type":"page","link":"https:\/\/ha.dkonto.pl\/es\/politica-de-privacidad\/","title":{"rendered":"Pol\u00edtica de privacidad"},"content":{"rendered":"<h2 class=\"wp-block-heading\" id=\"h-polityka-prywatnosci-sklepu-www-motorcycle-audio-eu\">POL\u00cdTICA DE PRIVACIDAD DE LA TIENDA motorcycle-audio.eu<\/h2>\n\n\n\n<p class=\"translation-block\">A continuaci\u00f3n encontrar\u00e1 informaci\u00f3n detallada sobre sus datos personales procesados \u200b\u200ben relaci\u00f3n con el uso de la tienda motorcycle-audio.eu<\/p>\n\n\n\n<h3 class=\"wp-block-heading\" id=\"h-1-kto-jest-administratorem-danych-osobowych\">1. \u00bfQui\u00e9n es el responsable del tratamiento de datos personales?<\/h3>\n\n\n\n<p class=\"translation-block\">El responsable del tratamiento, es decir, la entidad que decide c\u00f3mo se utilizan tus datos personales, somos nosotros: MDW ART Mateusz Wojtyra, con sede en \u0141\u00f3d\u017a (93-486) ul. \u0141ukowa 18b lok. U10.<\/p>\n\n\n\n<p>Datos de identificaci\u00f3n: NIP: PL7292509753, REGON: 473245666.<\/p>\n\n\n\n<p class=\"translation-block\">Para cumplir con los mejores est\u00e1ndares, hemos designado un Delegado de Protecci\u00f3n de Datos, con el que se puede contactar en la siguiente direcci\u00f3n de correo electr\u00f3nico: bok@motorcycle-audio.eu<\/p>\n\n\n\n<p>Si desea saber m\u00e1s sobre el tratamiento de sus datos personales:<\/p>\n\n\n\n<ul class=\"wp-block-list\">\n<li>Escriba a la direcci\u00f3n de correo electr\u00f3nico: bok@motorcycle-audio.eu<\/li>\n\n\n\n<li>Llamar: +48&nbsp;531&nbsp;704&nbsp;712<\/li>\n<\/ul>\n\n\n\n<h3 class=\"wp-block-heading\" id=\"h-2-jakie-dane-przetwarzamy-w-jakich-celach-na-jakiej-podstawie-prawnej-oraz-jak-dlugo-je-przechowujemy\">2. \u00bfQu\u00e9 datos procesamos, con qu\u00e9 fines, sobre qu\u00e9 base legal y durante cu\u00e1nto tiempo los almacenamos?<\/h3>\n\n\n\n<p class=\"translation-block\">Debido a que en nuestra tienda utilizamos diversas funciones, tratamos tus datos con distintos fines, bas\u00e1ndonos en diferentes fundamentos jur\u00eddicos y los conservamos durante distintos periodos de tiempo. Con el fin de ofrecerte una informaci\u00f3n lo m\u00e1s clara posible, hemos agrupado estos datos seg\u00fan la finalidad del tratamiento de tu informaci\u00f3n personal.<\/p>\n\n\n\n<p>Los t\u00e9rminos en may\u00fascula tienen el significado que se les da en el reglamento.<\/p>\n\n\n\n<h4 class=\"wp-block-heading\" id=\"h-realizacja-zamowienia-w-naszym-sklepie-internetowym\">PROCESAMIENTO DE PEDIDOS EN NUESTRA TIENDA ONLINE.<\/h4>\n\n\n\n<p><strong>Finalidad del tratamiento:<\/strong>&nbsp;Para poder procesar su pedido en nuestra tienda, procesamos su<br>datos facilitados por usted en el formulario dispuesto a tal efecto. Datos facilitados por<br>En dicho formulario se pone a disposici\u00f3n de socios seleccionados.<\/p>\n\n\n\n<p class=\"translation-block\">Para procesar un pedido en nuestra tienda, procesamos los datos que nos proporciona en el formulario habilitado para tal fin. Estos datos se comparten con socios seleccionados.<\/p>\n\n\n\n<p class=\"translation-block\">Los socios con quienes compartimos sus datos personales determinan de forma independiente los fines y m\u00e9todos de su tratamiento, sin estar sujetos a nuestras instrucciones. Por lo tanto, no nos responsabilizamos de sus acciones u omisiones.<\/p>\n\n\n\n<p class=\"translation-block\">Adem\u00e1s, procesamos datos sobre su actividad en la Plataforma cuando utiliza el servicio, incluidos datos sobre la sesi\u00f3n, su dispositivo y sistema operativo, navegador, ubicaci\u00f3n e identificaci\u00f3n \u00fanica.<\/p>\n\n\n\n<p class=\"translation-block\"><strong>Base legal:<\/strong>&nbsp;Necesidad para la ejecuci\u00f3n de un contrato de servicios de conformidad con las condiciones de uso (art\u00edculo 6(1)(b) del RGPD).<\/p>\n\n\n\n<p class=\"translation-block\">La base legal para el tratamiento de sus datos en determinados casos tambi\u00e9n puede ser nuestro inter\u00e9s leg\u00edtimo (art\u00edculo 6, apartado 1, letra f del RGPD) consistente en<\/p>\n\n\n\n<ul class=\"wp-block-list\">\n<li>Determinar, perseguir y hacer cumplir reclamaciones relacionadas con el uso de nuestros servicios<\/li>\n\n\n\n<li>Considerar quejas, reclamos y solicitudes y responder preguntas con el fin de mejorar la funcionalidad de nuestros servicios y construir relaciones positivas con los clientes.<\/li>\n\n\n\n<li>Evaluar su satisfacci\u00f3n con los servicios que brindamos.\n<ul class=\"wp-block-list\">\n<li><\/li>\n<\/ul>\n<\/li>\n<\/ul>\n\n\n\n<p class=\"translation-block\"><strong>Periodo de conservaci\u00f3n:<\/strong>&nbsp;Durante la duraci\u00f3n del contrato de servicios y, tras su terminaci\u00f3n, durante el tiempo necesario para demostrar la correcci\u00f3n de su ejecuci\u00f3n; este per\u00edodo corresponde al plazo de prescripci\u00f3n de reclamaciones.<\/p>\n\n\n\n<p class=\"translation-block\"><strong>El suministro de sus datos es voluntario.<\/strong> Sin proporcion\u00e1rselos, no podremos completar su pedido.<\/p>\n\n\n\n<h4 class=\"wp-block-heading\" id=\"h-newsletter\">BOLET\u00cdN INFORMATIVO<\/h4>\n\n\n\n<p class=\"translation-block\"><strong>Finalidad del tratamiento:<\/strong> Tratamos sus datos para fines de marketing, que consisten en el env\u00edo de mensajes (newsletters) a su direcci\u00f3n de correo electr\u00f3nico conteniendo informaci\u00f3n sobre nuestra tienda, los servicios que ofrecemos, promociones, descuentos y eventos promocionales.<\/p>\n\n\n\n<p class=\"translation-block\"><strong>Base legal:<\/strong> La base para el tratamiento de sus datos es<\/p>\n\n\n\n<ul class=\"wp-block-list\">\n<li>nuestro inter\u00e9s leg\u00edtimo (art\u00edculo 6(1)(f) del RGPD), consistente en realizar nuestro marketing;<\/li>\n\n\n\n<li>su consentimiento (art\u00edculo 10 de la Ley de prestaci\u00f3n de servicios por medios electr\u00f3nicos y art\u00edculo 172 de la Ley de Telecomunicaciones).<\/li>\n<\/ul>\n\n\n\n<p class=\"translation-block\"><strong>Posibilidad de revocar el consentimiento:<\/strong>\u00a0Puedes revocar en cualquier momento tu consentimiento para el env\u00edo de mensajes a tu direcci\u00f3n de correo electr\u00f3nico. La revocaci\u00f3n de tu consentimiento no afecta a la licitud del tratamiento realizado antes de su revocaci\u00f3n.<\/p>\n\n\n\n<p class=\"translation-block\"><strong>Periodo de retenci\u00f3n:<\/strong> Almacenamos sus datos mientras duren nuestras actividades de marketing, pero no m\u00e1s tiempo que hasta que usted se oponga al procesamiento posterior de sus datos con fines de marketing o retire su consentimiento para enviar mensajes a su direcci\u00f3n de correo electr\u00f3nico.<\/p>\n\n\n\n<p class=\"translation-block\"><strong>El suministro de sus datos es voluntario.<\/strong> Sin \u00e9l no recibir\u00e1 la Newsletter.<\/p>\n\n\n\n<h4 class=\"wp-block-heading\" id=\"h-marketing-naszych-produktow\">COMERCIALIZACI\u00d3N DE NUESTROS PRODUCTOS<\/h4>\n\n\n\n<p class=\"translation-block\"><strong>Finalidad del tratamiento:<\/strong> &nbsp; &nbsp;Tratamos los datos personales que nos facilitas y los datos relativos a tu actividad en nuestra tienda, registrados y almacenados a trav\u00e9s de cookies, incluidos datos relativos a la sesi\u00f3n, tu dispositivo y sistema operativo, navegador, ubicaci\u00f3n e ID \u00fanico.<\/p>\n\n\n\n<p class=\"translation-block\">Para comunicarnos con usted con nuestros mensajes de marketing fuera de nuestra tienda, utilizamos los servicios de proveedores externos. Estos servicios implican mostrar nuestros mensajes de marketing en otros sitios web utilizando informaci\u00f3n sobre su actividad en nuestra tienda.<\/p>\n\n\n\n<p class=\"translation-block\"><strong>Base legal:<\/strong> Nuestro inter\u00e9s leg\u00edtimo (Art\u00edculo 6(1)(f) del RGPD) en<br>realizar nuestro marketing.<\/p>\n\n\n\n<p class=\"translation-block\"><strong>Periodo de almacenamiento:<\/strong> Almacenamos sus datos mientras dura la actividad de marketing, pero no m\u00e1s que el tiempo correspondiente al ciclo de vida de las cookies almacenadas en su dispositivo o hasta que se oponga a un mayor procesamiento de datos para fines de marketing.<\/p>\n\n\n\n<h4 class=\"wp-block-heading\" id=\"h-statystyka-korzystania-ze-sklepu-ulatwienie-korzystania-ze-sklepu-oraz-zapewnienie-bezpieczenstwa-informatycznego\">ESTAD\u00cdSTICAS DE USO DE LA TIENDA, FACILITANDO EL USO DE LA TIENDA Y GARANTIZANDO SU SEGURIDAD<\/h4>\n\n\n\n<p class=\"translation-block\"><strong>Finalidad del tratamiento:<\/strong> Tratamos datos relativos a tu actividad en nuestra tienda, tales como: funciones utilizadas, subp\u00e1ginas visitadas y el tiempo empleado en cada una de ellas, as\u00ed como datos relativos a tu historial de b\u00fasqueda, tu direcci\u00f3n IP, ubicaci\u00f3n, ID del dispositivo y datos relativos al navegador y sistema operativo, datos que se registran y almacenan a trav\u00e9s de cookies.<\/p>\n\n\n\n<p>Procesamos estos datos para perseguir nuestros intereses leg\u00edtimos descritos a continuaci\u00f3n.<\/p>\n\n\n\n<p class=\"translation-block\"><strong>Base legal:<\/strong> Nuestro inter\u00e9s leg\u00edtimo (art\u00edculo 6, apartado 1, letra f del RGPD) consistente en<br>mejorar el funcionamiento de nuestra tienda, facilitar el uso de la tienda y<br>garantizar su seguridad inform\u00e1tica.<\/p>\n\n\n\n<p class=\"translation-block\"><strong>Periodo de almacenamiento:<\/strong> Procesamos sus datos durante un per\u00edodo correspondiente al ciclo de vida de las cookies almacenadas en sus dispositivos.<\/p>\n\n\n\n<h4 class=\"wp-block-heading\" id=\"h-portale-spolecznosciowe\">REDES SOCIALES<\/h4>\n\n\n\n<p class=\"translation-block\"><strong>Finalidad del tratamiento:<\/strong>&nbsp;Tratamos los datos personales que nos facilitas y los datos relativos a tu actividad en nuestros perfiles en redes sociales.<\/p>\n\n\n\n<p class=\"translation-block\"><strong>Base legal:<\/strong> Nuestro inter\u00e9s leg\u00edtimo (Art\u00edculo 6(1)(f) del RGPD) en<br>realizar nuestro marketing.<\/p>\n\n\n\n<p class=\"translation-block\"><strong>Periodo de almacenamiento:<\/strong> Almacenamos sus datos mientras dure la actividad de marketing, pero no m\u00e1s all\u00e1 de hasta que desmarque la opci\u00f3n \"Me gusta\" o \"Seguir\" en nuestros perfiles.<\/p>\n\n\n\n<h3 class=\"wp-block-heading\" id=\"h-3-komu-przekazujemy-twoje-dane\">3. \u00bfA qui\u00e9n cedemos sus datos?<\/h3>\n\n\n\n<h4 class=\"wp-block-heading\" id=\"h-partnerzy\">Fogonadura<\/h4>\n\n\n\n<p class=\"translation-block\">Para procesar un pedido en nuestra tienda, procesamos los datos que nos proporciona en el formulario habilitado para tal fin. Estos datos se comparten con socios seleccionados.<\/p>\n\n\n\n<p class=\"translation-block\">Si usted da su consentimiento correspondiente, su direcci\u00f3n de correo electr\u00f3nico o su n\u00famero de tel\u00e9fono ser\u00e1n transferidos a nuestros Socios para recibir correos electr\u00f3nicos o mensajes SMS o MMS de ellos al n\u00famero de tel\u00e9fono proporcionado por usted, que constituyen informaci\u00f3n de marketing sobre los productos y servicios que ofrecen, o para que se comuniquen con usted por tel\u00e9fono y le brinden dicha informaci\u00f3n por tel\u00e9fono.<\/p>\n\n\n\n<p class=\"translation-block\">Los socios con quienes compartimos sus datos personales determinan de forma independiente los fines y m\u00e9todos de su tratamiento, sin estar sujetos a nuestras instrucciones. Por lo tanto, no nos responsabilizamos de sus acciones u omisiones.<\/p>\n\n\n\n<p>Puede encontrar la lista actual de socios&nbsp;AQU\u00cd.<\/p>\n\n\n\n<h4 class=\"wp-block-heading\" id=\"h-dostawcy-uslug\">Proveedores de servicios<\/h4>\n\n\n\n<p class=\"translation-block\">Transferimos sus datos a los proveedores de servicios que utilizamos para gestionar la Tienda, es decir, servicios en el \u00e1mbito de:<\/p>\n\n\n\n<ul class=\"wp-block-list\">\n<li>alojamiento (computaci\u00f3n en la nube privada);<\/li>\n\n\n\n<li>medir y analizar el tr\u00e1fico del sitio web;<\/li>\n\n\n\n<li>Gestionar campa\u00f1as publicitarias y medir su eficacia.<\/li>\n\n\n\n<li>asegurar los servicios prestados<\/li>\n<\/ul>\n\n\n\n<p class=\"translation-block\">Nuestros proveedores tienen su sede en Polonia y otros pa\u00edses del Espacio Econ\u00f3mico Europeo (EEE), como Irlanda. Sin embargo, algunos proveedores tienen su sede fuera del EEE, es decir, en Estados Unidos. En estos casos, transferimos sus datos en virtud de la Decisi\u00f3n de Ejecuci\u00f3n (UE) 2016\/1250 de la Comisi\u00f3n Europea, de 12 de julio de 2016, por la que se aplica el programa Escudo de la Privacidad. Los datos solo se transferir\u00e1n a entidades certificadas conforme a esta decisi\u00f3n.<\/p>\n\n\n\n<h3 class=\"wp-block-heading\" id=\"h-4-jakie-masz-prawa-zwiazane-z-przetwarzaniem-twoich-danych\">4. \u00bfQu\u00e9 derechos tienes respecto al tratamiento de tus datos?<\/h3>\n\n\n\n<p class=\"translation-block\">Usted tiene derecho a acceder a sus datos personales, rectificarlos, solicitar su supresi\u00f3n, solicitar la limitaci\u00f3n de su tratamiento y oponerse al tratamiento de sus datos personales.<\/p>\n\n\n\n<h3 class=\"wp-block-heading\" id=\"h-5-czy-po-przekazaniu-danych-mozesz-sprzeciwic-sie-ich-przetwarzaniu\">5. \u00bfPuede usted oponerse al tratamiento de sus datos una vez transferidos?<\/h3>\n\n\n\n<p>S\u00ed. Puedes hacerlo en dos situaciones en las que tratamos tus datos:<\/p>\n\n\n\n<ul class=\"wp-block-list\">\n<li>para fines de marketing directo; no es necesario que justifique dicha objeci\u00f3n;<\/li>\n\n\n\n<li>basado en nuestros otros intereses leg\u00edtimos; dicha objeci\u00f3n debe estar justificada por su situaci\u00f3n particular.<\/li>\n<\/ul>\n\n\n\n<h3 class=\"wp-block-heading\" id=\"h-6-co-mozesz-zrobic-jezeli-uwazasz-ze-twoje-dane-sa-przetwarzanie-niezgodnie-z-prawem\">6. \u00bfQu\u00e9 puede hacer si considera que sus datos est\u00e1n siendo tratados de forma il\u00edcita?<\/h3>\n\n\n\n<p class=\"translation-block\">Cont\u00e1ctenos: responderemos sus preguntas o atenderemos cualquier inquietud que pueda tener.<\/p>\n\n\n\n<p class=\"translation-block\">Tambi\u00e9n puede presentar una reclamaci\u00f3n ante la autoridad de control. En Polonia, esta es el Presidente de la Oficina de Protecci\u00f3n de Datos Personales (uodo.gov.pl).<\/p>\n\n\n\n<h3 class=\"wp-block-heading\" id=\"h-7-w-jaki-sposob-dbamy-o-bezpieczenstwo-twoich-danych\">7. \u00bfC\u00f3mo garantizamos la seguridad de sus datos?<\/h3>\n\n\n\n<p class=\"translation-block\">Nos esforzamos al m\u00e1ximo para garantizar la seguridad de sus datos. Nuestra TIENDA utiliza transmisi\u00f3n de datos cifrada (SSL) al transmitir los datos que usted proporciona en los formularios. Esto protege su informaci\u00f3n de identificaci\u00f3n y dificulta considerablemente su interceptaci\u00f3n por parte de personas o sistemas no autorizados.<\/p>\n\n\n\n<h2 class=\"wp-block-heading\" id=\"h-informacja-o-plikach-cookies\">INFORMACI\u00d3N SOBRE COOKIES<\/h2>\n\n\n\n<h3 class=\"wp-block-heading\" id=\"h-1-czym-sa-pliki-cookies\">1. \u00bfQu\u00e9 son las cookies?<\/h3>\n\n\n\n<p class=\"translation-block\">Las cookies son archivos de texto que su navegador web guarda en el disco duro de su computadora u otro dispositivo con el fin de almacenar informaci\u00f3n utilizada para identificarlo o recordar el historial de sus acciones en Internet, incluso en nuestra tienda.<\/p>\n\n\n\n<p class=\"translation-block\">Utilizamos diferentes cookies: se diferencian tanto en su ciclo de vida como en el dominio de Internet del que proceden.<\/p>\n\n\n\n<p class=\"translation-block\">Debido a su ciclo de vida, las cookies se dividen en cookies de sesi\u00f3n (se eliminan cuando se cierra el navegador web) y cookies persistentes (se eliminan despu\u00e9s de un per\u00edodo de tiempo predeterminado, independientemente del cierre del navegador web).<\/p>\n\n\n\n<p class=\"translation-block\">Debido al dominio de Internet del que se originan las cookies, dividimos las cookies en propias (establecidas por los servidores de Internet de nuestra tienda) y de terceros (establecidas por servidores de Internet de sitios web distintos al nuestro).<\/p>\n\n\n\n<h3 class=\"wp-block-heading\" id=\"h-2-po-co-uzywamy-plikow-cookies\">2. \u00bfPor qu\u00e9 utilizamos cookies?<\/h3>\n\n\n\n<p>Utilizamos cookies para:<\/p>\n\n\n\n<ul class=\"wp-block-list\">\n<li>para facilitar y aumentar la comodidad de su uso de nuestra tienda y para garantizar la seguridad del sistema de TI;<\/li>\n\n\n\n<li>contabilizar las visitas a nuestro sitio web, su duraci\u00f3n y determinar qu\u00e9 partes del mismo fueron las m\u00e1s utilizadas o visitadas, lo que nos permite tomar decisiones racionales para mejorar el funcionamiento de nuestro sitio web;<\/li>\n\n\n\n<li>realizar campa\u00f1as de marketing comunic\u00e1ndonos con usted con nuestros mensajes de marketing si ya ha visitado nuestra tienda anteriormente.<\/li>\n<\/ul>\n\n\n\n<h3 class=\"wp-block-heading\" id=\"h-3-czy-mozesz-zarzadzac-plikami-cookies\">3. \u00bfPuedes administrar las cookies?<\/h3>\n\n\n\n<p class=\"translation-block\">S\u00ed. Puede especificar las condiciones para almacenar o acceder a las cookies mediante la configuraci\u00f3n de su navegador web o la configuraci\u00f3n de servicios. En la secci\u00f3n \"Ayuda\" de la barra de men\u00fa de su navegador, encontrar\u00e1 informaci\u00f3n sobre c\u00f3mo rechazar nuevas cookies, eliminar las existentes, solicitar notificaciones de nuevas cookies y bloquearlas.<\/p>\n\n\n\n<p class=\"translation-block\">Sin embargo, debes saber que cambiar la configuraci\u00f3n de tu navegador respecto a las cookies rechazando el almacenamiento de cookies puede ocasionar dificultades o incluso impedirte utilizar nuestra tienda.<\/p>","protected":false},"excerpt":{"rendered":"<p>POLITYKA PRYWATNO\u015aCI SKLEPU motorcycle-audio.eu Poni\u017cej znajdziesz szczeg\u00f3\u0142owe informacje o Twoich danych osobowych przetwarzanych wzwi\u0105zku z korzystaniem ze sklepu motorcycle-audio.eu 1. Kto jest administratorem danych osobowych? Administratorem, czyli podmiotem decyduj\u0105cym o tym w jakim spos\u00f3b b\u0119d\u0105wykorzystywane Twoje dane osobowe jeste\u015bmy my, czyli MDW ART Mateusz Wojtyra zsiedzib\u0105 w \u0141odzi (93-486) przy ul. \u0141ukowej 18b lok. U10&hellip; <\/p>\n<p class=\"link-more\"><a href=\"https:\/\/ha.dkonto.pl\/es\/politica-de-privacidad\/\" class=\"more-link\">Read More <span class=\"screen-reader-text\"> &#8222;Polityka Prywatno\u015bci&#8221;<\/span><\/a><\/p>","protected":false},"author":1,"featured_media":0,"parent":0,"menu_order":0,"comment_status":"closed","ping_status":"closed","template":"","meta":{"_acf_changed":false,"footnotes":""},"class_list":["post-6556","page","type-page","status-publish","hentry"],"acf":[],"yoast_head":"<!-- This site is optimized with the Yoast SEO Premium plugin v25.1 (Yoast SEO v26.0) - https:\/\/yoast.com\/wordpress\/plugins\/seo\/ -->\n<title>Polityka Prywatno\u015bci - Mefiu Motorcycle Audio<\/title>\n<meta name=\"robots\" content=\"noindex, follow, max-snippet:-1, max-image-preview:large, max-video-preview:-1\" \/>\n<meta property=\"og:locale\" content=\"es_ES\" \/>\n<meta property=\"og:type\" content=\"article\" \/>\n<meta property=\"og:title\" content=\"Polityka Prywatno\u015bci\" \/>\n<meta property=\"og:description\" content=\"POLITYKA PRYWATNO\u015aCI SKLEPU motorcycle-audio.eu Poni\u017cej znajdziesz szczeg\u00f3\u0142owe informacje o Twoich danych osobowych przetwarzanych wzwi\u0105zku z korzystaniem ze sklepu motorcycle-audio.eu 1. Kto jest administratorem danych osobowych? Administratorem, czyli podmiotem decyduj\u0105cym o tym w jakim spos\u00f3b b\u0119d\u0105wykorzystywane Twoje dane osobowe jeste\u015bmy my, czyli MDW ART Mateusz Wojtyra zsiedzib\u0105 w \u0141odzi (93-486) przy ul. \u0141ukowej 18b lok. U10&hellip; Read More &quot;Polityka Prywatno\u015bci&quot;\" \/>\n<meta property=\"og:url\" content=\"https:\/\/motorcycle-audio.eu\/polityka-prywatnosci\/\" \/>\n<meta property=\"og:site_name\" content=\"Mefiu Motorcycle Audio\" \/>\n<meta property=\"article:publisher\" content=\"https:\/\/www.facebook.com\/HarleyDavidsonAudio\" \/>\n<meta property=\"article:modified_time\" content=\"2025-05-16T10:04:34+00:00\" \/>\n<meta property=\"og:image\" content=\"https:\/\/ha.dkonto.pl\/wp-content\/uploads\/2023\/01\/logo_200.png\" \/>\n\t<meta property=\"og:image:width\" content=\"200\" \/>\n\t<meta property=\"og:image:height\" content=\"200\" \/>\n\t<meta property=\"og:image:type\" content=\"image\/png\" \/>\n<meta name=\"twitter:card\" content=\"summary_large_image\" \/>\n<meta name=\"twitter:label1\" content=\"Est. reading time\" \/>\n\t<meta name=\"twitter:data1\" content=\"10 minutos\" \/>\n<script type=\"application\/ld+json\" class=\"yoast-schema-graph\">{\"@context\":\"https:\/\/schema.org\",\"@graph\":[{\"@type\":\"WebPage\",\"@id\":\"https:\/\/motorcycle-audio.eu\/polityka-prywatnosci\/\",\"url\":\"https:\/\/motorcycle-audio.eu\/polityka-prywatnosci\/\",\"name\":\"Polityka Prywatno\u015bci - Mefiu Motorcycle Audio\",\"isPartOf\":{\"@id\":\"https:\/\/ha.dkonto.pl\/#website\"},\"datePublished\":\"2019-04-09T09:09:30+00:00\",\"dateModified\":\"2025-05-16T10:04:34+00:00\",\"breadcrumb\":{\"@id\":\"https:\/\/motorcycle-audio.eu\/polityka-prywatnosci\/#breadcrumb\"},\"inLanguage\":\"es\",\"potentialAction\":[{\"@type\":\"ReadAction\",\"target\":[\"https:\/\/motorcycle-audio.eu\/polityka-prywatnosci\/\"]}]},{\"@type\":\"BreadcrumbList\",\"@id\":\"https:\/\/motorcycle-audio.eu\/polityka-prywatnosci\/#breadcrumb\",\"itemListElement\":[{\"@type\":\"ListItem\",\"position\":1,\"name\":\"Strona g\u0142\u00f3wna\",\"item\":\"https:\/\/motorcycle-audio.eu\/\"},{\"@type\":\"ListItem\",\"position\":2,\"name\":\"Polityka Prywatno\u015bci\"}]},{\"@type\":\"WebSite\",\"@id\":\"https:\/\/ha.dkonto.pl\/#website\",\"url\":\"https:\/\/ha.dkonto.pl\/\",\"name\":\"Mefiu Motorcycle Audio\",\"description\":\"Play it loud!\",\"publisher\":{\"@id\":\"https:\/\/ha.dkonto.pl\/#organization\"},\"potentialAction\":[{\"@type\":\"SearchAction\",\"target\":{\"@type\":\"EntryPoint\",\"urlTemplate\":\"https:\/\/ha.dkonto.pl\/?s={search_term_string}\"},\"query-input\":{\"@type\":\"PropertyValueSpecification\",\"valueRequired\":true,\"valueName\":\"search_term_string\"}}],\"inLanguage\":\"es\"},{\"@type\":\"Organization\",\"@id\":\"https:\/\/ha.dkonto.pl\/#organization\",\"name\":\"Mefiu Motorcycle Audio\",\"url\":\"https:\/\/ha.dkonto.pl\/\",\"logo\":{\"@type\":\"ImageObject\",\"inLanguage\":\"es\",\"@id\":\"https:\/\/ha.dkonto.pl\/#\/schema\/logo\/image\/\",\"url\":\"https:\/\/ha.dkonto.pl\/wp-content\/uploads\/2025\/05\/mefiu_logo.png\",\"contentUrl\":\"https:\/\/ha.dkonto.pl\/wp-content\/uploads\/2025\/05\/mefiu_logo.png\",\"width\":150,\"height\":150,\"caption\":\"Mefiu Motorcycle Audio\"},\"image\":{\"@id\":\"https:\/\/ha.dkonto.pl\/#\/schema\/logo\/image\/\"},\"sameAs\":[\"https:\/\/www.facebook.com\/HarleyDavidsonAudio\"]}]}<\/script>\n<!-- \/ Yoast SEO Premium plugin. -->","yoast_head_json":{"title":"Pol\u00edtica de privacidad - Mefiu Motorcycle Audio","robots":{"index":"noindex","follow":"follow","max-snippet":"max-snippet:-1","max-image-preview":"max-image-preview:large","max-video-preview":"max-video-preview:-1"},"og_locale":"es_ES","og_type":"article","og_title":"Polityka Prywatno\u015bci","og_description":"POLITYKA PRYWATNO\u015aCI SKLEPU motorcycle-audio.eu Poni\u017cej znajdziesz szczeg\u00f3\u0142owe informacje o Twoich danych osobowych przetwarzanych wzwi\u0105zku z korzystaniem ze sklepu motorcycle-audio.eu 1. Kto jest administratorem danych osobowych? Administratorem, czyli podmiotem decyduj\u0105cym o tym w jakim spos\u00f3b b\u0119d\u0105wykorzystywane Twoje dane osobowe jeste\u015bmy my, czyli MDW ART Mateusz Wojtyra zsiedzib\u0105 w \u0141odzi (93-486) przy ul. \u0141ukowej 18b lok. U10&hellip; Read More \"Polityka Prywatno\u015bci\"","og_url":"https:\/\/motorcycle-audio.eu\/polityka-prywatnosci\/","og_site_name":"Mefiu Motorcycle Audio","article_publisher":"https:\/\/www.facebook.com\/HarleyDavidsonAudio","article_modified_time":"2025-05-16T10:04:34+00:00","og_image":[{"width":200,"height":200,"url":"https:\/\/ha.dkonto.pl\/wp-content\/uploads\/2023\/01\/logo_200.png","type":"image\/png"}],"twitter_card":"summary_large_image","twitter_misc":{"Est. reading time":"10 minutos"},"schema":{"@context":"https:\/\/schema.org","@graph":[{"@type":"WebPage","@id":"https:\/\/motorcycle-audio.eu\/polityka-prywatnosci\/","url":"https:\/\/motorcycle-audio.eu\/polityka-prywatnosci\/","name":"Pol\u00edtica de privacidad - Mefiu Motorcycle Audio","isPartOf":{"@id":"https:\/\/ha.dkonto.pl\/#website"},"datePublished":"2019-04-09T09:09:30+00:00","dateModified":"2025-05-16T10:04:34+00:00","breadcrumb":{"@id":"https:\/\/motorcycle-audio.eu\/polityka-prywatnosci\/#breadcrumb"},"inLanguage":"es","potentialAction":[{"@type":"ReadAction","target":["https:\/\/motorcycle-audio.eu\/polityka-prywatnosci\/"]}]},{"@type":"BreadcrumbList","@id":"https:\/\/motorcycle-audio.eu\/polityka-prywatnosci\/#breadcrumb","itemListElement":[{"@type":"ListItem","position":1,"name":"Strona g\u0142\u00f3wna","item":"https:\/\/motorcycle-audio.eu\/"},{"@type":"ListItem","position":2,"name":"Polityka Prywatno\u015bci"}]},{"@type":"WebSite","@id":"https:\/\/ha.dkonto.pl\/#website","url":"https:\/\/ha.dkonto.pl\/","name":"Mefiu Motorcycle Audio","description":"Play it loud!","publisher":{"@id":"https:\/\/ha.dkonto.pl\/#organization"},"potentialAction":[{"@type":"SearchAction","target":{"@type":"EntryPoint","urlTemplate":"https:\/\/ha.dkonto.pl\/?s={search_term_string}"},"query-input":{"@type":"PropertyValueSpecification","valueRequired":true,"valueName":"search_term_string"}}],"inLanguage":"es"},{"@type":"Organization","@id":"https:\/\/ha.dkonto.pl\/#organization","name":"Mefiu Motorcycle Audio","url":"https:\/\/ha.dkonto.pl\/","logo":{"@type":"ImageObject","inLanguage":"es","@id":"https:\/\/ha.dkonto.pl\/#\/schema\/logo\/image\/","url":"https:\/\/ha.dkonto.pl\/wp-content\/uploads\/2025\/05\/mefiu_logo.png","contentUrl":"https:\/\/ha.dkonto.pl\/wp-content\/uploads\/2025\/05\/mefiu_logo.png","width":150,"height":150,"caption":"Mefiu Motorcycle Audio"},"image":{"@id":"https:\/\/ha.dkonto.pl\/#\/schema\/logo\/image\/"},"sameAs":["https:\/\/www.facebook.com\/HarleyDavidsonAudio"]}]}},"jetpack_sharing_enabled":true,"_links":{"self":[{"href":"https:\/\/ha.dkonto.pl\/es\/wp-json\/wp\/v2\/pages\/6556","targetHints":{"allow":["GET"]}}],"collection":[{"href":"https:\/\/ha.dkonto.pl\/es\/wp-json\/wp\/v2\/pages"}],"about":[{"href":"https:\/\/ha.dkonto.pl\/es\/wp-json\/wp\/v2\/types\/page"}],"author":[{"embeddable":true,"href":"https:\/\/ha.dkonto.pl\/es\/wp-json\/wp\/v2\/users\/1"}],"replies":[{"embeddable":true,"href":"https:\/\/ha.dkonto.pl\/es\/wp-json\/wp\/v2\/comments?post=6556"}],"version-history":[{"count":1,"href":"https:\/\/ha.dkonto.pl\/es\/wp-json\/wp\/v2\/pages\/6556\/revisions"}],"predecessor-version":[{"id":8673,"href":"https:\/\/ha.dkonto.pl\/es\/wp-json\/wp\/v2\/pages\/6556\/revisions\/8673"}],"wp:attachment":[{"href":"https:\/\/ha.dkonto.pl\/es\/wp-json\/wp\/v2\/media?parent=6556"}],"curies":[{"name":"wp","href":"https:\/\/api.w.org\/{rel}","templated":true}]}}