{"id":8703,"date":"2025-05-20T10:50:49","date_gmt":"2025-05-20T08:50:49","guid":{"rendered":"https:\/\/motorcycle-audio.eu\/?post_type=product&#038;p=8703"},"modified":"2025-05-20T10:54:32","modified_gmt":"2025-05-20T08:54:32","slug":"cardo-packtalk-pro-intercom","status":"publish","type":"product","link":"https:\/\/ha.dkonto.pl\/en\/shop\/intercoms\/cardo-packtalk-pro-intercom\/","title":{"rendered":"Cardo Packtalk PRO Intercom"},"content":{"rendered":"<p class=\"translation-block\">Meet the <strong>Packtalk PRO<\/strong> \u2013 the most innovative motorcycle intercom that cares not only about your connectivity but also your safety. With its accident detection system, sensors analyze the forces acting on your head and automatically send an emergency alert if needed. This discreet feature can save your life at the most critical moment. The new auto on\/off function automatically powers the device on and off, conserving battery and extending operating time.<\/p>\n<p class=\"translation-block\"><strong>Packtalk PRO<\/strong> also delivers top-tier sound quality with 45 mm JBL speakers making a grand return, offering powerful audio and a full frequency range. It\u2019s powered by second-generation DMC technology, enabling up to 15 riders to connect in one group with unmatched clarity and self-healing connections. Voice control allows complete hands-free operation \u2013 just speak, and it responds.<\/p>\n<p class=\"translation-block\">The sleek, matte-black casing of the <strong>Packtalk PRO<\/strong> combines minimalism with style. The magnetic Air Mount ensures easy and secure attachment, while the IP67-certified waterproofing makes it resistant to rain, mud, and snow. The device also offers universal connectivity with Bluetooth sets from other brands, making it a versatile choice for any rider. <strong>Packtalk PRO<\/strong> \u2013 technology that makes a difference.<\/p>\n<h3>Specification<\/h3>\n<table class=\"dn-product-specs-table\">\n<tbody>\n<tr>\n<td class=\"text-bold\" colspan=\"2\">General<\/td>\n<\/tr>\n<tr>\n<td>Compatibility<\/td>\n<td>fits most helmets on the market<\/td>\n<\/tr>\n<tr>\n<td>Operating temperature range<\/td>\n<td>from -20\u00baC to 55\u00baC<\/td>\n<\/tr>\n<tr>\n<td>FM Radio<\/td>\n<td>\n<ul>\n<li>frequency 76-108MHz<\/li>\n<li>RDS \u2013 Radio Data System<\/li>\n<li>ability to program 6 stations<\/li>\n<\/ul>\n<\/td>\n<\/tr>\n<tr>\n<td>Software updates<\/td>\n<td>\n<ul>\n<li>Over-the-air update<\/li>\n<li>USB cable for updating<\/li>\n<\/ul>\n<\/td>\n<\/tr>\n<tr>\n<td>Device personalization<\/td>\n<td>Cardo Connect app<\/td>\n<\/tr>\n<tr>\n<td class=\"text-bold\" colspan=\"2\">Intercom<\/td>\n<\/tr>\n<tr>\n<td>Connectivity<\/td>\n<td>\n<ul>\n<li>2 channels for mobile phone and GPS connection<\/li>\n<li>Second generation DMC technology<\/li>\n<li>Bluetooth 5.2<\/li>\n<li>Compatible with most TFT displays<\/li>\n<\/ul>\n<\/td>\n<\/tr>\n<tr>\n<td>Intercom<\/td>\n<td>\n<ul class=\"m-0\">\n<li>Second generation DMC intercom<\/li>\n<li>Reconnect function<\/li>\n<li>Universal Bluetooth Intercom<\/li>\n<li>Group size: up to 15 motorcyclists<\/li>\n<li>Rider-to-rider range: up to 1.6 km<\/li>\n<li>GVWR group range: up to 8km<\/li>\n<li>Road incident detection system<\/li>\n<li>Auto on\/off system<\/li>\n<\/ul>\n<\/td>\n<\/tr>\n<tr>\n<td>Interface<\/td>\n<td>\n<ul>\n<li>Voice control<\/li>\n<li>Messages in multiple languages<\/li>\n<\/ul>\n<\/td>\n<\/tr>\n<tr>\n<td>Central unit<\/td>\n<td>\n<ul class=\"m-0\">\n<li>height: 46mm<\/li>\n<li>length: 84mm<\/li>\n<li>width: 23mm<\/li>\n<li>weight: 47g<\/li>\n<\/ul>\n<\/td>\n<\/tr>\n<tr>\n<td>Audio<\/td>\n<td>\n<ul class=\"m-0\">\n<li>JBL speakers: diameter: 45mm | width: 10mm<\/li>\n<li>automatic volume control<\/li>\n<li>JBL audio profiles<\/li>\n<\/ul>\n<\/td>\n<\/tr>\n<tr>\n<td>Water resistance<\/td>\n<td>fully waterproof<\/td>\n<\/tr>\n<tr>\n<td>Battery<\/td>\n<td>\n<ul class=\"m-0\">\n<li>talk time: 13 hours<\/li>\n<li>standby time: 10 days<\/li>\n<li>charging time: 2 hours<\/li>\n<li>charging speed: 2 hours of talk time after 20 minutes of charging<\/li>\n<\/ul>\n<\/td>\n<\/tr>\n<tr>\n<td>Certificates<\/td>\n<td>\n<ul class=\"m-0\">\n<li>CE<\/li>\n<li>FCC \/ IC<\/li>\n<li>SIG BT<\/li>\n<li>TELEC<\/li>\n<li>UKCA<\/li>\n<\/ul>\n<\/td>\n<\/tr>\n<\/tbody>\n<\/table>","protected":false},"excerpt":{"rendered":"<p>Meet Packtalk PRO \u2013 the most innovative motorcycle intercom that not only ensures your connectivity but also your safety. It features a road incident detection system, auto on\/off function, and 45mm JBL speakers. It allows up to 15 riders to connect.<\/p>","protected":false},"featured_media":8706,"comment_status":"closed","ping_status":"closed","template":"","meta":{"_acf_changed":false},"product_cat":[84],"product_tag":[],"class_list":{"0":"post-8703","1":"product","2":"type-product","3":"status-publish","4":"has-post-thumbnail","6":"product_brand-cardo","7":"product_cat-interkomy","9":"first","10":"instock","11":"taxable","12":"shipping-taxable","13":"purchasable","14":"product-type-simple"},"acf":[],"yoast_head":"<!-- This site is optimized with the Yoast SEO Premium plugin v25.1 (Yoast SEO v26.0) - https:\/\/yoast.com\/wordpress\/plugins\/seo\/ -->\n<title>Interkom Cardo Packtalk PRO - Mefiu Motorcycle Audio<\/title>\n<meta name=\"robots\" content=\"noindex, follow, max-snippet:-1, max-image-preview:large, max-video-preview:-1\" \/>\n<meta property=\"og:locale\" content=\"en_GB\" \/>\n<meta property=\"og:type\" content=\"article\" \/>\n<meta property=\"og:title\" content=\"Interkom Cardo Packtalk PRO\" \/>\n<meta property=\"og:description\" content=\"Poznaj Packtalk PRO \u2013 najbardziej innowacyjny interkom motocyklowy, kt\u00f3ry dba nie tylko o Twoj\u0105 \u0142\u0105czno\u015b\u0107, ale te\u017c o bezpiecze\u0144stwo. Posiada system wykrywania zdarze\u0144 drogowych, funkcj\u0119 auto on\/off, g\u0142o\u015bniki JBL 45mm. Umo\u017cliwia po\u0142\u0105czenie do 15 motocyklist\u00f3w.\" \/>\n<meta property=\"og:url\" content=\"https:\/\/motorcycle-audio.eu\/sklep\/interkomy\/interkom-cardo-packtalk-pro\/\" \/>\n<meta property=\"og:site_name\" content=\"Mefiu Motorcycle Audio\" \/>\n<meta property=\"article:publisher\" content=\"https:\/\/www.facebook.com\/HarleyDavidsonAudio\" \/>\n<meta property=\"article:modified_time\" content=\"2025-05-20T08:54:32+00:00\" \/>\n<meta property=\"og:image\" content=\"https:\/\/motorcycle-audio.eu\/wp-content\/uploads\/2025\/05\/packtalk_pro_1.png\" \/>\n\t<meta property=\"og:image:width\" content=\"500\" \/>\n\t<meta property=\"og:image:height\" content=\"500\" \/>\n\t<meta property=\"og:image:type\" content=\"image\/png\" \/>\n<meta name=\"twitter:card\" content=\"summary_large_image\" \/>\n<meta name=\"twitter:label1\" content=\"Est. reading time\" \/>\n\t<meta name=\"twitter:data1\" content=\"3 minutes\" \/>\n<script type=\"application\/ld+json\" class=\"yoast-schema-graph\">{\"@context\":\"https:\/\/schema.org\",\"@graph\":[{\"@type\":\"WebPage\",\"@id\":\"https:\/\/motorcycle-audio.eu\/sklep\/interkomy\/interkom-cardo-packtalk-pro\/\",\"url\":\"https:\/\/motorcycle-audio.eu\/sklep\/interkomy\/interkom-cardo-packtalk-pro\/\",\"name\":\"Interkom Cardo Packtalk PRO - Mefiu Motorcycle Audio\",\"isPartOf\":{\"@id\":\"https:\/\/ha.dkonto.pl\/#website\"},\"primaryImageOfPage\":{\"@id\":\"https:\/\/motorcycle-audio.eu\/sklep\/interkomy\/interkom-cardo-packtalk-pro\/#primaryimage\"},\"image\":{\"@id\":\"https:\/\/motorcycle-audio.eu\/sklep\/interkomy\/interkom-cardo-packtalk-pro\/#primaryimage\"},\"thumbnailUrl\":\"https:\/\/ha.dkonto.pl\/wp-content\/uploads\/2025\/05\/packtalk_pro_1.png\",\"datePublished\":\"2025-05-20T08:50:49+00:00\",\"dateModified\":\"2025-05-20T08:54:32+00:00\",\"breadcrumb\":{\"@id\":\"https:\/\/motorcycle-audio.eu\/sklep\/interkomy\/interkom-cardo-packtalk-pro\/#breadcrumb\"},\"inLanguage\":\"en-GB\",\"potentialAction\":[{\"@type\":\"ReadAction\",\"target\":[\"https:\/\/motorcycle-audio.eu\/sklep\/interkomy\/interkom-cardo-packtalk-pro\/\"]}]},{\"@type\":\"ImageObject\",\"inLanguage\":\"en-GB\",\"@id\":\"https:\/\/motorcycle-audio.eu\/sklep\/interkomy\/interkom-cardo-packtalk-pro\/#primaryimage\",\"url\":\"https:\/\/ha.dkonto.pl\/wp-content\/uploads\/2025\/05\/packtalk_pro_1.png\",\"contentUrl\":\"https:\/\/ha.dkonto.pl\/wp-content\/uploads\/2025\/05\/packtalk_pro_1.png\",\"width\":500,\"height\":500,\"caption\":\"Interkom Cardo\"},{\"@type\":\"BreadcrumbList\",\"@id\":\"https:\/\/motorcycle-audio.eu\/sklep\/interkomy\/interkom-cardo-packtalk-pro\/#breadcrumb\",\"itemListElement\":[{\"@type\":\"ListItem\",\"position\":1,\"name\":\"Strona g\u0142\u00f3wna\",\"item\":\"https:\/\/motorcycle-audio.eu\/\"},{\"@type\":\"ListItem\",\"position\":2,\"name\":\"Sklep\",\"item\":\"https:\/\/motorcycle-audio.eu\/sklep\/\"},{\"@type\":\"ListItem\",\"position\":3,\"name\":\"Interkom Cardo Packtalk PRO\"}]},{\"@type\":\"WebSite\",\"@id\":\"https:\/\/ha.dkonto.pl\/#website\",\"url\":\"https:\/\/ha.dkonto.pl\/\",\"name\":\"Mefiu Motorcycle Audio\",\"description\":\"Play it loud!\",\"publisher\":{\"@id\":\"https:\/\/ha.dkonto.pl\/#organization\"},\"potentialAction\":[{\"@type\":\"SearchAction\",\"target\":{\"@type\":\"EntryPoint\",\"urlTemplate\":\"https:\/\/ha.dkonto.pl\/?s={search_term_string}\"},\"query-input\":{\"@type\":\"PropertyValueSpecification\",\"valueRequired\":true,\"valueName\":\"search_term_string\"}}],\"inLanguage\":\"en-GB\"},{\"@type\":\"Organization\",\"@id\":\"https:\/\/ha.dkonto.pl\/#organization\",\"name\":\"Mefiu Motorcycle Audio\",\"url\":\"https:\/\/ha.dkonto.pl\/\",\"logo\":{\"@type\":\"ImageObject\",\"inLanguage\":\"en-GB\",\"@id\":\"https:\/\/ha.dkonto.pl\/#\/schema\/logo\/image\/\",\"url\":\"https:\/\/ha.dkonto.pl\/wp-content\/uploads\/2025\/05\/mefiu_logo.png\",\"contentUrl\":\"https:\/\/ha.dkonto.pl\/wp-content\/uploads\/2025\/05\/mefiu_logo.png\",\"width\":150,\"height\":150,\"caption\":\"Mefiu Motorcycle Audio\"},\"image\":{\"@id\":\"https:\/\/ha.dkonto.pl\/#\/schema\/logo\/image\/\"},\"sameAs\":[\"https:\/\/www.facebook.com\/HarleyDavidsonAudio\"]}]}<\/script>\n<!-- \/ Yoast SEO Premium plugin. -->","yoast_head_json":{"title":"Cardo Packtalk PRO intercom - Mefiu Motorcycle Audio","robots":{"index":"noindex","follow":"follow","max-snippet":"max-snippet:-1","max-image-preview":"max-image-preview:large","max-video-preview":"max-video-preview:-1"},"og_locale":"en_GB","og_type":"article","og_title":"Interkom Cardo Packtalk PRO","og_description":"Poznaj Packtalk PRO \u2013 najbardziej innowacyjny interkom motocyklowy, kt\u00f3ry dba nie tylko o Twoj\u0105 \u0142\u0105czno\u015b\u0107, ale te\u017c o bezpiecze\u0144stwo. Posiada system wykrywania zdarze\u0144 drogowych, funkcj\u0119 auto on\/off, g\u0142o\u015bniki JBL 45mm. Umo\u017cliwia po\u0142\u0105czenie do 15 motocyklist\u00f3w.","og_url":"https:\/\/motorcycle-audio.eu\/sklep\/interkomy\/interkom-cardo-packtalk-pro\/","og_site_name":"Mefiu Motorcycle Audio","article_publisher":"https:\/\/www.facebook.com\/HarleyDavidsonAudio","article_modified_time":"2025-05-20T08:54:32+00:00","og_image":[{"width":500,"height":500,"url":"https:\/\/motorcycle-audio.eu\/wp-content\/uploads\/2025\/05\/packtalk_pro_1.png","type":"image\/png"}],"twitter_card":"summary_large_image","twitter_misc":{"Est. reading time":"3 minutes"},"schema":{"@context":"https:\/\/schema.org","@graph":[{"@type":"WebPage","@id":"https:\/\/motorcycle-audio.eu\/sklep\/interkomy\/interkom-cardo-packtalk-pro\/","url":"https:\/\/motorcycle-audio.eu\/sklep\/interkomy\/interkom-cardo-packtalk-pro\/","name":"Cardo Packtalk PRO intercom - Mefiu Motorcycle Audio","isPartOf":{"@id":"https:\/\/ha.dkonto.pl\/#website"},"primaryImageOfPage":{"@id":"https:\/\/motorcycle-audio.eu\/sklep\/interkomy\/interkom-cardo-packtalk-pro\/#primaryimage"},"image":{"@id":"https:\/\/motorcycle-audio.eu\/sklep\/interkomy\/interkom-cardo-packtalk-pro\/#primaryimage"},"thumbnailUrl":"https:\/\/ha.dkonto.pl\/wp-content\/uploads\/2025\/05\/packtalk_pro_1.png","datePublished":"2025-05-20T08:50:49+00:00","dateModified":"2025-05-20T08:54:32+00:00","breadcrumb":{"@id":"https:\/\/motorcycle-audio.eu\/sklep\/interkomy\/interkom-cardo-packtalk-pro\/#breadcrumb"},"inLanguage":"en-GB","potentialAction":[{"@type":"ReadAction","target":["https:\/\/motorcycle-audio.eu\/sklep\/interkomy\/interkom-cardo-packtalk-pro\/"]}]},{"@type":"ImageObject","inLanguage":"en-GB","@id":"https:\/\/motorcycle-audio.eu\/sklep\/interkomy\/interkom-cardo-packtalk-pro\/#primaryimage","url":"https:\/\/ha.dkonto.pl\/wp-content\/uploads\/2025\/05\/packtalk_pro_1.png","contentUrl":"https:\/\/ha.dkonto.pl\/wp-content\/uploads\/2025\/05\/packtalk_pro_1.png","width":500,"height":500,"caption":"Interkom Cardo"},{"@type":"BreadcrumbList","@id":"https:\/\/motorcycle-audio.eu\/sklep\/interkomy\/interkom-cardo-packtalk-pro\/#breadcrumb","itemListElement":[{"@type":"ListItem","position":1,"name":"Strona g\u0142\u00f3wna","item":"https:\/\/motorcycle-audio.eu\/"},{"@type":"ListItem","position":2,"name":"Sklep","item":"https:\/\/motorcycle-audio.eu\/sklep\/"},{"@type":"ListItem","position":3,"name":"Interkom Cardo Packtalk PRO"}]},{"@type":"WebSite","@id":"https:\/\/ha.dkonto.pl\/#website","url":"https:\/\/ha.dkonto.pl\/","name":"Mefiu Motorcycle Audio","description":"Play it loud!","publisher":{"@id":"https:\/\/ha.dkonto.pl\/#organization"},"potentialAction":[{"@type":"SearchAction","target":{"@type":"EntryPoint","urlTemplate":"https:\/\/ha.dkonto.pl\/?s={search_term_string}"},"query-input":{"@type":"PropertyValueSpecification","valueRequired":true,"valueName":"search_term_string"}}],"inLanguage":"en-GB"},{"@type":"Organization","@id":"https:\/\/ha.dkonto.pl\/#organization","name":"Mefiu Motorcycle Audio","url":"https:\/\/ha.dkonto.pl\/","logo":{"@type":"ImageObject","inLanguage":"en-GB","@id":"https:\/\/ha.dkonto.pl\/#\/schema\/logo\/image\/","url":"https:\/\/ha.dkonto.pl\/wp-content\/uploads\/2025\/05\/mefiu_logo.png","contentUrl":"https:\/\/ha.dkonto.pl\/wp-content\/uploads\/2025\/05\/mefiu_logo.png","width":150,"height":150,"caption":"Mefiu Motorcycle Audio"},"image":{"@id":"https:\/\/ha.dkonto.pl\/#\/schema\/logo\/image\/"},"sameAs":["https:\/\/www.facebook.com\/HarleyDavidsonAudio"]}]}},"jetpack_sharing_enabled":true,"_links":{"self":[{"href":"https:\/\/ha.dkonto.pl\/en\/wp-json\/wp\/v2\/product\/8703","targetHints":{"allow":["GET"]}}],"collection":[{"href":"https:\/\/ha.dkonto.pl\/en\/wp-json\/wp\/v2\/product"}],"about":[{"href":"https:\/\/ha.dkonto.pl\/en\/wp-json\/wp\/v2\/types\/product"}],"replies":[{"embeddable":true,"href":"https:\/\/ha.dkonto.pl\/en\/wp-json\/wp\/v2\/comments?post=8703"}],"version-history":[{"count":6,"href":"https:\/\/ha.dkonto.pl\/en\/wp-json\/wp\/v2\/product\/8703\/revisions"}],"predecessor-version":[{"id":8718,"href":"https:\/\/ha.dkonto.pl\/en\/wp-json\/wp\/v2\/product\/8703\/revisions\/8718"}],"wp:featuredmedia":[{"embeddable":true,"href":"https:\/\/ha.dkonto.pl\/en\/wp-json\/wp\/v2\/media\/8706"}],"wp:attachment":[{"href":"https:\/\/ha.dkonto.pl\/en\/wp-json\/wp\/v2\/media?parent=8703"}],"wp:term":[{"taxonomy":"product_cat","embeddable":true,"href":"https:\/\/ha.dkonto.pl\/en\/wp-json\/wp\/v2\/product_cat?post=8703"},{"taxonomy":"product_tag","embeddable":true,"href":"https:\/\/ha.dkonto.pl\/en\/wp-json\/wp\/v2\/product_tag?post=8703"}],"curies":[{"name":"wp","href":"https:\/\/api.w.org\/{rel}","templated":true}]}}