{"id":8692,"date":"2025-05-20T10:49:50","date_gmt":"2025-05-20T08:49:50","guid":{"rendered":"https:\/\/motorcycle-audio.eu\/?post_type=product&#038;p=8692"},"modified":"2025-05-20T10:55:15","modified_gmt":"2025-05-20T08:55:15","slug":"cardo-packtalk-neo-duo-intercom","status":"publish","type":"product","link":"https:\/\/ha.dkonto.pl\/en\/shop\/intercoms\/cardo-packtalk-neo-duo-intercom\/","title":{"rendered":"Cardo Packtalk Neo Duo intercom"},"content":{"rendered":"<p class=\"translation-block\"><strong>PACKTALK NEO<\/strong> \u2013 an advanced motorcycle intercom equipped with the second generation of Dynamic Mesh Communication (DMC) technology. It enables seamless communication for <strong>up to 15 riders over a distance of up to 8 km<\/strong>, ensuring top call quality, easy group formation, and private chats. Thanks to its self-healing connection, the intercom adapts to riding dynamics, guaranteeing stable connectivity regardless of conditions. <strong>The IP67-rated design provides complete waterproof protection<\/strong>, while the built-in FM radio, GPS functions, and Over The Air update capability make it an indispensable companion for every ride.<\/p>\n<p class=\"translation-block\">The sound is delivered by <strong>powerful 40 mm JBL speakers<\/strong>, designed for maximum audio impact, supported by three optimized audio profiles and an enhanced music processor. \u201cHey Cardo\u201d voice control allows hands-free operation, increasing safety while riding. Automatic volume adjustment adapts the sound to your surroundings, and the music streaming feature lets you enjoy your favorite tracks on the road. The device also offers universal connectivity with Bluetooth sets from other brands and the ability to switch phone calls to intercom mode.<\/p>\n<p class=\"translation-block\"><strong>PACKTALK NEO<\/strong> also offers practical features: fast USB-C charging (20 minutes = up to 2 hours of talk time), a convenient control wheel, and a robust design covered by a 2-year warranty. All of this makes it the perfect choice for riders seeking reliable communication and full functionality on the road.<\/p>\n<table class=\"dn-product-specs-table\">\n<tbody>\n<tr>\n<td class=\"text-bold\" colspan=\"2\">General<\/td>\n<\/tr>\n<tr>\n<td>Compatibility<\/td>\n<td>fits most helmets on the market<\/td>\n<\/tr>\n<tr>\n<td>Operating temperature range<\/td>\n<td>from -20\u00baC to 55\u00baC<\/td>\n<\/tr>\n<tr>\n<td>FM Radio<\/td>\n<td>\n<ul>\n<li>frequency 76-108MHz<\/li>\n<li>RDS \u2013 Radio Data System<\/li>\n<li>ability to program 6 stations<\/li>\n<\/ul>\n<\/td>\n<\/tr>\n<tr>\n<td>Software updates<\/td>\n<td>\n<ul>\n<li>Over-the-air update<\/li>\n<li>USB cable for updating<\/li>\n<\/ul>\n<\/td>\n<\/tr>\n<tr>\n<td>Device personalization<\/td>\n<td>Cardo Connect app<\/td>\n<\/tr>\n<tr>\n<td class=\"text-bold\" colspan=\"2\">Intercom<\/td>\n<\/tr>\n<tr>\n<td>Connectivity<\/td>\n<td>\n<ul>\n<li>2 channels for mobile phone and GPS connection<\/li>\n<li>Second generation DMC technology<\/li>\n<li>Bluetooth 5.2<\/li>\n<li>Universal connectivity<\/li>\n<li>Compatible with most TFT displays<\/li>\n<\/ul>\n<\/td>\n<\/tr>\n<tr>\n<td>Intercom<\/td>\n<td>\n<ul class=\"m-0\">\n<li>Second generation DMC intercom<\/li>\n<li>Reconnect function<\/li>\n<li>Live Bluetooth audio HD intercom<\/li>\n<li>Universal Bluetooth Intercom<\/li>\n<li>Group size: up to 15 motorcyclists<\/li>\n<li>Rider-to-rider range: up to 1.6 km<\/li>\n<li>GVWR group range: up to 8km<\/li>\n<\/ul>\n<\/td>\n<\/tr>\n<tr>\n<td>Interface<\/td>\n<td>\n<ul>\n<li>Voice control<\/li>\n<li>Messages in multiple languages<\/li>\n<\/ul>\n<\/td>\n<\/tr>\n<tr>\n<td>Central unit<\/td>\n<td>\n<ul class=\"m-0\">\n<li>height: 46mm<\/li>\n<li>length: 84mm<\/li>\n<li>width: 23mm<\/li>\n<li>weight: 47g<\/li>\n<\/ul>\n<\/td>\n<\/tr>\n<tr>\n<td>Audio<\/td>\n<td>\n<ul class=\"m-0\">\n<li>JBL speakers: diameter: 40mm | width: 10mm<\/li>\n<li>automatic volume control<\/li>\n<li>JBL audio profiles<\/li>\n<\/ul>\n<\/td>\n<\/tr>\n<tr>\n<td>Water resistance<\/td>\n<td>fully waterproof<\/td>\n<\/tr>\n<tr>\n<td>Battery<\/td>\n<td>\n<ul class=\"m-0\">\n<li>talk time: 13 hours<\/li>\n<li>standby time: 10 days<\/li>\n<li>charging time: 2 hours<\/li>\n<li>charging speed: 2 hours of talk time after 20 minutes of charging<\/li>\n<\/ul>\n<\/td>\n<\/tr>\n<tr>\n<td>Certificates<\/td>\n<td>\n<ul class=\"m-0\">\n<li>CE<\/li>\n<li>FCC \/ IC<\/li>\n<li>SIG BT<\/li>\n<li>TELEC<\/li>\n<li>UKCA<\/li>\n<\/ul>\n<\/td>\n<\/tr>\n<\/tbody>\n<\/table>","protected":false},"excerpt":{"rendered":"<p>An advanced motorcycle intercom equipped with second-generation Dynamic Mesh Communication (DMC) technology. It enables seamless communication between up to 15 riders at a distance of up to 8 km, ensuring the highest call quality. Two-device set.<\/p>","protected":false},"featured_media":8693,"comment_status":"closed","ping_status":"closed","template":"","meta":{"_acf_changed":false},"product_cat":[84],"product_tag":[],"class_list":{"0":"post-8692","1":"product","2":"type-product","3":"status-publish","4":"has-post-thumbnail","6":"product_brand-cardo","7":"product_cat-interkomy","9":"first","10":"instock","11":"taxable","12":"shipping-taxable","13":"purchasable","14":"product-type-simple"},"acf":[],"yoast_head":"<!-- This site is optimized with the Yoast SEO Premium plugin v25.1 (Yoast SEO v26.0) - https:\/\/yoast.com\/wordpress\/plugins\/seo\/ -->\n<title>Interkom Cardo Packtalk Neo Duo - Mefiu Motorcycle Audio<\/title>\n<meta name=\"robots\" content=\"noindex, follow, max-snippet:-1, max-image-preview:large, max-video-preview:-1\" \/>\n<meta property=\"og:locale\" content=\"en_GB\" \/>\n<meta property=\"og:type\" content=\"article\" \/>\n<meta property=\"og:title\" content=\"Interkom Cardo Packtalk Neo Duo\" \/>\n<meta property=\"og:description\" content=\"Zaawansowany interkom motocyklowy wyposa\u017cony w drug\u0105 generacj\u0119 technologii Dynamic Mesh Communication (DMC). Umo\u017cliwia bezproblemow\u0105 komunikacj\u0119 nawet 15 motocyklist\u00f3w na dystansie do 8 km, zapewniaj\u0105c najwy\u017csz\u0105 jako\u015b\u0107 rozm\u00f3w. Zestaw dw\u00f3ch urz\u0105dze\u0144.\" \/>\n<meta property=\"og:url\" content=\"https:\/\/motorcycle-audio.eu\/sklep\/interkomy\/interkom-cardo-packtalk-neo-duo\/\" \/>\n<meta property=\"og:site_name\" content=\"Mefiu Motorcycle Audio\" \/>\n<meta property=\"article:publisher\" content=\"https:\/\/www.facebook.com\/HarleyDavidsonAudio\" \/>\n<meta property=\"article:modified_time\" content=\"2025-05-20T08:55:15+00:00\" \/>\n<meta property=\"og:image\" content=\"https:\/\/motorcycle-audio.eu\/wp-content\/uploads\/2025\/05\/packtalk_neo_duo.jpg\" \/>\n\t<meta property=\"og:image:width\" content=\"500\" \/>\n\t<meta property=\"og:image:height\" content=\"500\" \/>\n\t<meta property=\"og:image:type\" content=\"image\/jpeg\" \/>\n<meta name=\"twitter:card\" content=\"summary_large_image\" \/>\n<meta name=\"twitter:label1\" content=\"Est. reading time\" \/>\n\t<meta name=\"twitter:data1\" content=\"3 minutes\" \/>\n<script type=\"application\/ld+json\" class=\"yoast-schema-graph\">{\"@context\":\"https:\/\/schema.org\",\"@graph\":[{\"@type\":\"WebPage\",\"@id\":\"https:\/\/motorcycle-audio.eu\/sklep\/interkomy\/interkom-cardo-packtalk-neo-duo\/\",\"url\":\"https:\/\/motorcycle-audio.eu\/sklep\/interkomy\/interkom-cardo-packtalk-neo-duo\/\",\"name\":\"Interkom Cardo Packtalk Neo Duo - Mefiu Motorcycle Audio\",\"isPartOf\":{\"@id\":\"https:\/\/ha.dkonto.pl\/#website\"},\"primaryImageOfPage\":{\"@id\":\"https:\/\/motorcycle-audio.eu\/sklep\/interkomy\/interkom-cardo-packtalk-neo-duo\/#primaryimage\"},\"image\":{\"@id\":\"https:\/\/motorcycle-audio.eu\/sklep\/interkomy\/interkom-cardo-packtalk-neo-duo\/#primaryimage\"},\"thumbnailUrl\":\"https:\/\/ha.dkonto.pl\/wp-content\/uploads\/2025\/05\/packtalk_neo_duo.jpg\",\"datePublished\":\"2025-05-20T08:49:50+00:00\",\"dateModified\":\"2025-05-20T08:55:15+00:00\",\"breadcrumb\":{\"@id\":\"https:\/\/motorcycle-audio.eu\/sklep\/interkomy\/interkom-cardo-packtalk-neo-duo\/#breadcrumb\"},\"inLanguage\":\"en-GB\",\"potentialAction\":[{\"@type\":\"ReadAction\",\"target\":[\"https:\/\/motorcycle-audio.eu\/sklep\/interkomy\/interkom-cardo-packtalk-neo-duo\/\"]}]},{\"@type\":\"ImageObject\",\"inLanguage\":\"en-GB\",\"@id\":\"https:\/\/motorcycle-audio.eu\/sklep\/interkomy\/interkom-cardo-packtalk-neo-duo\/#primaryimage\",\"url\":\"https:\/\/ha.dkonto.pl\/wp-content\/uploads\/2025\/05\/packtalk_neo_duo.jpg\",\"contentUrl\":\"https:\/\/ha.dkonto.pl\/wp-content\/uploads\/2025\/05\/packtalk_neo_duo.jpg\",\"width\":500,\"height\":500,\"caption\":\"Interkom Cardo Packtalk Neo Duo\"},{\"@type\":\"BreadcrumbList\",\"@id\":\"https:\/\/motorcycle-audio.eu\/sklep\/interkomy\/interkom-cardo-packtalk-neo-duo\/#breadcrumb\",\"itemListElement\":[{\"@type\":\"ListItem\",\"position\":1,\"name\":\"Strona g\u0142\u00f3wna\",\"item\":\"https:\/\/motorcycle-audio.eu\/\"},{\"@type\":\"ListItem\",\"position\":2,\"name\":\"Sklep\",\"item\":\"https:\/\/motorcycle-audio.eu\/sklep\/\"},{\"@type\":\"ListItem\",\"position\":3,\"name\":\"Interkom Cardo Packtalk Neo Duo\"}]},{\"@type\":\"WebSite\",\"@id\":\"https:\/\/ha.dkonto.pl\/#website\",\"url\":\"https:\/\/ha.dkonto.pl\/\",\"name\":\"Mefiu Motorcycle Audio\",\"description\":\"Play it loud!\",\"publisher\":{\"@id\":\"https:\/\/ha.dkonto.pl\/#organization\"},\"potentialAction\":[{\"@type\":\"SearchAction\",\"target\":{\"@type\":\"EntryPoint\",\"urlTemplate\":\"https:\/\/ha.dkonto.pl\/?s={search_term_string}\"},\"query-input\":{\"@type\":\"PropertyValueSpecification\",\"valueRequired\":true,\"valueName\":\"search_term_string\"}}],\"inLanguage\":\"en-GB\"},{\"@type\":\"Organization\",\"@id\":\"https:\/\/ha.dkonto.pl\/#organization\",\"name\":\"Mefiu Motorcycle Audio\",\"url\":\"https:\/\/ha.dkonto.pl\/\",\"logo\":{\"@type\":\"ImageObject\",\"inLanguage\":\"en-GB\",\"@id\":\"https:\/\/ha.dkonto.pl\/#\/schema\/logo\/image\/\",\"url\":\"https:\/\/ha.dkonto.pl\/wp-content\/uploads\/2025\/05\/mefiu_logo.png\",\"contentUrl\":\"https:\/\/ha.dkonto.pl\/wp-content\/uploads\/2025\/05\/mefiu_logo.png\",\"width\":150,\"height\":150,\"caption\":\"Mefiu Motorcycle Audio\"},\"image\":{\"@id\":\"https:\/\/ha.dkonto.pl\/#\/schema\/logo\/image\/\"},\"sameAs\":[\"https:\/\/www.facebook.com\/HarleyDavidsonAudio\"]}]}<\/script>\n<!-- \/ Yoast SEO Premium plugin. -->","yoast_head_json":{"title":"Cardo Packtalk Neo Duo intercom - Mefiu Motorcycle Audio","robots":{"index":"noindex","follow":"follow","max-snippet":"max-snippet:-1","max-image-preview":"max-image-preview:large","max-video-preview":"max-video-preview:-1"},"og_locale":"en_GB","og_type":"article","og_title":"Interkom Cardo Packtalk Neo Duo","og_description":"Zaawansowany interkom motocyklowy wyposa\u017cony w drug\u0105 generacj\u0119 technologii Dynamic Mesh Communication (DMC). Umo\u017cliwia bezproblemow\u0105 komunikacj\u0119 nawet 15 motocyklist\u00f3w na dystansie do 8 km, zapewniaj\u0105c najwy\u017csz\u0105 jako\u015b\u0107 rozm\u00f3w. Zestaw dw\u00f3ch urz\u0105dze\u0144.","og_url":"https:\/\/motorcycle-audio.eu\/sklep\/interkomy\/interkom-cardo-packtalk-neo-duo\/","og_site_name":"Mefiu Motorcycle Audio","article_publisher":"https:\/\/www.facebook.com\/HarleyDavidsonAudio","article_modified_time":"2025-05-20T08:55:15+00:00","og_image":[{"width":500,"height":500,"url":"https:\/\/motorcycle-audio.eu\/wp-content\/uploads\/2025\/05\/packtalk_neo_duo.jpg","type":"image\/jpeg"}],"twitter_card":"summary_large_image","twitter_misc":{"Est. reading time":"3 minutes"},"schema":{"@context":"https:\/\/schema.org","@graph":[{"@type":"WebPage","@id":"https:\/\/motorcycle-audio.eu\/sklep\/interkomy\/interkom-cardo-packtalk-neo-duo\/","url":"https:\/\/motorcycle-audio.eu\/sklep\/interkomy\/interkom-cardo-packtalk-neo-duo\/","name":"Cardo Packtalk Neo Duo intercom - Mefiu Motorcycle Audio","isPartOf":{"@id":"https:\/\/ha.dkonto.pl\/#website"},"primaryImageOfPage":{"@id":"https:\/\/motorcycle-audio.eu\/sklep\/interkomy\/interkom-cardo-packtalk-neo-duo\/#primaryimage"},"image":{"@id":"https:\/\/motorcycle-audio.eu\/sklep\/interkomy\/interkom-cardo-packtalk-neo-duo\/#primaryimage"},"thumbnailUrl":"https:\/\/ha.dkonto.pl\/wp-content\/uploads\/2025\/05\/packtalk_neo_duo.jpg","datePublished":"2025-05-20T08:49:50+00:00","dateModified":"2025-05-20T08:55:15+00:00","breadcrumb":{"@id":"https:\/\/motorcycle-audio.eu\/sklep\/interkomy\/interkom-cardo-packtalk-neo-duo\/#breadcrumb"},"inLanguage":"en-GB","potentialAction":[{"@type":"ReadAction","target":["https:\/\/motorcycle-audio.eu\/sklep\/interkomy\/interkom-cardo-packtalk-neo-duo\/"]}]},{"@type":"ImageObject","inLanguage":"en-GB","@id":"https:\/\/motorcycle-audio.eu\/sklep\/interkomy\/interkom-cardo-packtalk-neo-duo\/#primaryimage","url":"https:\/\/ha.dkonto.pl\/wp-content\/uploads\/2025\/05\/packtalk_neo_duo.jpg","contentUrl":"https:\/\/ha.dkonto.pl\/wp-content\/uploads\/2025\/05\/packtalk_neo_duo.jpg","width":500,"height":500,"caption":"Interkom Cardo Packtalk Neo Duo"},{"@type":"BreadcrumbList","@id":"https:\/\/motorcycle-audio.eu\/sklep\/interkomy\/interkom-cardo-packtalk-neo-duo\/#breadcrumb","itemListElement":[{"@type":"ListItem","position":1,"name":"Strona g\u0142\u00f3wna","item":"https:\/\/motorcycle-audio.eu\/"},{"@type":"ListItem","position":2,"name":"Sklep","item":"https:\/\/motorcycle-audio.eu\/sklep\/"},{"@type":"ListItem","position":3,"name":"Interkom Cardo Packtalk Neo Duo"}]},{"@type":"WebSite","@id":"https:\/\/ha.dkonto.pl\/#website","url":"https:\/\/ha.dkonto.pl\/","name":"Mefiu Motorcycle Audio","description":"Play it loud!","publisher":{"@id":"https:\/\/ha.dkonto.pl\/#organization"},"potentialAction":[{"@type":"SearchAction","target":{"@type":"EntryPoint","urlTemplate":"https:\/\/ha.dkonto.pl\/?s={search_term_string}"},"query-input":{"@type":"PropertyValueSpecification","valueRequired":true,"valueName":"search_term_string"}}],"inLanguage":"en-GB"},{"@type":"Organization","@id":"https:\/\/ha.dkonto.pl\/#organization","name":"Mefiu Motorcycle Audio","url":"https:\/\/ha.dkonto.pl\/","logo":{"@type":"ImageObject","inLanguage":"en-GB","@id":"https:\/\/ha.dkonto.pl\/#\/schema\/logo\/image\/","url":"https:\/\/ha.dkonto.pl\/wp-content\/uploads\/2025\/05\/mefiu_logo.png","contentUrl":"https:\/\/ha.dkonto.pl\/wp-content\/uploads\/2025\/05\/mefiu_logo.png","width":150,"height":150,"caption":"Mefiu Motorcycle Audio"},"image":{"@id":"https:\/\/ha.dkonto.pl\/#\/schema\/logo\/image\/"},"sameAs":["https:\/\/www.facebook.com\/HarleyDavidsonAudio"]}]}},"jetpack_sharing_enabled":true,"_links":{"self":[{"href":"https:\/\/ha.dkonto.pl\/en\/wp-json\/wp\/v2\/product\/8692","targetHints":{"allow":["GET"]}}],"collection":[{"href":"https:\/\/ha.dkonto.pl\/en\/wp-json\/wp\/v2\/product"}],"about":[{"href":"https:\/\/ha.dkonto.pl\/en\/wp-json\/wp\/v2\/types\/product"}],"replies":[{"embeddable":true,"href":"https:\/\/ha.dkonto.pl\/en\/wp-json\/wp\/v2\/comments?post=8692"}],"version-history":[{"count":4,"href":"https:\/\/ha.dkonto.pl\/en\/wp-json\/wp\/v2\/product\/8692\/revisions"}],"predecessor-version":[{"id":8728,"href":"https:\/\/ha.dkonto.pl\/en\/wp-json\/wp\/v2\/product\/8692\/revisions\/8728"}],"wp:featuredmedia":[{"embeddable":true,"href":"https:\/\/ha.dkonto.pl\/en\/wp-json\/wp\/v2\/media\/8693"}],"wp:attachment":[{"href":"https:\/\/ha.dkonto.pl\/en\/wp-json\/wp\/v2\/media?parent=8692"}],"wp:term":[{"taxonomy":"product_cat","embeddable":true,"href":"https:\/\/ha.dkonto.pl\/en\/wp-json\/wp\/v2\/product_cat?post=8692"},{"taxonomy":"product_tag","embeddable":true,"href":"https:\/\/ha.dkonto.pl\/en\/wp-json\/wp\/v2\/product_tag?post=8692"}],"curies":[{"name":"wp","href":"https:\/\/api.w.org\/{rel}","templated":true}]}}