{"id":8688,"date":"2025-05-20T10:47:52","date_gmt":"2025-05-20T08:47:52","guid":{"rendered":"https:\/\/motorcycle-audio.eu\/?post_type=product&#038;p=8688"},"modified":"2025-05-20T10:55:52","modified_gmt":"2025-05-20T08:55:52","slug":"cardo-packtalk-edge-duo-intercom","status":"publish","type":"product","link":"https:\/\/ha.dkonto.pl\/en\/shop\/intercoms\/cardo-packtalk-edge-duo-intercom\/","title":{"rendered":"Cardo Packtalk Edge Duo intercom"},"content":{"rendered":"<p class=\"translation-block\"><strong>Meet the Packtalk Edge<\/strong> \u2013 the most advanced motorcycle intercom in the world, equipped with the second generation of Dynamic Mesh Communication (DMC) technology, enabling seamless communication for <strong>up to 15 riders over a distance of up to 8 km<\/strong>. With features such as quick group formation, private chats, and self-healing connections, the intercom adapts to your ride \u2013 not the other way around. The magnetic Air Mount makes attaching the unit fast and secure, and with IP67-rated waterproofing, no weather conditions can stand in its way.<\/p>\n<p class=\"translation-block\">Exceptional sound experiences are delivered by <strong>powerful 40 mm JBL speakers<\/strong> tuned by experts, supported by an enhanced music processor and three sound profiles. <strong>\u201cHey Cardo\u201d voice control<\/strong> allows complete hands-free operation. Automatic volume adjustment, universal connectivity with other Bluetooth devices, music streaming, and a <strong>built-in FM radio<\/strong> provide top-level comfort and entertainment \u2013 wherever you are.<\/p>\n<p class=\"translation-block\"><strong>Packtalk Edge<\/strong> also offers practical features \u2013 fast USB-C charging (20 minutes of charging = up to 2 hours of talk time), software updates via the Cardo Connect app, and a convenient control wheel. All of this is enclosed in a durable, waterproof design with a 3-year warranty. If you\u2019re looking for premium-quality equipment, you\u2019ve just found it.<\/p>\n<table class=\"dn-product-specs-table\">\n<tbody>\n<tr>\n<td class=\"text-bold\" colspan=\"2\">General<\/td>\n<\/tr>\n<tr>\n<td>Compatibility<\/td>\n<td>fits most helmets on the market<\/td>\n<\/tr>\n<tr>\n<td>Operating temperature range<\/td>\n<td>from -20\u00baC to 55\u00baC<\/td>\n<\/tr>\n<tr>\n<td>FM Radio<\/td>\n<td>\n<ul>\n<li>frequency 76-108MHz<\/li>\n<li>RDS \u2013 Radio Data System<\/li>\n<li>ability to program 6 stations<\/li>\n<\/ul>\n<\/td>\n<\/tr>\n<tr>\n<td>Software updates<\/td>\n<td>\n<ul>\n<li>Over-the-air update<\/li>\n<li>USB cable for updating<\/li>\n<\/ul>\n<\/td>\n<\/tr>\n<tr>\n<td>Device personalization<\/td>\n<td>Cardo Connect app<\/td>\n<\/tr>\n<tr>\n<td class=\"text-bold\" colspan=\"2\">Intercom<\/td>\n<\/tr>\n<tr>\n<td>Range<\/td>\n<td>\n<ul>\n<li>bluetooth intercom: driver-driver up to 1200m<\/li>\n<li>group size up to 4 motorcyclists<\/li>\n<\/ul>\n<\/td>\n<\/tr>\n<tr>\n<td>Connectivity<\/td>\n<td>\n<ul>\n<li>2 channels for mobile phone and GPS connection<\/li>\n<li>Second generation DMC technology<\/li>\n<li>Bluetooth 5.2<\/li>\n<li>Universal connectivity<\/li>\n<li>Compatible with most TFT displays<\/li>\n<\/ul>\n<\/td>\n<\/tr>\n<tr>\n<td>Intercom<\/td>\n<td>\n<ul class=\"m-0\">\n<li>Second generation DMC intercom<\/li>\n<li>Reconnect function<\/li>\n<li>Bluetooth audio HD intercom<\/li>\n<li>Universal Bluetooth Intercom<\/li>\n<li>Group size: up to 15 motorcyclists<\/li>\n<li>Rider-to-rider range: up to 1.6 km<\/li>\n<li>GVWR group range: up to 8km<\/li>\n<\/ul>\n<\/td>\n<\/tr>\n<tr>\n<td>Interface<\/td>\n<td>\n<ul>\n<li>Voice control<\/li>\n<li>Messages in multiple languages<\/li>\n<\/ul>\n<\/td>\n<\/tr>\n<tr>\n<td>Central unit<\/td>\n<td>\n<ul class=\"m-0\">\n<li>height: 46mm<\/li>\n<li>length: 84mm<\/li>\n<li>width: 23mm<\/li>\n<li>weight: 47g<\/li>\n<\/ul>\n<\/td>\n<\/tr>\n<tr>\n<td>Audio<\/td>\n<td>\n<ul class=\"m-0\">\n<li>JBL speakers: diameter: 40mm | width: 10mm<\/li>\n<li>automatic volume control<\/li>\n<li>JBL audio profiles<\/li>\n<\/ul>\n<\/td>\n<\/tr>\n<tr>\n<td>Water resistance<\/td>\n<td>fully waterproof<\/td>\n<\/tr>\n<tr>\n<td>Battery<\/td>\n<td>\n<ul class=\"m-0\">\n<li>talk time: 13 hours<\/li>\n<li>standby time: 10 days<\/li>\n<li>charging time: 2 hours<\/li>\n<li>charging speed: 2 hours of talk time after 20 minutes of charging<\/li>\n<\/ul>\n<\/td>\n<\/tr>\n<tr>\n<td>Certificates<\/td>\n<td>\n<ul class=\"m-0\">\n<li>CE<\/li>\n<li>FCC \/ IC<\/li>\n<li>SIG BT<\/li>\n<li>TELEC<\/li>\n<li>UKCA<\/li>\n<\/ul>\n<\/td>\n<\/tr>\n<\/tbody>\n<\/table>","protected":false},"excerpt":{"rendered":"<p class=\"translation-block\"><strong>Packtalk Edge<\/strong> \u2013 the world's most advanced motorcycle intercom, equipped with second-generation Dynamic Mesh Communication (DMC) technology, which enables seamless communication between up to 15 riders at a distance of up to 8 km. A set of two intercoms.<\/p>","protected":false},"featured_media":8687,"comment_status":"closed","ping_status":"closed","template":"","meta":{"_acf_changed":false},"product_cat":[84],"product_tag":[],"class_list":{"0":"post-8688","1":"product","2":"type-product","3":"status-publish","4":"has-post-thumbnail","6":"product_brand-cardo","7":"product_cat-interkomy","9":"first","10":"instock","11":"taxable","12":"shipping-taxable","13":"purchasable","14":"product-type-simple"},"acf":[],"yoast_head":"<!-- This site is optimized with the Yoast SEO Premium plugin v25.1 (Yoast SEO v26.0) - https:\/\/yoast.com\/wordpress\/plugins\/seo\/ -->\n<title>Interkom Cardo Packtalk Edge Duo - Mefiu Motorcycle Audio<\/title>\n<meta name=\"robots\" content=\"noindex, follow, max-snippet:-1, max-image-preview:large, max-video-preview:-1\" \/>\n<meta property=\"og:locale\" content=\"en_GB\" \/>\n<meta property=\"og:type\" content=\"article\" \/>\n<meta property=\"og:title\" content=\"Interkom Cardo Packtalk Edge Duo\" \/>\n<meta property=\"og:description\" content=\"Packtalk Edge \u2013 najnowocze\u015bniejszy interkom motocyklowy na \u015bwiecie, wyposa\u017cony w drug\u0105 generacj\u0119 technologii Dynamic Mesh Communication (DMC), kt\u00f3ra umo\u017cliwia p\u0142ynn\u0105 komunikacj\u0119 nawet 15 motocyklist\u00f3w na dystansie do 8 km. Zestaw dw\u00f3ch interkom\u00f3w.\" \/>\n<meta property=\"og:url\" content=\"https:\/\/motorcycle-audio.eu\/sklep\/interkomy\/interkom-cardo-packtalk-edge-duo\/\" \/>\n<meta property=\"og:site_name\" content=\"Mefiu Motorcycle Audio\" \/>\n<meta property=\"article:publisher\" content=\"https:\/\/www.facebook.com\/HarleyDavidsonAudio\" \/>\n<meta property=\"article:modified_time\" content=\"2025-05-20T08:55:52+00:00\" \/>\n<meta property=\"og:image\" content=\"https:\/\/motorcycle-audio.eu\/wp-content\/uploads\/2025\/05\/packtalk_edge_duo.png\" \/>\n\t<meta property=\"og:image:width\" content=\"500\" \/>\n\t<meta property=\"og:image:height\" content=\"500\" \/>\n\t<meta property=\"og:image:type\" content=\"image\/png\" \/>\n<meta name=\"twitter:card\" content=\"summary_large_image\" \/>\n<meta name=\"twitter:label1\" content=\"Est. reading time\" \/>\n\t<meta name=\"twitter:data1\" content=\"3 minutes\" \/>\n<script type=\"application\/ld+json\" class=\"yoast-schema-graph\">{\"@context\":\"https:\/\/schema.org\",\"@graph\":[{\"@type\":\"WebPage\",\"@id\":\"https:\/\/motorcycle-audio.eu\/sklep\/interkomy\/interkom-cardo-packtalk-edge-duo\/\",\"url\":\"https:\/\/motorcycle-audio.eu\/sklep\/interkomy\/interkom-cardo-packtalk-edge-duo\/\",\"name\":\"Interkom Cardo Packtalk Edge Duo - Mefiu Motorcycle Audio\",\"isPartOf\":{\"@id\":\"https:\/\/ha.dkonto.pl\/#website\"},\"primaryImageOfPage\":{\"@id\":\"https:\/\/motorcycle-audio.eu\/sklep\/interkomy\/interkom-cardo-packtalk-edge-duo\/#primaryimage\"},\"image\":{\"@id\":\"https:\/\/motorcycle-audio.eu\/sklep\/interkomy\/interkom-cardo-packtalk-edge-duo\/#primaryimage\"},\"thumbnailUrl\":\"https:\/\/ha.dkonto.pl\/wp-content\/uploads\/2025\/05\/packtalk_edge_duo.png\",\"datePublished\":\"2025-05-20T08:47:52+00:00\",\"dateModified\":\"2025-05-20T08:55:52+00:00\",\"breadcrumb\":{\"@id\":\"https:\/\/motorcycle-audio.eu\/sklep\/interkomy\/interkom-cardo-packtalk-edge-duo\/#breadcrumb\"},\"inLanguage\":\"en-GB\",\"potentialAction\":[{\"@type\":\"ReadAction\",\"target\":[\"https:\/\/motorcycle-audio.eu\/sklep\/interkomy\/interkom-cardo-packtalk-edge-duo\/\"]}]},{\"@type\":\"ImageObject\",\"inLanguage\":\"en-GB\",\"@id\":\"https:\/\/motorcycle-audio.eu\/sklep\/interkomy\/interkom-cardo-packtalk-edge-duo\/#primaryimage\",\"url\":\"https:\/\/ha.dkonto.pl\/wp-content\/uploads\/2025\/05\/packtalk_edge_duo.png\",\"contentUrl\":\"https:\/\/ha.dkonto.pl\/wp-content\/uploads\/2025\/05\/packtalk_edge_duo.png\",\"width\":500,\"height\":500,\"caption\":\"Interkom Cardo Packtalk Neo Single\"},{\"@type\":\"BreadcrumbList\",\"@id\":\"https:\/\/motorcycle-audio.eu\/sklep\/interkomy\/interkom-cardo-packtalk-edge-duo\/#breadcrumb\",\"itemListElement\":[{\"@type\":\"ListItem\",\"position\":1,\"name\":\"Strona g\u0142\u00f3wna\",\"item\":\"https:\/\/motorcycle-audio.eu\/\"},{\"@type\":\"ListItem\",\"position\":2,\"name\":\"Sklep\",\"item\":\"https:\/\/motorcycle-audio.eu\/sklep\/\"},{\"@type\":\"ListItem\",\"position\":3,\"name\":\"Interkom Cardo Packtalk Edge Duo\"}]},{\"@type\":\"WebSite\",\"@id\":\"https:\/\/ha.dkonto.pl\/#website\",\"url\":\"https:\/\/ha.dkonto.pl\/\",\"name\":\"Mefiu Motorcycle Audio\",\"description\":\"Play it loud!\",\"publisher\":{\"@id\":\"https:\/\/ha.dkonto.pl\/#organization\"},\"potentialAction\":[{\"@type\":\"SearchAction\",\"target\":{\"@type\":\"EntryPoint\",\"urlTemplate\":\"https:\/\/ha.dkonto.pl\/?s={search_term_string}\"},\"query-input\":{\"@type\":\"PropertyValueSpecification\",\"valueRequired\":true,\"valueName\":\"search_term_string\"}}],\"inLanguage\":\"en-GB\"},{\"@type\":\"Organization\",\"@id\":\"https:\/\/ha.dkonto.pl\/#organization\",\"name\":\"Mefiu Motorcycle Audio\",\"url\":\"https:\/\/ha.dkonto.pl\/\",\"logo\":{\"@type\":\"ImageObject\",\"inLanguage\":\"en-GB\",\"@id\":\"https:\/\/ha.dkonto.pl\/#\/schema\/logo\/image\/\",\"url\":\"https:\/\/ha.dkonto.pl\/wp-content\/uploads\/2025\/05\/mefiu_logo.png\",\"contentUrl\":\"https:\/\/ha.dkonto.pl\/wp-content\/uploads\/2025\/05\/mefiu_logo.png\",\"width\":150,\"height\":150,\"caption\":\"Mefiu Motorcycle Audio\"},\"image\":{\"@id\":\"https:\/\/ha.dkonto.pl\/#\/schema\/logo\/image\/\"},\"sameAs\":[\"https:\/\/www.facebook.com\/HarleyDavidsonAudio\"]}]}<\/script>\n<!-- \/ Yoast SEO Premium plugin. -->","yoast_head_json":{"title":"Cardo Packtalk Edge Duo intercom - Mefiu Motorcycle Audio","robots":{"index":"noindex","follow":"follow","max-snippet":"max-snippet:-1","max-image-preview":"max-image-preview:large","max-video-preview":"max-video-preview:-1"},"og_locale":"en_GB","og_type":"article","og_title":"Interkom Cardo Packtalk Edge Duo","og_description":"Packtalk Edge \u2013 najnowocze\u015bniejszy interkom motocyklowy na \u015bwiecie, wyposa\u017cony w drug\u0105 generacj\u0119 technologii Dynamic Mesh Communication (DMC), kt\u00f3ra umo\u017cliwia p\u0142ynn\u0105 komunikacj\u0119 nawet 15 motocyklist\u00f3w na dystansie do 8 km. Zestaw dw\u00f3ch interkom\u00f3w.","og_url":"https:\/\/motorcycle-audio.eu\/sklep\/interkomy\/interkom-cardo-packtalk-edge-duo\/","og_site_name":"Mefiu Motorcycle Audio","article_publisher":"https:\/\/www.facebook.com\/HarleyDavidsonAudio","article_modified_time":"2025-05-20T08:55:52+00:00","og_image":[{"width":500,"height":500,"url":"https:\/\/motorcycle-audio.eu\/wp-content\/uploads\/2025\/05\/packtalk_edge_duo.png","type":"image\/png"}],"twitter_card":"summary_large_image","twitter_misc":{"Est. reading time":"3 minutes"},"schema":{"@context":"https:\/\/schema.org","@graph":[{"@type":"WebPage","@id":"https:\/\/motorcycle-audio.eu\/sklep\/interkomy\/interkom-cardo-packtalk-edge-duo\/","url":"https:\/\/motorcycle-audio.eu\/sklep\/interkomy\/interkom-cardo-packtalk-edge-duo\/","name":"Cardo Packtalk Edge Duo intercom - Mefiu Motorcycle Audio","isPartOf":{"@id":"https:\/\/ha.dkonto.pl\/#website"},"primaryImageOfPage":{"@id":"https:\/\/motorcycle-audio.eu\/sklep\/interkomy\/interkom-cardo-packtalk-edge-duo\/#primaryimage"},"image":{"@id":"https:\/\/motorcycle-audio.eu\/sklep\/interkomy\/interkom-cardo-packtalk-edge-duo\/#primaryimage"},"thumbnailUrl":"https:\/\/ha.dkonto.pl\/wp-content\/uploads\/2025\/05\/packtalk_edge_duo.png","datePublished":"2025-05-20T08:47:52+00:00","dateModified":"2025-05-20T08:55:52+00:00","breadcrumb":{"@id":"https:\/\/motorcycle-audio.eu\/sklep\/interkomy\/interkom-cardo-packtalk-edge-duo\/#breadcrumb"},"inLanguage":"en-GB","potentialAction":[{"@type":"ReadAction","target":["https:\/\/motorcycle-audio.eu\/sklep\/interkomy\/interkom-cardo-packtalk-edge-duo\/"]}]},{"@type":"ImageObject","inLanguage":"en-GB","@id":"https:\/\/motorcycle-audio.eu\/sklep\/interkomy\/interkom-cardo-packtalk-edge-duo\/#primaryimage","url":"https:\/\/ha.dkonto.pl\/wp-content\/uploads\/2025\/05\/packtalk_edge_duo.png","contentUrl":"https:\/\/ha.dkonto.pl\/wp-content\/uploads\/2025\/05\/packtalk_edge_duo.png","width":500,"height":500,"caption":"Interkom Cardo Packtalk Neo Single"},{"@type":"BreadcrumbList","@id":"https:\/\/motorcycle-audio.eu\/sklep\/interkomy\/interkom-cardo-packtalk-edge-duo\/#breadcrumb","itemListElement":[{"@type":"ListItem","position":1,"name":"Strona g\u0142\u00f3wna","item":"https:\/\/motorcycle-audio.eu\/"},{"@type":"ListItem","position":2,"name":"Sklep","item":"https:\/\/motorcycle-audio.eu\/sklep\/"},{"@type":"ListItem","position":3,"name":"Interkom Cardo Packtalk Edge Duo"}]},{"@type":"WebSite","@id":"https:\/\/ha.dkonto.pl\/#website","url":"https:\/\/ha.dkonto.pl\/","name":"Mefiu Motorcycle Audio","description":"Play it loud!","publisher":{"@id":"https:\/\/ha.dkonto.pl\/#organization"},"potentialAction":[{"@type":"SearchAction","target":{"@type":"EntryPoint","urlTemplate":"https:\/\/ha.dkonto.pl\/?s={search_term_string}"},"query-input":{"@type":"PropertyValueSpecification","valueRequired":true,"valueName":"search_term_string"}}],"inLanguage":"en-GB"},{"@type":"Organization","@id":"https:\/\/ha.dkonto.pl\/#organization","name":"Mefiu Motorcycle Audio","url":"https:\/\/ha.dkonto.pl\/","logo":{"@type":"ImageObject","inLanguage":"en-GB","@id":"https:\/\/ha.dkonto.pl\/#\/schema\/logo\/image\/","url":"https:\/\/ha.dkonto.pl\/wp-content\/uploads\/2025\/05\/mefiu_logo.png","contentUrl":"https:\/\/ha.dkonto.pl\/wp-content\/uploads\/2025\/05\/mefiu_logo.png","width":150,"height":150,"caption":"Mefiu Motorcycle Audio"},"image":{"@id":"https:\/\/ha.dkonto.pl\/#\/schema\/logo\/image\/"},"sameAs":["https:\/\/www.facebook.com\/HarleyDavidsonAudio"]}]}},"jetpack_sharing_enabled":true,"_links":{"self":[{"href":"https:\/\/ha.dkonto.pl\/en\/wp-json\/wp\/v2\/product\/8688","targetHints":{"allow":["GET"]}}],"collection":[{"href":"https:\/\/ha.dkonto.pl\/en\/wp-json\/wp\/v2\/product"}],"about":[{"href":"https:\/\/ha.dkonto.pl\/en\/wp-json\/wp\/v2\/types\/product"}],"replies":[{"embeddable":true,"href":"https:\/\/ha.dkonto.pl\/en\/wp-json\/wp\/v2\/comments?post=8688"}],"version-history":[{"count":3,"href":"https:\/\/ha.dkonto.pl\/en\/wp-json\/wp\/v2\/product\/8688\/revisions"}],"predecessor-version":[{"id":8726,"href":"https:\/\/ha.dkonto.pl\/en\/wp-json\/wp\/v2\/product\/8688\/revisions\/8726"}],"wp:featuredmedia":[{"embeddable":true,"href":"https:\/\/ha.dkonto.pl\/en\/wp-json\/wp\/v2\/media\/8687"}],"wp:attachment":[{"href":"https:\/\/ha.dkonto.pl\/en\/wp-json\/wp\/v2\/media?parent=8688"}],"wp:term":[{"taxonomy":"product_cat","embeddable":true,"href":"https:\/\/ha.dkonto.pl\/en\/wp-json\/wp\/v2\/product_cat?post=8688"},{"taxonomy":"product_tag","embeddable":true,"href":"https:\/\/ha.dkonto.pl\/en\/wp-json\/wp\/v2\/product_tag?post=8688"}],"curies":[{"name":"wp","href":"https:\/\/api.w.org\/{rel}","templated":true}]}}