{"id":8628,"date":"2025-05-20T10:38:58","date_gmt":"2025-05-20T08:38:58","guid":{"rendered":"https:\/\/motorcycle-audio.eu\/?post_type=product&#038;p=8628"},"modified":"2025-05-20T10:57:18","modified_gmt":"2025-05-20T08:57:18","slug":"cardo-spirit-duo-intercom","status":"publish","type":"product","link":"https:\/\/ha.dkonto.pl\/en\/shop\/intercoms\/cardo-spirit-duo-intercom\/","title":{"rendered":"Cardo Spirit Duo Intercom"},"content":{"rendered":"<p class=\"translation-block\">This most advanced Bluetooth communication system for rider and passenger has everything you need on the road. <strong>Music, GPS, communication<\/strong>. Spirit is the perfect motorcycle intercom for riders traveling with a passenger or solo. It comes packed with features that set it apart from the competition \u2013 all at an exceptionally affordable price.<\/p>\n<p class=\"translation-block\"><strong>Cardo Spirit<\/strong> is a two-way <strong>intercom with a range of up to 400 m<\/strong>. It features an automatic volume adjustment system based on ambient noise. This <strong>waterproof<\/strong> intercom keeps you connected at all times. Equipped with slim 32 mm speakers and an advanced processor, it delivers a unique sound experience for your favorite music. You can share music with your passenger, enjoying good vibes together. Cardo Spirit also allows you to switch any phone call to an intercom conversation \u2013 your friends will never be out of reach. With the simple and intuitive Cardo Connect app, you have full control. Software updates are downloaded wirelessly (Over the Air) as soon as they become available.<\/p>\n<p>If the battery runs out, simply connect the intercom to a power source such as a 12V charger, and after just 20 minutes of charging while riding, you\u2019ll be able to enjoy up to 2 hours of talk time.<\/p>\n<h3>Specification<\/h3>\n<table class=\"dn-product-specs-table\">\n<tbody>\n<tr>\n<td class=\"text-bold\" colspan=\"2\">General<\/td>\n<\/tr>\n<tr>\n<td>Compatibility<\/td>\n<td>Universal<\/td>\n<\/tr>\n<tr>\n<td>Operating temperature range<\/td>\n<td>from -20\u00baC to 55\u00baC<\/td>\n<\/tr>\n<tr>\n<td>Software updates<\/td>\n<td>\n<ul class=\"m-0\">\n<li>Over-the-air update<\/li>\n<li>USB cable for updating<\/li>\n<\/ul>\n<\/td>\n<\/tr>\n<tr>\n<td>Device personalization<\/td>\n<td>Cardo Connect app<\/td>\n<\/tr>\n<tr>\n<td class=\"text-bold\" colspan=\"2\">Intercom<\/td>\n<\/tr>\n<tr>\n<td>Connectivity<\/td>\n<td>\n<ul class=\"m-0\">\n<li>2 channels for mobile phone and GPS connection<\/li>\n<li>Bluetooth 5.2<\/li>\n<li>universal connectivity<\/li>\n<li>TFT connectivity<\/li>\n<\/ul>\n<\/td>\n<\/tr>\n<tr>\n<td>Live Bluetooth Intercom<\/td>\n<td>\n<ul class=\"m-0\">\n<li>universal Bluetooth intercom<\/li>\n<li>group size: up to 2 motorcyclists<\/li>\n<li>rider-to-rider range: up to 400 m<\/li>\n<\/ul>\n<\/td>\n<\/tr>\n<tr>\n<td>Interface<\/td>\n<td>messages in many languages<\/td>\n<\/tr>\n<tr>\n<td>Central unit<\/td>\n<td>\n<ul class=\"m-0\">\n<li>height: 47mm<\/li>\n<li>length: 78mm<\/li>\n<li>width: 19mm<\/li>\n<li>weight: 35g<\/li>\n<\/ul>\n<\/td>\n<\/tr>\n<tr>\n<td>Audio<\/td>\n<td>\n<ul class=\"m-0\">\n<li>speakers: diameter: 32mm | width: 10mm<\/li>\n<li>automatic volume control<\/li>\n<\/ul>\n<\/td>\n<\/tr>\n<tr>\n<td>Water resistance<\/td>\n<td>fully waterproof<\/td>\n<\/tr>\n<tr>\n<td>Battery<\/td>\n<td>\n<ul class=\"m-0\">\n<li>talk time: 10 hours<\/li>\n<li>standby time: 10 days<\/li>\n<li>charging time: 2 hours<\/li>\n<li>charging speed: 2 hours of talk time after 20 minutes of charging<\/li>\n<\/ul>\n<\/td>\n<\/tr>\n<tr>\n<td>Certificates<\/td>\n<td>\n<ul class=\"m-0\">\n<li>CE<\/li>\n<li>FCC \/ IC<\/li>\n<li>SIG BT<\/li>\n<li>TELEC<\/li>\n<li>UKCA<\/li>\n<\/ul>\n<\/td>\n<\/tr>\n<tr>\n<td>CARDO CONNECT<\/td>\n<td>The Cardo Connect app unleashes the full potential of Cardo devices and enables intuitive operation from your smartphone. This allows you to make changes whenever you need them.<\/td>\n<\/tr>\n<\/tbody>\n<\/table>","protected":false},"excerpt":{"rendered":"<p>This state-of-the-art Bluetooth rider-passenger communication system has everything you need on the road. Music, GPS, and communication. Spirit is the ultimate motorcycle intercom for riders traveling with a passenger or solo. It's packed with features that set it apart from the competition, yet it's exceptionally affordable. This two-piece intercom set offers a truly unique experience.<\/p>","protected":false},"featured_media":8629,"comment_status":"closed","ping_status":"closed","template":"","meta":{"_acf_changed":false},"product_cat":[84],"product_tag":[],"class_list":{"0":"post-8628","1":"product","2":"type-product","3":"status-publish","4":"has-post-thumbnail","6":"product_brand-cardo","7":"product_cat-interkomy","9":"first","10":"instock","11":"taxable","12":"shipping-taxable","13":"purchasable","14":"product-type-simple"},"acf":[],"yoast_head":"<!-- This site is optimized with the Yoast SEO Premium plugin v25.1 (Yoast SEO v26.0) - https:\/\/yoast.com\/wordpress\/plugins\/seo\/ -->\n<title>Interkom Cardo Spirit Duo - Mefiu Motorcycle Audio<\/title>\n<meta name=\"robots\" content=\"noindex, follow, max-snippet:-1, max-image-preview:large, max-video-preview:-1\" \/>\n<meta property=\"og:locale\" content=\"en_GB\" \/>\n<meta property=\"og:type\" content=\"article\" \/>\n<meta property=\"og:title\" content=\"Interkom Cardo Spirit Duo\" \/>\n<meta property=\"og:description\" content=\"Ten najbardziej zaawansowany system komunikacji Bluetooth dla kierowcy i pasa\u017cera ma wszystko czego potrzebujesz w podr\u00f3\u017cy. Muzyka, GPS, komunikacja. Spirit to najlepszy interkom motocyklowy dla motocyklisty podr\u00f3\u017cuj\u0105cego z pasa\u017cerem lub samotnie. Interkom jest wyposa\u017cony w mo\u017cliwo\u015bci wyr\u00f3\u017cniaj\u0105ce go na tle konkurencji i jest przy tym wyj\u0105tkowo przyst\u0119pny cenowo. Zestaw dw\u00f3ch interkom\u00f3w.\" \/>\n<meta property=\"og:url\" content=\"https:\/\/motorcycle-audio.eu\/sklep\/interkomy\/interkom-cardo-spirit-duo\/\" \/>\n<meta property=\"og:site_name\" content=\"Mefiu Motorcycle Audio\" \/>\n<meta property=\"article:publisher\" content=\"https:\/\/www.facebook.com\/HarleyDavidsonAudio\" \/>\n<meta property=\"article:modified_time\" content=\"2025-05-20T08:57:18+00:00\" \/>\n<meta property=\"og:image\" content=\"https:\/\/motorcycle-audio.eu\/wp-content\/uploads\/2025\/05\/cardo_spirit_duo-1.png\" \/>\n\t<meta property=\"og:image:width\" content=\"500\" \/>\n\t<meta property=\"og:image:height\" content=\"500\" \/>\n\t<meta property=\"og:image:type\" content=\"image\/png\" \/>\n<meta name=\"twitter:card\" content=\"summary_large_image\" \/>\n<meta name=\"twitter:label1\" content=\"Est. reading time\" \/>\n\t<meta name=\"twitter:data1\" content=\"3 minutes\" \/>\n<script type=\"application\/ld+json\" class=\"yoast-schema-graph\">{\"@context\":\"https:\/\/schema.org\",\"@graph\":[{\"@type\":\"WebPage\",\"@id\":\"https:\/\/motorcycle-audio.eu\/sklep\/interkomy\/interkom-cardo-spirit-duo\/\",\"url\":\"https:\/\/motorcycle-audio.eu\/sklep\/interkomy\/interkom-cardo-spirit-duo\/\",\"name\":\"Interkom Cardo Spirit Duo - Mefiu Motorcycle Audio\",\"isPartOf\":{\"@id\":\"https:\/\/ha.dkonto.pl\/#website\"},\"primaryImageOfPage\":{\"@id\":\"https:\/\/motorcycle-audio.eu\/sklep\/interkomy\/interkom-cardo-spirit-duo\/#primaryimage\"},\"image\":{\"@id\":\"https:\/\/motorcycle-audio.eu\/sklep\/interkomy\/interkom-cardo-spirit-duo\/#primaryimage\"},\"thumbnailUrl\":\"https:\/\/ha.dkonto.pl\/wp-content\/uploads\/2025\/05\/cardo_spirit_duo-1.png\",\"datePublished\":\"2025-05-20T08:38:58+00:00\",\"dateModified\":\"2025-05-20T08:57:18+00:00\",\"breadcrumb\":{\"@id\":\"https:\/\/motorcycle-audio.eu\/sklep\/interkomy\/interkom-cardo-spirit-duo\/#breadcrumb\"},\"inLanguage\":\"en-GB\",\"potentialAction\":[{\"@type\":\"ReadAction\",\"target\":[\"https:\/\/motorcycle-audio.eu\/sklep\/interkomy\/interkom-cardo-spirit-duo\/\"]}]},{\"@type\":\"ImageObject\",\"inLanguage\":\"en-GB\",\"@id\":\"https:\/\/motorcycle-audio.eu\/sklep\/interkomy\/interkom-cardo-spirit-duo\/#primaryimage\",\"url\":\"https:\/\/ha.dkonto.pl\/wp-content\/uploads\/2025\/05\/cardo_spirit_duo-1.png\",\"contentUrl\":\"https:\/\/ha.dkonto.pl\/wp-content\/uploads\/2025\/05\/cardo_spirit_duo-1.png\",\"width\":500,\"height\":500,\"caption\":\"Interkom Cardo Spirit Duo\"},{\"@type\":\"BreadcrumbList\",\"@id\":\"https:\/\/motorcycle-audio.eu\/sklep\/interkomy\/interkom-cardo-spirit-duo\/#breadcrumb\",\"itemListElement\":[{\"@type\":\"ListItem\",\"position\":1,\"name\":\"Strona g\u0142\u00f3wna\",\"item\":\"https:\/\/motorcycle-audio.eu\/\"},{\"@type\":\"ListItem\",\"position\":2,\"name\":\"Sklep\",\"item\":\"https:\/\/motorcycle-audio.eu\/sklep\/\"},{\"@type\":\"ListItem\",\"position\":3,\"name\":\"Interkom Cardo Spirit Duo\"}]},{\"@type\":\"WebSite\",\"@id\":\"https:\/\/ha.dkonto.pl\/#website\",\"url\":\"https:\/\/ha.dkonto.pl\/\",\"name\":\"Mefiu Motorcycle Audio\",\"description\":\"Play it loud!\",\"publisher\":{\"@id\":\"https:\/\/ha.dkonto.pl\/#organization\"},\"potentialAction\":[{\"@type\":\"SearchAction\",\"target\":{\"@type\":\"EntryPoint\",\"urlTemplate\":\"https:\/\/ha.dkonto.pl\/?s={search_term_string}\"},\"query-input\":{\"@type\":\"PropertyValueSpecification\",\"valueRequired\":true,\"valueName\":\"search_term_string\"}}],\"inLanguage\":\"en-GB\"},{\"@type\":\"Organization\",\"@id\":\"https:\/\/ha.dkonto.pl\/#organization\",\"name\":\"Mefiu Motorcycle Audio\",\"url\":\"https:\/\/ha.dkonto.pl\/\",\"logo\":{\"@type\":\"ImageObject\",\"inLanguage\":\"en-GB\",\"@id\":\"https:\/\/ha.dkonto.pl\/#\/schema\/logo\/image\/\",\"url\":\"https:\/\/ha.dkonto.pl\/wp-content\/uploads\/2025\/05\/mefiu_logo.png\",\"contentUrl\":\"https:\/\/ha.dkonto.pl\/wp-content\/uploads\/2025\/05\/mefiu_logo.png\",\"width\":150,\"height\":150,\"caption\":\"Mefiu Motorcycle Audio\"},\"image\":{\"@id\":\"https:\/\/ha.dkonto.pl\/#\/schema\/logo\/image\/\"},\"sameAs\":[\"https:\/\/www.facebook.com\/HarleyDavidsonAudio\"]}]}<\/script>\n<!-- \/ Yoast SEO Premium plugin. -->","yoast_head_json":{"title":"Cardo Spirit Duo intercom - Mefiu Motorcycle Audio","robots":{"index":"noindex","follow":"follow","max-snippet":"max-snippet:-1","max-image-preview":"max-image-preview:large","max-video-preview":"max-video-preview:-1"},"og_locale":"en_GB","og_type":"article","og_title":"Interkom Cardo Spirit Duo","og_description":"Ten najbardziej zaawansowany system komunikacji Bluetooth dla kierowcy i pasa\u017cera ma wszystko czego potrzebujesz w podr\u00f3\u017cy. Muzyka, GPS, komunikacja. Spirit to najlepszy interkom motocyklowy dla motocyklisty podr\u00f3\u017cuj\u0105cego z pasa\u017cerem lub samotnie. Interkom jest wyposa\u017cony w mo\u017cliwo\u015bci wyr\u00f3\u017cniaj\u0105ce go na tle konkurencji i jest przy tym wyj\u0105tkowo przyst\u0119pny cenowo. Zestaw dw\u00f3ch interkom\u00f3w.","og_url":"https:\/\/motorcycle-audio.eu\/sklep\/interkomy\/interkom-cardo-spirit-duo\/","og_site_name":"Mefiu Motorcycle Audio","article_publisher":"https:\/\/www.facebook.com\/HarleyDavidsonAudio","article_modified_time":"2025-05-20T08:57:18+00:00","og_image":[{"width":500,"height":500,"url":"https:\/\/motorcycle-audio.eu\/wp-content\/uploads\/2025\/05\/cardo_spirit_duo-1.png","type":"image\/png"}],"twitter_card":"summary_large_image","twitter_misc":{"Est. reading time":"3 minutes"},"schema":{"@context":"https:\/\/schema.org","@graph":[{"@type":"WebPage","@id":"https:\/\/motorcycle-audio.eu\/sklep\/interkomy\/interkom-cardo-spirit-duo\/","url":"https:\/\/motorcycle-audio.eu\/sklep\/interkomy\/interkom-cardo-spirit-duo\/","name":"Cardo Spirit Duo intercom - Mefiu Motorcycle Audio","isPartOf":{"@id":"https:\/\/ha.dkonto.pl\/#website"},"primaryImageOfPage":{"@id":"https:\/\/motorcycle-audio.eu\/sklep\/interkomy\/interkom-cardo-spirit-duo\/#primaryimage"},"image":{"@id":"https:\/\/motorcycle-audio.eu\/sklep\/interkomy\/interkom-cardo-spirit-duo\/#primaryimage"},"thumbnailUrl":"https:\/\/ha.dkonto.pl\/wp-content\/uploads\/2025\/05\/cardo_spirit_duo-1.png","datePublished":"2025-05-20T08:38:58+00:00","dateModified":"2025-05-20T08:57:18+00:00","breadcrumb":{"@id":"https:\/\/motorcycle-audio.eu\/sklep\/interkomy\/interkom-cardo-spirit-duo\/#breadcrumb"},"inLanguage":"en-GB","potentialAction":[{"@type":"ReadAction","target":["https:\/\/motorcycle-audio.eu\/sklep\/interkomy\/interkom-cardo-spirit-duo\/"]}]},{"@type":"ImageObject","inLanguage":"en-GB","@id":"https:\/\/motorcycle-audio.eu\/sklep\/interkomy\/interkom-cardo-spirit-duo\/#primaryimage","url":"https:\/\/ha.dkonto.pl\/wp-content\/uploads\/2025\/05\/cardo_spirit_duo-1.png","contentUrl":"https:\/\/ha.dkonto.pl\/wp-content\/uploads\/2025\/05\/cardo_spirit_duo-1.png","width":500,"height":500,"caption":"Interkom Cardo Spirit Duo"},{"@type":"BreadcrumbList","@id":"https:\/\/motorcycle-audio.eu\/sklep\/interkomy\/interkom-cardo-spirit-duo\/#breadcrumb","itemListElement":[{"@type":"ListItem","position":1,"name":"Strona g\u0142\u00f3wna","item":"https:\/\/motorcycle-audio.eu\/"},{"@type":"ListItem","position":2,"name":"Sklep","item":"https:\/\/motorcycle-audio.eu\/sklep\/"},{"@type":"ListItem","position":3,"name":"Interkom Cardo Spirit Duo"}]},{"@type":"WebSite","@id":"https:\/\/ha.dkonto.pl\/#website","url":"https:\/\/ha.dkonto.pl\/","name":"Mefiu Motorcycle Audio","description":"Play it loud!","publisher":{"@id":"https:\/\/ha.dkonto.pl\/#organization"},"potentialAction":[{"@type":"SearchAction","target":{"@type":"EntryPoint","urlTemplate":"https:\/\/ha.dkonto.pl\/?s={search_term_string}"},"query-input":{"@type":"PropertyValueSpecification","valueRequired":true,"valueName":"search_term_string"}}],"inLanguage":"en-GB"},{"@type":"Organization","@id":"https:\/\/ha.dkonto.pl\/#organization","name":"Mefiu Motorcycle Audio","url":"https:\/\/ha.dkonto.pl\/","logo":{"@type":"ImageObject","inLanguage":"en-GB","@id":"https:\/\/ha.dkonto.pl\/#\/schema\/logo\/image\/","url":"https:\/\/ha.dkonto.pl\/wp-content\/uploads\/2025\/05\/mefiu_logo.png","contentUrl":"https:\/\/ha.dkonto.pl\/wp-content\/uploads\/2025\/05\/mefiu_logo.png","width":150,"height":150,"caption":"Mefiu Motorcycle Audio"},"image":{"@id":"https:\/\/ha.dkonto.pl\/#\/schema\/logo\/image\/"},"sameAs":["https:\/\/www.facebook.com\/HarleyDavidsonAudio"]}]}},"jetpack_sharing_enabled":true,"_links":{"self":[{"href":"https:\/\/ha.dkonto.pl\/en\/wp-json\/wp\/v2\/product\/8628","targetHints":{"allow":["GET"]}}],"collection":[{"href":"https:\/\/ha.dkonto.pl\/en\/wp-json\/wp\/v2\/product"}],"about":[{"href":"https:\/\/ha.dkonto.pl\/en\/wp-json\/wp\/v2\/types\/product"}],"replies":[{"embeddable":true,"href":"https:\/\/ha.dkonto.pl\/en\/wp-json\/wp\/v2\/comments?post=8628"}],"version-history":[{"count":3,"href":"https:\/\/ha.dkonto.pl\/en\/wp-json\/wp\/v2\/product\/8628\/revisions"}],"predecessor-version":[{"id":8737,"href":"https:\/\/ha.dkonto.pl\/en\/wp-json\/wp\/v2\/product\/8628\/revisions\/8737"}],"wp:featuredmedia":[{"embeddable":true,"href":"https:\/\/ha.dkonto.pl\/en\/wp-json\/wp\/v2\/media\/8629"}],"wp:attachment":[{"href":"https:\/\/ha.dkonto.pl\/en\/wp-json\/wp\/v2\/media?parent=8628"}],"wp:term":[{"taxonomy":"product_cat","embeddable":true,"href":"https:\/\/ha.dkonto.pl\/en\/wp-json\/wp\/v2\/product_cat?post=8628"},{"taxonomy":"product_tag","embeddable":true,"href":"https:\/\/ha.dkonto.pl\/en\/wp-json\/wp\/v2\/product_tag?post=8628"}],"curies":[{"name":"wp","href":"https:\/\/api.w.org\/{rel}","templated":true}]}}