{"id":8183,"date":"2025-01-14T11:20:04","date_gmt":"2025-01-14T10:20:04","guid":{"rendered":"https:\/\/motorcycle-audio.eu\/?post_type=product&#038;p=8183"},"modified":"2025-01-14T11:20:05","modified_gmt":"2025-01-14T10:20:05","slug":"ground-zero-gzcf-69-xspl-neo-speaker-for-harley-davidson-motorcycles","status":"publish","type":"product","link":"https:\/\/ha.dkonto.pl\/en\/shop\/speakers\/ground-zero-gzcf-69-xspl-neo-speaker-for-harley-davidson-motorcycles\/","title":{"rendered":"Ground Zero GZCF 69 XSPL-NEO speaker for Harley Davidson motorcycles."},"content":{"rendered":"<p><strong>6\u00d79\u2033 2-way speakers for Harley Davidson Touring motorcycles<\/strong><\/p>\n<p class=\"translation-block\">Discover the highest quality sound on every journey with our new 6\u00d79\" speakers! With a <strong>frequency response of 75 Hz to 20,000 Hz<\/strong> and a maximum power of <strong>300 W<\/strong>, these 2-way speakers deliver clear, dynamic sound in both low and high frequencies.<\/p>\n<p><strong>Key features:<\/strong><\/p>\n<ul>\n<li class=\"translation-block\"><strong>Waterproof membrane<\/strong> made of paper-reinforced fiber \u2013 perfect for all weather conditions.<\/li>\n<li class=\"translation-block\"><strong>UV resistance<\/strong>, ensuring durability on sunny days.<\/li>\n<li class=\"translation-block\"><strong>Neodymium magnet<\/strong> \u2013 compact and efficient, provides powerful sound.<\/li>\n<li class=\"translation-block\"><strong>28mm (1.1\u2033) PEI dome tweeter<\/strong> for crystal clear highs.<\/li>\n<li class=\"translation-block\"><strong>Resonant steel basket<\/strong> \u2013 minimizes vibrations and sound distortion.<\/li>\n<li class=\"translation-block\"><strong>6 dB\/oct high-pass filter<\/strong> \u2013 precise band separation for better sound quality.<\/li>\n<li class=\"translation-block\"><strong>Hexagon Style Design<\/strong> \u2013 elegant protective grill included.<\/li>\n<\/ul>\n<p>These speakers are specifically designed for Harley Davidson Touring motorcycles, offering reliability and excellent sound quality even in challenging conditions. Upgrade your bike and enjoy your music on a whole new level!<\/p>","protected":false},"excerpt":{"rendered":"<ul>\n<li class=\"translation-block\"><strong>Frequency response:<\/strong> from 75 Hz to 20,000 Hz \u2013 dynamic sound across the entire range.<\/li>\n<li class=\"translation-block\"><strong>Maximum power:<\/strong> 300 W \u2013 excellent sound quality<\/li>\n<li class=\"translation-block\"><strong>Waterproof membrane:<\/strong> resistant to moisture and weather conditions.<\/li>\n<li class=\"translation-block\"><strong>UV resistance:<\/strong> guaranteed durability in intense sunlight.<\/li>\n<li class=\"translation-block\"><strong>28mm (1.1\u2033) PEI tweeter:<\/strong> for crystal clear highs.<\/li>\n<li class=\"translation-block\"><strong>Neodymium magnet:<\/strong> light, compact, yet powerful<\/li>\n<li class=\"translation-block\"><strong>High excursion:<\/strong> for deeper and more powerful bass.<\/li>\n<\/ul>","protected":false},"featured_media":8188,"comment_status":"closed","ping_status":"closed","template":"","meta":{"_acf_changed":false},"product_cat":[50],"product_tag":[],"class_list":{"0":"post-8183","1":"product","2":"type-product","3":"status-publish","4":"has-post-thumbnail","6":"product_brand-ground-zero","7":"product_cat-glosniki","9":"first","10":"instock","11":"taxable","12":"shipping-taxable","13":"purchasable","14":"product-type-simple"},"acf":[],"yoast_head":"<!-- This site is optimized with the Yoast SEO Premium plugin v25.1 (Yoast SEO v26.0) - https:\/\/yoast.com\/wordpress\/plugins\/seo\/ -->\n<title>G\u0142o\u015bnik Ground Zero GZCF 69 XSPL-NEO do motocykli Harley Davidson. - Mefiu Motorcycle Audio<\/title>\n<meta name=\"description\" content=\"&quot;Nowo\u015b\u0107! G\u0142o\u015bniki 6\u00d79\u2033 2-dro\u017cne do motocykli Harley Davidson Touring. Pasmo przenoszenia 75 Hz \u2013 20 000 Hz, moc do 300 W, wodoodporne, odporne na UV. Idealne do ka\u017cdej podr\u00f3\u017cy!&quot;\" \/>\n<meta name=\"robots\" content=\"noindex, follow, max-snippet:-1, max-image-preview:large, max-video-preview:-1\" \/>\n<meta property=\"og:locale\" content=\"en_GB\" \/>\n<meta property=\"og:type\" content=\"article\" \/>\n<meta property=\"og:title\" content=\"G\u0142o\u015bnik Ground Zero GZCF 69 XSPL-NEO do motocykli Harley Davidson.\" \/>\n<meta property=\"og:description\" content=\"&quot;Nowo\u015b\u0107! G\u0142o\u015bniki 6\u00d79\u2033 2-dro\u017cne do motocykli Harley Davidson Touring. Pasmo przenoszenia 75 Hz \u2013 20 000 Hz, moc do 300 W, wodoodporne, odporne na UV. Idealne do ka\u017cdej podr\u00f3\u017cy!&quot;\" \/>\n<meta property=\"og:url\" content=\"https:\/\/motorcycle-audio.eu\/sklep\/glosniki\/glosnik-ground-zero-gzcf-69-xspl-neo-do-motocykli-harley-davidson\/\" \/>\n<meta property=\"og:site_name\" content=\"Mefiu Motorcycle Audio\" \/>\n<meta property=\"article:publisher\" content=\"https:\/\/www.facebook.com\/HarleyDavidsonAudio\" \/>\n<meta property=\"article:modified_time\" content=\"2025-01-14T10:20:05+00:00\" \/>\n<meta property=\"og:image\" content=\"https:\/\/motorcycle-audio.eu\/wp-content\/uploads\/2025\/01\/GZCF-69XSPL-NEO_1-kopia.webp\" \/>\n\t<meta property=\"og:image:width\" content=\"800\" \/>\n\t<meta property=\"og:image:height\" content=\"800\" \/>\n\t<meta property=\"og:image:type\" content=\"image\/webp\" \/>\n<meta name=\"twitter:card\" content=\"summary_large_image\" \/>\n<meta name=\"twitter:label1\" content=\"Est. reading time\" \/>\n\t<meta name=\"twitter:data1\" content=\"2 minutes\" \/>\n<script type=\"application\/ld+json\" class=\"yoast-schema-graph\">{\"@context\":\"https:\/\/schema.org\",\"@graph\":[{\"@type\":\"WebPage\",\"@id\":\"https:\/\/motorcycle-audio.eu\/sklep\/glosniki\/glosnik-ground-zero-gzcf-69-xspl-neo-do-motocykli-harley-davidson\/\",\"url\":\"https:\/\/motorcycle-audio.eu\/sklep\/glosniki\/glosnik-ground-zero-gzcf-69-xspl-neo-do-motocykli-harley-davidson\/\",\"name\":\"G\u0142o\u015bnik Ground Zero GZCF 69 XSPL-NEO do motocykli Harley Davidson. - Mefiu Motorcycle Audio\",\"isPartOf\":{\"@id\":\"https:\/\/ha.dkonto.pl\/#website\"},\"primaryImageOfPage\":{\"@id\":\"https:\/\/motorcycle-audio.eu\/sklep\/glosniki\/glosnik-ground-zero-gzcf-69-xspl-neo-do-motocykli-harley-davidson\/#primaryimage\"},\"image\":{\"@id\":\"https:\/\/motorcycle-audio.eu\/sklep\/glosniki\/glosnik-ground-zero-gzcf-69-xspl-neo-do-motocykli-harley-davidson\/#primaryimage\"},\"thumbnailUrl\":\"https:\/\/ha.dkonto.pl\/wp-content\/uploads\/2025\/01\/GZCF-69XSPL-NEO_1-kopia.webp\",\"datePublished\":\"2025-01-14T10:20:04+00:00\",\"dateModified\":\"2025-01-14T10:20:05+00:00\",\"description\":\"\\\"Nowo\u015b\u0107! G\u0142o\u015bniki 6\u00d79\u2033 2-dro\u017cne do motocykli Harley Davidson Touring. Pasmo przenoszenia 75 Hz \u2013 20 000 Hz, moc do 300 W, wodoodporne, odporne na UV. Idealne do ka\u017cdej podr\u00f3\u017cy!\\\"\",\"breadcrumb\":{\"@id\":\"https:\/\/motorcycle-audio.eu\/sklep\/glosniki\/glosnik-ground-zero-gzcf-69-xspl-neo-do-motocykli-harley-davidson\/#breadcrumb\"},\"inLanguage\":\"en-GB\",\"potentialAction\":[{\"@type\":\"ReadAction\",\"target\":[\"https:\/\/motorcycle-audio.eu\/sklep\/glosniki\/glosnik-ground-zero-gzcf-69-xspl-neo-do-motocykli-harley-davidson\/\"]}]},{\"@type\":\"ImageObject\",\"inLanguage\":\"en-GB\",\"@id\":\"https:\/\/motorcycle-audio.eu\/sklep\/glosniki\/glosnik-ground-zero-gzcf-69-xspl-neo-do-motocykli-harley-davidson\/#primaryimage\",\"url\":\"https:\/\/ha.dkonto.pl\/wp-content\/uploads\/2025\/01\/GZCF-69XSPL-NEO_1-kopia.webp\",\"contentUrl\":\"https:\/\/ha.dkonto.pl\/wp-content\/uploads\/2025\/01\/GZCF-69XSPL-NEO_1-kopia.webp\",\"width\":800,\"height\":800},{\"@type\":\"BreadcrumbList\",\"@id\":\"https:\/\/motorcycle-audio.eu\/sklep\/glosniki\/glosnik-ground-zero-gzcf-69-xspl-neo-do-motocykli-harley-davidson\/#breadcrumb\",\"itemListElement\":[{\"@type\":\"ListItem\",\"position\":1,\"name\":\"Strona g\u0142\u00f3wna\",\"item\":\"https:\/\/motorcycle-audio.eu\/\"},{\"@type\":\"ListItem\",\"position\":2,\"name\":\"Sklep\",\"item\":\"https:\/\/motorcycle-audio.eu\/sklep\/\"},{\"@type\":\"ListItem\",\"position\":3,\"name\":\"G\u0142o\u015bnik Ground Zero GZCF 69 XSPL-NEO do motocykli Harley Davidson.\"}]},{\"@type\":\"WebSite\",\"@id\":\"https:\/\/ha.dkonto.pl\/#website\",\"url\":\"https:\/\/ha.dkonto.pl\/\",\"name\":\"Mefiu Motorcycle Audio\",\"description\":\"Play it loud!\",\"publisher\":{\"@id\":\"https:\/\/ha.dkonto.pl\/#organization\"},\"potentialAction\":[{\"@type\":\"SearchAction\",\"target\":{\"@type\":\"EntryPoint\",\"urlTemplate\":\"https:\/\/ha.dkonto.pl\/?s={search_term_string}\"},\"query-input\":{\"@type\":\"PropertyValueSpecification\",\"valueRequired\":true,\"valueName\":\"search_term_string\"}}],\"inLanguage\":\"en-GB\"},{\"@type\":\"Organization\",\"@id\":\"https:\/\/ha.dkonto.pl\/#organization\",\"name\":\"Mefiu Motorcycle Audio\",\"url\":\"https:\/\/ha.dkonto.pl\/\",\"logo\":{\"@type\":\"ImageObject\",\"inLanguage\":\"en-GB\",\"@id\":\"https:\/\/ha.dkonto.pl\/#\/schema\/logo\/image\/\",\"url\":\"https:\/\/ha.dkonto.pl\/wp-content\/uploads\/2025\/05\/mefiu_logo.png\",\"contentUrl\":\"https:\/\/ha.dkonto.pl\/wp-content\/uploads\/2025\/05\/mefiu_logo.png\",\"width\":150,\"height\":150,\"caption\":\"Mefiu Motorcycle Audio\"},\"image\":{\"@id\":\"https:\/\/ha.dkonto.pl\/#\/schema\/logo\/image\/\"},\"sameAs\":[\"https:\/\/www.facebook.com\/HarleyDavidsonAudio\"]}]}<\/script>\n<!-- \/ Yoast SEO Premium plugin. -->","yoast_head_json":{"title":"Ground Zero GZCF 69 XSPL-NEO Speaker for Harley Davidson Motorcycles. - Mefiu Motorcycle Audio","description":"\"Nowo\\u015b\\u0107! G\\u0142o\\u015bniki 6\\u00d79\\u2033 2-dro\\u017cne do motocykli Harley Davidson Touring. Pasmo przenoszenia 75 Hz \\u2013 20 000 Hz, moc do 300 W, wodoodporne, odporne na UV. Idealne do ka\\u017cdej podr\\u00f3\\u017cy!\"","robots":{"index":"noindex","follow":"follow","max-snippet":"max-snippet:-1","max-image-preview":"max-image-preview:large","max-video-preview":"max-video-preview:-1"},"og_locale":"en_GB","og_type":"article","og_title":"G\u0142o\u015bnik Ground Zero GZCF 69 XSPL-NEO do motocykli Harley Davidson.","og_description":"\"Nowo\u015b\u0107! G\u0142o\u015bniki 6\u00d79\u2033 2-dro\u017cne do motocykli Harley Davidson Touring. Pasmo przenoszenia 75 Hz \u2013 20 000 Hz, moc do 300 W, wodoodporne, odporne na UV. Idealne do ka\u017cdej podr\u00f3\u017cy!\"","og_url":"https:\/\/motorcycle-audio.eu\/sklep\/glosniki\/glosnik-ground-zero-gzcf-69-xspl-neo-do-motocykli-harley-davidson\/","og_site_name":"Mefiu Motorcycle Audio","article_publisher":"https:\/\/www.facebook.com\/HarleyDavidsonAudio","article_modified_time":"2025-01-14T10:20:05+00:00","og_image":[{"width":800,"height":800,"url":"https:\/\/motorcycle-audio.eu\/wp-content\/uploads\/2025\/01\/GZCF-69XSPL-NEO_1-kopia.webp","type":"image\/webp"}],"twitter_card":"summary_large_image","twitter_misc":{"Est. reading time":"2 minutes"},"schema":{"@context":"https:\/\/schema.org","@graph":[{"@type":"WebPage","@id":"https:\/\/motorcycle-audio.eu\/sklep\/glosniki\/glosnik-ground-zero-gzcf-69-xspl-neo-do-motocykli-harley-davidson\/","url":"https:\/\/motorcycle-audio.eu\/sklep\/glosniki\/glosnik-ground-zero-gzcf-69-xspl-neo-do-motocykli-harley-davidson\/","name":"Ground Zero GZCF 69 XSPL-NEO Speaker for Harley Davidson Motorcycles. - Mefiu Motorcycle Audio","isPartOf":{"@id":"https:\/\/ha.dkonto.pl\/#website"},"primaryImageOfPage":{"@id":"https:\/\/motorcycle-audio.eu\/sklep\/glosniki\/glosnik-ground-zero-gzcf-69-xspl-neo-do-motocykli-harley-davidson\/#primaryimage"},"image":{"@id":"https:\/\/motorcycle-audio.eu\/sklep\/glosniki\/glosnik-ground-zero-gzcf-69-xspl-neo-do-motocykli-harley-davidson\/#primaryimage"},"thumbnailUrl":"https:\/\/ha.dkonto.pl\/wp-content\/uploads\/2025\/01\/GZCF-69XSPL-NEO_1-kopia.webp","datePublished":"2025-01-14T10:20:04+00:00","dateModified":"2025-01-14T10:20:05+00:00","description":"\"Nowo\\u015b\\u0107! G\\u0142o\\u015bniki 6\\u00d79\\u2033 2-dro\\u017cne do motocykli Harley Davidson Touring. Pasmo przenoszenia 75 Hz \\u2013 20 000 Hz, moc do 300 W, wodoodporne, odporne na UV. Idealne do ka\\u017cdej podr\\u00f3\\u017cy!\"","breadcrumb":{"@id":"https:\/\/motorcycle-audio.eu\/sklep\/glosniki\/glosnik-ground-zero-gzcf-69-xspl-neo-do-motocykli-harley-davidson\/#breadcrumb"},"inLanguage":"en-GB","potentialAction":[{"@type":"ReadAction","target":["https:\/\/motorcycle-audio.eu\/sklep\/glosniki\/glosnik-ground-zero-gzcf-69-xspl-neo-do-motocykli-harley-davidson\/"]}]},{"@type":"ImageObject","inLanguage":"en-GB","@id":"https:\/\/motorcycle-audio.eu\/sklep\/glosniki\/glosnik-ground-zero-gzcf-69-xspl-neo-do-motocykli-harley-davidson\/#primaryimage","url":"https:\/\/ha.dkonto.pl\/wp-content\/uploads\/2025\/01\/GZCF-69XSPL-NEO_1-kopia.webp","contentUrl":"https:\/\/ha.dkonto.pl\/wp-content\/uploads\/2025\/01\/GZCF-69XSPL-NEO_1-kopia.webp","width":800,"height":800},{"@type":"BreadcrumbList","@id":"https:\/\/motorcycle-audio.eu\/sklep\/glosniki\/glosnik-ground-zero-gzcf-69-xspl-neo-do-motocykli-harley-davidson\/#breadcrumb","itemListElement":[{"@type":"ListItem","position":1,"name":"Strona g\u0142\u00f3wna","item":"https:\/\/motorcycle-audio.eu\/"},{"@type":"ListItem","position":2,"name":"Sklep","item":"https:\/\/motorcycle-audio.eu\/sklep\/"},{"@type":"ListItem","position":3,"name":"G\u0142o\u015bnik Ground Zero GZCF 69 XSPL-NEO do motocykli Harley Davidson."}]},{"@type":"WebSite","@id":"https:\/\/ha.dkonto.pl\/#website","url":"https:\/\/ha.dkonto.pl\/","name":"Mefiu Motorcycle Audio","description":"Play it loud!","publisher":{"@id":"https:\/\/ha.dkonto.pl\/#organization"},"potentialAction":[{"@type":"SearchAction","target":{"@type":"EntryPoint","urlTemplate":"https:\/\/ha.dkonto.pl\/?s={search_term_string}"},"query-input":{"@type":"PropertyValueSpecification","valueRequired":true,"valueName":"search_term_string"}}],"inLanguage":"en-GB"},{"@type":"Organization","@id":"https:\/\/ha.dkonto.pl\/#organization","name":"Mefiu Motorcycle Audio","url":"https:\/\/ha.dkonto.pl\/","logo":{"@type":"ImageObject","inLanguage":"en-GB","@id":"https:\/\/ha.dkonto.pl\/#\/schema\/logo\/image\/","url":"https:\/\/ha.dkonto.pl\/wp-content\/uploads\/2025\/05\/mefiu_logo.png","contentUrl":"https:\/\/ha.dkonto.pl\/wp-content\/uploads\/2025\/05\/mefiu_logo.png","width":150,"height":150,"caption":"Mefiu Motorcycle Audio"},"image":{"@id":"https:\/\/ha.dkonto.pl\/#\/schema\/logo\/image\/"},"sameAs":["https:\/\/www.facebook.com\/HarleyDavidsonAudio"]}]}},"jetpack_sharing_enabled":true,"_links":{"self":[{"href":"https:\/\/ha.dkonto.pl\/en\/wp-json\/wp\/v2\/product\/8183","targetHints":{"allow":["GET"]}}],"collection":[{"href":"https:\/\/ha.dkonto.pl\/en\/wp-json\/wp\/v2\/product"}],"about":[{"href":"https:\/\/ha.dkonto.pl\/en\/wp-json\/wp\/v2\/types\/product"}],"replies":[{"embeddable":true,"href":"https:\/\/ha.dkonto.pl\/en\/wp-json\/wp\/v2\/comments?post=8183"}],"version-history":[{"count":0,"href":"https:\/\/ha.dkonto.pl\/en\/wp-json\/wp\/v2\/product\/8183\/revisions"}],"wp:featuredmedia":[{"embeddable":true,"href":"https:\/\/ha.dkonto.pl\/en\/wp-json\/wp\/v2\/media\/8188"}],"wp:attachment":[{"href":"https:\/\/ha.dkonto.pl\/en\/wp-json\/wp\/v2\/media?parent=8183"}],"wp:term":[{"taxonomy":"product_cat","embeddable":true,"href":"https:\/\/ha.dkonto.pl\/en\/wp-json\/wp\/v2\/product_cat?post=8183"},{"taxonomy":"product_tag","embeddable":true,"href":"https:\/\/ha.dkonto.pl\/en\/wp-json\/wp\/v2\/product_tag?post=8183"}],"curies":[{"name":"wp","href":"https:\/\/api.w.org\/{rel}","templated":true}]}}