{"id":8171,"date":"2025-01-09T12:05:01","date_gmt":"2025-01-09T11:05:01","guid":{"rendered":"https:\/\/motorcycle-audio.eu\/?post_type=product&#038;p=8171"},"modified":"2025-01-09T12:12:49","modified_gmt":"2025-01-09T11:12:49","slug":"hertz-s8-dsp-for-harley-davidson-motorcycles","status":"publish","type":"product","link":"https:\/\/ha.dkonto.pl\/en\/shop\/accessories\/dsp-processors\/hertz-s8-dsp-for-harley-davidson-motorcycles\/","title":{"rendered":"DSP Hertz S8 Digital Processor for Harley Davidson Motorcycles"},"content":{"rendered":"<p class=\"translation-block\"><strong>S8 DSP<\/strong> is an innovative solution for integrating factory audio sources in car, motorcycle, and boat audio projects. This ultra-compact sound processor is the essence of cutting-edge technology, enclosed in a weather-resistant housing made of metal and composite materials.<\/p>\n<p><strong>Key features:<\/strong><\/p>\n<ul>\n<li class=\"translation-block\"><strong>Hi-Res Audio:<\/strong> JAS (Japan Audio Society) certification confirming exceptional sound quality thanks to signal processing at 96 kHz \/ 24 bit resolution.<\/li>\n<li class=\"translation-block\"><strong>Advanced configuration:<\/strong> 6 input channels (high- and low-level), SPDIF digital input (coaxial) and 8 output channels.<\/li>\n<li class=\"translation-block\"><strong>Precise Customization:<\/strong> Each of the 8 output channels offers level control, 15-band parametric EQ, time delays and crossover filters.<\/li>\n<li class=\"translation-block\"><strong>OEM Equalization:<\/strong> 7-band parametric equalizer for the input signal allows for a flat audio response, eliminating the exaggerated low-frequency boost typical of factory audio sources.<\/li>\n<li class=\"translation-block\"><strong>Versatile:<\/strong> Ideal for digital connections with Hi-Res players for maximum listening quality.<\/li>\n<\/ul>\n<p class=\"translation-block\"><strong>S8 DSP<\/strong> is the perfect choice for audio specialists and enthusiasts who want to achieve the highest sound quality in their Harley-Davidson motorcycle. Combine technology with passion and enjoy music on a whole new level!<\/p>\n<p>Please contact us to learn more about the capabilities of this unique device.<\/p>\n<p>&nbsp;<\/p>","protected":false},"excerpt":{"rendered":"<ul>\n<li class=\"translation-block\"><strong>Flexibility:<\/strong> Perfect for Harley-Davidson motorcycles<\/li>\n<li class=\"translation-block\"><strong>Compact design:<\/strong> Corrosion-resistant housing<\/li>\n<li class=\"translation-block\"><strong>Hi-Res Audio:<\/strong> Supports 96 kHz \/ 24-bit JAS certified audio.<\/li>\n<li class=\"translation-block\"><strong>Advanced DSP:<\/strong> 32-bit processor with precise sound configuration.<\/li>\n<li class=\"translation-block\"><strong>Multi-channel:<\/strong> 6 analog inputs, 8 outputs with full parameter control<\/li>\n<\/ul>","protected":false},"featured_media":8180,"comment_status":"closed","ping_status":"closed","template":"","meta":{"_acf_changed":false},"product_cat":[64],"product_tag":[],"class_list":{"0":"post-8171","1":"product","2":"type-product","3":"status-publish","4":"has-post-thumbnail","6":"product_brand-hertz","7":"product_cat-procesory-dsp","9":"first","10":"instock","11":"taxable","12":"shipping-taxable","13":"purchasable","14":"product-type-simple"},"acf":[],"yoast_head":"<!-- This site is optimized with the Yoast SEO Premium plugin v25.1 (Yoast SEO v26.0) - https:\/\/yoast.com\/wordpress\/plugins\/seo\/ -->\n<title>DSP Procesor cyfrowy Hertz S8 do motocykli Harley Davidson - Mefiu Motorcycle Audio<\/title>\n<meta name=\"description\" content=\"Profesjonalne systemy audio dla motocykli Harley-Davidson \u2013 ulepsz swoje brzmienie dzi\u0119ki najwy\u017cszej jako\u015bci procesorowi d\u017awi\u0119ku S8 DSP. Hi-Res Audio, precyzyjna konfiguracja i kompaktowa, odporna konstrukcja. Sprawd\u017a nasze rozwi\u0105zania audio dla motocykli!\" \/>\n<meta name=\"robots\" content=\"noindex, follow, max-snippet:-1, max-image-preview:large, max-video-preview:-1\" \/>\n<meta property=\"og:locale\" content=\"en_GB\" \/>\n<meta property=\"og:type\" content=\"article\" \/>\n<meta property=\"og:title\" content=\"DSP Procesor cyfrowy Hertz S8 do motocykli Harley Davidson\" \/>\n<meta property=\"og:description\" content=\"Profesjonalne systemy audio dla motocykli Harley-Davidson \u2013 ulepsz swoje brzmienie dzi\u0119ki najwy\u017cszej jako\u015bci procesorowi d\u017awi\u0119ku S8 DSP. Hi-Res Audio, precyzyjna konfiguracja i kompaktowa, odporna konstrukcja. Sprawd\u017a nasze rozwi\u0105zania audio dla motocykli!\" \/>\n<meta property=\"og:url\" content=\"https:\/\/motorcycle-audio.eu\/sklep\/akcesoria\/procesory-dsp\/dsp-hertz-s8-do-motocykli-harley-davidson\/\" \/>\n<meta property=\"og:site_name\" content=\"Mefiu Motorcycle Audio\" \/>\n<meta property=\"article:publisher\" content=\"https:\/\/www.facebook.com\/HarleyDavidsonAudio\" \/>\n<meta property=\"article:modified_time\" content=\"2025-01-09T11:12:49+00:00\" \/>\n<meta property=\"og:image\" content=\"https:\/\/motorcycle-audio.eu\/wp-content\/uploads\/2025\/01\/Hertz-S8-DSP.webp\" \/>\n\t<meta property=\"og:image:width\" content=\"1200\" \/>\n\t<meta property=\"og:image:height\" content=\"1200\" \/>\n\t<meta property=\"og:image:type\" content=\"image\/webp\" \/>\n<meta name=\"twitter:card\" content=\"summary_large_image\" \/>\n<meta name=\"twitter:label1\" content=\"Est. reading time\" \/>\n\t<meta name=\"twitter:data1\" content=\"2 minutes\" \/>\n<script type=\"application\/ld+json\" class=\"yoast-schema-graph\">{\"@context\":\"https:\/\/schema.org\",\"@graph\":[{\"@type\":\"WebPage\",\"@id\":\"https:\/\/motorcycle-audio.eu\/sklep\/akcesoria\/procesory-dsp\/dsp-hertz-s8-do-motocykli-harley-davidson\/\",\"url\":\"https:\/\/motorcycle-audio.eu\/sklep\/akcesoria\/procesory-dsp\/dsp-hertz-s8-do-motocykli-harley-davidson\/\",\"name\":\"DSP Procesor cyfrowy Hertz S8 do motocykli Harley Davidson - Mefiu Motorcycle Audio\",\"isPartOf\":{\"@id\":\"https:\/\/ha.dkonto.pl\/#website\"},\"primaryImageOfPage\":{\"@id\":\"https:\/\/motorcycle-audio.eu\/sklep\/akcesoria\/procesory-dsp\/dsp-hertz-s8-do-motocykli-harley-davidson\/#primaryimage\"},\"image\":{\"@id\":\"https:\/\/motorcycle-audio.eu\/sklep\/akcesoria\/procesory-dsp\/dsp-hertz-s8-do-motocykli-harley-davidson\/#primaryimage\"},\"thumbnailUrl\":\"https:\/\/ha.dkonto.pl\/wp-content\/uploads\/2025\/01\/Hertz-S8-DSP.webp\",\"datePublished\":\"2025-01-09T11:05:01+00:00\",\"dateModified\":\"2025-01-09T11:12:49+00:00\",\"description\":\"Profesjonalne systemy audio dla motocykli Harley-Davidson \u2013 ulepsz swoje brzmienie dzi\u0119ki najwy\u017cszej jako\u015bci procesorowi d\u017awi\u0119ku S8 DSP. Hi-Res Audio, precyzyjna konfiguracja i kompaktowa, odporna konstrukcja. Sprawd\u017a nasze rozwi\u0105zania audio dla motocykli!\",\"breadcrumb\":{\"@id\":\"https:\/\/motorcycle-audio.eu\/sklep\/akcesoria\/procesory-dsp\/dsp-hertz-s8-do-motocykli-harley-davidson\/#breadcrumb\"},\"inLanguage\":\"en-GB\",\"potentialAction\":[{\"@type\":\"ReadAction\",\"target\":[\"https:\/\/motorcycle-audio.eu\/sklep\/akcesoria\/procesory-dsp\/dsp-hertz-s8-do-motocykli-harley-davidson\/\"]}]},{\"@type\":\"ImageObject\",\"inLanguage\":\"en-GB\",\"@id\":\"https:\/\/motorcycle-audio.eu\/sklep\/akcesoria\/procesory-dsp\/dsp-hertz-s8-do-motocykli-harley-davidson\/#primaryimage\",\"url\":\"https:\/\/ha.dkonto.pl\/wp-content\/uploads\/2025\/01\/Hertz-S8-DSP.webp\",\"contentUrl\":\"https:\/\/ha.dkonto.pl\/wp-content\/uploads\/2025\/01\/Hertz-S8-DSP.webp\",\"width\":1200,\"height\":1200},{\"@type\":\"BreadcrumbList\",\"@id\":\"https:\/\/motorcycle-audio.eu\/sklep\/akcesoria\/procesory-dsp\/dsp-hertz-s8-do-motocykli-harley-davidson\/#breadcrumb\",\"itemListElement\":[{\"@type\":\"ListItem\",\"position\":1,\"name\":\"Strona g\u0142\u00f3wna\",\"item\":\"https:\/\/motorcycle-audio.eu\/\"},{\"@type\":\"ListItem\",\"position\":2,\"name\":\"Sklep\",\"item\":\"https:\/\/motorcycle-audio.eu\/sklep\/\"},{\"@type\":\"ListItem\",\"position\":3,\"name\":\"DSP Procesor cyfrowy Hertz S8 do motocykli Harley Davidson\"}]},{\"@type\":\"WebSite\",\"@id\":\"https:\/\/ha.dkonto.pl\/#website\",\"url\":\"https:\/\/ha.dkonto.pl\/\",\"name\":\"Mefiu Motorcycle Audio\",\"description\":\"Play it loud!\",\"publisher\":{\"@id\":\"https:\/\/ha.dkonto.pl\/#organization\"},\"potentialAction\":[{\"@type\":\"SearchAction\",\"target\":{\"@type\":\"EntryPoint\",\"urlTemplate\":\"https:\/\/ha.dkonto.pl\/?s={search_term_string}\"},\"query-input\":{\"@type\":\"PropertyValueSpecification\",\"valueRequired\":true,\"valueName\":\"search_term_string\"}}],\"inLanguage\":\"en-GB\"},{\"@type\":\"Organization\",\"@id\":\"https:\/\/ha.dkonto.pl\/#organization\",\"name\":\"Mefiu Motorcycle Audio\",\"url\":\"https:\/\/ha.dkonto.pl\/\",\"logo\":{\"@type\":\"ImageObject\",\"inLanguage\":\"en-GB\",\"@id\":\"https:\/\/ha.dkonto.pl\/#\/schema\/logo\/image\/\",\"url\":\"https:\/\/ha.dkonto.pl\/wp-content\/uploads\/2025\/05\/mefiu_logo.png\",\"contentUrl\":\"https:\/\/ha.dkonto.pl\/wp-content\/uploads\/2025\/05\/mefiu_logo.png\",\"width\":150,\"height\":150,\"caption\":\"Mefiu Motorcycle Audio\"},\"image\":{\"@id\":\"https:\/\/ha.dkonto.pl\/#\/schema\/logo\/image\/\"},\"sameAs\":[\"https:\/\/www.facebook.com\/HarleyDavidsonAudio\"]}]}<\/script>\n<!-- \/ Yoast SEO Premium plugin. -->","yoast_head_json":{"title":"DSP Hertz S8 Digital Processor for Harley Davidson Motorcycles - Mefiu Motorcycle Audio","description":"Professional audio systems for Harley-Davidson motorcycles \u2013 enhance your sound with the premium S8 DSP audio processor. Hi-Res Audio, precise tuning, and a compact, durable design. Check out our motorcycle audio solutions!","robots":{"index":"noindex","follow":"follow","max-snippet":"max-snippet:-1","max-image-preview":"max-image-preview:large","max-video-preview":"max-video-preview:-1"},"og_locale":"en_GB","og_type":"article","og_title":"DSP Procesor cyfrowy Hertz S8 do motocykli Harley Davidson","og_description":"Profesjonalne systemy audio dla motocykli Harley-Davidson \u2013 ulepsz swoje brzmienie dzi\u0119ki najwy\u017cszej jako\u015bci procesorowi d\u017awi\u0119ku S8 DSP. Hi-Res Audio, precyzyjna konfiguracja i kompaktowa, odporna konstrukcja. Sprawd\u017a nasze rozwi\u0105zania audio dla motocykli!","og_url":"https:\/\/motorcycle-audio.eu\/sklep\/akcesoria\/procesory-dsp\/dsp-hertz-s8-do-motocykli-harley-davidson\/","og_site_name":"Mefiu Motorcycle Audio","article_publisher":"https:\/\/www.facebook.com\/HarleyDavidsonAudio","article_modified_time":"2025-01-09T11:12:49+00:00","og_image":[{"width":1200,"height":1200,"url":"https:\/\/motorcycle-audio.eu\/wp-content\/uploads\/2025\/01\/Hertz-S8-DSP.webp","type":"image\/webp"}],"twitter_card":"summary_large_image","twitter_misc":{"Est. reading time":"2 minutes"},"schema":{"@context":"https:\/\/schema.org","@graph":[{"@type":"WebPage","@id":"https:\/\/motorcycle-audio.eu\/sklep\/akcesoria\/procesory-dsp\/dsp-hertz-s8-do-motocykli-harley-davidson\/","url":"https:\/\/motorcycle-audio.eu\/sklep\/akcesoria\/procesory-dsp\/dsp-hertz-s8-do-motocykli-harley-davidson\/","name":"DSP Hertz S8 Digital Processor for Harley Davidson Motorcycles - Mefiu Motorcycle Audio","isPartOf":{"@id":"https:\/\/ha.dkonto.pl\/#website"},"primaryImageOfPage":{"@id":"https:\/\/motorcycle-audio.eu\/sklep\/akcesoria\/procesory-dsp\/dsp-hertz-s8-do-motocykli-harley-davidson\/#primaryimage"},"image":{"@id":"https:\/\/motorcycle-audio.eu\/sklep\/akcesoria\/procesory-dsp\/dsp-hertz-s8-do-motocykli-harley-davidson\/#primaryimage"},"thumbnailUrl":"https:\/\/ha.dkonto.pl\/wp-content\/uploads\/2025\/01\/Hertz-S8-DSP.webp","datePublished":"2025-01-09T11:05:01+00:00","dateModified":"2025-01-09T11:12:49+00:00","description":"Professional audio systems for Harley-Davidson motorcycles \u2013 enhance your sound with the premium S8 DSP audio processor. Hi-Res Audio, precise tuning, and a compact, durable design. Check out our motorcycle audio solutions!","breadcrumb":{"@id":"https:\/\/motorcycle-audio.eu\/sklep\/akcesoria\/procesory-dsp\/dsp-hertz-s8-do-motocykli-harley-davidson\/#breadcrumb"},"inLanguage":"en-GB","potentialAction":[{"@type":"ReadAction","target":["https:\/\/motorcycle-audio.eu\/sklep\/akcesoria\/procesory-dsp\/dsp-hertz-s8-do-motocykli-harley-davidson\/"]}]},{"@type":"ImageObject","inLanguage":"en-GB","@id":"https:\/\/motorcycle-audio.eu\/sklep\/akcesoria\/procesory-dsp\/dsp-hertz-s8-do-motocykli-harley-davidson\/#primaryimage","url":"https:\/\/ha.dkonto.pl\/wp-content\/uploads\/2025\/01\/Hertz-S8-DSP.webp","contentUrl":"https:\/\/ha.dkonto.pl\/wp-content\/uploads\/2025\/01\/Hertz-S8-DSP.webp","width":1200,"height":1200},{"@type":"BreadcrumbList","@id":"https:\/\/motorcycle-audio.eu\/sklep\/akcesoria\/procesory-dsp\/dsp-hertz-s8-do-motocykli-harley-davidson\/#breadcrumb","itemListElement":[{"@type":"ListItem","position":1,"name":"Strona g\u0142\u00f3wna","item":"https:\/\/motorcycle-audio.eu\/"},{"@type":"ListItem","position":2,"name":"Sklep","item":"https:\/\/motorcycle-audio.eu\/sklep\/"},{"@type":"ListItem","position":3,"name":"DSP Procesor cyfrowy Hertz S8 do motocykli Harley Davidson"}]},{"@type":"WebSite","@id":"https:\/\/ha.dkonto.pl\/#website","url":"https:\/\/ha.dkonto.pl\/","name":"Mefiu Motorcycle Audio","description":"Play it loud!","publisher":{"@id":"https:\/\/ha.dkonto.pl\/#organization"},"potentialAction":[{"@type":"SearchAction","target":{"@type":"EntryPoint","urlTemplate":"https:\/\/ha.dkonto.pl\/?s={search_term_string}"},"query-input":{"@type":"PropertyValueSpecification","valueRequired":true,"valueName":"search_term_string"}}],"inLanguage":"en-GB"},{"@type":"Organization","@id":"https:\/\/ha.dkonto.pl\/#organization","name":"Mefiu Motorcycle Audio","url":"https:\/\/ha.dkonto.pl\/","logo":{"@type":"ImageObject","inLanguage":"en-GB","@id":"https:\/\/ha.dkonto.pl\/#\/schema\/logo\/image\/","url":"https:\/\/ha.dkonto.pl\/wp-content\/uploads\/2025\/05\/mefiu_logo.png","contentUrl":"https:\/\/ha.dkonto.pl\/wp-content\/uploads\/2025\/05\/mefiu_logo.png","width":150,"height":150,"caption":"Mefiu Motorcycle Audio"},"image":{"@id":"https:\/\/ha.dkonto.pl\/#\/schema\/logo\/image\/"},"sameAs":["https:\/\/www.facebook.com\/HarleyDavidsonAudio"]}]}},"jetpack_sharing_enabled":true,"_links":{"self":[{"href":"https:\/\/ha.dkonto.pl\/en\/wp-json\/wp\/v2\/product\/8171","targetHints":{"allow":["GET"]}}],"collection":[{"href":"https:\/\/ha.dkonto.pl\/en\/wp-json\/wp\/v2\/product"}],"about":[{"href":"https:\/\/ha.dkonto.pl\/en\/wp-json\/wp\/v2\/types\/product"}],"replies":[{"embeddable":true,"href":"https:\/\/ha.dkonto.pl\/en\/wp-json\/wp\/v2\/comments?post=8171"}],"version-history":[{"count":0,"href":"https:\/\/ha.dkonto.pl\/en\/wp-json\/wp\/v2\/product\/8171\/revisions"}],"wp:featuredmedia":[{"embeddable":true,"href":"https:\/\/ha.dkonto.pl\/en\/wp-json\/wp\/v2\/media\/8180"}],"wp:attachment":[{"href":"https:\/\/ha.dkonto.pl\/en\/wp-json\/wp\/v2\/media?parent=8171"}],"wp:term":[{"taxonomy":"product_cat","embeddable":true,"href":"https:\/\/ha.dkonto.pl\/en\/wp-json\/wp\/v2\/product_cat?post=8171"},{"taxonomy":"product_tag","embeddable":true,"href":"https:\/\/ha.dkonto.pl\/en\/wp-json\/wp\/v2\/product_tag?post=8171"}],"curies":[{"name":"wp","href":"https:\/\/api.w.org\/{rel}","templated":true}]}}