{"id":8135,"date":"2025-01-07T15:24:56","date_gmt":"2025-01-07T14:24:56","guid":{"rendered":"https:\/\/motorcycle-audio.eu\/?post_type=product&#038;p=8135"},"modified":"2025-10-07T23:15:45","modified_gmt":"2025-10-07T21:15:45","slug":"xspower-psx30l-agm-battery-for-harley-davidson-touring-motorcycles","status":"publish","type":"product","link":"https:\/\/ha.dkonto.pl\/en\/shop\/accessories\/harley-touring-batteries\/xspower-psx30l-agm-battery-for-harley-davidson-touring-motorcycles\/","title":{"rendered":"XSPower PSX30L AGM battery for Harley Davidson Touring motorcycles"},"content":{"rendered":"<p class=\"translation-block\">The XS Power PSX30L battery is a versatile and reliable product that <strong>works perfectly in Harley-Davidson Touring series motorcycles<\/strong>. Thanks to its parameters and construction, it\u2019s an excellent replacement for original batteries, offering better performance and longer lifespan. In addition to motorcycles, it can also be used in recreational vehicles such as UTVs, jet skis, and snowmobiles.<\/p>\n<p>Thanks to AGM (Absorbent Glass Mat) technology, this battery provides stable energy, also ideal for powering accessories such as audio systems, lighting and other electronic devices.<\/p>\n<p><strong>Key features:<\/strong><\/p>\n<ul>\n<li class=\"translation-block\"><strong>Designed for Harley-Davidson Touring motorcycles:<\/strong> Fits in place of the standard battery, offering increased starting power and reliability.<\/li>\n<li class=\"translation-block\"><strong>High energy efficiency:<\/strong> Maximum current of 2,000 A and starting current of 500 A guarantee quick engine starting even in extreme weather conditions.<\/li>\n<li class=\"translation-block\"><strong>Safety and Durability:<\/strong> Sealed design protects against leaks and moisture, allowing safe use in demanding conditions.<\/li>\n<li class=\"translation-block\"><strong>Long-lasting performance:<\/strong> A reserve capacity of 57 minutes at full load ensures stable power in every situation.<\/li>\n<li class=\"translation-block\"><strong>Easy installation:<\/strong> M6 terminal screws are included for quick installation.<\/li>\n<\/ul>\n<p><strong>Technical specifications (metric):<\/strong><\/p>\n<ul>\n<li class=\"translation-block\"><strong>Voltage:<\/strong> 12 V<\/li>\n<li class=\"translation-block\"><strong>Size group:<\/strong> BCI Group 30L<\/li>\n<li class=\"translation-block\"><strong>Weight:<\/strong> 9.53 kg<\/li>\n<li><strong>Dimensions:<\/strong>\n<ul>\n<li>Length: 16.69 cm<\/li>\n<li>Height: 16.71 cm<\/li>\n<li>Width: 12.62 cm<\/li>\n<\/ul>\n<\/li>\n<li class=\"translation-block\"><strong>Maximum current:<\/strong> 2,000 A<\/li>\n<li class=\"translation-block\"><strong>Inrush current (CA):<\/strong> 500 A<\/li>\n<li class=\"translation-block\"><strong>Cold Starting Amps (CCA):<\/strong> 440 A<\/li>\n<li class=\"translation-block\"><strong>Capacity:<\/strong> 32 Ah<\/li>\n<li class=\"translation-block\"><strong>Reserve Capacity (RC):<\/strong> 57 minutes<\/li>\n<li class=\"translation-block\"><strong>Charging temperature range:<\/strong> from -15\u00b0C to 50\u00b0C<\/li>\n<\/ul>\n<p><strong>Additional information:<\/strong><\/p>\n<p class=\"translation-block\"><strong>XS Power PSX30L<\/strong> is <strong>an excellent choice for Harley-Davidson Touring motorcycle owners<\/strong> who expect top quality and reliability. Its higher technical specifications compared to standard batteries translate into better performance and greater comfort, both on daily rides and demanding routes. With a two-year warranty, you can be confident in its durability and dependability.<\/p>\n<p><img fetchpriority=\"high\" decoding=\"async\" class=\"alignnone size-medium wp-image-8146\" src=\"https:\/\/motorcycle-audio.eu\/wp-content\/uploads\/2025\/01\/XS_Power_logo-300x186.webp\" alt=\"\" width=\"300\" height=\"186\" srcset=\"https:\/\/ha.dkonto.pl\/wp-content\/uploads\/2025\/01\/XS_Power_logo-300x186.webp 300w, https:\/\/ha.dkonto.pl\/wp-content\/uploads\/2025\/01\/XS_Power_logo-400x248.webp 400w, https:\/\/ha.dkonto.pl\/wp-content\/uploads\/2025\/01\/XS_Power_logo.webp 600w\" sizes=\"(max-width: 300px) 100vw, 300px\" \/><\/p>\n<p>XS Power is an American company founded in 2005, specializing in the production of advanced AGM and lithium batteries. Its products are recognized worldwide for their reliability, durability, and innovative solutions.<\/p>\n<h3><strong>Key Features of XS Power:<\/strong><\/h3>\n<ul>\n<li class=\"translation-block\"><strong>High-performance batteries:<\/strong> Designed for performance vehicles, motorcycles, car audio systems and energy storage.<\/li>\n<li class=\"translation-block\"><strong>Modern technology:<\/strong> Vibration resistance, sealed design, fast charging and high starting power.<\/li>\n<li class=\"translation-block\"><strong>Global Recognition:<\/strong> Products used in motorsports, racing and by car audio enthusiasts worldwide.<\/li>\n<li class=\"translation-block\"><strong>Versatile applications:<\/strong> Batteries for Harley-Davidson motorcycles, electric vehicles, audio systems and industrial energy storage systems.<\/li>\n<\/ul>\n<p>XS Power is a trusted choice for users looking for the highest quality and reliability in both everyday and extreme conditions. \u26a1<\/p>\n<p>&nbsp;<\/p>","protected":false},"excerpt":{"rendered":"<ul>\n<li>Perfect replacement for Harley-Davidson Touring motorcycles.<\/li>\n<li>AGM technology ensures durability and vibration resistance.<\/li>\n<li>High starting power: 500 A (CA) and 440 A (CCA).<\/li>\n<li>Maximum current 2000 A to power accessories.<\/li>\n<li>Sealed construction resists leaks and moisture.<\/li>\n<li>Operation in a wide temperature range: from -15\u00b0C to 50\u00b0C.<\/li>\n<\/ul>","protected":false},"featured_media":8139,"comment_status":"closed","ping_status":"closed","template":"","meta":{"_acf_changed":false},"product_cat":[66],"product_tag":[],"class_list":{"0":"post-8135","1":"product","2":"type-product","3":"status-publish","4":"has-post-thumbnail","6":"product_brand-xspower","7":"product_cat-akumulator-harley-touring","9":"first","10":"instock","11":"taxable","12":"shipping-taxable","13":"purchasable","14":"product-type-simple"},"acf":[],"yoast_head":"<!-- This site is optimized with the Yoast SEO Premium plugin v25.1 (Yoast SEO v26.0) - https:\/\/yoast.com\/wordpress\/plugins\/seo\/ -->\n<title>Akumulator AGM XSPower PSX30L do Motocykli Harley Davidson Touring - Mefiu Motorcycle Audio<\/title>\n<meta name=\"description\" content=\"&quot;Akumulator XS Power PSX30L \u2013 zaawansowany AGM o wysokiej wydajno\u015bci, idealny do motocykli Harley-Davidson Touring. Oferuje du\u017c\u0105 moc rozruchow\u0105, nisk\u0105 wag\u0119, szybkie \u0142adowanie i trwa\u0142o\u015b\u0107 w ka\u017cdych warunkach.\" \/>\n<meta name=\"robots\" content=\"noindex, follow, max-snippet:-1, max-image-preview:large, max-video-preview:-1\" \/>\n<meta property=\"og:locale\" content=\"en_GB\" \/>\n<meta property=\"og:type\" content=\"article\" \/>\n<meta property=\"og:title\" content=\"Akumulator AGM XSPower PSX30L do Motocykli Harley Davidson Touring\" \/>\n<meta property=\"og:description\" content=\"&quot;Akumulator XS Power PSX30L \u2013 zaawansowany AGM o wysokiej wydajno\u015bci, idealny do motocykli Harley-Davidson Touring. Oferuje du\u017c\u0105 moc rozruchow\u0105, nisk\u0105 wag\u0119, szybkie \u0142adowanie i trwa\u0142o\u015b\u0107 w ka\u017cdych warunkach.\" \/>\n<meta property=\"og:url\" content=\"https:\/\/motorcycle-audio.eu\/sklep\/akcesoria\/akumulator-harley-touring\/akumulator-agm-xspower-psx30l-do-motocykli-harley-davidson-touring\/\" \/>\n<meta property=\"og:site_name\" content=\"Mefiu Motorcycle Audio\" \/>\n<meta property=\"article:publisher\" content=\"https:\/\/www.facebook.com\/HarleyDavidsonAudio\" \/>\n<meta property=\"article:modified_time\" content=\"2025-10-07T21:15:45+00:00\" \/>\n<meta property=\"og:image\" content=\"https:\/\/motorcycle-audio.eu\/wp-content\/uploads\/2025\/01\/PSX30L-turn.webp\" \/>\n\t<meta property=\"og:image:width\" content=\"550\" \/>\n\t<meta property=\"og:image:height\" content=\"550\" \/>\n\t<meta property=\"og:image:type\" content=\"image\/webp\" \/>\n<meta name=\"twitter:card\" content=\"summary_large_image\" \/>\n<meta name=\"twitter:label1\" content=\"Est. reading time\" \/>\n\t<meta name=\"twitter:data1\" content=\"3 minutes\" \/>\n<script type=\"application\/ld+json\" class=\"yoast-schema-graph\">{\"@context\":\"https:\/\/schema.org\",\"@graph\":[{\"@type\":\"WebPage\",\"@id\":\"https:\/\/motorcycle-audio.eu\/sklep\/akcesoria\/akumulator-harley-touring\/akumulator-agm-xspower-psx30l-do-motocykli-harley-davidson-touring\/\",\"url\":\"https:\/\/motorcycle-audio.eu\/sklep\/akcesoria\/akumulator-harley-touring\/akumulator-agm-xspower-psx30l-do-motocykli-harley-davidson-touring\/\",\"name\":\"Akumulator AGM XSPower PSX30L do Motocykli Harley Davidson Touring - Mefiu Motorcycle Audio\",\"isPartOf\":{\"@id\":\"https:\/\/ha.dkonto.pl\/#website\"},\"primaryImageOfPage\":{\"@id\":\"https:\/\/motorcycle-audio.eu\/sklep\/akcesoria\/akumulator-harley-touring\/akumulator-agm-xspower-psx30l-do-motocykli-harley-davidson-touring\/#primaryimage\"},\"image\":{\"@id\":\"https:\/\/motorcycle-audio.eu\/sklep\/akcesoria\/akumulator-harley-touring\/akumulator-agm-xspower-psx30l-do-motocykli-harley-davidson-touring\/#primaryimage\"},\"thumbnailUrl\":\"https:\/\/ha.dkonto.pl\/wp-content\/uploads\/2025\/01\/PSX30L-turn.webp\",\"datePublished\":\"2025-01-07T14:24:56+00:00\",\"dateModified\":\"2025-10-07T21:15:45+00:00\",\"description\":\"\\\"Akumulator XS Power PSX30L \u2013 zaawansowany AGM o wysokiej wydajno\u015bci, idealny do motocykli Harley-Davidson Touring. Oferuje du\u017c\u0105 moc rozruchow\u0105, nisk\u0105 wag\u0119, szybkie \u0142adowanie i trwa\u0142o\u015b\u0107 w ka\u017cdych warunkach.\",\"breadcrumb\":{\"@id\":\"https:\/\/motorcycle-audio.eu\/sklep\/akcesoria\/akumulator-harley-touring\/akumulator-agm-xspower-psx30l-do-motocykli-harley-davidson-touring\/#breadcrumb\"},\"inLanguage\":\"en-GB\",\"potentialAction\":[{\"@type\":\"ReadAction\",\"target\":[\"https:\/\/motorcycle-audio.eu\/sklep\/akcesoria\/akumulator-harley-touring\/akumulator-agm-xspower-psx30l-do-motocykli-harley-davidson-touring\/\"]}]},{\"@type\":\"ImageObject\",\"inLanguage\":\"en-GB\",\"@id\":\"https:\/\/motorcycle-audio.eu\/sklep\/akcesoria\/akumulator-harley-touring\/akumulator-agm-xspower-psx30l-do-motocykli-harley-davidson-touring\/#primaryimage\",\"url\":\"https:\/\/ha.dkonto.pl\/wp-content\/uploads\/2025\/01\/PSX30L-turn.webp\",\"contentUrl\":\"https:\/\/ha.dkonto.pl\/wp-content\/uploads\/2025\/01\/PSX30L-turn.webp\",\"width\":550,\"height\":550},{\"@type\":\"BreadcrumbList\",\"@id\":\"https:\/\/motorcycle-audio.eu\/sklep\/akcesoria\/akumulator-harley-touring\/akumulator-agm-xspower-psx30l-do-motocykli-harley-davidson-touring\/#breadcrumb\",\"itemListElement\":[{\"@type\":\"ListItem\",\"position\":1,\"name\":\"Strona g\u0142\u00f3wna\",\"item\":\"https:\/\/motorcycle-audio.eu\/\"},{\"@type\":\"ListItem\",\"position\":2,\"name\":\"Sklep\",\"item\":\"https:\/\/motorcycle-audio.eu\/sklep\/\"},{\"@type\":\"ListItem\",\"position\":3,\"name\":\"Akumulator AGM XSPower PSX30L do Motocykli Harley Davidson Touring\"}]},{\"@type\":\"WebSite\",\"@id\":\"https:\/\/ha.dkonto.pl\/#website\",\"url\":\"https:\/\/ha.dkonto.pl\/\",\"name\":\"Mefiu Motorcycle Audio\",\"description\":\"Play it loud!\",\"publisher\":{\"@id\":\"https:\/\/ha.dkonto.pl\/#organization\"},\"potentialAction\":[{\"@type\":\"SearchAction\",\"target\":{\"@type\":\"EntryPoint\",\"urlTemplate\":\"https:\/\/ha.dkonto.pl\/?s={search_term_string}\"},\"query-input\":{\"@type\":\"PropertyValueSpecification\",\"valueRequired\":true,\"valueName\":\"search_term_string\"}}],\"inLanguage\":\"en-GB\"},{\"@type\":\"Organization\",\"@id\":\"https:\/\/ha.dkonto.pl\/#organization\",\"name\":\"Mefiu Motorcycle Audio\",\"url\":\"https:\/\/ha.dkonto.pl\/\",\"logo\":{\"@type\":\"ImageObject\",\"inLanguage\":\"en-GB\",\"@id\":\"https:\/\/ha.dkonto.pl\/#\/schema\/logo\/image\/\",\"url\":\"https:\/\/ha.dkonto.pl\/wp-content\/uploads\/2025\/05\/mefiu_logo.png\",\"contentUrl\":\"https:\/\/ha.dkonto.pl\/wp-content\/uploads\/2025\/05\/mefiu_logo.png\",\"width\":150,\"height\":150,\"caption\":\"Mefiu Motorcycle Audio\"},\"image\":{\"@id\":\"https:\/\/ha.dkonto.pl\/#\/schema\/logo\/image\/\"},\"sameAs\":[\"https:\/\/www.facebook.com\/HarleyDavidsonAudio\"]}]}<\/script>\n<!-- \/ Yoast SEO Premium plugin. -->","yoast_head_json":{"title":"XSPower PSX30L AGM Battery for Harley Davidson Touring Motorcycles - Mefiu Motorcycle Audio","description":"XS Power PSX30L Battery \u2013 an advanced, high-performance AGM battery, ideal for Harley-Davidson Touring motorcycles. It offers high starting power, low weight, fast charging, and durability in all conditions.","robots":{"index":"noindex","follow":"follow","max-snippet":"max-snippet:-1","max-image-preview":"max-image-preview:large","max-video-preview":"max-video-preview:-1"},"og_locale":"en_GB","og_type":"article","og_title":"Akumulator AGM XSPower PSX30L do Motocykli Harley Davidson Touring","og_description":"\"Akumulator XS Power PSX30L \u2013 zaawansowany AGM o wysokiej wydajno\u015bci, idealny do motocykli Harley-Davidson Touring. Oferuje du\u017c\u0105 moc rozruchow\u0105, nisk\u0105 wag\u0119, szybkie \u0142adowanie i trwa\u0142o\u015b\u0107 w ka\u017cdych warunkach.","og_url":"https:\/\/motorcycle-audio.eu\/sklep\/akcesoria\/akumulator-harley-touring\/akumulator-agm-xspower-psx30l-do-motocykli-harley-davidson-touring\/","og_site_name":"Mefiu Motorcycle Audio","article_publisher":"https:\/\/www.facebook.com\/HarleyDavidsonAudio","article_modified_time":"2025-10-07T21:15:45+00:00","og_image":[{"width":550,"height":550,"url":"https:\/\/motorcycle-audio.eu\/wp-content\/uploads\/2025\/01\/PSX30L-turn.webp","type":"image\/webp"}],"twitter_card":"summary_large_image","twitter_misc":{"Est. reading time":"3 minutes"},"schema":{"@context":"https:\/\/schema.org","@graph":[{"@type":"WebPage","@id":"https:\/\/motorcycle-audio.eu\/sklep\/akcesoria\/akumulator-harley-touring\/akumulator-agm-xspower-psx30l-do-motocykli-harley-davidson-touring\/","url":"https:\/\/motorcycle-audio.eu\/sklep\/akcesoria\/akumulator-harley-touring\/akumulator-agm-xspower-psx30l-do-motocykli-harley-davidson-touring\/","name":"XSPower PSX30L AGM Battery for Harley Davidson Touring Motorcycles - Mefiu Motorcycle Audio","isPartOf":{"@id":"https:\/\/ha.dkonto.pl\/#website"},"primaryImageOfPage":{"@id":"https:\/\/motorcycle-audio.eu\/sklep\/akcesoria\/akumulator-harley-touring\/akumulator-agm-xspower-psx30l-do-motocykli-harley-davidson-touring\/#primaryimage"},"image":{"@id":"https:\/\/motorcycle-audio.eu\/sklep\/akcesoria\/akumulator-harley-touring\/akumulator-agm-xspower-psx30l-do-motocykli-harley-davidson-touring\/#primaryimage"},"thumbnailUrl":"https:\/\/ha.dkonto.pl\/wp-content\/uploads\/2025\/01\/PSX30L-turn.webp","datePublished":"2025-01-07T14:24:56+00:00","dateModified":"2025-10-07T21:15:45+00:00","description":"XS Power PSX30L Battery \u2013 an advanced, high-performance AGM battery, ideal for Harley-Davidson Touring motorcycles. It offers high starting power, low weight, fast charging, and durability in all conditions.","breadcrumb":{"@id":"https:\/\/motorcycle-audio.eu\/sklep\/akcesoria\/akumulator-harley-touring\/akumulator-agm-xspower-psx30l-do-motocykli-harley-davidson-touring\/#breadcrumb"},"inLanguage":"en-GB","potentialAction":[{"@type":"ReadAction","target":["https:\/\/motorcycle-audio.eu\/sklep\/akcesoria\/akumulator-harley-touring\/akumulator-agm-xspower-psx30l-do-motocykli-harley-davidson-touring\/"]}]},{"@type":"ImageObject","inLanguage":"en-GB","@id":"https:\/\/motorcycle-audio.eu\/sklep\/akcesoria\/akumulator-harley-touring\/akumulator-agm-xspower-psx30l-do-motocykli-harley-davidson-touring\/#primaryimage","url":"https:\/\/ha.dkonto.pl\/wp-content\/uploads\/2025\/01\/PSX30L-turn.webp","contentUrl":"https:\/\/ha.dkonto.pl\/wp-content\/uploads\/2025\/01\/PSX30L-turn.webp","width":550,"height":550},{"@type":"BreadcrumbList","@id":"https:\/\/motorcycle-audio.eu\/sklep\/akcesoria\/akumulator-harley-touring\/akumulator-agm-xspower-psx30l-do-motocykli-harley-davidson-touring\/#breadcrumb","itemListElement":[{"@type":"ListItem","position":1,"name":"Strona g\u0142\u00f3wna","item":"https:\/\/motorcycle-audio.eu\/"},{"@type":"ListItem","position":2,"name":"Sklep","item":"https:\/\/motorcycle-audio.eu\/sklep\/"},{"@type":"ListItem","position":3,"name":"Akumulator AGM XSPower PSX30L do Motocykli Harley Davidson Touring"}]},{"@type":"WebSite","@id":"https:\/\/ha.dkonto.pl\/#website","url":"https:\/\/ha.dkonto.pl\/","name":"Mefiu Motorcycle Audio","description":"Play it loud!","publisher":{"@id":"https:\/\/ha.dkonto.pl\/#organization"},"potentialAction":[{"@type":"SearchAction","target":{"@type":"EntryPoint","urlTemplate":"https:\/\/ha.dkonto.pl\/?s={search_term_string}"},"query-input":{"@type":"PropertyValueSpecification","valueRequired":true,"valueName":"search_term_string"}}],"inLanguage":"en-GB"},{"@type":"Organization","@id":"https:\/\/ha.dkonto.pl\/#organization","name":"Mefiu Motorcycle Audio","url":"https:\/\/ha.dkonto.pl\/","logo":{"@type":"ImageObject","inLanguage":"en-GB","@id":"https:\/\/ha.dkonto.pl\/#\/schema\/logo\/image\/","url":"https:\/\/ha.dkonto.pl\/wp-content\/uploads\/2025\/05\/mefiu_logo.png","contentUrl":"https:\/\/ha.dkonto.pl\/wp-content\/uploads\/2025\/05\/mefiu_logo.png","width":150,"height":150,"caption":"Mefiu Motorcycle Audio"},"image":{"@id":"https:\/\/ha.dkonto.pl\/#\/schema\/logo\/image\/"},"sameAs":["https:\/\/www.facebook.com\/HarleyDavidsonAudio"]}]}},"jetpack_sharing_enabled":true,"_links":{"self":[{"href":"https:\/\/ha.dkonto.pl\/en\/wp-json\/wp\/v2\/product\/8135","targetHints":{"allow":["GET"]}}],"collection":[{"href":"https:\/\/ha.dkonto.pl\/en\/wp-json\/wp\/v2\/product"}],"about":[{"href":"https:\/\/ha.dkonto.pl\/en\/wp-json\/wp\/v2\/types\/product"}],"replies":[{"embeddable":true,"href":"https:\/\/ha.dkonto.pl\/en\/wp-json\/wp\/v2\/comments?post=8135"}],"version-history":[{"count":0,"href":"https:\/\/ha.dkonto.pl\/en\/wp-json\/wp\/v2\/product\/8135\/revisions"}],"wp:featuredmedia":[{"embeddable":true,"href":"https:\/\/ha.dkonto.pl\/en\/wp-json\/wp\/v2\/media\/8139"}],"wp:attachment":[{"href":"https:\/\/ha.dkonto.pl\/en\/wp-json\/wp\/v2\/media?parent=8135"}],"wp:term":[{"taxonomy":"product_cat","embeddable":true,"href":"https:\/\/ha.dkonto.pl\/en\/wp-json\/wp\/v2\/product_cat?post=8135"},{"taxonomy":"product_tag","embeddable":true,"href":"https:\/\/ha.dkonto.pl\/en\/wp-json\/wp\/v2\/product_tag?post=8135"}],"curies":[{"name":"wp","href":"https:\/\/api.w.org\/{rel}","templated":true}]}}