{"id":8047,"date":"2024-09-30T11:12:02","date_gmt":"2024-09-30T09:12:02","guid":{"rendered":"https:\/\/motorcycle-audio.eu\/?post_type=product&#038;p=8047"},"modified":"2024-12-18T10:09:13","modified_gmt":"2024-12-18T09:09:13","slug":"metra-bc-9722-lower-fairing-speaker-y-harness","status":"publish","type":"product","link":"https:\/\/ha.dkonto.pl\/en\/shop\/accessories\/wires\/metra-bc-9722-lower-fairing-speaker-y-harness\/","title":{"rendered":"Metra BC-9722 Lower Fairing Y Harness Speaker Cable"},"content":{"rendered":"<ul>\n<li>Front speaker wiring harness when adding speaker modules in the lower fairing<\/li>\n<li class=\"translation-block\">Fits Harley Davidson\u00ae wiring configurations.\nOE connectors, plug-n-play.<\/li>\n<li>Texflex coated wire<\/li>\n<li>Sold in pairs<\/li>\n<\/ul>","protected":false},"excerpt":{"rendered":"<ul>\n<li>Front speaker wiring harness when adding speaker modules in the lower fairing<\/li>\n<li class=\"translation-block\">Fits Harley Davidson\u00ae wiring configurations.\nOE connectors, plug-n-play.<\/li>\n<li>Texflex coated wire<\/li>\n<li>Sold in pairs<\/li>\n<\/ul>","protected":false},"featured_media":8048,"comment_status":"closed","ping_status":"closed","template":"","meta":{"_acf_changed":false},"product_cat":[53,63],"product_tag":[],"class_list":{"0":"post-8047","1":"product","2":"type-product","3":"status-publish","4":"has-post-thumbnail","6":"product_brand-metra","7":"product_cat-akcesoria","8":"product_cat-przewody","10":"first","11":"instock","12":"taxable","13":"shipping-taxable","14":"purchasable","15":"product-type-simple"},"acf":[],"yoast_head":"<!-- This site is optimized with the Yoast SEO Premium plugin v25.1 (Yoast SEO v26.0) - https:\/\/yoast.com\/wordpress\/plugins\/seo\/ -->\n<title>Przew\u00f3d do pod\u0142\u0105czenia g\u0142o\u015bnik\u00f3w w go\u0142\u0119bnikach (Lower Fairing Y Harness) Metra BC-9722 - Mefiu Motorcycle Audio<\/title>\n<meta name=\"robots\" content=\"noindex, follow, max-snippet:-1, max-image-preview:large, max-video-preview:-1\" \/>\n<meta property=\"og:locale\" content=\"en_GB\" \/>\n<meta property=\"og:type\" content=\"article\" \/>\n<meta property=\"og:title\" content=\"Przew\u00f3d do pod\u0142\u0105czenia g\u0142o\u015bnik\u00f3w w go\u0142\u0119bnikach (Lower Fairing Y Harness) Metra BC-9722\" \/>\n<meta property=\"og:description\" content=\"Wi\u0105zka przewod\u00f3w g\u0142o\u015bnika przedniego w przypadku dodania modu\u0142\u00f3w g\u0142o\u015bnikowych w dolnej owiewce  Pasuje do konfiguracji okablowania Harley Davidson\u00ae Z\u0142\u0105cza OE, plug-n-play  Drut pokryty texflexem  Sprzedawane jako para\" \/>\n<meta property=\"og:url\" content=\"https:\/\/motorcycle-audio.eu\/sklep\/akcesoria\/przewody\/przewod-do-podlaczenia-glosnikow-w-golebnikach-lower-fairing-y-harness-metra-bc-9722\/\" \/>\n<meta property=\"og:site_name\" content=\"Mefiu Motorcycle Audio\" \/>\n<meta property=\"article:publisher\" content=\"https:\/\/www.facebook.com\/HarleyDavidsonAudio\" \/>\n<meta property=\"article:modified_time\" content=\"2024-12-18T09:09:13+00:00\" \/>\n<meta property=\"og:image\" content=\"https:\/\/motorcycle-audio.eu\/wp-content\/uploads\/2024\/09\/BC-9722.jpg\" \/>\n\t<meta property=\"og:image:width\" content=\"2500\" \/>\n\t<meta property=\"og:image:height\" content=\"2500\" \/>\n\t<meta property=\"og:image:type\" content=\"image\/jpeg\" \/>\n<meta name=\"twitter:card\" content=\"summary_large_image\" \/>\n<meta name=\"twitter:label1\" content=\"Est. reading time\" \/>\n\t<meta name=\"twitter:data1\" content=\"1 minute\" \/>\n<script type=\"application\/ld+json\" class=\"yoast-schema-graph\">{\"@context\":\"https:\/\/schema.org\",\"@graph\":[{\"@type\":\"WebPage\",\"@id\":\"https:\/\/motorcycle-audio.eu\/sklep\/akcesoria\/przewody\/przewod-do-podlaczenia-glosnikow-w-golebnikach-lower-fairing-y-harness-metra-bc-9722\/\",\"url\":\"https:\/\/motorcycle-audio.eu\/sklep\/akcesoria\/przewody\/przewod-do-podlaczenia-glosnikow-w-golebnikach-lower-fairing-y-harness-metra-bc-9722\/\",\"name\":\"Przew\u00f3d do pod\u0142\u0105czenia g\u0142o\u015bnik\u00f3w w go\u0142\u0119bnikach (Lower Fairing Y Harness) Metra BC-9722 - Mefiu Motorcycle Audio\",\"isPartOf\":{\"@id\":\"https:\/\/ha.dkonto.pl\/#website\"},\"primaryImageOfPage\":{\"@id\":\"https:\/\/motorcycle-audio.eu\/sklep\/akcesoria\/przewody\/przewod-do-podlaczenia-glosnikow-w-golebnikach-lower-fairing-y-harness-metra-bc-9722\/#primaryimage\"},\"image\":{\"@id\":\"https:\/\/motorcycle-audio.eu\/sklep\/akcesoria\/przewody\/przewod-do-podlaczenia-glosnikow-w-golebnikach-lower-fairing-y-harness-metra-bc-9722\/#primaryimage\"},\"thumbnailUrl\":\"https:\/\/ha.dkonto.pl\/wp-content\/uploads\/2024\/09\/BC-9722.jpg\",\"datePublished\":\"2024-09-30T09:12:02+00:00\",\"dateModified\":\"2024-12-18T09:09:13+00:00\",\"breadcrumb\":{\"@id\":\"https:\/\/motorcycle-audio.eu\/sklep\/akcesoria\/przewody\/przewod-do-podlaczenia-glosnikow-w-golebnikach-lower-fairing-y-harness-metra-bc-9722\/#breadcrumb\"},\"inLanguage\":\"en-GB\",\"potentialAction\":[{\"@type\":\"ReadAction\",\"target\":[\"https:\/\/motorcycle-audio.eu\/sklep\/akcesoria\/przewody\/przewod-do-podlaczenia-glosnikow-w-golebnikach-lower-fairing-y-harness-metra-bc-9722\/\"]}]},{\"@type\":\"ImageObject\",\"inLanguage\":\"en-GB\",\"@id\":\"https:\/\/motorcycle-audio.eu\/sklep\/akcesoria\/przewody\/przewod-do-podlaczenia-glosnikow-w-golebnikach-lower-fairing-y-harness-metra-bc-9722\/#primaryimage\",\"url\":\"https:\/\/ha.dkonto.pl\/wp-content\/uploads\/2024\/09\/BC-9722.jpg\",\"contentUrl\":\"https:\/\/ha.dkonto.pl\/wp-content\/uploads\/2024\/09\/BC-9722.jpg\",\"width\":2500,\"height\":2500},{\"@type\":\"BreadcrumbList\",\"@id\":\"https:\/\/motorcycle-audio.eu\/sklep\/akcesoria\/przewody\/przewod-do-podlaczenia-glosnikow-w-golebnikach-lower-fairing-y-harness-metra-bc-9722\/#breadcrumb\",\"itemListElement\":[{\"@type\":\"ListItem\",\"position\":1,\"name\":\"Strona g\u0142\u00f3wna\",\"item\":\"https:\/\/motorcycle-audio.eu\/\"},{\"@type\":\"ListItem\",\"position\":2,\"name\":\"Sklep\",\"item\":\"https:\/\/motorcycle-audio.eu\/sklep\/\"},{\"@type\":\"ListItem\",\"position\":3,\"name\":\"Przew\u00f3d do pod\u0142\u0105czenia g\u0142o\u015bnik\u00f3w w go\u0142\u0119bnikach (Lower Fairing Y Harness) Metra BC-9722\"}]},{\"@type\":\"WebSite\",\"@id\":\"https:\/\/ha.dkonto.pl\/#website\",\"url\":\"https:\/\/ha.dkonto.pl\/\",\"name\":\"Mefiu Motorcycle Audio\",\"description\":\"Play it loud!\",\"publisher\":{\"@id\":\"https:\/\/ha.dkonto.pl\/#organization\"},\"potentialAction\":[{\"@type\":\"SearchAction\",\"target\":{\"@type\":\"EntryPoint\",\"urlTemplate\":\"https:\/\/ha.dkonto.pl\/?s={search_term_string}\"},\"query-input\":{\"@type\":\"PropertyValueSpecification\",\"valueRequired\":true,\"valueName\":\"search_term_string\"}}],\"inLanguage\":\"en-GB\"},{\"@type\":\"Organization\",\"@id\":\"https:\/\/ha.dkonto.pl\/#organization\",\"name\":\"Mefiu Motorcycle Audio\",\"url\":\"https:\/\/ha.dkonto.pl\/\",\"logo\":{\"@type\":\"ImageObject\",\"inLanguage\":\"en-GB\",\"@id\":\"https:\/\/ha.dkonto.pl\/#\/schema\/logo\/image\/\",\"url\":\"https:\/\/ha.dkonto.pl\/wp-content\/uploads\/2025\/05\/mefiu_logo.png\",\"contentUrl\":\"https:\/\/ha.dkonto.pl\/wp-content\/uploads\/2025\/05\/mefiu_logo.png\",\"width\":150,\"height\":150,\"caption\":\"Mefiu Motorcycle Audio\"},\"image\":{\"@id\":\"https:\/\/ha.dkonto.pl\/#\/schema\/logo\/image\/\"},\"sameAs\":[\"https:\/\/www.facebook.com\/HarleyDavidsonAudio\"]}]}<\/script>\n<!-- \/ Yoast SEO Premium plugin. -->","yoast_head_json":{"title":"Metra BC-9722 Lower Fairing Y Harness Speaker Cable - Mefiu Motorcycle Audio","robots":{"index":"noindex","follow":"follow","max-snippet":"max-snippet:-1","max-image-preview":"max-image-preview:large","max-video-preview":"max-video-preview:-1"},"og_locale":"en_GB","og_type":"article","og_title":"Przew\u00f3d do pod\u0142\u0105czenia g\u0142o\u015bnik\u00f3w w go\u0142\u0119bnikach (Lower Fairing Y Harness) Metra BC-9722","og_description":"Wi\u0105zka przewod\u00f3w g\u0142o\u015bnika przedniego w przypadku dodania modu\u0142\u00f3w g\u0142o\u015bnikowych w dolnej owiewce  Pasuje do konfiguracji okablowania Harley Davidson\u00ae Z\u0142\u0105cza OE, plug-n-play  Drut pokryty texflexem  Sprzedawane jako para","og_url":"https:\/\/motorcycle-audio.eu\/sklep\/akcesoria\/przewody\/przewod-do-podlaczenia-glosnikow-w-golebnikach-lower-fairing-y-harness-metra-bc-9722\/","og_site_name":"Mefiu Motorcycle Audio","article_publisher":"https:\/\/www.facebook.com\/HarleyDavidsonAudio","article_modified_time":"2024-12-18T09:09:13+00:00","og_image":[{"width":2500,"height":2500,"url":"https:\/\/motorcycle-audio.eu\/wp-content\/uploads\/2024\/09\/BC-9722.jpg","type":"image\/jpeg"}],"twitter_card":"summary_large_image","twitter_misc":{"Est. reading time":"1 minute"},"schema":{"@context":"https:\/\/schema.org","@graph":[{"@type":"WebPage","@id":"https:\/\/motorcycle-audio.eu\/sklep\/akcesoria\/przewody\/przewod-do-podlaczenia-glosnikow-w-golebnikach-lower-fairing-y-harness-metra-bc-9722\/","url":"https:\/\/motorcycle-audio.eu\/sklep\/akcesoria\/przewody\/przewod-do-podlaczenia-glosnikow-w-golebnikach-lower-fairing-y-harness-metra-bc-9722\/","name":"Metra BC-9722 Lower Fairing Y Harness Speaker Cable - Mefiu Motorcycle Audio","isPartOf":{"@id":"https:\/\/ha.dkonto.pl\/#website"},"primaryImageOfPage":{"@id":"https:\/\/motorcycle-audio.eu\/sklep\/akcesoria\/przewody\/przewod-do-podlaczenia-glosnikow-w-golebnikach-lower-fairing-y-harness-metra-bc-9722\/#primaryimage"},"image":{"@id":"https:\/\/motorcycle-audio.eu\/sklep\/akcesoria\/przewody\/przewod-do-podlaczenia-glosnikow-w-golebnikach-lower-fairing-y-harness-metra-bc-9722\/#primaryimage"},"thumbnailUrl":"https:\/\/ha.dkonto.pl\/wp-content\/uploads\/2024\/09\/BC-9722.jpg","datePublished":"2024-09-30T09:12:02+00:00","dateModified":"2024-12-18T09:09:13+00:00","breadcrumb":{"@id":"https:\/\/motorcycle-audio.eu\/sklep\/akcesoria\/przewody\/przewod-do-podlaczenia-glosnikow-w-golebnikach-lower-fairing-y-harness-metra-bc-9722\/#breadcrumb"},"inLanguage":"en-GB","potentialAction":[{"@type":"ReadAction","target":["https:\/\/motorcycle-audio.eu\/sklep\/akcesoria\/przewody\/przewod-do-podlaczenia-glosnikow-w-golebnikach-lower-fairing-y-harness-metra-bc-9722\/"]}]},{"@type":"ImageObject","inLanguage":"en-GB","@id":"https:\/\/motorcycle-audio.eu\/sklep\/akcesoria\/przewody\/przewod-do-podlaczenia-glosnikow-w-golebnikach-lower-fairing-y-harness-metra-bc-9722\/#primaryimage","url":"https:\/\/ha.dkonto.pl\/wp-content\/uploads\/2024\/09\/BC-9722.jpg","contentUrl":"https:\/\/ha.dkonto.pl\/wp-content\/uploads\/2024\/09\/BC-9722.jpg","width":2500,"height":2500},{"@type":"BreadcrumbList","@id":"https:\/\/motorcycle-audio.eu\/sklep\/akcesoria\/przewody\/przewod-do-podlaczenia-glosnikow-w-golebnikach-lower-fairing-y-harness-metra-bc-9722\/#breadcrumb","itemListElement":[{"@type":"ListItem","position":1,"name":"Strona g\u0142\u00f3wna","item":"https:\/\/motorcycle-audio.eu\/"},{"@type":"ListItem","position":2,"name":"Sklep","item":"https:\/\/motorcycle-audio.eu\/sklep\/"},{"@type":"ListItem","position":3,"name":"Przew\u00f3d do pod\u0142\u0105czenia g\u0142o\u015bnik\u00f3w w go\u0142\u0119bnikach (Lower Fairing Y Harness) Metra BC-9722"}]},{"@type":"WebSite","@id":"https:\/\/ha.dkonto.pl\/#website","url":"https:\/\/ha.dkonto.pl\/","name":"Mefiu Motorcycle Audio","description":"Play it loud!","publisher":{"@id":"https:\/\/ha.dkonto.pl\/#organization"},"potentialAction":[{"@type":"SearchAction","target":{"@type":"EntryPoint","urlTemplate":"https:\/\/ha.dkonto.pl\/?s={search_term_string}"},"query-input":{"@type":"PropertyValueSpecification","valueRequired":true,"valueName":"search_term_string"}}],"inLanguage":"en-GB"},{"@type":"Organization","@id":"https:\/\/ha.dkonto.pl\/#organization","name":"Mefiu Motorcycle Audio","url":"https:\/\/ha.dkonto.pl\/","logo":{"@type":"ImageObject","inLanguage":"en-GB","@id":"https:\/\/ha.dkonto.pl\/#\/schema\/logo\/image\/","url":"https:\/\/ha.dkonto.pl\/wp-content\/uploads\/2025\/05\/mefiu_logo.png","contentUrl":"https:\/\/ha.dkonto.pl\/wp-content\/uploads\/2025\/05\/mefiu_logo.png","width":150,"height":150,"caption":"Mefiu Motorcycle Audio"},"image":{"@id":"https:\/\/ha.dkonto.pl\/#\/schema\/logo\/image\/"},"sameAs":["https:\/\/www.facebook.com\/HarleyDavidsonAudio"]}]}},"jetpack_sharing_enabled":true,"_links":{"self":[{"href":"https:\/\/ha.dkonto.pl\/en\/wp-json\/wp\/v2\/product\/8047","targetHints":{"allow":["GET"]}}],"collection":[{"href":"https:\/\/ha.dkonto.pl\/en\/wp-json\/wp\/v2\/product"}],"about":[{"href":"https:\/\/ha.dkonto.pl\/en\/wp-json\/wp\/v2\/types\/product"}],"replies":[{"embeddable":true,"href":"https:\/\/ha.dkonto.pl\/en\/wp-json\/wp\/v2\/comments?post=8047"}],"version-history":[{"count":0,"href":"https:\/\/ha.dkonto.pl\/en\/wp-json\/wp\/v2\/product\/8047\/revisions"}],"wp:featuredmedia":[{"embeddable":true,"href":"https:\/\/ha.dkonto.pl\/en\/wp-json\/wp\/v2\/media\/8048"}],"wp:attachment":[{"href":"https:\/\/ha.dkonto.pl\/en\/wp-json\/wp\/v2\/media?parent=8047"}],"wp:term":[{"taxonomy":"product_cat","embeddable":true,"href":"https:\/\/ha.dkonto.pl\/en\/wp-json\/wp\/v2\/product_cat?post=8047"},{"taxonomy":"product_tag","embeddable":true,"href":"https:\/\/ha.dkonto.pl\/en\/wp-json\/wp\/v2\/product_tag?post=8047"}],"curies":[{"name":"wp","href":"https:\/\/api.w.org\/{rel}","templated":true}]}}