{"id":7978,"date":"2024-06-17T16:26:50","date_gmt":"2024-06-17T14:26:50","guid":{"rendered":"https:\/\/motorcycle-audio.eu\/?post_type=product&#038;p=7978"},"modified":"2025-10-28T13:09:09","modified_gmt":"2025-10-28T12:09:09","slug":"525-6-5-speaker-adapter-for-harley-davidson-touring-motorcycles-1998-2013","status":"publish","type":"product","link":"https:\/\/ha.dkonto.pl\/en\/shop\/accessories\/speaker-adapters\/525-6-5-speaker-adapter-for-harley-davidson-touring-motorcycles-1998-2013\/","title":{"rendered":"Speaker Adapter \u2013 5.25\u2033 \u2013 6.5\u2033 for Harley Davidson Touring Motorcycles 1998-2013"},"content":{"rendered":"<p>Adapter kit allowing you to mount 6.5\u2033 speakers in place of the standard 5.25\u2033 speakers on 1998-2013 Harley Davidson Touring motorcycles.<\/p>\n<p>Sold in pairs.<\/p>","protected":false},"excerpt":{"rendered":"<p>Adapter kit to install 6.5\" speakers in place of the standard 5.25\" speakers on 1998-2013 Harley Davidson Touring motorcycles<\/p>","protected":false},"featured_media":7979,"comment_status":"closed","ping_status":"closed","template":"","meta":{"_acf_changed":false},"product_cat":[50,53,62],"product_tag":[],"class_list":{"0":"post-7978","1":"product","2":"type-product","3":"status-publish","4":"has-post-thumbnail","6":"product_cat-glosniki","7":"product_cat-akcesoria","8":"product_cat-adaptery-do-glosnikow","10":"first","11":"instock","12":"taxable","13":"shipping-taxable","14":"purchasable","15":"product-type-simple"},"acf":[],"yoast_head":"<!-- This site is optimized with the Yoast SEO Premium plugin v25.1 (Yoast SEO v26.0) - https:\/\/yoast.com\/wordpress\/plugins\/seo\/ -->\n<title>Adapter do g\u0142o\u015bnik\u00f3w - 5,25&quot; - 6.5&quot; do motocykli Harley Davidson Touring 1998-2013 - Mefiu Motorcycle Audio<\/title>\n<meta name=\"description\" content=\"Adapter do g\u0142o\u015bnik\u00f3w Harley Davidson Touring 1998-2013 pozwalaj\u0105cy zamontowa\u0107 g\u0142o\u015bniki 6,5&quot; w miejsce standardowych 5,25&quot;\" \/>\n<meta name=\"robots\" content=\"noindex, follow, max-snippet:-1, max-image-preview:large, max-video-preview:-1\" \/>\n<meta property=\"og:locale\" content=\"en_GB\" \/>\n<meta property=\"og:type\" content=\"article\" \/>\n<meta property=\"og:title\" content=\"Adapter do g\u0142o\u015bnik\u00f3w - 5,25&quot; - 6.5&quot; do motocykli Harley Davidson Touring 1998-2013\" \/>\n<meta property=\"og:description\" content=\"Adapter do g\u0142o\u015bnik\u00f3w Harley Davidson Touring 1998-2013 pozwalaj\u0105cy zamontowa\u0107 g\u0142o\u015bniki 6,5&quot; w miejsce standardowych 5,25&quot;\" \/>\n<meta property=\"og:url\" content=\"https:\/\/motorcycle-audio.eu\/sklep\/akcesoria\/adaptery-do-glosnikow\/adapter-do-glosnikow-525-6-5-do-motocykli-harley-davidson-touring-1998-2013\/\" \/>\n<meta property=\"og:site_name\" content=\"Mefiu Motorcycle Audio\" \/>\n<meta property=\"article:publisher\" content=\"https:\/\/www.facebook.com\/HarleyDavidsonAudio\" \/>\n<meta property=\"article:modified_time\" content=\"2025-10-28T12:09:09+00:00\" \/>\n<meta property=\"og:image\" content=\"https:\/\/motorcycle-audio.eu\/wp-content\/uploads\/2024\/06\/82-9600.jpg\" \/>\n\t<meta property=\"og:image:width\" content=\"1000\" \/>\n\t<meta property=\"og:image:height\" content=\"1000\" \/>\n\t<meta property=\"og:image:type\" content=\"image\/jpeg\" \/>\n<meta name=\"twitter:card\" content=\"summary_large_image\" \/>\n<meta name=\"twitter:label1\" content=\"Est. reading time\" \/>\n\t<meta name=\"twitter:data1\" content=\"1 minute\" \/>\n<script type=\"application\/ld+json\" class=\"yoast-schema-graph\">{\"@context\":\"https:\/\/schema.org\",\"@graph\":[{\"@type\":\"WebPage\",\"@id\":\"https:\/\/motorcycle-audio.eu\/sklep\/akcesoria\/adaptery-do-glosnikow\/adapter-do-glosnikow-525-6-5-do-motocykli-harley-davidson-touring-1998-2013\/\",\"url\":\"https:\/\/motorcycle-audio.eu\/sklep\/akcesoria\/adaptery-do-glosnikow\/adapter-do-glosnikow-525-6-5-do-motocykli-harley-davidson-touring-1998-2013\/\",\"name\":\"Adapter do g\u0142o\u015bnik\u00f3w - 5,25\\\" - 6.5\\\" do motocykli Harley Davidson Touring 1998-2013 - Mefiu Motorcycle Audio\",\"isPartOf\":{\"@id\":\"https:\/\/ha.dkonto.pl\/#website\"},\"primaryImageOfPage\":{\"@id\":\"https:\/\/motorcycle-audio.eu\/sklep\/akcesoria\/adaptery-do-glosnikow\/adapter-do-glosnikow-525-6-5-do-motocykli-harley-davidson-touring-1998-2013\/#primaryimage\"},\"image\":{\"@id\":\"https:\/\/motorcycle-audio.eu\/sklep\/akcesoria\/adaptery-do-glosnikow\/adapter-do-glosnikow-525-6-5-do-motocykli-harley-davidson-touring-1998-2013\/#primaryimage\"},\"thumbnailUrl\":\"https:\/\/ha.dkonto.pl\/wp-content\/uploads\/2024\/06\/82-9600.jpg\",\"datePublished\":\"2024-06-17T14:26:50+00:00\",\"dateModified\":\"2025-10-28T12:09:09+00:00\",\"description\":\"Adapter do g\u0142o\u015bnik\u00f3w Harley Davidson Touring 1998-2013 pozwalaj\u0105cy zamontowa\u0107 g\u0142o\u015bniki 6,5\\\" w miejsce standardowych 5,25\\\"\",\"breadcrumb\":{\"@id\":\"https:\/\/motorcycle-audio.eu\/sklep\/akcesoria\/adaptery-do-glosnikow\/adapter-do-glosnikow-525-6-5-do-motocykli-harley-davidson-touring-1998-2013\/#breadcrumb\"},\"inLanguage\":\"en-GB\",\"potentialAction\":[{\"@type\":\"ReadAction\",\"target\":[\"https:\/\/motorcycle-audio.eu\/sklep\/akcesoria\/adaptery-do-glosnikow\/adapter-do-glosnikow-525-6-5-do-motocykli-harley-davidson-touring-1998-2013\/\"]}]},{\"@type\":\"ImageObject\",\"inLanguage\":\"en-GB\",\"@id\":\"https:\/\/motorcycle-audio.eu\/sklep\/akcesoria\/adaptery-do-glosnikow\/adapter-do-glosnikow-525-6-5-do-motocykli-harley-davidson-touring-1998-2013\/#primaryimage\",\"url\":\"https:\/\/ha.dkonto.pl\/wp-content\/uploads\/2024\/06\/82-9600.jpg\",\"contentUrl\":\"https:\/\/ha.dkonto.pl\/wp-content\/uploads\/2024\/06\/82-9600.jpg\",\"width\":1000,\"height\":1000},{\"@type\":\"BreadcrumbList\",\"@id\":\"https:\/\/motorcycle-audio.eu\/sklep\/akcesoria\/adaptery-do-glosnikow\/adapter-do-glosnikow-525-6-5-do-motocykli-harley-davidson-touring-1998-2013\/#breadcrumb\",\"itemListElement\":[{\"@type\":\"ListItem\",\"position\":1,\"name\":\"Strona g\u0142\u00f3wna\",\"item\":\"https:\/\/motorcycle-audio.eu\/\"},{\"@type\":\"ListItem\",\"position\":2,\"name\":\"Sklep\",\"item\":\"https:\/\/motorcycle-audio.eu\/sklep\/\"},{\"@type\":\"ListItem\",\"position\":3,\"name\":\"Adapter do g\u0142o\u015bnik\u00f3w &#8211; 5,25&#8243; &#8211; 6.5&#8243; do motocykli Harley Davidson Touring 1998-2013\"}]},{\"@type\":\"WebSite\",\"@id\":\"https:\/\/ha.dkonto.pl\/#website\",\"url\":\"https:\/\/ha.dkonto.pl\/\",\"name\":\"Mefiu Motorcycle Audio\",\"description\":\"Play it loud!\",\"publisher\":{\"@id\":\"https:\/\/ha.dkonto.pl\/#organization\"},\"potentialAction\":[{\"@type\":\"SearchAction\",\"target\":{\"@type\":\"EntryPoint\",\"urlTemplate\":\"https:\/\/ha.dkonto.pl\/?s={search_term_string}\"},\"query-input\":{\"@type\":\"PropertyValueSpecification\",\"valueRequired\":true,\"valueName\":\"search_term_string\"}}],\"inLanguage\":\"en-GB\"},{\"@type\":\"Organization\",\"@id\":\"https:\/\/ha.dkonto.pl\/#organization\",\"name\":\"Mefiu Motorcycle Audio\",\"url\":\"https:\/\/ha.dkonto.pl\/\",\"logo\":{\"@type\":\"ImageObject\",\"inLanguage\":\"en-GB\",\"@id\":\"https:\/\/ha.dkonto.pl\/#\/schema\/logo\/image\/\",\"url\":\"https:\/\/ha.dkonto.pl\/wp-content\/uploads\/2025\/05\/mefiu_logo.png\",\"contentUrl\":\"https:\/\/ha.dkonto.pl\/wp-content\/uploads\/2025\/05\/mefiu_logo.png\",\"width\":150,\"height\":150,\"caption\":\"Mefiu Motorcycle Audio\"},\"image\":{\"@id\":\"https:\/\/ha.dkonto.pl\/#\/schema\/logo\/image\/\"},\"sameAs\":[\"https:\/\/www.facebook.com\/HarleyDavidsonAudio\"]}]}<\/script>\n<!-- \/ Yoast SEO Premium plugin. -->","yoast_head_json":{"title":"Speaker Adapter - 5.25\" - 6.5\" for Harley Davidson Touring Motorcycles 1998-2013 - Mefiu Motorcycle Audio","description":"Adapter do g\u0142o\u015bnik\u00f3w Harley Davidson Touring 1998-2013 pozwalaj\u0105cy zamontowa\u0107 g\u0142o\u015bniki 6,5\" w miejsce standardowych 5,25\"","robots":{"index":"noindex","follow":"follow","max-snippet":"max-snippet:-1","max-image-preview":"max-image-preview:large","max-video-preview":"max-video-preview:-1"},"og_locale":"en_GB","og_type":"article","og_title":"Adapter do g\u0142o\u015bnik\u00f3w - 5,25\" - 6.5\" do motocykli Harley Davidson Touring 1998-2013","og_description":"Adapter do g\u0142o\u015bnik\u00f3w Harley Davidson Touring 1998-2013 pozwalaj\u0105cy zamontowa\u0107 g\u0142o\u015bniki 6,5\" w miejsce standardowych 5,25\"","og_url":"https:\/\/motorcycle-audio.eu\/sklep\/akcesoria\/adaptery-do-glosnikow\/adapter-do-glosnikow-525-6-5-do-motocykli-harley-davidson-touring-1998-2013\/","og_site_name":"Mefiu Motorcycle Audio","article_publisher":"https:\/\/www.facebook.com\/HarleyDavidsonAudio","article_modified_time":"2025-10-28T12:09:09+00:00","og_image":[{"width":1000,"height":1000,"url":"https:\/\/motorcycle-audio.eu\/wp-content\/uploads\/2024\/06\/82-9600.jpg","type":"image\/jpeg"}],"twitter_card":"summary_large_image","twitter_misc":{"Est. reading time":"1 minute"},"schema":{"@context":"https:\/\/schema.org","@graph":[{"@type":"WebPage","@id":"https:\/\/motorcycle-audio.eu\/sklep\/akcesoria\/adaptery-do-glosnikow\/adapter-do-glosnikow-525-6-5-do-motocykli-harley-davidson-touring-1998-2013\/","url":"https:\/\/motorcycle-audio.eu\/sklep\/akcesoria\/adaptery-do-glosnikow\/adapter-do-glosnikow-525-6-5-do-motocykli-harley-davidson-touring-1998-2013\/","name":"Speaker Adapter - 5.25\" - 6.5\" for Harley Davidson Touring Motorcycles 1998-2013 - Mefiu Motorcycle Audio","isPartOf":{"@id":"https:\/\/ha.dkonto.pl\/#website"},"primaryImageOfPage":{"@id":"https:\/\/motorcycle-audio.eu\/sklep\/akcesoria\/adaptery-do-glosnikow\/adapter-do-glosnikow-525-6-5-do-motocykli-harley-davidson-touring-1998-2013\/#primaryimage"},"image":{"@id":"https:\/\/motorcycle-audio.eu\/sklep\/akcesoria\/adaptery-do-glosnikow\/adapter-do-glosnikow-525-6-5-do-motocykli-harley-davidson-touring-1998-2013\/#primaryimage"},"thumbnailUrl":"https:\/\/ha.dkonto.pl\/wp-content\/uploads\/2024\/06\/82-9600.jpg","datePublished":"2024-06-17T14:26:50+00:00","dateModified":"2025-10-28T12:09:09+00:00","description":"Adapter do g\u0142o\u015bnik\u00f3w Harley Davidson Touring 1998-2013 pozwalaj\u0105cy zamontowa\u0107 g\u0142o\u015bniki 6,5\" w miejsce standardowych 5,25\"","breadcrumb":{"@id":"https:\/\/motorcycle-audio.eu\/sklep\/akcesoria\/adaptery-do-glosnikow\/adapter-do-glosnikow-525-6-5-do-motocykli-harley-davidson-touring-1998-2013\/#breadcrumb"},"inLanguage":"en-GB","potentialAction":[{"@type":"ReadAction","target":["https:\/\/motorcycle-audio.eu\/sklep\/akcesoria\/adaptery-do-glosnikow\/adapter-do-glosnikow-525-6-5-do-motocykli-harley-davidson-touring-1998-2013\/"]}]},{"@type":"ImageObject","inLanguage":"en-GB","@id":"https:\/\/motorcycle-audio.eu\/sklep\/akcesoria\/adaptery-do-glosnikow\/adapter-do-glosnikow-525-6-5-do-motocykli-harley-davidson-touring-1998-2013\/#primaryimage","url":"https:\/\/ha.dkonto.pl\/wp-content\/uploads\/2024\/06\/82-9600.jpg","contentUrl":"https:\/\/ha.dkonto.pl\/wp-content\/uploads\/2024\/06\/82-9600.jpg","width":1000,"height":1000},{"@type":"BreadcrumbList","@id":"https:\/\/motorcycle-audio.eu\/sklep\/akcesoria\/adaptery-do-glosnikow\/adapter-do-glosnikow-525-6-5-do-motocykli-harley-davidson-touring-1998-2013\/#breadcrumb","itemListElement":[{"@type":"ListItem","position":1,"name":"Strona g\u0142\u00f3wna","item":"https:\/\/motorcycle-audio.eu\/"},{"@type":"ListItem","position":2,"name":"Sklep","item":"https:\/\/motorcycle-audio.eu\/sklep\/"},{"@type":"ListItem","position":3,"name":"Adapter do g\u0142o\u015bnik\u00f3w &#8211; 5,25&#8243; &#8211; 6.5&#8243; do motocykli Harley Davidson Touring 1998-2013"}]},{"@type":"WebSite","@id":"https:\/\/ha.dkonto.pl\/#website","url":"https:\/\/ha.dkonto.pl\/","name":"Mefiu Motorcycle Audio","description":"Play it loud!","publisher":{"@id":"https:\/\/ha.dkonto.pl\/#organization"},"potentialAction":[{"@type":"SearchAction","target":{"@type":"EntryPoint","urlTemplate":"https:\/\/ha.dkonto.pl\/?s={search_term_string}"},"query-input":{"@type":"PropertyValueSpecification","valueRequired":true,"valueName":"search_term_string"}}],"inLanguage":"en-GB"},{"@type":"Organization","@id":"https:\/\/ha.dkonto.pl\/#organization","name":"Mefiu Motorcycle Audio","url":"https:\/\/ha.dkonto.pl\/","logo":{"@type":"ImageObject","inLanguage":"en-GB","@id":"https:\/\/ha.dkonto.pl\/#\/schema\/logo\/image\/","url":"https:\/\/ha.dkonto.pl\/wp-content\/uploads\/2025\/05\/mefiu_logo.png","contentUrl":"https:\/\/ha.dkonto.pl\/wp-content\/uploads\/2025\/05\/mefiu_logo.png","width":150,"height":150,"caption":"Mefiu Motorcycle Audio"},"image":{"@id":"https:\/\/ha.dkonto.pl\/#\/schema\/logo\/image\/"},"sameAs":["https:\/\/www.facebook.com\/HarleyDavidsonAudio"]}]}},"jetpack_sharing_enabled":true,"_links":{"self":[{"href":"https:\/\/ha.dkonto.pl\/en\/wp-json\/wp\/v2\/product\/7978","targetHints":{"allow":["GET"]}}],"collection":[{"href":"https:\/\/ha.dkonto.pl\/en\/wp-json\/wp\/v2\/product"}],"about":[{"href":"https:\/\/ha.dkonto.pl\/en\/wp-json\/wp\/v2\/types\/product"}],"replies":[{"embeddable":true,"href":"https:\/\/ha.dkonto.pl\/en\/wp-json\/wp\/v2\/comments?post=7978"}],"version-history":[{"count":1,"href":"https:\/\/ha.dkonto.pl\/en\/wp-json\/wp\/v2\/product\/7978\/revisions"}],"predecessor-version":[{"id":9601,"href":"https:\/\/ha.dkonto.pl\/en\/wp-json\/wp\/v2\/product\/7978\/revisions\/9601"}],"wp:featuredmedia":[{"embeddable":true,"href":"https:\/\/ha.dkonto.pl\/en\/wp-json\/wp\/v2\/media\/7979"}],"wp:attachment":[{"href":"https:\/\/ha.dkonto.pl\/en\/wp-json\/wp\/v2\/media?parent=7978"}],"wp:term":[{"taxonomy":"product_cat","embeddable":true,"href":"https:\/\/ha.dkonto.pl\/en\/wp-json\/wp\/v2\/product_cat?post=7978"},{"taxonomy":"product_tag","embeddable":true,"href":"https:\/\/ha.dkonto.pl\/en\/wp-json\/wp\/v2\/product_tag?post=7978"}],"curies":[{"name":"wp","href":"https:\/\/api.w.org\/{rel}","templated":true}]}}