{"id":7824,"date":"2024-03-05T15:28:31","date_gmt":"2024-03-05T14:28:31","guid":{"rendered":"https:\/\/motorcycle-audio.eu\/?post_type=product&#038;p=7824"},"modified":"2025-08-21T09:22:48","modified_gmt":"2025-08-21T07:22:48","slug":"soundstream-reserve-v2-radio","status":"publish","type":"product","link":"https:\/\/ha.dkonto.pl\/en\/shop\/radios\/soundstream-reserve-v2-radio\/","title":{"rendered":"Soundstream Reserve V2 radio for Harley Davidson Road Glide, Street Glide, Electra Glide 2014+"},"content":{"rendered":"<h2>Radio Soundstream Reserve V2 &#8211; najwy\u017cszy standard audio &#8211; radio do motocykla Harley-Davidson Road Glide, Street Glide, Electra Glide 2014+<\/h2>\n<h3>Ready-made Plug &amp; Play kit for immediate installation<\/h3>\n<p class=\"translation-block\">When you purchase the Soundstream Reserve V2 from <strong>motorcycle-audio.eu<\/strong>, you receive a complete solution, ready for easy connection to your motorcycle. We'll install the latest radio software and precisely program the Maestro RR module to ensure full compatibility and optimal functionality. If necessary, we're available for technical support and installation assistance through our hotline.<\/p>\n<h3>Soundstream Reserve V2 \u2013 modernity and compatibility<\/h3>\n<p>The Soundstream Reserve V2 radio is a modern, fully compatible radio designed specifically for 2014+ Harley-Davidson Touring motorcycles. We offer a comprehensive plug-and-play kit, including the latest software. This makes installation quick and intuitive, requiring no additional adapters or modifications to the vehicle's wiring. We provide technical support every step of the way, if necessary.<\/p>\n<h3>Cutting-edge features \u2013 wireless CarPlay and Android Auto<\/h3>\n<p>The Soundstream Reserve V2 radio offers full integration with wireless navigation and on-board computer systems, providing quick and convenient access to navigation, music, contacts, and voice assistants without cables. The 8-inch, ultra-bright 1000NIT LCD screen provides excellent visibility even in direct sunlight.<\/p>\n<h3>Perfect integration with your Harley-Davidson motorcycle<\/h3>\n<p>The device is installed in the factory location and uses the original mounting brackets, USB port, and radio antenna. The system is fully waterproof (IPx5), resistant to all weather conditions, and safe even when washing the motorcycle.<\/p>\n<h3>Extensive control and integration capabilities<\/h3>\n<ul>\n<li>Steering wheel control support \u2013 individual button configuration<\/li>\n<li>Compatibility and support for original Boom 1, Boom 2 and HD Audio amplifiers<\/li>\n<li>Integration with CANBUS via iDataLink Maestro RR \u2013 presentation of parameters such as air temperature, fuel consumption, oil pressure, fuel level and engine temperature.<\/li>\n<li>Support for up to 10 parameters simultaneously out of 50 available<\/li>\n<\/ul>\n<h3>Professional GPS Navigation with iGo Primo Maps<\/h3>\n<p>Built-in iGo Primo navigation with maps of the US and Canada, with the option to expand to include European maps. Annual map and POI updates available at Naviextras.com. The radio uses the factory GPS antenna, but also offers the option of a replacement antenna.<\/p>\n<h3>Wireless connectivity with headphones<\/h3>\n<p>Pair any headset for the rider and passenger, and manage the audio individually. Choose to listen to navigation commands only, music only, or both simultaneously. With the Harley-Davidson Road Glide radio, anything is possible \u2013 listen however you want.<\/p>\n<h3>Rally Mode \u2013 experience music together in a group<\/h3>\n<p>The unique Rally Mode feature allows you to stream music between motorcycles equipped with the Soundstream Reserve V2 Radio for Harley-Davidson Street Glide motorcycles. The main unit transmits, and the others receive the same signal, playing the same music at the same time\u2014without limiting the number of participants.<\/p>\n<h3>SiriusXM Digital Radio Support<\/h3>\n<p>The radio is SiriusXM Ready\u00ae (requires the optional SXV300 tuner), giving you access to hundreds of channels of music, news, and sports. Control everything easily from the steering wheel. You'll also have a wireless Bluetooth\u00ae connection for both playback and audio control.<\/p>\n<h3>Check out the extra features:<\/h3>\n<ul>\n<li>RCA video camera input with 12V trigger and quick access on screen<\/li>\n<li>15-band digital equalizer with extensive presets and customization options<\/li>\n<li>Built-in 4-channel Class A\/B amplifier with 200W output, stable at 2\u03a9<\/li>\n<li>4V RCA audio outputs for front, rear and subwoofer speakers<\/li>\n<li>Independent high-pass filter for front and rear, low-pass filter and subsonic filter for subwoofer output<\/li>\n<\/ul>\n<p>With advanced audio features, the Soundstream Reserve V2 radio for Harley-Davidson Electra Glide motorcycles sets a new standard for sound quality and convenience in everyday use.<\/p>\n<h3>Invest in the power of sound! Order today!<\/h3>\n<p>Don't wait \u2013 upgrade your Harley-Davidson motorcycle and enjoy the best audio system on the market!<\/p>\n<p class=\"translation-block\">Click \"<strong>Add to Cart<\/strong>\" and select the Soundstream Reserve V2 radio.<br>\nInstall, drive, and experience complete control and superior sound quality \u2013 even on the road!<\/p>","protected":false},"excerpt":{"rendered":"<div class=\"value\">\n<ul>\n<li>Maestro RR module included<\/li>\n<li>When you buy from us, you will receive a radio ready to be connected to your motorcycle<\/li>\n<li>We always upload the latest software update to your radio and Maestro RR modules<\/li>\n<li>8.3-inch screen with high resolution and brightness<\/li>\n<li>iGo Primo navigation includes a GPS antenna<\/li>\n<li>Possibility to connect any headset via Bluetooth<\/li>\n<li>Rally Mode: Up to 300 units can be connected<\/li>\n<li>15-slider graphic equalizer with 3D sound mode<\/li>\n<li>2 USB inputs (USB-A &amp; USB-C)<strong><br \/>\n<\/strong><\/li>\n<\/ul>\n<\/div>","protected":false},"featured_media":7825,"comment_status":"closed","ping_status":"closed","template":"","meta":{"_acf_changed":false},"product_cat":[49],"product_tag":[],"class_list":{"0":"post-7824","1":"product","2":"type-product","3":"status-publish","4":"has-post-thumbnail","6":"product_brand-soundstream-reserve","7":"product_cat-radia","9":"first","10":"instock","11":"taxable","12":"shipping-taxable","13":"purchasable","14":"product-type-simple"},"acf":[],"yoast_head":"<!-- This site is optimized with the Yoast SEO Premium plugin v25.1 (Yoast SEO v26.0) - https:\/\/yoast.com\/wordpress\/plugins\/seo\/ -->\n<title>Radio Soundstream Reserve V2 do motocykli Harley Davidson<\/title>\n<meta name=\"description\" content=\"Nowo\u015b\u0107 ju\u017c dost\u0119pna w HD audio. Radio Soundstream Reserve V2 do motocykli Harley Davidson Zestaw s\u0142uchawkowy, Party Mode. Dost\u0119pne w HD-Audio\" \/>\n<meta name=\"robots\" content=\"noindex, follow, max-snippet:-1, max-image-preview:large, max-video-preview:-1\" \/>\n<meta property=\"og:locale\" content=\"en_GB\" \/>\n<meta property=\"og:type\" content=\"article\" \/>\n<meta property=\"og:title\" content=\"Radio Soundstream Reserve V2 do motocykla Harley Davidson Road Glide, Street Glide, Electra Glide 2014+\" \/>\n<meta property=\"og:description\" content=\"Nowo\u015b\u0107 ju\u017c dost\u0119pna w HD audio. Radio Soundstream Reserve V2 do motocykli Harley Davidson Zestaw s\u0142uchawkowy, Party Mode. Dost\u0119pne w HD-Audio\" \/>\n<meta property=\"og:url\" content=\"https:\/\/motorcycle-audio.eu\/sklep\/radia\/radio-soundstream-reserve-v2\/\" \/>\n<meta property=\"og:site_name\" content=\"Mefiu Motorcycle Audio\" \/>\n<meta property=\"article:publisher\" content=\"https:\/\/www.facebook.com\/HarleyDavidsonAudio\" \/>\n<meta property=\"article:modified_time\" content=\"2025-08-21T07:22:48+00:00\" \/>\n<meta property=\"og:image\" content=\"https:\/\/motorcycle-audio.eu\/wp-content\/uploads\/2024\/03\/Radio-do-motocykla-Harley-Davidson-Soundstream-Reserve-V2.jpg\" \/>\n\t<meta property=\"og:image:width\" content=\"900\" \/>\n\t<meta property=\"og:image:height\" content=\"900\" \/>\n\t<meta property=\"og:image:type\" content=\"image\/jpeg\" \/>\n<meta name=\"twitter:card\" content=\"summary_large_image\" \/>\n<meta name=\"twitter:label1\" content=\"Est. reading time\" \/>\n\t<meta name=\"twitter:data1\" content=\"4 minutes\" \/>\n<script type=\"application\/ld+json\" class=\"yoast-schema-graph\">{\"@context\":\"https:\/\/schema.org\",\"@graph\":[{\"@type\":\"WebPage\",\"@id\":\"https:\/\/motorcycle-audio.eu\/sklep\/radia\/radio-soundstream-reserve-v2\/\",\"url\":\"https:\/\/motorcycle-audio.eu\/sklep\/radia\/radio-soundstream-reserve-v2\/\",\"name\":\"Radio Soundstream Reserve V2 do motocykli Harley Davidson\",\"isPartOf\":{\"@id\":\"https:\/\/ha.dkonto.pl\/#website\"},\"primaryImageOfPage\":{\"@id\":\"https:\/\/motorcycle-audio.eu\/sklep\/radia\/radio-soundstream-reserve-v2\/#primaryimage\"},\"image\":{\"@id\":\"https:\/\/motorcycle-audio.eu\/sklep\/radia\/radio-soundstream-reserve-v2\/#primaryimage\"},\"thumbnailUrl\":\"https:\/\/ha.dkonto.pl\/wp-content\/uploads\/2024\/03\/Radio-do-motocykla-Harley-Davidson-Soundstream-Reserve-V2.jpg\",\"datePublished\":\"2024-03-05T14:28:31+00:00\",\"dateModified\":\"2025-08-21T07:22:48+00:00\",\"description\":\"Nowo\u015b\u0107 ju\u017c dost\u0119pna w HD audio. Radio Soundstream Reserve V2 do motocykli Harley Davidson Zestaw s\u0142uchawkowy, Party Mode. Dost\u0119pne w HD-Audio\",\"breadcrumb\":{\"@id\":\"https:\/\/motorcycle-audio.eu\/sklep\/radia\/radio-soundstream-reserve-v2\/#breadcrumb\"},\"inLanguage\":\"en-GB\",\"potentialAction\":[{\"@type\":\"ReadAction\",\"target\":[\"https:\/\/motorcycle-audio.eu\/sklep\/radia\/radio-soundstream-reserve-v2\/\"]}]},{\"@type\":\"ImageObject\",\"inLanguage\":\"en-GB\",\"@id\":\"https:\/\/motorcycle-audio.eu\/sklep\/radia\/radio-soundstream-reserve-v2\/#primaryimage\",\"url\":\"https:\/\/ha.dkonto.pl\/wp-content\/uploads\/2024\/03\/Radio-do-motocykla-Harley-Davidson-Soundstream-Reserve-V2.jpg\",\"contentUrl\":\"https:\/\/ha.dkonto.pl\/wp-content\/uploads\/2024\/03\/Radio-do-motocykla-Harley-Davidson-Soundstream-Reserve-V2.jpg\",\"width\":900,\"height\":900,\"caption\":\"Radio Soundstream Reserve V2 do motocykli Harley Davidson\"},{\"@type\":\"BreadcrumbList\",\"@id\":\"https:\/\/motorcycle-audio.eu\/sklep\/radia\/radio-soundstream-reserve-v2\/#breadcrumb\",\"itemListElement\":[{\"@type\":\"ListItem\",\"position\":1,\"name\":\"Strona g\u0142\u00f3wna\",\"item\":\"https:\/\/motorcycle-audio.eu\/\"},{\"@type\":\"ListItem\",\"position\":2,\"name\":\"Sklep\",\"item\":\"https:\/\/motorcycle-audio.eu\/sklep\/\"},{\"@type\":\"ListItem\",\"position\":3,\"name\":\"Radio Soundstream Reserve V2 do motocykla Harley Davidson Road Glide, Street Glide, Electra Glide 2014+\"}]},{\"@type\":\"WebSite\",\"@id\":\"https:\/\/ha.dkonto.pl\/#website\",\"url\":\"https:\/\/ha.dkonto.pl\/\",\"name\":\"Mefiu Motorcycle Audio\",\"description\":\"Play it loud!\",\"publisher\":{\"@id\":\"https:\/\/ha.dkonto.pl\/#organization\"},\"potentialAction\":[{\"@type\":\"SearchAction\",\"target\":{\"@type\":\"EntryPoint\",\"urlTemplate\":\"https:\/\/ha.dkonto.pl\/?s={search_term_string}\"},\"query-input\":{\"@type\":\"PropertyValueSpecification\",\"valueRequired\":true,\"valueName\":\"search_term_string\"}}],\"inLanguage\":\"en-GB\"},{\"@type\":\"Organization\",\"@id\":\"https:\/\/ha.dkonto.pl\/#organization\",\"name\":\"Mefiu Motorcycle Audio\",\"url\":\"https:\/\/ha.dkonto.pl\/\",\"logo\":{\"@type\":\"ImageObject\",\"inLanguage\":\"en-GB\",\"@id\":\"https:\/\/ha.dkonto.pl\/#\/schema\/logo\/image\/\",\"url\":\"https:\/\/ha.dkonto.pl\/wp-content\/uploads\/2025\/05\/mefiu_logo.png\",\"contentUrl\":\"https:\/\/ha.dkonto.pl\/wp-content\/uploads\/2025\/05\/mefiu_logo.png\",\"width\":150,\"height\":150,\"caption\":\"Mefiu Motorcycle Audio\"},\"image\":{\"@id\":\"https:\/\/ha.dkonto.pl\/#\/schema\/logo\/image\/\"},\"sameAs\":[\"https:\/\/www.facebook.com\/HarleyDavidsonAudio\"]}]}<\/script>\n<!-- \/ Yoast SEO Premium plugin. -->","yoast_head_json":{"title":"Soundstream Reserve V2 radio for Harley Davidson motorcycles","description":"New now available in HD audio. Soundstream Reserve V2 radio for Harley Davidson motorcycles. Headset, Party Mode. Available in HD audio.","robots":{"index":"noindex","follow":"follow","max-snippet":"max-snippet:-1","max-image-preview":"max-image-preview:large","max-video-preview":"max-video-preview:-1"},"og_locale":"en_GB","og_type":"article","og_title":"Radio Soundstream Reserve V2 do motocykla Harley Davidson Road Glide, Street Glide, Electra Glide 2014+","og_description":"Nowo\u015b\u0107 ju\u017c dost\u0119pna w HD audio. Radio Soundstream Reserve V2 do motocykli Harley Davidson Zestaw s\u0142uchawkowy, Party Mode. Dost\u0119pne w HD-Audio","og_url":"https:\/\/motorcycle-audio.eu\/sklep\/radia\/radio-soundstream-reserve-v2\/","og_site_name":"Mefiu Motorcycle Audio","article_publisher":"https:\/\/www.facebook.com\/HarleyDavidsonAudio","article_modified_time":"2025-08-21T07:22:48+00:00","og_image":[{"width":900,"height":900,"url":"https:\/\/motorcycle-audio.eu\/wp-content\/uploads\/2024\/03\/Radio-do-motocykla-Harley-Davidson-Soundstream-Reserve-V2.jpg","type":"image\/jpeg"}],"twitter_card":"summary_large_image","twitter_misc":{"Est. reading time":"4 minutes"},"schema":{"@context":"https:\/\/schema.org","@graph":[{"@type":"WebPage","@id":"https:\/\/motorcycle-audio.eu\/sklep\/radia\/radio-soundstream-reserve-v2\/","url":"https:\/\/motorcycle-audio.eu\/sklep\/radia\/radio-soundstream-reserve-v2\/","name":"Soundstream Reserve V2 radio for Harley Davidson motorcycles","isPartOf":{"@id":"https:\/\/ha.dkonto.pl\/#website"},"primaryImageOfPage":{"@id":"https:\/\/motorcycle-audio.eu\/sklep\/radia\/radio-soundstream-reserve-v2\/#primaryimage"},"image":{"@id":"https:\/\/motorcycle-audio.eu\/sklep\/radia\/radio-soundstream-reserve-v2\/#primaryimage"},"thumbnailUrl":"https:\/\/ha.dkonto.pl\/wp-content\/uploads\/2024\/03\/Radio-do-motocykla-Harley-Davidson-Soundstream-Reserve-V2.jpg","datePublished":"2024-03-05T14:28:31+00:00","dateModified":"2025-08-21T07:22:48+00:00","description":"New now available in HD audio. Soundstream Reserve V2 radio for Harley Davidson motorcycles. Headset, Party Mode. Available in HD audio.","breadcrumb":{"@id":"https:\/\/motorcycle-audio.eu\/sklep\/radia\/radio-soundstream-reserve-v2\/#breadcrumb"},"inLanguage":"en-GB","potentialAction":[{"@type":"ReadAction","target":["https:\/\/motorcycle-audio.eu\/sklep\/radia\/radio-soundstream-reserve-v2\/"]}]},{"@type":"ImageObject","inLanguage":"en-GB","@id":"https:\/\/motorcycle-audio.eu\/sklep\/radia\/radio-soundstream-reserve-v2\/#primaryimage","url":"https:\/\/ha.dkonto.pl\/wp-content\/uploads\/2024\/03\/Radio-do-motocykla-Harley-Davidson-Soundstream-Reserve-V2.jpg","contentUrl":"https:\/\/ha.dkonto.pl\/wp-content\/uploads\/2024\/03\/Radio-do-motocykla-Harley-Davidson-Soundstream-Reserve-V2.jpg","width":900,"height":900,"caption":"Radio Soundstream Reserve V2 do motocykli Harley Davidson"},{"@type":"BreadcrumbList","@id":"https:\/\/motorcycle-audio.eu\/sklep\/radia\/radio-soundstream-reserve-v2\/#breadcrumb","itemListElement":[{"@type":"ListItem","position":1,"name":"Strona g\u0142\u00f3wna","item":"https:\/\/motorcycle-audio.eu\/"},{"@type":"ListItem","position":2,"name":"Sklep","item":"https:\/\/motorcycle-audio.eu\/sklep\/"},{"@type":"ListItem","position":3,"name":"Radio Soundstream Reserve V2 do motocykla Harley Davidson Road Glide, Street Glide, Electra Glide 2014+"}]},{"@type":"WebSite","@id":"https:\/\/ha.dkonto.pl\/#website","url":"https:\/\/ha.dkonto.pl\/","name":"Mefiu Motorcycle Audio","description":"Play it loud!","publisher":{"@id":"https:\/\/ha.dkonto.pl\/#organization"},"potentialAction":[{"@type":"SearchAction","target":{"@type":"EntryPoint","urlTemplate":"https:\/\/ha.dkonto.pl\/?s={search_term_string}"},"query-input":{"@type":"PropertyValueSpecification","valueRequired":true,"valueName":"search_term_string"}}],"inLanguage":"en-GB"},{"@type":"Organization","@id":"https:\/\/ha.dkonto.pl\/#organization","name":"Mefiu Motorcycle Audio","url":"https:\/\/ha.dkonto.pl\/","logo":{"@type":"ImageObject","inLanguage":"en-GB","@id":"https:\/\/ha.dkonto.pl\/#\/schema\/logo\/image\/","url":"https:\/\/ha.dkonto.pl\/wp-content\/uploads\/2025\/05\/mefiu_logo.png","contentUrl":"https:\/\/ha.dkonto.pl\/wp-content\/uploads\/2025\/05\/mefiu_logo.png","width":150,"height":150,"caption":"Mefiu Motorcycle Audio"},"image":{"@id":"https:\/\/ha.dkonto.pl\/#\/schema\/logo\/image\/"},"sameAs":["https:\/\/www.facebook.com\/HarleyDavidsonAudio"]}]}},"jetpack_sharing_enabled":true,"_links":{"self":[{"href":"https:\/\/ha.dkonto.pl\/en\/wp-json\/wp\/v2\/product\/7824","targetHints":{"allow":["GET"]}}],"collection":[{"href":"https:\/\/ha.dkonto.pl\/en\/wp-json\/wp\/v2\/product"}],"about":[{"href":"https:\/\/ha.dkonto.pl\/en\/wp-json\/wp\/v2\/types\/product"}],"replies":[{"embeddable":true,"href":"https:\/\/ha.dkonto.pl\/en\/wp-json\/wp\/v2\/comments?post=7824"}],"version-history":[{"count":10,"href":"https:\/\/ha.dkonto.pl\/en\/wp-json\/wp\/v2\/product\/7824\/revisions"}],"predecessor-version":[{"id":8559,"href":"https:\/\/ha.dkonto.pl\/en\/wp-json\/wp\/v2\/product\/7824\/revisions\/8559"}],"wp:featuredmedia":[{"embeddable":true,"href":"https:\/\/ha.dkonto.pl\/en\/wp-json\/wp\/v2\/media\/7825"}],"wp:attachment":[{"href":"https:\/\/ha.dkonto.pl\/en\/wp-json\/wp\/v2\/media?parent=7824"}],"wp:term":[{"taxonomy":"product_cat","embeddable":true,"href":"https:\/\/ha.dkonto.pl\/en\/wp-json\/wp\/v2\/product_cat?post=7824"},{"taxonomy":"product_tag","embeddable":true,"href":"https:\/\/ha.dkonto.pl\/en\/wp-json\/wp\/v2\/product_tag?post=7824"}],"curies":[{"name":"wp","href":"https:\/\/api.w.org\/{rel}","templated":true}]}}