{"id":7745,"date":"2023-08-02T15:17:35","date_gmt":"2023-08-02T13:17:35","guid":{"rendered":"https:\/\/motorcycle-audio.eu\/?post_type=product&#038;p=7745"},"modified":"2024-03-19T12:45:18","modified_gmt":"2024-03-19T11:45:18","slug":"6x9-speaker-mounting-kit-for-oem-saddlebags-harley-davidson-touring-2014","status":"publish","type":"product","link":"https:\/\/ha.dkonto.pl\/en\/shop\/accessories\/6x9-speaker-mounting-kit-for-oem-saddlebags-harley-davidson-touring-2014\/","title":{"rendered":"6x9 Speaker Mounting Kit for Original Harley Davidson Touring 2014+ Saddlebags"},"content":{"rendered":"<p>The 6x9 Speaker Mount Kit for Original Equipment Harley Davidson Touring 2014+ Precision Power Saddlebags allows you to add almost any speaker to the factory saddlebag covers. Designed for select 2014 and newer Harley-Davidson\u00ae motorcycles with hard saddlebags.<\/p>\n<p>Hassle-free installation<\/p>\n<p>The installer-friendly cutting guide and mounting system let you enjoy a more powerful sound without having to replace saddlebags or paint. The kit includes all hardware, integrated Precision Power grilles, and complete wiring.<\/p>","protected":false},"excerpt":{"rendered":"<p>Zestaw do monta\u017cu g\u0142o\u015bnik\u00f3w 6&#215;9 w oryginalnych kufrach Harley Davidson Touring 2014+ Precision Power, umo\u017cliwia dodanie niemal dowolnych g\u0142o\u015bnik\u00f3w do fabrycznych pokryw kufr\u00f3w bocznych. Zaprojektowany dla wybranych motocykli Harley-Davidson\u00ae z roku 2014 i nowszych z twardymi kuframi. BEZPROBLEMOWA INSTALACJA Przyjazna dla instalatora prowadnica ci\u0119cia i uk\u0142ad mocowania pozwol\u0105 Ci cieszy\u0107 si\u0119 mocniejszym d\u017awi\u0119kiem bez konieczno\u015bci&hellip; <\/p>\n<p class=\"link-more\"><a href=\"https:\/\/ha.dkonto.pl\/en\/shop\/accessories\/6x9-speaker-mounting-kit-for-oem-saddlebags-harley-davidson-touring-2014\/\" class=\"more-link\">Read More <span class=\"screen-reader-text\"> &#8222;Zestaw do monta\u017cu g\u0142o\u015bnik\u00f3w 6&#215;9 w oryginalnych kufrach Harley Davidson Touring 2014+&#8221;<\/span><\/a><\/p>","protected":false},"featured_media":7746,"comment_status":"closed","ping_status":"closed","template":"","meta":{"_acf_changed":false},"product_cat":[53],"product_tag":[],"class_list":{"0":"post-7745","1":"product","2":"type-product","3":"status-publish","4":"has-post-thumbnail","6":"product_cat-akcesoria","8":"first","9":"instock","10":"taxable","11":"shipping-taxable","12":"purchasable","13":"product-type-simple"},"acf":[],"yoast_head":"<!-- This site is optimized with the Yoast SEO Premium plugin v25.1 (Yoast SEO v26.0) - https:\/\/yoast.com\/wordpress\/plugins\/seo\/ -->\n<title>Zestaw do monta\u017cu g\u0142o\u015bnik\u00f3w 6x9 w oryginalnych kufrach Harley Davidson Touring 2014+ - Mefiu Motorcycle Audio<\/title>\n<meta name=\"robots\" content=\"noindex, follow, max-snippet:-1, max-image-preview:large, max-video-preview:-1\" \/>\n<meta property=\"og:locale\" content=\"en_GB\" \/>\n<meta property=\"og:type\" content=\"article\" \/>\n<meta property=\"og:title\" content=\"Zestaw do monta\u017cu g\u0142o\u015bnik\u00f3w 6x9 w oryginalnych kufrach Harley Davidson Touring 2014+\" \/>\n<meta property=\"og:description\" content=\"Zestaw do monta\u017cu g\u0142o\u015bnik\u00f3w 6&#215;9 w oryginalnych kufrach Harley Davidson Touring 2014+ Precision Power, umo\u017cliwia dodanie niemal dowolnych g\u0142o\u015bnik\u00f3w do fabrycznych pokryw kufr\u00f3w bocznych. Zaprojektowany dla wybranych motocykli Harley-Davidson\u00ae z roku 2014 i nowszych z twardymi kuframi. BEZPROBLEMOWA INSTALACJA Przyjazna dla instalatora prowadnica ci\u0119cia i uk\u0142ad mocowania pozwol\u0105 Ci cieszy\u0107 si\u0119 mocniejszym d\u017awi\u0119kiem bez konieczno\u015bci&hellip; Read More &quot;Zestaw do monta\u017cu g\u0142o\u015bnik\u00f3w 6&#215;9 w oryginalnych kufrach Harley Davidson Touring 2014+&quot;\" \/>\n<meta property=\"og:url\" content=\"https:\/\/motorcycle-audio.eu\/sklep\/akcesoria\/zestaw-do-montazu-glosnikow-6x9-w-oryginalnych-kufrach-harley-davidson-touring-2014\/\" \/>\n<meta property=\"og:site_name\" content=\"Mefiu Motorcycle Audio\" \/>\n<meta property=\"article:publisher\" content=\"https:\/\/www.facebook.com\/HarleyDavidsonAudio\" \/>\n<meta property=\"article:modified_time\" content=\"2024-03-19T11:45:18+00:00\" \/>\n<meta property=\"og:image\" content=\"https:\/\/motorcycle-audio.eu\/wp-content\/uploads\/2023\/08\/Zestaw-do-montazu-glosnikow-w-oryginalnych-kufrach-Harley-Touring-2014-1.jpg\" \/>\n\t<meta property=\"og:image:width\" content=\"900\" \/>\n\t<meta property=\"og:image:height\" content=\"900\" \/>\n\t<meta property=\"og:image:type\" content=\"image\/jpeg\" \/>\n<meta name=\"twitter:card\" content=\"summary_large_image\" \/>\n<meta name=\"twitter:label1\" content=\"Est. reading time\" \/>\n\t<meta name=\"twitter:data1\" content=\"1 minute\" \/>\n<script type=\"application\/ld+json\" class=\"yoast-schema-graph\">{\"@context\":\"https:\/\/schema.org\",\"@graph\":[{\"@type\":\"WebPage\",\"@id\":\"https:\/\/motorcycle-audio.eu\/sklep\/akcesoria\/zestaw-do-montazu-glosnikow-6x9-w-oryginalnych-kufrach-harley-davidson-touring-2014\/\",\"url\":\"https:\/\/motorcycle-audio.eu\/sklep\/akcesoria\/zestaw-do-montazu-glosnikow-6x9-w-oryginalnych-kufrach-harley-davidson-touring-2014\/\",\"name\":\"Zestaw do monta\u017cu g\u0142o\u015bnik\u00f3w 6x9 w oryginalnych kufrach Harley Davidson Touring 2014+ - Mefiu Motorcycle Audio\",\"isPartOf\":{\"@id\":\"https:\/\/ha.dkonto.pl\/#website\"},\"primaryImageOfPage\":{\"@id\":\"https:\/\/motorcycle-audio.eu\/sklep\/akcesoria\/zestaw-do-montazu-glosnikow-6x9-w-oryginalnych-kufrach-harley-davidson-touring-2014\/#primaryimage\"},\"image\":{\"@id\":\"https:\/\/motorcycle-audio.eu\/sklep\/akcesoria\/zestaw-do-montazu-glosnikow-6x9-w-oryginalnych-kufrach-harley-davidson-touring-2014\/#primaryimage\"},\"thumbnailUrl\":\"https:\/\/ha.dkonto.pl\/wp-content\/uploads\/2023\/08\/Zestaw-do-montazu-glosnikow-w-oryginalnych-kufrach-Harley-Touring-2014-1.jpg\",\"datePublished\":\"2023-08-02T13:17:35+00:00\",\"dateModified\":\"2024-03-19T11:45:18+00:00\",\"breadcrumb\":{\"@id\":\"https:\/\/motorcycle-audio.eu\/sklep\/akcesoria\/zestaw-do-montazu-glosnikow-6x9-w-oryginalnych-kufrach-harley-davidson-touring-2014\/#breadcrumb\"},\"inLanguage\":\"en-GB\",\"potentialAction\":[{\"@type\":\"ReadAction\",\"target\":[\"https:\/\/motorcycle-audio.eu\/sklep\/akcesoria\/zestaw-do-montazu-glosnikow-6x9-w-oryginalnych-kufrach-harley-davidson-touring-2014\/\"]}]},{\"@type\":\"ImageObject\",\"inLanguage\":\"en-GB\",\"@id\":\"https:\/\/motorcycle-audio.eu\/sklep\/akcesoria\/zestaw-do-montazu-glosnikow-6x9-w-oryginalnych-kufrach-harley-davidson-touring-2014\/#primaryimage\",\"url\":\"https:\/\/ha.dkonto.pl\/wp-content\/uploads\/2023\/08\/Zestaw-do-montazu-glosnikow-w-oryginalnych-kufrach-Harley-Touring-2014-1.jpg\",\"contentUrl\":\"https:\/\/ha.dkonto.pl\/wp-content\/uploads\/2023\/08\/Zestaw-do-montazu-glosnikow-w-oryginalnych-kufrach-Harley-Touring-2014-1.jpg\",\"width\":900,\"height\":900},{\"@type\":\"BreadcrumbList\",\"@id\":\"https:\/\/motorcycle-audio.eu\/sklep\/akcesoria\/zestaw-do-montazu-glosnikow-6x9-w-oryginalnych-kufrach-harley-davidson-touring-2014\/#breadcrumb\",\"itemListElement\":[{\"@type\":\"ListItem\",\"position\":1,\"name\":\"Strona g\u0142\u00f3wna\",\"item\":\"https:\/\/motorcycle-audio.eu\/\"},{\"@type\":\"ListItem\",\"position\":2,\"name\":\"Sklep\",\"item\":\"https:\/\/motorcycle-audio.eu\/sklep\/\"},{\"@type\":\"ListItem\",\"position\":3,\"name\":\"Zestaw do monta\u017cu g\u0142o\u015bnik\u00f3w 6&#215;9 w oryginalnych kufrach Harley Davidson Touring 2014+\"}]},{\"@type\":\"WebSite\",\"@id\":\"https:\/\/ha.dkonto.pl\/#website\",\"url\":\"https:\/\/ha.dkonto.pl\/\",\"name\":\"Mefiu Motorcycle Audio\",\"description\":\"Play it loud!\",\"publisher\":{\"@id\":\"https:\/\/ha.dkonto.pl\/#organization\"},\"potentialAction\":[{\"@type\":\"SearchAction\",\"target\":{\"@type\":\"EntryPoint\",\"urlTemplate\":\"https:\/\/ha.dkonto.pl\/?s={search_term_string}\"},\"query-input\":{\"@type\":\"PropertyValueSpecification\",\"valueRequired\":true,\"valueName\":\"search_term_string\"}}],\"inLanguage\":\"en-GB\"},{\"@type\":\"Organization\",\"@id\":\"https:\/\/ha.dkonto.pl\/#organization\",\"name\":\"Mefiu Motorcycle Audio\",\"url\":\"https:\/\/ha.dkonto.pl\/\",\"logo\":{\"@type\":\"ImageObject\",\"inLanguage\":\"en-GB\",\"@id\":\"https:\/\/ha.dkonto.pl\/#\/schema\/logo\/image\/\",\"url\":\"https:\/\/ha.dkonto.pl\/wp-content\/uploads\/2025\/05\/mefiu_logo.png\",\"contentUrl\":\"https:\/\/ha.dkonto.pl\/wp-content\/uploads\/2025\/05\/mefiu_logo.png\",\"width\":150,\"height\":150,\"caption\":\"Mefiu Motorcycle Audio\"},\"image\":{\"@id\":\"https:\/\/ha.dkonto.pl\/#\/schema\/logo\/image\/\"},\"sameAs\":[\"https:\/\/www.facebook.com\/HarleyDavidsonAudio\"]}]}<\/script>\n<!-- \/ Yoast SEO Premium plugin. -->","yoast_head_json":{"title":"6x9 Speaker Mounting Kit for Original Harley Davidson Touring 2014+ Cases - Mefiu Motorcycle Audio","robots":{"index":"noindex","follow":"follow","max-snippet":"max-snippet:-1","max-image-preview":"max-image-preview:large","max-video-preview":"max-video-preview:-1"},"og_locale":"en_GB","og_type":"article","og_title":"Zestaw do monta\u017cu g\u0142o\u015bnik\u00f3w 6x9 w oryginalnych kufrach Harley Davidson Touring 2014+","og_description":"Zestaw do monta\u017cu g\u0142o\u015bnik\u00f3w 6&#215;9 w oryginalnych kufrach Harley Davidson Touring 2014+ Precision Power, umo\u017cliwia dodanie niemal dowolnych g\u0142o\u015bnik\u00f3w do fabrycznych pokryw kufr\u00f3w bocznych. Zaprojektowany dla wybranych motocykli Harley-Davidson\u00ae z roku 2014 i nowszych z twardymi kuframi. BEZPROBLEMOWA INSTALACJA Przyjazna dla instalatora prowadnica ci\u0119cia i uk\u0142ad mocowania pozwol\u0105 Ci cieszy\u0107 si\u0119 mocniejszym d\u017awi\u0119kiem bez konieczno\u015bci&hellip; Read More \"Zestaw do monta\u017cu g\u0142o\u015bnik\u00f3w 6&#215;9 w oryginalnych kufrach Harley Davidson Touring 2014+\"","og_url":"https:\/\/motorcycle-audio.eu\/sklep\/akcesoria\/zestaw-do-montazu-glosnikow-6x9-w-oryginalnych-kufrach-harley-davidson-touring-2014\/","og_site_name":"Mefiu Motorcycle Audio","article_publisher":"https:\/\/www.facebook.com\/HarleyDavidsonAudio","article_modified_time":"2024-03-19T11:45:18+00:00","og_image":[{"width":900,"height":900,"url":"https:\/\/motorcycle-audio.eu\/wp-content\/uploads\/2023\/08\/Zestaw-do-montazu-glosnikow-w-oryginalnych-kufrach-Harley-Touring-2014-1.jpg","type":"image\/jpeg"}],"twitter_card":"summary_large_image","twitter_misc":{"Est. reading time":"1 minute"},"schema":{"@context":"https:\/\/schema.org","@graph":[{"@type":"WebPage","@id":"https:\/\/motorcycle-audio.eu\/sklep\/akcesoria\/zestaw-do-montazu-glosnikow-6x9-w-oryginalnych-kufrach-harley-davidson-touring-2014\/","url":"https:\/\/motorcycle-audio.eu\/sklep\/akcesoria\/zestaw-do-montazu-glosnikow-6x9-w-oryginalnych-kufrach-harley-davidson-touring-2014\/","name":"6x9 Speaker Mounting Kit for Original Harley Davidson Touring 2014+ Cases - Mefiu Motorcycle Audio","isPartOf":{"@id":"https:\/\/ha.dkonto.pl\/#website"},"primaryImageOfPage":{"@id":"https:\/\/motorcycle-audio.eu\/sklep\/akcesoria\/zestaw-do-montazu-glosnikow-6x9-w-oryginalnych-kufrach-harley-davidson-touring-2014\/#primaryimage"},"image":{"@id":"https:\/\/motorcycle-audio.eu\/sklep\/akcesoria\/zestaw-do-montazu-glosnikow-6x9-w-oryginalnych-kufrach-harley-davidson-touring-2014\/#primaryimage"},"thumbnailUrl":"https:\/\/ha.dkonto.pl\/wp-content\/uploads\/2023\/08\/Zestaw-do-montazu-glosnikow-w-oryginalnych-kufrach-Harley-Touring-2014-1.jpg","datePublished":"2023-08-02T13:17:35+00:00","dateModified":"2024-03-19T11:45:18+00:00","breadcrumb":{"@id":"https:\/\/motorcycle-audio.eu\/sklep\/akcesoria\/zestaw-do-montazu-glosnikow-6x9-w-oryginalnych-kufrach-harley-davidson-touring-2014\/#breadcrumb"},"inLanguage":"en-GB","potentialAction":[{"@type":"ReadAction","target":["https:\/\/motorcycle-audio.eu\/sklep\/akcesoria\/zestaw-do-montazu-glosnikow-6x9-w-oryginalnych-kufrach-harley-davidson-touring-2014\/"]}]},{"@type":"ImageObject","inLanguage":"en-GB","@id":"https:\/\/motorcycle-audio.eu\/sklep\/akcesoria\/zestaw-do-montazu-glosnikow-6x9-w-oryginalnych-kufrach-harley-davidson-touring-2014\/#primaryimage","url":"https:\/\/ha.dkonto.pl\/wp-content\/uploads\/2023\/08\/Zestaw-do-montazu-glosnikow-w-oryginalnych-kufrach-Harley-Touring-2014-1.jpg","contentUrl":"https:\/\/ha.dkonto.pl\/wp-content\/uploads\/2023\/08\/Zestaw-do-montazu-glosnikow-w-oryginalnych-kufrach-Harley-Touring-2014-1.jpg","width":900,"height":900},{"@type":"BreadcrumbList","@id":"https:\/\/motorcycle-audio.eu\/sklep\/akcesoria\/zestaw-do-montazu-glosnikow-6x9-w-oryginalnych-kufrach-harley-davidson-touring-2014\/#breadcrumb","itemListElement":[{"@type":"ListItem","position":1,"name":"Strona g\u0142\u00f3wna","item":"https:\/\/motorcycle-audio.eu\/"},{"@type":"ListItem","position":2,"name":"Sklep","item":"https:\/\/motorcycle-audio.eu\/sklep\/"},{"@type":"ListItem","position":3,"name":"Zestaw do monta\u017cu g\u0142o\u015bnik\u00f3w 6&#215;9 w oryginalnych kufrach Harley Davidson Touring 2014+"}]},{"@type":"WebSite","@id":"https:\/\/ha.dkonto.pl\/#website","url":"https:\/\/ha.dkonto.pl\/","name":"Mefiu Motorcycle Audio","description":"Play it loud!","publisher":{"@id":"https:\/\/ha.dkonto.pl\/#organization"},"potentialAction":[{"@type":"SearchAction","target":{"@type":"EntryPoint","urlTemplate":"https:\/\/ha.dkonto.pl\/?s={search_term_string}"},"query-input":{"@type":"PropertyValueSpecification","valueRequired":true,"valueName":"search_term_string"}}],"inLanguage":"en-GB"},{"@type":"Organization","@id":"https:\/\/ha.dkonto.pl\/#organization","name":"Mefiu Motorcycle Audio","url":"https:\/\/ha.dkonto.pl\/","logo":{"@type":"ImageObject","inLanguage":"en-GB","@id":"https:\/\/ha.dkonto.pl\/#\/schema\/logo\/image\/","url":"https:\/\/ha.dkonto.pl\/wp-content\/uploads\/2025\/05\/mefiu_logo.png","contentUrl":"https:\/\/ha.dkonto.pl\/wp-content\/uploads\/2025\/05\/mefiu_logo.png","width":150,"height":150,"caption":"Mefiu Motorcycle Audio"},"image":{"@id":"https:\/\/ha.dkonto.pl\/#\/schema\/logo\/image\/"},"sameAs":["https:\/\/www.facebook.com\/HarleyDavidsonAudio"]}]}},"jetpack_sharing_enabled":true,"_links":{"self":[{"href":"https:\/\/ha.dkonto.pl\/en\/wp-json\/wp\/v2\/product\/7745","targetHints":{"allow":["GET"]}}],"collection":[{"href":"https:\/\/ha.dkonto.pl\/en\/wp-json\/wp\/v2\/product"}],"about":[{"href":"https:\/\/ha.dkonto.pl\/en\/wp-json\/wp\/v2\/types\/product"}],"replies":[{"embeddable":true,"href":"https:\/\/ha.dkonto.pl\/en\/wp-json\/wp\/v2\/comments?post=7745"}],"version-history":[{"count":0,"href":"https:\/\/ha.dkonto.pl\/en\/wp-json\/wp\/v2\/product\/7745\/revisions"}],"wp:featuredmedia":[{"embeddable":true,"href":"https:\/\/ha.dkonto.pl\/en\/wp-json\/wp\/v2\/media\/7746"}],"wp:attachment":[{"href":"https:\/\/ha.dkonto.pl\/en\/wp-json\/wp\/v2\/media?parent=7745"}],"wp:term":[{"taxonomy":"product_cat","embeddable":true,"href":"https:\/\/ha.dkonto.pl\/en\/wp-json\/wp\/v2\/product_cat?post=7745"},{"taxonomy":"product_tag","embeddable":true,"href":"https:\/\/ha.dkonto.pl\/en\/wp-json\/wp\/v2\/product_tag?post=7745"}],"curies":[{"name":"wp","href":"https:\/\/api.w.org\/{rel}","templated":true}]}}