{"id":7735,"date":"2023-08-02T15:00:43","date_gmt":"2023-08-02T13:00:43","guid":{"rendered":"https:\/\/motorcycle-audio.eu\/?post_type=product&#038;p=7735"},"modified":"2025-01-22T15:36:38","modified_gmt":"2025-01-22T14:36:38","slug":"amplifier-wiring-harness-for-harley-davidson-touring-2014","status":"publish","type":"product","link":"https:\/\/ha.dkonto.pl\/en\/shop\/accessories\/wires\/amplifier-wiring-harness-for-harley-davidson-touring-2014\/","title":{"rendered":"Harley Touring 2014+ Amplifier Wiring Harness"},"content":{"rendered":"<p>Harley Touring 2014+ Amplifier Wiring Harness<\/p>\n<p>Thanks to it, we can connect any amplifier without interfering with the original installation.<\/p>\n<ul>\n<li>Input and output harnesses included<\/li>\n<li>Includes pre-terminated input and output cables<\/li>\n<li>RCA output harnesses included<\/li>\n<li>Pre-wired rear speaker output for use with the BC-9720 backbone harness<\/li>\n<li>Universal for all amplifiers<\/li>\n<li>Wire covered with protective cloth tape<\/li>\n<\/ul>","protected":false},"excerpt":{"rendered":"<p>Harley Touring 2014+ Amplifier Wiring Harness<\/p>\n<p>Thanks to it, we can connect any amplifier without interfering with the original installation.<\/p>","protected":false},"featured_media":7736,"comment_status":"closed","ping_status":"closed","template":"","meta":{"_acf_changed":false},"product_cat":[53,63],"product_tag":[],"class_list":{"0":"post-7735","1":"product","2":"type-product","3":"status-publish","4":"has-post-thumbnail","6":"product_brand-metra","7":"product_cat-akcesoria","8":"product_cat-przewody","10":"first","11":"instock","12":"taxable","13":"shipping-taxable","14":"purchasable","15":"product-type-simple"},"acf":[],"yoast_head":"<!-- This site is optimized with the Yoast SEO Premium plugin v25.1 (Yoast SEO v26.0) - https:\/\/yoast.com\/wordpress\/plugins\/seo\/ -->\n<title>Wi\u0105zka przewod\u00f3w do pod\u0142\u0105czenia wzmacniacza Harley Touring 2014 + - Mefiu Motorcycle Audio<\/title>\n<meta name=\"robots\" content=\"noindex, follow, max-snippet:-1, max-image-preview:large, max-video-preview:-1\" \/>\n<meta property=\"og:locale\" content=\"en_GB\" \/>\n<meta property=\"og:type\" content=\"article\" \/>\n<meta property=\"og:title\" content=\"Wi\u0105zka przewod\u00f3w do pod\u0142\u0105czenia wzmacniacza Harley Touring 2014 +\" \/>\n<meta property=\"og:description\" content=\"Wi\u0105zka przewod\u00f3w do pod\u0142\u0105czenia wzmacniacza Harley Touring 2014 +  Dzi\u0119ki niej pod\u0142\u0105czymy dowolny wzmacniacz bez ingerencji w oryginaln\u0105 instalacj\u0119.\" \/>\n<meta property=\"og:url\" content=\"https:\/\/motorcycle-audio.eu\/sklep\/akcesoria\/przewody\/wiazka-przewodow-do-podlaczenia-wzmacniacza-harley-touring-2014\/\" \/>\n<meta property=\"og:site_name\" content=\"Mefiu Motorcycle Audio\" \/>\n<meta property=\"article:publisher\" content=\"https:\/\/www.facebook.com\/HarleyDavidsonAudio\" \/>\n<meta property=\"article:modified_time\" content=\"2025-01-22T14:36:38+00:00\" \/>\n<meta property=\"og:image\" content=\"https:\/\/motorcycle-audio.eu\/wp-content\/uploads\/2023\/08\/Wiazka-przewodow-do-podlaczenia-wzmacniacza-Harley-Touring-2014-.jpg\" \/>\n\t<meta property=\"og:image:width\" content=\"2500\" \/>\n\t<meta property=\"og:image:height\" content=\"2500\" \/>\n\t<meta property=\"og:image:type\" content=\"image\/jpeg\" \/>\n<meta name=\"twitter:card\" content=\"summary_large_image\" \/>\n<meta name=\"twitter:label1\" content=\"Est. reading time\" \/>\n\t<meta name=\"twitter:data1\" content=\"1 minute\" \/>\n<script type=\"application\/ld+json\" class=\"yoast-schema-graph\">{\"@context\":\"https:\/\/schema.org\",\"@graph\":[{\"@type\":\"WebPage\",\"@id\":\"https:\/\/motorcycle-audio.eu\/sklep\/akcesoria\/przewody\/wiazka-przewodow-do-podlaczenia-wzmacniacza-harley-touring-2014\/\",\"url\":\"https:\/\/motorcycle-audio.eu\/sklep\/akcesoria\/przewody\/wiazka-przewodow-do-podlaczenia-wzmacniacza-harley-touring-2014\/\",\"name\":\"Wi\u0105zka przewod\u00f3w do pod\u0142\u0105czenia wzmacniacza Harley Touring 2014 + - Mefiu Motorcycle Audio\",\"isPartOf\":{\"@id\":\"https:\/\/ha.dkonto.pl\/#website\"},\"primaryImageOfPage\":{\"@id\":\"https:\/\/motorcycle-audio.eu\/sklep\/akcesoria\/przewody\/wiazka-przewodow-do-podlaczenia-wzmacniacza-harley-touring-2014\/#primaryimage\"},\"image\":{\"@id\":\"https:\/\/motorcycle-audio.eu\/sklep\/akcesoria\/przewody\/wiazka-przewodow-do-podlaczenia-wzmacniacza-harley-touring-2014\/#primaryimage\"},\"thumbnailUrl\":\"https:\/\/ha.dkonto.pl\/wp-content\/uploads\/2023\/08\/Wiazka-przewodow-do-podlaczenia-wzmacniacza-Harley-Touring-2014-.jpg\",\"datePublished\":\"2023-08-02T13:00:43+00:00\",\"dateModified\":\"2025-01-22T14:36:38+00:00\",\"breadcrumb\":{\"@id\":\"https:\/\/motorcycle-audio.eu\/sklep\/akcesoria\/przewody\/wiazka-przewodow-do-podlaczenia-wzmacniacza-harley-touring-2014\/#breadcrumb\"},\"inLanguage\":\"en-GB\",\"potentialAction\":[{\"@type\":\"ReadAction\",\"target\":[\"https:\/\/motorcycle-audio.eu\/sklep\/akcesoria\/przewody\/wiazka-przewodow-do-podlaczenia-wzmacniacza-harley-touring-2014\/\"]}]},{\"@type\":\"ImageObject\",\"inLanguage\":\"en-GB\",\"@id\":\"https:\/\/motorcycle-audio.eu\/sklep\/akcesoria\/przewody\/wiazka-przewodow-do-podlaczenia-wzmacniacza-harley-touring-2014\/#primaryimage\",\"url\":\"https:\/\/ha.dkonto.pl\/wp-content\/uploads\/2023\/08\/Wiazka-przewodow-do-podlaczenia-wzmacniacza-Harley-Touring-2014-.jpg\",\"contentUrl\":\"https:\/\/ha.dkonto.pl\/wp-content\/uploads\/2023\/08\/Wiazka-przewodow-do-podlaczenia-wzmacniacza-Harley-Touring-2014-.jpg\",\"width\":2500,\"height\":2500,\"caption\":\"At Metra, 12volt installation and integration is our passion. We strive to continuously offer the highest quality products to meet the fluctuating technological challenges of the automotive world. We actively listen to our customers\u2019 requests and invest resources in developing the highest quality dash kit and harness solutions. We make dash kits for more vehicle applications than anyone else in the world. That\u2019s why we\u2019ve been known as \u201cThe Installer\u2019s Choice\u201d \u00ae for more than 75 years. Our other brands include: Axxess\u00ae, T-SPEC\u00ae, The Install Bay\u00ae, Heise LED Lighting Systems\u00ae, iBEAM Vehicle Safety Systems\u00ae, Shuriken High Performance Batteries\u00ae, Raptor\u00ae, Ballistic\u00ae, AmmoTenna\u00ae, Metra PowerSports\u00ae, Saddle Tramp\u00ae, Metra Marine\u00ae and Daytona Lights\u00ae. Metra\u2019s expertise in connectivity solutions is also applied to its division of premium AV and surveillance products from MetraAV\u2122. For ordering information and pricing, visit Metra Electronics online at MetraOnline.com or call 386-257-2956.\"},{\"@type\":\"BreadcrumbList\",\"@id\":\"https:\/\/motorcycle-audio.eu\/sklep\/akcesoria\/przewody\/wiazka-przewodow-do-podlaczenia-wzmacniacza-harley-touring-2014\/#breadcrumb\",\"itemListElement\":[{\"@type\":\"ListItem\",\"position\":1,\"name\":\"Strona g\u0142\u00f3wna\",\"item\":\"https:\/\/motorcycle-audio.eu\/\"},{\"@type\":\"ListItem\",\"position\":2,\"name\":\"Sklep\",\"item\":\"https:\/\/motorcycle-audio.eu\/sklep\/\"},{\"@type\":\"ListItem\",\"position\":3,\"name\":\"Wi\u0105zka przewod\u00f3w do pod\u0142\u0105czenia wzmacniacza Harley Touring 2014 +\"}]},{\"@type\":\"WebSite\",\"@id\":\"https:\/\/ha.dkonto.pl\/#website\",\"url\":\"https:\/\/ha.dkonto.pl\/\",\"name\":\"Mefiu Motorcycle Audio\",\"description\":\"Play it loud!\",\"publisher\":{\"@id\":\"https:\/\/ha.dkonto.pl\/#organization\"},\"potentialAction\":[{\"@type\":\"SearchAction\",\"target\":{\"@type\":\"EntryPoint\",\"urlTemplate\":\"https:\/\/ha.dkonto.pl\/?s={search_term_string}\"},\"query-input\":{\"@type\":\"PropertyValueSpecification\",\"valueRequired\":true,\"valueName\":\"search_term_string\"}}],\"inLanguage\":\"en-GB\"},{\"@type\":\"Organization\",\"@id\":\"https:\/\/ha.dkonto.pl\/#organization\",\"name\":\"Mefiu Motorcycle Audio\",\"url\":\"https:\/\/ha.dkonto.pl\/\",\"logo\":{\"@type\":\"ImageObject\",\"inLanguage\":\"en-GB\",\"@id\":\"https:\/\/ha.dkonto.pl\/#\/schema\/logo\/image\/\",\"url\":\"https:\/\/ha.dkonto.pl\/wp-content\/uploads\/2025\/05\/mefiu_logo.png\",\"contentUrl\":\"https:\/\/ha.dkonto.pl\/wp-content\/uploads\/2025\/05\/mefiu_logo.png\",\"width\":150,\"height\":150,\"caption\":\"Mefiu Motorcycle Audio\"},\"image\":{\"@id\":\"https:\/\/ha.dkonto.pl\/#\/schema\/logo\/image\/\"},\"sameAs\":[\"https:\/\/www.facebook.com\/HarleyDavidsonAudio\"]}]}<\/script>\n<!-- \/ Yoast SEO Premium plugin. -->","yoast_head_json":{"title":"Harley Touring 2014+ Amplifier Wiring Harness - Mefiu Motorcycle Audio","robots":{"index":"noindex","follow":"follow","max-snippet":"max-snippet:-1","max-image-preview":"max-image-preview:large","max-video-preview":"max-video-preview:-1"},"og_locale":"en_GB","og_type":"article","og_title":"Wi\u0105zka przewod\u00f3w do pod\u0142\u0105czenia wzmacniacza Harley Touring 2014 +","og_description":"Wi\u0105zka przewod\u00f3w do pod\u0142\u0105czenia wzmacniacza Harley Touring 2014 +  Dzi\u0119ki niej pod\u0142\u0105czymy dowolny wzmacniacz bez ingerencji w oryginaln\u0105 instalacj\u0119.","og_url":"https:\/\/motorcycle-audio.eu\/sklep\/akcesoria\/przewody\/wiazka-przewodow-do-podlaczenia-wzmacniacza-harley-touring-2014\/","og_site_name":"Mefiu Motorcycle Audio","article_publisher":"https:\/\/www.facebook.com\/HarleyDavidsonAudio","article_modified_time":"2025-01-22T14:36:38+00:00","og_image":[{"width":2500,"height":2500,"url":"https:\/\/motorcycle-audio.eu\/wp-content\/uploads\/2023\/08\/Wiazka-przewodow-do-podlaczenia-wzmacniacza-Harley-Touring-2014-.jpg","type":"image\/jpeg"}],"twitter_card":"summary_large_image","twitter_misc":{"Est. reading time":"1 minute"},"schema":{"@context":"https:\/\/schema.org","@graph":[{"@type":"WebPage","@id":"https:\/\/motorcycle-audio.eu\/sklep\/akcesoria\/przewody\/wiazka-przewodow-do-podlaczenia-wzmacniacza-harley-touring-2014\/","url":"https:\/\/motorcycle-audio.eu\/sklep\/akcesoria\/przewody\/wiazka-przewodow-do-podlaczenia-wzmacniacza-harley-touring-2014\/","name":"Harley Touring 2014+ Amplifier Wiring Harness - Mefiu Motorcycle Audio","isPartOf":{"@id":"https:\/\/ha.dkonto.pl\/#website"},"primaryImageOfPage":{"@id":"https:\/\/motorcycle-audio.eu\/sklep\/akcesoria\/przewody\/wiazka-przewodow-do-podlaczenia-wzmacniacza-harley-touring-2014\/#primaryimage"},"image":{"@id":"https:\/\/motorcycle-audio.eu\/sklep\/akcesoria\/przewody\/wiazka-przewodow-do-podlaczenia-wzmacniacza-harley-touring-2014\/#primaryimage"},"thumbnailUrl":"https:\/\/ha.dkonto.pl\/wp-content\/uploads\/2023\/08\/Wiazka-przewodow-do-podlaczenia-wzmacniacza-Harley-Touring-2014-.jpg","datePublished":"2023-08-02T13:00:43+00:00","dateModified":"2025-01-22T14:36:38+00:00","breadcrumb":{"@id":"https:\/\/motorcycle-audio.eu\/sklep\/akcesoria\/przewody\/wiazka-przewodow-do-podlaczenia-wzmacniacza-harley-touring-2014\/#breadcrumb"},"inLanguage":"en-GB","potentialAction":[{"@type":"ReadAction","target":["https:\/\/motorcycle-audio.eu\/sklep\/akcesoria\/przewody\/wiazka-przewodow-do-podlaczenia-wzmacniacza-harley-touring-2014\/"]}]},{"@type":"ImageObject","inLanguage":"en-GB","@id":"https:\/\/motorcycle-audio.eu\/sklep\/akcesoria\/przewody\/wiazka-przewodow-do-podlaczenia-wzmacniacza-harley-touring-2014\/#primaryimage","url":"https:\/\/ha.dkonto.pl\/wp-content\/uploads\/2023\/08\/Wiazka-przewodow-do-podlaczenia-wzmacniacza-Harley-Touring-2014-.jpg","contentUrl":"https:\/\/ha.dkonto.pl\/wp-content\/uploads\/2023\/08\/Wiazka-przewodow-do-podlaczenia-wzmacniacza-Harley-Touring-2014-.jpg","width":2500,"height":2500,"caption":"At Metra, 12volt installation and integration is our passion. We strive to continuously offer the highest quality products to meet the fluctuating technological challenges of the automotive world. We actively listen to our customers\u2019 requests and invest resources in developing the highest quality dash kit and harness solutions. We make dash kits for more vehicle applications than anyone else in the world. That\u2019s why we\u2019ve been known as \u201cThe Installer\u2019s Choice\u201d \u00ae for more than 75 years. Our other brands include: Axxess\u00ae, T-SPEC\u00ae, The Install Bay\u00ae, Heise LED Lighting Systems\u00ae, iBEAM Vehicle Safety Systems\u00ae, Shuriken High Performance Batteries\u00ae, Raptor\u00ae, Ballistic\u00ae, AmmoTenna\u00ae, Metra PowerSports\u00ae, Saddle Tramp\u00ae, Metra Marine\u00ae and Daytona Lights\u00ae. Metra\u2019s expertise in connectivity solutions is also applied to its division of premium AV and surveillance products from MetraAV\u2122. For ordering information and pricing, visit Metra Electronics online at MetraOnline.com or call 386-257-2956."},{"@type":"BreadcrumbList","@id":"https:\/\/motorcycle-audio.eu\/sklep\/akcesoria\/przewody\/wiazka-przewodow-do-podlaczenia-wzmacniacza-harley-touring-2014\/#breadcrumb","itemListElement":[{"@type":"ListItem","position":1,"name":"Strona g\u0142\u00f3wna","item":"https:\/\/motorcycle-audio.eu\/"},{"@type":"ListItem","position":2,"name":"Sklep","item":"https:\/\/motorcycle-audio.eu\/sklep\/"},{"@type":"ListItem","position":3,"name":"Wi\u0105zka przewod\u00f3w do pod\u0142\u0105czenia wzmacniacza Harley Touring 2014 +"}]},{"@type":"WebSite","@id":"https:\/\/ha.dkonto.pl\/#website","url":"https:\/\/ha.dkonto.pl\/","name":"Mefiu Motorcycle Audio","description":"Play it loud!","publisher":{"@id":"https:\/\/ha.dkonto.pl\/#organization"},"potentialAction":[{"@type":"SearchAction","target":{"@type":"EntryPoint","urlTemplate":"https:\/\/ha.dkonto.pl\/?s={search_term_string}"},"query-input":{"@type":"PropertyValueSpecification","valueRequired":true,"valueName":"search_term_string"}}],"inLanguage":"en-GB"},{"@type":"Organization","@id":"https:\/\/ha.dkonto.pl\/#organization","name":"Mefiu Motorcycle Audio","url":"https:\/\/ha.dkonto.pl\/","logo":{"@type":"ImageObject","inLanguage":"en-GB","@id":"https:\/\/ha.dkonto.pl\/#\/schema\/logo\/image\/","url":"https:\/\/ha.dkonto.pl\/wp-content\/uploads\/2025\/05\/mefiu_logo.png","contentUrl":"https:\/\/ha.dkonto.pl\/wp-content\/uploads\/2025\/05\/mefiu_logo.png","width":150,"height":150,"caption":"Mefiu Motorcycle Audio"},"image":{"@id":"https:\/\/ha.dkonto.pl\/#\/schema\/logo\/image\/"},"sameAs":["https:\/\/www.facebook.com\/HarleyDavidsonAudio"]}]}},"jetpack_sharing_enabled":true,"_links":{"self":[{"href":"https:\/\/ha.dkonto.pl\/en\/wp-json\/wp\/v2\/product\/7735","targetHints":{"allow":["GET"]}}],"collection":[{"href":"https:\/\/ha.dkonto.pl\/en\/wp-json\/wp\/v2\/product"}],"about":[{"href":"https:\/\/ha.dkonto.pl\/en\/wp-json\/wp\/v2\/types\/product"}],"replies":[{"embeddable":true,"href":"https:\/\/ha.dkonto.pl\/en\/wp-json\/wp\/v2\/comments?post=7735"}],"version-history":[{"count":0,"href":"https:\/\/ha.dkonto.pl\/en\/wp-json\/wp\/v2\/product\/7735\/revisions"}],"wp:featuredmedia":[{"embeddable":true,"href":"https:\/\/ha.dkonto.pl\/en\/wp-json\/wp\/v2\/media\/7736"}],"wp:attachment":[{"href":"https:\/\/ha.dkonto.pl\/en\/wp-json\/wp\/v2\/media?parent=7735"}],"wp:term":[{"taxonomy":"product_cat","embeddable":true,"href":"https:\/\/ha.dkonto.pl\/en\/wp-json\/wp\/v2\/product_cat?post=7735"},{"taxonomy":"product_tag","embeddable":true,"href":"https:\/\/ha.dkonto.pl\/en\/wp-json\/wp\/v2\/product_tag?post=7735"}],"curies":[{"name":"wp","href":"https:\/\/api.w.org\/{rel}","templated":true}]}}