{"id":7720,"date":"2023-08-02T14:25:40","date_gmt":"2023-08-02T12:25:40","guid":{"rendered":"https:\/\/motorcycle-audio.eu\/?post_type=product&#038;p=7720"},"modified":"2024-12-18T10:13:13","modified_gmt":"2024-12-18T09:13:13","slug":"rockford-fosgate-dsr-1-digital-sound-processor-for-harley-davidson-motorcycles","status":"publish","type":"product","link":"https:\/\/ha.dkonto.pl\/en\/shop\/accessories\/dsp-processors\/rockford-fosgate-dsr-1-digital-sound-processor-for-harley-davidson-motorcycles\/","title":{"rendered":"DSP Rockford Fosgate DSR 1 Digital Processor for Harley Davidson Motorcycles"},"content":{"rendered":"<p>&nbsp;<\/p>\n<p>DSP is a complex topic, and the DSR1 is one of the simplest yet highly effective devices of this type. It easily connects multiple amplifiers, allowing for complete and comprehensive system tuning. It is recommended for installations using more than one amplifier and subwoofers.<\/p>\n<p>This will allow us to easily obtain optimal sound using an iOS or Android application without fear of damaging the speakers.<\/p>\n<p>&nbsp;<\/p>\n<p>Characteristics:<\/p>\n<p>&nbsp;<\/p>\n<p>Digital signal processing with integrated Maestro CAN interface.<\/p>\n<p>Four balanced differential RCA inputs<\/p>\n<p>Four-channel high-level inputs with signal detection enabled<\/p>\n<p>18-pin analog input harness<\/p>\n<p>16-pin analog output cable<\/p>\n<p>Micro USB port for setup\/updates<\/p>\n<p>Designed for use with Select Maestro vehicle T-harnesses<\/p>\n<p>Optional PLC2 level controller with assignable functions<\/p>\n<p>Additional coaxial RCA and SPDIF inputs<\/p>\n<p>245 equalization bands for aftermarket tuning<\/p>\n<p>Adjustable steering knuckles with selectable inclination<\/p>\n<p>Up to 10 ms delay on each channel for time alignment<\/p>\n<p>Bluetooth 4.0 connectivity for convenient setup<\/p>\n<p>Interactive tuning interface controlled by an Android\/iOS app<\/p>\n<p>&nbsp;<\/p>\n<p>Specifications:<\/p>\n<p>&nbsp;<\/p>\n<ul>\n<li>\u00a0\u00a0\u00a0 4-channel digital processor with input signal conditioning<\/li>\n<li>\u00a0\u00a0\u00a0 Signal Input: 4 balanced differential RCA inputs<\/li>\n<li>\u00a0\u00a0\u00a0 4 high-level inputs with signal detection<\/li>\n<li>\u00a0\u00a0\u00a0 2 AUX RCA inputs<\/li>\n<li>\u00a0\u00a0\u00a0 SPDIF coaxial input<\/li>\n<li>\u00a0\u00a0\u00a0 Input impedance: 20k ohms<\/li>\n<li>\u00a0\u00a0\u00a0 Operating voltage: 9 \u2013 16 V DC<\/li>\n<li>\u00a0\u00a0\u00a0 Output impedance: 200 ohms<\/li>\n<li>\u00a0\u00a0\u00a0 Frequency response: 20 Hz \u2013 20 kHz +\/- 0.5 dB<\/li>\n<li>\u00a0\u00a0\u00a0 Signal output: 8 RCA outputs<\/li>\n<li>\u00a0\u00a0\u00a0 Input voltage: low level (RCA): up to 4V<\/li>\n<li>\u00a0\u00a0\u00a0 High level: up to 12.5 V<\/li>\n<li>\u00a0\u00a0\u00a0 Turn-on high: 4V \u2013 16V<\/li>\n<li>\u00a0\u00a0\u00a0 AUX: up to 2 V<\/li>\n<li>\u00a0\u00a0\u00a0 Output voltage: up to 4V RMS<\/li>\n<li>\u00a0\u00a0\u00a0 THD+N :&lt;1,0%<\/li>\n<li>\u00a0\u00a0\u00a0 Signal-Rausch-Abstand: &gt;100 dBA (A-weighted)<\/li>\n<li>\u00a0\u00a0\u00a0 Digital Signal Processing (DSP): Speed: 147 MIPS<\/li>\n<li>\u00a0\u00a0\u00a0 Accuracy: 32 bits<\/li>\n<li>\u00a0\u00a0\u00a0 Crossover type: high-pass<\/li>\n<li>\u00a0\u00a0\u00a0 Low pass<\/li>\n<li>\u00a0\u00a0\u00a0 Band pass<\/li>\n<li>\u00a0\u00a0\u00a0 All pass<\/li>\n<li>\u00a0\u00a0\u00a0 Linkwitz\u2013Riley pass<\/li>\n<li>\u00a0\u00a0\u00a0 Cut-off frequency: variable: 20 Hz to 10 kHz<\/li>\n<li>\u00a0\u00a0\u00a0 Audio crossover: selectable crossover slope<\/li>\n<li>\u00a0\u00a0\u00a0 6\/12\/18\/24\/30\/36\/48 dB\/octave<\/li>\n<li>\u00a0\u00a0\u00a0 EQ Frequency Centers: Channels: Front\/Spare\/Rear\/Sub<\/li>\n<li>\u00a0\u00a0\u00a0 Frequency bands: 31 per channel<\/li>\n<li>\u00a0\u00a0\u00a0 EQ Frequency Adjustment: Selectable Q: 0.01 to 10.0<\/li>\n<li>\u00a0\u00a0\u00a0 Dimensions (H x W x D): 32mm x 102.5mm x 130mm<\/li>\n<li>\u00a0\u00a0\u00a0 Shipping weight: 0.22 kg<\/li>\n<\/ul>","protected":false},"excerpt":{"rendered":"<p>&nbsp;<\/p>\n<p>DSP is a complex topic, and the DSR1 is one of the simplest yet highly effective devices of this type. It easily connects multiple amplifiers, allowing for complete and comprehensive system tuning. It is recommended for installations using more than one amplifier and subwoofers.<\/p>\n<p>This will allow us to easily obtain optimal sound using an iOS or Android application without fear of damaging the speakers.<\/p>","protected":false},"featured_media":7728,"comment_status":"closed","ping_status":"closed","template":"","meta":{"_acf_changed":false},"product_cat":[53,64],"product_tag":[],"class_list":{"0":"post-7720","1":"product","2":"type-product","3":"status-publish","4":"has-post-thumbnail","6":"product_cat-akcesoria","7":"product_cat-procesory-dsp","9":"first","10":"instock","11":"taxable","12":"shipping-taxable","13":"purchasable","14":"product-type-simple"},"acf":[],"yoast_head":"<!-- This site is optimized with the Yoast SEO Premium plugin v25.1 (Yoast SEO v26.0) - https:\/\/yoast.com\/wordpress\/plugins\/seo\/ -->\n<title>DSP Procesor cyfrowy Rockford Fosgate DSR 1 do motocykli Harley Davidson - Mefiu Motorcycle Audio<\/title>\n<meta name=\"robots\" content=\"noindex, follow, max-snippet:-1, max-image-preview:large, max-video-preview:-1\" \/>\n<meta property=\"og:locale\" content=\"en_GB\" \/>\n<meta property=\"og:type\" content=\"article\" \/>\n<meta property=\"og:title\" content=\"DSP Procesor cyfrowy Rockford Fosgate DSR 1 do motocykli Harley Davidson\" \/>\n<meta property=\"og:description\" content=\"&nbsp;  DSP to temat rzeka, a DSR1 jest jednym z najprostszych tego tupu urz\u0105dze\u0144, lecz bardzo wydajnym. Bez problemu pod\u0142\u0105czymy do niego kilka wzmacniaczy i uzyskamy mo\u017cliwo\u015b\u0107 pe\u0142nego i kompleksowego strojenia systemu. POlecany jest do instalacji, gdzie stosujemy wi\u0119cej ni\u017c jeden wzmacniacz i subwoofery.  Pozwoli nam to w spos\u00f3b \u0142atwy, za pomoc\u0105 aplikacji na ios lub Android uzyska\u0107 optymalny d\u017awi\u0119k bez strachu o uszkodzenie g\u0142o\u015bnik\u00f3w.\" \/>\n<meta property=\"og:url\" content=\"https:\/\/motorcycle-audio.eu\/sklep\/akcesoria\/procesory-dsp\/dsp-procesor-cyfrowy-rockford-fosgate-dsr-1-do-motocykli-harley-davidson\/\" \/>\n<meta property=\"og:site_name\" content=\"Mefiu Motorcycle Audio\" \/>\n<meta property=\"article:publisher\" content=\"https:\/\/www.facebook.com\/HarleyDavidsonAudio\" \/>\n<meta property=\"article:modified_time\" content=\"2024-12-18T09:13:13+00:00\" \/>\n<meta property=\"og:image\" content=\"https:\/\/motorcycle-audio.eu\/wp-content\/uploads\/2023\/08\/DSP-Procesor-audio-do-motocykli-Harley-Davidson.webp\" \/>\n\t<meta property=\"og:image:width\" content=\"1200\" \/>\n\t<meta property=\"og:image:height\" content=\"1200\" \/>\n\t<meta property=\"og:image:type\" content=\"image\/webp\" \/>\n<meta name=\"twitter:card\" content=\"summary_large_image\" \/>\n<meta name=\"twitter:label1\" content=\"Est. reading time\" \/>\n\t<meta name=\"twitter:data1\" content=\"2 minutes\" \/>\n<script type=\"application\/ld+json\" class=\"yoast-schema-graph\">{\"@context\":\"https:\/\/schema.org\",\"@graph\":[{\"@type\":\"WebPage\",\"@id\":\"https:\/\/motorcycle-audio.eu\/sklep\/akcesoria\/procesory-dsp\/dsp-procesor-cyfrowy-rockford-fosgate-dsr-1-do-motocykli-harley-davidson\/\",\"url\":\"https:\/\/motorcycle-audio.eu\/sklep\/akcesoria\/procesory-dsp\/dsp-procesor-cyfrowy-rockford-fosgate-dsr-1-do-motocykli-harley-davidson\/\",\"name\":\"DSP Procesor cyfrowy Rockford Fosgate DSR 1 do motocykli Harley Davidson - Mefiu Motorcycle Audio\",\"isPartOf\":{\"@id\":\"https:\/\/ha.dkonto.pl\/#website\"},\"primaryImageOfPage\":{\"@id\":\"https:\/\/motorcycle-audio.eu\/sklep\/akcesoria\/procesory-dsp\/dsp-procesor-cyfrowy-rockford-fosgate-dsr-1-do-motocykli-harley-davidson\/#primaryimage\"},\"image\":{\"@id\":\"https:\/\/motorcycle-audio.eu\/sklep\/akcesoria\/procesory-dsp\/dsp-procesor-cyfrowy-rockford-fosgate-dsr-1-do-motocykli-harley-davidson\/#primaryimage\"},\"thumbnailUrl\":\"https:\/\/ha.dkonto.pl\/wp-content\/uploads\/2023\/08\/DSP-Procesor-audio-do-motocykli-Harley-Davidson.webp\",\"datePublished\":\"2023-08-02T12:25:40+00:00\",\"dateModified\":\"2024-12-18T09:13:13+00:00\",\"breadcrumb\":{\"@id\":\"https:\/\/motorcycle-audio.eu\/sklep\/akcesoria\/procesory-dsp\/dsp-procesor-cyfrowy-rockford-fosgate-dsr-1-do-motocykli-harley-davidson\/#breadcrumb\"},\"inLanguage\":\"en-GB\",\"potentialAction\":[{\"@type\":\"ReadAction\",\"target\":[\"https:\/\/motorcycle-audio.eu\/sklep\/akcesoria\/procesory-dsp\/dsp-procesor-cyfrowy-rockford-fosgate-dsr-1-do-motocykli-harley-davidson\/\"]}]},{\"@type\":\"ImageObject\",\"inLanguage\":\"en-GB\",\"@id\":\"https:\/\/motorcycle-audio.eu\/sklep\/akcesoria\/procesory-dsp\/dsp-procesor-cyfrowy-rockford-fosgate-dsr-1-do-motocykli-harley-davidson\/#primaryimage\",\"url\":\"https:\/\/ha.dkonto.pl\/wp-content\/uploads\/2023\/08\/DSP-Procesor-audio-do-motocykli-Harley-Davidson.webp\",\"contentUrl\":\"https:\/\/ha.dkonto.pl\/wp-content\/uploads\/2023\/08\/DSP-Procesor-audio-do-motocykli-Harley-Davidson.webp\",\"width\":1200,\"height\":1200,\"caption\":\"DSP Procesor audio do motocykli Harley Davidson\"},{\"@type\":\"BreadcrumbList\",\"@id\":\"https:\/\/motorcycle-audio.eu\/sklep\/akcesoria\/procesory-dsp\/dsp-procesor-cyfrowy-rockford-fosgate-dsr-1-do-motocykli-harley-davidson\/#breadcrumb\",\"itemListElement\":[{\"@type\":\"ListItem\",\"position\":1,\"name\":\"Strona g\u0142\u00f3wna\",\"item\":\"https:\/\/motorcycle-audio.eu\/\"},{\"@type\":\"ListItem\",\"position\":2,\"name\":\"Sklep\",\"item\":\"https:\/\/motorcycle-audio.eu\/sklep\/\"},{\"@type\":\"ListItem\",\"position\":3,\"name\":\"DSP Procesor cyfrowy Rockford Fosgate DSR 1 do motocykli Harley Davidson\"}]},{\"@type\":\"WebSite\",\"@id\":\"https:\/\/ha.dkonto.pl\/#website\",\"url\":\"https:\/\/ha.dkonto.pl\/\",\"name\":\"Mefiu Motorcycle Audio\",\"description\":\"Play it loud!\",\"publisher\":{\"@id\":\"https:\/\/ha.dkonto.pl\/#organization\"},\"potentialAction\":[{\"@type\":\"SearchAction\",\"target\":{\"@type\":\"EntryPoint\",\"urlTemplate\":\"https:\/\/ha.dkonto.pl\/?s={search_term_string}\"},\"query-input\":{\"@type\":\"PropertyValueSpecification\",\"valueRequired\":true,\"valueName\":\"search_term_string\"}}],\"inLanguage\":\"en-GB\"},{\"@type\":\"Organization\",\"@id\":\"https:\/\/ha.dkonto.pl\/#organization\",\"name\":\"Mefiu Motorcycle Audio\",\"url\":\"https:\/\/ha.dkonto.pl\/\",\"logo\":{\"@type\":\"ImageObject\",\"inLanguage\":\"en-GB\",\"@id\":\"https:\/\/ha.dkonto.pl\/#\/schema\/logo\/image\/\",\"url\":\"https:\/\/ha.dkonto.pl\/wp-content\/uploads\/2025\/05\/mefiu_logo.png\",\"contentUrl\":\"https:\/\/ha.dkonto.pl\/wp-content\/uploads\/2025\/05\/mefiu_logo.png\",\"width\":150,\"height\":150,\"caption\":\"Mefiu Motorcycle Audio\"},\"image\":{\"@id\":\"https:\/\/ha.dkonto.pl\/#\/schema\/logo\/image\/\"},\"sameAs\":[\"https:\/\/www.facebook.com\/HarleyDavidsonAudio\"]}]}<\/script>\n<!-- \/ Yoast SEO Premium plugin. -->","yoast_head_json":{"title":"DSP Rockford Fosgate DSR 1 Digital Processor for Harley Davidson Motorcycles - Mefiu Motorcycle Audio","robots":{"index":"noindex","follow":"follow","max-snippet":"max-snippet:-1","max-image-preview":"max-image-preview:large","max-video-preview":"max-video-preview:-1"},"og_locale":"en_GB","og_type":"article","og_title":"DSP Procesor cyfrowy Rockford Fosgate DSR 1 do motocykli Harley Davidson","og_description":"&nbsp;  DSP to temat rzeka, a DSR1 jest jednym z najprostszych tego tupu urz\u0105dze\u0144, lecz bardzo wydajnym. Bez problemu pod\u0142\u0105czymy do niego kilka wzmacniaczy i uzyskamy mo\u017cliwo\u015b\u0107 pe\u0142nego i kompleksowego strojenia systemu. POlecany jest do instalacji, gdzie stosujemy wi\u0119cej ni\u017c jeden wzmacniacz i subwoofery.  Pozwoli nam to w spos\u00f3b \u0142atwy, za pomoc\u0105 aplikacji na ios lub Android uzyska\u0107 optymalny d\u017awi\u0119k bez strachu o uszkodzenie g\u0142o\u015bnik\u00f3w.","og_url":"https:\/\/motorcycle-audio.eu\/sklep\/akcesoria\/procesory-dsp\/dsp-procesor-cyfrowy-rockford-fosgate-dsr-1-do-motocykli-harley-davidson\/","og_site_name":"Mefiu Motorcycle Audio","article_publisher":"https:\/\/www.facebook.com\/HarleyDavidsonAudio","article_modified_time":"2024-12-18T09:13:13+00:00","og_image":[{"width":1200,"height":1200,"url":"https:\/\/motorcycle-audio.eu\/wp-content\/uploads\/2023\/08\/DSP-Procesor-audio-do-motocykli-Harley-Davidson.webp","type":"image\/webp"}],"twitter_card":"summary_large_image","twitter_misc":{"Est. reading time":"2 minutes"},"schema":{"@context":"https:\/\/schema.org","@graph":[{"@type":"WebPage","@id":"https:\/\/motorcycle-audio.eu\/sklep\/akcesoria\/procesory-dsp\/dsp-procesor-cyfrowy-rockford-fosgate-dsr-1-do-motocykli-harley-davidson\/","url":"https:\/\/motorcycle-audio.eu\/sklep\/akcesoria\/procesory-dsp\/dsp-procesor-cyfrowy-rockford-fosgate-dsr-1-do-motocykli-harley-davidson\/","name":"DSP Rockford Fosgate DSR 1 Digital Processor for Harley Davidson Motorcycles - Mefiu Motorcycle Audio","isPartOf":{"@id":"https:\/\/ha.dkonto.pl\/#website"},"primaryImageOfPage":{"@id":"https:\/\/motorcycle-audio.eu\/sklep\/akcesoria\/procesory-dsp\/dsp-procesor-cyfrowy-rockford-fosgate-dsr-1-do-motocykli-harley-davidson\/#primaryimage"},"image":{"@id":"https:\/\/motorcycle-audio.eu\/sklep\/akcesoria\/procesory-dsp\/dsp-procesor-cyfrowy-rockford-fosgate-dsr-1-do-motocykli-harley-davidson\/#primaryimage"},"thumbnailUrl":"https:\/\/ha.dkonto.pl\/wp-content\/uploads\/2023\/08\/DSP-Procesor-audio-do-motocykli-Harley-Davidson.webp","datePublished":"2023-08-02T12:25:40+00:00","dateModified":"2024-12-18T09:13:13+00:00","breadcrumb":{"@id":"https:\/\/motorcycle-audio.eu\/sklep\/akcesoria\/procesory-dsp\/dsp-procesor-cyfrowy-rockford-fosgate-dsr-1-do-motocykli-harley-davidson\/#breadcrumb"},"inLanguage":"en-GB","potentialAction":[{"@type":"ReadAction","target":["https:\/\/motorcycle-audio.eu\/sklep\/akcesoria\/procesory-dsp\/dsp-procesor-cyfrowy-rockford-fosgate-dsr-1-do-motocykli-harley-davidson\/"]}]},{"@type":"ImageObject","inLanguage":"en-GB","@id":"https:\/\/motorcycle-audio.eu\/sklep\/akcesoria\/procesory-dsp\/dsp-procesor-cyfrowy-rockford-fosgate-dsr-1-do-motocykli-harley-davidson\/#primaryimage","url":"https:\/\/ha.dkonto.pl\/wp-content\/uploads\/2023\/08\/DSP-Procesor-audio-do-motocykli-Harley-Davidson.webp","contentUrl":"https:\/\/ha.dkonto.pl\/wp-content\/uploads\/2023\/08\/DSP-Procesor-audio-do-motocykli-Harley-Davidson.webp","width":1200,"height":1200,"caption":"DSP Procesor audio do motocykli Harley Davidson"},{"@type":"BreadcrumbList","@id":"https:\/\/motorcycle-audio.eu\/sklep\/akcesoria\/procesory-dsp\/dsp-procesor-cyfrowy-rockford-fosgate-dsr-1-do-motocykli-harley-davidson\/#breadcrumb","itemListElement":[{"@type":"ListItem","position":1,"name":"Strona g\u0142\u00f3wna","item":"https:\/\/motorcycle-audio.eu\/"},{"@type":"ListItem","position":2,"name":"Sklep","item":"https:\/\/motorcycle-audio.eu\/sklep\/"},{"@type":"ListItem","position":3,"name":"DSP Procesor cyfrowy Rockford Fosgate DSR 1 do motocykli Harley Davidson"}]},{"@type":"WebSite","@id":"https:\/\/ha.dkonto.pl\/#website","url":"https:\/\/ha.dkonto.pl\/","name":"Mefiu Motorcycle Audio","description":"Play it loud!","publisher":{"@id":"https:\/\/ha.dkonto.pl\/#organization"},"potentialAction":[{"@type":"SearchAction","target":{"@type":"EntryPoint","urlTemplate":"https:\/\/ha.dkonto.pl\/?s={search_term_string}"},"query-input":{"@type":"PropertyValueSpecification","valueRequired":true,"valueName":"search_term_string"}}],"inLanguage":"en-GB"},{"@type":"Organization","@id":"https:\/\/ha.dkonto.pl\/#organization","name":"Mefiu Motorcycle Audio","url":"https:\/\/ha.dkonto.pl\/","logo":{"@type":"ImageObject","inLanguage":"en-GB","@id":"https:\/\/ha.dkonto.pl\/#\/schema\/logo\/image\/","url":"https:\/\/ha.dkonto.pl\/wp-content\/uploads\/2025\/05\/mefiu_logo.png","contentUrl":"https:\/\/ha.dkonto.pl\/wp-content\/uploads\/2025\/05\/mefiu_logo.png","width":150,"height":150,"caption":"Mefiu Motorcycle Audio"},"image":{"@id":"https:\/\/ha.dkonto.pl\/#\/schema\/logo\/image\/"},"sameAs":["https:\/\/www.facebook.com\/HarleyDavidsonAudio"]}]}},"jetpack_sharing_enabled":true,"_links":{"self":[{"href":"https:\/\/ha.dkonto.pl\/en\/wp-json\/wp\/v2\/product\/7720","targetHints":{"allow":["GET"]}}],"collection":[{"href":"https:\/\/ha.dkonto.pl\/en\/wp-json\/wp\/v2\/product"}],"about":[{"href":"https:\/\/ha.dkonto.pl\/en\/wp-json\/wp\/v2\/types\/product"}],"replies":[{"embeddable":true,"href":"https:\/\/ha.dkonto.pl\/en\/wp-json\/wp\/v2\/comments?post=7720"}],"version-history":[{"count":0,"href":"https:\/\/ha.dkonto.pl\/en\/wp-json\/wp\/v2\/product\/7720\/revisions"}],"wp:featuredmedia":[{"embeddable":true,"href":"https:\/\/ha.dkonto.pl\/en\/wp-json\/wp\/v2\/media\/7728"}],"wp:attachment":[{"href":"https:\/\/ha.dkonto.pl\/en\/wp-json\/wp\/v2\/media?parent=7720"}],"wp:term":[{"taxonomy":"product_cat","embeddable":true,"href":"https:\/\/ha.dkonto.pl\/en\/wp-json\/wp\/v2\/product_cat?post=7720"},{"taxonomy":"product_tag","embeddable":true,"href":"https:\/\/ha.dkonto.pl\/en\/wp-json\/wp\/v2\/product_tag?post=7720"}],"curies":[{"name":"wp","href":"https:\/\/api.w.org\/{rel}","templated":true}]}}