{"id":7694,"date":"2023-08-01T15:58:05","date_gmt":"2023-08-01T13:58:05","guid":{"rendered":"https:\/\/motorcycle-audio.eu\/?post_type=product&#038;p=7694"},"modified":"2025-03-26T13:21:41","modified_gmt":"2025-03-26T12:21:41","slug":"hertz-sp4-900-amplifier-for-harley-davidson-motorcycles","status":"publish","type":"product","link":"https:\/\/ha.dkonto.pl\/en\/shop\/amplifiers\/hertz-sp4-900-amplifier-for-harley-davidson-motorcycles\/","title":{"rendered":"Hertz SP4.900 Amplifier for Harley Davidson Motorcycles"},"content":{"rendered":"<p>The SP 4.900 is the first Hertz amplifier to feature the new Hertz ADC (Advanced D-Class) output stage, achieving up to 85% efficiency and delivering an impressive rated power of 160 x 4 (4 \u03a9) W RMS or 500 W x 2 (4 \u03a9) W RMS when bridged, in an ultra-compact 211.6 x 130 mm footprint. The SP4.900 is the ideal choice for motorcycle applications thanks to its size and enormous power output.<\/p>\n<p>Hertz ADC technology ensures that the SP 4.900 outperforms ordinary ultra-compact amplifiers, delivering an exceptional S\/N ratio of 105 dBA and 0.02% THD, and almost completely eliminating EMI and RFI interference for unparalleled sound quality.<\/p>\n<p>This versatility is perfect to drive high power (4\u03a9) front speakers with a bridged (4\u03a9) subwoofer.<\/p>\n<p>The SP 4.900 is fully protected against overheating and DC outputs, instantly switching to protection mode (red LED lit) to save your speaker system.<\/p>\n<p>The IP55-rated aluminum housing provides maximum protection against moisture and external factors, while the absence of an internal cooling fan prevents dirt buildup. The SP 4.900 motherboard is coated with a conformal coating to prevent damage from internal condensation, which can occur when warm, humid air comes into contact with the amplifier's lower-temperature chassis.<\/p>\n<p>All controls are protected by a removable aluminum panel to make the SP 4.900 IP55 compliant, preventing moisture from entering the switches.<\/p>\n<p>The SP 4.900 features a built-in sealed power cable, line inputs, and speaker outputs, ensuring safe power even in the harshest weather conditions. A robust power harness provides an ultra-stable power and ground connection, preventing vibration-induced loss of contact. Due to its specialized design, the SP 4.900 is the best option for motorcycle applications.<\/p>\n<p>The SP 4.900 features a built-in USS (Universal Speaker Simulator), a dynamic load circuit on the Hi-Level inputs that initially presents the OEM output channel with a load low enough to neutralize the OEM speaker output muting protection circuit. Once the circuit is activated, a higher load is introduced\u2014still low enough to attenuate the Class D outputs, but not low enough to cause current or heat dissipation issues.<\/p>\n<p>The SP 4.900 offers both remote input signal detection and DC offset detection on the speaker inputs for automatic turn-on, ensuring complete integration with any vehicle.<\/p>\n<p>The universal crossover filters and control knob are located on one side to allow for easy calibration once the product is installed.<\/p>\n<p>The filter section features extremely flexible high-pass and low-pass crossovers, adjustable from 50 Hz to 5 kHz with a 12 dB\/octave slope. Together with a bass boost control (45 Hz, 0-8 dB), they allow both front channels to be configured for full-range operation or for use with a subwoofer and associated speakers.<\/p>\n<p>The high-pass crossover can also be used to optimize the performance of the high-performance SPL Show sx165neo, sx690neo, and sv165neo coaxial loudspeakers.<\/p>","protected":false},"excerpt":{"rendered":"<p>The SP 4.900 is the first Hertz amplifier to feature the new Hertz ADC (Advanced D-Class) output stage, achieving up to 85% efficiency and delivering an impressive rated power of 160 x 4 (4 \u03a9) W RMS or 500 W x 2 (4 \u03a9) W RMS when bridged, in an ultra-compact 211.6 x 130 mm footprint. The SP4.900 is the ideal choice for motorcycle applications thanks to its size and enormous power output.<\/p>","protected":false},"featured_media":7695,"comment_status":"closed","ping_status":"closed","template":"","meta":{"_acf_changed":false},"product_cat":[51],"product_tag":[],"class_list":{"0":"post-7694","1":"product","2":"type-product","3":"status-publish","4":"has-post-thumbnail","6":"product_cat-wzmacniacze","8":"first","9":"instock","10":"taxable","11":"shipping-taxable","12":"purchasable","13":"product-type-simple"},"acf":[],"yoast_head":"<!-- This site is optimized with the Yoast SEO Premium plugin v25.1 (Yoast SEO v26.0) - https:\/\/yoast.com\/wordpress\/plugins\/seo\/ -->\n<title>Wzmacniacz Hertz SP4.900 do motocykli Harley Davidson - Mefiu Motorcycle Audio<\/title>\n<meta name=\"robots\" content=\"noindex, follow, max-snippet:-1, max-image-preview:large, max-video-preview:-1\" \/>\n<meta property=\"og:locale\" content=\"en_GB\" \/>\n<meta property=\"og:type\" content=\"article\" \/>\n<meta property=\"og:title\" content=\"Wzmacniacz Hertz SP4.900 do motocykli Harley Davidson\" \/>\n<meta property=\"og:description\" content=\"SP 4.900 to pierwszy wzmacniacz Hertz wyposa\u017cony w nowy stopie\u0144 wyj\u015bciowy Hertz ADC (Advanced D-Class), osi\u0105gaj\u0105cy sprawno\u015b\u0107 do 85% i zapewniaj\u0105cy imponuj\u0105c\u0105 moc znamionow\u0105 160 x 4 (4 \u03a9) W RMS lub 500 W x 2 (4 \u03a9) W RMS po zmostkowaniu, przy ultra kompaktowych wymiarach 211,6x130 mm. SP4.900 jest idealnym wyborem do zastosowa\u0144 motocyklowych dzi\u0119ki swoim wymiarom i ogromnej mocy.\" \/>\n<meta property=\"og:url\" content=\"https:\/\/motorcycle-audio.eu\/sklep\/wzmacniacze\/wzmacniacz-hertz-sp4-900-do-motocykli-harley-davidson\/\" \/>\n<meta property=\"og:site_name\" content=\"Mefiu Motorcycle Audio\" \/>\n<meta property=\"article:publisher\" content=\"https:\/\/www.facebook.com\/HarleyDavidsonAudio\" \/>\n<meta property=\"article:modified_time\" content=\"2025-03-26T12:21:41+00:00\" \/>\n<meta property=\"og:image\" content=\"https:\/\/motorcycle-audio.eu\/wp-content\/uploads\/2023\/08\/Wzmacniacz_Hertz_SP4900_Harley_Davidson.jpg\" \/>\n\t<meta property=\"og:image:width\" content=\"1800\" \/>\n\t<meta property=\"og:image:height\" content=\"1800\" \/>\n\t<meta property=\"og:image:type\" content=\"image\/jpeg\" \/>\n<meta name=\"twitter:card\" content=\"summary_large_image\" \/>\n<meta name=\"twitter:label1\" content=\"Est. reading time\" \/>\n\t<meta name=\"twitter:data1\" content=\"3 minutes\" \/>\n<script type=\"application\/ld+json\" class=\"yoast-schema-graph\">{\"@context\":\"https:\/\/schema.org\",\"@graph\":[{\"@type\":\"WebPage\",\"@id\":\"https:\/\/motorcycle-audio.eu\/sklep\/wzmacniacze\/wzmacniacz-hertz-sp4-900-do-motocykli-harley-davidson\/\",\"url\":\"https:\/\/motorcycle-audio.eu\/sklep\/wzmacniacze\/wzmacniacz-hertz-sp4-900-do-motocykli-harley-davidson\/\",\"name\":\"Wzmacniacz Hertz SP4.900 do motocykli Harley Davidson - Mefiu Motorcycle Audio\",\"isPartOf\":{\"@id\":\"https:\/\/ha.dkonto.pl\/#website\"},\"primaryImageOfPage\":{\"@id\":\"https:\/\/motorcycle-audio.eu\/sklep\/wzmacniacze\/wzmacniacz-hertz-sp4-900-do-motocykli-harley-davidson\/#primaryimage\"},\"image\":{\"@id\":\"https:\/\/motorcycle-audio.eu\/sklep\/wzmacniacze\/wzmacniacz-hertz-sp4-900-do-motocykli-harley-davidson\/#primaryimage\"},\"thumbnailUrl\":\"https:\/\/ha.dkonto.pl\/wp-content\/uploads\/2023\/08\/Wzmacniacz_Hertz_SP4900_Harley_Davidson.jpg\",\"datePublished\":\"2023-08-01T13:58:05+00:00\",\"dateModified\":\"2025-03-26T12:21:41+00:00\",\"breadcrumb\":{\"@id\":\"https:\/\/motorcycle-audio.eu\/sklep\/wzmacniacze\/wzmacniacz-hertz-sp4-900-do-motocykli-harley-davidson\/#breadcrumb\"},\"inLanguage\":\"en-GB\",\"potentialAction\":[{\"@type\":\"ReadAction\",\"target\":[\"https:\/\/motorcycle-audio.eu\/sklep\/wzmacniacze\/wzmacniacz-hertz-sp4-900-do-motocykli-harley-davidson\/\"]}]},{\"@type\":\"ImageObject\",\"inLanguage\":\"en-GB\",\"@id\":\"https:\/\/motorcycle-audio.eu\/sklep\/wzmacniacze\/wzmacniacz-hertz-sp4-900-do-motocykli-harley-davidson\/#primaryimage\",\"url\":\"https:\/\/ha.dkonto.pl\/wp-content\/uploads\/2023\/08\/Wzmacniacz_Hertz_SP4900_Harley_Davidson.jpg\",\"contentUrl\":\"https:\/\/ha.dkonto.pl\/wp-content\/uploads\/2023\/08\/Wzmacniacz_Hertz_SP4900_Harley_Davidson.jpg\",\"width\":1800,\"height\":1800,\"caption\":\"Wzmacniacz Hertz SP4900 Harley Davidson\"},{\"@type\":\"BreadcrumbList\",\"@id\":\"https:\/\/motorcycle-audio.eu\/sklep\/wzmacniacze\/wzmacniacz-hertz-sp4-900-do-motocykli-harley-davidson\/#breadcrumb\",\"itemListElement\":[{\"@type\":\"ListItem\",\"position\":1,\"name\":\"Strona g\u0142\u00f3wna\",\"item\":\"https:\/\/motorcycle-audio.eu\/\"},{\"@type\":\"ListItem\",\"position\":2,\"name\":\"Sklep\",\"item\":\"https:\/\/motorcycle-audio.eu\/sklep\/\"},{\"@type\":\"ListItem\",\"position\":3,\"name\":\"Wzmacniacz Hertz SP4.900 do motocykli Harley Davidson\"}]},{\"@type\":\"WebSite\",\"@id\":\"https:\/\/ha.dkonto.pl\/#website\",\"url\":\"https:\/\/ha.dkonto.pl\/\",\"name\":\"Mefiu Motorcycle Audio\",\"description\":\"Play it loud!\",\"publisher\":{\"@id\":\"https:\/\/ha.dkonto.pl\/#organization\"},\"potentialAction\":[{\"@type\":\"SearchAction\",\"target\":{\"@type\":\"EntryPoint\",\"urlTemplate\":\"https:\/\/ha.dkonto.pl\/?s={search_term_string}\"},\"query-input\":{\"@type\":\"PropertyValueSpecification\",\"valueRequired\":true,\"valueName\":\"search_term_string\"}}],\"inLanguage\":\"en-GB\"},{\"@type\":\"Organization\",\"@id\":\"https:\/\/ha.dkonto.pl\/#organization\",\"name\":\"Mefiu Motorcycle Audio\",\"url\":\"https:\/\/ha.dkonto.pl\/\",\"logo\":{\"@type\":\"ImageObject\",\"inLanguage\":\"en-GB\",\"@id\":\"https:\/\/ha.dkonto.pl\/#\/schema\/logo\/image\/\",\"url\":\"https:\/\/ha.dkonto.pl\/wp-content\/uploads\/2025\/05\/mefiu_logo.png\",\"contentUrl\":\"https:\/\/ha.dkonto.pl\/wp-content\/uploads\/2025\/05\/mefiu_logo.png\",\"width\":150,\"height\":150,\"caption\":\"Mefiu Motorcycle Audio\"},\"image\":{\"@id\":\"https:\/\/ha.dkonto.pl\/#\/schema\/logo\/image\/\"},\"sameAs\":[\"https:\/\/www.facebook.com\/HarleyDavidsonAudio\"]}]}<\/script>\n<!-- \/ Yoast SEO Premium plugin. -->","yoast_head_json":{"title":"Hertz SP4.900 Amplifier for Harley Davidson Motorcycles - Mefiu Motorcycle Audio","robots":{"index":"noindex","follow":"follow","max-snippet":"max-snippet:-1","max-image-preview":"max-image-preview:large","max-video-preview":"max-video-preview:-1"},"og_locale":"en_GB","og_type":"article","og_title":"Wzmacniacz Hertz SP4.900 do motocykli Harley Davidson","og_description":"SP 4.900 to pierwszy wzmacniacz Hertz wyposa\u017cony w nowy stopie\u0144 wyj\u015bciowy Hertz ADC (Advanced D-Class), osi\u0105gaj\u0105cy sprawno\u015b\u0107 do 85% i zapewniaj\u0105cy imponuj\u0105c\u0105 moc znamionow\u0105 160 x 4 (4 \u03a9) W RMS lub 500 W x 2 (4 \u03a9) W RMS po zmostkowaniu, przy ultra kompaktowych wymiarach 211,6x130 mm. SP4.900 jest idealnym wyborem do zastosowa\u0144 motocyklowych dzi\u0119ki swoim wymiarom i ogromnej mocy.","og_url":"https:\/\/motorcycle-audio.eu\/sklep\/wzmacniacze\/wzmacniacz-hertz-sp4-900-do-motocykli-harley-davidson\/","og_site_name":"Mefiu Motorcycle Audio","article_publisher":"https:\/\/www.facebook.com\/HarleyDavidsonAudio","article_modified_time":"2025-03-26T12:21:41+00:00","og_image":[{"width":1800,"height":1800,"url":"https:\/\/motorcycle-audio.eu\/wp-content\/uploads\/2023\/08\/Wzmacniacz_Hertz_SP4900_Harley_Davidson.jpg","type":"image\/jpeg"}],"twitter_card":"summary_large_image","twitter_misc":{"Est. reading time":"3 minutes"},"schema":{"@context":"https:\/\/schema.org","@graph":[{"@type":"WebPage","@id":"https:\/\/motorcycle-audio.eu\/sklep\/wzmacniacze\/wzmacniacz-hertz-sp4-900-do-motocykli-harley-davidson\/","url":"https:\/\/motorcycle-audio.eu\/sklep\/wzmacniacze\/wzmacniacz-hertz-sp4-900-do-motocykli-harley-davidson\/","name":"Hertz SP4.900 Amplifier for Harley Davidson Motorcycles - Mefiu Motorcycle Audio","isPartOf":{"@id":"https:\/\/ha.dkonto.pl\/#website"},"primaryImageOfPage":{"@id":"https:\/\/motorcycle-audio.eu\/sklep\/wzmacniacze\/wzmacniacz-hertz-sp4-900-do-motocykli-harley-davidson\/#primaryimage"},"image":{"@id":"https:\/\/motorcycle-audio.eu\/sklep\/wzmacniacze\/wzmacniacz-hertz-sp4-900-do-motocykli-harley-davidson\/#primaryimage"},"thumbnailUrl":"https:\/\/ha.dkonto.pl\/wp-content\/uploads\/2023\/08\/Wzmacniacz_Hertz_SP4900_Harley_Davidson.jpg","datePublished":"2023-08-01T13:58:05+00:00","dateModified":"2025-03-26T12:21:41+00:00","breadcrumb":{"@id":"https:\/\/motorcycle-audio.eu\/sklep\/wzmacniacze\/wzmacniacz-hertz-sp4-900-do-motocykli-harley-davidson\/#breadcrumb"},"inLanguage":"en-GB","potentialAction":[{"@type":"ReadAction","target":["https:\/\/motorcycle-audio.eu\/sklep\/wzmacniacze\/wzmacniacz-hertz-sp4-900-do-motocykli-harley-davidson\/"]}]},{"@type":"ImageObject","inLanguage":"en-GB","@id":"https:\/\/motorcycle-audio.eu\/sklep\/wzmacniacze\/wzmacniacz-hertz-sp4-900-do-motocykli-harley-davidson\/#primaryimage","url":"https:\/\/ha.dkonto.pl\/wp-content\/uploads\/2023\/08\/Wzmacniacz_Hertz_SP4900_Harley_Davidson.jpg","contentUrl":"https:\/\/ha.dkonto.pl\/wp-content\/uploads\/2023\/08\/Wzmacniacz_Hertz_SP4900_Harley_Davidson.jpg","width":1800,"height":1800,"caption":"Wzmacniacz Hertz SP4900 Harley Davidson"},{"@type":"BreadcrumbList","@id":"https:\/\/motorcycle-audio.eu\/sklep\/wzmacniacze\/wzmacniacz-hertz-sp4-900-do-motocykli-harley-davidson\/#breadcrumb","itemListElement":[{"@type":"ListItem","position":1,"name":"Strona g\u0142\u00f3wna","item":"https:\/\/motorcycle-audio.eu\/"},{"@type":"ListItem","position":2,"name":"Sklep","item":"https:\/\/motorcycle-audio.eu\/sklep\/"},{"@type":"ListItem","position":3,"name":"Wzmacniacz Hertz SP4.900 do motocykli Harley Davidson"}]},{"@type":"WebSite","@id":"https:\/\/ha.dkonto.pl\/#website","url":"https:\/\/ha.dkonto.pl\/","name":"Mefiu Motorcycle Audio","description":"Play it loud!","publisher":{"@id":"https:\/\/ha.dkonto.pl\/#organization"},"potentialAction":[{"@type":"SearchAction","target":{"@type":"EntryPoint","urlTemplate":"https:\/\/ha.dkonto.pl\/?s={search_term_string}"},"query-input":{"@type":"PropertyValueSpecification","valueRequired":true,"valueName":"search_term_string"}}],"inLanguage":"en-GB"},{"@type":"Organization","@id":"https:\/\/ha.dkonto.pl\/#organization","name":"Mefiu Motorcycle Audio","url":"https:\/\/ha.dkonto.pl\/","logo":{"@type":"ImageObject","inLanguage":"en-GB","@id":"https:\/\/ha.dkonto.pl\/#\/schema\/logo\/image\/","url":"https:\/\/ha.dkonto.pl\/wp-content\/uploads\/2025\/05\/mefiu_logo.png","contentUrl":"https:\/\/ha.dkonto.pl\/wp-content\/uploads\/2025\/05\/mefiu_logo.png","width":150,"height":150,"caption":"Mefiu Motorcycle Audio"},"image":{"@id":"https:\/\/ha.dkonto.pl\/#\/schema\/logo\/image\/"},"sameAs":["https:\/\/www.facebook.com\/HarleyDavidsonAudio"]}]}},"jetpack_sharing_enabled":true,"_links":{"self":[{"href":"https:\/\/ha.dkonto.pl\/en\/wp-json\/wp\/v2\/product\/7694","targetHints":{"allow":["GET"]}}],"collection":[{"href":"https:\/\/ha.dkonto.pl\/en\/wp-json\/wp\/v2\/product"}],"about":[{"href":"https:\/\/ha.dkonto.pl\/en\/wp-json\/wp\/v2\/types\/product"}],"replies":[{"embeddable":true,"href":"https:\/\/ha.dkonto.pl\/en\/wp-json\/wp\/v2\/comments?post=7694"}],"version-history":[{"count":1,"href":"https:\/\/ha.dkonto.pl\/en\/wp-json\/wp\/v2\/product\/7694\/revisions"}],"predecessor-version":[{"id":8549,"href":"https:\/\/ha.dkonto.pl\/en\/wp-json\/wp\/v2\/product\/7694\/revisions\/8549"}],"wp:featuredmedia":[{"embeddable":true,"href":"https:\/\/ha.dkonto.pl\/en\/wp-json\/wp\/v2\/media\/7695"}],"wp:attachment":[{"href":"https:\/\/ha.dkonto.pl\/en\/wp-json\/wp\/v2\/media?parent=7694"}],"wp:term":[{"taxonomy":"product_cat","embeddable":true,"href":"https:\/\/ha.dkonto.pl\/en\/wp-json\/wp\/v2\/product_cat?post=7694"},{"taxonomy":"product_tag","embeddable":true,"href":"https:\/\/ha.dkonto.pl\/en\/wp-json\/wp\/v2\/product_tag?post=7694"}],"curies":[{"name":"wp","href":"https:\/\/api.w.org\/{rel}","templated":true}]}}