{"id":7643,"date":"2023-08-01T11:04:33","date_gmt":"2023-08-01T09:04:33","guid":{"rendered":"https:\/\/motorcycle-audio.eu\/?post_type=product&#038;p=7643"},"modified":"2025-11-03T13:05:26","modified_gmt":"2025-11-03T12:05:26","slug":"hertz-sx165neo-speaker-for-harley-davidson-motorcycles","status":"publish","type":"product","link":"https:\/\/ha.dkonto.pl\/en\/shop\/speakers\/hertz-sx165neo-speaker-for-harley-davidson-motorcycles\/","title":{"rendered":"Hertz SX165neo speaker for Harley Davidson motorcycles."},"content":{"rendered":"<p>One of our favorite speakers is the Hertz sx165neo.<\/p>\n<p>Idealnie pasuje do owiewek Street\/Electra oraz Road Glide. Nie potrzebne s\u0105 \u017cadne modyfikacje. Jest to g\u0142o\u015bnik, kt\u00f3ry jest bardzo wydajny, g\u0142o\u015bny i przede wszystkim odporny na warunki atmosferyczne. Mo\u017cna \u015bmia\u0142o la\u0107 w niego wod\u0119 i jecha\u0107 \ud83d\ude09 Najlepiej u\u017cywa\u0107 w komplecie z sx690neo w kufrach bocznych\/go\u0142\u0119bnikach lub sv165neo\u00a0 w tourpacku.<\/p>\n<p>The all-new HERTZ SX 165 NEO loudspeaker is made of weather-resistant, high-stiffness pressed paper that features an innovative water, moisture and UV-resistant treatment.<\/p>\n<p>A dual-layer copper voice coil wound on a polyamide former provides unparalleled power handling. The new drive units are made from special N38H neodymium for minimal volume and increased efficiency.<\/p>\n<p>The SX 165 NEO is equipped with a large 1.4-inch PEI Hi-SPL dome tweeter with resettable solid-state protection circuitry and a protective rubber seal for high SPL and safe outdoor use.<\/p>\n<p>Dimensions:<\/p>\n<p><img fetchpriority=\"high\" decoding=\"async\" class=\"wp-image-7651 alignleft\" src=\"https:\/\/motorcycle-audio.eu\/wp-content\/uploads\/2023\/08\/SX_165_NEO-300x164.png\" alt=\"\" width=\"351\" height=\"192\" srcset=\"https:\/\/ha.dkonto.pl\/wp-content\/uploads\/2023\/08\/SX_165_NEO-300x164.png 300w, https:\/\/ha.dkonto.pl\/wp-content\/uploads\/2023\/08\/SX_165_NEO-400x219.png 400w, https:\/\/ha.dkonto.pl\/wp-content\/uploads\/2023\/08\/SX_165_NEO.png 565w\" sizes=\"(max-width: 351px) 100vw, 351px\" \/><\/p>\n<p>&nbsp;<\/p>\n<p>&nbsp;<\/p>\n<p>&nbsp;<\/p>\n<p>&nbsp;<\/p>\n<table class=\"table caption-top\" style=\"height: 160px;\" width=\"563\">\n<tbody>\n<tr>\n<td><strong>A<\/strong><\/td>\n<td>167,2 mm<\/td>\n<td><\/td>\n<\/tr>\n<tr>\n<td><strong>B<\/strong><\/td>\n<td>143,3 mm<\/td>\n<td><\/td>\n<\/tr>\n<tr>\n<td><strong>C<\/strong><\/td>\n<td>69,5 mm<\/td>\n<td><\/td>\n<\/tr>\n<tr>\n<td><strong>D<\/strong><\/td>\n<td>57,8 mm<\/td>\n<td><\/td>\n<\/tr>\n<\/tbody>\n<\/table>\n<p>Frequency Response<\/p>\n<p><img decoding=\"async\" class=\"alignnone wp-image-7650\" src=\"https:\/\/motorcycle-audio.eu\/wp-content\/uploads\/2023\/08\/Hertz_SX_165_NEO_Fc-300x179.png\" alt=\"\" width=\"350\" height=\"209\" srcset=\"https:\/\/ha.dkonto.pl\/wp-content\/uploads\/2023\/08\/Hertz_SX_165_NEO_Fc-300x179.png 300w, https:\/\/ha.dkonto.pl\/wp-content\/uploads\/2023\/08\/Hertz_SX_165_NEO_Fc-1024x613.png 1024w, https:\/\/ha.dkonto.pl\/wp-content\/uploads\/2023\/08\/Hertz_SX_165_NEO_Fc-768x459.png 768w, https:\/\/ha.dkonto.pl\/wp-content\/uploads\/2023\/08\/Hertz_SX_165_NEO_Fc-1536x919.png 1536w, https:\/\/ha.dkonto.pl\/wp-content\/uploads\/2023\/08\/Hertz_SX_165_NEO_Fc-2048x1225.png 2048w, https:\/\/ha.dkonto.pl\/wp-content\/uploads\/2023\/08\/Hertz_SX_165_NEO_Fc-400x239.png 400w, https:\/\/ha.dkonto.pl\/wp-content\/uploads\/2023\/08\/Hertz_SX_165_NEO_Fc-630x377.png 630w\" sizes=\"(max-width: 350px) 100vw, 350px\" \/><\/p>\n<table>\n<tbody>\n<tr>\n<td><strong>Component<\/strong><\/td>\n<td>SPL COAXIAL<\/td>\n<\/tr>\n<tr>\n<td><strong>Size<\/strong> mm (in.)<\/td>\n<td>165 (6.5)<\/td>\n<\/tr>\n<tr>\n<td><strong>Power Handling &#8211; Continuous<\/strong> W<\/td>\n<td>100<\/td>\n<\/tr>\n<tr>\n<td><strong>Power Handling &#8211; Peak<\/strong> W<\/td>\n<td>200<\/td>\n<\/tr>\n<tr>\n<td><strong>Impedance<\/strong> Ohm<\/td>\n<td>4<\/td>\n<\/tr>\n<tr>\n<td><strong>Tweeter diaphragm<\/strong> mm (in.)<\/td>\n<td>PEI<\/td>\n<\/tr>\n<tr>\n<td><strong>Woofer Voice Coil \u00d8<\/strong> mm (in.)<\/td>\n<td>38 (1.5)<\/td>\n<\/tr>\n<tr>\n<td><strong>Tweeter Voice Coil \u00d8<\/strong> mm (in.)<\/td>\n<td>28 (1.1)<\/td>\n<\/tr>\n<tr>\n<td><strong>Frequency Response<\/strong> Hz<\/td>\n<td>100 \u00f7 20k<\/td>\n<\/tr>\n<tr>\n<td><strong>Woofer Magnet size D x d x h<\/strong> mm (in.)<\/td>\n<td>70 x 45 x 7 (2.76 x 1.77 x 0.28)<\/td>\n<\/tr>\n<tr>\n<td><strong>Tweeter Magnet size D x h<\/strong> mm (in.)<\/td>\n<td>19 x 3 (0.75 x 0.12)<\/td>\n<\/tr>\n<tr>\n<td><strong>Weight of one speaker<\/strong> kg (lb.)<\/td>\n<td>0,94 (2.08)<\/td>\n<\/tr>\n<tr>\n<td><strong>Woofer Magnet<\/strong><\/td>\n<td>Special Neodymium N38 H<\/td>\n<\/tr>\n<tr>\n<td><strong>Tweeter Magnet<\/strong><\/td>\n<td>Special Neodymium N38 H<\/td>\n<\/tr>\n<tr>\n<td><strong>Cone<\/strong><\/td>\n<td>Water repellent pressed paper<\/td>\n<\/tr>\n<\/tbody>\n<\/table>\n<p>&nbsp;<\/p>","protected":false},"excerpt":{"rendered":"<p>One of our favorite speakers is the Hertz sx165neo.<\/p>\n<p>Idealnie pasuje do owiewek Street\/Electra oraz Road Glide. Nie potrzebne s\u0105 \u017cadne modyfikacje. Jest to g\u0142o\u015bnik, kt\u00f3ry jest bardzo wydajny, g\u0142o\u015bny i przede wszystkim odporny na warunki atmosferyczne. Mo\u017cna \u015bmia\u0142o la\u0107 w niego wod\u0119 i jecha\u0107 \ud83d\ude09 Najlepiej u\u017cywa\u0107 w komplecie z sx690neo w kufrach bocznych\/go\u0142\u0119bnikach lub sv165neo\u00a0 w tourpacku.<\/p>","protected":false},"featured_media":7648,"comment_status":"closed","ping_status":"closed","template":"","meta":{"_acf_changed":false},"product_cat":[50],"product_tag":[],"class_list":{"0":"post-7643","1":"product","2":"type-product","3":"status-publish","4":"has-post-thumbnail","6":"product_cat-glosniki","8":"first","9":"instock","10":"taxable","11":"shipping-taxable","12":"purchasable","13":"product-type-simple"},"acf":[],"yoast_head":"<!-- This site is optimized with the Yoast SEO Premium plugin v25.1 (Yoast SEO v26.0) - https:\/\/yoast.com\/wordpress\/plugins\/seo\/ -->\n<title>G\u0142o\u015bnik Hertz sx165neo do motocykli Harley Davidson. - Mefiu Motorcycle Audio<\/title>\n<meta name=\"description\" content=\"Hertz SX165 NEO \u2013 wydajny, g\u0142o\u015bny i wodoodporny g\u0142o\u015bnik do Harley-Davidsona. Neodymowy nap\u0119d, czysty d\u017awi\u0119k i monta\u017c bez przer\u00f3bek w owiewkach.\" \/>\n<meta name=\"robots\" content=\"noindex, follow, max-snippet:-1, max-image-preview:large, max-video-preview:-1\" \/>\n<meta property=\"og:locale\" content=\"en_GB\" \/>\n<meta property=\"og:type\" content=\"article\" \/>\n<meta property=\"og:title\" content=\"G\u0142o\u015bnik Hertz sx165neo do motocykli Harley Davidson.\" \/>\n<meta property=\"og:description\" content=\"Hertz SX165 NEO \u2013 wydajny, g\u0142o\u015bny i wodoodporny g\u0142o\u015bnik do Harley-Davidsona. Neodymowy nap\u0119d, czysty d\u017awi\u0119k i monta\u017c bez przer\u00f3bek w owiewkach.\" \/>\n<meta property=\"og:url\" content=\"https:\/\/motorcycle-audio.eu\/sklep\/glosniki\/glosnik-hertz-sx165neo-do-motocykli-harley-davidson\/\" \/>\n<meta property=\"og:site_name\" content=\"Mefiu Motorcycle Audio\" \/>\n<meta property=\"article:publisher\" content=\"https:\/\/www.facebook.com\/HarleyDavidsonAudio\" \/>\n<meta property=\"article:modified_time\" content=\"2025-11-03T12:05:26+00:00\" \/>\n<meta property=\"og:image\" content=\"https:\/\/motorcycle-audio.eu\/wp-content\/uploads\/2023\/08\/Glosnik_Hertz_SPL_SHOW_SX165NEO-1.jpg\" \/>\n\t<meta property=\"og:image:width\" content=\"1800\" \/>\n\t<meta property=\"og:image:height\" content=\"1800\" \/>\n\t<meta property=\"og:image:type\" content=\"image\/jpeg\" \/>\n<meta name=\"twitter:card\" content=\"summary_large_image\" \/>\n<meta name=\"twitter:label1\" content=\"Est. reading time\" \/>\n\t<meta name=\"twitter:data1\" content=\"3 minutes\" \/>\n<script type=\"application\/ld+json\" class=\"yoast-schema-graph\">{\"@context\":\"https:\/\/schema.org\",\"@graph\":[{\"@type\":\"WebPage\",\"@id\":\"https:\/\/motorcycle-audio.eu\/sklep\/glosniki\/glosnik-hertz-sx165neo-do-motocykli-harley-davidson\/\",\"url\":\"https:\/\/motorcycle-audio.eu\/sklep\/glosniki\/glosnik-hertz-sx165neo-do-motocykli-harley-davidson\/\",\"name\":\"G\u0142o\u015bnik Hertz sx165neo do motocykli Harley Davidson. - Mefiu Motorcycle Audio\",\"isPartOf\":{\"@id\":\"https:\/\/ha.dkonto.pl\/#website\"},\"primaryImageOfPage\":{\"@id\":\"https:\/\/motorcycle-audio.eu\/sklep\/glosniki\/glosnik-hertz-sx165neo-do-motocykli-harley-davidson\/#primaryimage\"},\"image\":{\"@id\":\"https:\/\/motorcycle-audio.eu\/sklep\/glosniki\/glosnik-hertz-sx165neo-do-motocykli-harley-davidson\/#primaryimage\"},\"thumbnailUrl\":\"https:\/\/ha.dkonto.pl\/wp-content\/uploads\/2023\/08\/Glosnik_Hertz_SPL_SHOW_SX165NEO-1.jpg\",\"datePublished\":\"2023-08-01T09:04:33+00:00\",\"dateModified\":\"2025-11-03T12:05:26+00:00\",\"description\":\"Hertz SX165 NEO \u2013 wydajny, g\u0142o\u015bny i wodoodporny g\u0142o\u015bnik do Harley-Davidsona. Neodymowy nap\u0119d, czysty d\u017awi\u0119k i monta\u017c bez przer\u00f3bek w owiewkach.\",\"breadcrumb\":{\"@id\":\"https:\/\/motorcycle-audio.eu\/sklep\/glosniki\/glosnik-hertz-sx165neo-do-motocykli-harley-davidson\/#breadcrumb\"},\"inLanguage\":\"en-GB\",\"potentialAction\":[{\"@type\":\"ReadAction\",\"target\":[\"https:\/\/motorcycle-audio.eu\/sklep\/glosniki\/glosnik-hertz-sx165neo-do-motocykli-harley-davidson\/\"]}]},{\"@type\":\"ImageObject\",\"inLanguage\":\"en-GB\",\"@id\":\"https:\/\/motorcycle-audio.eu\/sklep\/glosniki\/glosnik-hertz-sx165neo-do-motocykli-harley-davidson\/#primaryimage\",\"url\":\"https:\/\/ha.dkonto.pl\/wp-content\/uploads\/2023\/08\/Glosnik_Hertz_SPL_SHOW_SX165NEO-1.jpg\",\"contentUrl\":\"https:\/\/ha.dkonto.pl\/wp-content\/uploads\/2023\/08\/Glosnik_Hertz_SPL_SHOW_SX165NEO-1.jpg\",\"width\":1800,\"height\":1800,\"caption\":\"G\u0142o\u015bnik Hertz sx 165 neo do motocykli Harley Davidson\"},{\"@type\":\"BreadcrumbList\",\"@id\":\"https:\/\/motorcycle-audio.eu\/sklep\/glosniki\/glosnik-hertz-sx165neo-do-motocykli-harley-davidson\/#breadcrumb\",\"itemListElement\":[{\"@type\":\"ListItem\",\"position\":1,\"name\":\"Strona g\u0142\u00f3wna\",\"item\":\"https:\/\/motorcycle-audio.eu\/\"},{\"@type\":\"ListItem\",\"position\":2,\"name\":\"Sklep\",\"item\":\"https:\/\/motorcycle-audio.eu\/sklep\/\"},{\"@type\":\"ListItem\",\"position\":3,\"name\":\"G\u0142o\u015bnik Hertz sx165neo do motocykli Harley Davidson.\"}]},{\"@type\":\"WebSite\",\"@id\":\"https:\/\/ha.dkonto.pl\/#website\",\"url\":\"https:\/\/ha.dkonto.pl\/\",\"name\":\"Mefiu Motorcycle Audio\",\"description\":\"Play it loud!\",\"publisher\":{\"@id\":\"https:\/\/ha.dkonto.pl\/#organization\"},\"potentialAction\":[{\"@type\":\"SearchAction\",\"target\":{\"@type\":\"EntryPoint\",\"urlTemplate\":\"https:\/\/ha.dkonto.pl\/?s={search_term_string}\"},\"query-input\":{\"@type\":\"PropertyValueSpecification\",\"valueRequired\":true,\"valueName\":\"search_term_string\"}}],\"inLanguage\":\"en-GB\"},{\"@type\":\"Organization\",\"@id\":\"https:\/\/ha.dkonto.pl\/#organization\",\"name\":\"Mefiu Motorcycle Audio\",\"url\":\"https:\/\/ha.dkonto.pl\/\",\"logo\":{\"@type\":\"ImageObject\",\"inLanguage\":\"en-GB\",\"@id\":\"https:\/\/ha.dkonto.pl\/#\/schema\/logo\/image\/\",\"url\":\"https:\/\/ha.dkonto.pl\/wp-content\/uploads\/2025\/05\/mefiu_logo.png\",\"contentUrl\":\"https:\/\/ha.dkonto.pl\/wp-content\/uploads\/2025\/05\/mefiu_logo.png\",\"width\":150,\"height\":150,\"caption\":\"Mefiu Motorcycle Audio\"},\"image\":{\"@id\":\"https:\/\/ha.dkonto.pl\/#\/schema\/logo\/image\/\"},\"sameAs\":[\"https:\/\/www.facebook.com\/HarleyDavidsonAudio\"]}]}<\/script>\n<!-- \/ Yoast SEO Premium plugin. -->","yoast_head_json":{"title":"Hertz sx165neo speaker for Harley Davidson motorcycles. - Mefiu Motorcycle Audio","description":"Hertz SX165 NEO \u2013 wydajny, g\u0142o\u015bny i wodoodporny g\u0142o\u015bnik do Harley-Davidsona. Neodymowy nap\u0119d, czysty d\u017awi\u0119k i monta\u017c bez przer\u00f3bek w owiewkach.","robots":{"index":"noindex","follow":"follow","max-snippet":"max-snippet:-1","max-image-preview":"max-image-preview:large","max-video-preview":"max-video-preview:-1"},"og_locale":"en_GB","og_type":"article","og_title":"G\u0142o\u015bnik Hertz sx165neo do motocykli Harley Davidson.","og_description":"Hertz SX165 NEO \u2013 wydajny, g\u0142o\u015bny i wodoodporny g\u0142o\u015bnik do Harley-Davidsona. Neodymowy nap\u0119d, czysty d\u017awi\u0119k i monta\u017c bez przer\u00f3bek w owiewkach.","og_url":"https:\/\/motorcycle-audio.eu\/sklep\/glosniki\/glosnik-hertz-sx165neo-do-motocykli-harley-davidson\/","og_site_name":"Mefiu Motorcycle Audio","article_publisher":"https:\/\/www.facebook.com\/HarleyDavidsonAudio","article_modified_time":"2025-11-03T12:05:26+00:00","og_image":[{"width":1800,"height":1800,"url":"https:\/\/motorcycle-audio.eu\/wp-content\/uploads\/2023\/08\/Glosnik_Hertz_SPL_SHOW_SX165NEO-1.jpg","type":"image\/jpeg"}],"twitter_card":"summary_large_image","twitter_misc":{"Est. reading time":"3 minutes"},"schema":{"@context":"https:\/\/schema.org","@graph":[{"@type":"WebPage","@id":"https:\/\/motorcycle-audio.eu\/sklep\/glosniki\/glosnik-hertz-sx165neo-do-motocykli-harley-davidson\/","url":"https:\/\/motorcycle-audio.eu\/sklep\/glosniki\/glosnik-hertz-sx165neo-do-motocykli-harley-davidson\/","name":"Hertz sx165neo speaker for Harley Davidson motorcycles. - Mefiu Motorcycle Audio","isPartOf":{"@id":"https:\/\/ha.dkonto.pl\/#website"},"primaryImageOfPage":{"@id":"https:\/\/motorcycle-audio.eu\/sklep\/glosniki\/glosnik-hertz-sx165neo-do-motocykli-harley-davidson\/#primaryimage"},"image":{"@id":"https:\/\/motorcycle-audio.eu\/sklep\/glosniki\/glosnik-hertz-sx165neo-do-motocykli-harley-davidson\/#primaryimage"},"thumbnailUrl":"https:\/\/ha.dkonto.pl\/wp-content\/uploads\/2023\/08\/Glosnik_Hertz_SPL_SHOW_SX165NEO-1.jpg","datePublished":"2023-08-01T09:04:33+00:00","dateModified":"2025-11-03T12:05:26+00:00","description":"Hertz SX165 NEO \u2013 wydajny, g\u0142o\u015bny i wodoodporny g\u0142o\u015bnik do Harley-Davidsona. Neodymowy nap\u0119d, czysty d\u017awi\u0119k i monta\u017c bez przer\u00f3bek w owiewkach.","breadcrumb":{"@id":"https:\/\/motorcycle-audio.eu\/sklep\/glosniki\/glosnik-hertz-sx165neo-do-motocykli-harley-davidson\/#breadcrumb"},"inLanguage":"en-GB","potentialAction":[{"@type":"ReadAction","target":["https:\/\/motorcycle-audio.eu\/sklep\/glosniki\/glosnik-hertz-sx165neo-do-motocykli-harley-davidson\/"]}]},{"@type":"ImageObject","inLanguage":"en-GB","@id":"https:\/\/motorcycle-audio.eu\/sklep\/glosniki\/glosnik-hertz-sx165neo-do-motocykli-harley-davidson\/#primaryimage","url":"https:\/\/ha.dkonto.pl\/wp-content\/uploads\/2023\/08\/Glosnik_Hertz_SPL_SHOW_SX165NEO-1.jpg","contentUrl":"https:\/\/ha.dkonto.pl\/wp-content\/uploads\/2023\/08\/Glosnik_Hertz_SPL_SHOW_SX165NEO-1.jpg","width":1800,"height":1800,"caption":"G\u0142o\u015bnik Hertz sx 165 neo do motocykli Harley Davidson"},{"@type":"BreadcrumbList","@id":"https:\/\/motorcycle-audio.eu\/sklep\/glosniki\/glosnik-hertz-sx165neo-do-motocykli-harley-davidson\/#breadcrumb","itemListElement":[{"@type":"ListItem","position":1,"name":"Strona g\u0142\u00f3wna","item":"https:\/\/motorcycle-audio.eu\/"},{"@type":"ListItem","position":2,"name":"Sklep","item":"https:\/\/motorcycle-audio.eu\/sklep\/"},{"@type":"ListItem","position":3,"name":"G\u0142o\u015bnik Hertz sx165neo do motocykli Harley Davidson."}]},{"@type":"WebSite","@id":"https:\/\/ha.dkonto.pl\/#website","url":"https:\/\/ha.dkonto.pl\/","name":"Mefiu Motorcycle Audio","description":"Play it loud!","publisher":{"@id":"https:\/\/ha.dkonto.pl\/#organization"},"potentialAction":[{"@type":"SearchAction","target":{"@type":"EntryPoint","urlTemplate":"https:\/\/ha.dkonto.pl\/?s={search_term_string}"},"query-input":{"@type":"PropertyValueSpecification","valueRequired":true,"valueName":"search_term_string"}}],"inLanguage":"en-GB"},{"@type":"Organization","@id":"https:\/\/ha.dkonto.pl\/#organization","name":"Mefiu Motorcycle Audio","url":"https:\/\/ha.dkonto.pl\/","logo":{"@type":"ImageObject","inLanguage":"en-GB","@id":"https:\/\/ha.dkonto.pl\/#\/schema\/logo\/image\/","url":"https:\/\/ha.dkonto.pl\/wp-content\/uploads\/2025\/05\/mefiu_logo.png","contentUrl":"https:\/\/ha.dkonto.pl\/wp-content\/uploads\/2025\/05\/mefiu_logo.png","width":150,"height":150,"caption":"Mefiu Motorcycle Audio"},"image":{"@id":"https:\/\/ha.dkonto.pl\/#\/schema\/logo\/image\/"},"sameAs":["https:\/\/www.facebook.com\/HarleyDavidsonAudio"]}]}},"jetpack_sharing_enabled":true,"_links":{"self":[{"href":"https:\/\/ha.dkonto.pl\/en\/wp-json\/wp\/v2\/product\/7643","targetHints":{"allow":["GET"]}}],"collection":[{"href":"https:\/\/ha.dkonto.pl\/en\/wp-json\/wp\/v2\/product"}],"about":[{"href":"https:\/\/ha.dkonto.pl\/en\/wp-json\/wp\/v2\/types\/product"}],"replies":[{"embeddable":true,"href":"https:\/\/ha.dkonto.pl\/en\/wp-json\/wp\/v2\/comments?post=7643"}],"version-history":[{"count":1,"href":"https:\/\/ha.dkonto.pl\/en\/wp-json\/wp\/v2\/product\/7643\/revisions"}],"predecessor-version":[{"id":9606,"href":"https:\/\/ha.dkonto.pl\/en\/wp-json\/wp\/v2\/product\/7643\/revisions\/9606"}],"wp:featuredmedia":[{"embeddable":true,"href":"https:\/\/ha.dkonto.pl\/en\/wp-json\/wp\/v2\/media\/7648"}],"wp:attachment":[{"href":"https:\/\/ha.dkonto.pl\/en\/wp-json\/wp\/v2\/media?parent=7643"}],"wp:term":[{"taxonomy":"product_cat","embeddable":true,"href":"https:\/\/ha.dkonto.pl\/en\/wp-json\/wp\/v2\/product_cat?post=7643"},{"taxonomy":"product_tag","embeddable":true,"href":"https:\/\/ha.dkonto.pl\/en\/wp-json\/wp\/v2\/product_tag?post=7643"}],"curies":[{"name":"wp","href":"https:\/\/api.w.org\/{rel}","templated":true}]}}