{"id":7320,"date":"2023-07-05T08:03:50","date_gmt":"2023-07-05T06:03:50","guid":{"rendered":"http:\/\/motorcycle-audio.eu\/?post_type=product&#038;p=7320"},"modified":"2024-10-16T10:21:12","modified_gmt":"2024-10-16T08:21:12","slug":"radio-soundstream-reserve-hdhu14si","status":"publish","type":"product","link":"https:\/\/ha.dkonto.pl\/en\/shop\/radios\/radio-soundstream-reserve-hdhu14si\/","title":{"rendered":"Soundstream Reserve HDHU.14si radio for Harley Davidson Road Glide, Street Glide, Electra Glide and CVO 2014+ motorcycles"},"content":{"rendered":"<h3><strong>Perfect Replacement for Harley-Davidson\u00ae Touring Motorcycles<\/strong><\/h3>\n<p>The Soundstream Reserve HDHU14si radio is an advanced head unit designed specifically for Harley-Davidson\u00ae Touring motorcycles. It delivers not only a superior audio experience but also modern multimedia features and user convenience. Compatible with CVO models equipped with original Boom Audio amplifiers.<\/p>\n<h3><strong>Driving and computer data.<br \/>\n<\/strong><\/h3>\n<p>Thanks to the use of a module from Rockford Fosgate, the Radio displays data such as fuel consumption, tire pressure, lighting status and much more.<\/p>\n<h3><strong>Soundstream Reserve HDHU14si Radio High Quality Image and Sound<br \/>\n<\/strong><\/h3>\n<ul>\n<li>The 7-inch LCD screen with capacitive touchscreen technology provides exceptional image clarity and intuitive operation.<\/li>\n<li>The built-in amplifier with 50W per channel at a stable 2 ohm impedance delivers powerful sound that will enhance any ride.<\/li>\n<\/ul>\n<h3><strong>Smartphone Integration:<\/strong><\/h3>\n<ul>\n<li>Soundstream Reserve HDHU14si Radio Supports Apple CarPlay, allowing you to seamlessly use Siri Eyes Free, and Android Auto with built-in Google Assistant, allowing you to safely use apps and navigation on your smartphone while driving.<\/li>\n<li>Easy Bluetooth connection allows you to play music and control audio wirelessly.<\/li>\n<\/ul>\n<h3><strong>Soundstream Reserve HDHU14si Radio Customized to Your Preferences<br \/>\n<\/strong><\/h3>\n<ul>\n<li>Personalize your device's appearance by changing the wallpaper and screen background using .jpg and .jpeg files via USB.<\/li>\n<li>The radio has a 10-band equalizer with custom settings available and a graphic display allowing you to tailor the sound to your preferences.<\/li>\n<\/ul>\n<p><strong>Soundstream Reserve HDHU 14si Weather Resistance Radio<\/strong><\/p>\n<ul>\n<li>The radio is waterproof<\/li>\n<\/ul>\n<p><strong>Simple Installation:<\/strong><\/p>\n<ul>\n<li>It uses the original radio mounting location, so it does not require any additional hardware or adapters.<\/li>\n<li>You can keep the original USB connectors and AM\/FM antennas, making installation even easier.<\/li>\n<\/ul>\n<h3><strong>Soundstream Reserve HDHU14si Radio \u2013 Summary<br \/>\n<\/strong><\/h3>\n<p>This advanced radio will not only improve sound quality while riding, but also provide access to modern multimedia features. Your ride will become even more enjoyable and comfortable. It's an excellent investment for Harley-Davidson\u00ae Touring enthusiasts who value excellent sound quality and modern technology.<\/p>\n<p>This Harley-Davidson motorcycle radio was designed and manufactured by an American company and is specifically designed for Harleys. It boasts many features essential in any modern audio system. It features a built-in DSP processor and a 13-slider equalizer, making sound adjustments very simple and intuitive thanks to its clear and intuitive interface. Paired with a smartphone, it delivers excellent digital sound quality and access to essential apps like YouTube Music, Spotify, and Google Maps.<\/p>\n<p class=\"translation-block\">Find more models here &gt;&gt;&gt; <a href=\"https:\/\/motorcycle-audio.eu\/product-category\/radios\/\" target=\"_self\">SOUNDSTREAM RESERVE RADIOS<\/a><\/p>\n<p class=\"translation-block\">More information on our YouTube channel &gt;&gt;&gt; <a href=\"https:\/\/www.youtube.com\/@MefiuMotorcycleAudio\" target=\"_self\">YOUTUBE<\/a><\/p>\n<p>&nbsp;<\/p>","protected":false},"excerpt":{"rendered":"<p>Doskona\u0142y Zamiennik dla Motocykli Harley-Davidson\u00ae Touring Radio Soundstream Reserve HDHU14si Zaawansowana jednostka g\u0142\u00f3wna stworzona specjalnie dla motocykli Harley-Davidson\u00ae Touring. Zapewnia nie tylko doskona\u0142e do\u015bwiadczenie d\u017awi\u0119kowe, ale r\u00f3wnie\u017c nowoczesne funkcje multimedialne i wygod\u0119 u\u017cytkowania. Radio pasuje do modeli CVO Wyposa\u017conych w oryginalne wzmacniacze Boom Audio. Dane z jazdy oraz komputera. Dzi\u0119ki zastosowaniu modu\u0142u od Rockford Fosgate,&hellip; <\/p>\n<p class=\"link-more\"><a href=\"https:\/\/ha.dkonto.pl\/en\/shop\/radios\/radio-soundstream-reserve-hdhu14si\/\" class=\"more-link\">Read More <span class=\"screen-reader-text\"> &#8222;Radio Soundstream Reserve HDHU.14si do motocykli Harley Davidson Road Glide, Street Glide, Electra Glide oraz modeli CVO 2014+&#8221;<\/span><\/a><\/p>","protected":false},"featured_media":7322,"comment_status":"closed","ping_status":"closed","template":"","meta":{"_acf_changed":false},"product_cat":[49],"product_tag":[],"class_list":{"0":"post-7320","1":"product","2":"type-product","3":"status-publish","4":"has-post-thumbnail","6":"product_cat-radia","8":"first","9":"instock","10":"taxable","11":"shipping-taxable","12":"purchasable","13":"product-type-simple"},"acf":[],"yoast_head":"<!-- This site is optimized with the Yoast SEO Premium plugin v25.1 (Yoast SEO v26.0) - https:\/\/yoast.com\/wordpress\/plugins\/seo\/ -->\n<title>Radio Soundstream Reserve HDHU14si<\/title>\n<meta name=\"description\" content=\"Radio Soundstream Reserve HDHU14si od 2014 do 2023, sterowanie wzmacniaczami oraz wiele innych. Android Auto Car Play. Steruje OEM wzmacniaczami BOOM\" \/>\n<meta name=\"robots\" content=\"noindex, follow, max-snippet:-1, max-image-preview:large, max-video-preview:-1\" \/>\n<meta property=\"og:locale\" content=\"en_GB\" \/>\n<meta property=\"og:type\" content=\"article\" \/>\n<meta property=\"og:title\" content=\"Radio Soundstream Reserve HDHU.14si do motocykli Harley Davidson Road Glide, Street Glide, Electra Glide oraz modeli CVO 2014+\" \/>\n<meta property=\"og:description\" content=\"Radio Soundstream Reserve HDHU14si od 2014 do 2023, sterowanie wzmacniaczami oraz wiele innych. Android Auto Car Play. Steruje OEM wzmacniaczami BOOM\" \/>\n<meta property=\"og:url\" content=\"https:\/\/motorcycle-audio.eu\/sklep\/radia\/radio-soundstream-reserve-hdhu14si\/\" \/>\n<meta property=\"og:site_name\" content=\"Mefiu Motorcycle Audio\" \/>\n<meta property=\"article:publisher\" content=\"https:\/\/www.facebook.com\/HarleyDavidsonAudio\" \/>\n<meta property=\"article:modified_time\" content=\"2024-10-16T08:21:12+00:00\" \/>\n<meta property=\"og:image\" content=\"https:\/\/motorcycle-audio.eu\/wp-content\/uploads\/2023\/07\/HDHU.14si-Android-Auto-Screen-Motorcycle-Audio-1536x1536-1.jpg\" \/>\n\t<meta property=\"og:image:width\" content=\"1536\" \/>\n\t<meta property=\"og:image:height\" content=\"1536\" \/>\n\t<meta property=\"og:image:type\" content=\"image\/jpeg\" \/>\n<meta name=\"twitter:card\" content=\"summary_large_image\" \/>\n<meta name=\"twitter:label1\" content=\"Est. reading time\" \/>\n\t<meta name=\"twitter:data1\" content=\"3 minutes\" \/>\n<script type=\"application\/ld+json\" class=\"yoast-schema-graph\">{\"@context\":\"https:\/\/schema.org\",\"@graph\":[{\"@type\":\"WebPage\",\"@id\":\"https:\/\/motorcycle-audio.eu\/sklep\/radia\/radio-soundstream-reserve-hdhu14si\/\",\"url\":\"https:\/\/motorcycle-audio.eu\/sklep\/radia\/radio-soundstream-reserve-hdhu14si\/\",\"name\":\"Radio Soundstream Reserve HDHU14si\",\"isPartOf\":{\"@id\":\"https:\/\/ha.dkonto.pl\/#website\"},\"primaryImageOfPage\":{\"@id\":\"https:\/\/motorcycle-audio.eu\/sklep\/radia\/radio-soundstream-reserve-hdhu14si\/#primaryimage\"},\"image\":{\"@id\":\"https:\/\/motorcycle-audio.eu\/sklep\/radia\/radio-soundstream-reserve-hdhu14si\/#primaryimage\"},\"thumbnailUrl\":\"https:\/\/ha.dkonto.pl\/wp-content\/uploads\/2023\/07\/HDHU.14si-Android-Auto-Screen-Motorcycle-Audio-1536x1536-1.jpg\",\"datePublished\":\"2023-07-05T06:03:50+00:00\",\"dateModified\":\"2024-10-16T08:21:12+00:00\",\"description\":\"Radio Soundstream Reserve HDHU14si od 2014 do 2023, sterowanie wzmacniaczami oraz wiele innych. Android Auto Car Play. Steruje OEM wzmacniaczami BOOM\",\"breadcrumb\":{\"@id\":\"https:\/\/motorcycle-audio.eu\/sklep\/radia\/radio-soundstream-reserve-hdhu14si\/#breadcrumb\"},\"inLanguage\":\"en-GB\",\"potentialAction\":[{\"@type\":\"ReadAction\",\"target\":[\"https:\/\/motorcycle-audio.eu\/sklep\/radia\/radio-soundstream-reserve-hdhu14si\/\"]}]},{\"@type\":\"ImageObject\",\"inLanguage\":\"en-GB\",\"@id\":\"https:\/\/motorcycle-audio.eu\/sklep\/radia\/radio-soundstream-reserve-hdhu14si\/#primaryimage\",\"url\":\"https:\/\/ha.dkonto.pl\/wp-content\/uploads\/2023\/07\/HDHU.14si-Android-Auto-Screen-Motorcycle-Audio-1536x1536-1.jpg\",\"contentUrl\":\"https:\/\/ha.dkonto.pl\/wp-content\/uploads\/2023\/07\/HDHU.14si-Android-Auto-Screen-Motorcycle-Audio-1536x1536-1.jpg\",\"width\":1536,\"height\":1536},{\"@type\":\"BreadcrumbList\",\"@id\":\"https:\/\/motorcycle-audio.eu\/sklep\/radia\/radio-soundstream-reserve-hdhu14si\/#breadcrumb\",\"itemListElement\":[{\"@type\":\"ListItem\",\"position\":1,\"name\":\"Strona g\u0142\u00f3wna\",\"item\":\"https:\/\/motorcycle-audio.eu\/\"},{\"@type\":\"ListItem\",\"position\":2,\"name\":\"Sklep\",\"item\":\"https:\/\/motorcycle-audio.eu\/sklep\/\"},{\"@type\":\"ListItem\",\"position\":3,\"name\":\"Radio Soundstream Reserve HDHU.14si do motocykli Harley Davidson Road Glide, Street Glide, Electra Glide oraz modeli CVO 2014+\"}]},{\"@type\":\"WebSite\",\"@id\":\"https:\/\/ha.dkonto.pl\/#website\",\"url\":\"https:\/\/ha.dkonto.pl\/\",\"name\":\"Mefiu Motorcycle Audio\",\"description\":\"Play it loud!\",\"publisher\":{\"@id\":\"https:\/\/ha.dkonto.pl\/#organization\"},\"potentialAction\":[{\"@type\":\"SearchAction\",\"target\":{\"@type\":\"EntryPoint\",\"urlTemplate\":\"https:\/\/ha.dkonto.pl\/?s={search_term_string}\"},\"query-input\":{\"@type\":\"PropertyValueSpecification\",\"valueRequired\":true,\"valueName\":\"search_term_string\"}}],\"inLanguage\":\"en-GB\"},{\"@type\":\"Organization\",\"@id\":\"https:\/\/ha.dkonto.pl\/#organization\",\"name\":\"Mefiu Motorcycle Audio\",\"url\":\"https:\/\/ha.dkonto.pl\/\",\"logo\":{\"@type\":\"ImageObject\",\"inLanguage\":\"en-GB\",\"@id\":\"https:\/\/ha.dkonto.pl\/#\/schema\/logo\/image\/\",\"url\":\"https:\/\/ha.dkonto.pl\/wp-content\/uploads\/2025\/05\/mefiu_logo.png\",\"contentUrl\":\"https:\/\/ha.dkonto.pl\/wp-content\/uploads\/2025\/05\/mefiu_logo.png\",\"width\":150,\"height\":150,\"caption\":\"Mefiu Motorcycle Audio\"},\"image\":{\"@id\":\"https:\/\/ha.dkonto.pl\/#\/schema\/logo\/image\/\"},\"sameAs\":[\"https:\/\/www.facebook.com\/HarleyDavidsonAudio\"]}]}<\/script>\n<!-- \/ Yoast SEO Premium plugin. -->","yoast_head_json":{"title":"Soundstream Reserve HDHU14si radio","description":"Soundstream Reserve HDHU14si radio from 2014 to 2023, amplifier control, and more. Android Auto Car Play. Controls OEM BOOM amplifiers.","robots":{"index":"noindex","follow":"follow","max-snippet":"max-snippet:-1","max-image-preview":"max-image-preview:large","max-video-preview":"max-video-preview:-1"},"og_locale":"en_GB","og_type":"article","og_title":"Radio Soundstream Reserve HDHU.14si do motocykli Harley Davidson Road Glide, Street Glide, Electra Glide oraz modeli CVO 2014+","og_description":"Radio Soundstream Reserve HDHU14si od 2014 do 2023, sterowanie wzmacniaczami oraz wiele innych. Android Auto Car Play. Steruje OEM wzmacniaczami BOOM","og_url":"https:\/\/motorcycle-audio.eu\/sklep\/radia\/radio-soundstream-reserve-hdhu14si\/","og_site_name":"Mefiu Motorcycle Audio","article_publisher":"https:\/\/www.facebook.com\/HarleyDavidsonAudio","article_modified_time":"2024-10-16T08:21:12+00:00","og_image":[{"width":1536,"height":1536,"url":"https:\/\/motorcycle-audio.eu\/wp-content\/uploads\/2023\/07\/HDHU.14si-Android-Auto-Screen-Motorcycle-Audio-1536x1536-1.jpg","type":"image\/jpeg"}],"twitter_card":"summary_large_image","twitter_misc":{"Est. reading time":"3 minutes"},"schema":{"@context":"https:\/\/schema.org","@graph":[{"@type":"WebPage","@id":"https:\/\/motorcycle-audio.eu\/sklep\/radia\/radio-soundstream-reserve-hdhu14si\/","url":"https:\/\/motorcycle-audio.eu\/sklep\/radia\/radio-soundstream-reserve-hdhu14si\/","name":"Soundstream Reserve HDHU14si radio","isPartOf":{"@id":"https:\/\/ha.dkonto.pl\/#website"},"primaryImageOfPage":{"@id":"https:\/\/motorcycle-audio.eu\/sklep\/radia\/radio-soundstream-reserve-hdhu14si\/#primaryimage"},"image":{"@id":"https:\/\/motorcycle-audio.eu\/sklep\/radia\/radio-soundstream-reserve-hdhu14si\/#primaryimage"},"thumbnailUrl":"https:\/\/ha.dkonto.pl\/wp-content\/uploads\/2023\/07\/HDHU.14si-Android-Auto-Screen-Motorcycle-Audio-1536x1536-1.jpg","datePublished":"2023-07-05T06:03:50+00:00","dateModified":"2024-10-16T08:21:12+00:00","description":"Soundstream Reserve HDHU14si radio from 2014 to 2023, amplifier control, and more. Android Auto Car Play. Controls OEM BOOM amplifiers.","breadcrumb":{"@id":"https:\/\/motorcycle-audio.eu\/sklep\/radia\/radio-soundstream-reserve-hdhu14si\/#breadcrumb"},"inLanguage":"en-GB","potentialAction":[{"@type":"ReadAction","target":["https:\/\/motorcycle-audio.eu\/sklep\/radia\/radio-soundstream-reserve-hdhu14si\/"]}]},{"@type":"ImageObject","inLanguage":"en-GB","@id":"https:\/\/motorcycle-audio.eu\/sklep\/radia\/radio-soundstream-reserve-hdhu14si\/#primaryimage","url":"https:\/\/ha.dkonto.pl\/wp-content\/uploads\/2023\/07\/HDHU.14si-Android-Auto-Screen-Motorcycle-Audio-1536x1536-1.jpg","contentUrl":"https:\/\/ha.dkonto.pl\/wp-content\/uploads\/2023\/07\/HDHU.14si-Android-Auto-Screen-Motorcycle-Audio-1536x1536-1.jpg","width":1536,"height":1536},{"@type":"BreadcrumbList","@id":"https:\/\/motorcycle-audio.eu\/sklep\/radia\/radio-soundstream-reserve-hdhu14si\/#breadcrumb","itemListElement":[{"@type":"ListItem","position":1,"name":"Strona g\u0142\u00f3wna","item":"https:\/\/motorcycle-audio.eu\/"},{"@type":"ListItem","position":2,"name":"Sklep","item":"https:\/\/motorcycle-audio.eu\/sklep\/"},{"@type":"ListItem","position":3,"name":"Radio Soundstream Reserve HDHU.14si do motocykli Harley Davidson Road Glide, Street Glide, Electra Glide oraz modeli CVO 2014+"}]},{"@type":"WebSite","@id":"https:\/\/ha.dkonto.pl\/#website","url":"https:\/\/ha.dkonto.pl\/","name":"Mefiu Motorcycle Audio","description":"Play it loud!","publisher":{"@id":"https:\/\/ha.dkonto.pl\/#organization"},"potentialAction":[{"@type":"SearchAction","target":{"@type":"EntryPoint","urlTemplate":"https:\/\/ha.dkonto.pl\/?s={search_term_string}"},"query-input":{"@type":"PropertyValueSpecification","valueRequired":true,"valueName":"search_term_string"}}],"inLanguage":"en-GB"},{"@type":"Organization","@id":"https:\/\/ha.dkonto.pl\/#organization","name":"Mefiu Motorcycle Audio","url":"https:\/\/ha.dkonto.pl\/","logo":{"@type":"ImageObject","inLanguage":"en-GB","@id":"https:\/\/ha.dkonto.pl\/#\/schema\/logo\/image\/","url":"https:\/\/ha.dkonto.pl\/wp-content\/uploads\/2025\/05\/mefiu_logo.png","contentUrl":"https:\/\/ha.dkonto.pl\/wp-content\/uploads\/2025\/05\/mefiu_logo.png","width":150,"height":150,"caption":"Mefiu Motorcycle Audio"},"image":{"@id":"https:\/\/ha.dkonto.pl\/#\/schema\/logo\/image\/"},"sameAs":["https:\/\/www.facebook.com\/HarleyDavidsonAudio"]}]}},"jetpack_sharing_enabled":true,"_links":{"self":[{"href":"https:\/\/ha.dkonto.pl\/en\/wp-json\/wp\/v2\/product\/7320","targetHints":{"allow":["GET"]}}],"collection":[{"href":"https:\/\/ha.dkonto.pl\/en\/wp-json\/wp\/v2\/product"}],"about":[{"href":"https:\/\/ha.dkonto.pl\/en\/wp-json\/wp\/v2\/types\/product"}],"replies":[{"embeddable":true,"href":"https:\/\/ha.dkonto.pl\/en\/wp-json\/wp\/v2\/comments?post=7320"}],"version-history":[{"count":0,"href":"https:\/\/ha.dkonto.pl\/en\/wp-json\/wp\/v2\/product\/7320\/revisions"}],"wp:featuredmedia":[{"embeddable":true,"href":"https:\/\/ha.dkonto.pl\/en\/wp-json\/wp\/v2\/media\/7322"}],"wp:attachment":[{"href":"https:\/\/ha.dkonto.pl\/en\/wp-json\/wp\/v2\/media?parent=7320"}],"wp:term":[{"taxonomy":"product_cat","embeddable":true,"href":"https:\/\/ha.dkonto.pl\/en\/wp-json\/wp\/v2\/product_cat?post=7320"},{"taxonomy":"product_tag","embeddable":true,"href":"https:\/\/ha.dkonto.pl\/en\/wp-json\/wp\/v2\/product_tag?post=7320"}],"curies":[{"name":"wp","href":"https:\/\/api.w.org\/{rel}","templated":true}]}}