{"id":6974,"date":"2023-02-10T15:07:06","date_gmt":"2023-02-10T14:07:06","guid":{"rendered":"http:\/\/motorcycle-audio.eu\/?post_type=product&#038;p=6974"},"modified":"2024-05-13T11:18:24","modified_gmt":"2024-05-13T09:18:24","slug":"radio-soundstream-reserve-hdhu-14-for-harley-davidson-motorcycles","status":"publish","type":"product","link":"https:\/\/ha.dkonto.pl\/en\/shop\/radios\/radio-soundstream-reserve-hdhu-14-for-harley-davidson-motorcycles\/","title":{"rendered":"Soundstream Reserve HDHU.14+ radio for Harley Davidson Road Glide, Street Glide, Electra Glide 2014+ motorcycles"},"content":{"rendered":"<h3><strong>Perfect Replacement for Harley-Davidson\u00ae Touring Motorcycles<\/strong><\/h3>\n<p>The Soundstream Reserve HDHU.14+ Radio is an advanced head unit designed specifically for Harley-Davidson\u00ae Touring motorcycles. It delivers not only a superior audio experience but also modern multimedia features and user convenience.<\/p>\n<h3><strong>Soundstream Reserve HDHU.14+ High Quality Picture and Sound Radio<br \/>\n<\/strong><\/h3>\n<ul>\n<li>The 7-inch LCD screen with capacitive touchscreen technology provides exceptional image clarity and intuitive operation.<\/li>\n<li>The built-in amplifier with 50W per channel at a stable 2 ohm impedance delivers powerful sound that will enhance any ride.<\/li>\n<\/ul>\n<h3><strong>Smartphone Integration:<\/strong><\/h3>\n<ul>\n<li>The Soundstream Reserve HDHU.14+ radio supports Apple CarPlay, allowing you to seamlessly use Siri Eyes Free, and Android Auto with built-in Google Assistant, allowing you to safely use apps and navigation on your smartphone while driving.<\/li>\n<li>Easy Bluetooth connection allows you to play music and control audio wirelessly.<\/li>\n<\/ul>\n<h3><strong>Adapted to your preferences<br \/>\n<\/strong><\/h3>\n<ul>\n<li>Personalize your device's appearance by changing the wallpaper and screen background using .jpg and .jpeg files via USB.<\/li>\n<li>The Soundstream Reserve HDHU.14+ radio features a 10-band equalizer with custom settings and a graphic display, allowing you to tailor the sound to your preferences.<\/li>\n<\/ul>\n<h3><strong>Resistance to atmospheric conditions<\/strong><\/h3>\n<ul>\n<li>The Soundstream Reserve HDHU.14+ radio is waterproof<\/li>\n<\/ul>\n<p><strong>Simple Installation:<\/strong><\/p>\n<ul>\n<li>It uses the original radio mounting location, so it does not require any additional hardware or adapters.<\/li>\n<li>You can keep the original USB connectors and AM\/FM antennas, making installation even easier.<\/li>\n<\/ul>\n<p>&nbsp;<\/p>\n<h3><strong>Soundstream Reserve HDHU14+ Radio \u2013 Summary<br \/>\n<\/strong><\/h3>\n<p>This advanced radio will not only improve sound quality while riding, but also provide access to modern multimedia features. Your ride will become even more enjoyable and comfortable. It's an excellent investment for Harley-Davidson\u00ae Touring enthusiasts who value excellent sound quality and modern technology.<\/p>\n<p>This Harley-Davidson motorcycle radio was designed and manufactured by an American company and is specifically designed for Harleys. It boasts many features essential in any modern audio system. It features a built-in DSP processor and a 13-slider equalizer, making sound adjustments very simple and intuitive thanks to its clear and intuitive interface. Paired with a smartphone, it delivers excellent digital sound quality and access to essential apps like YouTube Music, Spotify, and Google Maps.<\/p>\n<p class=\"translation-block\">Find more models here &gt;&gt;&gt; <a href=\"https:\/\/motorcycle-audio.eu\/product-category\/radios\/\" target=\"_self\">SOUNDSTREAM RESERVE RADIOS<\/a><\/p>\n<p class=\"translation-block\">More information on our YouTube channel &gt;&gt;&gt; <a href=\"https:\/\/www.youtube.com\/@MefiuMotorcycleAudio\" target=\"_self\">YOUTUBE<\/a><\/p>\n<p>&nbsp;<\/p>","protected":false},"excerpt":{"rendered":"<p>Doskona\u0142y Zamiennik dla Motocykli Harley-Davidson\u00ae Touring Radio Soundstream Reserve HDHU.14+ Zaawansowana jednostka g\u0142\u00f3wna stworzona specjalnie dla motocykli Harley-Davidson\u00ae Touring. Zapewnia nie tylko doskona\u0142e do\u015bwiadczenie d\u017awi\u0119kowe, ale r\u00f3wnie\u017c nowoczesne funkcje multimedialne i wygod\u0119 u\u017cytkowania. Radio Soundstream Reserve HDHU.14+ Wysoka Jako\u015b\u0107 Obrazu i D\u017awi\u0119ku 7-calowy ekran LCD z technologi\u0105 pojemno\u015bciowego ekranu dotykowego zapewnia wyj\u0105tkow\u0105 klarowno\u015b\u0107 obrazu i&hellip; <\/p>\n<p class=\"link-more\"><a href=\"https:\/\/ha.dkonto.pl\/en\/shop\/radios\/radio-soundstream-reserve-hdhu-14-for-harley-davidson-motorcycles\/\" class=\"more-link\">Read More <span class=\"screen-reader-text\"> &#8222;Radio Soundstream Reserve HDHU.14+ do motocykli Harley Davidson Road Glide, Street Glide, Electra Glide 2014+&#8221;<\/span><\/a><\/p>","protected":false},"featured_media":7327,"comment_status":"closed","ping_status":"closed","template":"","meta":{"_acf_changed":false},"product_cat":[49],"product_tag":[57,56],"class_list":{"0":"post-6974","1":"product","2":"type-product","3":"status-publish","4":"has-post-thumbnail","6":"product_brand-soundstream-reserve","7":"product_cat-radia","8":"product_tag-hdhu-14","9":"product_tag-hdhu14","11":"first","12":"outofstock","13":"taxable","14":"shipping-taxable","15":"purchasable","16":"product-type-simple"},"acf":[],"yoast_head":"<!-- This site is optimized with the Yoast SEO Premium plugin v25.1 (Yoast SEO v26.0) - https:\/\/yoast.com\/wordpress\/plugins\/seo\/ -->\n<title>Radio Soundstream Reserve HDHU.14+ do motocykli Harley<\/title>\n<meta name=\"description\" content=\"Soundstream Reserve HDHU.14+ To radio do Motocykli Harley-Davidson od 2014 roku w g\u00f3r\u0119. Idealny zamiennik dla oryginalnego radia.\" \/>\n<meta name=\"robots\" content=\"noindex, follow, max-snippet:-1, max-image-preview:large, max-video-preview:-1\" \/>\n<meta property=\"og:locale\" content=\"en_GB\" \/>\n<meta property=\"og:type\" content=\"article\" \/>\n<meta property=\"og:title\" content=\"Radio Soundstream Reserve HDHU.14+ do motocykli Harley Davidson Road Glide, Street Glide, Electra Glide 2014+\" \/>\n<meta property=\"og:description\" content=\"Soundstream Reserve HDHU.14+ To radio do Motocykli Harley-Davidson od 2014 roku w g\u00f3r\u0119. Idealny zamiennik dla oryginalnego radia.\" \/>\n<meta property=\"og:url\" content=\"https:\/\/motorcycle-audio.eu\/sklep\/radia\/radio-soundstream-reserve-hdhu-14-do-motocykli-harley-davidson\/\" \/>\n<meta property=\"og:site_name\" content=\"Mefiu Motorcycle Audio\" \/>\n<meta property=\"article:publisher\" content=\"https:\/\/www.facebook.com\/HarleyDavidsonAudio\" \/>\n<meta property=\"article:modified_time\" content=\"2024-05-13T09:18:24+00:00\" \/>\n<meta property=\"og:image\" content=\"https:\/\/motorcycle-audio.eu\/wp-content\/uploads\/2023\/02\/Motorcycle-Audio-HDHU-Headunit-Replacement-.jpeg\" \/>\n\t<meta property=\"og:image:width\" content=\"900\" \/>\n\t<meta property=\"og:image:height\" content=\"900\" \/>\n\t<meta property=\"og:image:type\" content=\"image\/jpeg\" \/>\n<meta name=\"twitter:card\" content=\"summary_large_image\" \/>\n<meta name=\"twitter:label1\" content=\"Est. reading time\" \/>\n\t<meta name=\"twitter:data1\" content=\"3 minutes\" \/>\n<script type=\"application\/ld+json\" class=\"yoast-schema-graph\">{\"@context\":\"https:\/\/schema.org\",\"@graph\":[{\"@type\":\"WebPage\",\"@id\":\"https:\/\/motorcycle-audio.eu\/sklep\/radia\/radio-soundstream-reserve-hdhu-14-do-motocykli-harley-davidson\/\",\"url\":\"https:\/\/motorcycle-audio.eu\/sklep\/radia\/radio-soundstream-reserve-hdhu-14-do-motocykli-harley-davidson\/\",\"name\":\"Radio Soundstream Reserve HDHU.14+ do motocykli Harley\",\"isPartOf\":{\"@id\":\"https:\/\/ha.dkonto.pl\/#website\"},\"primaryImageOfPage\":{\"@id\":\"https:\/\/motorcycle-audio.eu\/sklep\/radia\/radio-soundstream-reserve-hdhu-14-do-motocykli-harley-davidson\/#primaryimage\"},\"image\":{\"@id\":\"https:\/\/motorcycle-audio.eu\/sklep\/radia\/radio-soundstream-reserve-hdhu-14-do-motocykli-harley-davidson\/#primaryimage\"},\"thumbnailUrl\":\"https:\/\/ha.dkonto.pl\/wp-content\/uploads\/2023\/02\/Motorcycle-Audio-HDHU-Headunit-Replacement-.jpeg\",\"datePublished\":\"2023-02-10T14:07:06+00:00\",\"dateModified\":\"2024-05-13T09:18:24+00:00\",\"description\":\"Soundstream Reserve HDHU.14+ To radio do Motocykli Harley-Davidson od 2014 roku w g\u00f3r\u0119. Idealny zamiennik dla oryginalnego radia.\",\"breadcrumb\":{\"@id\":\"https:\/\/motorcycle-audio.eu\/sklep\/radia\/radio-soundstream-reserve-hdhu-14-do-motocykli-harley-davidson\/#breadcrumb\"},\"inLanguage\":\"en-GB\",\"potentialAction\":[{\"@type\":\"ReadAction\",\"target\":[\"https:\/\/motorcycle-audio.eu\/sklep\/radia\/radio-soundstream-reserve-hdhu-14-do-motocykli-harley-davidson\/\"]}]},{\"@type\":\"ImageObject\",\"inLanguage\":\"en-GB\",\"@id\":\"https:\/\/motorcycle-audio.eu\/sklep\/radia\/radio-soundstream-reserve-hdhu-14-do-motocykli-harley-davidson\/#primaryimage\",\"url\":\"https:\/\/ha.dkonto.pl\/wp-content\/uploads\/2023\/02\/Motorcycle-Audio-HDHU-Headunit-Replacement-.jpeg\",\"contentUrl\":\"https:\/\/ha.dkonto.pl\/wp-content\/uploads\/2023\/02\/Motorcycle-Audio-HDHU-Headunit-Replacement-.jpeg\",\"width\":900,\"height\":900},{\"@type\":\"BreadcrumbList\",\"@id\":\"https:\/\/motorcycle-audio.eu\/sklep\/radia\/radio-soundstream-reserve-hdhu-14-do-motocykli-harley-davidson\/#breadcrumb\",\"itemListElement\":[{\"@type\":\"ListItem\",\"position\":1,\"name\":\"Strona g\u0142\u00f3wna\",\"item\":\"https:\/\/motorcycle-audio.eu\/\"},{\"@type\":\"ListItem\",\"position\":2,\"name\":\"Sklep\",\"item\":\"https:\/\/motorcycle-audio.eu\/sklep\/\"},{\"@type\":\"ListItem\",\"position\":3,\"name\":\"Radio Soundstream Reserve HDHU.14+ do motocykli Harley Davidson Road Glide, Street Glide, Electra Glide 2014+\"}]},{\"@type\":\"WebSite\",\"@id\":\"https:\/\/ha.dkonto.pl\/#website\",\"url\":\"https:\/\/ha.dkonto.pl\/\",\"name\":\"Mefiu Motorcycle Audio\",\"description\":\"Play it loud!\",\"publisher\":{\"@id\":\"https:\/\/ha.dkonto.pl\/#organization\"},\"potentialAction\":[{\"@type\":\"SearchAction\",\"target\":{\"@type\":\"EntryPoint\",\"urlTemplate\":\"https:\/\/ha.dkonto.pl\/?s={search_term_string}\"},\"query-input\":{\"@type\":\"PropertyValueSpecification\",\"valueRequired\":true,\"valueName\":\"search_term_string\"}}],\"inLanguage\":\"en-GB\"},{\"@type\":\"Organization\",\"@id\":\"https:\/\/ha.dkonto.pl\/#organization\",\"name\":\"Mefiu Motorcycle Audio\",\"url\":\"https:\/\/ha.dkonto.pl\/\",\"logo\":{\"@type\":\"ImageObject\",\"inLanguage\":\"en-GB\",\"@id\":\"https:\/\/ha.dkonto.pl\/#\/schema\/logo\/image\/\",\"url\":\"https:\/\/ha.dkonto.pl\/wp-content\/uploads\/2025\/05\/mefiu_logo.png\",\"contentUrl\":\"https:\/\/ha.dkonto.pl\/wp-content\/uploads\/2025\/05\/mefiu_logo.png\",\"width\":150,\"height\":150,\"caption\":\"Mefiu Motorcycle Audio\"},\"image\":{\"@id\":\"https:\/\/ha.dkonto.pl\/#\/schema\/logo\/image\/\"},\"sameAs\":[\"https:\/\/www.facebook.com\/HarleyDavidsonAudio\"]}]}<\/script>\n<!-- \/ Yoast SEO Premium plugin. -->","yoast_head_json":{"title":"Soundstream Reserve HDHU.14+ radio for Harley motorcycles","description":"The Soundstream Reserve HDHU.14+ is a radio for Harley-Davidson motorcycles from 2014 onwards. It's the perfect replacement for the original radio.","robots":{"index":"noindex","follow":"follow","max-snippet":"max-snippet:-1","max-image-preview":"max-image-preview:large","max-video-preview":"max-video-preview:-1"},"og_locale":"en_GB","og_type":"article","og_title":"Radio Soundstream Reserve HDHU.14+ do motocykli Harley Davidson Road Glide, Street Glide, Electra Glide 2014+","og_description":"Soundstream Reserve HDHU.14+ To radio do Motocykli Harley-Davidson od 2014 roku w g\u00f3r\u0119. Idealny zamiennik dla oryginalnego radia.","og_url":"https:\/\/motorcycle-audio.eu\/sklep\/radia\/radio-soundstream-reserve-hdhu-14-do-motocykli-harley-davidson\/","og_site_name":"Mefiu Motorcycle Audio","article_publisher":"https:\/\/www.facebook.com\/HarleyDavidsonAudio","article_modified_time":"2024-05-13T09:18:24+00:00","og_image":[{"width":900,"height":900,"url":"https:\/\/motorcycle-audio.eu\/wp-content\/uploads\/2023\/02\/Motorcycle-Audio-HDHU-Headunit-Replacement-.jpeg","type":"image\/jpeg"}],"twitter_card":"summary_large_image","twitter_misc":{"Est. reading time":"3 minutes"},"schema":{"@context":"https:\/\/schema.org","@graph":[{"@type":"WebPage","@id":"https:\/\/motorcycle-audio.eu\/sklep\/radia\/radio-soundstream-reserve-hdhu-14-do-motocykli-harley-davidson\/","url":"https:\/\/motorcycle-audio.eu\/sklep\/radia\/radio-soundstream-reserve-hdhu-14-do-motocykli-harley-davidson\/","name":"Soundstream Reserve HDHU.14+ radio for Harley motorcycles","isPartOf":{"@id":"https:\/\/ha.dkonto.pl\/#website"},"primaryImageOfPage":{"@id":"https:\/\/motorcycle-audio.eu\/sklep\/radia\/radio-soundstream-reserve-hdhu-14-do-motocykli-harley-davidson\/#primaryimage"},"image":{"@id":"https:\/\/motorcycle-audio.eu\/sklep\/radia\/radio-soundstream-reserve-hdhu-14-do-motocykli-harley-davidson\/#primaryimage"},"thumbnailUrl":"https:\/\/ha.dkonto.pl\/wp-content\/uploads\/2023\/02\/Motorcycle-Audio-HDHU-Headunit-Replacement-.jpeg","datePublished":"2023-02-10T14:07:06+00:00","dateModified":"2024-05-13T09:18:24+00:00","description":"The Soundstream Reserve HDHU.14+ is a radio for Harley-Davidson motorcycles from 2014 onwards. It's the perfect replacement for the original radio.","breadcrumb":{"@id":"https:\/\/motorcycle-audio.eu\/sklep\/radia\/radio-soundstream-reserve-hdhu-14-do-motocykli-harley-davidson\/#breadcrumb"},"inLanguage":"en-GB","potentialAction":[{"@type":"ReadAction","target":["https:\/\/motorcycle-audio.eu\/sklep\/radia\/radio-soundstream-reserve-hdhu-14-do-motocykli-harley-davidson\/"]}]},{"@type":"ImageObject","inLanguage":"en-GB","@id":"https:\/\/motorcycle-audio.eu\/sklep\/radia\/radio-soundstream-reserve-hdhu-14-do-motocykli-harley-davidson\/#primaryimage","url":"https:\/\/ha.dkonto.pl\/wp-content\/uploads\/2023\/02\/Motorcycle-Audio-HDHU-Headunit-Replacement-.jpeg","contentUrl":"https:\/\/ha.dkonto.pl\/wp-content\/uploads\/2023\/02\/Motorcycle-Audio-HDHU-Headunit-Replacement-.jpeg","width":900,"height":900},{"@type":"BreadcrumbList","@id":"https:\/\/motorcycle-audio.eu\/sklep\/radia\/radio-soundstream-reserve-hdhu-14-do-motocykli-harley-davidson\/#breadcrumb","itemListElement":[{"@type":"ListItem","position":1,"name":"Strona g\u0142\u00f3wna","item":"https:\/\/motorcycle-audio.eu\/"},{"@type":"ListItem","position":2,"name":"Sklep","item":"https:\/\/motorcycle-audio.eu\/sklep\/"},{"@type":"ListItem","position":3,"name":"Radio Soundstream Reserve HDHU.14+ do motocykli Harley Davidson Road Glide, Street Glide, Electra Glide 2014+"}]},{"@type":"WebSite","@id":"https:\/\/ha.dkonto.pl\/#website","url":"https:\/\/ha.dkonto.pl\/","name":"Mefiu Motorcycle Audio","description":"Play it loud!","publisher":{"@id":"https:\/\/ha.dkonto.pl\/#organization"},"potentialAction":[{"@type":"SearchAction","target":{"@type":"EntryPoint","urlTemplate":"https:\/\/ha.dkonto.pl\/?s={search_term_string}"},"query-input":{"@type":"PropertyValueSpecification","valueRequired":true,"valueName":"search_term_string"}}],"inLanguage":"en-GB"},{"@type":"Organization","@id":"https:\/\/ha.dkonto.pl\/#organization","name":"Mefiu Motorcycle Audio","url":"https:\/\/ha.dkonto.pl\/","logo":{"@type":"ImageObject","inLanguage":"en-GB","@id":"https:\/\/ha.dkonto.pl\/#\/schema\/logo\/image\/","url":"https:\/\/ha.dkonto.pl\/wp-content\/uploads\/2025\/05\/mefiu_logo.png","contentUrl":"https:\/\/ha.dkonto.pl\/wp-content\/uploads\/2025\/05\/mefiu_logo.png","width":150,"height":150,"caption":"Mefiu Motorcycle Audio"},"image":{"@id":"https:\/\/ha.dkonto.pl\/#\/schema\/logo\/image\/"},"sameAs":["https:\/\/www.facebook.com\/HarleyDavidsonAudio"]}]}},"jetpack_sharing_enabled":true,"_links":{"self":[{"href":"https:\/\/ha.dkonto.pl\/en\/wp-json\/wp\/v2\/product\/6974","targetHints":{"allow":["GET"]}}],"collection":[{"href":"https:\/\/ha.dkonto.pl\/en\/wp-json\/wp\/v2\/product"}],"about":[{"href":"https:\/\/ha.dkonto.pl\/en\/wp-json\/wp\/v2\/types\/product"}],"replies":[{"embeddable":true,"href":"https:\/\/ha.dkonto.pl\/en\/wp-json\/wp\/v2\/comments?post=6974"}],"version-history":[{"count":0,"href":"https:\/\/ha.dkonto.pl\/en\/wp-json\/wp\/v2\/product\/6974\/revisions"}],"wp:featuredmedia":[{"embeddable":true,"href":"https:\/\/ha.dkonto.pl\/en\/wp-json\/wp\/v2\/media\/7327"}],"wp:attachment":[{"href":"https:\/\/ha.dkonto.pl\/en\/wp-json\/wp\/v2\/media?parent=6974"}],"wp:term":[{"taxonomy":"product_cat","embeddable":true,"href":"https:\/\/ha.dkonto.pl\/en\/wp-json\/wp\/v2\/product_cat?post=6974"},{"taxonomy":"product_tag","embeddable":true,"href":"https:\/\/ha.dkonto.pl\/en\/wp-json\/wp\/v2\/product_tag?post=6974"}],"curies":[{"name":"wp","href":"https:\/\/api.w.org\/{rel}","templated":true}]}}